{"id":19208,"date":"2025-04-07T06:18:13","date_gmt":"2025-04-07T06:18:13","guid":{"rendered":"https:\/\/www.hydraulic-cylinders.net\/product\/boom-cylinder-for-xcmg-wheel-excavator-xe150w\/"},"modified":"2025-04-07T06:18:16","modified_gmt":"2025-04-07T06:18:16","slug":"boom-cylinder-for-xcmg-wheel-excavator-xe150w","status":"publish","type":"product","link":"https:\/\/www.hydraulic-cylinders.net\/lt\/produktas\/boom-cylinder-for-xcmg-wheel-excavator-xe150w\/","title":{"rendered":"XCMG ratinio ekskavatoriaus XE150W str\u0117l\u0117s cilindras"},"content":{"rendered":"<h1>XCMG ratinio ekskavatoriaus XE150W str\u0117l\u0117s cilindras<\/h1>\n<h2>Str\u0117l\u0117s cilindro ap\u017evalga<\/h2>\n<p>Str\u0117l\u0117s cilindras yra gyvybi\u0161kai svarbus hidraulini\u0173 sistem\u0173 komponentas, specialiai sukurtas valdyti str\u0117li\u0173 jud\u0117jim\u0105 \u012fvairiose sunkiosiose ma\u0161inose, tokiose kaip ekskavatoriai, ekskavatoriai ir frontaliniai krautuvai. Jis leid\u017eia str\u0117lei pakelti, nuleisti ir pakreipti, taip palengvindamas efektyv\u0173 med\u017eiag\u0173 tvarkym\u0105. Str\u0117l\u0117s cilindras yra hidraulinio cilindro tipas, kuris \u0161ioms funkcijoms atlikti naudoja hidraulinio skys\u010dio sl\u0117g\u012f, tod\u0117l jis yra b\u016btinas statybos ir \u017eem\u0117s \u016bkio technikos valdymui.<\/p>\n<p><img decoding=\"async\" src=\"https:\/\/www.hydraulic-cylinders.net\/wp-content\/uploads\/2025\/04\/songte-company-1.webp\" alt=\"Str\u0117l\u0117s cilindras\"><\/p>\n<h3>Funkcionalumas ir programos<\/h3>\n<p>Str\u0117l\u0117s cilindras atlieka labai svarb\u0173 vaidmen\u012f ekskavatoriaus hidraulin\u0117je sistemoje. Leisdamas str\u0117lei i\u0161skleisti ir susitraukti, jis suteikia reikiam\u0105 j\u0117g\u0105 efektyviai i\u0161kasti, kelti ir transportuoti med\u017eiagas. \u0160ie cilindrai yra skirti veikti esant auk\u0161tam sl\u0117giui, u\u017etikrinant jud\u0117jimo tikslum\u0105 ir stabilum\u0105 eksploatacijos metu. J\u0173 pritaikymas apima ne tik ekskavatorius, tod\u0117l jie yra nepakei\u010diami \u012fvairiose sunkiosiose ma\u0161inose.<\/p>\n<h2>Str\u0117l\u0117s cilindro savyb\u0117s<\/h2>\n<ul>\n<li><strong>Didelis stiprumas ir ilgaam\u017ei\u0161kumas:<\/strong> Pagamintas i\u0161 didelio stiprumo plieno arba aliuminio, str\u0117l\u0117s cilindras yra sukurtas taip, kad atlaikyt\u0173 auk\u0161t\u0105 sl\u0117g\u012f ir dideles apkrovas, tod\u0117l tinka at\u0161iaurioms darbo aplinkoms. Jo konstrukcija taip pat atsi\u017evelg\u0117 \u012f atsparum\u0105 dilimui ir apsaug\u0105 nuo korozijos, o tai pailgina jo tarnavimo laik\u0105.<\/li>\n<li><strong>Efektyvus hidraulinis valdymas:<\/strong> Cilindras naudoja hidraulin\u0117s alyvos sl\u0117g\u012f, kad skland\u017eiai i\u0161skleist\u0173 ir atitraukt\u0173, greitai reaguot\u0173 \u012f valdymo komandas ir u\u017etikrint\u0173 galing\u0105 st\u016bmimo bei traukimo j\u0117g\u0105, idealiai tinkan\u010di\u0105 sunkioms ir sud\u0117tingoms u\u017eduotims atlikti.<\/li>\n<li><strong>\u012evair\u016bs tipai:<\/strong> Galima rinktis vienpusio veikimo (hidraulinis veikimas viena kryptimi) arba dvipusio veikimo (hidraulinis veikimas abiem kryptimis) konfig\u016bracijas, kad atitikt\u0173 skirtingus eksploatacinius poreikius. Kai kurie modeliai yra teleskopiniai, tod\u0117l juos galima labiau i\u0161tiesti nedidinant i\u0161orini\u0173 matmen\u0173, tod\u0117l jie puikiai tinka naudoti ribotoje erdv\u0117je.<\/li>\n<\/ul>\n<h3>Gamybos paj\u0117gumai<\/h3>\n<p>M\u016bs\u0173 gaminiai gali puikiai pakeisti \u0161iuos hidraulinius cilindrus, u\u017etikrindami kokyb\u0119 ir na\u0161um\u0105, atitinkant\u012f pramon\u0117s standartus.<\/p>\n<p><img decoding=\"async\" src=\"https:\/\/www.hydraulic-cylinders.net\/wp-content\/uploads\/2025\/04\/songte-cylinder-head-with-all-kinds-excavator-models.webp\" alt=\"Str\u0117l\u0117s cilindro gamyba\"><\/p>\n<h2>Taikymo scenarijai<\/h2>\n<ul>\n<li><strong>Statybin\u0117 \u012franga:<\/strong> Ekskavatoriuose str\u0117l\u0117s cilindrai yra b\u016btini kasant, kraunant ir perkeliant grunt\u0105 ar \u0161iuk\u0161les. Jie leid\u017eia ekskavatoriui tiksliai atlikti \u012fvairias u\u017eduotis, pavyzd\u017eiui, kasti tran\u0161\u0117jas ir transportuoti med\u017eiagas.<\/li>\n<li><strong>Ekskavatoriniai krautuvai:<\/strong> Ekskavatori\u0173 krautuvuose str\u0117l\u0117s cilindras padeda tiek kasti, tiek kelti, taip padidindamas na\u0161um\u0105 ir efektyvum\u0105 statybose ir kra\u0161tovaizd\u017eio tvarkymo darbuose.<\/li>\n<li><strong>\u017dem\u0117s \u016bkio technika:<\/strong> Priekiniuose krautuvuose naudojami str\u0117l\u0117s cilindrai yra gyvybi\u0161kai svarb\u016bs dirvo\u017eemio, \u0161ieno ir kit\u0173 med\u017eiag\u0173 k\u0117limui, k\u0117limui ir transportavimui. J\u0173 tvirta konstrukcija palengvina \u017eem\u0117s \u016bkio darbus, kuriems reikia kelti sunkius krovinius.<\/li>\n<li><strong>Ekskavatoriaus funkcijos:<\/strong> The boom cylinder allows the excavator&#8217;s bucket to penetrate the soil, facilitating effective digging operations essential for construction projects.<\/li>\n<li><strong>Krautuvai:<\/strong> Priekiniuose krautuvuose str\u0117l\u0117s cilindrai u\u017etikrina reikiam\u0105 j\u0117g\u0105 kroviniams efektyviai kelti ir i\u0161versti, o tai yra labai svarbu tvarkant med\u017eiagas statybviet\u0117se.<\/li>\n<\/ul>\n<h2>Projektavimo aspektai ir atrankos kriterijai<\/h2>\n<h3>Keliamoji galia<\/h3>\n<p>Str\u0117l\u0117s cilindro keliamoji galia yra labai svarbus veiksnys, \u012f kur\u012f reikia atsi\u017evelgti. Jis turi atlaikyti maksimal\u0173 svor\u012f, numatom\u0105 eksploatacijos metu, nerizikuodamas sugesti. Konstrukcija tur\u0117t\u0173 u\u017etikrinti, kad cilindras i\u0161laikyt\u0173 stabilum\u0105 esant kintan\u010dioms apkrovoms, taip suma\u017einant avarij\u0173 rizik\u0105.<\/p>\n<h3>Sandarumo vientisumas<\/h3>\n<p>Efektyvus sandarinimas yra b\u016btinas siekiant i\u0161vengti hidraulinio skys\u010dio nuot\u0117ki\u0173, kurie gali suma\u017einti na\u0161um\u0105 ir sukelti pavoj\u0173. Sandarikliai tur\u0117t\u0173 b\u016bti parenkami atsi\u017evelgiant \u012f konkre\u010dias eksploatavimo s\u0105lygas, \u012fskaitant temperat\u016br\u0105 ir ter\u0161al\u0173 poveik\u012f.<\/p>\n<h3>Patvarumas<\/h3>\n<p>Patvarumas yra nepaprastai svarbus statyb\u0173 ir \u017eem\u0117s \u016bkio sektoriuose, kur \u012franga veikiama at\u0161iauriomis s\u0105lygomis. Pasirinkus med\u017eiagas, atsparias dilimui ir korozijai, pailg\u0117ja str\u0117l\u0117s cilindro tarnavimo laikas, u\u017etikrinant patikim\u0105 veikim\u0105 laikui b\u0117gant.<\/p>\n<h3>Saugos funkcijos<\/h3>\n<p>Siekiant i\u0161vengti nelaiming\u0173 atsitikim\u0173 eksploatacijos metu, \u012f str\u0117l\u0117s cilindro konstrukcij\u0105 tur\u0117t\u0173 b\u016bti integruotos saugos funkcijos. Tai apima apsauginius vo\u017etuvus ir sl\u0117gio ma\u017einimo sistemas, kurios apsaugo nuo perkrovos ir u\u017etikrina saug\u0173 sunki\u0173 krovini\u0173 tvarkym\u0105.<\/p>\n<h3>Prieinamumas prie prie\u017ei\u016bros<\/h3>\n<p>Konstrukcija tur\u0117t\u0173 u\u017etikrinti lengv\u0105 prieig\u0105 prie komponent\u0173 technin\u0117s prie\u017ei\u016bros tikslais. Reguliar\u016bs patikrinimai ir technin\u0117 prie\u017ei\u016bra yra labai svarb\u016bs norint pailginti hidraulinio cilindro tarnavimo laik\u0105 ir u\u017etikrinti optimal\u0173 veikim\u0105.<\/p>\n<p><img decoding=\"async\" src=\"https:\/\/www.hydraulic-cylinders.net\/wp-content\/uploads\/2025\/04\/songte-oil-pipes-and-spare-parts.webp\" alt=\"Hidraulini\u0173 cilindr\u0173 dalys\"><\/p>\n<h2>Sandarinimas ir tepimas<\/h2>\n<p>Efektyvus sandarinimas ir tepimas yra gyvybi\u0161kai svarb\u016bs str\u0117l\u0117s cilindr\u0173 veikimui. \u012evair\u016bs sandarinimo komponentai, tokie kaip st\u016bmokli\u0173 ir stryp\u0173 sandarikliai, naudojami siekiant u\u017etikrinti, kad hidraulinis skystis likt\u0173 cilindre. D\u0117l atsparumo dilimui pageidaujami sandarikliai, pagaminti i\u0161 patvari\u0173 med\u017eiag\u0173, toki\u0173 kaip poliuretanas ir nitrilo kau\u010diukas.<\/p>\n<p>Cilindro korpusas ir srieginiai galiniai pavir\u0161iai turi b\u016bti kruop\u0161\u010diai apdirbti, kad padid\u0117t\u0173 atsparumas dilimui. Be to, norint u\u017etikrinti skland\u0173 veikim\u0105 ir i\u0161vengti vidini\u0173 pa\u017eeidim\u0173 d\u0117l trinties, b\u016btina reguliariai tepti atitinkama hidrauline alyva.<\/p>\n<h2>Reguliarios patikros ir prevencin\u0117s prie\u017ei\u016bros priemon\u0117s<\/h2>\n<ul>\n<li><strong>Reguliar\u016bs patikrinimai:<\/strong> Atlikite reguliarius patikrinimus, kad nustatytum\u0117te susid\u0117v\u0117jimo ar pa\u017eeidimo po\u017eymius. Tai apima sandarikli\u0173 patikrinim\u0105, ar n\u0117ra nuot\u0117ki\u0173, ir vis\u0173 komponent\u0173 tinkamo veikimo u\u017etikrinim\u0105.<\/li>\n<li><strong>Tinkamas tepimas:<\/strong> \u012esitikinkite, kad hidraulin\u0117s alyvos lygis yra pakankamas ir kad naudojama alyva tinkama darbo s\u0105lygoms, siekiant i\u0161laikyti optimal\u0173 na\u0161um\u0105.<\/li>\n<li><strong>Sandariklio keitimas:<\/strong> Prireikus keiskite sandariklius, kad i\u0161vengtum\u0117te nuot\u0117ki\u0173 ir palaikytum\u0117te hidraulin\u012f sl\u0117g\u012f. Reguliar\u016bs patikrinimai gali pad\u0117ti nustatyti, kada sandarikliai pradeda gesti.<\/li>\n<\/ul>\n<h2>\u012erengimo gair\u0117s<\/h2>\n<p>Proper installation of the boom cylinder is crucial for its performance and longevity. Ensure that the mounting brackets are appropriately aligned and that the cylinder is securely fastened to prevent movement during operation. Utilize suitable mounting supports to stabilize the cylinder and follow the manufacturer&#8217;s specifications for torque settings.<\/p>\n<p>Montuodami atkreipkite d\u0117mes\u012f \u012f hidraulines jungtis, kad i\u0161vengtum\u0117te nuot\u0117ki\u0173. \u012esitikinkite, kad visos \u017earnos ir jungiamosios detal\u0117s yra tinkamai pritvirtintos ir patikrintos d\u0117l susid\u0117v\u0117jimo. Po montavimo patikrinkite sistem\u0105, kad \u012fsitikintum\u0117te, jog cilindras veikia taip, kaip numatyta, ir atlikite visus reikiamus reguliavimus.<\/p>\n<h2>\u012eprastos prie\u017ei\u016bros u\u017eduotys<\/h2>\n<ul>\n<li><strong>Reguliar\u016bs patikrinimai:<\/strong> Planuokite reguliarias patikras, kad nustatytum\u0117te nusid\u0117v\u0117jimo po\u017eymius ar galimas problemas. Toks iniciatyvus po\u017ei\u016bris padeda nustatyti problemas, kol jos dar nesuk\u0117l\u0117 rimt\u0173 gedim\u0173.<\/li>\n<li><strong>Tinkamas tepimas:<\/strong> \u012esitikinkite, kad cilindras yra tinkamai suteptas tinkama hidrauline alyva, kad b\u016bt\u0173 i\u0161vengta d\u0117l trinties atsirandan\u010dio susid\u0117v\u0117jimo ir b\u016bt\u0173 u\u017etikrintas sklandus veikimas.<\/li>\n<li><strong>Sandariklio keitimo ir kalibravimo patikrinimai:<\/strong> Reguliariai tikrinkite sandariklius, ar jie nepa\u017eeisti, ir prireikus juos pakeiskite. Kalibravimo patikrinimai taip pat b\u016btini siekiant u\u017etikrinti, kad cilindras veikt\u0173 nevir\u0161ijant nustatyt\u0173 rib\u0173.<\/li>\n<\/ul>\n<h2>Saugos aspektai ir aplinkos veiksniai<\/h2>\n<p>Naudojant str\u0117l\u0117s cilindrus, labai svarbu laikytis saugos priemoni\u0173, kad b\u016bt\u0173 apsaugoti operatoriai ir \u012franga. Tinkam\u0173 operatori\u0173 mokymo program\u0173 \u012fgyvendinimas u\u017etikrina, kad jie suprast\u0173 saug\u0173 ma\u0161in\u0173 valdym\u0105. Be to, \u0161varios darbo aplinkos palaikymas suma\u017eina i\u0161siliejimo ir nuot\u0117kio rizik\u0105, taip prisidedant prie saugesn\u0117s darbo vietos.<\/p>\n<h2>Da\u017eniausiai pasitaikan\u010di\u0173 problem\u0173 \u0161alinimas<\/h2>\n<ul>\n<li><strong>Nuot\u0117kis:<\/strong> Patikrinkite, ar n\u0117ra sandarikli\u0173 arba pa\u017eeist\u0173 jung\u010di\u0173. \u0160i\u0105 problem\u0105 galima i\u0161spr\u0119sti pakeitus susid\u0117v\u0117jusius sandariklius ir \u012fsitikinus, kad visos jungtys yra sandarios.<\/li>\n<li><strong>L\u0117tas jud\u0117jimas:<\/strong> Jei str\u0117l\u0117 veikia l\u0117tai, patikrinkite hidraulinio skys\u010dio lyg\u012f ir patikrinkite, ar hidraulin\u0117se linijose n\u0117ra u\u017esikim\u0161im\u0173.<\/li>\n<li><strong>Ne\u012fprasti garsai:<\/strong> \u0160lifavimo ar beldimo garsai gali rodyti vidinius pa\u017eeidimus. Labai svarbu nedelsiant sustabdyti veikim\u0105 ir ap\u017ei\u016br\u0117ti cilindr\u0105.<\/li>\n<\/ul>\n<h2>Trik\u010di\u0173 \u0161alinimo patarimai<\/h2>\n<p>Norint efektyviai diagnozuoti ir i\u0161spr\u0119sti str\u0117l\u0117s cilindro problemas, reguliariai steb\u0117kite jo veikim\u0105 ir atkreipkite d\u0117mes\u012f \u012f bet kokius veikimo poky\u010dius. Prevencin\u0117s priemon\u0117s, tokios kaip technin\u0117s prie\u017ei\u016bros grafik\u0173 laikymasis ir kokybi\u0161k\u0173 hidraulini\u0173 skys\u010di\u0173 naudojimas, gali pad\u0117ti suma\u017einti problem\u0173 tikimyb\u0119. Hidraulinio sl\u0117gio steb\u0117jimas ir reikiamas reguliavimas taip pat prisideda prie cilindro ilgaam\u017ei\u0161kumo.<\/p>\n<p><img decoding=\"async\" src=\"https:\/\/www.hydraulic-cylinders.net\/wp-content\/uploads\/2025\/04\/songte-bushings-with-all-kinds-of-excavator-models.webp\" alt=\"Str\u0117l\u0117s cilindro komponentai\"><\/p>\n<h2>\u012emon\u0117s ap\u017evalga<\/h2>\n<p>Esame pirmaujantis pakaitini\u0173 hidraulini\u0173 cilindr\u0173 gamintojas, si\u016blantis plat\u0173 gamini\u0173 asortiment\u0105, kuris \u012ftvirtino m\u016bs\u0173, kaip vieno i\u0161 pirmaujan\u010di\u0173 gamintoj\u0173 ir didmeninink\u0173, pozicij\u0105 tiek vidaus, tiek tarptautin\u0117se rinkose. M\u016bs\u0173 \u012fsipareigojimas siekti meistri\u0161kumo atsispindi rafinuotose gamybos strategijose, pa\u017eangi\u0173 technologij\u0173 ir kvalifikuot\u0173 specialist\u0173 naudojime.<\/p>\n<p>Mes teikiame pirmenyb\u0119 kokybei, naudodami auk\u0161\u010diausios klas\u0117s gamybos \u012frang\u0105 ir tvirt\u0105 kokyb\u0117s kontrol\u0117s sistem\u0105, kad u\u017etikrintume, jog m\u016bs\u0173 produktai atitikt\u0173 grie\u017etus pramon\u0117s standartus. M\u016bs\u0173 geb\u0117jimas pritaikyti sprendimus patenkina \u012fvairius klient\u0173 poreikius, o specializuotas garantinio aptarnavimo aptarnavimas sustiprina m\u016bs\u0173 \u012fsipareigojim\u0105 u\u017etikrinti klient\u0173 pasitenkinim\u0105.<\/p>\n<p><img decoding=\"async\" src=\"https:\/\/www.hydraulic-cylinders.net\/wp-content\/uploads\/2025\/04\/songte-company-4.webp\" alt=\"\u012emon\u0117s ap\u017evalga\"><br \/>\n<img decoding=\"async\" src=\"https:\/\/www.hydraulic-cylinders.net\/wp-content\/uploads\/2025\/04\/songte-company-3.webp\" alt=\"\u012emon\u0117s gamyba\"><\/p>\n<p>Autorius: lyl<\/p>","protected":false},"excerpt":{"rendered":"<p>Boom Cylinder For XCMG Wheel Excavator XE150W Overview of the Boom Cylinder The boom cylinder is a vital component in hydraulic systems, specifically designed to control the movement of booms in various heavy machinery, such as excavators, backhoes, and front loaders. It enables the boom to lift, lower, and tilt, facilitating efficient material handling tasks. [&hellip;]<\/p>","protected":false},"featured_media":17879,"comment_status":"open","ping_status":"closed","template":"","meta":{"_et_pb_use_builder":"","_et_pb_old_content":"","_et_gb_content_width":""},"product_brand":[],"product_cat":[1546],"product_tag":[1547,1496],"class_list":{"0":"post-19208","1":"product","2":"type-product","3":"status-publish","4":"has-post-thumbnail","6":"product_cat-boom-cylinders","7":"product_tag-boom-cylinders","8":"product_tag-hydraulic-cylinders","10":"first","11":"instock","12":"shipping-taxable","13":"product-type-simple"},"amp_enabled":true,"_links":{"self":[{"href":"https:\/\/www.hydraulic-cylinders.net\/lt\/wp-json\/wp\/v2\/product\/19208","targetHints":{"allow":["GET"]}}],"collection":[{"href":"https:\/\/www.hydraulic-cylinders.net\/lt\/wp-json\/wp\/v2\/product"}],"about":[{"href":"https:\/\/www.hydraulic-cylinders.net\/lt\/wp-json\/wp\/v2\/types\/product"}],"replies":[{"embeddable":true,"href":"https:\/\/www.hydraulic-cylinders.net\/lt\/wp-json\/wp\/v2\/comments?post=19208"}],"wp:featuredmedia":[{"embeddable":true,"href":"https:\/\/www.hydraulic-cylinders.net\/lt\/wp-json\/wp\/v2\/media\/17879"}],"wp:attachment":[{"href":"https:\/\/www.hydraulic-cylinders.net\/lt\/wp-json\/wp\/v2\/media?parent=19208"}],"wp:term":[{"taxonomy":"product_brand","embeddable":true,"href":"https:\/\/www.hydraulic-cylinders.net\/lt\/wp-json\/wp\/v2\/product_brand?post=19208"},{"taxonomy":"product_cat","embeddable":true,"href":"https:\/\/www.hydraulic-cylinders.net\/lt\/wp-json\/wp\/v2\/product_cat?post=19208"},{"taxonomy":"product_tag","embeddable":true,"href":"https:\/\/www.hydraulic-cylinders.net\/lt\/wp-json\/wp\/v2\/product_tag?post=19208"}],"curies":[{"name":"wp","href":"https:\/\/api.w.org\/{rel}","templated":true}]}}