{"id":19211,"date":"2025-04-07T06:18:21","date_gmt":"2025-04-07T06:18:21","guid":{"rendered":"https:\/\/www.hydraulic-cylinders.net\/product\/boom-cylinder-for-zoomlion-small-excavator-ze60e\/"},"modified":"2025-04-07T06:18:23","modified_gmt":"2025-04-07T06:18:23","slug":"boom-cylinder-for-zoomlion-small-excavator-ze60e","status":"publish","type":"product","link":"https:\/\/www.hydraulic-cylinders.net\/lt\/produktas\/boom-cylinder-for-zoomlion-small-excavator-ze60e\/","title":{"rendered":"Str\u0117l\u0117s cilindras, skirtas \u201eZoomlion\u201c ma\u017eam ekskavatoriui ZE60E"},"content":{"rendered":"<h1>Str\u0117l\u0117s cilindras, skirtas \u201eZoomlion\u201c ma\u017eam ekskavatoriui ZE60E<\/h1>\n<h2>Produkto ap\u017evalga<\/h2>\n<p>Str\u0117l\u0117s cilindras, skirtas ma\u017eam \u201eZoomlion\u201c ekskavatoriui ZE60E, yra labai svarbus ekskavatori\u0173 hidraulin\u0117s sistemos komponentas. Jis specialiai sukurtas str\u0117l\u0117s jud\u0117jimui valdyti, leid\u017eiant operatoriams efektyviai pakelti, nuleisti ir pakreipti str\u0117l\u0119. \u0160is hidraulinis cilindras atlieka svarb\u0173 vaidmen\u012f gerinant eksploatacinius rezultatus, ypa\u010d atliekant sunkias u\u017eduotis, susijusias su kasimu ir med\u017eiag\u0173 tvarkymu. Kau\u0161o cilindras daugiausia naudojamas \u012fvairiose sunkiosiose ma\u0161inose, \u012fskaitant ekskavatorius, ekskavatorinius krautuvus ir frontalinius krautuvus. Jis leid\u017eia tiksliai valdyti str\u0117l\u0117s judesius, palengvindamas efektyv\u0173 med\u017eiag\u0173 tvarkym\u0105.<\/p>\n<p><img decoding=\"async\" src=\"https:\/\/www.hydraulic-cylinders.net\/wp-content\/uploads\/2025\/04\/songte-company-1.webp\" alt=\"Str\u0117l\u0117s cilindras\"><\/p>\n<h3>Apibr\u0117\u017eimas ir funkcionalumas<\/h3>\n<p>Kau\u0161o cilindras yra hidraulinio cilindro tipas, b\u016btinas norint valdyti kau\u0161o jud\u0117jim\u0105 sunkiojoje technikoje. Jis leid\u017eia kau\u0161ui atlikti gyvybi\u0161kai svarbias funkcijas, tokias kaip k\u0117limas, nuleidimas ir pakreipimas, kurios yra labai svarbios efektyviam med\u017eiag\u0173 tvarkymui. Kau\u0161o cilindro veikimas priklauso nuo hidraulinio sl\u0117gio, kuris leid\u017eia skland\u017eiai ir greitai jud\u0117ti, o tai padidina na\u0161um\u0105 statybviet\u0117se. Tinkamas \u0161io cilindro veikimas yra labai svarbus efektyviam ekskavatori\u0173 darbui, nes jis tiesiogiai veikia kasimo gyl\u012f, pakrovimo gali\u0105 ir bendr\u0105 statybviet\u0117s na\u0161um\u0105.<\/p>\n<h2>Pagrindin\u0117s savyb\u0117s<\/h2>\n<ul>\n<li><strong>Didelis stiprumas ir ilgaam\u017ei\u0161kumas:<\/strong> Pagaminta i\u0161 didelio stiprumo plieno arba aliuminio, skirta atlaikyti auk\u0161t\u0105 sl\u0117g\u012f ir dideles apkrovas, prisitaikant prie at\u0161iauri\u0173 darbo s\u0105lyg\u0173.<\/li>\n<li><strong>Efektyvus hidraulinis valdymas:<\/strong> Naudoja hidraulin\u0117s alyvos sl\u0117g\u012f skland\u017eiam i\u0161st\u016bmimui ir \u012ftraukimui, u\u017etikrindamas greit\u0105 reagavim\u0105 \u012f valdymo komandas ir galingas st\u016bmimo bei traukimo j\u0117gas.<\/li>\n<li><strong>\u012evair\u016bs tipai:<\/strong> Galima rinktis i\u0161 vienpusio veikimo (veikian\u010di\u0173 viena kryptimi) arba dvipusio veikimo (veikian\u010di\u0173 dviem kryptimis) cilindr\u0173, kad atitikt\u0173 \u012fvairius eksploatacinius poreikius, o kai kurie modeliai turi teleskopines konstrukcijas, kad b\u016bt\u0173 pasiektas didesnis atstumas.<\/li>\n<li><strong>Universalios taikymo sritys:<\/strong> Idealiai tinka \u012fvairioms sunkiosios technikos reikm\u0117ms, u\u017etikrinant suderinamum\u0105 ir funkcionalum\u0105 tarp skirting\u0173 modeli\u0173.<\/li>\n<li><strong>Prie\u017ei\u016bra paprasta:<\/strong> Sukurtas lengvai prie\u017ei\u016brai su lengvai prieinamais komponentais, u\u017etikrinant ilg\u0105 tarnavimo laik\u0105 ir optimal\u0173 veikim\u0105.<\/li>\n<\/ul>\n<p>Mes galime pagaminti \u0161\u012f produkt\u0105, o m\u016bs\u0173 si\u016blomi produktai gali puikiai pakeisti \u0161iuos hidraulinius cilindrus.<\/p>\n<p><img decoding=\"async\" src=\"https:\/\/www.hydraulic-cylinders.net\/wp-content\/uploads\/2025\/04\/songte-cylinder-head-with-all-kinds-excavator-models.webp\" alt=\"Ekskavatoriaus cilindr\u0173 modeliai\"><\/p>\n<h2>Parai\u0161kos<\/h2>\n<h3>Statybin\u0117 \u012franga<\/h3>\n<p>Statybin\u0117se ma\u0161inose str\u0117l\u0117s cilindras yra neatsiejama ekskavatori\u0173 dalis, palengvinanti tokias pagrindines operacijas kaip kasimas, krovimas ir grunto ar \u0161iuk\u0161li\u0173 perk\u0117limas. \u0160ie cilindrai u\u017etikrina tiksl\u0173 valdym\u0105 ir manevringum\u0105, u\u017etikrindami efektyv\u0173 med\u017eiag\u0173 tvarkym\u0105 statybos projekt\u0173 metu. Str\u0117l\u0117s cilindro efektyvumas tiesiogiai veikia kasimo darb\u0173 greit\u012f ir kokyb\u0119, tod\u0117l jis yra b\u016btinas atliekant sunkius statybos darbus.<\/p>\n<h3>\u017dem\u0117s \u016bkio technika<\/h3>\n<p>\u017dem\u0117s \u016bkio aplinkoje str\u0117l\u0117s cilindrai naudojami priekiniuose krautuvuose tokioms u\u017eduotims kaip kasimas, k\u0117limas ir dirvo\u017eemio, \u0161ieno ir kit\u0173 med\u017eiag\u0173 transportavimas. Tikslus \u0161i\u0173 cilindr\u0173 valdymas leid\u017eia \u016bkininkams efektyviai valdyti birias med\u017eiagas, didinant na\u0161um\u0105 ir efektyvum\u0105 \u016bkininkavimo operacijose. Geb\u0117jimas dirbti esant skirtingoms apkrovoms ir s\u0105lygoms daro str\u0117l\u0117s cilindrus nepakei\u010diamu \u012frankiu \u0161iuolaikiniame \u017eem\u0117s \u016bkyje.<\/p>\n<h3>Ekskavatoriai<\/h3>\n<p>Ekskavatoriuose str\u0117l\u0117s cilindras yra atsakingas u\u017e kasimo veiksm\u0105, leisdamas kau\u0161ui \u012fsiskverbti \u012f dirv\u0105. \u0160i funkcija yra labai svarbi atliekant \u012fvairius kasimo darbus, \u012fskaitant tran\u0161\u0117j\u0173 kasim\u0105 ir aik\u0161tel\u0117s paruo\u0161im\u0105. Kau\u0161o cilindro teikiama hidraulin\u0117 valdymo sistema padidina ekskavatoriaus efektyvum\u0105 ir na\u0161um\u0105, leisdama operatoriams lengvai pasiekti norim\u0105 gyl\u012f ir tvarkyti med\u017eiagas.<\/p>\n<h3>Krautuvai<\/h3>\n<p>Priekiniuose krautuvuose str\u0117l\u0117s cilindrai padeda efektyviai kelti ir i\u0161versti krovinius. Tikslus str\u0117l\u0117s valdymas pagerina krautuvo geb\u0117jim\u0105 valdyti sunkias med\u017eiagas, u\u017etikrinant, kad i\u0161vertimo ir k\u0117limo u\u017eduotys b\u016bt\u0173 atliekamos efektyviai. Tvirta \u0161i\u0173 cilindr\u0173 konstrukcija garantuoja patikimum\u0105 sud\u0117tingose \u200b\u200bkrovimo srityse.<\/p>\n<h2>Dizaino aspektai<\/h2>\n<h3>Keliamoji galia<\/h3>\n<p>Projektuojant str\u0117l\u0117s cilindrus, keliamoji galia yra labai svarbus veiksnys. \u0160is aspektas u\u017etikrina, kad cilindras gal\u0117t\u0173 atlaikyti maksimal\u0173 svor\u012f, su kuriuo susidurs eksploatacijos metu, be gedim\u0173. In\u017einieriai turi apskai\u010diuoti numatomas apkrovas ir taikyti saugos koeficientus, kad u\u017etikrint\u0173, jog cilindras patikimai veikt\u0173 sunkiomis s\u0105lygomis.<\/p>\n<h3>Sandarinimas<\/h3>\n<p>Efektyvus sandarinimas yra b\u016btinas norint palaikyti hidraulin\u012f sl\u0117g\u012f cilindre. Auk\u0161tos kokyb\u0117s sandarikliai apsaugo nuo nuot\u0117ki\u0173 ir u\u017etikrina efektyv\u0173 hidraulin\u0117s sistemos veikim\u0105. Siekiant pagerinti na\u0161um\u0105 ir ilgaam\u017ei\u0161kum\u0105, taip suma\u017einant technin\u0117s prie\u017ei\u016bros poreiki\u0173 da\u017enum\u0105, naudojami \u012fvair\u016bs sandarinimo mechanizmai, \u012fskaitant st\u016bmoklio ir koto sandariklius.<\/p>\n<h3>Patvarumas<\/h3>\n<p>Patvarumas yra pagrindinis str\u0117l\u0117s cilindr\u0173 projektavimo aspektas. Jie turi atlaikyti at\u0161iaurias darbo s\u0105lygas ir b\u016bti atspar\u016bs nusid\u0117v\u0117jimui d\u0117l nuolatinio jud\u0117jimo ir aplinkos poveikio. Didelio stiprumo med\u017eiag\u0173 ir dang\u0173 naudojimas prailgina cilindro tarnavimo laik\u0105, tod\u0117l jis yra patikimas pasirinkimas sunkiosios technikos darbams.<\/p>\n<h3>Saugumas<\/h3>\n<p>Projektuojant str\u0117l\u0117s cilindrus, negalima ignoruoti saugos aspekt\u0173. Tokios funkcijos kaip sl\u0117gio ma\u017einimo vo\u017etuvai ir apsaugos nuo perkrovos mechanizmai yra integruotos siekiant i\u0161vengti katastrofi\u0161k\u0173 gedim\u0173. Saugos u\u017etikrinimas eksploatacijos metu ne tik apsaugo \u012frang\u0105, bet ir operatorius bei darbuotojus objekte.<\/p>\n<h3>Prie\u017ei\u016bra<\/h3>\n<p>Projektuojant atsi\u017evelgiant \u012f technin\u0119 prie\u017ei\u016br\u0105, labai svarbu u\u017etikrinti, kad str\u0117l\u0117s cilindrus b\u016bt\u0173 galima lengvai pri\u017ei\u016br\u0117ti. In\u017einieriai atsi\u017evelgia \u012f komponent\u0173 prieinamum\u0105, tepimo paprastum\u0105 ir galimyb\u0119 pakeisti sandariklius bei kitas dalis be didelio i\u0161montavimo. \u0160is d\u0117mesys techninei prie\u017ei\u016brai u\u017etikrina efektyv\u0173 mechanizm\u0173 veikim\u0105 ir suma\u017eina prastovas.<\/p>\n<p><img decoding=\"async\" src=\"https:\/\/www.hydraulic-cylinders.net\/wp-content\/uploads\/2025\/04\/songte-oil-pipes-and-spare-parts.webp\" alt=\"Hidrauliniai komponentai\"><\/p>\n<h2>Sandarinimas ir tepimas<\/h2>\n<p>Hidrauliniame cilindre naudojami \u012fvair\u016bs sandarinimo komponentai, tokie kaip st\u016bmoklio ir koto sandarikliai, siekiant palaikyti sl\u0117g\u012f ir i\u0161vengti skys\u010dio nuot\u0117kio. Sandarikliai, pagaminti i\u0161 patvari\u0173 med\u017eiag\u0173, toki\u0173 kaip poliuretanas ir nitrilo kau\u010diukas, parenkami d\u0117l j\u0173 atsparumo dilimui. Be to, cilindro korpusas ir srieginiai galiniai pavir\u0161iai yra kruop\u0161\u010diai apdirbami, siekiant padidinti atsparum\u0105 dilimui. Reguliarus tepimas hidrauline alyva yra b\u016btinas norint u\u017etikrinti skland\u0173 veikim\u0105 ir i\u0161vengti per didelio sandarikli\u0173 ir judan\u010di\u0173 dali\u0173 susid\u0117v\u0117jimo.<\/p>\n<h2>Prevencin\u0117s prie\u017ei\u016bros priemon\u0117s<\/h2>\n<ul>\n<li><strong>Reguliar\u016bs patikrinimai:<\/strong> Reguliariai tikrinkite hidraulinius komponentus, ar n\u0117ra susid\u0117v\u0117jimo ar pa\u017eeidim\u0173 po\u017eymi\u0173. Laiku nustatant galimas problemas galima i\u0161vengti brangaus remonto ir u\u017etikrinti optimal\u0173 na\u0161um\u0105.<\/li>\n<li><strong>Tinkamas tepimas:<\/strong> Palaikykite tinkam\u0105 hidraulin\u0117s sistemos tepimo lyg\u012f, kad suma\u017eintum\u0117te trint\u012f ir komponent\u0173 susid\u0117v\u0117jim\u0105, taip pailgindami gaminio tarnavimo laik\u0105.<\/li>\n<li><strong>Sandariklio keitimas:<\/strong> Steb\u0117kite sandarikli\u0173 b\u016bkl\u0119 ir prireikus juos pakeiskite, kad i\u0161vengtum\u0117te nuot\u0117ki\u0173 ir i\u0161laikytum\u0117te hidraulin\u012f efektyvum\u0105.<\/li>\n<\/ul>\n<h2>\u012erengimo gair\u0117s<\/h2>\n<p>Teisingas str\u0117l\u0117s cilindro montavimas yra labai svarbus na\u0161umui ir ilgaam\u017ei\u0161kumui. Pirmiausia atid\u017eiai perskaitykite gamintojo montavimo vadov\u0105 ir \u012fsitikinkite, kad turite visus reikalingus \u012frankius bei \u012frang\u0105. Tinkamai sulygiuokite cilindr\u0105 su tvirtinimo laikikliais, u\u017etikrindami, kad jis b\u016bt\u0173 tvirtai pritvirtintas ir be joki\u0173 kli\u016b\u010di\u0173, kurios gal\u0117t\u0173 trukdyti darbui. Visiems var\u017etams ir jungiamosioms detal\u0117ms pritaikykite tinkamus sukimo momentus, kad jos neatsilaisvint\u0173 darbo metu. Prie\u0161 prad\u0117dami naudoti, patikrinkite, ar hidraulin\u0117s jungtys n\u0117ra sandarios. Be to, \u012fsitikinkite, kad hidraulin\u0117 sistema yra tinkamai i\u0161leista i\u0161 oro, kad b\u016bt\u0173 i\u0161vengta neefektyvaus veikimo. Po montavimo reguliariai tikrinkite cilindro lygiavim\u0105 ir b\u016bkl\u0119, kad i\u0161laikytum\u0117te optimal\u0173 veikim\u0105.<\/p>\n<h2>\u012eprastos prie\u017ei\u016bros u\u017eduotys<\/h2>\n<ul>\n<li><strong>Reguliar\u016bs patikrinimai:<\/strong> Suplanuokite \u012fprastinius patikrinimus, kad nustatytum\u0117te bet kokius susid\u0117v\u0117jimo, nuot\u0117kio ar pa\u017eeidimo po\u017eymius, kad gal\u0117tum\u0117te laiku atlikti remont\u0105 ir technin\u0119 prie\u017ei\u016br\u0105.<\/li>\n<li><strong>Tinkamas tepimas:<\/strong> U\u017etikrinkite tinkam\u0105 judan\u010di\u0173 dali\u0173 sutepim\u0105, kad suma\u017eintum\u0117te trint\u012f, pagerintum\u0117te na\u0161um\u0105 ir pailgintum\u0117te hidraulin\u0117s sistemos tarnavimo laik\u0105.<\/li>\n<li><strong>Sandariklio keitimas:<\/strong> Steb\u0117kite sandarikli\u0173 b\u016bkl\u0119 ir prireikus juos keiskite, kad i\u0161laikytum\u0117te hidraulin\u012f efektyvum\u0105 ir i\u0161vengtum\u0117te nuot\u0117ki\u0173.<\/li>\n<\/ul>\n<p>Tinkamas montavimas, tepimas ir reguliavimas yra labai svarb\u016bs siekiant u\u017etikrinti str\u0117l\u0117s cilindro ilgaam\u017ei\u0161kum\u0105 ir efektyvum\u0105. Montuojant b\u016btina teisingai sulygiuoti cilindr\u0105 ir naudoti tinkamus tvirtinimo laikiklius, kad jis tvirtai pritvirtint\u0173. Siekiant u\u017etikrinti optimal\u0173 veikim\u0105, reikia kruop\u0161\u010diai laikytis rekomenduojam\u0173 patikrinimo, remonto ir keitimo proced\u016br\u0173.<\/p>\n<p><img decoding=\"async\" src=\"https:\/\/www.hydraulic-cylinders.net\/wp-content\/uploads\/2025\/04\/songte-chushion-collar.webp\" alt=\"Pagalv\u0117l\u0117s apykakl\u0117\"><\/p>\n<h2>Saugos aspektai ir aplinkos veiksniai<\/h2>\n<p>Dirbant su hidraulin\u0117mis sistemomis, saugos priemon\u0117s yra nepaprastai svarbios. Operatoriai tur\u0117t\u0173 b\u016bti apmokyti saugi\u0173 darbo proced\u016br\u0173 ir \u017einoti apie galimus pavojus, susijusius su hidraulini\u0173 cilindr\u0173 naudojimu. Privaloma d\u0117v\u0117ti tinkamas apsaugines priemones, o darbo zonose turi b\u016bti \u012frengtos saugos u\u017etvaros. Be to, aplinkos veiksniai vaidina svarb\u0173 vaidmen\u012f renkantis hidraulini\u0173 komponent\u0173 med\u017eiagas, siekiant u\u017etikrinti, kad jie atlaikyt\u0173 \u012fvairias s\u0105lygas nepakenkiant na\u0161umui.<\/p>\n<h2>Gedim\u0173 diagnostika ir da\u017eniausios problemos<\/h2>\n<ul>\n<li><strong>Nuot\u0117kis:<\/strong> Hidraulinio skys\u010dio nuot\u0117ki\u0173 nustatymas ir \u0161alinimas yra labai svarb\u016bs norint i\u0161laikyti sistemos efektyvum\u0105. Da\u017eniausios prie\u017eastys yra pa\u017eeisti sandarikliai arba jungiamosios detal\u0117s, \u012f kurias reikia nedelsiant atkreipti d\u0117mes\u012f.<\/li>\n<li><strong>Prastas na\u0161umas:<\/strong> Jei cilindras nereaguoja taip, kaip tik\u0117tasi, patikrinkite hidraulinio skys\u010dio lyg\u012f, ar sistemoje n\u0117ra oro, ar n\u0117ra galim\u0173 u\u017esikim\u0161im\u0173 linijose.<\/li>\n<li><strong>Keisti garsai:<\/strong> Ne\u012fprasti garsai i\u0161 cilindro gali rodyti vidines problemas arba nepakankam\u0105 tepim\u0105, tod\u0117l reikia nedelsiant j\u012f patikrinti.<\/li>\n<\/ul>\n<p>Teikiant rekomendacijas d\u0117l gedim\u0173 diagnostikos ir \u0161alinimo, galima gerokai padidinti veiklos efektyvum\u0105. Reguliar\u016bs technin\u0117s prie\u017ei\u016bros patikrinimai ir problem\u0173 sprendimas joms i\u0161kilus gali pad\u0117ti i\u0161vengti didesni\u0173 problem\u0173 ateityje. Prevencini\u0173 priemoni\u0173 \u012fgyvendinimas gali su\u0161velninti galimas komplikacijas, u\u017etikrinant skland\u0173 ir patikim\u0105 veikim\u0105.<\/p>\n<p><img decoding=\"async\" src=\"https:\/\/www.hydraulic-cylinders.net\/wp-content\/uploads\/2025\/04\/songte-bushings-with-all-kinds-of-excavator-models.webp\" alt=\"Ekskavatori\u0173 modeli\u0173 \u012fvor\u0117s\"><\/p>\n<h2>\u012emon\u0117s ap\u017evalga<\/h2>\n<p>Esame pakaitini\u0173 hidraulini\u0173 cilindr\u0173 gamintojas, si\u016blantis plat\u0173 gamini\u0173 asortiment\u0105, kuris mus pozicionuoja kaip vienus i\u0161 pirmaujan\u010di\u0173 hidraulini\u0173 cilindr\u0173 gamintoj\u0173 ir didmeninink\u0173 tiek vidaus, tiek tarptautin\u0117se rinkose. M\u016bs\u0173 \u012fsipareigojimas siekti meistri\u0161kumo grind\u017eiamas rafinuotomis gamybos strategijomis, auk\u0161\u010diausios klas\u0117s gamybos \u012frangos naudojimu ir profesionaliomis bandym\u0173 sistemomis, siekiant padidinti m\u016bs\u0173 gamybos paj\u0117gumus.<\/p>\n<p>M\u016bs\u0173 \u012fmon\u0117 daugiausia d\u0117mesio skiria ne tik auk\u0161tos kokyb\u0117s gamini\u0173 k\u016brimui, bet ir individuali\u0173 sprendim\u0173, pritaikyt\u0173 konkretiems klient\u0173 poreikiams, teikimui. Turime tarptautinius sertifikatus, kad u\u017etikrintume, jog m\u016bs\u0173 gaminiai atitinka grie\u017etus kokyb\u0117s standartus. Didel\u0117s investicijos \u012f pa\u017eangi\u0105 gamybos \u012frang\u0105 ir technologijas leid\u017eia mums gaminti didelio efektyvumo, tikslumo ir kokyb\u0117s hidraulinius cilindrus, kad patenkintume \u012fvairius klient\u0173 poreikius.<\/p>\n<p><img decoding=\"async\" src=\"https:\/\/www.hydraulic-cylinders.net\/wp-content\/uploads\/2025\/04\/songte-company-4.webp\" alt=\"\u012emon\u0117s ap\u017evalga\"><br \/>\n<img decoding=\"async\" src=\"https:\/\/www.hydraulic-cylinders.net\/wp-content\/uploads\/2025\/04\/songte-company-3.webp\" alt=\"Gamybos \u012frenginys\"><\/p>\n<p>Autorius: lyl<\/p>","protected":false},"excerpt":{"rendered":"<p>Boom Cylinder For Zoomlion Small Excavator ZE60E Product Overview The Boom Cylinder for the Zoomlion Small Excavator ZE60E is a crucial component in the hydraulic system of excavators. It is specifically designed to control the movement of the boom, allowing operators to lift, lower, and tilt the boom efficiently. This hydraulic cylinder plays a significant [&hellip;]<\/p>","protected":false},"featured_media":17867,"comment_status":"open","ping_status":"closed","template":"","meta":{"_et_pb_use_builder":"","_et_pb_old_content":"","_et_gb_content_width":""},"product_brand":[],"product_cat":[1546],"product_tag":[1547,1496],"class_list":{"0":"post-19211","1":"product","2":"type-product","3":"status-publish","4":"has-post-thumbnail","6":"product_cat-boom-cylinders","7":"product_tag-boom-cylinders","8":"product_tag-hydraulic-cylinders","10":"first","11":"instock","12":"shipping-taxable","13":"product-type-simple"},"amp_enabled":true,"_links":{"self":[{"href":"https:\/\/www.hydraulic-cylinders.net\/lt\/wp-json\/wp\/v2\/product\/19211","targetHints":{"allow":["GET"]}}],"collection":[{"href":"https:\/\/www.hydraulic-cylinders.net\/lt\/wp-json\/wp\/v2\/product"}],"about":[{"href":"https:\/\/www.hydraulic-cylinders.net\/lt\/wp-json\/wp\/v2\/types\/product"}],"replies":[{"embeddable":true,"href":"https:\/\/www.hydraulic-cylinders.net\/lt\/wp-json\/wp\/v2\/comments?post=19211"}],"wp:featuredmedia":[{"embeddable":true,"href":"https:\/\/www.hydraulic-cylinders.net\/lt\/wp-json\/wp\/v2\/media\/17867"}],"wp:attachment":[{"href":"https:\/\/www.hydraulic-cylinders.net\/lt\/wp-json\/wp\/v2\/media?parent=19211"}],"wp:term":[{"taxonomy":"product_brand","embeddable":true,"href":"https:\/\/www.hydraulic-cylinders.net\/lt\/wp-json\/wp\/v2\/product_brand?post=19211"},{"taxonomy":"product_cat","embeddable":true,"href":"https:\/\/www.hydraulic-cylinders.net\/lt\/wp-json\/wp\/v2\/product_cat?post=19211"},{"taxonomy":"product_tag","embeddable":true,"href":"https:\/\/www.hydraulic-cylinders.net\/lt\/wp-json\/wp\/v2\/product_tag?post=19211"}],"curies":[{"name":"wp","href":"https:\/\/api.w.org\/{rel}","templated":true}]}}