{"id":19212,"date":"2025-04-07T06:18:23","date_gmt":"2025-04-07T06:18:23","guid":{"rendered":"https:\/\/www.hydraulic-cylinders.net\/product\/boom-cylinder-for-zoomlion-small-excavator-ze85e\/"},"modified":"2025-04-07T06:18:26","modified_gmt":"2025-04-07T06:18:26","slug":"boom-cylinder-for-zoomlion-small-excavator-ze85e","status":"publish","type":"product","link":"https:\/\/www.hydraulic-cylinders.net\/lt\/produktas\/boom-cylinder-for-zoomlion-small-excavator-ze85e\/","title":{"rendered":"Str\u0117l\u0117s cilindras, skirtas \u201eZoomlion\u201c ma\u017eam ekskavatoriui ZE85E"},"content":{"rendered":"<h1>Str\u0117l\u0117s cilindras, skirtas \u201eZoomlion\u201c ma\u017eam ekskavatoriui ZE85E<\/h1>\n<h2>Str\u0117l\u0117s cilindro supratimas<\/h2>\n<h3>Apibr\u0117\u017eimas ir ap\u017evalga<\/h3>\n<p>Str\u0117l\u0117s cilindras yra labai svarbus hidraulinis komponentas, specialiai sukurtas sunkiosios technikos, ypa\u010d toki\u0173 ekskavatori\u0173 kaip \u201eZoomlion Small Excavator ZE85E\u201c, str\u0117l\u0117s jud\u0117jimui valdyti. \u0160is hidraulinis cilindras leid\u017eia str\u0117l\u0119 pakelti, nuleisti ir pakreipti, taip palengvindamas efektyv\u0173 med\u017eiag\u0173 tvarkym\u0105. Jis atlieka gyvybi\u0161kai svarb\u0173 vaidmen\u012f hidraulin\u0117je sistemoje, paversdamas hidraulinio skys\u010dio energij\u0105 mechanine j\u0117ga, kad b\u016bt\u0173 galima patikimai ir efektyviai atlikti \u012fvairias operacijas.<\/p>\n<p>Kaip hidraulinis cilindras, jis veikia pagal skys\u010di\u0173 mechanikos principus, kai \u012f cilindr\u0105 nukreipiama susl\u0117gta hidraulin\u0117 alyva, kad b\u016bt\u0173 sukurtas jud\u0117jimas. Tai leid\u017eia operatoriams tiksliai valdyti ekskavatoriaus str\u0117l\u0119, tod\u0117l ji yra b\u016btina atliekant tokias u\u017eduotis kaip kasimas, k\u0117limas ir med\u017eiag\u0173 transportavimas. Str\u0117l\u0117s cilindro konstrukcija ir funkcionalumas yra labai svarb\u016bs bendram ekskavatoriaus na\u0161umui ir efektyvumui \u012fvairiose srityse.<\/p>\n<p><img decoding=\"async\" src=\"https:\/\/www.hydraulic-cylinders.net\/wp-content\/uploads\/2025\/04\/songte-company-1.webp\" alt=\"Ekskavatori\u0173 str\u0117l\u0117s cilindras\" \/><\/p>\n<h2>Produkto savyb\u0117s<\/h2>\n<ul>\n<li><strong>Didelis stiprumas ir ilgaam\u017ei\u0161kumas:<\/strong> Pagamintas i\u0161 didelio stiprumo plieno arba aliuminio, str\u0117l\u0117s cilindras gali atlaikyti auk\u0161t\u0105 sl\u0117g\u012f ir dideles apkrovas, u\u017etikrindamas atsparum\u0105 at\u0161iauriomis darbo s\u0105lygomis. Jo konstrukcija apima atsparum\u0105 dilimui ir korozijai, tod\u0117l pailg\u0117ja jo tarnavimo laikas.<\/li>\n<li><strong>Efektyvus hidraulinis valdymas:<\/strong> Cilindras naudoja hidraulinio skys\u010dio sl\u0117g\u012f, kad skland\u017eiai i\u0161skleist\u0173 ir atitraukt\u0173, greitai reaguodamas \u012f veikimo komandas ir u\u017etikrindamas stipri\u0105 traukimo bei st\u016bmimo j\u0117g\u0105, reikaling\u0105 sunkioms ir sud\u0117tingoms u\u017eduotims.<\/li>\n<li><strong>\u012evair\u016bs tipai:<\/strong> Galima \u012fsigyti vienpusio veikimo (veikia viena kryptimi) arba dvipusio veikimo (veikia abiem kryptimis) konfig\u016bracij\u0173, kad atitikt\u0173 \u012fvairius eksploatacinius poreikius. Kai kurie modeliai yra teleskopiniai, tod\u0117l juos galima labiau i\u0161tiesti nedidinant i\u0161orini\u0173 matmen\u0173, tod\u0117l jie idealiai tinka naudoti ribotoje erdv\u0117je.<\/li>\n<li><strong>Tikslioji in\u017einerija:<\/strong> Kiekvienas cilindras yra suprojektuotas laikantis grie\u017et\u0173 tolerancij\u0173 ir i\u0161 auk\u0161tos kokyb\u0117s med\u017eiag\u0173, u\u017etikrinant patikim\u0105 veikim\u0105 sud\u0117tingomis s\u0105lygomis.<\/li>\n<li><strong>Suderinamumas su \u012fvairiais modeliais:<\/strong> M\u016bs\u0173 gaminiai gali puikiai pakeisti \u012fvairius hidraulinius cilindrus, u\u017etikrindami skland\u0173 integravim\u0105 ir veikim\u0105 su esama technika.<\/li>\n<\/ul>\n<p><img decoding=\"async\" src=\"https:\/\/www.hydraulic-cylinders.net\/wp-content\/uploads\/2025\/04\/songte-cylinder-head-with-all-kinds-excavator-models.webp\" alt=\"Ekskavatoriaus cilindr\u0173 modeliai\" \/><\/p>\n<h2>Str\u0117l\u0117s cilindro pritaikymas<\/h2>\n<h3>Statybin\u0117 \u012franga<\/h3>\n<p>Statybin\u0117je \u012frangoje, tokioje kaip ekskavatoriai, str\u0117l\u0117s cilindrai yra b\u016btini kasant, kraunant ir perkeliant grunt\u0105 ar \u0161iuk\u0161les. Jie suteikia reikiam\u0105 j\u0117g\u0105 kasti \u012f \u017eem\u0119 ir pakelti sunkias med\u017eiagas, tod\u0117l yra nepakei\u010diami statybos projektuose. Ekskavatoriuose-krautuvuose str\u0117l\u0117s cilindrai padeda tiek kasant, tiek keliant, taip padidindami ma\u0161inos universalum\u0105.<\/p>\n<h3>\u017dem\u0117s \u016bkio technika<\/h3>\n<p>\u017dem\u0117s \u016bkio technikoje str\u0117l\u0117s cilindrai naudojami priekiniuose krautuvuose dirvo\u017eemiui, \u0161ienui ir kitoms med\u017eiagoms semti, kelti ir transportuoti. \u0160i galimyb\u0117 yra gyvybi\u0161kai svarbi efektyviam \u016bkio darbui, nes palengvina tokias u\u017eduotis kaip sunkve\u017eimi\u0173 pakrovimas ar preki\u0173 perk\u0117limas \u016bkyje.<\/p>\n<h3>Ekskavatoriai<\/h3>\n<p>Ekskavatoriuose str\u0117l\u0117s cilindras leid\u017eia atlikti kasimo judes\u012f, leisdamas kau\u0161ui efektyviai \u012fsiskverbti \u012f dirv\u0105. \u0160i funkcija yra labai svarbi atliekant \u012fvairias u\u017eduotis \u2013 nuo \u200b\u200btran\u0161\u0117j\u0173 kasimo iki lyginimo, tod\u0117l str\u0117l\u0117s cilindrai yra pagrindinis \u0161iuolaikini\u0173 kasimo metod\u0173 komponentas.<\/p>\n<h3>Krautuvai<\/h3>\n<p>Priekiniuose krautuvuose str\u0117l\u0117s cilindrai padeda efektyviai pakelti ir i\u0161versti krovinius. Jie valdo kau\u0161\u0105, kad med\u017eiagos b\u016bt\u0173 perkeltos greitai ir efektyviai, o tai labai svarbu pakrovimo ir i\u0161krovimo darbams statybose ir logistikoje.<\/p>\n<h2>Projektavimo aspektai ir atrankos kriterijai<\/h2>\n<h3>Keliamoji galia<\/h3>\n<p>Str\u0117l\u0117s cilindro keliamoji galia yra labai svarbus jo konstrukcijos veiksnys. Jis turi atlaikyti maksimal\u0173 svor\u012f, su kuriuo susidurs eksploatacijos metu, be gedimo rizikos. Tod\u0117l reikia atid\u017eiai apsvarstyti med\u017eiagos stiprum\u0105 ir cilindro matmenis, kad b\u016bt\u0173 u\u017etikrintas saugumas ir patikimumas.<\/p>\n<h3>Sandarumo vientisumas<\/h3>\n<p>Sandarinimas yra gyvybi\u0161kai svarbus norint palaikyti hidraulin\u012f sl\u0117g\u012f ir i\u0161vengti skys\u010dio nuot\u0117kio. Efektyv\u016bs sandarikliai suma\u017eina prie\u017ei\u016bros i\u0161laidas ir padidina eksploatavimo efektyvum\u0105. Sandarinimo med\u017eiag\u0173 ir konstrukcij\u0173 pasirinkimas daro didel\u0119 \u012ftak\u0105 cilindro ilgaam\u017ei\u0161kumui ir veikimui.<\/p>\n<h3>Patvarumas<\/h3>\n<p>Patvarumas apima atsparum\u0105 dilimui, korozijai ir nuovargiui. Str\u0117l\u0117s cilindrai turi b\u016bti suprojektuoti ilgaam\u017ei\u0161kumui, ypa\u010d at\u0161iauriomis s\u0105lygomis. Auk\u0161tos kokyb\u0117s med\u017eiag\u0173 ir apdailos pasirinkimas padidina patvarum\u0105, u\u017etikrindamas patikim\u0105 veikim\u0105 laikui b\u0117gant.<\/p>\n<h3>Saugumas<\/h3>\n<p>Projektuojant str\u0117l\u0117s cilindrus, turi b\u016bti \u012ftrauktos saugos funkcijos. Tai apima gedim\u0173 prevencijos ir perkrovos apsaugos mechanizmus, siekiant i\u0161vengti nelaiming\u0173 atsitikim\u0173 eksploatacijos metu. Gerai suprojektuotas cilindras \u017eymiai padidina operatoriaus ir \u012frangos saugum\u0105.<\/p>\n<h3>Prie\u017ei\u016bra ir remonto galimyb\u0117s<\/h3>\n<p>Labai svarbu konstrukcija, kuri u\u017etikrint\u0173 lengv\u0105 technin\u0119 prie\u017ei\u016br\u0105 ir remont\u0105. Tai apima galimyb\u0119 pasiekti svarbiausius komponentus nei\u0161ardant visos ma\u0161inos. Reguliarus techninis aptarnavimas gali pailginti cilindro tarnavimo laik\u0105 ir pagerinti bendr\u0105 veikimo efektyvum\u0105.<\/p>\n<p><img decoding=\"async\" src=\"https:\/\/www.hydraulic-cylinders.net\/wp-content\/uploads\/2025\/04\/songte-oil-pipes-and-spare-parts.webp\" alt=\"Hidraulini\u0173 cilindr\u0173 dalys\" \/><\/p>\n<h2>Sandarikliai ir tepimas<\/h2>\n<p>Str\u0117l\u0117s cilindro veikimas labai priklauso nuo veiksming\u0173 sandarinimo ir tepimo sistem\u0173. Naudojami \u012fvair\u016bs sandarikliai, \u012fskaitant st\u016bmokli\u0173 ir stryp\u0173 sandariklius, kurie yra labai svarb\u016bs palaikant hidraulin\u012f sl\u0117g\u012f. Pasirinkus patvarias med\u017eiagas, tokias kaip poliuretanas ir nitrilo kau\u010diukas, \u0161ie sandarikliai tampa atsparesni dilimui ir tarnauja ilgiau.<\/p>\n<p>Be to, cilindro korpusas ir srieginiai galai da\u017enai yra kruop\u0161\u010diai apdirbami, siekiant padidinti atsparum\u0105 dilimui. Reguliariai tepti tinkama hidrauline alyva b\u016btina, kad b\u016bt\u0173 i\u0161vengta trinties ir \u0161ilumos kaupimosi, d\u0117l kuri\u0173 cilindro komponentai gali per anksti susid\u0117v\u0117ti. Veiksminga tepimo rutina padeda palaikyti optimal\u0173 str\u0117l\u0117s cilindro na\u0161um\u0105 ir ilgaam\u017ei\u0161kum\u0105.<\/p>\n<h2>Prevencin\u0117s prie\u017ei\u016bros priemon\u0117s<\/h2>\n<ul>\n<li><strong>Reguliar\u016bs patikrinimai:<\/strong> Reguliariai tikrinkite str\u0117l\u0117s cilindr\u0105, ar n\u0117ra susid\u0117v\u0117jimo, nuot\u0117kio ar pa\u017eeidim\u0173 po\u017eymi\u0173. Tai padeda anksti nustatyti problemas ir i\u0161vengti katastrofi\u0161k\u0173 gedim\u0173.<\/li>\n<li><strong>Tinkamas tepimas:<\/strong> \u012esitikinkite, kad hidraulin\u0117s alyvos lygis yra pakankamas ir kad naudojamas tinkamas tepimas, siekiant suma\u017einti sandarikli\u0173 ir judan\u010di\u0173 dali\u0173 trint\u012f ir susid\u0117v\u0117jim\u0105.<\/li>\n<li><strong>Sandariklio keitimas:<\/strong> Reguliariai tikrinkite sandariklius, ar jie nesusid\u0117v\u0117j\u0119, ir prireikus pakeiskite juos, kad i\u0161laikytum\u0117te hidraulin\u012f vientisum\u0105 ir i\u0161vengtum\u0117te nuot\u0117ki\u0173.<\/li>\n<\/ul>\n<h2>\u012erengimo gair\u0117s<\/h2>\n<p>Tinkamas str\u0117l\u0117s cilindro montavimas yra labai svarbus na\u0161umui ir saugumui. Pirmiausia \u012fsitikinkite, kad cilindras yra tinkamai sulygiuotas su kitais ekskavatoriaus komponentais. Naudokite tinkamus tvirtinimo laikiklius, kad pritvirtintum\u0117te cilindr\u0105 vietoje, vengdami hidraulini\u0173 linij\u0173 \u012ftempimo.<\/p>\n<p>Montuodami patikrinkite, ar n\u0117ra kli\u016b\u010di\u0173, kurios gal\u0117t\u0173 trukdyti cilindro veikimui. \u012esitikinkite, kad visi var\u017etai yra priver\u017eti pagal gamintojo specifikacijas ir kad hidraulin\u0117s linijos n\u0117ra sulenktos ar staigiai i\u0161lenktos, d\u0117l kuri\u0173 gali atsirasti nuot\u0117ki\u0173.<\/p>\n<p>Po \u012frengimo patikrinkite str\u0117l\u0117s jud\u0117jim\u0105, kad \u012fsitikintum\u0117te, jog ji veikia skland\u017eiai. Pradinio paleidimo metu steb\u0117kite, ar n\u0117ra ne\u012fprast\u0173 gars\u0173 ar judesi\u0173, kurie gali rodyti netinkam\u0105 suderinim\u0105 ar \u012frengimo problemas. Reguliariai pri\u017ei\u016br\u0117kite \u012frengim\u0105, kad u\u017etikrintum\u0117te nuolatin\u012f veikim\u0105.<\/p>\n<h2>\u012eprastos prie\u017ei\u016bros u\u017eduotys<\/h2>\n<h3>Reguliar\u016bs patikrinimai<\/h3>\n<p>Reguliar\u016bs patikrinimai apima str\u0117l\u0117s cilindro ap\u017ei\u016br\u0105, ar n\u0117ra matom\u0173 pa\u017eeidim\u0173 ar susid\u0117v\u0117jimo. Ie\u0161kokite hidraulinio skys\u010dio nuot\u0117kio po\u017eymi\u0173, kurie gali rodyti sugedus\u012f sandarikl\u012f ar jungt\u012f. Ankstyvas problem\u0173 nustatymas gali pad\u0117ti i\u0161vengti didesni\u0173 problem\u0173 ateityje ir u\u017etikrinti efektyv\u0173 cilindro veikim\u0105.<\/p>\n<h3>Tinkamas tepimas<\/h3>\n<p>Tinkamas tepimas yra labai svarbus siekiant suma\u017einti trint\u012f tarp judan\u010di\u0173 dali\u0173 cilindre. Reguliariai tikrinkite hidraulin\u0117s alyvos lyg\u012f ir prireikus papildykite. Naudokite gamintojo rekomenduojamus tepalus, kad u\u017etikrintum\u0117te suderinamum\u0105 ir efektyvum\u0105.<\/p>\n<h3>Tarpikli\u0173 keitimas ir kalibravimo patikrinimai<\/h3>\n<p>Tarpikli\u0173 keitimas yra b\u016btinas norint i\u0161laikyti hidraulin\u0117s sistemos vientisum\u0105. Suplanuokite \u012fprastinius patikrinimus, kad \u012fvertintum\u0117te tarpikli\u0173 b\u016bkl\u0119 ir prireikus juos pakeistum\u0117te. Taip pat reik\u0117t\u0173 atlikti kalibravimo patikrinimus, siekiant u\u017etikrinti, kad cilindras veikt\u0173 pagal numatytus parametrus, optimizuodamas na\u0161um\u0105 ir saug\u0105.<\/p>\n<p><img decoding=\"async\" src=\"https:\/\/www.hydraulic-cylinders.net\/wp-content\/uploads\/2025\/04\/songte-chushion-collar.webp\" alt=\"Cilindro montavimas\" \/><\/p>\n<h2>Saugos aspektai ir aplinkos veiksniai<\/h2>\n<p>Dirbant su hidraulin\u0117mis sistemomis, saugos priemon\u0117s yra nepaprastai svarbios. U\u017etikrinant, kad operatoriai b\u016bt\u0173 apmokyti saugaus elgesio su sistemomis proced\u016br\u0173, galima gerokai suma\u017einti nelaiming\u0173 atsitikim\u0173 rizik\u0105. Be to, naudojant aplinkai nekenksmingus hidraulinius skys\u010dius, padedama su\u0161velninti neigiam\u0105 poveik\u012f aplinkai ir skatinamas tvarus veikimas.<\/p>\n<h2>Gedim\u0173 diagnostika ir da\u017eniausios problemos<\/h2>\n<ul>\n<li><strong>Skys\u010di\u0173 nuot\u0117kiai:<\/strong> Viena i\u0161 da\u017eniausiai pasitaikan\u010di\u0173 problem\u0173 yra hidraulinio skys\u010dio nuot\u0117kis. Tai gali atsirasti d\u0117l susid\u0117v\u0117jusi\u0173 sandarikli\u0173 arba pa\u017eeist\u0173 jung\u010di\u0173. Reguliarios patikros gali pad\u0117ti anksti nustatyti nuot\u0117kius.<\/li>\n<li><strong>Prastas na\u0161umas:<\/strong> Jei str\u0117l\u0117 nereaguoja taip, kaip tik\u0117tasi, tai gali reik\u0161ti hidraulinio sl\u0117gio problemas arba sistemos u\u017esikim\u0161imus. B\u016btina patikrinti hidraulin\u0117s alyvos lyg\u012f ir filtro b\u016bkl\u0119.<\/li>\n<li><strong>Ne\u012fprasti garsai:<\/strong> Bet kokie keisti garsai veikimo metu gali rodyti mechanines problemas. Greitas ne\u012fprast\u0173 gars\u0173 i\u0161tyrimas gali pad\u0117ti i\u0161vengti tolesni\u0173 cilindro pa\u017eeidim\u0173.<\/li>\n<\/ul>\n<h2>Trik\u010di\u0173 \u0161alinimo patarimai<\/h2>\n<p>Nor\u0117dami efektyviai diagnozuoti ir i\u0161spr\u0119sti problemas, prad\u0117kite nuo kruop\u0161taus cilindro ir aplinkini\u0173 komponent\u0173 patikrinimo. Patikrinkite hidraulinio skys\u010dio lyg\u012f ir patikrinkite, ar n\u0117ra nuot\u0117ki\u0173. Jei kyla problem\u0173 d\u0117l veikimo, \u012fvertinkite hidraulin\u0119 sistem\u0105, ar n\u0117ra u\u017esikim\u0161im\u0173 ar sl\u0117gio kritimo.<\/p>\n<p>Prevencini\u0173 priemoni\u0173, toki\u0173 kaip reguliari prie\u017ei\u016bra ir steb\u0117jimas, laikymasis gali suma\u017einti galimas problemas. Stebint eksploatacinius rodiklius ir kuriant \u012fsp\u0117jimus apie technin\u0117s prie\u017ei\u016bros u\u017eduotis, padid\u0117s str\u0117l\u0117s cilindro ilgaam\u017ei\u0161kumas ir patikimumas.<\/p>\n<p><img decoding=\"async\" src=\"https:\/\/www.hydraulic-cylinders.net\/wp-content\/uploads\/2025\/04\/songte-bushings-with-all-kinds-of-excavator-models.webp\" alt=\"Ekskavatoriaus \u012fvor\u0117s\" \/><\/p>\n<h2>Apie m\u016bs\u0173 \u012fmon\u0119<\/h2>\n<p>Esame pirmaujanti pakaitini\u0173 hidraulini\u0173 cilindr\u0173 gamintoja ir didmeninink\u0117, teikianti plat\u0173 gamini\u0173 asortiment\u0105 tiek vidaus, tiek tarptautin\u0117se rinkose. M\u016bs\u0173 \u012fsipareigojim\u0105 u\u017etikrinti i\u0161skirtin\u0119 kokyb\u0119 palaiko patobulintas gamybos procesas ir tvirtos gamybos valdymo strategijos. Nuolat tobuliname savo gamybos paj\u0117gumus, pasitelkdami kvalifikuotus darbuotojus, pa\u017eangi\u0105 skaitmenin\u0119 gamybos \u012frang\u0105 ir profesionalias testavimo sistemas.<\/p>\n<p>D\u0117mesys tikslumui ir kokybei u\u017etikrina, kad efektyviai patenkiname \u012fvairius klient\u0173 poreikius. Si\u016blome tarptautinius sertifikatus, individualias paslaugas ir plat\u0173 gamini\u0173 asortiment\u0105, pritaikyt\u0105 \u012fvairioms reikm\u0117ms. M\u016bs\u0173 stiprus garantinio aptarnavimo centras u\u017etikrina, kad klientai gaut\u0173 nuolatin\u0119 param\u0105 ir b\u016bt\u0173 patenkinti savo pirkiniais.<\/p>\n<p><img decoding=\"async\" src=\"https:\/\/www.hydraulic-cylinders.net\/wp-content\/uploads\/2025\/04\/songte-company-4.webp\" alt=\"\u012emon\u0117s ap\u017evalga\" \/><br \/>\n<img decoding=\"async\" src=\"https:\/\/www.hydraulic-cylinders.net\/wp-content\/uploads\/2025\/04\/songte-company-3.webp\" alt=\"Gamybos \u012fmon\u0117\" \/><\/p>\n<p>Autorius: lyl<\/p>","protected":false},"excerpt":{"rendered":"<p>Boom Cylinder For Zoomlion Small Excavator ZE85E Understanding the Boom Cylinder Definition and Overview The Boom Cylinder is a critical hydraulic component designed specifically for controlling the movement of the boom in heavy machinery, particularly in excavators like the Zoomlion Small Excavator ZE85E. This hydraulic cylinder enables the boom to raise, lower, and tilt, facilitating [&hellip;]<\/p>","protected":false},"featured_media":17868,"comment_status":"open","ping_status":"closed","template":"","meta":{"_et_pb_use_builder":"","_et_pb_old_content":"","_et_gb_content_width":""},"product_brand":[],"product_cat":[1546],"product_tag":[1547,1496],"class_list":{"0":"post-19212","1":"product","2":"type-product","3":"status-publish","4":"has-post-thumbnail","6":"product_cat-boom-cylinders","7":"product_tag-boom-cylinders","8":"product_tag-hydraulic-cylinders","10":"first","11":"instock","12":"shipping-taxable","13":"product-type-simple"},"amp_enabled":true,"_links":{"self":[{"href":"https:\/\/www.hydraulic-cylinders.net\/lt\/wp-json\/wp\/v2\/product\/19212","targetHints":{"allow":["GET"]}}],"collection":[{"href":"https:\/\/www.hydraulic-cylinders.net\/lt\/wp-json\/wp\/v2\/product"}],"about":[{"href":"https:\/\/www.hydraulic-cylinders.net\/lt\/wp-json\/wp\/v2\/types\/product"}],"replies":[{"embeddable":true,"href":"https:\/\/www.hydraulic-cylinders.net\/lt\/wp-json\/wp\/v2\/comments?post=19212"}],"wp:featuredmedia":[{"embeddable":true,"href":"https:\/\/www.hydraulic-cylinders.net\/lt\/wp-json\/wp\/v2\/media\/17868"}],"wp:attachment":[{"href":"https:\/\/www.hydraulic-cylinders.net\/lt\/wp-json\/wp\/v2\/media?parent=19212"}],"wp:term":[{"taxonomy":"product_brand","embeddable":true,"href":"https:\/\/www.hydraulic-cylinders.net\/lt\/wp-json\/wp\/v2\/product_brand?post=19212"},{"taxonomy":"product_cat","embeddable":true,"href":"https:\/\/www.hydraulic-cylinders.net\/lt\/wp-json\/wp\/v2\/product_cat?post=19212"},{"taxonomy":"product_tag","embeddable":true,"href":"https:\/\/www.hydraulic-cylinders.net\/lt\/wp-json\/wp\/v2\/product_tag?post=19212"}],"curies":[{"name":"wp","href":"https:\/\/api.w.org\/{rel}","templated":true}]}}