{"id":19214,"date":"2025-04-07T06:18:29","date_gmt":"2025-04-07T06:18:29","guid":{"rendered":"https:\/\/www.hydraulic-cylinders.net\/product\/boom-cylinder-for-zoomlion-small-excavator-ze150e\/"},"modified":"2025-04-07T06:18:32","modified_gmt":"2025-04-07T06:18:32","slug":"boom-cylinder-for-zoomlion-small-excavator-ze150e","status":"publish","type":"product","link":"https:\/\/www.hydraulic-cylinders.net\/lt\/produktas\/boom-cylinder-for-zoomlion-small-excavator-ze150e\/","title":{"rendered":"Str\u0117l\u0117s cilindras, skirtas \u201eZoomlion\u201c ma\u017eam ekskavatoriui ZE150E"},"content":{"rendered":"<h1>Str\u0117l\u0117s cilindras, skirtas \u201eZoomlion\u201c ma\u017eam ekskavatoriui ZE150E<\/h1>\n<h2>Produkto ap\u017evalga<\/h2>\n<p>\u201eZoomlion\u201c ma\u017eojo ekskavatoriaus ZE150E str\u0117l\u0117s cilindras yra labai svarbus hidraulinis komponentas, skirtas valdyti str\u0117l\u0117s jud\u0117jim\u0105 \u012fvairiose sunkiosiose ma\u0161inose, ypa\u010d ekskavatoriuose. \u0160is hidraulinis cilindras atlieka gyvybi\u0161kai svarb\u0173 vaidmen\u012f leid\u017eiant str\u0117lei pakelti, nuleisti ir pakreipti, taip palengvinant efektyv\u0173 med\u017eiag\u0173 tvarkym\u0105 statybviet\u0117se ir kitose pramonin\u0117se srityse.<\/p>\n<p><img decoding=\"async\" src=\"https:\/\/www.hydraulic-cylinders.net\/wp-content\/uploads\/2025\/04\/songte-company-1.webp\" alt=\"Str\u0117l\u0117s cilindras\"><\/p>\n<h3>Apibr\u0117\u017eimas ir funkcija<\/h3>\n<p>Kau\u0161o cilindras yra specialus hidraulinio cilindro tipas, sukurtas valdyti kau\u0161\u0173 jud\u0117jim\u0105 sunkiosiose ma\u0161inose, tokiose kaip ekskavatoriai, ekskavatoriniai krautuvai ir frontaliniai krautuvai. Jis leid\u017eia kau\u0161ui atlikti esmines funkcijas, tokias kaip k\u0117limas, nuleidimas ir pakreipimas, kurios yra labai svarbios efektyviam med\u017eiag\u0173 transportavimui. Galimyb\u0117 tiksliai valdyti \u0161iuos judesius padidina bendr\u0105 veiklos efektyvum\u0105.<\/p>\n<h2>Pagrindin\u0117s savyb\u0117s<\/h2>\n<ul>\n<li><strong>Didelis stiprumas ir ilgaam\u017ei\u0161kumas:<\/strong> Paprastai \u0161ie cilindrai, pagaminti i\u0161 didelio stiprumo plieno arba aliuminio, gali atlaikyti didel\u012f sl\u0117g\u012f ir dideles apkrovas, tuo pa\u010diu metu tinkami at\u0161iaurioms darbo s\u0105lygoms. Jie sukurti atsi\u017evelgiant \u012f atsparum\u0105 dilimui ir korozijai, tod\u0117l j\u0173 tarnavimo laikas gerokai pailg\u0117ja.<\/li>\n<li><strong>Efektyvus hidraulinis valdymas:<\/strong> Naudodamas hidraulin\u0117s alyvos sl\u0117g\u012f, str\u0117l\u0117s cilindras u\u017etikrina skland\u017eius teleskopinius veiksmus, greitai reaguodamas \u012f valdymo komandas ir u\u017etikrindamas dideles st\u016bmimo bei traukimo j\u0117gas sunkioms ir sud\u0117tingoms u\u017eduotims atlikti.<\/li>\n<li><strong>\u012evair\u016bs tipai:<\/strong> \u0160ie cilindrai b\u016bna \u012fvairi\u0173 konfig\u016bracij\u0173, \u012fskaitant vienpusio veikimo (hidraulinis valdymas viena kryptimi) ir dvipusio veikimo (hidraulinis valdymas abiem kryptimis), kad atitikt\u0173 skirtingus eksploatavimo poreikius. Kai kurie modeliai yra teleskopiniai, tod\u0117l juos galima labiau prailginti nedidinant i\u0161orini\u0173 matmen\u0173, tod\u0117l jie idealiai tinka naudoti ribotoje erdv\u0117je.<\/li>\n<\/ul>\n<p>Galime pagaminti \u0161\u012f gamin\u012f, puikiai pakei\u010diant\u012f \u012fvairius hidraulinius cilindrus.<\/p>\n<p><img decoding=\"async\" src=\"https:\/\/www.hydraulic-cylinders.net\/wp-content\/uploads\/2025\/04\/songte-cylinder-head-with-all-kinds-excavator-models.webp\" alt=\"Ekskavatori\u0173 modeliai\"><\/p>\n<h2>Taikymo scenarijai<\/h2>\n<h3>Statybin\u0117 \u012franga<\/h3>\n<p>Ekskavatoriuose str\u0117l\u0117s cilindrai yra b\u016btini kasant, kraunant ir perkeliant grunt\u0105 ar \u0161iuk\u0161les. Jie palengvina kasimo proces\u0105, leisdami kau\u0161ui efektyviai \u012fsiskverbti \u012f \u017eem\u0119, tod\u0117l jie yra nepakei\u010diami statybos ir griovimo darbuose.<\/p>\n<h3>\u017dem\u0117s \u016bkio technika<\/h3>\n<p>Priekiniuose krautuvuose str\u0117l\u0117s cilindrai yra labai svarb\u016bs dirvo\u017eemio, \u0161ieno ir kit\u0173 med\u017eiag\u0173 s\u0117jimui, k\u0117limui ir transportavimui. D\u0117l tvirtos konstrukcijos ir hidraulinio efektyvumo jie idealiai tinka \u017eem\u0117s \u016bkio darbams, didinant na\u0161um\u0105 \u016bkininkavimo operacijose.<\/p>\n<h3>Kasimo u\u017eduotys<\/h3>\n<p>Ekskavatoriuose str\u0117l\u0117s cilindras leid\u017eia kau\u0161ui atlikti kasimo veiksm\u0105 \u012fsiskverbiant \u012f dirv\u0105, tod\u0117l tai yra gyvybi\u0161kai svarbus komponentas atliekant kasimo darbus \u012fvairiose pramon\u0117s \u0161akose, \u012fskaitant statyb\u0105, kasyb\u0105 ir kra\u0161tovaizd\u017eio tvarkym\u0105.<\/p>\n<h3>Pakrovimo operacijos<\/h3>\n<p>Priekiniuose krautuvuose \u0161ie cilindrai padeda efektyviai pakelti ir i\u0161versti krovinius, tod\u0117l jie yra b\u016btini med\u017eiag\u0173 tvarkymui \u012fvairiose vietose, \u012fskaitant statybvietes ir sand\u0117lius.<\/p>\n<h2>Projektavimo aspektai ir atrankos standartai<\/h2>\n<h3>Keliamoji galia<\/h3>\n<p>Str\u0117l\u0117s cilindro keliamoji galia lemia jo geb\u0117jim\u0105 efektyviai valdyti konkre\u010dius svorius. Tinkamos keliamosios galios cilindro pasirinkimas yra labai svarbus siekiant u\u017etikrinti saug\u0105 ir na\u0161um\u0105 eksploatacijos metu. Gamintojai turi atsi\u017evelgti \u012f numatyt\u0105 naudojim\u0105 ir apkrovos reikalavimus, kad i\u0161vengt\u0173 gedim\u0173 ar nelaiming\u0173 atsitikim\u0173.<\/p>\n<h3>Sandarinimo efektyvumas<\/h3>\n<p>Efektyvus sandarinimas yra gyvybi\u0161kai svarbus palaikant hidraulin\u012f sl\u0117g\u012f ir u\u017ekertant keli\u0105 nuot\u0117kiams. Auk\u0161tos kokyb\u0117s sandarikliai, pagaminti i\u0161 patvari\u0173 med\u017eiag\u0173, gali \u017eymiai padidinti cilindro ilgaam\u017ei\u0161kum\u0105. Svarbu pasirinkti sandariklius, sukurtus konkre\u010dioms cilindro darbo s\u0105lygoms, u\u017etikrinant optimal\u0173 veikim\u0105.<\/p>\n<h3>Patvarumas<\/h3>\n<p>Patvarumas yra pagrindinis str\u0117l\u0117s cilindr\u0173 konstrukcijos veiksnys, nes jie turi atlaikyti at\u0161iaurias aplinkos s\u0105lygas ir intensyv\u0173 naudojim\u0105. Tokie veiksniai kaip med\u017eiag\u0173 pasirinkimas, pavir\u0161iaus apdorojimas ir konstrukcijos ypatyb\u0117s prisideda prie bendro patvarumo, suma\u017eindami gedim\u0173 rizik\u0105 ir prie\u017ei\u016bros poreik\u012f laikui b\u0117gant.<\/p>\n<h3>Saugos funkcijos<\/h3>\n<p>Saugumas hidraulin\u0117se sistemose yra svarbiausias dalykas. Siekiant i\u0161vengti nelaiming\u0173 atsitikim\u0173 ir u\u017etikrinti saug\u0173 veikim\u0105, b\u016btina \u012ftraukti saugos mechanizmus, tokius kaip sl\u0117gio ma\u017einimo vo\u017etuvai ir apsaugos nuo perkrovos funkcijos. Projektuojant reikia teikti pirmenyb\u0119 naudotojo saugumui, nepakenkiant na\u0161umui.<\/p>\n<h3>Prie\u017ei\u016bra<\/h3>\n<p>Hidraulini\u0173 cilindr\u0173 ilgaam\u017ei\u0161kumui ir efektyvumui labai svarbus lengvas techninis aptarnavimas. Tokios konstrukcijos ypatyb\u0117s kaip prieinami tepimo ta\u0161kai, lengvai kei\u010diami sandarikliai ir ai\u0161kios technin\u0117s prie\u017ei\u016bros gair\u0117s pagerina technin\u0119 prie\u017ei\u016br\u0105, u\u017etikrindamos, kad reguliari technin\u0117 prie\u017ei\u016bra b\u016bt\u0173 atliekama su minimaliomis prastovomis.<\/p>\n<p><img decoding=\"async\" src=\"https:\/\/www.hydraulic-cylinders.net\/wp-content\/uploads\/2025\/04\/songte-oil-pipes-and-spare-parts.webp\" alt=\"Naftos vamzd\u017eiai ir atsargin\u0117s dalys\"><\/p>\n<h2>Sandarinimas ir tepimas<\/h2>\n<p>\u012evair\u016bs sandarinimo komponentai, tokie kaip st\u016bmokli\u0173 ir kot\u0173 sandarikliai, yra b\u016btini hidrauliniam vientisumui palaikyti. D\u0117l atsparumo dilimui da\u017eniausiai naudojami i\u0161 poliuretano ir nitrilo kau\u010diuko pagaminti sandarikliai. Be to, cilindro korpusas ir srieginiai galiniai pavir\u0161iai yra kruop\u0161\u010diai apdirbti, siekiant pagerinti atsparum\u0105 dilimui. Reguliarus techninis aptarnavimas apima pakankamo tepimo u\u017etikrinim\u0105 periodi\u0161kai \u012fpilant hidraulin\u0117s alyvos, kad b\u016bt\u0173 suma\u017einta judan\u010di\u0173 dali\u0173 trintis ir dilimas.<\/p>\n<h2>Reguliarios patikros ir prevencin\u0117s prie\u017ei\u016bros priemon\u0117s<\/h2>\n<ul>\n<li><strong>\u012eprastiniai patikrinimai:<\/strong> Reguliariai atlikite vizualin\u0119 ap\u017ei\u016br\u0105, kad patikrintum\u0117te, ar n\u0117ra nuot\u0117ki\u0173, korozijos ir sandarikli\u0173 bei jung\u010di\u0173 susid\u0117v\u0117jimo. Ankstyvas problem\u0173 nustatymas gali pad\u0117ti i\u0161vengti rimtesni\u0173 problem\u0173 ateityje.<\/li>\n<li><strong>Tinkamas tepimas:<\/strong> \u012esitikinkite, kad visos judan\u010dios dalys yra tinkamai suteptos, kad suma\u017eintum\u0117te trint\u012f, kuri gali sukelti susid\u0117v\u0117jim\u0105 ir pa\u017eeidimus. Naudokite rekomenduojam\u0105 hidraulin\u0119 alyv\u0105 ir laikykit\u0117s gamintojo nustatyto tepimo grafiko.<\/li>\n<li><strong>Sandariklio keitimas:<\/strong> Steb\u0117kite sandarikli\u0173 b\u016bkl\u0119 ir prireikus juos pakeiskite. Susid\u0117v\u0117j\u0119 arba pa\u017eeisti sandarikliai gali sukelti nuot\u0117kius ir suma\u017einti hidraulin\u0117s sistemos efektyvum\u0105.<\/li>\n<\/ul>\n<h2>\u012erengimo gair\u0117s<\/h2>\n<p>Montuodami str\u0117l\u0117s cilindr\u0105, atlikite \u0161iuos veiksmus, kad optimalus veikimas b\u016bt\u0173 pasiektas:<br \/>\n1. **Pasiruo\u0161imas:** \u012esitikinkite, kad darbo vieta yra \u0161vari ir be \u0161iuk\u0161li\u0173. Prie\u0161 prad\u0117dami montavim\u0105, surinkite visus reikalingus \u012frankius ir komponentus.<br \/>\n2. **Suderinimas:** Tinkamai suderinkite cilindr\u0105 su tvirtinimo laikikliais. Neteisingas suderinimas gali sukelti prie\u0161laikin\u012f susid\u0117v\u0117jim\u0105 ir gedim\u0105.<br \/>\n3. **Naudokite atraminius laikiklius:** Naudokite tinkamus atraminius laikiklius, kad pritvirtintum\u0117te cilindr\u0105 montavimo metu ir i\u0161vengtum\u0117te jud\u0117jimo, kuris gal\u0117t\u0173 pa\u017eeisti komponentus.<br \/>\n4. **Priver\u017eimas:** Visus var\u017etus ir tvirtinimo elementus priver\u017ekite pagal gamintojo specifikacijas, u\u017etikrindami tvirt\u0105 pritvirtinim\u0105, bet ne perver\u017edami, nes tai gali sukelti \u012ftr\u016bkimus d\u0117l \u012ftempimo.<br \/>\n5. **Bandymas:** \u012edieg\u0119 cilindr\u0105, patikrinkite j\u012f atlikdami vis\u0105 jo judesi\u0173 amplitud\u0119, kad \u012fsitikintum\u0117te, jog jis tinkamai veikia, ir patikrinkite, ar n\u0117ra nuot\u0117ki\u0173.<\/p>\n<h2>\u012eprastos prie\u017ei\u016bros u\u017eduotys<\/h2>\n<ul>\n<li><strong>Reguliar\u016bs patikrinimai:<\/strong> B\u016btina reguliariai tikrinti, ar n\u0117ra susid\u0117v\u0117jimo ar pa\u017eeidim\u0173 po\u017eymi\u0173. Tai apima nuot\u0117ki\u0173 ar ne\u012fprast\u0173 gars\u0173 steb\u0117jim\u0105 eksploatacijos metu.<\/li>\n<li><strong>Tinkamas tepimas:<\/strong> Tinkamas tepimas yra labai svarbus norint i\u0161laikyti hidraulin\u0117s sistemos efektyvum\u0105. Reguliariai tikrinkite ir keiskite hidraulin\u0119 alyv\u0105 pagal poreik\u012f, laikydamiesi gamintojo nurodym\u0173.<\/li>\n<li><strong>Sandariklio keitimas ir kalibravimas:<\/strong> Reguliariai tikrinkite sandariklius, ar jie nesusid\u0117v\u0117j\u0119, ir prireikus juos pakeiskite. Kalibravimo patikrinimai u\u017etikrina, kad hidraulin\u0117 sistema veikt\u0173 pagal nurodytus parametrus, taip padidindami saug\u0105 ir na\u0161um\u0105.<\/li>\n<\/ul>\n<p>Teisingas montavimas, reguliarus tepimas ir reguliavimas yra labai svarb\u016bs str\u0117l\u0117s cilindro ilgaam\u017ei\u0161kumui. Montavimo metu u\u017etikrinkite tinkam\u0105 i\u0161lygiavim\u0105 ir cilindrui pritvirtinti naudokite rekomenduojamus montavimo laikiklius. Rekomenduojam\u0173 prie\u017ei\u016bros proced\u016br\u0173 laikymasis pad\u0117s i\u0161laikyti na\u0161um\u0105 ir i\u0161vengti brangaus remonto.<\/p>\n<p><img decoding=\"async\" src=\"https:\/\/www.hydraulic-cylinders.net\/wp-content\/uploads\/2025\/04\/songte-chushion-collar.webp\" alt=\"Pagalv\u0117l\u0117s apykakl\u0117\"><\/p>\n<h2>Saugos aspektai ir aplinkos veiksniai<\/h2>\n<p>Naudojant hidraulinius cilindrus, labai svarbu \u012fdiegti saugos priemones, kad b\u016bt\u0173 i\u0161vengta nelaiming\u0173 atsitikim\u0173. Tai apima eksploatavimo gairi\u0173 laikym\u0105si, tinkam\u0173 asmenini\u0173 apsaugos priemoni\u0173 (AAP) naudojim\u0105 ir u\u017etikrinim\u0105, kad visi operatoriai b\u016bt\u0173 apmokyti saugos protokol\u0173. Reguliar\u016bs saugos auditai gali pad\u0117ti nustatyti galim\u0105 rizik\u0105 ir pagerinti bendr\u0105 eksploatavimo saug\u0105.<\/p>\n<h2>Gedim\u0173 diagnostika ir da\u017eniausios problemos<\/h2>\n<ul>\n<li><strong>Nuot\u0117kis:<\/strong> Da\u017eniausiai tai sukelia susid\u0117v\u0117j\u0119 sandarikliai arba netinkamas montavimas. Reguliariai tikrinkite sandariklius ir prireikus juos pakeiskite.<\/li>\n<li><strong>Suma\u017eintas na\u0161umas:<\/strong> Tai gali rodyti \u017eem\u0105 hidraulinio skys\u010dio lyg\u012f arba oro buvim\u0105 sistemoje. Patikrinkite skys\u010dio lyg\u012f ir, jei reikia, i\u0161leiskite i\u0161 sistemos or\u0105.<\/li>\n<li><strong>Ne\u012fprasti garsai:<\/strong> Triuk\u0161mas eksploatacijos metu gali signalizuoti apie mechanines problemas. Nustatykite triuk\u0161mo \u0161altin\u012f ir nedelsdami pa\u0161alinkite visus susid\u0117v\u0117jusius ar pa\u017eeistus komponentus.<\/li>\n<\/ul>\n<h2>Trik\u010di\u0173 \u0161alinimo patarimai<\/h2>\n<p>Nor\u0117dami efektyviai diagnozuoti ir i\u0161spr\u0119sti problemas, vadovaukit\u0117s \u0161iais patarimais:<br \/>\n1. **Reguliari prie\u017ei\u016bra:** \u012egyvendinkite \u012fprastin\u0117s prie\u017ei\u016bros grafik\u0105, kad suma\u017eintum\u0117te galimas problemas ir pailgintum\u0117te hidraulinio cilindro tarnavimo laik\u0105.<br \/>\n2. **Steb\u0117kite veikim\u0105:** Steb\u0117kite cilindro veikimo charakteristikas ir nedelsdami pa\u0161alinkite bet kokius nukrypimus nuo \u012fprasto veikimo.<br \/>\n3. **Prevencin\u0117s priemon\u0117s:** Apmokykite operatorius, kaip tinkamai naudoti ir pri\u017ei\u016br\u0117ti \u012frang\u0105, kad suma\u017eintum\u0117te operatoriaus sukelt\u0173 problem\u0173 tikimyb\u0119.<\/p>\n<p><img decoding=\"async\" src=\"https:\/\/www.hydraulic-cylinders.net\/wp-content\/uploads\/2025\/04\/songte-bushings-with-all-kinds-of-excavator-models.webp\" alt=\"Ekskavatori\u0173 modeli\u0173 \u012fvor\u0117s\"><\/p>\n<h2>Apie m\u016bs\u0173 \u012fmon\u0119<\/h2>\n<p>Esame pirmaujantis hidraulini\u0173 cilindr\u0173 gamintojas, si\u016blantis plat\u0173 gamini\u0173 asortiment\u0105, skirt\u0105 patenkinti tiek vietin\u0117s, tiek tarptautin\u0117s rinkos poreikius. M\u016bs\u0173 \u012fsipareigojim\u0105 siekti nepriekai\u0161tingos kokyb\u0117s palaiko patobulintos gamybos valdymo strategijos, novatori\u0161kos technologijos ir patikimos bandym\u0173 sistemos. Nuolat tobuliname savo gamybos paj\u0117gumus, kad gal\u0117tume tiekti didelio efektyvumo, didelio tikslumo ir auk\u0161tos kokyb\u0117s gaminius, kurie patenkint\u0173 \u012fvairius klient\u0173 poreikius.<\/p>\n<p>Be to, teikiame profesionalias paslaugas, tarptautinius sertifikatus ir individualius sprendimus, pritaikytus konkretiems reikalavimams. M\u016bs\u0173 moderniausia gamybos \u012franga ir specializuotas aptarnavimas po pardavimo u\u017etikrina, kad atitinkame ir vir\u0161ijame pramon\u0117s standartus, kartu kurdami ilgalaikius santykius su savo klientais.<\/p>\n<p><img decoding=\"async\" src=\"https:\/\/www.hydraulic-cylinders.net\/wp-content\/uploads\/2025\/04\/songte-company-4.webp\" alt=\"\u012emon\u0117s ap\u017evalga\"><br \/>\n<img decoding=\"async\" src=\"https:\/\/www.hydraulic-cylinders.net\/wp-content\/uploads\/2025\/04\/songte-company-3.webp\" alt=\"Gamybos \u012fmon\u0117\"><\/p>\n<p>Autorius: lyl<\/p>","protected":false},"excerpt":{"rendered":"<p>Boom Cylinder For Zoomlion Small Excavator ZE150E Product Overview The Boom Cylinder for Zoomlion Small Excavator ZE150E is a critical hydraulic component designed to control the movement of the boom in various heavy machinery, particularly excavators. This hydraulic cylinder plays a vital role in enabling the boom to lift, lower, and tilt, facilitating efficient material [&hellip;]<\/p>","protected":false},"featured_media":17870,"comment_status":"open","ping_status":"closed","template":"","meta":{"_et_pb_use_builder":"","_et_pb_old_content":"","_et_gb_content_width":""},"product_brand":[],"product_cat":[1546],"product_tag":[1547,1496],"class_list":{"0":"post-19214","1":"product","2":"type-product","3":"status-publish","4":"has-post-thumbnail","6":"product_cat-boom-cylinders","7":"product_tag-boom-cylinders","8":"product_tag-hydraulic-cylinders","10":"first","11":"instock","12":"shipping-taxable","13":"product-type-simple"},"amp_enabled":true,"_links":{"self":[{"href":"https:\/\/www.hydraulic-cylinders.net\/lt\/wp-json\/wp\/v2\/product\/19214","targetHints":{"allow":["GET"]}}],"collection":[{"href":"https:\/\/www.hydraulic-cylinders.net\/lt\/wp-json\/wp\/v2\/product"}],"about":[{"href":"https:\/\/www.hydraulic-cylinders.net\/lt\/wp-json\/wp\/v2\/types\/product"}],"replies":[{"embeddable":true,"href":"https:\/\/www.hydraulic-cylinders.net\/lt\/wp-json\/wp\/v2\/comments?post=19214"}],"wp:featuredmedia":[{"embeddable":true,"href":"https:\/\/www.hydraulic-cylinders.net\/lt\/wp-json\/wp\/v2\/media\/17870"}],"wp:attachment":[{"href":"https:\/\/www.hydraulic-cylinders.net\/lt\/wp-json\/wp\/v2\/media?parent=19214"}],"wp:term":[{"taxonomy":"product_brand","embeddable":true,"href":"https:\/\/www.hydraulic-cylinders.net\/lt\/wp-json\/wp\/v2\/product_brand?post=19214"},{"taxonomy":"product_cat","embeddable":true,"href":"https:\/\/www.hydraulic-cylinders.net\/lt\/wp-json\/wp\/v2\/product_cat?post=19214"},{"taxonomy":"product_tag","embeddable":true,"href":"https:\/\/www.hydraulic-cylinders.net\/lt\/wp-json\/wp\/v2\/product_tag?post=19214"}],"curies":[{"name":"wp","href":"https:\/\/api.w.org\/{rel}","templated":true}]}}