{"id":19215,"date":"2025-04-07T06:18:32","date_gmt":"2025-04-07T06:18:32","guid":{"rendered":"https:\/\/www.hydraulic-cylinders.net\/product\/boom-cylinder-for-zoomlion-middle-excavator-ze205e\/"},"modified":"2025-04-07T06:18:34","modified_gmt":"2025-04-07T06:18:34","slug":"boom-cylinder-for-zoomlion-middle-excavator-ze205e","status":"publish","type":"product","link":"https:\/\/www.hydraulic-cylinders.net\/lt\/produktas\/boom-cylinder-for-zoomlion-middle-excavator-ze205e\/","title":{"rendered":"\u201eZoomlion\u201c vidutinio ekskavatoriaus ZE205E str\u0117l\u0117s cilindras"},"content":{"rendered":"<h1>\u201eZoomlion\u201c vidutinio ekskavatoriaus ZE205E str\u0117l\u0117s cilindras<\/h1>\n<h2>Produkto ap\u017evalga<\/h2>\n<p>\u201eZoomlion\u201c vidutinio profilio ekskavatoriaus ZE205E str\u0117l\u0117s cilindras yra labai svarbus hidraulinis komponentas, skirtas valdyti ekskavatoriaus str\u0117l\u0117s jud\u0117jim\u0105. \u0160is hidraulinis cilindras atlieka svarb\u0173 vaidmen\u012f valdant sunki\u0105j\u0105 technik\u0105, nes leid\u017eia str\u0117lei kelti, nuleisti ir pakreipti, taip palengvindamas efektyv\u0173 med\u017eiag\u0173 tvarkym\u0105. Kau\u0161o cilindras yra specialiai sukurtas sunkiasvor\u0117ms reikm\u0117ms, tod\u0117l jis yra b\u016btinas \u012fvairiems statybos ir \u017eem\u0117s darb\u0173 darbams.<\/p>\n<p><img decoding=\"async\" src=\"https:\/\/www.hydraulic-cylinders.net\/wp-content\/uploads\/2025\/04\/songte-company-1.webp\" alt=\"Ekskavatori\u0173 str\u0117l\u0117s cilindras\"><\/p>\n<h3>Apibr\u0117\u017eimas ir funkcionalumas<\/h3>\n<p>Kau\u0161o cilindras, hidraulinio cilindro tipas, yra labai svarbus ekskavatori\u0173, ekskavatorini\u0173 krautuv\u0173 ir frontalini\u0173 krautuv\u0173 veikimui. Jis leid\u017eia tiksliai valdyti str\u0117l\u0117s jud\u0117jim\u0105, tod\u0117l galima atlikti tokias u\u017eduotis kaip sunki\u0173 krovini\u0173 k\u0117limas ar lengvas kasimas \u017eem\u0117je. Hidraulin\u0117 sistema judesiui sukurti naudoja susl\u0117gt\u0105 alyv\u0105, tod\u0117l ji yra efektyvi ir galinga \u012fvairioms statybviet\u0117se atliekamoms u\u017eduotims.<\/p>\n<h2>Str\u0117l\u0117s cilindro savyb\u0117s<\/h2>\n<ul>\n<li><strong>Didelis stiprumas ir ilgaam\u017ei\u0161kumas:<\/strong> Pagamintas i\u0161 didelio stiprumo plieno arba aliuminio, jis atlaiko auk\u0161t\u0105 sl\u0117g\u012f ir dideles apkrovas, u\u017etikrindamas ilgaam\u017ei\u0161kum\u0105 net ir at\u0161iauriomis darbo s\u0105lygomis.<\/li>\n<li><strong>Efektyvus hidraulinis valdymas:<\/strong> Naudoja hidraulin\u0117s alyvos sl\u0117g\u012f skland\u017eiam i\u0161pl\u0117timui ir atitraukimui, u\u017etikrindamas stipri\u0105 st\u016bmimo ir traukimo j\u0117g\u0105, tinkam\u0105 sunki\u0173 med\u017eiag\u0173 tvarkymui.<\/li>\n<li><strong>\u012evair\u016bs tipai:<\/strong> Galima \u012fsigyti vienpusio veikimo (veikian\u010dio viena kryptimi) arba dvipusio veikimo (veikian\u010dio abiem kryptimis) konfig\u016bracij\u0173, pritaikyt\u0173 \u012fvairiems eksploatavimo poreikiams.<\/li>\n<li><strong>Kompakti\u0161kas dizainas:<\/strong> Kai kurie modeliai pasi\u017eymi teleskopin\u0117mis konstrukcijomis, leid\u017eian\u010diomis pasiekti didesn\u012f plot\u0105 nepadidinant i\u0161orini\u0173 matmen\u0173, tod\u0117l idealiai tinka naudoti ribotoje erdv\u0117je.<\/li>\n<li><strong>Atsparumas korozijai:<\/strong> Sukurtas i\u0161 med\u017eiag\u0173, kurios atsparios dilimui ir korozijai, u\u017etikrinant, kad cilindras i\u0161laikyt\u0173 savo funkcionalum\u0105 laikui b\u0117gant.<\/li>\n<\/ul>\n<h2>Gamybos paj\u0117gumai<\/h2>\n<p>Mes galime pagaminti \u0161\u012f gamin\u012f, u\u017etikrindami, kad m\u016bs\u0173 cilindrai puikiai pakeis \u0161iuos hidraulinius komponentus, u\u017etikrindami tok\u012f pat\u012f na\u0161um\u0105 ir patikimum\u0105.<\/p>\n<p><img decoding=\"async\" src=\"https:\/\/www.hydraulic-cylinders.net\/wp-content\/uploads\/2025\/04\/songte-cylinder-head-with-all-kinds-excavator-models.webp\" alt=\"Hidraulini\u0173 cilindr\u0173 modeliai\"><\/p>\n<h2>Str\u0117l\u0117s cilindro pritaikymas<\/h2>\n<h3>Statybin\u0117 \u012franga<\/h3>\n<p>Str\u0117l\u0117s cilindras yra ekskavatoriuose ir atlieka gyvybi\u0161kai svarb\u0173 vaidmen\u012f kasant, kraunant ir perkeliant \u017eem\u0119 ar \u0161iuk\u0161les. Jis leid\u017eia efektyviai atlikti \u017eem\u0117s kasimo darbus, tod\u0117l yra vienas i\u0161 esmini\u0173 statybos darb\u0173 komponent\u0173.<\/p>\n<h3>\u017dem\u0117s \u016bkio technika<\/h3>\n<p>Priekiniuose krautuvuose str\u0117l\u0117s cilindras naudojamas dirvo\u017eemiui, \u0161ienui ir kitoms med\u017eiagoms semti, kelti ir transportuoti, taip prisidedant prie efektyvi\u0173 \u017eem\u0117s \u016bkio darb\u0173.<\/p>\n<h3>Ekskavatoriai<\/h3>\n<p>Str\u0117l\u0117s cilindras leid\u017eia kau\u0161ui prasiskverbti \u012f \u017eem\u0119, tod\u0117l padid\u0117ja ma\u0161inos kasimo galimyb\u0117s, tod\u0117l ji yra nepakei\u010diama statybos ir kasybos darbuose.<\/p>\n<h3>Krautuvai<\/h3>\n<p>Priekiniuose krautuvuose str\u0117l\u0117s cilindras padeda kelti ir i\u0161versti krovinius, taip u\u017etikrindamas greit\u0105 ir efektyv\u0173 med\u017eiag\u0173 tvarkym\u0105.<\/p>\n<h2>Dizaino aspektai<\/h2>\n<h3>Keliamoji galia<\/h3>\n<p>Str\u0117l\u0117s cilindro keliamoji galia yra labai svarbi, nes ji lemia, kiek svorio cilindras gali saugiai pakelti. Jis turi b\u016bti suprojektuotas taip, kad atlaikyt\u0173 maksimali\u0105 apkrov\u0105, numatom\u0105 eksploatacijos metu, nerizikuojant sugesti.<\/p>\n<h3>Sandarinimo efektyvumas<\/h3>\n<p>Efektyvus sandarinimas yra b\u016btinas norint i\u0161vengti hidraulinio skys\u010dio nuot\u0117kio ir palaikyti sl\u0117g\u012f. Auk\u0161tos kokyb\u0117s sandarikliai, pagaminti i\u0161 patvari\u0173 med\u017eiag\u0173, u\u017etikrina ilgaam\u017ei\u0161kum\u0105 ir patikimum\u0105 \u012fvairiomis s\u0105lygomis.<\/p>\n<h3>Patvarumas<\/h3>\n<p>Patvarumas yra svarbus aspektas, ypa\u010d sud\u0117tingomis s\u0105lygomis. Statyboje naudojamos med\u017eiagos turi atlaikyti nusid\u0117v\u0117jim\u0105, dilim\u0105 ir aplinkos veiksnius, kad laikui b\u0117gant i\u0161laikyt\u0173 savo eksploatacines savybes.<\/p>\n<h3>Saugos funkcijos<\/h3>\n<p>Projektuojant str\u0117l\u0117s cilindr\u0105, saugumas yra svarbiausias dalykas. Tokios savyb\u0117s kaip sl\u0117gio ma\u017einimo vo\u017etuvai ir tvirta konstrukcija padeda i\u0161vengti nelaiming\u0173 atsitikim\u0173 ir u\u017etikrina saug\u0173 darb\u0105 esant apkrovai.<\/p>\n<h3>Prieinamumas prie prie\u017ei\u016bros<\/h3>\n<p>Lengva prie\u017ei\u016bra yra svarbus projektavimo aspektas. Balionai tur\u0117t\u0173 b\u016bti suprojektuoti taip, kad b\u016bt\u0173 lengva pasiekti komponentus, kuriuos reikia reguliariai tikrinti ir keisti, taip u\u017etikrinant minimal\u0173 prastovos laik\u0105.<\/p>\n<p><img decoding=\"async\" src=\"https:\/\/www.hydraulic-cylinders.net\/wp-content\/uploads\/2025\/04\/songte-oil-pipes-and-spare-parts.webp\" alt=\"Hidraulini\u0173 cilindr\u0173 dalys\"><\/p>\n<h2>Sandarinimas ir tepimas<\/h2>\n<p>\u012evairi\u0173 sandarinimo komponent\u0173, toki\u0173 kaip st\u016bmokli\u0173 ir kot\u0173 sandarikliai, naudojimas yra labai svarbus str\u0117l\u0117s cilindro efektyviam veikimui. D\u0117l savo atsparumo dilimui da\u017eniausiai naudojami i\u0161 poliuretano ir nitrilo kau\u010diuko pagaminti sandarikliai. Cilindro korpusas ir srieginiai galai yra kruop\u0161\u010diai apdirbami, siekiant padidinti atsparum\u0105 dilimui ir u\u017etikrinti efektyv\u0173 cilindro veikim\u0105. Reguliarus tepimas hidrauline alyva yra b\u016btinas norint i\u0161laikyti funkcionalum\u0105 ir i\u0161vengti judan\u010di\u0173 dali\u0173 susid\u0117v\u0117jimo.<\/p>\n<h2>Prevencin\u0117s prie\u017ei\u016bros priemon\u0117s<\/h2>\n<ul>\n<li><strong>Reguliar\u016bs patikrinimai:<\/strong> Reguliar\u016bs nuot\u0117ki\u0173 ir susid\u0117v\u0117jimo patikrinimai gali pad\u0117ti i\u0161vengti dideli\u0173 gedim\u0173 ir pailginti cilindro tarnavimo laik\u0105.<\/li>\n<li><strong>Tinkamas tepimas:<\/strong> Nuolatinis pakankamo tepimo u\u017etikrinimas u\u017etikrina skland\u0173 hidraulin\u0117s sistemos veikim\u0105.<\/li>\n<li><strong>Sandariklio keitimas:<\/strong> Reguliariai keisti susid\u0117v\u0117jusius sandariklius yra labai svarbu norint palaikyti sl\u0117g\u012f ir i\u0161vengti nuot\u0117ki\u0173.<\/li>\n<\/ul>\n<h2>\u012erengimo gair\u0117s<\/h2>\n<p>Tinkamas montavimas yra b\u016btinas efektyviam str\u0117l\u0117s cilindro veikimui. Pirmiausia \u012fsitikinkite, kad cilindras yra tinkamai sulygiuotas su tvirtinimo ta\u0161kais. Naudokite tinkamus tvirtinimo laikiklius, kad pritvirtintum\u0117te cilindr\u0105 ir u\u017etikrintum\u0117te, jog jis tvirtai laikosi. Sumontav\u0119 patikrinkite, ar n\u0117ra kli\u016b\u010di\u0173, kurios gal\u0117t\u0173 trukdyti jud\u0117ti. Taip pat labai svarbu laikytis gamintojo nurodym\u0173 d\u0117l sukimo momento specifikacij\u0173 ir hidraulini\u0173 jung\u010di\u0173, kad b\u016bt\u0173 i\u0161vengta nuot\u0117ki\u0173 ir gedim\u0173.<\/p>\n<h2>\u012eprastos prie\u017ei\u016bros u\u017eduotys<\/h2>\n<h3>Reguliar\u016bs patikrinimai<\/h3>\n<p>Reguliar\u016bs patikrinimai yra labai svarb\u016bs norint anksti nustatyti susid\u0117v\u0117jim\u0105 ar pa\u017eeidimus. Reguliariai tikrinkite cilindr\u0105, ar n\u0117ra nuot\u0117ki\u0173, \u012ftr\u016bkim\u0173 ar korozijos po\u017eymi\u0173, kad u\u017etikrintum\u0117te, jog jis veikia be problem\u0173.<\/p>\n<h3>Tinkamas tepimas<\/h3>\n<p>Tinkamas tepimas yra labai svarbus str\u0117l\u0117s cilindro ilgaam\u017ei\u0161kumui. Reguliariai tikrinkite hidraulin\u0117s alyvos lyg\u012f ir u\u017etikrinkite, kad alyva b\u016bt\u0173 tepama ant vis\u0173 judan\u010di\u0173 dali\u0173, kad b\u016bt\u0173 i\u0161vengta trinties ir susid\u0117v\u0117jimo.<\/p>\n<h3>Tarpikli\u0173 keitimas ir kalibravimo patikrinimai<\/h3>\n<p>Norint i\u0161laikyti sandarumo vientisum\u0105, b\u016btina periodi\u0161kai keisti sandarikl\u012f. Be to, reguliar\u016bs kalibravimo patikrinimai u\u017etikrina, kad cilindras veikt\u0173 pagal nurodytus parametrus, taip pagerinant na\u0161um\u0105 ir saug\u0105.<\/p>\n<p><img decoding=\"async\" src=\"https:\/\/www.hydraulic-cylinders.net\/wp-content\/uploads\/2025\/04\/songte-chushion-collar.webp\" alt=\"Cilindro pagalv\u0117li\u0173 apykakl\u0117s\"><\/p>\n<h2>Saugos aspektai ir aplinkos veiksniai<\/h2>\n<p>Naudojant hidraulinius cilindrus, labai svarbu laikytis saugos priemoni\u0173. Operatoriai turi b\u016bti apmokyti saugaus darbo proced\u016br\u0173, kad b\u016bt\u0173 suma\u017einta nelaiming\u0173 atsitikim\u0173 rizika. Be to, u\u017etikrinant, kad naudojami hidrauliniai skys\u010diai b\u016bt\u0173 ekologi\u0161ki, padedama suma\u017einti ma\u0161in\u0173 eksploatavimo poveik\u012f aplinkai.<\/p>\n<h2>Trik\u010di\u0173 \u0161alinimas ir da\u017eniausiai pasitaikan\u010dios problemos<\/h2>\n<ul>\n<li><strong>Nuot\u0117kis:<\/strong> Da\u017eniausiai tai sukelia susid\u0117v\u0117j\u0119 sandarikliai, kuriuos galima i\u0161spr\u0119sti pakei\u010diant sugedusius sandariklius.<\/li>\n<li><strong>L\u0117tas veikimas:<\/strong> Tai gali rodyti \u017eem\u0105 hidraulinio skys\u010dio lyg\u012f arba or\u0105 sistemoje, kuriuos galima i\u0161taisyti patikrinus skys\u010dio lyg\u012f ir i\u0161leidus sistem\u0105.<\/li>\n<li><strong>Ne\u012fprasti garsai:<\/strong> \u0160lifavimo ar sprags\u0117jimo garsai gali rodyti mechanin\u012f gedim\u0105 arba tepimo tr\u016bkum\u0105, tod\u0117l reikia nedelsiant patikrinti ir galb\u016bt atlikti remont\u0105.<\/li>\n<\/ul>\n<h2>Trik\u010di\u0173 \u0161alinimo patarimai<\/h2>\n<p>Nor\u0117dami efektyviai pa\u0161alinti triktis, prad\u0117kite nuo problemos simptom\u0173 nustatymo. \u012esitikinkite, kad visos jungtys yra tvirtos, ir patikrinkite hidraulinio skys\u010dio lyg\u012f. Jei problemos i\u0161lieka, per\u017ei\u016br\u0117kite gamintojo rekomendacijas d\u0117l konkre\u010di\u0173 trik\u010di\u0173 \u0161alinimo nurodym\u0173 ir apsvarstykite prevencines priemones, kurios gali suma\u017einti problem\u0173 tikimyb\u0119 ateityje.<\/p>\n<p><img decoding=\"async\" src=\"https:\/\/www.hydraulic-cylinders.net\/wp-content\/uploads\/2025\/04\/songte-bushings-with-all-kinds-of-excavator-models.webp\" alt=\"Ekskavatoriaus \u012fvor\u0117s\"><\/p>\n<h2>\u012emon\u0117s ap\u017evalga<\/h2>\n<p>Esame pirmaujantis pakaitini\u0173 hidraulini\u0173 cilindr\u0173 gamintojas, si\u016blantis plat\u0173 gamini\u0173 asortiment\u0105. M\u016bs\u0173 \u012fsipareigojimas siekti meistri\u0161kumo leido mums tapti vienais geriausi\u0173 hidraulini\u0173 cilindr\u0173 gamintoj\u0173 ir didmeninink\u0173 tiek vidaus, tiek tarptautin\u0117se rinkose. Mes vadovaujam\u0117s kokybe, pasitelkdami pa\u017eangias gamybos valdymo strategijas ir moderniausi\u0105 \u012frang\u0105. M\u016bs\u0173 kvalifikuota darbo j\u0117ga ir tvirtos technologin\u0117s galimyb\u0117s u\u017etikrina, kad patenkintume \u012fvairius klient\u0173 poreikius, i\u0161laikydami auk\u0161tus efektyvumo ir tikslumo standartus.<\/p>\n<p><img decoding=\"async\" src=\"https:\/\/www.hydraulic-cylinders.net\/wp-content\/uploads\/2025\/04\/songte-company-4.webp\" alt=\"\u012emon\u0117s ap\u017evalga\"><br \/>\n<img decoding=\"async\" src=\"https:\/\/www.hydraulic-cylinders.net\/wp-content\/uploads\/2025\/04\/songte-company-3.webp\" alt=\"Gamybos \u012fmon\u0117\"><\/p>\n<p>M\u016bs\u0173 \u012fmon\u0117 pasi\u017eymi profesiniais sertifikatais, individualiu aptarnavimu ir i\u0161samiu aptarnavimu po pardavimo, u\u017etikrindama klient\u0173 pasitenkinim\u0105 kiekviename produkto gyvavimo ciklo etape.<\/p>\n<p>Autorius: lyl<\/p>","protected":false},"excerpt":{"rendered":"<p>Boom Cylinder For Zoomlion Middle Excavator ZE205E Product Overview The Boom Cylinder for Zoomlion Middle Excavator ZE205E is a crucial hydraulic component designed to control the movement of the boom on excavators. This hydraulic cylinder plays a significant role in operating heavy machinery, allowing the boom to lift, lower, and tilt, thereby facilitating efficient material [&hellip;]<\/p>","protected":false},"featured_media":17871,"comment_status":"open","ping_status":"closed","template":"","meta":{"_et_pb_use_builder":"","_et_pb_old_content":"","_et_gb_content_width":""},"product_brand":[],"product_cat":[1546],"product_tag":[1547,1496],"class_list":{"0":"post-19215","1":"product","2":"type-product","3":"status-publish","4":"has-post-thumbnail","6":"product_cat-boom-cylinders","7":"product_tag-boom-cylinders","8":"product_tag-hydraulic-cylinders","10":"first","11":"instock","12":"shipping-taxable","13":"product-type-simple"},"amp_enabled":true,"_links":{"self":[{"href":"https:\/\/www.hydraulic-cylinders.net\/lt\/wp-json\/wp\/v2\/product\/19215","targetHints":{"allow":["GET"]}}],"collection":[{"href":"https:\/\/www.hydraulic-cylinders.net\/lt\/wp-json\/wp\/v2\/product"}],"about":[{"href":"https:\/\/www.hydraulic-cylinders.net\/lt\/wp-json\/wp\/v2\/types\/product"}],"replies":[{"embeddable":true,"href":"https:\/\/www.hydraulic-cylinders.net\/lt\/wp-json\/wp\/v2\/comments?post=19215"}],"wp:featuredmedia":[{"embeddable":true,"href":"https:\/\/www.hydraulic-cylinders.net\/lt\/wp-json\/wp\/v2\/media\/17871"}],"wp:attachment":[{"href":"https:\/\/www.hydraulic-cylinders.net\/lt\/wp-json\/wp\/v2\/media?parent=19215"}],"wp:term":[{"taxonomy":"product_brand","embeddable":true,"href":"https:\/\/www.hydraulic-cylinders.net\/lt\/wp-json\/wp\/v2\/product_brand?post=19215"},{"taxonomy":"product_cat","embeddable":true,"href":"https:\/\/www.hydraulic-cylinders.net\/lt\/wp-json\/wp\/v2\/product_cat?post=19215"},{"taxonomy":"product_tag","embeddable":true,"href":"https:\/\/www.hydraulic-cylinders.net\/lt\/wp-json\/wp\/v2\/product_tag?post=19215"}],"curies":[{"name":"wp","href":"https:\/\/api.w.org\/{rel}","templated":true}]}}