{"id":19216,"date":"2025-04-07T06:18:34","date_gmt":"2025-04-07T06:18:34","guid":{"rendered":"https:\/\/www.hydraulic-cylinders.net\/product\/boom-cylinder-for-zoomlion-middle-excavator-ze210e\/"},"modified":"2025-04-07T06:18:36","modified_gmt":"2025-04-07T06:18:36","slug":"boom-cylinder-for-zoomlion-middle-excavator-ze210e","status":"publish","type":"product","link":"https:\/\/www.hydraulic-cylinders.net\/lt\/produktas\/boom-cylinder-for-zoomlion-middle-excavator-ze210e\/","title":{"rendered":"\u201eZoomlion\u201c vidutinio ekskavatoriaus ZE210E str\u0117l\u0117s cilindras"},"content":{"rendered":"<h1>\u201eZoomlion\u201c vidutinio ekskavatoriaus ZE210E str\u0117l\u0117s cilindras<\/h1>\n<h2>\u012evadas \u012f str\u0117l\u0117s cilindrus<\/h2>\n<p>Str\u0117l\u0117s cilindras yra labai svarbus hidraulinis komponentas, specialiai sukurtas sunkiosioms ma\u0161inoms, tokioms kaip ekskavatoriai, ekskavatoriniai krautuvai ir frontaliniai krautuvai. Jis valdo kau\u0161o jud\u0117jim\u0105, leisdamas jam kelti, nuleisti ir pakreipti, o tai yra labai svarbu atliekant \u012fvairias med\u017eiag\u0173 tvarkymo u\u017eduotis. Str\u0117l\u0117s cilindro funkcija apima daugiau nei vien k\u0117lim\u0105; jis atlieka svarb\u0173 vaidmen\u012f didinant ma\u0161inos veikimo efektyvum\u0105 ir na\u0161um\u0105. Integruoti \u012f hidraulin\u0119 sistem\u0105, str\u0117l\u0117s cilindrai naudoja hidraulin\u012f skyst\u012f j\u0117gai generuoti, tod\u0117l jie yra gyvybi\u0161kai svarb\u016bs u\u017eduotims, kurioms reikalinga didel\u0117 galia ir tikslumas. \u0160ie cilindrai yra sukurti taip, kad atlaikyt\u0173 auk\u0161t\u0105 sl\u0117g\u012f ir \u012fvairias darbo s\u0105lygas, u\u017etikrindami ilgaam\u017ei\u0161kum\u0105 ir patikimum\u0105.<\/p>\n<p><img decoding=\"async\" src=\"https:\/\/www.hydraulic-cylinders.net\/wp-content\/uploads\/2025\/04\/songte-company-1.webp\" alt=\"Str\u0117l\u0117s cilindro vaizdas\" \/><\/p>\n<h2>Pagrindin\u0117s str\u0117l\u0117s cilindro savyb\u0117s<\/h2>\n<ul>\n<li><strong>Didelis stiprumas ir ilgaam\u017ei\u0161kumas:<\/strong> Paprastai pagaminti i\u0161 didelio stiprumo plieno arba aliuminio, \u0161ie cilindrai yra sukurti taip, kad atlaikyt\u0173 auk\u0161t\u0105 sl\u0117g\u012f ir dideles apkrovas, tod\u0117l jie tinka at\u0161iaurioms darbo aplinkoms.<\/li>\n<li><strong>Efektyvus hidraulinis valdymas:<\/strong> Str\u0117l\u0117s cilindras veikia skland\u017eiai, naudodamas hidraulin\u0117s alyvos sl\u0117g\u012f, tod\u0117l greitai reaguoti \u012f valdymo komandas ir u\u017etikrinti dideles st\u016bmimo bei traukimo j\u0117gas, b\u016btinas sunkiems kroviniams gabenti.<\/li>\n<li><strong>\u012evair\u016bs galimi tipai:<\/strong> Galimi variantai: vienpusio veikimo (veikiantys viena kryptimi) arba dvipusio veikimo (veikiantys abiem kryptimis) cilindrai, pritaikyti \u012fvairiems eksploatavimo poreikiams, o kai kurie modeliai yra teleskopiniai, kad b\u016bt\u0173 galima pasiekti didesn\u012f atstum\u0105 ank\u0161tose erdv\u0117se.<\/li>\n<li><strong>Padidintas atsparumas dilimui:<\/strong> Sukurtas atsi\u017evelgiant \u012f atsparum\u0105 dilimui ir korozijai, kuris prailgina cilindro tarnavimo laik\u0105 ir u\u017etikrina patikim\u0105 veikim\u0105 laikui b\u0117gant.<\/li>\n<li><strong>Adaptyvus dizainas:<\/strong> Str\u0117l\u0117s cilindro konstrukcija atsi\u017evelgia \u012f specifinius skirting\u0173 ma\u0161in\u0173 reikalavimus, u\u017etikrinant optimal\u0173 funkcionalum\u0105 \u012fvairiose srityse.<\/li>\n<\/ul>\n<h2>Gamybos paj\u0117gumai<\/h2>\n<p>\u0160\u012f gamin\u012f gaminame tiksliai, u\u017etikrindami, kad m\u016bs\u0173 str\u0117l\u0117s cilindrai puikiai pakeis esamus hidraulinius cilindrus \u012fvairioje \u012frangoje. M\u016bs\u0173 gamybos procese naudojamos pa\u017eangios technologijos ir grie\u017etos kokyb\u0117s kontrol\u0117s priemon\u0117s, siekiant u\u017etikrinti, kad kiekvienas cilindras atitikt\u0173 pramon\u0117s standartus.<\/p>\n<p><img decoding=\"async\" src=\"https:\/\/www.hydraulic-cylinders.net\/wp-content\/uploads\/2025\/04\/songte-cylinder-head-with-all-kinds-excavator-models.webp\" alt=\"Ekskavatori\u0173 modeli\u0173 vaizdas\" \/><\/p>\n<h2>Str\u0117l\u0117s cilindr\u0173 pritaikymas<\/h2>\n<h3>Statybin\u0117 \u012franga<\/h3>\n<p>Ekskavatoriuose str\u0117l\u0117s cilindrai yra b\u016btini kasant, kraunant ir perkeliant grunt\u0105 ar \u0161iuk\u0161les. Jie leid\u017eia kau\u0161ui efektyviai \u012fsiskverbti \u012f \u017eem\u0119, taip pagerindami ma\u0161inos kasimo galimybes. Ekskavatoriuose-krautuvuose naudojamas str\u0117l\u0117s cilindras ne tik palengvina kasim\u0105, bet ir padeda kelti sunkius krovinius, suteikdamas universalumo statybos darbams.<\/p>\n<h3>\u017dem\u0117s \u016bkio technika<\/h3>\n<p>Priekiniuose krautuvuose str\u0117l\u0117s cilindrai yra gyvybi\u0161kai svarb\u016bs med\u017eiagoms, tokioms kaip dirvo\u017eemis, \u0161ienas ir kiti \u017eem\u0117s \u016bkio produktai, semti, kelti ir transportuoti. \u0160i\u0173 cilindr\u0173 efektyvumas tiesiogiai veikia \u017eem\u0117s \u016bkio operacij\u0173 produktyvum\u0105, leisdamas \u016bkininkams efektyviau valdyti savo u\u017eduotis.<\/p>\n<h3>Ekskavatoriai<\/h3>\n<p>Ekskavatoriuose str\u0117l\u0117s cilindras leid\u017eia kau\u0161ui \u012fkasti dirv\u0105, tod\u0117l jis yra nepakei\u010diama ma\u0161inos dalis. Jo konstrukcija optimizuoja kasimo veiksm\u0105, leisdama operatoriams pasiekti didesn\u012f gyl\u012f ir efektyvum\u0105 atliekant kasimo darbus.<\/p>\n<h3>Krautuvai<\/h3>\n<p>Priekiniuose krautuvuose str\u0117l\u0117s cilindrai padeda efektyviai kelti ir i\u0161versti krovinius. \u0160i\u0173 cilindr\u0173 tvirtumas ir reagavimas u\u017etikrina, kad sunkias med\u017eiagas b\u016bt\u0173 galima greitai ir saugiai perkelti, taip padidinant bendr\u0105 veiklos na\u0161um\u0105.<\/p>\n<h2>Projektavimo aspektai ir atrankos kriterijai<\/h2>\n<h3>Keliamoji galia<\/h3>\n<p>Str\u0117l\u0117s cilindro keliamoji galia yra labai svarbus projektavimo aspektas. Jis turi atlaikyti maksimal\u0173 perkeliam\u0173 med\u017eiag\u0173 svor\u012f. In\u017einieriai turi \u012fvertinti cilindro svor\u012f ir s\u0105lygas, kuriomis jis veiks, u\u017etikrindami, kad jis gal\u0117t\u0173 atlaikyti did\u017eiausias apkrovas be gedim\u0173. Tinkami skai\u010diavimai ir saugos veiksniai yra b\u016btini projektavimo procese, siekiant u\u017etikrinti mechanizm\u0173 patikimum\u0105 ir saug\u0105.<\/p>\n<h3>Sandarumo vientisumas<\/h3>\n<p>Sandarinimas yra dar vienas svarbus str\u0117l\u0117s cilindro konstrukcijos aspektas. Auk\u0161tos kokyb\u0117s sandarikliai apsaugo nuo hidraulinio skys\u010dio nuot\u0117kio, kuris gali sukelti na\u0161umo problem\u0173 ir pa\u017eeidim\u0173. Patvari\u0173 sandarinimo med\u017eiag\u0173, toki\u0173 kaip poliuretanas ir nitrilo kau\u010diukas, naudojimas u\u017etikrina, kad sandarikliai atlaikyt\u0173 su hidraulin\u0117mis operacijomis susijus\u012f sl\u0117g\u012f ir trint\u012f. Gerai suprojektuota sandarinimo sistema padidina cilindro ilgaam\u017ei\u0161kum\u0105 ir suma\u017eina technin\u0117s prie\u017ei\u016bros darb\u0173 da\u017enum\u0105.<\/p>\n<h3>Patvarumas<\/h3>\n<p>Projektuojant str\u0117l\u0117s cilindrus, svarbiausia yra patvarumas. Naudojamos med\u017eiagos turi b\u016bti atsparios dilimui ir korozijai, kuri\u0105 sukelia aplinkos veiksniai ir pats hidraulinis skystis. Gamintojai da\u017enai atlieka grie\u017etus \u0161i\u0173 cilindr\u0173 bandymus, kad imituot\u0173 realias s\u0105lygas ir u\u017etikrint\u0173, jog jie gal\u0117t\u0173 ilgai naudoti be reik\u0161mingo pablog\u0117jimo.<\/p>\n<h3>Saugos funkcijos<\/h3>\n<p>Saugos funkcijos yra labai svarbios projektuojant str\u0117l\u0117s cilindrus. Tai apima mechanizmus, skirtus u\u017ekirsti keli\u0105 per dideliam i\u0161tempimui ir perkrovai, kurie gali sukelti katastrofi\u0161kus gedimus. Gamintojai privalo \u012fdiegti saugos protokolus ir standartus, kad apsaugot\u0173 operatorius ir \u012frang\u0105 darbo metu.<\/p>\n<h3>Prie\u017ei\u016bra ir tinkamumas naudoti<\/h3>\n<p>Projektuojant str\u0117l\u0117s cilindrus atsi\u017evelgiant \u012f j\u0173 technin\u0119 prie\u017ei\u016br\u0105, labai svarbu u\u017etikrinti ilgalaik\u012f veikim\u0105. Tokios savyb\u0117s kaip lengvai prieinamos tepimo angos, kei\u010diami sandarikliai ir standartizuoti komponentai palengvina \u012fprastinius patikrinimus ir remont\u0105. Gerai suprojektuotas cilindras leid\u017eia patogiai atlikti technin\u0119 prie\u017ei\u016br\u0105, suma\u017einti prastovas ir padidinti na\u0161um\u0105.<\/p>\n<p><img decoding=\"async\" src=\"https:\/\/www.hydraulic-cylinders.net\/wp-content\/uploads\/2025\/04\/songte-oil-pipes-and-spare-parts.webp\" alt=\"Hidraulini\u0173 dali\u0173 vaizdas\" \/><\/p>\n<h2>Sandarinimas ir tepimas<\/h2>\n<p>Efektyvus sandarinimas ir tepimas yra labai svarb\u016bs str\u0117l\u0117s cilindr\u0173 veikimui. Siekiant i\u0161vengti hidraulinio skys\u010dio nuot\u0117kio, naudojami \u012fvair\u016bs sandarinimo komponentai, \u012fskaitant st\u016bmokli\u0173 ir stryp\u0173 sandariklius. \u0160iems sandarikliams pasirinktos med\u017eiagos, tokios kaip poliuretanas ir nitrilo kau\u010diukas, yra \u017einomos d\u0117l savo atsparumo dilimui ir ilgaam\u017ei\u0161kumo. Cilindro korpusas ir srieginiai galiniai pavir\u0161iai yra kruop\u0161\u010diai apdorojami, siekiant padidinti atsparum\u0105 dilimui. Reguliarus tepimas tinkama hidrauline alyva yra b\u016btinas norint i\u0161laikyti optimal\u0173 na\u0161um\u0105 ir i\u0161vengti per didelio susid\u0117v\u0117jimo laikui b\u0117gant.<\/p>\n<h2>Prevencin\u0117s prie\u017ei\u016bros priemon\u0117s<\/h2>\n<ul>\n<li><strong>Reguliar\u016bs patikrinimai:<\/strong> Norint u\u017etikrinti efektyv\u0173 ir saug\u0173 cilindro veikim\u0105, b\u016btina periodi\u0161kai tikrinti, ar n\u0117ra nuot\u0117ki\u0173, pa\u017eeidim\u0173 ir susid\u0117v\u0117jimo. Operatoriai tur\u0117t\u0173 b\u016bti apmokyti anksti atpa\u017einti galim\u0173 problem\u0173 po\u017eymius.<\/li>\n<li><strong>Tinkamas tepimas:<\/strong> Reguliariai tepti cilindr\u0105 tinkama hidrauline alyva yra labai svarbu norint i\u0161laikyti jo funkcionalum\u0105. Operatoriai tur\u0117t\u0173 laikytis tepimo grafiko, pagr\u012fsto naudojimu ir gamintojo rekomendacijomis.<\/li>\n<li><strong>Sandarinimo element\u0173 keitimas:<\/strong> Laikui b\u0117gant, sandarikliai gali susid\u0117v\u0117ti ir juos reikia keisti. Reguliariai tikrinant sandarikli\u0173 b\u016bkl\u0119 ir kei\u010diant juos prireikus, galima i\u0161vengti nuot\u0117ki\u0173 ir eksploatacini\u0173 gedim\u0173.<\/li>\n<\/ul>\n<h2>\u012erengimo gair\u0117s<\/h2>\n<p>Tinkamas str\u0117l\u0117s cilindr\u0173 montavimas yra b\u016btinas optimaliam veikimui. Pirmiausia \u012fsitikinkite, kad cilindras suderinamas su konkre\u010diu \u012frangos modeliu. Tinkamai sulygiuokite cilindr\u0105 su tvirtinimo ta\u0161kais, naudodami tinkamus tvirtinimo laikiklius, kad j\u012f tvirtai pritvirtintum\u0117te. Atkreipkite d\u0117mes\u012f \u012f hidraulines jungtis, \u012fsitikinkite, kad jos yra tvirtos ir nepraleid\u017eia vandens. Prie\u0161 naudodami mechanizm\u0105, atlikite veikimo bandym\u0105, kad \u012fsitikintum\u0117te, jog cilindras veikia skland\u017eiai, be joki\u0173 ne\u012fprast\u0173 gars\u0173 ar pasiprie\u0161inimo. \u0160i\u0173 gairi\u0173 laikymasis pad\u0117s i\u0161vengti prie\u0161laikinio susid\u0117v\u0117jimo ir gedim\u0173, u\u017etikrindamas komponento ilgaam\u017ei\u0161kum\u0105.<\/p>\n<h2>\u012eprastos prie\u017ei\u016bros u\u017eduotys<\/h2>\n<ul>\n<li><strong>Reguliar\u016bs patikrinimai:<\/strong> Norint i\u0161laikyti str\u0117l\u0117s cilindro veikim\u0105, labai svarbu reguliariai atlikti i\u0161samius patikrinimus, siekiant nustatyti susid\u0117v\u0117jimo, pa\u017eeidim\u0173 ar nuot\u0117ki\u0173 po\u017eymius.<\/li>\n<li><strong>Tinkamas tepimas:<\/strong> \u012esitikinkite, kad hidraulinis cilindras yra tinkamai suteptas tinkamo tipo hidrauline alyva, kuri yra labai svarbi skland\u017eiam veikimui ir ilgaam\u017ei\u0161kumui.<\/li>\n<li><strong>Sandariklio keitimas:<\/strong> Laiku kei\u010diami sandarikliai yra b\u016btini siekiant i\u0161vengti nuot\u0117ki\u0173 ir u\u017etikrinti efektyv\u0173 str\u0117l\u0117s cilindro veikim\u0105. Operatoriai tur\u0117t\u0173 \u017einoti \u017eenklus, rodan\u010dius, kad reikia keisti sandariklius.<\/li>\n<\/ul>\n<h2>Saugos aspektai ir aplinkos veiksniai<\/h2>\n<p>Naudojant str\u0117l\u0117s cilindrus, saugos priemon\u0117s yra nepaprastai svarbios. Operatoriai tur\u0117t\u0173 b\u016bti apmokyti teising\u0173 hidraulin\u0117s \u012frangos naudojimo proced\u016br\u0173, \u012fskaitant supratim\u0105 apie su auk\u0161to sl\u0117gio sistemomis susijusi\u0105 rizik\u0105. Reikia d\u0117v\u0117ti tinkamas apsaugines priemones, o mechanizmai turi b\u016bti valdomi pagal gamintojo nurodymus, kad b\u016bt\u0173 i\u0161vengta nelaiming\u0173 atsitikim\u0173. Aplinkos veiksniai, pavyzd\u017eiui, at\u0161iaurios oro s\u0105lygos, taip pat gali tur\u0117ti \u012ftakos str\u0117l\u0117s cilindr\u0173 veikimui ir ilgaam\u017ei\u0161kumui, tod\u0117l eksploatacijos metu b\u016btina atsi\u017evelgti \u012f apsaugos priemones.<\/p>\n<h2>Trik\u010di\u0173 \u0161alinimas ir da\u017eniausiai pasitaikan\u010dios problemos<\/h2>\n<ul>\n<li><strong>Galios praradimas:<\/strong> Jei str\u0117l\u0117s cilindras praranda darbin\u0119 gali\u0105, tai gali b\u016bti d\u0117l \u017eemo hidraulinio skys\u010dio lygio arba nuot\u0117ki\u0173 sistemoje. Patikrinkite skys\u010dio lyg\u012f ir ap\u017ei\u016br\u0117kite, ar n\u0117ra matom\u0173 nuot\u0117ki\u0173.<\/li>\n<li><strong>Ne\u012fprasti garsai:<\/strong> Tokie garsai kaip girg\u017ed\u0117jimas ar beldimas gali rodyti vidini\u0173 komponent\u0173 susid\u0117v\u0117jim\u0105 arba pa\u017eeidimus. Nedelsdami nutraukite darb\u0105 ir patikrinkite, ar cilindre n\u0117ra koki\u0173 nors pa\u017eeidim\u0173 po\u017eymi\u0173.<\/li>\n<li><strong>Nenuoseklus jud\u0117jimas:<\/strong> Jei str\u0117l\u0117s cilindras skland\u017eiai nei\u0161siple\u010dia arba nesusitraukia, tai gali b\u016bti d\u0117l u\u017esikim\u0161imo arba oro hidraulin\u0117je sistemoje. I\u0161leiskite or\u0105 i\u0161 sistemos ir pa\u0161alinkite visus u\u017esikim\u0161imus, kad atkurtum\u0117te veikim\u0105.<\/li>\n<\/ul>\n<h2>Trik\u010di\u0173 \u0161alinimo patarimai<\/h2>\n<p>Nor\u0117dami veiksmingai pa\u0161alinti str\u0117l\u0117s cilindr\u0173 problemas, operatoriai tur\u0117t\u0173 tvarkyti i\u0161sam\u0173 na\u0161umo ir bet koki\u0173 nukrypim\u0173 \u017eurnal\u0105. Reguliar\u016bs mokymai apie da\u017eniausiai pasitaikan\u010dias problemas ir j\u0173 sprendimus gali suteikti operatoriams galimyb\u0119 spr\u0119sti nedidelius klausimus, kol jie dar nepa\u016bm\u0117jo. Profilaktin\u0117s prie\u017ei\u016bros grafiko \u012fgyvendinimas suma\u017eina gedim\u0173 tikimyb\u0119 ir pailgina \u012frangos tarnavimo laik\u0105. Reguliarus bendravimas su gamintoju arba tiek\u0117ju taip pat gali suteikti verting\u0173 \u012f\u017evalg\u0173, kaip palaikyti optimal\u0173 na\u0161um\u0105.<\/p>\n<p><img decoding=\"async\" src=\"https:\/\/www.hydraulic-cylinders.net\/wp-content\/uploads\/2025\/04\/songte-bushings-with-all-kinds-of-excavator-models.webp\" alt=\"Ekskavatoriaus \u012fvori\u0173 vaizdas\" \/><\/p>\n<h2>Apie m\u016bs\u0173 \u012fmon\u0119<\/h2>\n<p>Esame pirmaujantis hidraulini\u0173 cilindr\u0173 gamintojas, specializuojantis auk\u0161tos kokyb\u0117s pakaitini\u0173 cilindr\u0173, skirt\u0173 \u012fvairioms reikm\u0117ms, gamyboje. Tur\u0117dami plat\u0173 gamini\u0173 asortiment\u0105, \u012fsitvirtinome kaip vieni i\u0161 pirmaujan\u010di\u0173 gamintoj\u0173 ir didmeninink\u0173 tiek vidaus, tiek tarptautin\u0117se rinkose. M\u016bs\u0173 \u012fsipareigojimas siekti meistri\u0161kumo atsispindi m\u016bs\u0173 patobulintose gamybos valdymo strategijose, kurias palaiko pa\u017eangios gamybos technologijos ir kvalifikuota darbo j\u0117ga. Nuolat tobuliname savo gamybos paj\u0117gumus ir u\u017etikriname, kad kiekvienas produktas atitikt\u0173 auk\u0161\u010diausius kokyb\u0117s ir na\u0161umo standartus.<\/p>\n<p><img decoding=\"async\" src=\"https:\/\/www.hydraulic-cylinders.net\/wp-content\/uploads\/2025\/04\/songte-company-4.webp\" alt=\"\u012emon\u0117s paveiksl\u0117lis 1\" \/><br \/>\n<img decoding=\"async\" src=\"https:\/\/www.hydraulic-cylinders.net\/wp-content\/uploads\/2025\/04\/songte-company-3.webp\" alt=\"\u012emon\u0117s paveiksl\u0117lis 2\" \/><\/p>\n<p>M\u016bs\u0173 atsidavimas profesionalumui matomas i\u0161 tarptautini\u0173 sertifikat\u0173, individualiai pritaikom\u0173 paslaug\u0173, moderniausios gamybos \u012frangos ir i\u0161skirtinio aptarnavimo po pardavimo. Siekiame patenkinti \u012fvairius klient\u0173 poreikius, kartu daugiausia d\u0117mesio skirdami kokybei ir efektyvumui.<\/p>\n<p>Autorius: lyl<\/p>","protected":false},"excerpt":{"rendered":"<p>Boom Cylinder For Zoomlion Middle Excavator ZE210E Introduction to Boom Cylinders The Boom Cylinder is a crucial hydraulic component designed specifically for heavy machinery such as excavators, backhoe loaders, and front loaders. It controls the movement of the bucket, allowing it to lift, lower, and tilt, which is essential for various material handling tasks. The [&hellip;]<\/p>","protected":false},"featured_media":17872,"comment_status":"open","ping_status":"closed","template":"","meta":{"_et_pb_use_builder":"","_et_pb_old_content":"","_et_gb_content_width":""},"product_brand":[],"product_cat":[1546],"product_tag":[1547,1496],"class_list":{"0":"post-19216","1":"product","2":"type-product","3":"status-publish","4":"has-post-thumbnail","6":"product_cat-boom-cylinders","7":"product_tag-boom-cylinders","8":"product_tag-hydraulic-cylinders","10":"first","11":"instock","12":"shipping-taxable","13":"product-type-simple"},"amp_enabled":true,"_links":{"self":[{"href":"https:\/\/www.hydraulic-cylinders.net\/lt\/wp-json\/wp\/v2\/product\/19216","targetHints":{"allow":["GET"]}}],"collection":[{"href":"https:\/\/www.hydraulic-cylinders.net\/lt\/wp-json\/wp\/v2\/product"}],"about":[{"href":"https:\/\/www.hydraulic-cylinders.net\/lt\/wp-json\/wp\/v2\/types\/product"}],"replies":[{"embeddable":true,"href":"https:\/\/www.hydraulic-cylinders.net\/lt\/wp-json\/wp\/v2\/comments?post=19216"}],"wp:featuredmedia":[{"embeddable":true,"href":"https:\/\/www.hydraulic-cylinders.net\/lt\/wp-json\/wp\/v2\/media\/17872"}],"wp:attachment":[{"href":"https:\/\/www.hydraulic-cylinders.net\/lt\/wp-json\/wp\/v2\/media?parent=19216"}],"wp:term":[{"taxonomy":"product_brand","embeddable":true,"href":"https:\/\/www.hydraulic-cylinders.net\/lt\/wp-json\/wp\/v2\/product_brand?post=19216"},{"taxonomy":"product_cat","embeddable":true,"href":"https:\/\/www.hydraulic-cylinders.net\/lt\/wp-json\/wp\/v2\/product_cat?post=19216"},{"taxonomy":"product_tag","embeddable":true,"href":"https:\/\/www.hydraulic-cylinders.net\/lt\/wp-json\/wp\/v2\/product_tag?post=19216"}],"curies":[{"name":"wp","href":"https:\/\/api.w.org\/{rel}","templated":true}]}}