{"id":19217,"date":"2025-04-07T06:18:36","date_gmt":"2025-04-07T06:18:36","guid":{"rendered":"https:\/\/www.hydraulic-cylinders.net\/product\/boom-cylinder-for-zoomlion-middle-excavator-ze220elc\/"},"modified":"2025-04-07T06:18:39","modified_gmt":"2025-04-07T06:18:39","slug":"boom-cylinder-for-zoomlion-middle-excavator-ze220elc","status":"publish","type":"product","link":"https:\/\/www.hydraulic-cylinders.net\/lt\/produktas\/boom-cylinder-for-zoomlion-middle-excavator-ze220elc\/","title":{"rendered":"\u201eZoomlion\u201c vidutinio ekskavatoriaus ZE220ELC str\u0117l\u0117s cilindras"},"content":{"rendered":"<h1>\u201eZoomlion\u201c vidutinio ekskavatoriaus ZE220ELC str\u0117l\u0117s cilindras<\/h1>\n<h2>Produkto ap\u017evalga<\/h2>\n<p>\u201eZoomlion\u201c vidutinio profilio ekskavatoriaus ZE220ELC str\u0117l\u0117s cilindras yra specializuotas hidraulinis cilindras, skirtas valdyti ekskavatoriaus str\u0117l\u0117s jud\u0117jim\u0105. \u0160is komponentas atlieka labai svarb\u0173 vaidmen\u012f hidraulin\u0117se sistemose, u\u017etikrinant tiksl\u0173 veikim\u0105 atliekant sud\u0117tingas u\u017eduotis. Kau\u0161o cilindras yra b\u016btinas \u012fvairioms sunkiosioms ma\u0161inoms, tokioms kaip ekskavatoriai, ekskavatoriniai krautuvai ir frontaliniai krautuvai, nes palengvina kau\u0161o k\u0117lim\u0105, nuleidim\u0105 ir pakreipim\u0105. \u0160i funkcija labai pagerina med\u017eiag\u0173 tvarkymo operacijas, leisdama efektyviai perkelti dirvo\u017eem\u012f, \u0161iuk\u0161les ir kitas med\u017eiagas.<\/p>\n<p><img decoding=\"async\" src=\"https:\/\/www.hydraulic-cylinders.net\/wp-content\/uploads\/2025\/04\/songte-company-1.webp\" alt=\"Ekskavatoriaus str\u0117l\u0117s cilindras\"><\/p>\n<h2>Str\u0117l\u0117s cilindro savyb\u0117s<\/h2>\n<ul>\n<li><strong>Didelis stiprumas ir ilgaam\u017ei\u0161kumas:<\/strong> \u0160ie cilindrai, pagaminti i\u0161 didelio stiprumo plieno arba aliuminio, gali atlaikyti didel\u012f sl\u0117g\u012f ir dideles apkrovas, tuo pa\u010diu metu s\u0117kmingai dirbant at\u0161iauriomis darbo s\u0105lygomis. Special\u016bs konstrukcijos aspektai u\u017etikrina atsparum\u0105 dilimui ir apsaug\u0105 nuo korozijos, pailgindami j\u0173 eksploatavimo laik\u0105.<\/li>\n<li><strong>Efektyvus hidraulinis valdymas:<\/strong> Cilindras naudoja hidraulin\u0117s alyvos sl\u0117g\u012f, kad skland\u017eiai i\u0161skleist\u0173 ir atitraukt\u0173, tod\u0117l greitai reaguoti \u012f operatoriaus komandas ir u\u017etikrinti stipri\u0105 st\u016bmimo ir traukimo j\u0117g\u0105, tinkam\u0105 sunkioms ir sud\u0117tingoms u\u017eduotims atlikti.<\/li>\n<li><strong>\u012evair\u016bs tipai:<\/strong> \u012evairiems eksploatavimo poreikiams patenkinti si\u016blomi vienpusio veikimo (hidraulinis mechanizmas naudojamas viena kryptimi) ir dvipusio veikimo (hidraulinis mechanizmas naudojamas abiem kryptimis) cilindrai. Kai kurie modeliai pasi\u017eymi teleskopin\u0117mis konstrukcijomis, kurios leid\u017eia didesn\u012f i\u0161pl\u0117tim\u0105 nedidinant i\u0161orini\u0173 matmen\u0173, tod\u0117l jie idealiai tinka naudoti ribotoje erdv\u0117je.<\/li>\n<li><strong>Individuali gamyba:<\/strong> Mes specializuojam\u0117s \u0161i\u0173 cilindr\u0173 gamyboje, kurie gali puikiai pakeisti esamus hidraulinius cilindrus, u\u017etikrindami suderinamum\u0105 ir na\u0161um\u0105.<\/li>\n<\/ul>\n<p><img decoding=\"async\" src=\"https:\/\/www.hydraulic-cylinders.net\/wp-content\/uploads\/2025\/04\/songte-cylinder-head-with-all-kinds-excavator-models.webp\" alt=\"Ekskavatoriaus cilindro galvut\u0117\"><\/p>\n<h2>Taikymo scenarijai<\/h2>\n<h3>Statybin\u0117 \u012franga<\/h3>\n<p>Ekskavatoriuose str\u0117l\u0117s cilindrai yra labai svarb\u016bs kasant, kraunant ir perkeliant \u017eem\u0119 ar \u0161iuk\u0161les. Tikslus j\u0173 valdymas leid\u017eia operatoriams efektyviai atlikti \u012fvairias u\u017eduotis, nesvarbu, ar tai b\u016bt\u0173 pamat\u0173 kasimas, ar med\u017eiag\u0173 perk\u0117limas darbo vietoje. Ekskavatoriuose-krautuvuose kau\u0161o cilindras padeda ne tik kasti, bet ir kelti, taip padidindamas universalum\u0105.<\/p>\n<h3>\u017dem\u0117s \u016bkio technika<\/h3>\n<p>Priekiniams krautuvams \u0161ie cilindrai yra b\u016btini dirvo\u017eemio, \u0161ieno ar kit\u0173 med\u017eiag\u0173 s\u0117jimui, k\u0117limui ir transportavimui. Jie leid\u017eia \u016bkininkams efektyviai valdyti i\u0161teklius, tiek kraunant pa\u0161arus, tiek perkeliant dirv\u0105 sodinimui.<\/p>\n<h3>Kasimo u\u017eduotys<\/h3>\n<p>Ekskavatoriuose kau\u0161o cilindras leid\u017eia kau\u0161ui \u012fsiskverbti \u012f dirv\u0105, taip palengvindamas efektyv\u0173 kasim\u0105. Hidraulin\u0117 sistema suteikia reikiam\u0105 j\u0117g\u0105, kad b\u016bt\u0173 galima \u012fveikti sud\u0117ting\u0105 grunt\u0105, tod\u0117l ji yra gyvybi\u0161kai svarbi statybos ir kra\u0161tovaizd\u017eio tvarkymo projektuose.<\/p>\n<h3>Pakrovimo operacijos<\/h3>\n<p>Priekiniuose krautuvuose \u0161ie cilindrai yra labai svarb\u016bs efektyviam krovini\u0173 k\u0117limui ir i\u0161krovimui. Jie leid\u017eia efektyviai tvarkyti med\u017eiagas, u\u017etikrindami, kad operatoriai gal\u0117t\u0173 greitai pakrauti ir i\u0161krauti tokias med\u017eiagas kaip \u017evyras, dirvo\u017eemis ar statybin\u0117s atliekos.<\/p>\n<h2>Projektavimo aspektai ir atrankos kriterijai<\/h2>\n<h3>Apkrovos paj\u0117gumas<\/h3>\n<p>Projektuojant str\u0117l\u0117s cilindr\u0105, vienas i\u0161 pagrindini\u0173 aspekt\u0173 yra jo keliamoji galia. \u0160i savyb\u0117 lemia, kiek svorio cilindras gali saugiai pakelti ir valdyti eksploatacijos metu. In\u017einieriai turi atsi\u017evelgti \u012f maksimali\u0105 ekskavatoriaus patiriam\u0105 apkrov\u0105, u\u017etikrindami, kad cilindras b\u016bt\u0173 skirtas tokiam svoriui su tinkama saugos riba. Naudotos med\u017eiagos, cilindro sieneli\u0173 storis ir bendra konstrukcija atlieka svarb\u0173 vaidmen\u012f siekiant norimo paj\u0117gumo.<\/p>\n<h3>Sandarinimo efektyvumas<\/h3>\n<p>Efektyvus sandarinimas yra gyvybi\u0161kai svarbus hidraulini\u0173 cilindr\u0173 ilgaam\u017ei\u0161kumui ir efektyvumui. Sandarikliai neleid\u017eia hidrauliniam skys\u010diui nutek\u0117ti, tod\u0117l i\u0161saugomas sl\u0117gis ir pagerinamas na\u0161umas. Kokybi\u0161ki sandarikliai, pagaminti i\u0161 patvari\u0173 med\u017eiag\u0173, toki\u0173 kaip poliuretanas arba nitrilo kau\u010diukas, yra b\u016btini norint i\u0161laikyti sistemos vientisum\u0105. Projektuojant taip pat reikia atsi\u017evelgti \u012f galim\u0105 susid\u0117v\u0117jim\u0105 d\u0117l trinties, u\u017etikrinant, kad sandarikliai atlaikyt\u0173 eksploatacin\u0119 aplink\u0105.<\/p>\n<h3>Patvarumas ir ilgaam\u017ei\u0161kumas<\/h3>\n<p>Patvarumas yra pagrindinis str\u0117l\u0117s cilindr\u0173 konstrukcijos veiksnys. Atsi\u017evelgiant \u012f at\u0161iaurias s\u0105lygas, kuriomis jie da\u017enai veikia, gamintojai turi naudoti med\u017eiagas ir dangas, kurios yra atsparios dilimui ir korozijai. \u0160is patvarumas ne tik pailgina cilindro tarnavimo laik\u0105, bet ir suma\u017eina prie\u017ei\u016bros i\u0161laidas bei prastovas. Reguliarus cilindro b\u016bkl\u0117s vertinimas gali pad\u0117ti nustatyti susid\u0117v\u0117jim\u0105, kol jis nesugedo.<\/p>\n<h3>Saugos funkcijos<\/h3>\n<p>Projektuojant hidraulinius cilindrus, saugumas yra svarbiausias dalykas. Tokios savyb\u0117s kaip sl\u0117gio ma\u017einimo vo\u017etuvai gali u\u017ekirsti keli\u0105 perkrovoms, o tvirta konstrukcija gali atlaikyti netik\u0117tus sm\u016bgius. Labai svarbu u\u017etikrinti, kad visi komponentai atitikt\u0173 saugos standartus, nes gedimai gali sukelti nelaimingus atsitikimus tiek operatoriams, tiek pa\u0161aliniams asmenims. Projektavimo etape b\u016btina atkreipti d\u0117mes\u012f \u012f saug\u0105, siekiant suma\u017einti su hidraulin\u0117mis ma\u0161inomis susijusi\u0105 rizik\u0105.<\/p>\n<h3>Prie\u017ei\u016bra ir remonto galimyb\u0117s<\/h3>\n<p>Svarbus projektavimo aspektas yra prie\u017ei\u016bros paprastumas. Hidrauliniai cilindrai tur\u0117t\u0173 b\u016bti lengvai reguliariai tikrinami ir pri\u017ei\u016brimi, \u012fskaitant lengv\u0105 prieig\u0105 prie sandarikli\u0173 ir kit\u0173 komponent\u0173, kuriuos reikia periodi\u0161kai keisti. Projektuotojai turi apsvarstyti, kaip cilindras bus sumontuotas ir naudojamas kartu su mechanizmais, kad b\u016bt\u0173 u\u017etikrinta, jog prie\u017ei\u016bros u\u017eduotys b\u016bt\u0173 atliekamos efektyviai be didelio i\u0161montavimo.<\/p>\n<p><img decoding=\"async\" src=\"https:\/\/www.hydraulic-cylinders.net\/wp-content\/uploads\/2025\/04\/songte-oil-pipes-and-spare-parts.webp\" alt=\"Hidraulini\u0173 cilindr\u0173 dalys\"><\/p>\n<h2>Sandarinimas ir tepimas<\/h2>\n<p>Sandarinimas ir tepimas atlieka labai svarb\u0173 vaidmen\u012f hidraulini\u0173 cilindr\u0173 veikime. Siekiant i\u0161vengti skys\u010dio nuot\u0117kio ir palaikyti sl\u0117g\u012f, naudojami \u012fvair\u016bs sandarikliai, pavyzd\u017eiui, st\u016bmokli\u0173 ir stryp\u0173 sandarikliai. Sandarikliai paprastai gaminami i\u0161 patvari\u0173 med\u017eiag\u0173, toki\u0173 kaip poliuretanas ir nitrilo kau\u010diukas, kurios yra atsparios dilimui ir aplinkos veiksniams. Cilindro korpusas ir srieginiai galai yra kruop\u0161\u010diai apdirbami, kad padid\u0117t\u0173 atsparumas dilimui. Be to, norint u\u017etikrinti skland\u0173 veikim\u0105 ir pailginti cilindro tarnavimo laik\u0105, b\u016btina reguliariai tepti hidrauline alyva. Nuolatinis tepimo technin\u0117s prie\u017ei\u016bros grafikas gali pad\u0117ti i\u0161vengti prie\u0161laikinio susid\u0117v\u0117jimo ir u\u017etikrinti optimal\u0173 hidraulin\u0117s sistemos veikim\u0105.<\/p>\n<h2>Reguliarus patikrinimas ir prevencin\u0117 prie\u017ei\u016bra<\/h2>\n<ul>\n<li><strong>Reguliar\u016bs patikrinimai:<\/strong> Reguliariai tikrinkite cilindrus, ar n\u0117ra susid\u0117v\u0117jimo, nuot\u0117ki\u0173 ar pa\u017eeidim\u0173 po\u017eymi\u0173. Ankstyvas problem\u0173 nustatymas gali pad\u0117ti i\u0161vengti rimtesni\u0173 problem\u0173 ateityje.<\/li>\n<li><strong>Profilaktin\u0117 prie\u017ei\u016bra:<\/strong> \u012ediekite prevencin\u0117s prie\u017ei\u016bros grafik\u0105, kad i\u0161spr\u0119stum\u0117te visas galimas problemas, kol jos nepaveik\u0117 na\u0161umo. Tai apima sandarikli\u0173 ir hidraulinio skys\u010dio lygio patikrinim\u0105.<\/li>\n<li><strong>Skys\u010di\u0173 pakeitimas:<\/strong> Palaikykite tinkam\u0105 hidraulinio skys\u010dio lyg\u012f ir keiskite skys\u010dius pagal gamintojo rekomendacijas, kad u\u017etikrintum\u0117te optimal\u0173 na\u0161um\u0105 ir i\u0161vengtum\u0117te u\u017eter\u0161imo.<\/li>\n<\/ul>\n<h2>\u012erengimo gair\u0117s<\/h2>\n<p>Teisingas str\u0117l\u0117s cilindro montavimas yra labai svarbus optimaliam veikimui. Pirmiausia \u012fsitikinkite, kad tiek ma\u0161inos, tiek cilindro tvirtinimo ta\u0161kai yra \u0161var\u016bs ir be \u0161iuk\u0161li\u0173. Tinkamai sulygiuokite cilindr\u0105 su tvirtinimo ta\u0161kais, kad i\u0161vengtum\u0117te per didelio komponent\u0173 \u012ftempimo. Naudokite tinkamus tvirtinimo laikiklius, kad tvirtai pritvirtintum\u0117te cilindr\u0105. Montavimo metu \u012fsitikinkite, kad hidraulin\u0117s linijos yra tinkamai prijungtos, ir baig\u0119 s\u0105rank\u0105 patikrinkite, ar n\u0117ra nuot\u0117ki\u0173. Prie\u0161 pradedant reguliariai naudoti ma\u0161in\u0105, patartina atlikti bandom\u0105j\u012f veikim\u0105, kad b\u016bt\u0173 u\u017etikrintas tinkamas veikimas. Visada \u017er. gamintojo montavimo gaires, kuriose pateikiamos konkre\u010dios instrukcijos, pritaikytos j\u016bs\u0173 \u012frangai.<\/p>\n<p><img decoding=\"async\" src=\"https:\/\/www.hydraulic-cylinders.net\/wp-content\/uploads\/2025\/04\/songte-chushion-collar.webp\" alt=\"Hidraulinio cilindro pagalv\u0117l\u0117s apykakl\u0117\"><\/p>\n<h2>Prie\u017ei\u016bros u\u017eduotys<\/h2>\n<h3>Reguliar\u016bs patikrinimai<\/h3>\n<p>Norint anksti nustatyti galimas problemas, b\u016btini reguliar\u016bs patikrinimai. Operatoriai tur\u0117t\u0173 reguliariai ie\u0161koti susid\u0117v\u0117jimo po\u017eymi\u0173, toki\u0173 kaip ne\u012fprasti garsai ar nuot\u0117kiai, ir patikrinti bendr\u0105 hidraulinio cilindro b\u016bkl\u0119. Nedideli\u0173 problem\u0173 sprendimas prie\u0161 joms tampant rimtomis, gali pad\u0117ti sutaupyti brangaus remonto ir sutaupyti prastov\u0173.<\/p>\n<h3>Tinkamas tepimas<\/h3>\n<p>Tinkamas tepimas yra b\u016btinas skland\u017eiam hidraulini\u0173 cilindr\u0173 veikimui. Reguliariai tikrinkite ir papildykite hidraulin\u0117s alyvos lyg\u012f, kad u\u017etikrintum\u0117te, jog sandarikliai ir judan\u010dios dalys yra tinkamai sutepti, taip suma\u017einant trint\u012f ir susid\u0117v\u0117jim\u0105. Tinkamas tepimas taip pat padeda palaikyti sl\u0117g\u012f sistemoje, pagerindamas na\u0161um\u0105 ir efektyvum\u0105.<\/p>\n<h3>Tarpikli\u0173 keitimas ir kalibravimo patikrinimai<\/h3>\n<p>Laikui b\u0117gant, sandarikliai gali susid\u0117v\u0117ti ir tapti ma\u017eiau veiksmingi. Reguliariai tikrinkite, ar sandarikliai nepa\u017eeisti ar nenusid\u0117v\u0117j\u0119, ir prireikus juos pakeiskite. Taip pat reik\u0117t\u0173 atlikti kalibravimo patikrinimus, siekiant u\u017etikrinti, kad hidraulin\u0117 sistema veikt\u0173 pagal reikiamus reikalavimus. Tai apima cilindro i\u0161st\u016bmimo ir susitraukimo skland\u0173, be strigimo ar per didelio laisvumo patikrinim\u0105.<\/p>\n<h2>Saugos aspektai ir aplinkos veiksniai<\/h2>\n<p>Saugos priemon\u0117s naudojant hidraulinius cilindrus yra gyvybi\u0161kai svarbios siekiant i\u0161vengti nelaiming\u0173 atsitikim\u0173 ir su\u017ealojim\u0173. Operatoriai tur\u0117t\u0173 b\u016bti apmokyti tinkamai valdyti ma\u0161inas, \u012fskaitant hidraulini\u0173 sistem\u0173 rib\u0173 supratim\u0105. Be to, svarbu u\u017etikrinti, kad visi saugos \u012ftaisai veikt\u0173, siekiant i\u0161vengti hidraulini\u0173 gedim\u0173, kurie gali sukelti pavojingas situacijas. Aplinkosaugos aspektai, pavyzd\u017eiui, tinkamas hidraulini\u0173 skys\u010di\u0173 \u0161alinimas ir taisykli\u0173 laikymasis, yra b\u016btini siekiant suma\u017einti poveik\u012f vietos ekosistemoms. Saugos protokol\u0173 \u012fgyvendinimas ne tik apsaugo personal\u0105, bet ir apsaugo aplink\u0105 nuo galim\u0173 pavoj\u0173.<\/p>\n<h2>Trik\u010di\u0173 \u0161alinimas ir da\u017eniausiai pasitaikan\u010dios problemos<\/h2>\n<ul>\n<li><strong>Nuot\u0117kis:<\/strong> Da\u017ena hidraulini\u0173 cilindr\u0173 problema yra skys\u010dio nuot\u0117kis. Tai gali atsirasti d\u0117l susid\u0117v\u0117jusi\u0173 sandarikli\u0173 arba netinkamo montavimo. Reguliarios patikros gali pad\u0117ti anksti nustatyti ir pa\u0161alinti nuot\u0117kius.<\/li>\n<li><strong>L\u0117tas veikimas:<\/strong> Jei cilindras veikia l\u0117\u010diau nei \u012fprastai, tai gali reik\u0161ti hidraulinio skys\u010dio lygio problem\u0105 arba sistemos u\u017esikim\u0161imus. \u0160i\u0105 problem\u0105 galima i\u0161spr\u0119sti patikrinus skys\u010dio lyg\u012f ir \u012fsitikinus, kad n\u0117ra kli\u016b\u010di\u0173.<\/li>\n<li><strong>Ne\u012fprasti garsai:<\/strong> Bet kokie ne\u012fprasti garsai veikimo metu gali signalizuoti apie vidinius pa\u017eeidimus ar susid\u0117v\u0117jim\u0105. Labai svarbu nedelsiant i\u0161tirti \u0161i\u0173 gars\u0173 \u0161altin\u012f, kad b\u016bt\u0173 i\u0161vengta tolesn\u0117s \u017ealos.<\/li>\n<\/ul>\n<h2>Trik\u010di\u0173 \u0161alinimo patarimai<\/h2>\n<p>Nor\u0117dami efektyviai diagnozuoti ir i\u0161spr\u0119sti hidraulini\u0173 cilindr\u0173 problemas, laikykit\u0117s \u0161i\u0173 patarim\u0173:<\/p>\n<ul>\n<li>Visada \u017er. naudotojo vadov\u0105, kuriame pateiktos konkre\u010dios informacijos.<\/li>\n<li>Reguliarus techninis aptarnavimas gali pad\u0117ti i\u0161vengti daugelio problem\u0173, tod\u0117l laikykit\u0117s technin\u0117s prie\u017ei\u016bros grafiko.<\/li>\n<li>Jei i\u0161kyla problem\u0173, izoliuokite hidraulin\u0119 sistem\u0105 ir atlikite i\u0161samius patikrinimus, kad nustatytum\u0117te problem\u0105.<\/li>\n<\/ul>\n<p><img decoding=\"async\" src=\"https:\/\/www.hydraulic-cylinders.net\/wp-content\/uploads\/2025\/04\/songte-bushings-with-all-kinds-of-excavator-models.webp\" alt=\"Ekskavatori\u0173 modeli\u0173 \u012fvor\u0117s\"><\/p>\n<h2>Apie m\u016bs\u0173 \u012fmon\u0119<\/h2>\n<p>Esame pirmaujantis pakaitini\u0173 hidraulini\u0173 cilindr\u0173 gamintojas, si\u016blantis plat\u0173 gamini\u0173 asortiment\u0105. M\u016bs\u0173 \u012fsipareigojimas kokybei pavert\u0117 mus \u017eymiu \u017eaid\u0117ju tiek vietin\u0117je, tiek tarptautin\u0117je rinkose. Mes laikom\u0117s meistri\u0161kumo savo gamybos procesuose, pasitelkdami pa\u017eangi\u0105 skaitmenin\u0119 gamybos \u012frang\u0105 ir profesionali\u0105 testavimo sistem\u0105, kad padidintume savo gamybos paj\u0117gumus. M\u016bs\u0173 kvalifikuota darbo j\u0117ga ir moderniausi \u012frenginiai u\u017etikrina, kad efektyviai, tiksliai ir auk\u0161tos kokyb\u0117s produktais patenkintume \u012fvairius klient\u0173 poreikius.<\/p>\n<p><img decoding=\"async\" src=\"https:\/\/www.hydraulic-cylinders.net\/wp-content\/uploads\/2025\/04\/songte-company-4.webp\" alt=\"\u012emon\u0117s ap\u017evalga\"><br \/>\n<img decoding=\"async\" src=\"https:\/\/www.hydraulic-cylinders.net\/wp-content\/uploads\/2025\/04\/songte-company-3.webp\" alt=\"\u012emon\u0117s gamybos \u012frenginiai\"><\/p>\n<p>M\u016bs\u0173 profesionalumas, tarptautiniai sertifikatai ir pritaikymo paslaugos i\u0161skiria mus i\u0161 kit\u0173. Did\u017eiuojam\u0117s teikdami puik\u0173 aptarnavim\u0105 po pardavimo, u\u017etikrindami, kad m\u016bs\u0173 klientai gal\u0117t\u0173 gauti patarim\u0173 ir pagalbos, kai tik jos prireikia.<\/p>\n<p>Autorius: lyl<\/p>","protected":false},"excerpt":{"rendered":"<p>Boom Cylinder For Zoomlion Middle Excavator ZE220ELC Product Overview The Boom Cylinder for the Zoomlion Middle Excavator ZE220ELC is a specialized hydraulic cylinder designed to control the movement of the excavator&#8217;s boom. This component plays a critical role in hydraulic systems, ensuring precise operation during demanding tasks. The bucket cylinder is essential for various heavy [&hellip;]<\/p>","protected":false},"featured_media":17873,"comment_status":"open","ping_status":"closed","template":"","meta":{"_et_pb_use_builder":"","_et_pb_old_content":"","_et_gb_content_width":""},"product_brand":[],"product_cat":[1546],"product_tag":[1547,1496],"class_list":{"0":"post-19217","1":"product","2":"type-product","3":"status-publish","4":"has-post-thumbnail","6":"product_cat-boom-cylinders","7":"product_tag-boom-cylinders","8":"product_tag-hydraulic-cylinders","10":"first","11":"instock","12":"shipping-taxable","13":"product-type-simple"},"amp_enabled":true,"_links":{"self":[{"href":"https:\/\/www.hydraulic-cylinders.net\/lt\/wp-json\/wp\/v2\/product\/19217","targetHints":{"allow":["GET"]}}],"collection":[{"href":"https:\/\/www.hydraulic-cylinders.net\/lt\/wp-json\/wp\/v2\/product"}],"about":[{"href":"https:\/\/www.hydraulic-cylinders.net\/lt\/wp-json\/wp\/v2\/types\/product"}],"replies":[{"embeddable":true,"href":"https:\/\/www.hydraulic-cylinders.net\/lt\/wp-json\/wp\/v2\/comments?post=19217"}],"wp:featuredmedia":[{"embeddable":true,"href":"https:\/\/www.hydraulic-cylinders.net\/lt\/wp-json\/wp\/v2\/media\/17873"}],"wp:attachment":[{"href":"https:\/\/www.hydraulic-cylinders.net\/lt\/wp-json\/wp\/v2\/media?parent=19217"}],"wp:term":[{"taxonomy":"product_brand","embeddable":true,"href":"https:\/\/www.hydraulic-cylinders.net\/lt\/wp-json\/wp\/v2\/product_brand?post=19217"},{"taxonomy":"product_cat","embeddable":true,"href":"https:\/\/www.hydraulic-cylinders.net\/lt\/wp-json\/wp\/v2\/product_cat?post=19217"},{"taxonomy":"product_tag","embeddable":true,"href":"https:\/\/www.hydraulic-cylinders.net\/lt\/wp-json\/wp\/v2\/product_tag?post=19217"}],"curies":[{"name":"wp","href":"https:\/\/api.w.org\/{rel}","templated":true}]}}