{"id":19219,"date":"2025-04-07T06:18:41","date_gmt":"2025-04-07T06:18:41","guid":{"rendered":"https:\/\/www.hydraulic-cylinders.net\/product\/boom-cylinder-for-zoomlion-middle-excavator-ze260e\/"},"modified":"2025-04-07T06:18:43","modified_gmt":"2025-04-07T06:18:43","slug":"boom-cylinder-for-zoomlion-middle-excavator-ze260e","status":"publish","type":"product","link":"https:\/\/www.hydraulic-cylinders.net\/lt\/produktas\/boom-cylinder-for-zoomlion-middle-excavator-ze260e\/","title":{"rendered":"\u201eZoomlion\u201c vidutinio ekskavatoriaus ZE260E str\u0117l\u0117s cilindras"},"content":{"rendered":"<h1>\u201eZoomlion\u201c vidutinio ekskavatoriaus ZE260E str\u0117l\u0117s cilindras<\/h1>\n<h2>Produkto ap\u017evalga<\/h2>\n<p>Str\u0117l\u0117s cilindras yra labai svarbus hidraulini\u0173 sistem\u0173 komponentas, specialiai sukurtas valdyti kau\u0161\u0173 jud\u0117jim\u0105 sunkiosiose technikose, tokiose kaip ekskavatoriai, ekskavatoriniai krautuvai ir frontaliniai krautuvai. \u0160is hidraulinis cilindras leid\u017eia kau\u0161ui pakelti, nuleisti ir pakreipti, taip palengvindamas efektyv\u0173 med\u017eiag\u0173 tvarkym\u0105 statybose ir kitose sunkiasvor\u0117se srityse.<\/p>\n<p><img decoding=\"async\" src=\"https:\/\/www.hydraulic-cylinders.net\/wp-content\/uploads\/2025\/04\/songte-company-1.webp\" alt=\"Str\u0117l\u0117s cilindras\"><\/p>\n<h3>Apibr\u0117\u017eimas ir funkcija<\/h3>\n<p>Str\u0117l\u0117s cilindras, da\u017enai vadinamas kau\u0161o cilindru, yra sukurtas siekiant tiksliai valdyti kau\u0161o jud\u0117jim\u0105 kasimo \u012frangoje. Hidraulin\u0117 sistema veikia skys\u010dio sl\u0117giu, tod\u0117l judesiai yra skland\u016bs ir galingi. Panaudodamas hidraulinio skys\u010dio j\u0117g\u0105, cilindras gali atlikti svarbias u\u017eduotis, tokias kaip kasimas, k\u0117limas ir med\u017eiag\u0173 transportavimas, kurios yra b\u016btinos \u012fvairiose pramon\u0117s \u0161akose.<\/p>\n<h2>Str\u0117l\u0117s cilindro savyb\u0117s<\/h2>\n<ul>\n<li><strong>Didelis stiprumas ir ilgaam\u017ei\u0161kumas:<\/strong> Pagamintas i\u0161 didelio stiprumo plieno arba aliuminio, str\u0117l\u0117s cilindras gali atlaikyti auk\u0161t\u0105 sl\u0117g\u012f ir dideles apkrovas, tod\u0117l tinka at\u0161iaurioms darbo s\u0105lygoms.<\/li>\n<li><strong>Efektyvus hidraulinis valdymas:<\/strong> Jis naudoja hidraulinio skys\u010dio sl\u0117g\u012f skland\u017eiam i\u0161st\u016bmimui ir \u012ftraukimui, greitai reaguodamas \u012f operatoriaus komandas ir tuo pa\u010diu u\u017etikrindamas didel\u0119 st\u016bmimo bei traukimo j\u0117g\u0105.<\/li>\n<li><strong>\u012evairios konfig\u016bracijos:<\/strong> Galima rinktis vienpusio veikimo (veikian\u010dius viena kryptimi) arba dvipusio veikimo (veikian\u010dius abiem kryptimis) modelius, tod\u0117l vartotojai gali rinktis pagal savo darbo poreikius. Kai kurie modeliai yra teleskopiniai, tod\u0117l juos galima labiau i\u0161tiesti nedidinant i\u0161orini\u0173 matmen\u0173, tod\u0117l jie idealiai tinka u\u017edaroms erdv\u0117ms.<\/li>\n<li><strong>Atsparumas korozijai:<\/strong> Sukurtas naudojant med\u017eiagas ir dangas, kurios atsparios dilimui ir korozijai, prailgindamos gaminio tarnavimo laik\u0105 ir u\u017etikrindamos patikim\u0105 veikim\u0105 laikui b\u0117gant.<\/li>\n<li><strong>Lengva prie\u017ei\u016bra:<\/strong> Savyb\u0117s, leid\u017eian\u010dios paprastai pri\u017ei\u016br\u0117ti cilindr\u0105, u\u017etikrinant optimali\u0105 darbin\u0119 b\u016bkl\u0119 ir minimal\u0173 prastov\u0173 laik\u0105.<\/li>\n<\/ul>\n<p>M\u016bs\u0173 gaminiai gali puikiai pakeisti \u0161iuos hidraulinius cilindrus.<\/p>\n<p><img decoding=\"async\" src=\"https:\/\/www.hydraulic-cylinders.net\/wp-content\/uploads\/2025\/04\/songte-cylinder-head-with-all-kinds-excavator-models.webp\" alt=\"Ekskavatori\u0173 modeliai\"><\/p>\n<h2>Str\u0117l\u0117s cilindro pritaikymas<\/h2>\n<ul>\n<li><strong>Statybin\u0117 \u012franga:<\/strong> Ekskavatoriuose str\u0117l\u0117s cilindrai yra labai svarb\u016bs efektyviam \u017eem\u0117s ar \u0161iuk\u0161li\u0173 kasimui, krovimui ir perk\u0117limui. Galimyb\u0117 valdyti kau\u0161o judesius padidina produktyvum\u0105 darbo vietose.<\/li>\n<li><strong>Ekskavatoriniai krautuvai:<\/strong> Kau\u0161o cilindras padeda tiek kasti, tiek kelti med\u017eiagas, tod\u0117l yra b\u016btinas atliekant \u017eem\u0117s kasimo ir med\u017eiag\u0173 tvarkymo darbus \u012fvairiose statybose.<\/li>\n<li><strong>\u017dem\u0117s \u016bkio technika:<\/strong> Priekiniuose krautuvuose \u0161ie cilindrai naudojami dirvo\u017eemiui, \u0161ienui ir kitoms med\u017eiagoms semti, kelti ir transportuoti, taip didinant \u016bkininkavimo efektyvum\u0105.<\/li>\n<li><strong>Kasimo \u012franga:<\/strong> Leisdamas kau\u0161ui \u012fsiskverbti \u012f dirv\u0105, str\u0117l\u0117s cilindras palengvina kasimo veiksmus, kurie yra b\u016btini kasant tran\u0161\u0117jas ir ruo\u0161iant \u017eem\u0119.<\/li>\n<li><strong>Krautuvai:<\/strong> Priekiniuose krautuvuose cilindras padeda efektyviai pakelti ir i\u0161versti krovinius, o tai labai svarbu tvarkant med\u017eiagas statybose ir pramon\u0117je.<\/li>\n<\/ul>\n<h2>Projektavimo aspektai ir atrankos standartai<\/h2>\n<ul>\n<li><strong>Keliamoji galia:<\/strong> Konstrukcija turi atlaikyti maksimali\u0105 apkrov\u0105, numatom\u0105 eksploatacijos metu. Apkrovos reikalavim\u0173 supratimas u\u017etikrina, kad cilindras veiks efektyviai, be gedimo rizikos ir i\u0161laikant saugos standartus.<\/li>\n<li><strong>Sandarinimas:<\/strong> Veiksmingi sandarinimo mechanizmai, \u012fskaitant st\u016bmokli\u0173 ir kot\u0173 sandariklius, yra b\u016btini norint i\u0161vengti skys\u010dio nuot\u0117kio. Auk\u0161tos kokyb\u0117s sandarikliai prailgina cilindro tarnavimo laik\u0105 ir pagerina hidraulin\u012f efektyvum\u0105.<\/li>\n<li><strong>Patvarumas:<\/strong> Statyboje naudojamos med\u017eiagos turi atlaikyti sud\u0117tingas sunkiosios technikos eksploatavimo s\u0105lygas, \u012fskaitant purvo, \u0161iuk\u0161li\u0173 ir ekstremali\u0173 oro s\u0105lyg\u0173 poveik\u012f, u\u017etikrinant ilgalaik\u012f naudojim\u0105.<\/li>\n<li><strong>Saugos funkcijos:<\/strong> \u012e konstrukcij\u0105 \u012ftraukiant saugos mechanizmus, i\u0161vengiama nelaiming\u0173 atsitikim\u0173 ir gedim\u0173, pavyzd\u017eiui, sl\u0117gio ma\u017einimo vo\u017etuv\u0173, kurie u\u017etikrina saug\u0173 veikim\u0105 esant kintan\u010dioms apkrovoms.<\/li>\n<li><strong>Tinkamumas naudoti:<\/strong> Konstrukcija, leid\u017eianti lengvai i\u0161ardyti ir surinkti, skatina technin\u0119 prie\u017ei\u016br\u0105, leid\u017eia lengviau keisti dalis ir atlikti reikiamus remonto darbus, kad ma\u0161inos veikt\u0173.<\/li>\n<\/ul>\n<p><img decoding=\"async\" src=\"https:\/\/www.hydraulic-cylinders.net\/wp-content\/uploads\/2025\/04\/songte-oil-pipes-and-spare-parts.webp\" alt=\"Naftos vamzd\u017eiai ir atsargin\u0117s dalys\"><\/p>\n<h2>Hidraulinio cilindro sandarinimas ir tepimas<\/h2>\n<p>Tinkamas sandarinimas ir tepimas yra gyvybi\u0161kai svarb\u016bs hidraulini\u0173 cilindr\u0173 ilgaam\u017ei\u0161kumui ir efektyvumui. \u012evairios sandarinimo med\u017eiagos, tokios kaip poliuretanas ir nitrilo kau\u010diukas, naudojamos siekiant sukurti veiksmingus, atsparius nusid\u0117v\u0117jimui sandariklius. Cilindro korpusas ir srieginiai galai yra tiksliai apdirbami, kad padid\u0117t\u0173 patvarumas ir atsparumas dilimui. Taip pat b\u016btina reguliariai tepti pakankamu kiekiu hidraulin\u0117s alyvos, kad b\u016bt\u0173 u\u017etikrintas sklandus veikimas ir i\u0161vengta per didelio vidini\u0173 komponent\u0173 susid\u0117v\u0117jimo.<\/p>\n<h2>Reguliarios patikros ir prevencin\u0117s prie\u017ei\u016bros priemon\u0117s<\/h2>\n<ul>\n<li><strong>\u012eprastiniai patikrinimai:<\/strong> Reguliariai tikrinkite, ar n\u0117ra susid\u0117v\u0117jimo, nuot\u0117kio ir pa\u017eeidim\u0173 po\u017eymi\u0173, kad u\u017etikrintum\u0117te optimal\u0173 veikim\u0105 ir saug\u0105. Patikrinimai tur\u0117t\u0173 apimti vizualin\u0119 ap\u017ei\u016br\u0105 ir funkcinius bandymus.<\/li>\n<li><strong>Tinkamas tepimas:<\/strong> Palaikykite rekomenduojam\u0105 hidraulin\u0117s alyvos lyg\u012f ir u\u017etikrinkite, kad naudojami tepalai b\u016bt\u0173 suderinami su cilindro med\u017eiagomis, kad b\u016bt\u0173 i\u0161vengta degradacijos.<\/li>\n<li><strong>Sandariklio keitimas:<\/strong> Kadangi sandarikliai laikui b\u0117gant d\u0117visi, labai svarbu juos laiku pakeisti, kad b\u016bt\u0173 i\u0161vengta nuot\u0117ki\u0173 ir i\u0161laikytas hidraulinis efektyvumas. Sudarykite sandarikli\u0173 \u012fvertinimo grafik\u0105, atsi\u017evelgdami \u012f j\u0173 naudojim\u0105.<\/li>\n<\/ul>\n<h2>Teisingo \u012frengimo gair\u0117s<\/h2>\n<p>Tinkamas str\u0117l\u0117s cilindro montavimas yra b\u016btinas norint efektyviai j\u012f naudoti. Prad\u0117kite nuo cilindro sulygiavimo su tvirtinimo ta\u0161kais, u\u017etikrindami, kad jis b\u016bt\u0173 lygus ir tinkamai orientuotas. Cilindrui pritvirtinti naudokite tinkamus tvirtinimo laikiklius. Patikrinkite, ar hidraulin\u0117s jungtys tinkamai pritvirtintos, ir neperver\u017ekite, kad nepa\u017eeistum\u0117te. \u012edieg\u0119 atlikite i\u0161sam\u0173 sistemos bandym\u0105, kad \u012fsitikintum\u0117te, jog cilindras veikia tinkamai ir n\u0117ra nuot\u0117ki\u0173, ir prie\u0161 prad\u0117dami reguliariai naudoti ma\u0161in\u0105, atlikite visus reikiamus reguliavimus.<\/p>\n<h2>Prie\u017ei\u016bros u\u017eduotys<\/h2>\n<ul>\n<li><strong>Reguliar\u016bs patikrinimai:<\/strong> Reguliariai tikrinkite, kad nustatytum\u0117te bet kokius susid\u0117v\u0117jimo po\u017eymius ar galimas problemas. Ankstyvas aptikimas gali pad\u0117ti i\u0161vengti rimtesni\u0173 pa\u017eeidim\u0173 ir u\u017etikrinti cilindro vientisum\u0105.<\/li>\n<li><strong>Tinkamas tepimas:<\/strong> U\u017etikrinkite, kad reguliariai teptum\u0117te pagal gamintojo nurodymus, naudodami rekomenduojam\u0105 hidraulin\u0119 alyv\u0105, kad i\u0161laikytum\u0117te na\u0161um\u0105.<\/li>\n<li><strong>Sandariklio keitimo ir kalibravimo patikrinimai:<\/strong> Prireikus keiskite sandariklius ir atlikite kalibravimo patikrinimus, kad \u012fsitikintum\u0117te, jog visi komponentai veikia taip, kaip numatyta, ir i\u0161vengtum\u0117te eksploatacini\u0173 neefektyvum\u0173.<\/li>\n<\/ul>\n<p>Tinkamas montavimas, tepimas ir reguliavimas yra labai svarb\u016bs str\u0117l\u0117s cilindro ilgaam\u017ei\u0161kumui. Montavimo metu tinkamai sulygiuokite cilindr\u0105 ir naudokite tinkamus tvirtinimo elementus, kad i\u0161vengtum\u0117te nesuderinamumo, kuris gali sukelti prie\u0161laikin\u012f susid\u0117v\u0117jim\u0105. Rekomenduojama laikytis gamintojo nurodym\u0173 d\u0117l patikros, remonto ir keitimo, kad pailgintum\u0117te hidraulini\u0173 komponent\u0173 tarnavimo laik\u0105.<\/p>\n<p><img decoding=\"async\" src=\"https:\/\/www.hydraulic-cylinders.net\/wp-content\/uploads\/2025\/04\/songte-chushion-collar.webp\" alt=\"Pagalv\u0117l\u0117s apykakl\u0117\"><\/p>\n<h2>Saugos aspektai ir aplinkos veiksniai<\/h2>\n<p>Dirbant su hidrauliniais cilindrais, labai svarbu \u012fdiegti saugos priemones. Operatoriai visada turi d\u0117v\u0117ti tinkamas asmenines apsaugos priemones (AAP) ir u\u017etikrinti, kad darbo zonoje neb\u016bt\u0173 pavoj\u0173. Be to, siekiant suma\u017einti poveik\u012f aplinkai, b\u016btini aplinkosaugos aspektai, pavyzd\u017eiui, tinkamas hidraulini\u0173 skys\u010di\u0173 \u0161alinimas ir \u012frangos prie\u017ei\u016bra, siekiant i\u0161vengti nuot\u0117ki\u0173. Norint apsaugoti personal\u0105 ir \u012frang\u0105, b\u016btini reguliar\u016bs mokymai ir saugos protokol\u0173 laikymasis.<\/p>\n<h2>Trik\u010di\u0173 \u0161alinimas ir da\u017eniausiai pasitaikan\u010dios problemos<\/h2>\n<ul>\n<li><strong>Nuot\u0117kis:<\/strong> Viena i\u0161 da\u017eniausiai pasitaikan\u010di\u0173 problem\u0173 yra hidraulinio skys\u010dio nuot\u0117kis, kuris gali atsirasti d\u0117l susid\u0117v\u0117jusi\u0173 sandarikli\u0173 arba cilindro pa\u017eeidimo. Reguliarios patikros gali pad\u0117ti nustatyti galimus nuot\u0117kio ta\u0161kus.<\/li>\n<li><strong>Suma\u017eintas na\u0161umas:<\/strong> Jei str\u0117l\u0117s cilindras nereaguoja taip, kaip tik\u0117tasi, tai gali rodyti \u017eem\u0105 hidraulinio skys\u010dio lyg\u012f arba u\u017esikim\u0161imus sistemoje. Patikrinkite skys\u010dio lyg\u012f ir \u012fsitikinkite, kad visos linijos yra \u0161varios.<\/li>\n<li><strong>Triuk\u0161mas veikimo metu:<\/strong> Ne\u012fprasti garsai eksploatacijos metu gali rodyti mechanines problemas arba nepakankam\u0105 tepim\u0105. Nedelsdami i\u0161tirkite ir pa\u0161alinkite bet kokius keistus garsus, kad i\u0161vengtum\u0117te \u017ealos.<\/li>\n<\/ul>\n<h2>Trik\u010di\u0173 \u0161alinimo patarimai<\/h2>\n<p>Diagnozuojant str\u0117l\u0117s cilindro problemas, pirmiausia patikrinkite hidraulinio skys\u010dio lyg\u012f ir sandarikli\u0173 b\u016bkl\u0119. Jei aptinkamas nuot\u0117kis, apsvarstykite galimyb\u0119 pakeisti sandariklius ar komponentus pagal poreik\u012f. Reguliarus techninis aptarnavimas, \u012fskaitant tepim\u0105 ir patikrinimus, gali pad\u0117ti i\u0161vengti problem\u0173. Tinkamas operatori\u0173 mokymas atpa\u017einti ankstyvus gedimo po\u017eymius taip pat gali suma\u017einti galimas problemas, kol jos neperaugs \u012f didesnes.<\/p>\n<p><img decoding=\"async\" src=\"https:\/\/www.hydraulic-cylinders.net\/wp-content\/uploads\/2025\/04\/songte-bushings-with-all-kinds-of-excavator-models.webp\" alt=\"Ekskavatori\u0173 modeli\u0173 \u012fvor\u0117s\"><\/p>\n<h2>Apie m\u016bs\u0173 \u012fmon\u0119<\/h2>\n<p>Esame pirmaujanti hidraulini\u0173 cilindr\u0173 gamintoja ir didmenin\u0117s prekybos \u012fmon\u0117, specializuojam\u0117s auk\u0161tos kokyb\u0117s \u012fvairi\u0173 sri\u010di\u0173 pakaital\u0173 gamyboje. Platus gamini\u0173 asortimentas leido mums tapti pagrindiniu \u017eaid\u0117ju tiek vidaus, tiek tarptautin\u0117se rinkose. Siekdami meistri\u0161kumo, taikome pa\u017eangias gamybos valdymo strategijas, kurias papildo kvalifikuoti techniniai darbuotojai ir auk\u0161\u010diausios klas\u0117s skaitmenin\u0117 gamybos \u012franga. Nuolat tobuliname savo gamybos procesus, kad u\u017etikrintume auk\u0161\u010diausi\u0105 gamini\u0173 kokyb\u0119 ir patenkintume \u012fvairius klient\u0173 poreikius.<\/p>\n<p>M\u016bs\u0173 atsidavim\u0105 profesionalumui atspindi tarptautiniai sertifikatai, individualus aptarnavimas ir moderniausios gamybos \u012frangos naudojimas. Aptarnavimas po pardavimo yra pagrindinis m\u016bs\u0173 paslaug\u0173 aspektas, u\u017etikrinantis klient\u0173 pasitenkinim\u0105 ir produkt\u0173 patikimum\u0105.<\/p>\n<p><img decoding=\"async\" src=\"https:\/\/www.hydraulic-cylinders.net\/wp-content\/uploads\/2025\/04\/songte-company-4.webp\" alt=\"\u012emon\u0117s ap\u017evalga\"><br \/>\n<img decoding=\"async\" src=\"https:\/\/www.hydraulic-cylinders.net\/wp-content\/uploads\/2025\/04\/songte-company-3.webp\" alt=\"\u012emon\u0117s gamyba\"><\/p>\n<p>Autorius: lyl<\/p>","protected":false},"excerpt":{"rendered":"<p>Boom Cylinder For Zoomlion Middle Excavator ZE260E Product Overview The Boom Cylinder is a crucial component in hydraulic systems, specifically designed for controlling the movement of buckets in heavy machinery such as excavators, backhoe loaders, and front-end loaders. This hydraulic cylinder enables the bucket to lift, lower, and tilt, facilitating efficient material handling tasks in [&hellip;]<\/p>","protected":false},"featured_media":17875,"comment_status":"open","ping_status":"closed","template":"","meta":{"_et_pb_use_builder":"","_et_pb_old_content":"","_et_gb_content_width":""},"product_brand":[],"product_cat":[1546],"product_tag":[1547,1496],"class_list":{"0":"post-19219","1":"product","2":"type-product","3":"status-publish","4":"has-post-thumbnail","6":"product_cat-boom-cylinders","7":"product_tag-boom-cylinders","8":"product_tag-hydraulic-cylinders","10":"first","11":"instock","12":"shipping-taxable","13":"product-type-simple"},"amp_enabled":true,"_links":{"self":[{"href":"https:\/\/www.hydraulic-cylinders.net\/lt\/wp-json\/wp\/v2\/product\/19219","targetHints":{"allow":["GET"]}}],"collection":[{"href":"https:\/\/www.hydraulic-cylinders.net\/lt\/wp-json\/wp\/v2\/product"}],"about":[{"href":"https:\/\/www.hydraulic-cylinders.net\/lt\/wp-json\/wp\/v2\/types\/product"}],"replies":[{"embeddable":true,"href":"https:\/\/www.hydraulic-cylinders.net\/lt\/wp-json\/wp\/v2\/comments?post=19219"}],"wp:featuredmedia":[{"embeddable":true,"href":"https:\/\/www.hydraulic-cylinders.net\/lt\/wp-json\/wp\/v2\/media\/17875"}],"wp:attachment":[{"href":"https:\/\/www.hydraulic-cylinders.net\/lt\/wp-json\/wp\/v2\/media?parent=19219"}],"wp:term":[{"taxonomy":"product_brand","embeddable":true,"href":"https:\/\/www.hydraulic-cylinders.net\/lt\/wp-json\/wp\/v2\/product_brand?post=19219"},{"taxonomy":"product_cat","embeddable":true,"href":"https:\/\/www.hydraulic-cylinders.net\/lt\/wp-json\/wp\/v2\/product_cat?post=19219"},{"taxonomy":"product_tag","embeddable":true,"href":"https:\/\/www.hydraulic-cylinders.net\/lt\/wp-json\/wp\/v2\/product_tag?post=19219"}],"curies":[{"name":"wp","href":"https:\/\/api.w.org\/{rel}","templated":true}]}}