{"id":1922,"date":"2023-10-20T05:34:27","date_gmt":"2023-10-20T05:34:27","guid":{"rendered":"https:\/\/hydraulic-cylinders.net\/?post_type=product&#038;p=1922"},"modified":"2023-10-20T06:00:37","modified_gmt":"2023-10-20T06:00:37","slug":"v90n-dt-series-axial-piston-variable-displacement-double-hydraulic-pump","status":"publish","type":"product","link":"https:\/\/www.hydraulic-cylinders.net\/lt\/produktas\/v90n-dt-series-axial-piston-variable-displacement-double-hydraulic-pump\/","title":{"rendered":"V90N-DT serijos a\u0161inis st\u016bmoklinis kintamo t\u016brio dvigubas hidraulinis siurblys"},"content":{"rendered":"<h1 style=\"text-align: center;\"><strong>V90N-DT serijos a\u0161inis st\u016bmoklinis kintamo t\u016brio dvigubas hidraulinis siurblys<\/strong><\/h1>\n<p><img loading=\"lazy\" decoding=\"async\" class=\"aligncenter wp-image-1939\" src=\"https:\/\/hydraulic-cylinders.net\/wp-content\/uploads\/2023\/10\/v90n-dt-series-axial-piston-variable-displacement-double-pump-1-300x300.webp\" alt=\"\" width=\"400\" height=\"400\" \/><\/p>\n<p>V90N-DT serijos a\u0161inis st\u016bmoklinis kintamo t\u016brio dvigubas hidraulinis siurblys kei\u010dia hidraulini\u0173 sistem\u0173 \u017eaidimo taisykles. D\u0117l i\u0161skirtinio universalumo, efektyvumo ir patikimumo \u0161is siurblys yra nepakei\u010diamas \u012fvairiose pramon\u0117s srityse. \u0160iame i\u0161samiame straipsnyje bus nagrin\u0117jamos pagrindin\u0117s v90n-dt serijos a\u0161inio st\u016bmoklinio kintamo t\u016brio dvigubo hidraulinio siurblio charakteristikos, naudojimo b\u016bdai ir prie\u017ei\u016bros gair\u0117s.<\/p>\n<p>V90N-DT serijos a\u0161inis st\u016bmoklinis kintamo t\u016brio dvigubas hidraulinis siurblys yra universalus ir efektyvus sprendimas hidraulin\u0117ms sistemoms. D\u0117l dvigubo siurblio konfig\u016bracijos, kintamo t\u016brio technologijos ir kompakti\u0161kos konstrukcijos \u0161is siurblys u\u017etikrina i\u0161skirtin\u012f na\u0161um\u0105 \u012fvairiose pramonin\u0117se srityse. Laikantis rekomenduojam\u0173 naudojimo metod\u0173 ir reguliarios prie\u017ei\u016bros praktikos, v90n-dt serijos siurblys ir toliau u\u017etikrins puik\u0173 na\u0161um\u0105, prisid\u0117damas prie hidraulini\u0173 sistem\u0173 s\u0117km\u0117s. Pasinaudokite universalumo ir efektyvumo galia su v90n-dt serijos a\u0161iniu st\u016bmokliniu kintamo t\u016brio dvigubu hidrauliniu siurbliu ir atskleiskite vis\u0105 savo hidraulin\u0117s sistemos potencial\u0105.<\/p>\n<p>V90N-DT serijos a\u0161inio st\u016bmoklio kintamo t\u016brio dvigubo hidraulinio siurblio pagrindin\u0117s charakteristikos:<\/p>\n<ul>\n<li>Dviej\u0173 siurbli\u0173 konfig\u016bracija: V90N-DT serijoje naudojama dviej\u0173 hidraulini\u0173 siurbli\u0173 konfig\u016bracija, kurioje du siurbliai sujungiami viename \u012frenginyje. \u0160i konstrukcija leid\u017eia efektyviai paskirstyti energij\u0105 ir pagerinti na\u0161um\u0105, tod\u0117l ji idealiai tinka taikymams, kuriems reikalingos kelios hidraulin\u0117s funkcijos arba vienalaikis veikimas.<\/li>\n<li>Kintamo t\u016brio technologija: V90N-DT serijos siurblys, apr\u016bpintas pa\u017eangia kintamo t\u016brio technologija, leid\u017eia tiksliai reguliuoti kiekvieno hidraulinio siurblio i\u0161\u0117jimo t\u016br\u012f. \u0160i funkcija optimizuoja energijos suvartojim\u0105, suma\u017eina \u0161ilumos susidarym\u0105 ir padidina bendr\u0105 sistemos efektyvum\u0105.<\/li>\n<li>Didelio sl\u0117gio galimyb\u0117: D\u0117l tvirtos a\u0161inio st\u016bmoklio konstrukcijos V90N-DT serijos hidraulinis siurblys u\u017etikrina i\u0161skirtin\u012f na\u0161um\u0105 net ir esant auk\u0161tam sl\u0117giui. Jis u\u017etikrina patikim\u0105 veikim\u0105 ir efektyv\u0173 galios perdavim\u0105, tod\u0117l tinka sud\u0117tingoms pramon\u0117s reikm\u0117ms.<\/li>\n<li>Kompakti\u0161kas ir viet\u0105 taupantis dizainas: D\u0117l kompakti\u0161ko siurblio dyd\u017eio ir vietos taupymo konstrukcijos j\u012f lengva integruoti \u012f hidraulines sistemas, kuriose yra ribota erdv\u0117. Dviguba hidraulini\u0173 siurbli\u0173 konfig\u016bracija panaikina atskir\u0173 siurbli\u0173 poreik\u012f, tod\u0117l sistemos i\u0161d\u0117stymas yra modernesnis ir efektyvesnis.<\/li>\n<li>Platus pritaikymo spektras: V90N-DT serijos hidraulinis siurblys yra labai universalus ir gali b\u016bti naudojamas \u012fvairiose pramon\u0117s \u0161akose, \u012fskaitant statyb\u0105, med\u017eiag\u0173 tvarkym\u0105, \u017eem\u0117s \u016bk\u012f ir kt. D\u0117l prisitaikymo prie skirting\u0173 darbo s\u0105lyg\u0173 ir reikalavim\u0173 jis yra vertingas turtas \u012fvairioms reikm\u0117ms.<\/li>\n<\/ul>\n<h2><strong>V90N-DT serijos a\u0161inio st\u016bmoklio kintamo t\u016brio dvigubo hidraulinio siurblio parametras:<\/strong><\/h2>\n<table class=\"table table-bordered table-hover table-colored\" data-sort=\"sortDisabled\">\n<tbody>\n<tr class=\"firstRow\">\n<td colspan=\"1\" rowspan=\"2\" align=\"center\" valign=\"middle\">Dydis<\/td>\n<td rowspan=\"2\" align=\"center\" valign=\"middle\">Darbinis t\u016bris cm\u00b3\/aps.<\/td>\n<td colspan=\"2\" rowspan=\"1\" align=\"center\" valign=\"middle\">Sl\u0117gio baras<\/td>\n<td colspan=\"2\" rowspan=\"1\" align=\"center\" valign=\"middle\">Sukimosi greitis aps.\/min.<\/td>\n<\/tr>\n<tr>\n<td align=\"center\" valign=\"middle\">\u012evertintas<\/td>\n<td align=\"center\" valign=\"middle\">Piko<\/td>\n<td align=\"center\" valign=\"middle\">Maksimalus savaiminio u\u017epildymo lygis<sup>*1<\/sup><\/td>\n<td align=\"center\" valign=\"middle\">Maks.<sup>*2<\/sup><\/td>\n<\/tr>\n<tr>\n<td align=\"center\" valign=\"middle\">V90N75DT<\/td>\n<td align=\"center\" valign=\"middle\">75*2<\/td>\n<td align=\"center\" valign=\"middle\">350<\/td>\n<td align=\"center\" valign=\"middle\">400<\/td>\n<td align=\"center\" valign=\"middle\">2450<\/td>\n<td align=\"center\" valign=\"middle\">3000<\/td>\n<\/tr>\n<tr>\n<td align=\"center\" valign=\"middle\">V90N130DT<\/td>\n<td align=\"center\" valign=\"middle\">130*2<\/td>\n<td align=\"center\" valign=\"middle\">380<\/td>\n<td align=\"center\" valign=\"middle\">420<\/td>\n<td align=\"center\" valign=\"middle\">2200<\/td>\n<td align=\"center\" valign=\"middle\">2500<\/td>\n<\/tr>\n<tr>\n<td align=\"center\" valign=\"middle\">V90N180DT<\/td>\n<td align=\"center\" valign=\"middle\">180*2<\/td>\n<td align=\"center\" valign=\"middle\">380<\/td>\n<td align=\"center\" valign=\"middle\">420<\/td>\n<td align=\"center\" valign=\"middle\">2000<\/td>\n<td align=\"center\" valign=\"middle\">2400<\/td>\n<\/tr>\n<tr>\n<td align=\"center\" valign=\"middle\">V90N280DT<\/td>\n<td align=\"center\" valign=\"middle\">280*2<\/td>\n<td align=\"center\" valign=\"middle\">380<\/td>\n<td align=\"center\" valign=\"middle\">420<\/td>\n<td align=\"center\" valign=\"middle\">1800<\/td>\n<td align=\"center\" valign=\"middle\">2100<\/td>\n<\/tr>\n<\/tbody>\n<\/table>\n<h2><strong>V90N-DT serijos a\u0161inio st\u016bmoklio kintamo t\u016brio dvigubo hidraulinio siurblio privalumai:<\/strong><\/h2>\n<p>\u2022 Naudojamas auk\u0161to sl\u0117gio atvirosios grandin\u0117s hidraulin\u0117se sistemose<br \/>\n\u2022 Keli valdymo metodai<br \/>\n\u2022 Didelis efektyvumas, ilgas tarnavimo laikas<br \/>\n\u2022 Ma\u017eas montavimo ilgis<br \/>\n\u2022 Didelis t\u016brinis efektyvumas<br \/>\n\u2022 Ma\u017eas triuk\u0161mo lygis<\/p>\n<h2><strong>V90N-DT serijos a\u0161inis st\u016bmoklinis kintamo t\u016brio dvigubas hidraulinis siurblys <\/strong><strong>Taikymas:<\/strong><\/h2>\n<p><img loading=\"lazy\" decoding=\"async\" class=\"alignnone wp-image-1942 size-full\" src=\"https:\/\/hydraulic-cylinders.net\/wp-content\/uploads\/2023\/10\/v90n-dt-series-axial-piston-variable-displacement-double-pump-2.webp\" alt=\"\" width=\"1146\" height=\"246\" srcset=\"https:\/\/hydraulic-cylinders.net\/wp-content\/uploads\/2023\/10\/v90n-dt-series-axial-piston-variable-displacement-double-pump-2.webp 1146w, https:\/\/hydraulic-cylinders.net\/wp-content\/uploads\/2023\/10\/v90n-dt-series-axial-piston-variable-displacement-double-pump-2-980x210.webp 980w, https:\/\/hydraulic-cylinders.net\/wp-content\/uploads\/2023\/10\/v90n-dt-series-axial-piston-variable-displacement-double-pump-2-480x103.webp 480w\" sizes=\"(min-width: 0px) and (max-width: 480px) 480px, (min-width: 481px) and (max-width: 980px) 980px, (min-width: 981px) 1146px, 100vw\" \/><\/p>\n<h2><strong>HP3V serijos a\u0161inio st\u016bmoklinio kintamo t\u016brio hidraulinio siurblio naudojimo b\u016bdas<\/strong><strong>:<\/strong><\/h2>\n<ul>\n<li><strong>Siurblio montavimas:<\/strong> Hidraulin\u0117je sistemoje pasirinkite tinkam\u0105 viet\u0105 V90N-DT serijos a\u0161inio st\u016bmoklio kintamo t\u016brio dvigubam siurbliui sumontuoti. U\u017etikrinkite tinkam\u0105 lygiavim\u0105 ir tvirtai pritvirtinkite siurbl\u012f prie sistemos konstrukcijos naudodami tinkamus tvirtinimo laikiklius arba priedus.<\/li>\n<li><strong>Integracija su hidrauline sistema:<\/strong> Prijunkite siurbl\u012f prie hidraulin\u0117s sistemos naudodami suderinamas \u017earnas, jungiam\u0105sias detales ir vo\u017etuvus. \u012esitikinkite, kad visos jungtys yra tvirtos, be nuot\u0117ki\u0173 ir tinkamai priver\u017etos, kad b\u016bt\u0173 u\u017etikrintas optimalus hidraulinis veikimas.<\/li>\n<li><strong>Skys\u010di\u0173 suderinamumas:<\/strong> Patikrinkite, ar sistemoje naudojamas hidraulinis skystis suderinamas su V90N-DT serijos siurbliu. \u017dr. gamintojo rekomendacijas d\u0117l atitinkamo skys\u010dio tipo, klampumo ir temperat\u016bros diapazono. Reguliariai steb\u0117kite ir pri\u017ei\u016br\u0117kite hidraulin\u012f skyst\u012f, kad u\u017etikrintum\u0117te tinkam\u0105 siurblio veikim\u0105 ir ilgaam\u017ei\u0161kum\u0105.<\/li>\n<li><strong>Veikimo parametrai:<\/strong> Susipa\u017einkite su siurblio valdymo parinktimis ir pakoreguokite veikimo parametrus pagal konkre\u010dius hidraulin\u0117s sistemos reikalavimus. Steb\u0117kite ir keiskite siurblio t\u016brio nustatymus, kad optimizuotum\u0117te na\u0161um\u0105 ir energijos vartojimo efektyvum\u0105.<\/li>\n<\/ul>\n<h2><strong>Kaip i\u0161leisti or\u0105 i\u0161 hidraulinio cilindro?<\/strong><\/h2>\n<p>Hidraulinio cilindro nuorinimas yra procesas, naudojamas sistemoje esan\u010diam orui ar dujoms pa\u0161alinti ir tinkamam veikimui u\u017etikrinti. \u0160tai nuoseklus vadovas, kaip nuorinti hidraulin\u012f cilindr\u0105:<\/p>\n<ol>\n<li><strong>Saugos priemon\u0117s:<\/strong>\n<ul>\n<li>\u012esitikinkite, kad hidraulin\u0117je sistemoje n\u0117ra sl\u0117gio ir ji i\u0161jungta.<\/li>\n<li>D\u0117v\u0117kite tinkamas asmenines apsaugos priemones, tokias kaip pir\u0161tines ir apsauginius akinius.<\/li>\n<\/ul>\n<\/li>\n<li><strong>I\u0161leidimo vo\u017etuvo vieta:<\/strong>\n<ul>\n<li>Nustatykite hidraulinio cilindro i\u0161leidimo vo\u017etuv\u0105. Paprastai jis yra netoli auk\u0161\u010diausio cilindro ta\u0161ko arba ant galinio dangtelio.<\/li>\n<\/ul>\n<\/li>\n<li><strong>Paruo\u0161kite \u012frankius:<\/strong>\n<ul>\n<li>Surinkite reikiamus \u012frankius, \u012fskaitant ver\u017eliarakt\u012f arba lizd\u0105, tinkant\u012f i\u0161leidimo vo\u017etuvui.<\/li>\n<\/ul>\n<\/li>\n<li><strong>Pad\u0117kite konteiner\u012f:<\/strong>\n<ul>\n<li>Po i\u0161leidimo vo\u017etuvu pad\u0117kite tinkam\u0105 ind\u0105 arba sugerian\u010di\u0105 med\u017eiag\u0105, kad surinktum\u0117te bet kok\u012f skyst\u012f, kuris gali i\u0161siskirti i\u0161leidimo proceso metu.<\/li>\n<\/ul>\n<\/li>\n<li><strong>Atidarykite i\u0161leidimo vo\u017etuv\u0105:<\/strong>\n<ul>\n<li>L\u0117tai ir atsargiai atidarykite i\u0161leidimo vo\u017etuv\u0105 prie\u0161 laikrod\u017eio rodykl\u0119, naudodami ver\u017eliarakt\u012f arba galvut\u0119. Tai leis orui arba dujoms i\u0161eiti i\u0161 cilindro.<\/li>\n<\/ul>\n<\/li>\n<li><strong>Skys\u010dio srauto steb\u0117jimas:<\/strong>\n<ul>\n<li>Steb\u0117kite skys\u010dio sraut\u0105 i\u0161 i\u0161leidimo vo\u017etuvo. I\u0161 prad\u017ei\u0173 gali b\u016bti i\u0161leistas oras arba dujos, o po to nuolat tek\u0117ti hidraulinis skystis. Leiskite skys\u010diui tek\u0117ti, kol pa\u0161alins visus oro burbuliukus ir bus i\u0161spaud\u017eiamas tik skystis.<\/li>\n<\/ul>\n<\/li>\n<li><strong>U\u017edaryti i\u0161leidimo vo\u017etuv\u0105:<\/strong>\n<ul>\n<li>Kai skystis teka tik tolygiai, u\u017esukite i\u0161leidimo vo\u017etuv\u0105 pagal laikrod\u017eio rodykl\u0119. \u012esitikinkite, kad jis tvirtai priver\u017etas, bet neperver\u017ekite, kad nepa\u017eeistum\u0117te.<\/li>\n<\/ul>\n<\/li>\n<li><strong>Patikrinkite skys\u010dio lyg\u012f:<\/strong>\n<ul>\n<li>Patikrinkite hidraulinio skys\u010dio lyg\u012f sistemos rezervuare. Jei reikia, \u012fpilkite skys\u010dio, kad palaikytum\u0117te rekomenduojam\u0105 lyg\u012f.<\/li>\n<\/ul>\n<\/li>\n<li><strong>Bandomojo cilindro veikimas:<\/strong>\n<ul>\n<li>\u012ejunkite hidraulin\u0119 sistem\u0105 ir leiskite cilindrui veikti visu jo judesio diapazonu. Steb\u0117kite, ar n\u0117ra koki\u0173 nors jo jud\u0117jimo sutrikim\u0173 ar netolygum\u0173.<\/li>\n<\/ul>\n<\/li>\n<li><strong>Jei reikia, pakartokite:<\/strong>\n<ul>\n<li>Jei sistemoje vis dar yra oro po\u017eymi\u0173 arba cilindras neveikia skland\u017eiai, pakartokite nuorinimo proces\u0105. V\u0117l atidarykite i\u0161leidimo vo\u017etuv\u0105 ir leiskite daugiau skys\u010dio tek\u0117ti, kol i\u0161eis visas oras.<\/li>\n<\/ul>\n<\/li>\n<li><strong>Galutinis patikrinimas ir prie\u017ei\u016bra:<\/strong>\n<ul>\n<li>Atlikite galutin\u012f hidraulin\u0117s sistemos patikrinim\u0105, ar n\u0117ra nuot\u0117ki\u0173, tinkamo skys\u010dio lygio ir ar sistema veikia skland\u017eiai. I\u0161spr\u0119skite visas problemas pagal poreik\u012f.<\/li>\n<li>\u012egyvendinkite reguliar\u0173 hidraulin\u0117s sistemos technin\u0117s prie\u017ei\u016bros grafik\u0105, \u012fskaitant periodinius oro susikaupimo patikrinimus ir, jei reikia, nuorinim\u0105.<\/li>\n<\/ul>\n<\/li>\n<\/ol>\n<h2><strong>Gamyklos paj\u0117gumai ir talpa:<\/strong><\/h2>\n<h3>(1) Surinkimas<\/h3>\n<p>Turime pirmos klas\u0117s nepriklausom\u0105 tyrim\u0173 ir pl\u0117tros surinkimo platform\u0105. Hidraulini\u0173 cilindr\u0173 gamybos ceche yra keturios pusiau automatin\u0117s k\u0117limo cilindr\u0173 surinkimo linijos ir viena automatin\u0117 pakreipimo cilindr\u0173 surinkimo linija, kuri\u0173 projektinis metinis gamybos paj\u0117gumas yra 1 milijonas vienet\u0173. Speciali\u0173j\u0173 cilindr\u0173 ceche \u012frengta \u012fvairi\u0173 specifikacij\u0173 pusiau automatin\u0117 valymo surinkimo sistema, kurios projektinis metinis gamybos paj\u0117gumas yra 200 000 vienet\u0173, ir garsi CNC apdirbimo \u012franga, apdirbimo centras, didelio tikslumo cilindr\u0173 apdirbimo speciali \u012franga, robotinis suvirinimo aparatas, automatinis valymo aparatas, automatinis cilindr\u0173 surinkimo aparatas ir automatin\u0117 da\u017eymo gamybos linija. Esama daugiau nei 300 rinkini\u0173 (komplekt\u0173) kritin\u0117 \u012franga. Optimalus \u012frangos i\u0161tekli\u0173 paskirstymas ir efektyvus naudojimas u\u017etikrina gamini\u0173 tikslumo reikalavimus ir auk\u0161tus gamini\u0173 kokyb\u0117s poreikius.<\/p>\n<p><img loading=\"lazy\" decoding=\"async\" class=\"alignnone wp-image-626\" src=\"https:\/\/hydraulic-cylinders.net\/wp-content\/uploads\/2023\/08\/hydraulic-cylinder-product-1-300x158.webp\" alt=\"\" width=\"495\" height=\"260\" srcset=\"https:\/\/hydraulic-cylinders.net\/wp-content\/uploads\/2023\/08\/hydraulic-cylinder-product-1-300x158.webp 495w, https:\/\/hydraulic-cylinders.net\/wp-content\/uploads\/2023\/08\/hydraulic-cylinder-product-1-480x252.webp 480w\" sizes=\"(min-width: 0px) and (max-width: 480px) 480px, (min-width: 481px) 495px, 100vw\" \/> <img loading=\"lazy\" decoding=\"async\" class=\"alignnone wp-image-627\" src=\"https:\/\/hydraulic-cylinders.net\/wp-content\/uploads\/2023\/08\/hydraulic-cylinder-product-2-300x189.webp\" alt=\"\" width=\"413\" height=\"260\" \/><\/p>\n<h3>(2) Apdirbimas<\/h3>\n<p>Mechaninio apdirbimo ceche \u012frengtas pritaikytas nuo\u017eulnaus b\u0117gio tekinimo centras, apdirbimo centras, greitaeigis galandimo stakl\u0117s, suvirinimo robotas ir kita susijusi \u012franga, galinti apdirbti cilindrinius vamzd\u017eius, kuri\u0173 maksimalus vidinis skersmuo yra 400 mm, o maksimalus ilgis \u2013 6 metrai.<\/p>\n<p><img loading=\"lazy\" decoding=\"async\" class=\"alignnone wp-image-628 size-large\" src=\"https:\/\/hydraulic-cylinders.net\/wp-content\/uploads\/2023\/08\/hydraulic-cylinder-product-3-1024x391.webp\" alt=\"\" width=\"1024\" height=\"391\" srcset=\"https:\/\/hydraulic-cylinders.net\/wp-content\/uploads\/2023\/08\/hydraulic-cylinder-product-3-980x374.webp 980w, https:\/\/hydraulic-cylinders.net\/wp-content\/uploads\/2023\/08\/hydraulic-cylinder-product-3-480x183.webp 480w\" sizes=\"(min-width: 0px) and (max-width: 480px) 480px, (min-width: 481px) and (max-width: 980px) 980px, (min-width: 981px) 1024px, 100vw\" \/><\/p>\n<h3>(3) Suvirinimas<\/h3>\n<p><img loading=\"lazy\" decoding=\"async\" class=\"alignnone wp-image-629 size-large\" src=\"https:\/\/hydraulic-cylinders.net\/wp-content\/uploads\/2023\/08\/hydraulic-cylinder-product-4-1024x510.webp\" alt=\"\" width=\"1024\" height=\"510\" srcset=\"https:\/\/hydraulic-cylinders.net\/wp-content\/uploads\/2023\/08\/hydraulic-cylinder-product-4-980x488.webp 980w, https:\/\/hydraulic-cylinders.net\/wp-content\/uploads\/2023\/08\/hydraulic-cylinder-product-4-480x239.webp 480w\" sizes=\"(min-width: 0px) and (max-width: 480px) 480px, (min-width: 481px) and (max-width: 980px) 980px, (min-width: 981px) 1024px, 100vw\" \/><\/p>\n<h3>(4) Da\u017eymas ir dengimas<\/h3>\n<p>Su ma\u017eomis ir vidutinio dyd\u017eio cilindrin\u0117mis automatin\u0117mis vandens pagrindo da\u017e\u0173 dengimo linijomis, siekiant automatinio robot\u0173 pakrovimo ir i\u0161krovimo bei automatinio pur\u0161kimo, projektinis paj\u0117gumas yra 4000 vienet\u0173 per pamain\u0105;<br \/>\nTaip pat turime pusiau automatin\u0119 dideli\u0173 cilindr\u0173 da\u017e\u0173 gamybos linij\u0105, varom\u0105 grandin\u0117s, kurios projektinis na\u0161umas yra 60 d\u0117\u017ei\u0173 per pamain\u0105.<\/p>\n<p><img loading=\"lazy\" decoding=\"async\" class=\"alignnone wp-image-630\" src=\"https:\/\/hydraulic-cylinders.net\/wp-content\/uploads\/2023\/08\/hydraulic-cylinder-product-5-300x213.webp\" alt=\"\" width=\"366\" height=\"260\" \/> <img loading=\"lazy\" decoding=\"async\" class=\"alignnone wp-image-631\" src=\"https:\/\/hydraulic-cylinders.net\/wp-content\/uploads\/2023\/08\/hydraulic-cylinder-product-6-300x225.webp\" alt=\"\" width=\"347\" height=\"260\" \/><\/p>\n<h3>(5) Testavimas<\/h3>\n<p>Turime auk\u0161\u010diausios klas\u0117s patikros patalpas ir bandym\u0173 stendus, kad u\u017etikrintume, jog baliono veikimas atitinka reikalavimus.<\/p>\n<p><img loading=\"lazy\" decoding=\"async\" class=\"alignnone wp-image-632\" src=\"https:\/\/hydraulic-cylinders.net\/wp-content\/uploads\/2023\/08\/hydraulic-cylinder-product-8-300x200.webp\" alt=\"\" width=\"389\" height=\"260\" \/><\/p>\n<p>&nbsp;<\/p>\n<p>&nbsp;<\/p>\n<p>Esame vienas geriausi\u0173 hidraulini\u0173 cilindr\u0173 gamintoj\u0173. Galime pasi\u016blyti i\u0161samius hidraulinius cilindrus. Taip pat teikiame atitinkamus <a href=\"https:\/\/hzpt.com\/agricultural-pto-gearbox\/\" target=\"_blank\" rel=\"noopener\">\u017eem\u0117s \u016bkio pavar\u0173 d\u0117\u017e\u0117s<\/a>Mes eksportuojame savo gaminius klientams visame pasaulyje ir peln\u0117me ger\u0105 reputacij\u0105 d\u0117l auk\u0161\u010diausios gamini\u0173 kokyb\u0117s ir aptarnavimo po pardavimo. Mes laukiame klient\u0173 \u0161alyje ir u\u017esienyje, norin\u010di\u0173 susisiekti su mumis der\u0117tis d\u0117l verslo, keistis informacija ir... <a href=\"https:\/\/www.hydraulic-cylinders.net\/lt\/contact-us\/\">bendradarbiauti su mumis<\/a>!<\/p>\n<p>&nbsp;<\/p>","protected":false},"excerpt":{"rendered":"<p>V90N-DT Series Axial Piston Variable Displacement Double Hydraulic Pump The V90N-DT series axial piston variable displacement double hydraulic pump is a game-changer in hydraulic systems. With its exceptional versatility, efficiency, and reliability, this pump is indispensable in various industrial applications. This comprehensive article will explore the key characteristics, usage methods, and maintenance guidelines for the [&hellip;]<\/p>","protected":false},"featured_media":1940,"comment_status":"open","ping_status":"closed","template":"","meta":{"_et_pb_use_builder":"","_et_pb_old_content":"","_et_gb_content_width":""},"product_brand":[],"product_cat":[1425],"product_tag":[],"class_list":{"0":"post-1922","1":"product","2":"type-product","3":"status-publish","4":"has-post-thumbnail","6":"product_cat-piston-pump","8":"first","9":"instock","10":"shipping-taxable","11":"product-type-simple"},"amp_enabled":true,"_links":{"self":[{"href":"https:\/\/www.hydraulic-cylinders.net\/lt\/wp-json\/wp\/v2\/product\/1922","targetHints":{"allow":["GET"]}}],"collection":[{"href":"https:\/\/www.hydraulic-cylinders.net\/lt\/wp-json\/wp\/v2\/product"}],"about":[{"href":"https:\/\/www.hydraulic-cylinders.net\/lt\/wp-json\/wp\/v2\/types\/product"}],"replies":[{"embeddable":true,"href":"https:\/\/www.hydraulic-cylinders.net\/lt\/wp-json\/wp\/v2\/comments?post=1922"}],"wp:featuredmedia":[{"embeddable":true,"href":"https:\/\/www.hydraulic-cylinders.net\/lt\/wp-json\/wp\/v2\/media\/1940"}],"wp:attachment":[{"href":"https:\/\/www.hydraulic-cylinders.net\/lt\/wp-json\/wp\/v2\/media?parent=1922"}],"wp:term":[{"taxonomy":"product_brand","embeddable":true,"href":"https:\/\/www.hydraulic-cylinders.net\/lt\/wp-json\/wp\/v2\/product_brand?post=1922"},{"taxonomy":"product_cat","embeddable":true,"href":"https:\/\/www.hydraulic-cylinders.net\/lt\/wp-json\/wp\/v2\/product_cat?post=1922"},{"taxonomy":"product_tag","embeddable":true,"href":"https:\/\/www.hydraulic-cylinders.net\/lt\/wp-json\/wp\/v2\/product_tag?post=1922"}],"curies":[{"name":"wp","href":"https:\/\/api.w.org\/{rel}","templated":true}]}}