{"id":19220,"date":"2025-04-07T06:18:43","date_gmt":"2025-04-07T06:18:43","guid":{"rendered":"https:\/\/www.hydraulic-cylinders.net\/product\/boom-cylinder-for-zoomlion-middle-excavator-ze210elc\/"},"modified":"2025-04-07T06:18:45","modified_gmt":"2025-04-07T06:18:45","slug":"boom-cylinder-for-zoomlion-middle-excavator-ze210elc","status":"publish","type":"product","link":"https:\/\/www.hydraulic-cylinders.net\/lt\/produktas\/boom-cylinder-for-zoomlion-middle-excavator-ze210elc\/","title":{"rendered":"\u201eZoomlion\u201c vidutinio ekskavatoriaus ZE210ELC str\u0117l\u0117s cilindras"},"content":{"rendered":"<h1>\u201eZoomlion\u201c vidutinio ekskavatoriaus ZE210ELC str\u0117l\u0117s cilindras<\/h1>\n<h2>\u012evadas \u012f str\u0117l\u0117s cilindr\u0105<\/h2>\n<p>Str\u0117l\u0117s cilindras yra labai svarbus hidraulinis komponentas, naudojamas \u012fvairiose sunkiosiose ma\u0161inose, specialiai sukurtas \u201eZoomlion Middle Excavator ZE210ELC\u201c. \u0160is hidraulinis cilindras yra neatsiejama str\u0117l\u0117s jud\u0117jimo valdymo dalis, leid\u017eianti jai kelti, nuleisti ir pakreipti. Str\u0117l\u0117s cilindro funkcionalumas leid\u017eia efektyviai atlikti med\u017eiag\u0173 tvarkymo u\u017eduotis, kurios yra b\u016btinos statybos ir \u017eem\u0117s kasimo projektuose.<\/p>\n<p><img decoding=\"async\" src=\"https:\/\/www.hydraulic-cylinders.net\/wp-content\/uploads\/2025\/04\/songte-company-1.webp\" alt=\"Str\u0117l\u0117s cilindras\"><\/p>\n<h3>Apibr\u0117\u017eimas ir ap\u017evalga<\/h3>\n<p>Str\u0117l\u0117s cilindras yra hidraulinio cilindro tipas, specialiai sukurtas str\u0117l\u0117s veikimui valdyti sunkiosiose ma\u0161inose, tokiose kaip ekskavatoriai, ekskavatoriniai krautuvai ir frontaliniai krautuvai. Jis valdo str\u0117l\u0117s jud\u0117jim\u0105, palengvindamas k\u0117limo, nuleidimo ir pakreipimo procesus, b\u016btinus efektyviam med\u017eiag\u0173 transportavimui. \u0160is veikimas priklauso nuo hidraulinio skys\u010dio sl\u0117gio, kad b\u016bt\u0173 u\u017etikrintas sklandus ir efektyvus jud\u0117jimas, tod\u0117l jis yra b\u016btinas sunkiasvor\u0117se srityse.<\/p>\n<h2>Pagrindin\u0117s str\u0117l\u0117s cilindro savyb\u0117s<\/h2>\n<ul>\n<li><strong>Didelis stiprumas ir ilgaam\u017ei\u0161kumas:<\/strong> Pagamintas i\u0161 didelio stiprumo plieno arba aliuminio, str\u0117l\u0117s cilindras gali atlaikyti auk\u0161t\u0105 sl\u0117g\u012f ir dideles apkrovas, net ir at\u0161iauriomis darbo s\u0105lygomis. Jo konstrukcija atsi\u017evelg\u0117 \u012f atsparum\u0105 dilimui ir korozijai, tod\u0117l jo tarnavimo laikas gerokai pailg\u0117ja.<\/li>\n<li><strong>Efektyvus hidraulinis valdymas:<\/strong> Str\u0117l\u0117s cilindras naudoja hidraulinio skys\u010dio sl\u0117g\u012f, kad str\u0117l\u0117 skland\u017eiai i\u0161skleist\u0173 ir atitraukt\u0173 str\u0117l\u0119, greitai reaguot\u0173 \u012f valdymo komandas ir u\u017etikrint\u0173 didel\u0119 st\u016bmimo bei traukimo j\u0117g\u0105, tod\u0117l tinka sunkioms med\u017eiagoms tvarkyti ir sud\u0117tingoms u\u017eduotims atlikti.<\/li>\n<li><strong>\u012evair\u016bs tipai:<\/strong> Priklausomai nuo eksploatacini\u0173 poreiki\u0173, vartotojai gali rinktis vienpusio veikimo (hidraulikos naudojimas viena kryptimi) arba dvipusio veikimo (hidraulikos naudojimas abiem kryptimis) cilindrus. Kai kurie modeliai yra teleskopiniai, tod\u0117l juos galima labiau i\u0161tiesti nedidinant i\u0161orini\u0173 matmen\u0173, tod\u0117l jie idealiai tinka u\u017edaroms erdv\u0117ms.<\/li>\n<li><strong>Pritaikomi sprendimai:<\/strong> \u0160\u012f gamin\u012f gaminame taip, kad puikiai pakeist\u0173 \u012fvairius hidraulinius cilindrus, u\u017etikrindami suderinamum\u0105 ir patikimum\u0105 j\u016bs\u0173 mechanizmuose.<\/li>\n<\/ul>\n<p><img decoding=\"async\" src=\"https:\/\/www.hydraulic-cylinders.net\/wp-content\/uploads\/2025\/04\/songte-cylinder-head-with-all-kinds-excavator-models.webp\" alt=\"Ekskavatori\u0173 modeliai\"><\/p>\n<h2>Str\u0117l\u0117s cilindro pritaikymas<\/h2>\n<h3>Statybin\u0117 \u012franga<\/h3>\n<p>Ekskavatoriuose str\u0117l\u0117s cilindras yra labai svarbus kasant, kraunant ir perkeliant grunt\u0105 ar \u0161iuk\u0161les. Jis leid\u017eia tiksliai i\u0161skleisti ir sutraukti str\u0117l\u0119, taip padidinant darbo efektyvum\u0105 statybviet\u0117se. Ekskavatori\u0173-krautuv\u0173 str\u0117l\u0117s cilindras palengvina tiek kasimo, tiek k\u0117limo darbus, tod\u0117l jis yra universalus pasirinkimas \u012fvairioms reikm\u0117ms.<\/p>\n<h3>\u017dem\u0117s \u016bkio technika<\/h3>\n<p>Priekiniuose krautuvuose str\u0117l\u0117s cilindras padeda semti, kelti ir transportuoti dirvo\u017eem\u012f, \u0161ien\u0105 ir kitas med\u017eiagas. D\u0117l geb\u0117jimo susidoroti su \u012fvairiais kroviniais jis yra b\u016btinas \u017eem\u0117s \u016bkio darbams, kur efektyvumas ir patikimumas yra nepaprastai svarb\u016bs.<\/p>\n<h3>Ekskavatoriai<\/h3>\n<p>Str\u0117l\u0117s cilindras leid\u017eia ekskavatoriaus kau\u0161ui efektyviai \u012fsiskverbti \u012f dirv\u0105, tod\u0117l kasimo darbai atliekami efektyviai. Tvirta konstrukcija u\u017etikrina, kad jis atlaikyt\u0173 pakartotinio naudojimo apkrovas sud\u0117tingomis s\u0105lygomis.<\/p>\n<h3>Krautuvai<\/h3>\n<p>Priekiniuose krautuvuose str\u0117l\u0117s cilindras yra gyvybi\u0161kai svarbus kroviniams kelti ir i\u0161versti. Jis suteikia reikiam\u0105 j\u0117g\u0105 sunkioms med\u017eiagoms valdyti, taip padidindamas bendr\u0105 ma\u0161inos efektyvum\u0105 statybos ir griovimo darbuose.<\/p>\n<h2>Projektavimo aspektai ir atrankos kriterijai<\/h2>\n<h3>Keliamoji galia<\/h3>\n<p>Renkantis str\u0117l\u0117s cilindr\u0105, keliamoji galia yra labai svarbus veiksnys. Cilindras turi atlaikyti maksimal\u0173 svor\u012f, su kuriuo susidurs eksploatacijos metu. Tai apima tiek statini\u0173, tiek dinamini\u0173 apkrov\u0173 \u012fvertinim\u0105, siekiant u\u017etikrinti saugum\u0105 ir efektyvum\u0105.<\/p>\n<h3>Sandarumo vientisumas<\/h3>\n<p>Sandarinimas yra labai svarbus norint i\u0161laikyti hidraulin\u012f efektyvum\u0105. Auk\u0161tos kokyb\u0117s sandarikliai apsaugo nuo hidraulinio skys\u010dio nuot\u0117kio, u\u017etikrindami pastov\u0173 na\u0161um\u0105 ir suma\u017eindami skys\u010dio praradimo rizik\u0105, kuri gali pakenkti eksploatacin\u0117ms galimyb\u0117ms. Tinkamas sandarinimas taip pat apsaugo nuo ter\u0161al\u0173, kurie gal\u0117t\u0173 pa\u017eeisti hidraulin\u0119 sistem\u0105.<\/p>\n<h3>Patvarumas<\/h3>\n<p>Patvarumas rei\u0161kia cilindro geb\u0117jim\u0105 atlaikyti at\u0161iaurias darbo s\u0105lygas laikui b\u0117gant. Tai apima med\u017eiagas, kurios yra atsparios dilimui, korozijai ir nuovargiui, u\u017etikrinant ilgesn\u012f tarnavimo laik\u0105 ir ma\u017eesnes prie\u017ei\u016bros i\u0161laidas. Med\u017eiag\u0173 ir gamybos proces\u0173 pasirinkimas atlieka esmin\u012f vaidmen\u012f didinant patvarum\u0105.<\/p>\n<h3>Saugos funkcijos<\/h3>\n<p>Projektuojant hidraulinius cilindrus, saugumas turi b\u016bti prioritetas. Tai apima apsaugini\u0173 vo\u017etuv\u0173 \u012frengim\u0105, siekiant i\u0161vengti per didelio sl\u0117gio, ir u\u017etikrinim\u0105, kad visi komponentai atitikt\u0173 saugos reikalavimus. Gerai suprojektuotas cilindras suteikia ramyb\u0117s eksploatacijos metu.<\/p>\n<h3>Prieinamumas prie prie\u017ei\u016bros<\/h3>\n<p>Str\u0117l\u0117s cilindro konstrukcija, skirta lengvam techniniam aptarnavimui, yra labai svarbi siekiant suma\u017einti prastovas. Tokios savyb\u0117s kaip nuimami sandarikliai ir lengvai prieinami tepimo ta\u0161kai pagerina galimyb\u0119 atlikti \u012fprastinius patikrinimus ir technin\u0117s prie\u017ei\u016bros darbus, taip prisidedant prie \u012frangos ilgaam\u017ei\u0161kumo ir patikimumo.<\/p>\n<p><img decoding=\"async\" src=\"https:\/\/www.hydraulic-cylinders.net\/wp-content\/uploads\/2025\/04\/songte-oil-pipes-and-spare-parts.webp\" alt=\"Naftos vamzd\u017eiai ir atsargin\u0117s dalys\"><\/p>\n<h2>Sandarinimas ir tepimas<\/h2>\n<p>Str\u0117l\u0117s cilindro efektyvumas labai priklauso nuo jo sandarinimo ir tepimo sistem\u0173. Hidrauliniam vientisumui palaikyti naudojami \u012fvair\u016bs sandarikliai, \u012fskaitant st\u016bmokli\u0173 ir stryp\u0173 sandariklius. D\u0117l atsparumo dilimui ir aplinkos veiksniams pirmenyb\u0117 teikiama sandarikliams, pagamintiems i\u0161 patvari\u0173 med\u017eiag\u0173, toki\u0173 kaip poliuretanas ir nitrilo kau\u010diukas.<\/p>\n<p>Cilindro korpusas ir srieginiai galiniai pavir\u0161iai yra tiksliai apdirbami, siekiant padidinti atsparum\u0105 dilimui ir u\u017etikrinti ilgesn\u012f tarnavimo laik\u0105. Reguliarus tepimas tinkama hidrauline alyva yra b\u016btinas norint palaikyti optimal\u0173 veikim\u0105 ir i\u0161vengti svarbiausi\u0173 komponent\u0173 susid\u0117v\u0117jimo.<\/p>\n<h2>Reguliarus patikrinimas ir prevencin\u0117 prie\u017ei\u016bra<\/h2>\n<ul>\n<li><strong>Reguliar\u016bs patikrinimai:<\/strong> Reguliariai atliekami patikrinimai yra labai svarb\u016bs norint nustatyti galimas problemas, kol jos nepa\u016bm\u0117jo. Patikrinkite, ar n\u0117ra susid\u0117v\u0117jimo po\u017eymi\u0173, nuot\u0117ki\u0173, ir atlikite veikimo bandymus, kad \u012fsitikintum\u0117te, jog viskas veikia tinkamai.<\/li>\n<li><strong>Tinkamas tepimas:<\/strong> \u012esitikinkite, kad hidraulin\u0117s alyvos lygis yra pakankamas, ir prireikus papildykite. Naudokite rekomenduojamus tepalus, kad i\u0161laikytum\u0117te optimal\u0173 na\u0161um\u0105 ir suma\u017eintum\u0117te trint\u012f sistemoje.<\/li>\n<li><strong>Sandariklio keitimas:<\/strong> Laikui b\u0117gant, sandarikliai gali susid\u0117v\u0117ti ir juos reikia pakeisti. Reguliariai tikrinkite, ar sandarikliai n\u0117ra susid\u0117v\u0117jimo po\u017eymi\u0173, ir pakeiskite juos, kad i\u0161vengtum\u0117te hidraulinio skys\u010dio nuot\u0117kio.<\/li>\n<\/ul>\n<h2>\u012erengimo gair\u0117s<\/h2>\n<p>Teisingas str\u0117l\u0117s cilindro montavimas yra labai svarbus jo veikimui. Pirmiausia \u012fsitikinkite, kad montavimo vieta yra \u0161vari ir be \u0161iuk\u0161li\u0173. Naudokite tinkamus lygiavimo \u012frankius, kad pritvirtintum\u0117te cilindr\u0105 vietoje, u\u017etikrindami, kad jis b\u016bt\u0173 tinkamai sulygiuotas su kitais komponentais, kad b\u016bt\u0173 i\u0161vengta per didelio \u012ftempimo eksploatacijos metu.<\/p>\n<p>Cilindrui tvirtai pritvirtinti naudokite tinkamus tvirtinimo laikiklius. Priver\u017edami var\u017etus, laikykit\u0117s gamintojo nurodyt\u0173 sukimo moment\u0173 nurodym\u0173, kad nepa\u017eeistum\u0117te cilindro. Sumontavus patikrinkite, ar yra tinkamas hidraulinio skys\u010dio lygis, ir atlikite bandom\u0105j\u012f paleidim\u0105, kad \u012fsitikintum\u0117te, jog viskas veikia skland\u017eiai.<\/p>\n<h2>\u012eprastos prie\u017ei\u016bros u\u017eduotys<\/h2>\n<ul>\n<li><strong>Reguliar\u016bs patikrinimai:<\/strong> Nuolatiniai patikrinimai padeda anksti nustatyti susid\u0117v\u0117jim\u0105 ir galimas problemas, u\u017etikrinant efektyv\u0173 cilindro veikim\u0105 ir suma\u017einant netik\u0117tas prastovas.<\/li>\n<li><strong>Tinkamas tepimas:<\/strong> Cilindro ir jo komponent\u0173 tepimas yra b\u016btinas norint suma\u017einti trint\u012f ir nusid\u0117v\u0117jim\u0105, taip pailginant gaminio tarnavimo laik\u0105. Naudokite tinkamo tipo hidraulin\u0119 alyv\u0105, kaip nurodyta gamintojo.<\/li>\n<li><strong>Sandariklio keitimas:<\/strong> Reguliariai tikrinkite sandarikli\u0173 b\u016bkl\u0119 ir prireikus juos pakeiskite, kad i\u0161vengtum\u0117te skys\u010di\u0173 nuot\u0117kio ir palaikytum\u0117te sl\u0117g\u012f hidraulin\u0117je sistemoje.<\/li>\n<\/ul>\n<h2>Saugos aspektai ir aplinkos veiksniai<\/h2>\n<p>Saugos priemoni\u0173 \u012fgyvendinimas dirbant su hidrauliniais cilindrais yra nepaprastai svarbus. \u012esitikinkite, kad visi operatoriai yra apmokyti saugiai elgtis su hidraulin\u0117mis sistemomis ir supranta galimus pavojus, susijusius su jomis. Eksploatacijos metu visada reikia d\u0117v\u0117ti apsaugin\u0119 \u012frang\u0105 ir laikytis tinkam\u0173 avarini\u0173 proced\u016br\u0173.<\/p>\n<h2>Gedim\u0173 diagnostika ir da\u017eniausios problemos<\/h2>\n<ul>\n<li><strong>Nuot\u0117kis:<\/strong> Hidraulinio skys\u010dio nuot\u0117kis gali rodyti sandariklio gedim\u0105 ar pa\u017eeidim\u0105. Reguliarios patikros gali pad\u0117ti nustatyti prie\u017east\u012f ir laiku atlikti remont\u0105.<\/li>\n<li><strong>Suma\u017eintas na\u0161umas:<\/strong> Jei cilindras nereaguoja taip, kaip tik\u0117tasi, problema gali kilti d\u0117l nepakankamo hidraulinio skys\u010dio arba oro sistemoje. Norint nustatyti prie\u017east\u012f, reikia atlikti trik\u010di\u0173 \u0161alinim\u0105.<\/li>\n<li><strong>Perkaitimas:<\/strong> Per didelis \u012fkaitimas gali atsirasti d\u0117l nepakankamo tepimo arba didel\u0117s trinties. Steb\u0117kite darbin\u0119 temperat\u016br\u0105 ir \u012fsitikinkite, kad cilindras yra pakankamai suteptas.<\/li>\n<\/ul>\n<h2>Trik\u010di\u0173 \u0161alinimo patarimai<\/h2>\n<p>\u0160alindami str\u0117l\u0117s cilindro gedimus, prad\u0117kite nuo hidraulinio skys\u010dio lygio patikrinimo. \u012esitikinkite, kad visos jungtys yra sandarios, ir patikrinkite, ar n\u0117ra susid\u0117v\u0117jimo po\u017eymi\u0173. Jei veikimo problemos i\u0161lieka, per\u017ei\u016br\u0117kite gamintojo rekomendacijas d\u0117l konkre\u010di\u0173 problem\u0173 sprendimo ir, jei reikia, apsvarstykite galimyb\u0119 kreiptis \u012f specialist\u0105.<\/p>\n<h2>Apie m\u016bs\u0173 \u012fmon\u0119<\/h2>\n<p>Esame pirmaujantis pakaitini\u0173 hidraulini\u0173 cilindr\u0173 gamintojas, si\u016blantis plat\u0173 gamini\u0173 asortiment\u0105, skirt\u0105 tiek vidaus, tiek tarptautinei rinkai. M\u016bs\u0173 \u012fsipareigojimas siekti meistri\u0161kumo atsispindi tiksliose gamybos strategijose ir pa\u017eangi\u0173 technologij\u0173 bei kokybi\u0161k\u0173 med\u017eiag\u0173 naudojime.<\/p>\n<p>Siekdami patenkinti \u012fvairius klient\u0173 poreikius, teikiame individualius sprendimus, pritaikytus konkre\u010dioms reikm\u0117ms. M\u016bs\u0173 tarptautiniai sertifikatai pabr\u0117\u017eia m\u016bs\u0173 atsidavim\u0105 kokybei ir patikimumui. M\u016bs\u0173 gamybos \u012frenginiai apr\u016bpinti moderniausia \u012franga, u\u017etikrinan\u010dia auk\u0161t\u0105 kiekvieno m\u016bs\u0173 kuriamo produkto efektyvum\u0105 ir tikslum\u0105.<\/p>\n<p><img decoding=\"async\" src=\"https:\/\/www.hydraulic-cylinders.net\/wp-content\/uploads\/2025\/04\/songte-company-4.webp\" alt=\"\u012emon\u0117s patalpos\"><br \/>\n<img decoding=\"async\" src=\"https:\/\/www.hydraulic-cylinders.net\/wp-content\/uploads\/2025\/04\/songte-company-3.webp\" alt=\"\u012emon\u0117s gamybos linija\"><\/p>\n<p>Autorius: lyl<\/p>","protected":false},"excerpt":{"rendered":"<p>Boom Cylinder For Zoomlion Middle Excavator ZE210ELC Introduction to the Boom Cylinder The Boom Cylinder is a critical hydraulic component utilized in various heavy machinery, specifically designed for the Zoomlion Middle Excavator ZE210ELC. This hydraulic cylinder is integral to controlling the movement of the boom, enabling it to lift, lower, and tilt. The functionality of [&hellip;]<\/p>","protected":false},"featured_media":17876,"comment_status":"open","ping_status":"closed","template":"","meta":{"_et_pb_use_builder":"","_et_pb_old_content":"","_et_gb_content_width":""},"product_brand":[],"product_cat":[1546],"product_tag":[1547,1496],"class_list":{"0":"post-19220","1":"product","2":"type-product","3":"status-publish","4":"has-post-thumbnail","6":"product_cat-boom-cylinders","7":"product_tag-boom-cylinders","8":"product_tag-hydraulic-cylinders","10":"first","11":"instock","12":"shipping-taxable","13":"product-type-simple"},"amp_enabled":true,"_links":{"self":[{"href":"https:\/\/www.hydraulic-cylinders.net\/lt\/wp-json\/wp\/v2\/product\/19220","targetHints":{"allow":["GET"]}}],"collection":[{"href":"https:\/\/www.hydraulic-cylinders.net\/lt\/wp-json\/wp\/v2\/product"}],"about":[{"href":"https:\/\/www.hydraulic-cylinders.net\/lt\/wp-json\/wp\/v2\/types\/product"}],"replies":[{"embeddable":true,"href":"https:\/\/www.hydraulic-cylinders.net\/lt\/wp-json\/wp\/v2\/comments?post=19220"}],"wp:featuredmedia":[{"embeddable":true,"href":"https:\/\/www.hydraulic-cylinders.net\/lt\/wp-json\/wp\/v2\/media\/17876"}],"wp:attachment":[{"href":"https:\/\/www.hydraulic-cylinders.net\/lt\/wp-json\/wp\/v2\/media?parent=19220"}],"wp:term":[{"taxonomy":"product_brand","embeddable":true,"href":"https:\/\/www.hydraulic-cylinders.net\/lt\/wp-json\/wp\/v2\/product_brand?post=19220"},{"taxonomy":"product_cat","embeddable":true,"href":"https:\/\/www.hydraulic-cylinders.net\/lt\/wp-json\/wp\/v2\/product_cat?post=19220"},{"taxonomy":"product_tag","embeddable":true,"href":"https:\/\/www.hydraulic-cylinders.net\/lt\/wp-json\/wp\/v2\/product_tag?post=19220"}],"curies":[{"name":"wp","href":"https:\/\/api.w.org\/{rel}","templated":true}]}}