{"id":19223,"date":"2025-04-07T06:18:51","date_gmt":"2025-04-07T06:18:51","guid":{"rendered":"https:\/\/www.hydraulic-cylinders.net\/product\/boom-cylinder-for-zoomlion-middle-excavator-ze230e-9\/"},"modified":"2025-04-07T06:19:00","modified_gmt":"2025-04-07T06:19:00","slug":"boom-cylinder-for-zoomlion-middle-excavator-ze230e-9","status":"publish","type":"product","link":"https:\/\/www.hydraulic-cylinders.net\/lt\/produktas\/boom-cylinder-for-zoomlion-middle-excavator-ze230e-9\/","title":{"rendered":"\u201eZoomlion\u201c vidutinio ekskavatoriaus ZE230E-9 str\u0117l\u0117s cilindras"},"content":{"rendered":"<h1>\u201eZoomlion\u201c vidutinio ekskavatoriaus ZE230E-9 str\u0117l\u0117s cilindras<\/h1>\n<h2>Produkto ap\u017evalga<\/h2>\n<p>Str\u0117l\u0117s cilindras yra gyvybi\u0161kai svarbus sunkiosios technikos komponentas, specialiai sukurtas valdyti kau\u0161o jud\u0117jim\u0105 \u012fvairioje \u012frangoje, pavyzd\u017eiui, ekskavatoriuose, ekskavatoriniuose krautuvams ir frontaliniams krautuvams. \u0160is hidraulinis cilindras atlieka labai svarb\u0173 vaidmen\u012f leid\u017eiant kau\u0161ui pakilti, nuleisti ir pakreipti, taip palengvinant efektyv\u0173 med\u017eiag\u0173 tvarkym\u0105. Paversdamas hidraulin\u012f sl\u0117g\u012f mechanine j\u0117ga, str\u0117l\u0117s cilindras leid\u017eia operatoriams atlikti \u012fvairias operacijas tiksliai ir lengvai. Jo svarbos negalima pervertinti, nes jis tiesiogiai veikia ma\u0161inos na\u0161um\u0105 ir efektyvum\u0105.<\/p>\n<p><img decoding=\"async\" src=\"https:\/\/www.hydraulic-cylinders.net\/wp-content\/uploads\/2025\/04\/songte-company-1.webp\" alt=\"Str\u0117l\u0117s cilindro vaizdas\"><\/p>\n<h3>Pagrindin\u0117s str\u0117l\u0117s cilindro savyb\u0117s<\/h3>\n<ul>\n<li><strong>Didelis stiprumas ir ilgaam\u017ei\u0161kumas:<\/strong> Pagamintas i\u0161 didelio stiprumo plieno arba aliuminio, str\u0117l\u0117s cilindras yra skirtas atlaikyti auk\u0161t\u0105 sl\u0117g\u012f ir dideles apkrovas, tod\u0117l tinka at\u0161iaurioms darbo s\u0105lygoms.<\/li>\n<li><strong>Efektyvus hidraulinis valdymas:<\/strong> Cilindras naudoja hidraulin\u0117s alyvos sl\u0117g\u012f, kad skland\u017eiai i\u0161skleist\u0173 ir atitraukt\u0173, greitai reaguot\u0173 \u012f operatoriaus komandas ir u\u017etikrint\u0173 galingas st\u016bmimo ir traukimo galimybes.<\/li>\n<li><strong>\u012evair\u016bs tipai:<\/strong> Galimi variantai: vienpusio veikimo (hidraulinis sl\u0117gis naudojamas viena kryptimi) arba dvipusio veikimo (hidraulinis sl\u0117gis naudojamas abiem kryptimis) cilindrai, kai kurie modeliai turi teleskopines konstrukcijas, kad b\u016bt\u0173 galima pasiekti didesn\u012f atstum\u0105.<\/li>\n<li><strong>Tikslioji in\u017einerija:<\/strong> Kiekvienas cilindras yra suprojektuotas laikantis grie\u017et\u0173 standart\u0173, siekiant u\u017etikrinti patikim\u0105 veikim\u0105 ir suderinamum\u0105 su \u012fvairiais ekskavatori\u0173 modeliais.<\/li>\n<li><strong>Prie\u017ei\u016brai draugi\u0161kas dizainas:<\/strong> Sukurtas taip, kad b\u016bt\u0173 lengva pri\u017ei\u016br\u0117ti, str\u0117l\u0117s cilindras leid\u017eia greitai atlikti patikrinimus ir technin\u0119 prie\u017ei\u016br\u0105, taip suma\u017einant ma\u0161inos prastovas.<\/li>\n<\/ul>\n<h2>M\u016bs\u0173 gamybos paj\u0117gumai<\/h2>\n<p>Turime paj\u0117gum\u0173 pagaminti \u0161\u012f auk\u0161tos kokyb\u0117s str\u0117l\u0117s cilindr\u0105, puikiai pakei\u010diant\u012f esamus hidraulinius cilindrus \u012fvairiose srityse.<\/p>\n<p><img decoding=\"async\" src=\"https:\/\/www.hydraulic-cylinders.net\/wp-content\/uploads\/2025\/04\/songte-cylinder-head-with-all-kinds-excavator-models.webp\" alt=\"Ekskavatori\u0173 modeli\u0173 vaizdas\"><\/p>\n<h2>Str\u0117l\u0117s cilindro pritaikymas<\/h2>\n<h3>Statybin\u0117 \u012franga<\/h3>\n<p>Ekskavatoriuose str\u0117l\u0117s cilindrai yra labai svarb\u016bs kasant, kraunant ir perkeliant \u017eem\u0119 ar \u0161iuk\u0161les. J\u0173 geb\u0117jimas u\u017etikrinti skland\u017eius ir galingus judesius padidina statybos projekt\u0173 efektyvum\u0105, leisdamas greitai ir efektyviai tvarkyti med\u017eiagas.<\/p>\n<h3>\u017dem\u0117s \u016bkio technika<\/h3>\n<p>Priekiniai krautuvai naudoja str\u0117l\u0117s cilindrus dirvo\u017eemiui, \u0161ienui ir kitoms med\u017eiagoms semti, kelti ir transportuoti. \u0160i\u0173 cilindr\u0173 efektyvumas u\u017etikrina greit\u0105 \u017eem\u0117s \u016bkio darb\u0173 atlikim\u0105, o tai prisideda prie didesnio na\u0161umo \u016bkininkavimo operacijose.<\/p>\n<h3>Ekskavatoriai<\/h3>\n<p>Ekskavatoriuose str\u0117l\u0117s cilindrai leid\u017eia kau\u0161ui \u012fsiskverbti \u012f dirv\u0105, tod\u0117l galima efektyviai kasti. \u0160i funkcija yra labai svarbi atliekant \u012fvairias kasimo u\u017eduotis, u\u017etikrinant, kad operatoriai gal\u0117t\u0173 efektyviai valdyti kasimo projektus.<\/p>\n<h3>Krautuvai<\/h3>\n<p>Priekiniuose krautuvuose str\u0117l\u0117s cilindrai padeda efektyviai kelti ir i\u0161versti krovinius. J\u0173 patikimas veikimas yra gyvybi\u0161kai svarbus optimizuojant pakrovimo ir i\u0161krovimo procesus \u012fvairiose vietose \u2013 nuo \u200b\u200bstatybvie\u010di\u0173 iki med\u017eiag\u0173 tvarkymo aik\u0161teli\u0173.<\/p>\n<h2>Projektavimo aspektai ir atrankos kriterijai<\/h2>\n<h3>Keliamoji galia<\/h3>\n<p>Apkrova yra labai svarbus str\u0117l\u0117s cilindr\u0173 projektavimo aspektas. Ji lemia maksimal\u0173 svor\u012f, kur\u012f cilindras gali atlaikyti nepakenkdamas saugumui ar na\u0161umui. Gamintojai turi u\u017etikrinti, kad cilindro konstrukcija atitikt\u0173 arba vir\u0161yt\u0173 numatyto naudojimo apkrovos specifikacijas.<\/p>\n<h3>Sandarinimo efektyvumas<\/h3>\n<p>Efektyvus sandarinimas yra b\u016btinas norint palaikyti hidraulin\u012f sl\u0117g\u012f cilindre. Sandarikli\u0173, toki\u0173 kaip st\u016bmoklio ir koto sandarikliai, pasirinkimas turi \u012ftakos bendram cilindro veikimui ir ilgaam\u017ei\u0161kumui. Kokybi\u0161ki sandarikliai, pagaminti i\u0161 patvari\u0173 med\u017eiag\u0173, toki\u0173 kaip poliuretanas arba nitrilo kau\u010diukas, apsaugo nuo nuot\u0117ki\u0173 ir u\u017etikrina skland\u0173 veikim\u0105.<\/p>\n<h3>Patvarumas<\/h3>\n<p>Patvarumas yra pagrindinis str\u0117l\u0117s cilindr\u0173 konstrukcijos veiksnys, nes jie da\u017enai veikiami at\u0161iauri\u0173 s\u0105lyg\u0173. Didelio stiprumo med\u017eiag\u0173 ir apsaugini\u0173 dang\u0173 naudojimas padidina cilindro atsparum\u0105 dilimui, korozijai ir aplinkos veiksniams, pailgindamas jo tarnavimo laik\u0105 ir suma\u017eindamas prie\u017ei\u016bros poreik\u012f.<\/p>\n<h3>Saugos funkcijos<\/h3>\n<p>Projektuojant str\u0117l\u0117s cilindrus, saugumas yra svarbiausias dalykas. Tokios savyb\u0117s kaip sl\u0117gio ma\u017einimo vo\u017etuvai ir saugos u\u017eraktai padeda i\u0161vengti nelaiming\u0173 atsitikim\u0173 ir u\u017etikrina saug\u0173 veikim\u0105 esant skirtingoms apkrovoms. Gamintojai privalo teikti pirmenyb\u0119 \u0161ioms savyb\u0117ms projektavimo procese, kad apsaugot\u0173 tiek operatorius, tiek ma\u0161inas.<\/p>\n<h3>Prieinamumas prie prie\u017ei\u016bros<\/h3>\n<p>Projektuojant str\u0117l\u0117s cilindrus atsi\u017evelgiant \u012f j\u0173 technin\u0119 prie\u017ei\u016br\u0105, labai svarbu suma\u017einti prastovas. Funkcijos, u\u017etikrinan\u010dios lengv\u0105 prieig\u0105 ap\u017ei\u016brai ir remontui, u\u017etikrina, kad operatoriai gal\u0117t\u0173 efektyviai pri\u017ei\u016br\u0117ti \u012frang\u0105, o tai galiausiai padidint\u0173 produktyvum\u0105 ir na\u0161um\u0105 lauke.<\/p>\n<p><img decoding=\"async\" src=\"https:\/\/www.hydraulic-cylinders.net\/wp-content\/uploads\/2025\/04\/songte-oil-pipes-and-spare-parts.webp\" alt=\"Naftos vamzd\u017eiai ir atsargin\u0117s dalys Vaizdas\"><\/p>\n<h2>Sandarinimas ir tepimas<\/h2>\n<p>Tinkamas sandarinimas ir tepimas yra labai svarb\u016bs efektyviam str\u0117l\u0117s cilindr\u0173 veikimui. \u012evair\u016bs sandarikliai, tokie kaip st\u016bmokli\u0173 ir stryp\u0173 sandarikliai, naudojami sl\u0117giui palaikyti ir hidraulinio skys\u010dio nuot\u0117kiui i\u0161vengti. Patvari\u0173 med\u017eiag\u0173, toki\u0173 kaip poliuretanas ir nitrilo kau\u010diukas, pasirinkimas sandarikliams yra labai svarbus siekiant u\u017etikrinti ilgaam\u017ei\u0161kum\u0105 ir patikim\u0105 veikim\u0105. Be to, cilindro korpusas ir srieginiai galai yra tiksliai apdirbami, siekiant padidinti atsparum\u0105 dilimui. Reguliarus tepimas hidrauline alyva yra b\u016btinas norint suma\u017einti trint\u012f, u\u017etikrinti skland\u0173 jud\u0117jim\u0105 ir pailginti cilindro tarnavimo laik\u0105.<\/p>\n<h2>Prevencin\u0117s prie\u017ei\u016bros priemon\u0117s<\/h2>\n<ul>\n<li><strong>Reguliar\u016bs patikrinimai:<\/strong> Reguliariai tikrinkite, ar n\u0117ra susid\u0117v\u0117jimo, nuot\u0117ki\u0173 ar pa\u017eeidim\u0173 po\u017eymi\u0173. Ankstyvas problem\u0173 nustatymas gali pad\u0117ti i\u0161vengti brangaus remonto ir prastov\u0173.<\/li>\n<li><strong>Tepimo patikrinimai:<\/strong> \u012esitikinkite, kad hidraulin\u0117s alyvos lygis yra pakankamas ir kad tepimas atliekamas pagal gamintojo rekomendacijas, siekiant i\u0161laikyti optimal\u0173 na\u0161um\u0105.<\/li>\n<li><strong>Sandariklio keitimas:<\/strong> Reguliariai tikrinkite sandariklius, ar jie nesusid\u0117v\u0117j\u0119, ir prireikus juos pakeiskite, kad palaikytum\u0117te sl\u0117g\u012f ir i\u0161vengtum\u0117te nuot\u0117ki\u0173, u\u017etikrindami efektyv\u0173 sistemos veikim\u0105.<\/li>\n<\/ul>\n<h2>\u012erengimo gair\u0117s<\/h2>\n<p>Montuojant str\u0117l\u0117s cilindr\u0105, labai svarbu laikytis tinkam\u0173 proced\u016br\u0173, siekiant u\u017etikrinti optimal\u0173 na\u0161um\u0105. Pirma, \u012fsitikinkite, kad darbo vieta yra \u0161vari ir be \u0161iuk\u0161li\u0173. Tinkamai sulygiuokite cilindr\u0105 su tvirtinimo ta\u0161kais, kad i\u0161vengtum\u0117te per didelio komponent\u0173 \u012ftempimo. Naudokite tinkamus tvirtinimo laikiklius, kad pritvirtintum\u0117te cilindr\u0105 vietoje. B\u016btina priver\u017eti visus var\u017etus iki nurodyto sukimo momento, kad jie neatsilaisvint\u0173 eksploatacijos metu. Galiausiai, prie\u0161 visi\u0161kai paleisdami, patikrinkite, ar hidraulin\u0117s jungtys yra tvirtos, ir patikrinkite, ar sistemoje n\u0117ra nuot\u0117ki\u0173.<\/p>\n<h2>\u012eprastos prie\u017ei\u016bros u\u017eduotys<\/h2>\n<ul>\n<li><strong>Reguliar\u016bs patikrinimai:<\/strong> Norint nustatyti galimas problemas, kol jos nepa\u016bm\u0117jo, b\u016btini da\u017eni patikrinimai. \u0160is procesas apima nuot\u0117ki\u0173 patikrinim\u0105, sandarikli\u0173 nusid\u0117v\u0117jimo patikrinim\u0105 ir vis\u0173 komponent\u0173 tinkamo veikimo u\u017etikrinim\u0105.<\/li>\n<li><strong>Tinkamas tepimas:<\/strong> Reguliarus tepimas yra labai svarbus norint i\u0161laikyti hidraulini\u0173 cilindr\u0173 efektyvum\u0105. \u012esitikinkite, kad hidraulin\u0117s alyvos lygis yra rekomenduojamas, ir keiskite j\u0105 pagal gamintojo nurodymus.<\/li>\n<li><strong>Sandariklio keitimo ir kalibravimo patikrinimai:<\/strong> Tarpikliai tur\u0117t\u0173 b\u016bti reguliariai tikrinami, ar n\u0117ra susid\u0117v\u0117jimo po\u017eymi\u0173, ir prireikus kei\u010diami. Kalibravimo patikrinimai u\u017etikrina, kad cilindras veikt\u0173 nevir\u0161ydamas nurodyt\u0173 tolerancij\u0173, o tai prisideda prie bendro \u012frangos efektyvumo.<\/li>\n<\/ul>\n<h2>Saugos aspektai ir aplinkos veiksniai<\/h2>\n<p>Dirbant su hidraulin\u0117mis sistemomis, b\u016btinos saugos priemon\u0117s. Operatoriai visada turi d\u0117v\u0117ti tinkamas asmenines apsaugos priemones (AAP) ir laikytis saugos protokol\u0173. Svarbu u\u017etikrinti, kad hidraulin\u0117je sistemoje neb\u016bt\u0173 sl\u0117gio prie\u0161 atliekant technin\u0117s prie\u017ei\u016bros darbus. Be to, operatoriai tur\u0117t\u0173 \u017einoti apie aplinkos veiksnius, kurie gali tur\u0117ti \u012ftakos str\u0117l\u0117s cilindro veikimui, pvz., temperat\u016bros svyravimus ir s\u0105lyt\u012f su korozin\u0117mis med\u017eiagomis, ir imtis b\u016btin\u0173 atsargumo priemoni\u0173 \u0161iai rizikai suma\u017einti.<\/p>\n<h2>Gedim\u0173 diagnostika ir da\u017eniausios problemos<\/h2>\n<ul>\n<li><strong>Nuot\u0117kis:<\/strong> Nuot\u0117kis gali atsirasti d\u0117l susid\u0117v\u0117jusi\u0173 sandarikli\u0173 arba pa\u017eeist\u0173 komponent\u0173. Reguliariai tikrinkite sandariklius ir keiskite juos, kad palaikytum\u0117te hidraulin\u012f sl\u0117g\u012f.<\/li>\n<li><strong>Sl\u0117gio nuostoliai:<\/strong> Hidraulinio sl\u0117gio suma\u017e\u0117jimas gali rodyti sistemos u\u017esikim\u0161imus ar nuot\u0117kius. Reguliarus techninis aptarnavimas gali pad\u0117ti greitai nustatyti ir i\u0161spr\u0119sti \u0161ias problemas.<\/li>\n<li><strong>Nenuoseklus na\u0161umas:<\/strong> Jei str\u0117l\u0117s cilindras neveikia skland\u017eiai, tai gali b\u016bti d\u0117l nepakankamo tepimo arba hidraulin\u0117se linijose \u012fstrigusio oro. Reguliariai tikrinkite ir palaikykite hidraulinio skys\u010dio lyg\u012f ir, jei reikia, nuorinkite sistem\u0105.<\/li>\n<\/ul>\n<h2>Trik\u010di\u0173 \u0161alinimo patarimai<\/h2>\n<p>Nor\u0117dami veiksmingai diagnozuoti ir i\u0161spr\u0119sti str\u0117l\u0117s cilindro problemas, operatoriai tur\u0117t\u0173 atlikti reguliarius patikrinimus ir registruoti visus veikimo sutrikimus. \u012esitikinkite, kad hidraulin\u0117 alyva yra \u0161vari ir tinkamo lygio. Jei aptinkama nuot\u0117ki\u0173, nedelsdami pakeiskite sandariklius ir patikrinkite cilindro korpuso vientisum\u0105, ar n\u0117ra koki\u0173 nors pa\u017eeidimo po\u017eymi\u0173. \u012egyvendinus prevencines priemones, pvz., reguliari\u0105 technin\u0119 prie\u017ei\u016br\u0105 ir patikrinimus, galima gerokai suma\u017einti da\u017eniausiai pasitaikan\u010di\u0173 problem\u0173 tikimyb\u0119.<\/p>\n<p><img decoding=\"async\" src=\"https:\/\/www.hydraulic-cylinders.net\/wp-content\/uploads\/2025\/04\/songte-bushings-with-all-kinds-of-excavator-models.webp\" alt=\"\u012evor\u0117s su ekskavatoriaus modeli\u0173 paveiksl\u0117liu\"><\/p>\n<h2>Apie m\u016bs\u0173 \u012fmon\u0119<\/h2>\n<p>Esame pirmaujantis alternatyvi\u0173 hidraulini\u0173 cilindr\u0173 gamintojas, aptarnaujantis tiek vidaus, tiek tarptautin\u0119 rink\u0105. Platus gamini\u0173 asortimentas ir \u012fsipareigojimas siekti meistri\u0161kumo \u012ftvirtino m\u016bs\u0173 patikimum\u0105 pramon\u0117je. Laikydamiesi grie\u017et\u0173 kokyb\u0117s standart\u0173, remiam\u0117s sud\u0117tinga gamybos valdymo strategija, naudojame pa\u017eangi\u0105 gamybos \u012frang\u0105 ir profesionali\u0105 testavimo sistem\u0105. M\u016bs\u0173 kvalifikuoti darbuotojai nuolat tobulina savo gamybos platform\u0105, u\u017etikrindami, kad patenkintume \u012fvairius klient\u0173 poreikius dideliu efektyvumu, tikslumu ir kokybe.<\/p>\n<p><img decoding=\"async\" src=\"https:\/\/www.hydraulic-cylinders.net\/wp-content\/uploads\/2025\/04\/songte-company-4.webp\" alt=\"\u012emon\u0117s \u012fvaizdis\"><br \/>\n<img decoding=\"async\" src=\"https:\/\/www.hydraulic-cylinders.net\/wp-content\/uploads\/2025\/04\/songte-company-3.webp\" alt=\"\u012emon\u0117s \u012fvaizdis\"><\/p>\n<p>M\u016bs\u0173 atsidavimas profesionalumui, tarptautiniai sertifikatai ir individualiai pritaikomos paslaugos kartu su auk\u0161\u010diausios kokyb\u0117s gamybos \u012franga ir i\u0161skirtiniu aptarnavimu po pardavimo i\u0161skiria mus hidraulini\u0173 cilindr\u0173 rinkoje.<\/p>\n<p>Autorius: lyl<\/p>","protected":false},"excerpt":{"rendered":"<p>Boom Cylinder For Zoomlion Middle Excavator ZE230E-9 Product Overview The boom cylinder is a vital component in heavy machinery, specifically designed to control the movement of the bucket in various equipment such as excavators, backhoe loaders, and front loaders. This hydraulic cylinder plays a crucial role in allowing the bucket to lift, lower, and tilt, [&hellip;]<\/p>","protected":false},"featured_media":17879,"comment_status":"open","ping_status":"closed","template":"","meta":{"_et_pb_use_builder":"","_et_pb_old_content":"","_et_gb_content_width":""},"product_brand":[],"product_cat":[1546],"product_tag":[1547,1496],"class_list":{"0":"post-19223","1":"product","2":"type-product","3":"status-publish","4":"has-post-thumbnail","6":"product_cat-boom-cylinders","7":"product_tag-boom-cylinders","8":"product_tag-hydraulic-cylinders","10":"first","11":"instock","12":"shipping-taxable","13":"product-type-simple"},"amp_enabled":true,"_links":{"self":[{"href":"https:\/\/www.hydraulic-cylinders.net\/lt\/wp-json\/wp\/v2\/product\/19223","targetHints":{"allow":["GET"]}}],"collection":[{"href":"https:\/\/www.hydraulic-cylinders.net\/lt\/wp-json\/wp\/v2\/product"}],"about":[{"href":"https:\/\/www.hydraulic-cylinders.net\/lt\/wp-json\/wp\/v2\/types\/product"}],"replies":[{"embeddable":true,"href":"https:\/\/www.hydraulic-cylinders.net\/lt\/wp-json\/wp\/v2\/comments?post=19223"}],"wp:featuredmedia":[{"embeddable":true,"href":"https:\/\/www.hydraulic-cylinders.net\/lt\/wp-json\/wp\/v2\/media\/17879"}],"wp:attachment":[{"href":"https:\/\/www.hydraulic-cylinders.net\/lt\/wp-json\/wp\/v2\/media?parent=19223"}],"wp:term":[{"taxonomy":"product_brand","embeddable":true,"href":"https:\/\/www.hydraulic-cylinders.net\/lt\/wp-json\/wp\/v2\/product_brand?post=19223"},{"taxonomy":"product_cat","embeddable":true,"href":"https:\/\/www.hydraulic-cylinders.net\/lt\/wp-json\/wp\/v2\/product_cat?post=19223"},{"taxonomy":"product_tag","embeddable":true,"href":"https:\/\/www.hydraulic-cylinders.net\/lt\/wp-json\/wp\/v2\/product_tag?post=19223"}],"curies":[{"name":"wp","href":"https:\/\/api.w.org\/{rel}","templated":true}]}}