{"id":19226,"date":"2025-04-07T06:19:05","date_gmt":"2025-04-07T06:19:05","guid":{"rendered":"https:\/\/www.hydraulic-cylinders.net\/product\/boom-cylinder-for-zoomlion-large-excavator-ze480esp\/"},"modified":"2025-04-07T06:19:07","modified_gmt":"2025-04-07T06:19:07","slug":"boom-cylinder-for-zoomlion-large-excavator-ze480esp","status":"publish","type":"product","link":"https:\/\/www.hydraulic-cylinders.net\/lt\/produktas\/boom-cylinder-for-zoomlion-large-excavator-ze480esp\/","title":{"rendered":"Str\u0117l\u0117s cilindras, skirtas dideliems \u201eZoomlion\u201c ekskavatoriams ZE480ESP"},"content":{"rendered":"<h1>Str\u0117l\u0117s cilindras, skirtas dideliems \u201eZoomlion\u201c ekskavatoriams ZE480ESP<\/h1>\n<h2>\u012evadas \u012f str\u0117l\u0117s cilindr\u0105<\/h2>\n<p>Str\u0117l\u0117s cilindras yra gyvybi\u0161kai svarbus dideli\u0173 ekskavatori\u0173 komponentas, specialiai sukurtas \u201eZoomlion ZE480ESP\u201c modeliui. \u0160is hidraulinis cilindras atlieka labai svarb\u0173 vaidmen\u012f valdant ekskavatoriaus str\u0117l\u0117s jud\u0117jim\u0105, leid\u017eiant jam efektyviai kelti, nuleisti ir pakreipti. Naudodamas hidraulin\u012f sl\u0117g\u012f, str\u0117l\u0117s cilindras leid\u017eia tiksliai valdyti sunkius krovinius, tod\u0117l jis yra esmin\u0117 med\u017eiag\u0173 tvarkymo u\u017eduo\u010di\u0173 statybose ir \u017eem\u0117s kasimo darbuose dalis.<\/p>\n<p><img decoding=\"async\" src=\"https:\/\/www.hydraulic-cylinders.net\/wp-content\/uploads\/2025\/04\/songte-company-1.webp\" alt=\"Str\u0117l\u0117s cilindro vaizdas\"><\/p>\n<h2>Str\u0117l\u0117s cilindro savyb\u0117s<\/h2>\n<ul>\n<li><strong>Didelis stiprumas ir ilgaam\u017ei\u0161kumas:<\/strong> Pagamintas i\u0161 didelio stiprumo plieno arba aliuminio, str\u0117l\u0117s cilindras yra suprojektuotas taip, kad atlaikyt\u0173 auk\u0161t\u0105 sl\u0117g\u012f ir dideles apkrovas. Jis skirtas at\u0161iaurioms darbo s\u0105lygoms, kartu u\u017etikrinant atsparum\u0105 dilimui ir korozijai, taip pailginant jo tarnavimo laik\u0105.<\/li>\n<li><strong>Efektyvus hidraulinis valdymas:<\/strong> \u0160is cilindras naudoja hidraulin\u0117s alyvos sl\u0117g\u012f, kad skland\u017eiai i\u0161skleist\u0173 ir atitraukt\u0173. Jis greitai reaguoja \u012f valdymo komandas, u\u017etikrindamas tvirtas st\u016bmimo ir traukimo galimybes, idealiai tinkan\u010dias sunkiems daiktams tvarkyti ir sud\u0117tingoms u\u017eduotims atlikti.<\/li>\n<li><strong>\u012evair\u016bs tipai:<\/strong> Str\u0117l\u0117s cilindras gali b\u016bti vienpusio veikimo (veikiantis viena kryptimi) arba dvipusio veikimo (veikiantis abiem kryptimis). Kai kurie modeliai yra teleskopiniai, tod\u0117l galima labiau i\u0161tiesti nedidinant i\u0161orini\u0173 matmen\u0173, tod\u0117l puikiai tinka naudoti ribotoje erdv\u0117je.<\/li>\n<li><strong>Tikslioji in\u017einerija:<\/strong> Kiekvienas cilindras yra pagamintas itin kruop\u0161\u010diai, atsi\u017evelgiant \u012f detales, u\u017etikrinant suderinamum\u0105 su \u012fvairiais ekskavatori\u0173 modeliais ir eksploatacin\u012f efektyvum\u0105.<\/li>\n<li><strong>Individuali gamyba:<\/strong> Specializuojam\u0117s str\u0117l\u0117s cilindr\u0173, kurie puikiai pakei\u010dia esamus hidraulinius cilindrus ir u\u017etikrina skland\u0173 integravim\u0105 \u012f j\u016bs\u0173 technik\u0105, gamyboje.<\/li>\n<\/ul>\n<p><img decoding=\"async\" src=\"https:\/\/www.hydraulic-cylinders.net\/wp-content\/uploads\/2025\/04\/songte-cylinder-head-with-all-kinds-excavator-models.webp\" alt=\"Str\u0117l\u0117s cilindro pakeitimo paveiksl\u0117lis\"><\/p>\n<h2>Taikymo scenarijai<\/h2>\n<h3>Statybin\u0117 \u012franga<\/h3>\n<p>Statybviet\u0117se str\u0117l\u0117s cilindrai randami ekskavatoriuose, kur jie yra labai svarb\u016bs kasant, kraunant ir perkeliant \u017eem\u0119 ar \u0161iuk\u0161les. Ekskavatoriuose krautuvuose kau\u0161o cilindras padeda atlikti tiek kasimo, tiek k\u0117limo darbus, suteikdamas reikiam\u0105 j\u0117g\u0105 projektams efektyviai atlikti.<\/p>\n<h3>\u017dem\u0117s \u016bkio technika<\/h3>\n<p>Priekini\u0173 krautuv\u0173 str\u0117l\u0117s cilindrai palengvina dirvo\u017eemio, \u0161ieno ir kit\u0173 med\u017eiag\u0173 s\u0117mim\u0105, k\u0117lim\u0105 ir transportavim\u0105. J\u0173 efektyvumas u\u017etikrina, kad \u017eem\u0117s \u016bkio darbai b\u016bt\u0173 atliekami greitai ir efektyviai, taip padidinant \u016bki\u0173 produktyvum\u0105.<\/p>\n<h3>Ekskavatoriai<\/h3>\n<p>Str\u0117l\u0117s cilindras leid\u017eia ekskavatoriams efektyviai \u012fsiskverbti \u012f dirv\u0105, atliekant gilius kasimo veiksmus, kurie yra b\u016btini \u012fvairiems statybos projektams. J\u0173 konstrukcija u\u017etikrina optimal\u0173 na\u0161um\u0105 atliekant kasimo darbus, leid\u017eiant operatoriams maksimaliai padidinti savo na\u0161um\u0105.<\/p>\n<h3>Krautuvai<\/h3>\n<p>Krautuvuose str\u0117l\u0117s cilindrai yra atsakingi u\u017e efektyv\u0173 krovini\u0173 k\u0117lim\u0105 ir i\u0161vertim\u0105. J\u0173 tvirta konstrukcija u\u017etikrina, kad sunkias med\u017eiagas b\u016bt\u0173 galima lengvai tvarkyti, tod\u0117l jas galima efektyviai transportuoti ir utilizuoti statybviet\u0117je.<\/p>\n<h2>Projektavimo aspektai ir atrankos kriterijai<\/h2>\n<h3>Keliamoji galia<\/h3>\n<p>Renkantis str\u0117l\u0117s cilindr\u0105, reikia atsi\u017evelgti \u012f jo keliam\u0105j\u0105 gali\u0105. Labai svarbu, kad cilindras atlaikyt\u0173 maksimali\u0105 apkrov\u0105, su kuria susidurs eksploatacijos metu. Tai ne tik u\u017etikrina saugum\u0105, bet ir padidina \u012frangos efektyvum\u0105 bei ilgaam\u017ei\u0161kum\u0105. Gerai suprojektuotas cilindras gali atlaikyti dinamines apkrovas, u\u017etikrindamas stabilum\u0105 viso eksploatavimo metu.<\/p>\n<h3>Sandarinimas<\/h3>\n<p>Efektyvus sandarinimas yra labai svarbus norint palaikyti hidraulin\u012f sl\u0117g\u012f cilindre. Auk\u0161tos kokyb\u0117s sandarikli\u0173, toki\u0173 kaip st\u016bmoklio ir koto sandarikliai, pasirinkimas naudojant tokias med\u017eiagas kaip poliuretanas arba nitrilo kau\u010diukas, gali \u017eymiai padidinti na\u0161um\u0105 ir patikimum\u0105. Tinkamas sandarinimas apsaugo nuo skys\u010dio nutek\u0117jimo ir u\u017eter\u0161imo, u\u017etikrindamas optimal\u0173 funkcionalum\u0105.<\/p>\n<h3>Patvarumas<\/h3>\n<p>\u012e konstrukcij\u0105 \u012ftrauktas patvarumo veiksnys, u\u017etikrinantis, kad cilindras atlaikyt\u0173 at\u0161iaurias aplinkos s\u0105lygas. Tokios savyb\u0117s kaip atsparumas korozijai ir dilimui yra gyvybi\u0161kai svarbios norint pailginti \u012frangos tarnavimo laik\u0105. Gamintojai tur\u0117t\u0173 teikti pirmenyb\u0119 med\u017eiagoms ir dangoms, kurios gali atlaikyti ekstremalias s\u0105lygas.<\/p>\n<h3>Saugumas<\/h3>\n<p>Saugos funkcijos yra svarbiausios projektuojant hidraulinius cilindrus. Cilindre tur\u0117t\u0173 b\u016bti \u012fmontuotos gedim\u0173 ir perkrov\u0173 apsaugos sistemos, kad b\u016bt\u0173 i\u0161vengta katastrofi\u0161k\u0173 gedim\u0173 eksploatacijos metu. Reguliar\u016bs saugos vertinimai gali suma\u017einti su hidraulin\u0117mis operacijomis susijusi\u0105 rizik\u0105.<\/p>\n<h3>Prie\u017ei\u016bra<\/h3>\n<p>Kitas svarbus aspektas yra paprastas techninis aptarnavimas. Gerai suprojektuotas str\u0117l\u0117s cilindras tur\u0117t\u0173 leisti greitai atlikti patikras ir remont\u0105, taip suma\u017einant prastovas. Tokios savyb\u0117s kaip lengva prieiga prie tepimo ir patikros ta\u0161k\u0173 gali \u017eymiai padidinti \u012fprastin\u0117s technin\u0117s prie\u017ei\u016bros u\u017eduo\u010di\u0173 efektyvum\u0105.<\/p>\n<p><img decoding=\"async\" src=\"https:\/\/www.hydraulic-cylinders.net\/wp-content\/uploads\/2025\/04\/songte-oil-pipes-and-spare-parts.webp\" alt=\"Str\u0117l\u0117s cilindro dali\u0173 vaizdas\"><\/p>\n<h2>Sandarinimas ir tepimas<\/h2>\n<p>Tinkamas sandarinimas ir tepimas yra labai svarb\u016bs str\u0117l\u0117s cilindr\u0173 veikimui. \u012evair\u016bs sandarikliai, tokie kaip st\u016bmokli\u0173 ir stryp\u0173 sandarikliai, yra b\u016btini norint i\u0161laikyti hidraulin\u012f vientisum\u0105. Patvarios med\u017eiagos, tokios kaip poliuretanas ir nitrilas, gali u\u017etikrinti efektyv\u0173 sandarinim\u0105 nuo dilimo. Be to, cilindro korpusas ir srieginiai galai tur\u0117t\u0173 b\u016bti kruop\u0161\u010diai apdirbti, kad padid\u0117t\u0173 atsparumas dilimui.<\/p>\n<p>Reguliarus tepimas hidrauline alyva yra b\u016btinas, tod\u0117l reikia periodi\u0161kai tikrinti, ar alyvos lygis pakankamas. Tinkamas tepimas suma\u017eina trint\u012f, pailgina cilindro tarnavimo laik\u0105 ir u\u017etikrina skland\u0173 veikim\u0105. Netinkamas tepimas gali padidinti susid\u0117v\u0117jim\u0105 ir sukelti gedimus.<\/p>\n<h2>Prevencin\u0117s prie\u017ei\u016bros priemon\u0117s<\/h2>\n<ul>\n<li><strong>Reguliar\u016bs patikrinimai:<\/strong> Atlikite reguliarius patikrinimus, kad nustatytum\u0117te bet kokius susid\u0117v\u0117jimo ar pa\u017eeidimo po\u017eymius. Toks aktyvus po\u017ei\u016bris padeda anksti aptikti galimas problemas ir i\u0161vengti dideli\u0173 gedim\u0173.<\/li>\n<li><strong>Tinkamas tepimas:<\/strong> U\u017etikrinkite, kad tepalai b\u016bt\u0173 naudojami teisingai ir laiku, siekiant i\u0161laikyti optimal\u0173 cilindro veikim\u0105 ir i\u0161vengti prie\u0161laikinio susid\u0117v\u0117jimo.<\/li>\n<li><strong>Sandariklio keitimas:<\/strong> Reguliariai tikrinkite ir prireikus keiskite sandariklius, kad i\u0161laikytum\u0117te hidraulin\u012f vientisum\u0105. Susid\u0117v\u0117j\u0119 sandarikliai gali sukelti nuot\u0117kius ir suma\u017einti efektyvum\u0105.<\/li>\n<\/ul>\n<h2>\u012erengimo gair\u0117s<\/h2>\n<p>Teisingas str\u0117l\u0117s cilindro montavimas yra labai svarbus jo veikimui. Pirmiausia \u012fsitikinkite, kad turite tinkamus \u012frankius ir \u012frang\u0105 montavimo procesui. Prad\u0117kite nuo cilindro tinkamo sulygiavimo su ekskavatoriaus tvirtinimo ta\u0161kais. B\u016btina naudoti tinkamus tvirtinimo laikiklius, kad cilindras b\u016bt\u0173 pritvirtintas vietoje ir b\u016bt\u0173 i\u0161vengta bet kokio nesuderinamumo, kuris gal\u0117t\u0173 sukelti eksploatacini\u0173 problem\u0173.<\/p>\n<p>Sulyginus, tolygiai priver\u017ekite var\u017etus, kad i\u0161vengtum\u0117te cilindro \u012ftempimo. Sumontavus, dar kart\u0105 patikrinkite sulyginim\u0105 prie\u0161 i\u0161bandydami hidraulin\u0119 sistem\u0105. \u0160is \u017eingsnis u\u017etikrina, kad cilindras veikt\u0173 skland\u017eiai ir be joki\u0173 kli\u016b\u010di\u0173.<\/p>\n<p>Be to, per\u017ei\u016br\u0117kite gamintojo specifikacijas d\u0117l sukimo momento nustatym\u0173 ir tvirtinimo konfig\u016bracij\u0173, kad u\u017etikrintum\u0117te saugos standart\u0173 laikym\u0105si ir veikimo efektyvum\u0105.<\/p>\n<h2>\u012eprastos prie\u017ei\u016bros u\u017eduotys<\/h2>\n<ul>\n<li><strong>Reguliar\u016bs patikrinimai:<\/strong> Periodi\u0161kai tikrinkite str\u0117l\u0117s cilindr\u0105, ar n\u0117ra koki\u0173 nors pa\u017eeidim\u0173 ar susid\u0117v\u0117jimo po\u017eymi\u0173. \u0160i praktika padeda anksti pasteb\u0117ti galimas problemas, u\u017etikrinant saugum\u0105 ir patikimum\u0105.<\/li>\n<li><strong>Tinkamas tepimas:<\/strong> Norint u\u017etikrinti skland\u0173 veikim\u0105, labai svarbu u\u017etikrinti tinkam\u0105 cilindro sutepim\u0105. Naudokite rekomenduojam\u0105 hidraulin\u0119 alyv\u0105 ir laikykit\u0117s technin\u0117s prie\u017ei\u016bros grafiko.<\/li>\n<li><strong>Sandariklio keitimas:<\/strong> Tarpikliai turi b\u016bti reguliariai tikrinami ir kei\u010diami, kai jie susid\u0117vi arba yra pa\u017eeisti. \u0160i u\u017eduotis yra labai svarbi siekiant i\u0161vengti nuot\u0117ki\u0173 ir palaikyti sistemos sl\u0117g\u012f.<\/li>\n<\/ul>\n<p>Teisingas montavimas, tepimas ir reguliavimas yra labai svarb\u016bs str\u0117l\u0117s cilindro ilgaam\u017ei\u0161kumui. Tinkamas suderinimas montavimo metu apsaugo cilindr\u0105 nuo per didelio \u012ftempimo, o efektyvus tepimas suma\u017eina susid\u0117v\u0117jim\u0105 ir palaiko na\u0161um\u0105. Taip pat rekomenduojama laikytis tinkam\u0173 patikros ir remonto protokol\u0173, siekiant pagerinti bendr\u0105 \u012frangos tarnavimo laik\u0105 ir patikimum\u0105.<\/p>\n<p><img decoding=\"async\" src=\"https:\/\/www.hydraulic-cylinders.net\/wp-content\/uploads\/2025\/04\/songte-chushion-collar.webp\" alt=\"Cilindro montavimo vaizdas\"><\/p>\n<h2>Saugos aspektai ir aplinkos veiksniai<\/h2>\n<p>Dirbant su hidrauliniais cilindrais, saugos priemon\u0117s yra nepaprastai svarbios. Operatoriai tur\u0117t\u0173 b\u016bti apmokyti tinkamai elgtis su hidraulin\u0117mis sistemomis ir jas valdyti, kad b\u016bt\u0173 suma\u017einta nelaiming\u0173 atsitikim\u0173 rizika. Be to, reikia laikytis vis\u0173 saugos protokol\u0173, \u012fskaitant tinkam\u0173 asmenini\u0173 apsaugos priemoni\u0173 (AAP) d\u0117v\u0117jim\u0105 ir tinkamos \u012frangos prie\u017ei\u016bros u\u017etikrinim\u0105, kad b\u016bt\u0173 i\u0161vengta gedim\u0173.<\/p>\n<h2>Trik\u010di\u0173 \u0161alinimas ir da\u017eniausiai pasitaikan\u010dios problemos<\/h2>\n<h3>Da\u017enos problemos<\/h3>\n<ul>\n<li><strong>Nuot\u0117kis:<\/strong> Viena i\u0161 da\u017eniausi\u0173 hidraulini\u0173 cilindr\u0173 problem\u0173 yra nuot\u0117kis, da\u017enai atsirandantis d\u0117l susid\u0117v\u0117jusi\u0173 sandarikli\u0173 arba netinkamo montavimo.<\/li>\n<li><strong>Suma\u017eintas na\u0161umas:<\/strong> Tai gali nutikti d\u0117l \u017eemo hidraulinio skys\u010dio lygio arba u\u017eter\u0161tumo sistemoje.<\/li>\n<li><strong>Triuk\u0161mas veikimo metu:<\/strong> Ne\u012fprasti garsai gali rodyti vidinius pa\u017eeidimus arba tepimo problemas.<\/li>\n<\/ul>\n<h3>Trik\u010di\u0173 \u0161alinimo patarimai<\/h3>\n<p>Norint efektyviai diagnozuoti ir i\u0161spr\u0119sti problemas, b\u016btina atlikti i\u0161samius hidraulin\u0117s sistemos patikrinimus. Prad\u0117kite nuo bet koki\u0173 nuot\u0117ki\u0173 nustatymo ir sugedusi\u0173 sandarikli\u0173 pakeitimo. Jei suma\u017e\u0117ja na\u0161umas, patikrinkite skys\u010dio lyg\u012f ir kokyb\u0119, u\u017etikrindami, kad hidraulin\u0117 alyva b\u016bt\u0173 \u0161vari ir tinkamo lygio. Jei kyla triuk\u0161mo problem\u0173, patikrinkite, ar cilindre n\u0117ra susid\u0117v\u0117jimo ar nepakankamo tepimo po\u017eymi\u0173, ir nedelsdami spr\u0119skite visas problemas, kad i\u0161laikytum\u0117te funkcionalum\u0105.<\/p>\n<p>\u012egyvendinant prevencines priemones, tokias kaip reguliari prie\u017ei\u016bra ir patikrinimai, galima gerokai suma\u017einti \u0161i\u0173 da\u017en\u0173 problem\u0173 tikimyb\u0119 ir taip padidinti hidraulini\u0173 sistem\u0173 patikimum\u0105.<\/p>\n<p><img decoding=\"async\" src=\"https:\/\/www.hydraulic-cylinders.net\/wp-content\/uploads\/2025\/04\/songte-bushings-with-all-kinds-of-excavator-models.webp\" alt=\"Da\u017en\u0173 problem\u0173 paveiksl\u0117lis\"><\/p>\n<h2>Apie m\u016bs\u0173 \u012fmon\u0119<\/h2>\n<p>Esame pirmaujantis pakaitini\u0173 hidraulini\u0173 cilindr\u0173 gamintojas, si\u016blantis plat\u0173 gamini\u0173 asortiment\u0105, skirt\u0105 tiek vietin\u0117ms, tiek tarptautin\u0117ms rinkoms. M\u016bs\u0173 \u012fsipareigojimas siekti meistri\u0161kumo skatina mus naudoti rafinuotas gamybos strategijas kartu su pa\u017eangiomis gamybos valdymo technologijomis.<\/p>\n<p>M\u016bs\u0173 \u012frenginiai apr\u016bpinti auk\u0161\u010diausios klas\u0117s gamybos \u012franga ir profesionalia testavimo sistema, leid\u017eian\u010dia mums nuolat tobulinti gamybos paj\u0117gumus. Did\u017eiuojam\u0117s gal\u0117dami u\u017etikrinti auk\u0161t\u0105 efektyvum\u0105, tikslum\u0105 ir kokyb\u0119, tenkindami \u012fvairius klient\u0173 poreikius.<\/p>\n<p>Be to, teikiame individualiai pritaikytas paslaugas, tarptautinius sertifikatus ir patikim\u0105 garantin\u012f aptarnavim\u0105, u\u017etikrindami klient\u0173 pasitenkinim\u0105 ir pasitik\u0117jim\u0105 m\u016bs\u0173 produktais.<\/p>\n<p><img decoding=\"async\" src=\"https:\/\/www.hydraulic-cylinders.net\/wp-content\/uploads\/2025\/04\/songte-company-4.webp\" alt=\"\u012emon\u0117s ap\u017evalgos paveiksl\u0117lis\"><br \/>\n<img decoding=\"async\" src=\"https:\/\/www.hydraulic-cylinders.net\/wp-content\/uploads\/2025\/04\/songte-company-3.webp\" alt=\"Gamybos \u012fmon\u0117s vaizdas\"><\/p>\n<p>Autorius lyl<\/p>","protected":false},"excerpt":{"rendered":"<p>Boom Cylinder For Zoomlion Large Excavator ZE480ESP Introduction to Boom Cylinder The Boom Cylinder is a vital component in large excavators, specifically designed for the Zoomlion ZE480ESP model. This hydraulic cylinder plays a crucial role in controlling the movement of the excavator&#8217;s boom, enabling it to lift, lower, and tilt effectively. By utilizing hydraulic pressure, [&hellip;]<\/p>","protected":false},"featured_media":17867,"comment_status":"open","ping_status":"closed","template":"","meta":{"_et_pb_use_builder":"","_et_pb_old_content":"","_et_gb_content_width":""},"product_brand":[],"product_cat":[1546],"product_tag":[1547,1496],"class_list":{"0":"post-19226","1":"product","2":"type-product","3":"status-publish","4":"has-post-thumbnail","6":"product_cat-boom-cylinders","7":"product_tag-boom-cylinders","8":"product_tag-hydraulic-cylinders","10":"first","11":"instock","12":"shipping-taxable","13":"product-type-simple"},"amp_enabled":true,"_links":{"self":[{"href":"https:\/\/www.hydraulic-cylinders.net\/lt\/wp-json\/wp\/v2\/product\/19226","targetHints":{"allow":["GET"]}}],"collection":[{"href":"https:\/\/www.hydraulic-cylinders.net\/lt\/wp-json\/wp\/v2\/product"}],"about":[{"href":"https:\/\/www.hydraulic-cylinders.net\/lt\/wp-json\/wp\/v2\/types\/product"}],"replies":[{"embeddable":true,"href":"https:\/\/www.hydraulic-cylinders.net\/lt\/wp-json\/wp\/v2\/comments?post=19226"}],"wp:featuredmedia":[{"embeddable":true,"href":"https:\/\/www.hydraulic-cylinders.net\/lt\/wp-json\/wp\/v2\/media\/17867"}],"wp:attachment":[{"href":"https:\/\/www.hydraulic-cylinders.net\/lt\/wp-json\/wp\/v2\/media?parent=19226"}],"wp:term":[{"taxonomy":"product_brand","embeddable":true,"href":"https:\/\/www.hydraulic-cylinders.net\/lt\/wp-json\/wp\/v2\/product_brand?post=19226"},{"taxonomy":"product_cat","embeddable":true,"href":"https:\/\/www.hydraulic-cylinders.net\/lt\/wp-json\/wp\/v2\/product_cat?post=19226"},{"taxonomy":"product_tag","embeddable":true,"href":"https:\/\/www.hydraulic-cylinders.net\/lt\/wp-json\/wp\/v2\/product_tag?post=19226"}],"curies":[{"name":"wp","href":"https:\/\/api.w.org\/{rel}","templated":true}]}}