{"id":19227,"date":"2025-04-07T06:19:07","date_gmt":"2025-04-07T06:19:07","guid":{"rendered":"https:\/\/www.hydraulic-cylinders.net\/product\/boom-cylinder-for-zoomlion-large-excavator-ze360e\/"},"modified":"2025-04-07T06:19:10","modified_gmt":"2025-04-07T06:19:10","slug":"boom-cylinder-for-zoomlion-large-excavator-ze360e","status":"publish","type":"product","link":"https:\/\/www.hydraulic-cylinders.net\/lt\/produktas\/boom-cylinder-for-zoomlion-large-excavator-ze360e\/","title":{"rendered":"Str\u0117l\u0117s cilindras, skirtas dideliems \u201eZoomlion\u201c ekskavatoriams ZE360E"},"content":{"rendered":"<h1>Str\u0117l\u0117s cilindras, skirtas dideliems \u201eZoomlion\u201c ekskavatoriams ZE360E<\/h1>\n<h2>\u012evadas \u012f str\u0117l\u0117s cilindr\u0105<\/h2>\n<p>Str\u0117l\u0117s cilindras yra labai svarbus sunkiosios technikos komponentas, ypa\u010d dideliuose ekskavatoriuose, tokiuose kaip \u201eZoomlion ZE360E\u201c. \u0160is hidraulinis cilindras skirtas valdyti str\u0117l\u0117s jud\u0117jim\u0105, leid\u017eiant jai tiksliai pakelti, nuleisti ir pakreipti. Jo vaidmuo hidraulin\u0117je sistemoje yra gyvybi\u0161kai svarbus norint efektyviai ir veiksmingai atlikti \u012fvairias u\u017eduotis.<\/p>\n<p>Kau\u0161o cilindras yra specializuotas hidraulinis cilindras, leid\u017eiantis sunkiosioms ma\u0161inoms, tokioms kaip ekskavatoriai, ekskavatoriniai krautuvai ir frontaliniai krautuvai, atlikti esmines funkcijas. Jis leid\u017eia judinti kau\u0161\u0105, o tai yra labai svarbu atliekant med\u017eiag\u0173 tvarkymo u\u017eduotis, tokias kaip kasimas, k\u0117limas ir \u012fvairi\u0173 med\u017eiag\u0173 transportavimas. Hidraulin\u0117s sistemos efektyvumas ir funkcionalumas labai priklauso nuo tinkamo str\u0117l\u0117s cilindro veikimo.<\/p>\n<p><img decoding=\"async\" src=\"https:\/\/www.hydraulic-cylinders.net\/wp-content\/uploads\/2025\/04\/songte-company-1.webp\" alt=\"Ekskavatoriaus str\u0117l\u0117s cilindras\" \/><\/p>\n<h2>Str\u0117l\u0117s cilindro savyb\u0117s<\/h2>\n<h3>Didelis stiprumas ir ilgaam\u017ei\u0161kumas<\/h3>\n<ul>\n<li>Pagaminta i\u0161 didelio stiprumo plieno arba aliuminio, kad atlaikyt\u0173 auk\u0161t\u0105 sl\u0117g\u012f ir dideles apkrovas.<\/li>\n<li>Sukurta atsparumui dilimui ir apsaugai nuo korozijos, taip padidinant ilgaam\u017ei\u0161kum\u0105.<\/li>\n<\/ul>\n<h3>Efektyvus hidraulinis valdymas<\/h3>\n<ul>\n<li>Naudoja hidraulinio skys\u010dio sl\u0117g\u012f, kad b\u016bt\u0173 u\u017etikrintas sklandus i\u0161pl\u0117timas ir atitraukimas.<\/li>\n<li>Greitai reaguoja \u012f operacines komandas, u\u017etikrindamas didel\u0119 st\u016bmimo ir traukimo j\u0117g\u0105.<\/li>\n<\/ul>\n<h3>\u012evair\u016bs tipai<\/h3>\n<ul>\n<li>Galima \u012fsigyti vienpusio veikimo (hidraulin\u0117 sistema naudojama viena kryptimi) arba dvipusio veikimo (hidraulin\u0117 sistema naudojama abiem kryptimis) konfig\u016bracijas.<\/li>\n<li>Kai kurie modeliai pasi\u017eymi teleskopin\u0117mis konstrukcijomis, leid\u017eian\u010diomis pasiekti didesn\u012f plot\u0105 nepadidinant i\u0161orini\u0173 matmen\u0173, tod\u0117l idealiai tinka ank\u0161toms erdv\u0117ms.<\/li>\n<\/ul>\n<h2>M\u016bs\u0173 gamybos paj\u0117gumai<\/h2>\n<p>Specializuojam\u0117s auk\u0161tos kokyb\u0117s str\u0117l\u0117s cilindr\u0173, kurie puikiai pakei\u010dia esamus hidraulinius cilindrus, gamyboje. M\u016bs\u0173 gaminiai sukurti taip, kad atitikt\u0173 auk\u0161\u010diausius pramon\u0117s standartus, u\u017etikrinant suderinamum\u0105 ir patikimum\u0105.<\/p>\n<p><img decoding=\"async\" src=\"https:\/\/www.hydraulic-cylinders.net\/wp-content\/uploads\/2025\/04\/songte-cylinder-head-with-all-kinds-excavator-models.webp\" alt=\"Ekskavatori\u0173 modeliai\" \/><\/p>\n<h2>Str\u0117l\u0117s cilindro pritaikymas<\/h2>\n<h3>Statybin\u0117 \u012franga<\/h3>\n<p>Ekskavatoriuose str\u0117l\u0117s cilindrai yra b\u016btini kasant, kraunant ir perkeliant \u017eem\u0119 ar \u0161iuk\u0161les. Jie suteikia reikiam\u0105 j\u0117g\u0105 tiek kasimo, tiek k\u0117limo darbams, u\u017etikrindami efektyv\u0173 darb\u0105 statybviet\u0117se.<\/p>\n<h3>\u017dem\u0117s \u016bkio technika<\/h3>\n<p>Priekiniuose krautuvuose naudojami str\u0117l\u0117s cilindrai palengvina dirvo\u017eemio, \u0161ieno ir kit\u0173 med\u017eiag\u0173 k\u0117lim\u0105, k\u0117lim\u0105 ir transportavim\u0105. Tvirta j\u0173 konstrukcija leid\u017eia efektyviai atlikti \u017eem\u0117s \u016bkio u\u017eduotis ir prisideda prie \u016bki\u0173 produktyvumo.<\/p>\n<h3>Ekskavatoriai<\/h3>\n<p>Ekskavatoriuose str\u0117l\u0117s cilindras leid\u017eia kau\u0161ui \u012fsiskverbti \u012f dirv\u0105, kad b\u016bt\u0173 galima efektyviai kasti. Jo hidraulin\u0117s galimyb\u0117s leid\u017eia greitai ir galingai atlikti kasimo darbus, tod\u0117l jis yra b\u016btinas atliekant \u017eem\u0117s kasimo darbus.<\/p>\n<h3>Krautuvai<\/h3>\n<p>Priekiniuose krautuvuose str\u0117l\u0117s cilindrai padeda efektyviai kelti ir i\u0161versti krovinius. J\u0173 hidraulin\u0117 sistema suteikia reikiam\u0105 j\u0117g\u0105 sunkioms med\u017eiagoms kelti, u\u017etikrindama skland\u0173 ir efektyv\u0173 med\u017eiag\u0173 tvarkym\u0105.<\/p>\n<h2>Projektavimo aspektai ir atrankos kriterijai<\/h2>\n<h3>Keliamoji galia<\/h3>\n<p>Renkantis str\u0117l\u0117s cilindr\u0105, svarbiausias aspektas yra jo keliamoji galia. Jis turi atlaikyti tvarkom\u0173 med\u017eiag\u0173 svor\u012f nepakenkdamas konstrukcijos vientisumui. Cilindro specifikacijos turi atitikti \u012frangai keliamus eksploatacinius reikalavimus.<\/p>\n<h3>Sandarumas ir ilgaam\u017ei\u0161kumas<\/h3>\n<p>Kokybi\u0161kas str\u0117l\u0117s cilindras turi b\u016bti veiksmingai sandarinamas, kad b\u016bt\u0173 i\u0161vengta hidraulinio skys\u010dio nuot\u0117kio, kuris gali lemti neefektyv\u0173 veikim\u0105 ir padidinti prie\u017ei\u016bros i\u0161laidas. Sandarinimo med\u017eiagos turi b\u016bti atsparios dilimui ir atlaikyti \u012fvairias aplinkos s\u0105lygas.<\/p>\n<h3>Saugos funkcijos<\/h3>\n<p>Saugumas yra svarbiausias dalykas projektuojant hidraulinius cilindrus. Tokios savyb\u0117s kaip sl\u0117gio ma\u017einimo vo\u017etuvai ir apsauginiai u\u017eraktai gali pad\u0117ti i\u0161vengti nelaiming\u0173 atsitikim\u0173 eksploatacijos metu. Svarbu pasirinkti cilindr\u0105, kuris atitikt\u0173 saugos standartus ir reglamentus, kad b\u016bt\u0173 u\u017etikrintas operatoriaus saugumas.<\/p>\n<p><img decoding=\"async\" src=\"https:\/\/www.hydraulic-cylinders.net\/wp-content\/uploads\/2025\/04\/songte-oil-pipes-and-spare-parts.webp\" alt=\"Hidrauliniai komponentai\" \/><\/p>\n<h2>Sandarinimas ir tepimas<\/h2>\n<p>Str\u0117l\u0117s cilindro efektyvumas labai priklauso nuo jo sandarinimo ir tepimo sistem\u0173. \u012evair\u016bs sandarikliai, pavyzd\u017eiui, st\u016bmokli\u0173 ir stryp\u0173 sandarikliai, yra b\u016btini norint palaikyti sl\u0117g\u012f ir i\u0161vengti nuot\u0117ki\u0173. Tokios med\u017eiagos kaip poliuretanas ir nitrilo kau\u010diukas da\u017eniausiai naudojamos d\u0117l j\u0173 atsparumo dilimui. Be to, cilindro korpusas ir srieginiai galai turi b\u016bti tiksliai apdirbti, kad b\u016bt\u0173 padidintas patvarumas ir funkcionalumas.<\/p>\n<p>Reguliarus tepimas hidrauline alyva yra labai svarbus norint i\u0161laikyti cilindro veikim\u0105. Tinkamas tepimas suma\u017eina trint\u012f, pailgina sandarikli\u0173 tarnavimo laik\u0105 ir u\u017etikrina skland\u0173 veikim\u0105. Laikantis gamintojo nurodym\u0173 d\u0117l tepimo da\u017enumo ir kiekio, galima padidinti bendr\u0105 hidraulin\u0117s sistemos efektyvum\u0105.<\/p>\n<h2>Prie\u017ei\u016bra ir prevencin\u0117s priemon\u0117s<\/h2>\n<h3>Reguliar\u016bs patikrinimai<\/h3>\n<p>Reguliariai tikrinti str\u0117l\u0117s cilindr\u0105 yra b\u016btina norint nustatyti galimas problemas, kol jos nepa\u016bm\u0117jo. Ie\u0161kokite nuot\u0117ki\u0173, susid\u0117v\u0117jimo ar pa\u017eeidimo po\u017eymi\u0173. Reguliar\u016bs patikrinimai gali pad\u0117ti i\u0161laikyti optimal\u0173 na\u0161um\u0105 ir i\u0161vengti brangaus remonto.<\/p>\n<h3>Tinkamas tepimas<\/h3>\n<p>Svarbu u\u017etikrinti, kad cilindras b\u016bt\u0173 tinkamai suteptas, kad jis veikt\u0173 skland\u017eiai. Naudokite rekomenduojam\u0105 hidraulin\u0119 alyv\u0105 ir laikykit\u0117s gamintojo nurodym\u0173 d\u0117l tepimo interval\u0173. Tai padeda suma\u017einti vidini\u0173 komponent\u0173 susid\u0117v\u0117jim\u0105.<\/p>\n<h3>Sandariklio keitimas ir kalibravimas<\/h3>\n<p>Susid\u0117v\u0117jusi\u0173 sandarikli\u0173 keitimas yra gyvybi\u0161kai svarbus norint palaikyti hidraulin\u012f sl\u0117g\u012f ir efektyvum\u0105. Reguliariai kalibruojant cilindr\u0105 u\u017etikrinama, kad jis veikt\u0173 pagal nurodytus parametrus, taip i\u0161vengiant gedim\u0173 ir pailginant jo tarnavimo laik\u0105.<\/p>\n<p><img decoding=\"async\" src=\"https:\/\/www.hydraulic-cylinders.net\/wp-content\/uploads\/2025\/04\/songte-chushion-collar.webp\" alt=\"Pagalv\u0117l\u0117s apykakl\u0117\" \/><\/p>\n<h2>Saugos aspektai ir aplinkos veiksniai<\/h2>\n<p>Naudojant str\u0117l\u0117s cilindrus, labai svarbu \u012fdiegti saugos priemones. Operatoriai tur\u0117t\u0173 b\u016bti apmokyti atpa\u017einti galimus pavojus, susijusius su hidraulin\u0117mis sistemomis, pvz., auk\u0161to sl\u0117gio rizik\u0105. Naudojant tinkamas apsaugos priemones ir laikantis saugos protokol\u0173, galima \u017eymiai suma\u017einti nelaiming\u0173 atsitikim\u0173 rizik\u0105.<\/p>\n<h2>Trik\u010di\u0173 \u0161alinimas ir da\u017eniausiai pasitaikan\u010dios problemos<\/h2>\n<h3>Da\u017en\u0173 problem\u0173 nustatymas<\/h3>\n<ul>\n<li><strong>Nuot\u0117kis:<\/strong> Viena i\u0161 da\u017eniausiai pasitaikan\u010di\u0173 problem\u0173 yra hidraulinio skys\u010dio nuot\u0117kis, kuris gali rodyti sandariklio gedim\u0105.<\/li>\n<li><strong>Prastas na\u0161umas:<\/strong> Jei cilindras nereaguoja efektyviai, tai gali b\u016bti d\u0117l nepakankamo tepimo arba vidini\u0173 pa\u017eeidim\u0173.<\/li>\n<li><strong>Triuk\u0161mingas veikimas:<\/strong> Ne\u012fprasti garsai veikimo metu gali rodyti sistemoje \u012fstrigusius orus arba komponent\u0173 susid\u0117v\u0117jim\u0105.<\/li>\n<\/ul>\n<h3>Trik\u010di\u0173 \u0161alinimo patarimai<\/h3>\n<p>Nor\u0117dami i\u0161spr\u0119sti \u0161ias problemas, pirmiausia patikrinkite sandariklius ir patikrinkite, ar n\u0117ra matom\u0173 pa\u017eeidim\u0173. \u012esitikinkite, kad hidraulinio skys\u010dio lygis yra pakankamas, ir sistemoje ie\u0161kokite oro ki\u0161eni\u0173, kurias gali tekti i\u0161leisti. Reguliarus techninis aptarnavimas gali pad\u0117ti i\u0161vengti \u0161i\u0173 problem\u0173.<\/p>\n<p><img decoding=\"async\" src=\"https:\/\/www.hydraulic-cylinders.net\/wp-content\/uploads\/2025\/04\/songte-bushings-with-all-kinds-of-excavator-models.webp\" alt=\"Ekskavatori\u0173 modeli\u0173 \u012fvor\u0117s\" \/><\/p>\n<h2>Apie m\u016bs\u0173 \u012fmon\u0119<\/h2>\n<p>Esame pirmaujantis pakaitini\u0173 hidraulini\u0173 cilindr\u0173 gamintojas, si\u016blantis plat\u0173 gamini\u0173 asortiment\u0105, kuris pozicionuoja mus kaip pagrindin\u012f \u017eaid\u0117j\u0105 tiek vidaus, tiek tarptautin\u0117se rinkose. M\u016bs\u0173 \u012fsipareigojim\u0105 siekti meistri\u0161kumo atspindi moderniausi gamybos \u012frenginiai, kuriuose naudojamos pa\u017eangios technologijos ir dirba kvalifikuoti darbuotojai, siekiant tiekti auk\u0161tos kokyb\u0117s gaminius.<\/p>\n<p>M\u016bs\u0173 atsidavimas kokyb\u0117s u\u017etikrinimui apima grie\u017etus bandymus ir tarptautini\u0173 sertifikat\u0173 laikym\u0105si. Si\u016blome individualius sprendimus, kad patenkintume konkre\u010dius klient\u0173 poreikius, u\u017etikrindami, kad m\u016bs\u0173 produktai atitikt\u0173 pramon\u0117s standartus. Teikdami patikim\u0105 garantinio aptarnavimo paslaug\u0105, palaikome savo klientus per vis\u0105 produkto gyvavimo cikl\u0105.<\/p>\n<p><img decoding=\"async\" src=\"https:\/\/www.hydraulic-cylinders.net\/wp-content\/uploads\/2025\/04\/songte-company-4.webp\" alt=\"\u012emon\u0117s ap\u017evalga\" \/><br \/>\n<img decoding=\"async\" src=\"https:\/\/www.hydraulic-cylinders.net\/wp-content\/uploads\/2025\/04\/songte-company-3.webp\" alt=\"Gamybos \u012fmon\u0117\" \/><\/p>\n<p>Autorius: lyl<\/p>","protected":false},"excerpt":{"rendered":"<p>Boom Cylinder For Zoomlion Large Excavator ZE360E Introduction to Boom Cylinder The Boom Cylinder is a crucial component in heavy machinery, particularly in large excavators like the Zoomlion ZE360E. This hydraulic cylinder is designed to control the movement of the boom, allowing it to lift, lower, and tilt with precision. Its role in the hydraulic [&hellip;]<\/p>","protected":false},"featured_media":17868,"comment_status":"open","ping_status":"closed","template":"","meta":{"_et_pb_use_builder":"","_et_pb_old_content":"","_et_gb_content_width":""},"product_brand":[],"product_cat":[1546],"product_tag":[1547,1496],"class_list":{"0":"post-19227","1":"product","2":"type-product","3":"status-publish","4":"has-post-thumbnail","6":"product_cat-boom-cylinders","7":"product_tag-boom-cylinders","8":"product_tag-hydraulic-cylinders","10":"first","11":"instock","12":"shipping-taxable","13":"product-type-simple"},"amp_enabled":true,"_links":{"self":[{"href":"https:\/\/www.hydraulic-cylinders.net\/lt\/wp-json\/wp\/v2\/product\/19227","targetHints":{"allow":["GET"]}}],"collection":[{"href":"https:\/\/www.hydraulic-cylinders.net\/lt\/wp-json\/wp\/v2\/product"}],"about":[{"href":"https:\/\/www.hydraulic-cylinders.net\/lt\/wp-json\/wp\/v2\/types\/product"}],"replies":[{"embeddable":true,"href":"https:\/\/www.hydraulic-cylinders.net\/lt\/wp-json\/wp\/v2\/comments?post=19227"}],"wp:featuredmedia":[{"embeddable":true,"href":"https:\/\/www.hydraulic-cylinders.net\/lt\/wp-json\/wp\/v2\/media\/17868"}],"wp:attachment":[{"href":"https:\/\/www.hydraulic-cylinders.net\/lt\/wp-json\/wp\/v2\/media?parent=19227"}],"wp:term":[{"taxonomy":"product_brand","embeddable":true,"href":"https:\/\/www.hydraulic-cylinders.net\/lt\/wp-json\/wp\/v2\/product_brand?post=19227"},{"taxonomy":"product_cat","embeddable":true,"href":"https:\/\/www.hydraulic-cylinders.net\/lt\/wp-json\/wp\/v2\/product_cat?post=19227"},{"taxonomy":"product_tag","embeddable":true,"href":"https:\/\/www.hydraulic-cylinders.net\/lt\/wp-json\/wp\/v2\/product_tag?post=19227"}],"curies":[{"name":"wp","href":"https:\/\/api.w.org\/{rel}","templated":true}]}}