{"id":19228,"date":"2025-04-07T06:19:10","date_gmt":"2025-04-07T06:19:10","guid":{"rendered":"https:\/\/www.hydraulic-cylinders.net\/product\/boom-cylinder-for-zoomlion-large-excavator-ze520esp\/"},"modified":"2025-04-07T06:19:12","modified_gmt":"2025-04-07T06:19:12","slug":"boom-cylinder-for-zoomlion-large-excavator-ze520esp","status":"publish","type":"product","link":"https:\/\/www.hydraulic-cylinders.net\/lt\/produktas\/boom-cylinder-for-zoomlion-large-excavator-ze520esp\/","title":{"rendered":"Str\u0117l\u0117s cilindras, skirtas dideliems \u201eZoomlion\u201c ekskavatoriams ZE520ESP"},"content":{"rendered":"<h1>Str\u0117l\u0117s cilindras, skirtas dideliems \u201eZoomlion\u201c ekskavatoriams ZE520ESP<\/h1>\n<h2>\u012evadas \u012f str\u0117l\u0117s cilindr\u0105<\/h2>\n<p>Specialiai \u201eZoomlion\u201c dideliam ekskavatoriui ZE520ESP sukurtas str\u0117l\u0117s cilindras yra esminis sunkiosios technikos hidraulin\u0117s sistemos komponentas. \u0160is hidraulinis cilindras yra labai svarbus valdant ekskavatoriaus str\u0117l\u0117s jud\u0117jim\u0105, palengvinant pried\u0173 k\u0117lim\u0105, nuleidim\u0105 ir pakreipim\u0105. \u0160ios funkcijos yra labai svarbios efektyviam med\u017eiag\u0173 tvarkymui, nes operatoriai gali atlikti kasimo, krovimo ir transportavimo darbus nepaprastai tiksliai.<\/p>\n<p><img decoding=\"async\" src=\"https:\/\/www.hydraulic-cylinders.net\/wp-content\/uploads\/2025\/04\/songte-company-1.webp\" alt=\"Str\u0117l\u0117s cilindro vaizdas\"><\/p>\n<h3>Apibr\u0117\u017eimas ir ap\u017evalga<\/h3>\n<p>Str\u0117l\u0117s cilindras, hidraulinio cilindro tipas, yra specialiai suprojektuotas valdyti str\u0117l\u0117s jud\u0117jim\u0105 \u012fvairioje sunkiojoje technikoje, pavyzd\u017eiui, ekskavatoriuose, ekskavatoriniuose krautuvams ir frontaliniams krautuvams. Jis veikia panaudodamas hidraulin\u012f sl\u0117g\u012f str\u0117lei i\u0161tiesti ir \u012ftraukti, leisdamas jai pasiekti \u012fvairius auk\u0161\u010dius ir kampus. Jis atlieka labai svarb\u0173 vaidmen\u012f bendroje hidraulin\u0117je sistemoje, u\u017etikrindamas reikiam\u0105 j\u0117g\u0105 sud\u0117tingoms u\u017eduotims atlikti statybose ir kitose pramon\u0117s \u0161akose.<\/p>\n<h2>Produkto savyb\u0117s<\/h2>\n<ul>\n<li><strong>Didelis stiprumas ir ilgaam\u017ei\u0161kumas:<\/strong> Paprastai pagaminti i\u0161 didelio stiprumo plieno arba aliuminio, \u0161ie cilindrai gali atlaikyti auk\u0161t\u0105 sl\u0117g\u012f ir dideles apkrovas, yra skirti at\u0161iaurioms darbo s\u0105lygoms, kartu atspar\u016bs dilimui ir korozijai, kad tarnaut\u0173 ilgiau.<\/li>\n<li><strong>Efektyvus hidraulinis valdymas:<\/strong> Naudodamas hidraulin\u0117s alyvos sl\u0117g\u012f, str\u0117l\u0117s cilindras u\u017etikrina skland\u0173 i\u0161pl\u0117tim\u0105 ir \u012ftraukim\u0105, tod\u0117l str\u0117l\u0117 greitai reaguoja \u012f valdymo komandas ir u\u017etikrina galingas st\u016bmimo bei traukimo galimybes, tinkamas sunkioms ir sud\u0117tingoms u\u017eduotims atlikti.<\/li>\n<li><strong>\u012evair\u016bs tipai:<\/strong> Galima rinktis vienpusio veikimo (veikian\u010dius viena kryptimi) arba dvipusio veikimo (veikian\u010dius abiem kryptimis) konfig\u016bracijas, tod\u0117l galima juos pritaikyti prie konkre\u010di\u0173 eksploatacini\u0173 poreiki\u0173. Kai kurie modeliai yra teleskopiniai, tod\u0117l juos galima labiau prailginti nedidinant i\u0161orini\u0173 matmen\u0173, tod\u0117l jie idealiai tinka naudoti ribotoje erdv\u0117je.<\/li>\n<li><strong>Tikslioji in\u017einerija:<\/strong> Kiekvienas cilindras gaminamas itin kruop\u0161\u010diai, u\u017etikrinant optimal\u0173 veikim\u0105 ir patikimum\u0105 \u012fvairiomis s\u0105lygomis.<\/li>\n<li><strong>Suderinamumas:<\/strong> M\u016bs\u0173 gaminiai sukurti taip, kad puikiai pakeist\u0173 \u012fvairius hidraulinius cilindrus, u\u017etikrinant skland\u0173 integravim\u0105 su esama technika.<\/li>\n<\/ul>\n<p><img decoding=\"async\" src=\"https:\/\/www.hydraulic-cylinders.net\/wp-content\/uploads\/2025\/04\/songte-cylinder-head-with-all-kinds-excavator-models.webp\" alt=\"Suderinami modeliai\"><\/p>\n<h2>Str\u0117l\u0117s cilindro pritaikymas<\/h2>\n<h3>Statybin\u0117 \u012franga<\/h3>\n<p>Ekskavatoriuose str\u0117l\u0117s cilindrai yra labai svarb\u016bs kasimo, krovimo ir \u017eem\u0117s ar \u0161iuk\u0161li\u0173 perk\u0117limo procesams. Jie leid\u017eia str\u0117lei pasiekti giliai \u012f \u017eem\u0119 atliekant kasimo darbus ir pakelti krovin\u012f transportavimui \u012f skirtingas vietas. Be str\u0117l\u0117s cilindro kasimo darb\u0173 efektyvumas ir veiksmingumas b\u016bt\u0173 gerokai suma\u017einti.<\/p>\n<h3>\u017dem\u0117s \u016bkio technika<\/h3>\n<p>Priekiniuose krautuvuose str\u0117l\u0117s cilindrai yra labai svarb\u016bs dirvo\u017eemio, \u0161ieno ir \u012fvairi\u0173 med\u017eiag\u0173 s\u0117jimui, k\u0117limui ir transportavimui. J\u0173 geb\u0117jimas suteikti reikiam\u0105 j\u0117g\u0105 \u0161ioms operacijoms padidina na\u0161um\u0105 \u016bkiuose, tod\u0117l jie yra nepakei\u010diami \u017eem\u0117s \u016bkio technikoje.<\/p>\n<h3>Ekskavatoriai<\/h3>\n<p>Ekskavatoriuose str\u0117l\u0117s cilindras leid\u017eia kau\u0161ui efektyviai \u012fsiskverbti \u012f dirv\u0105, palengvindamas kasimo proces\u0105. Jis atlieka gyvybi\u0161kai svarb\u0173 vaidmen\u012f, kad operatorius gal\u0117t\u0173 atlikti sud\u0117tingas kasimo u\u017eduotis, kurioms reikalingas tikslumas ir str\u0117l\u0117s jud\u0117jimo kontrol\u0117.<\/p>\n<h3>Krautuvai<\/h3>\n<p>Priekiniuose krautuvuose str\u0117l\u0117s cilindrai padeda efektyviai kelti ir i\u0161versti krovinius. Jie u\u017etikrina reikiam\u0105 hidraulin\u0119 j\u0117g\u0105 sunkiems daiktams pakelti, u\u017etikrindami skland\u0173 pakrovimo ir i\u0161krovimo proces\u0173 veikim\u0105 \u012fvairiuose sektoriuose, \u012fskaitant statybas ir atliek\u0173 tvarkym\u0105.<\/p>\n<h2>Projektavimo aspektai ir atrankos kriterijai<\/h2>\n<h3>Keliamoji galia<\/h3>\n<p>Str\u0117l\u0117s cilindro keliamoji galia yra labai svarbus veiksnys, \u012f kur\u012f reikia atsi\u017evelgti renkantis. Svarbu pasirinkti cilindr\u0105, kuris gali atlaikyti maksimali\u0105 apkrov\u0105, numatom\u0105 eksploatacijos metu, kartu u\u017etikrinant saugos ir eksploatacini\u0173 standart\u0173 laikym\u0105si. Tinkama keliamoji galia u\u017etikrina cilindro ilgaam\u017ei\u0161kum\u0105 ir apsaugo nuo galim\u0173 gedim\u0173 atliekant sunkias u\u017eduotis.<\/p>\n<h3>Sandarinimo mechanizmai<\/h3>\n<p>Efektyvus sandarinimas yra gyvybi\u0161kai svarbus hidraulini\u0173 cilindr\u0173 veikimui. Auk\u0161tos kokyb\u0117s sandarikliai apsaugo nuo hidraulinio skys\u010dio nuot\u0117kio, d\u0117l kurio gali suma\u017e\u0117ti efektyvumas ir kilti pavojus aplinkai. Sandarikli\u0173, toki\u0173 kaip st\u016bmoklio ir koto sandarikliai, pagaminti i\u0161 patvari\u0173 med\u017eiag\u0173, toki\u0173 kaip poliuretanas arba nitrilo kau\u010diukas, pasirinkimas yra labai svarbus optimaliam funkcionalumui palaikyti.<\/p>\n<h3>Patvarumas<\/h3>\n<p>Str\u0117l\u0117s cilindrams ilgaam\u017ei\u0161kumas yra nepaprastai svarbus, nes jie veikiami ekstremaliomis s\u0105lygomis. Svarbu pasirinkti cilindrus, kurie yra atspar\u016bs dilimui ir korozijai, u\u017etikrinant, kad jie gal\u0117t\u0173 patikimai veikti at\u0161iauriomis s\u0105lygomis. Pa\u017eang\u016bs gamybos procesai prisideda prie \u0161i\u0173 komponent\u0173 ilgaam\u017ei\u0161kumo, suma\u017eindami gedimo rizik\u0105.<\/p>\n<h3>Saugos funkcijos<\/h3>\n<p>Saugumas yra esminis hidraulini\u0173 cilindr\u0173 projektavimo aspektas. Tokios savyb\u0117s kaip apsauga nuo perkrov\u0173 ir tinkamas sl\u0117gio reguliavimas u\u017etikrina, kad cilindras veikt\u0173 saugiose ribose. Reguliar\u016bs technin\u0117s prie\u017ei\u016bros patikrinimai gali dar labiau padidinti saug\u0105, suma\u017eindami nelaiming\u0173 atsitikim\u0173 rizik\u0105 eksploatacijos metu.<\/p>\n<h3>Prie\u017ei\u016bra ir tinkamumas naudoti<\/h3>\n<p>Labai svarbu pasirinkti str\u0117l\u0117s cilindr\u0105, kur\u012f b\u016bt\u0173 lengva pri\u017ei\u016br\u0117ti ir aptarnauti. Lengvai pasiekiami komponentai remontui ir patikrai suma\u017eins prastovas ir eksploatavimo i\u0161laidas. \u012eprastin\u0117s prie\u017ei\u016bros u\u017eduotys, tokios kaip tepimas ir sandarikli\u0173 keitimas, tur\u0117t\u0173 b\u016bti nesud\u0117tingos, kad cilindras veikt\u0173 optimaliai.<\/p>\n<p><img decoding=\"async\" src=\"https:\/\/www.hydraulic-cylinders.net\/wp-content\/uploads\/2025\/04\/songte-oil-pipes-and-spare-parts.webp\" alt=\"Naftos vamzd\u017eiai ir atsargin\u0117s dalys\"><\/p>\n<h2>Sandarinimas ir tepimas<\/h2>\n<p>Sandarinimas ir tepimas yra labai svarb\u016bs hidraulini\u0173 cilindr\u0173 veikimo veiksniai. Siekiant i\u0161vengti hidraulinio skys\u010dio nuot\u0117kio, naudojami \u012fvair\u016bs sandarinimo elementai, tokie kaip st\u016bmokli\u0173 ir stryp\u0173 sandarikliai. D\u0117l savo ilgaam\u017ei\u0161kumo pirmenyb\u0117 teikiama sandarikliams, pagamintiems i\u0161 atspari\u0173 dilimui med\u017eiag\u0173, toki\u0173 kaip poliuretanas ir nitrilo kau\u010diukas. Cilindro korpusas ir srieginiai galai yra tiksliai apdirbami, siekiant padidinti atsparum\u0105 dilimui. Reguliarus tepimas tinkama hidrauline alyva yra b\u016btinas norint suma\u017einti trint\u012f ir dilim\u0105, u\u017etikrinti skland\u0173 veikim\u0105 ir pailginti cilindro tarnavimo laik\u0105.<\/p>\n<h2>Reguliarus patikrinimas ir prevencin\u0117 prie\u017ei\u016bra<\/h2>\n<ul>\n<li><strong>Reguliar\u016bs patikrinimai:<\/strong> Reik\u0117t\u0173 da\u017enai atlikti patikrinimus, kad b\u016bt\u0173 nustatyti bet kokie hidraulinio cilindro susid\u0117v\u0117jimo, nuot\u0117ki\u0173 ar pa\u017eeidim\u0173 po\u017eymiai. Ankstyvas problem\u0173 nustatymas gali pad\u0117ti i\u0161vengti rimtesni\u0173 problem\u0173 ir brangaus remonto ateityje.<\/li>\n<li><strong>Tinkamas tepimas:<\/strong> Labai svarbu tinkamai sutepti visas judan\u010dias dalis, kad b\u016bt\u0173 u\u017etikrintas sklandus veikimas. Tinkamo tipo hidraulin\u0117s alyvos naudojimas ir rekomenduojam\u0173 tepimo grafik\u0173 laikymasis prailgins cilindro tarnavimo laik\u0105.<\/li>\n<li><strong>Sandariklio keitimas:<\/strong> Tarpikliai tur\u0117t\u0173 b\u016bti reguliariai tikrinami ir prireikus kei\u010diami, kad b\u016bt\u0173 i\u0161vengta nuot\u0117ki\u0173 ir i\u0161laikytas veikimas. Seni arba pa\u017eeisti tarpikliai gali sukelti skys\u010di\u0173 nuostolius ir suma\u017einti hidraulin\u0117s sistemos efektyvum\u0105.<\/li>\n<\/ul>\n<h2>\u012erengimo gair\u0117s<\/h2>\n<p>Tinkamas str\u0117l\u0117s cilindro montavimas yra labai svarbus optimaliam veikimui ir saugumui. Pirmiausia \u012fsitikinkite, kad cilindras yra tinkamai sulygiuotas su ekskavatoriaus tvirtinimo ta\u0161kais. Naudokite tinkamus tvirtinimo laikiklius, kad pritvirtintum\u0117te cilindr\u0105 ir i\u0161vengtum\u0117te nesutapimo darbo metu. Prie\u0161 priver\u017edami visus var\u017etus, patikrinkite, ar jis tinkamai sulygiuotas, ir atlikite reikiamus reguliavimus. Sulygiav\u0119, priver\u017ekite visus tvirtinimo elementus pagal gamintojo specifikacijas. \u012edieg\u0119 atlikite sistemos patikrinim\u0105, kad \u012fsitikintum\u0117te, jog n\u0117ra nuot\u0117ki\u0173 ir kad cilindras veikia skland\u017eiai. \u0160i\u0173 gairi\u0173 laikymasis pad\u0117s s\u0117kmingai sumontuoti ir prailgins hidraulinio cilindro tarnavimo laik\u0105.<\/p>\n<p><img decoding=\"async\" src=\"https:\/\/www.hydraulic-cylinders.net\/wp-content\/uploads\/2025\/04\/songte-chushion-collar.webp\" alt=\"Pagalv\u0117l\u0117s apykakl\u0117\"><\/p>\n<h2>Saugos aspektai ir aplinkos veiksniai<\/h2>\n<p>Naudojant hidraulinius cilindrus, itin svarbu laikytis saugos priemoni\u0173, siekiant i\u0161vengti nelaiming\u0173 atsitikim\u0173 ir u\u017etikrinti operatoriaus saug\u0105. Labai svarbu \u012fdiegti saugos protokolus, pvz., naudoti tinkamas asmenines apsaugos priemones (AAP), reguliariai vesti saugos mokymus ir u\u017etikrinti, kad visi operatoriai b\u016bt\u0173 susipa\u017ein\u0119 su mechanizmais. Be to, atsi\u017evelgiant \u012f hidraulini\u0173 skys\u010di\u0173 poveik\u012f aplinkai ir pasirinkus biologi\u0161kai skaid\u017eias parinktis, galima gerokai suma\u017einti hidraulini\u0173 operacij\u0173 poveik\u012f aplinkai.<\/p>\n<h2>Gedim\u0173 diagnostika ir da\u017eniausios problemos<\/h2>\n<ul>\n<li><strong>Nuot\u0117kis:<\/strong> Hidraulinio skys\u010dio nuot\u0117kiai yra da\u017ena problema, kuri gali kilti d\u0117l susid\u0117v\u0117jusi\u0173 sandarikli\u0173 arba pa\u017eeist\u0173 cilindro komponent\u0173. Reguliar\u016bs patikrinimai gali pad\u0117ti anksti nustatyti nuot\u0117kius, leid\u017eian\u010dius laiku atlikti remont\u0105.<\/li>\n<li><strong>Prastas na\u0161umas:<\/strong> Jei cilindras skland\u017eiai nei\u0161sitraukia arba nesusitraukia, tai gali rodyti \u017eem\u0105 hidraulinio skys\u010dio lyg\u012f arba vidin\u012f susid\u0117v\u0117jim\u0105. Norint u\u017etikrinti optimal\u0173 veikim\u0105, b\u016btina reguliariai pri\u017ei\u016br\u0117ti ir laiku tikrinti skys\u010dius.<\/li>\n<li><strong>Ne\u012fprasti garsai:<\/strong> Ne\u012fprasti garsai eksploatacijos metu gali rodyti mechanines problemas arba tepimo tr\u016bkum\u0105. Bet kokius ne\u012fprastus garsus reikia nedelsiant i\u0161tirti, kad b\u016bt\u0173 i\u0161vengta tolesn\u0117s \u017ealos.<\/li>\n<\/ul>\n<p>Nor\u0117dami veiksmingai pa\u0161alinti triktis, operatoriai tur\u0117t\u0173 per\u017ei\u016br\u0117ti gamintojo rekomendacijas d\u0117l konkre\u010di\u0173 simptom\u0173 ir si\u016blom\u0173 taisom\u0173j\u0173 veiksm\u0173. \u012eprasta prie\u017ei\u016bra ir prevencin\u0117s priemon\u0117s gali gerokai suma\u017einti toki\u0173 problem\u0173 tikimyb\u0119, u\u017etikrinant skland\u0173 ir efektyv\u0173 veikim\u0105.<\/p>\n<p><img decoding=\"async\" src=\"https:\/\/www.hydraulic-cylinders.net\/wp-content\/uploads\/2025\/04\/songte-bushings-with-all-kinds-of-excavator-models.webp\" alt=\"Ekskavatori\u0173 \u012fvor\u0117s\"><\/p>\n<h2>M\u016bs\u0173 \u012fmon\u0117<\/h2>\n<p>Esame pirmaujantis pakaitini\u0173 hidraulini\u0173 cilindr\u0173 gamintojas ir didmeninis platintojas, si\u016blantis plat\u0173 gamini\u0173 asortiment\u0105, kad patenkint\u0173 \u012fvairius rinkos poreikius. M\u016bs\u0173 \u012fsipareigojimas siekti meistri\u0161kumo skatina mus taikyti rafinuotas gamybos strategijas, kuriose pirmenyb\u0117 teikiama kokybei ir efektyvumui. Pasitelkdami kvalifikuotus techninius darbuotojus, pa\u017eangi\u0105 skaitmenin\u0119 gamybos \u012frang\u0105 ir profesionalias tikrinimo sistemas, nuolat tobuliname savo gamybos platform\u0105, kad u\u017etikrintume auk\u0161\u010diausio lygio gamini\u0173 kokyb\u0119.<\/p>\n<p>D\u0117mesys specializacijai, tarptautiniams sertifikatams, individualiam aptarnavimui ir patikimam pogarantiniam aptarnavimui sustiprina m\u016bs\u0173 pozicijas pramon\u0117je. Tur\u0117dami didel\u012f inovacij\u0173 potencial\u0105, did\u017eiuojam\u0117s gal\u0117dami tiekti didelio efektyvumo, didelio tikslumo ir auk\u0161tos kokyb\u0117s hidraulinius sprendimus, kurie patenkina \u012fvairius m\u016bs\u0173 klient\u0173 reikalavimus.<\/p>\n<p><img decoding=\"async\" src=\"https:\/\/www.hydraulic-cylinders.net\/wp-content\/uploads\/2025\/04\/songte-company-4.webp\" alt=\"\u012emon\u0117s ap\u017evalga\"><br \/>\n<img decoding=\"async\" src=\"https:\/\/www.hydraulic-cylinders.net\/wp-content\/uploads\/2025\/04\/songte-company-3.webp\" alt=\"\u012emon\u0117s patalpos\"><\/p>\n<p>Autorius: lyl<\/p>","protected":false},"excerpt":{"rendered":"<p>Boom Cylinder For Zoomlion Large Excavator ZE520ESP Introduction to Boom Cylinder The Boom Cylinder, specifically designed for the Zoomlion Large Excavator ZE520ESP, is an essential component in the hydraulic system of heavy machinery. This hydraulic cylinder is pivotal in controlling the movement of the excavator\u2019s boom, facilitating the lifting, lowering, and tilting of attachments. These [&hellip;]<\/p>","protected":false},"featured_media":17869,"comment_status":"open","ping_status":"closed","template":"","meta":{"_et_pb_use_builder":"","_et_pb_old_content":"","_et_gb_content_width":""},"product_brand":[],"product_cat":[1546],"product_tag":[1547,1496],"class_list":{"0":"post-19228","1":"product","2":"type-product","3":"status-publish","4":"has-post-thumbnail","6":"product_cat-boom-cylinders","7":"product_tag-boom-cylinders","8":"product_tag-hydraulic-cylinders","10":"first","11":"instock","12":"shipping-taxable","13":"product-type-simple"},"amp_enabled":true,"_links":{"self":[{"href":"https:\/\/www.hydraulic-cylinders.net\/lt\/wp-json\/wp\/v2\/product\/19228","targetHints":{"allow":["GET"]}}],"collection":[{"href":"https:\/\/www.hydraulic-cylinders.net\/lt\/wp-json\/wp\/v2\/product"}],"about":[{"href":"https:\/\/www.hydraulic-cylinders.net\/lt\/wp-json\/wp\/v2\/types\/product"}],"replies":[{"embeddable":true,"href":"https:\/\/www.hydraulic-cylinders.net\/lt\/wp-json\/wp\/v2\/comments?post=19228"}],"wp:featuredmedia":[{"embeddable":true,"href":"https:\/\/www.hydraulic-cylinders.net\/lt\/wp-json\/wp\/v2\/media\/17869"}],"wp:attachment":[{"href":"https:\/\/www.hydraulic-cylinders.net\/lt\/wp-json\/wp\/v2\/media?parent=19228"}],"wp:term":[{"taxonomy":"product_brand","embeddable":true,"href":"https:\/\/www.hydraulic-cylinders.net\/lt\/wp-json\/wp\/v2\/product_brand?post=19228"},{"taxonomy":"product_cat","embeddable":true,"href":"https:\/\/www.hydraulic-cylinders.net\/lt\/wp-json\/wp\/v2\/product_cat?post=19228"},{"taxonomy":"product_tag","embeddable":true,"href":"https:\/\/www.hydraulic-cylinders.net\/lt\/wp-json\/wp\/v2\/product_tag?post=19228"}],"curies":[{"name":"wp","href":"https:\/\/api.w.org\/{rel}","templated":true}]}}