{"id":19229,"date":"2025-04-07T06:19:14","date_gmt":"2025-04-07T06:19:14","guid":{"rendered":"https:\/\/www.hydraulic-cylinders.net\/product\/boom-cylinder-for-zoomlion-large-excavator-ze700esp\/"},"modified":"2025-04-07T06:19:17","modified_gmt":"2025-04-07T06:19:17","slug":"boom-cylinder-for-zoomlion-large-excavator-ze700esp","status":"publish","type":"product","link":"https:\/\/www.hydraulic-cylinders.net\/lt\/produktas\/boom-cylinder-for-zoomlion-large-excavator-ze700esp\/","title":{"rendered":"Str\u0117l\u0117s cilindras, skirtas dideliems \u201eZoomlion\u201c ekskavatoriams ZE700ESP"},"content":{"rendered":"<h1>Str\u0117l\u0117s cilindras, skirtas dideliems \u201eZoomlion\u201c ekskavatoriams ZE700ESP<\/h1>\n<h2>\u012evadas \u012f str\u0117l\u0117s cilindr\u0105<\/h2>\n<p>Str\u0117l\u0117s cilindras yra gyvybi\u0161kai svarbus sunkiosios technikos komponentas, ypa\u010d tokiuose ekskavatoriuose kaip \u201eZoomlion Large Excavator ZE700ESP\u201c. \u0160is hidraulinis cilindras atlieka esmin\u012f vaidmen\u012f valdant str\u0117l\u0117s svirties jud\u0117jim\u0105, leisdamas jai pakelti, nuleisti ir pakreipti pagal poreik\u012f \u012fvairiems darbams atlikti. Tikslus jud\u0117jimas, kur\u012f u\u017etikrina str\u0117l\u0117s cilindras, yra labai svarbus atliekant tokias u\u017eduotis kaip kasimas, k\u0117limas ir med\u017eiag\u0173 transportavimas efektyviai ir saugiai.<\/p>\n<p><img decoding=\"async\" src=\"https:\/\/www.hydraulic-cylinders.net\/wp-content\/uploads\/2025\/04\/songte-company-1.webp\" alt=\"Ekskavatori\u0173 str\u0117l\u0117s cilindras\"><\/p>\n<h3>Str\u0117l\u0117s cilindr\u0173 funkcija ir pritaikymas<\/h3>\n<p>Hidraulin\u0117je sistemoje str\u0117l\u0117s cilindras yra atsakingas u\u017e hidraulinio sl\u0117gio pavertim\u0105 mechanine j\u0117ga, leid\u017eian\u010dia sunkiajai \u012frangai atlikti sud\u0117tingas u\u017eduotis. Jis leid\u017eia operatoriui valdyti str\u0117l\u0117s pad\u0117t\u012f ir kamp\u0105, tod\u0117l lengviau manevruoti aplink kli\u016btis ir efektyviai atlikti u\u017eduotis statybviet\u0117je. Str\u0117l\u0117s cilindras paprastai yra suprojektuotas taip, kad atlaikyt\u0173 auk\u0161t\u0105 sl\u0117g\u012f ir dideles apkrovas, u\u017etikrindamas patvarum\u0105 ir patikimum\u0105.<\/p>\n<h2>Str\u0117l\u0117s cilindro savyb\u0117s<\/h2>\n<ul>\n<li><strong>Didelis stiprumas ir ilgaam\u017ei\u0161kumas:<\/strong> Pagamintas i\u0161 didelio stiprumo plieno arba aliuminio, str\u0117l\u0117s cilindras yra sukurtas taip, kad atlaikyt\u0173 auk\u0161t\u0105 sl\u0117g\u012f ir dideles apkrovas, tod\u0117l tinka at\u0161iaurioms darbo s\u0105lygoms.<\/li>\n<li><strong>Efektyvus hidraulinis valdymas:<\/strong> Cilindras naudoja hidraulin\u0117s alyvos sl\u0117g\u012f, kad skland\u017eiai ir greitai i\u0161skleist\u0173 ir atitraukt\u0173, u\u017etikrindamas stiprias st\u016bmimo ir traukimo j\u0117gas, b\u016btinas sunkioms u\u017eduotims atlikti.<\/li>\n<li><strong>Tip\u0173 \u012fvairov\u0117:<\/strong> Str\u0117l\u0117s cilindrai, kuriuos galima \u012fsigyti vienpusio ir dvipusio veikimo konfig\u016bracij\u0173, gali b\u016bti pritaikyti konkretiems eksploatavimo reikalavimams.<\/li>\n<li><strong>Viet\u0105 taupantis dizainas:<\/strong> Kai kurie modeliai pasi\u017eymi teleskopin\u0117mis konstrukcijomis, kurios leid\u017eia labiau i\u0161tiesti nepadidinant i\u0161orini\u0173 matmen\u0173, tod\u0117l puikiai tinka u\u017edaroms erdv\u0117ms.<\/li>\n<li><strong>Atsparumas korozijai:<\/strong> Sukurtas su antikorozin\u0117mis savyb\u0117mis, kurios padidina tarnavimo laik\u0105 ir suma\u017eina prie\u017ei\u016bros poreik\u012f.<\/li>\n<\/ul>\n<h3>M\u016bs\u0173 gamybos paj\u0117gumai<\/h3>\n<p>Specializuojam\u0117s auk\u0161tos kokyb\u0117s str\u0117l\u0117s cilindr\u0173 gamyboje, kurie gali puikiai pakeisti esamus hidraulinius cilindrus \u012fvairiose srityse, u\u017etikrindami optimal\u0173 na\u0161um\u0105 ir ilgaam\u017ei\u0161kum\u0105.<\/p>\n<p><img decoding=\"async\" src=\"https:\/\/www.hydraulic-cylinders.net\/wp-content\/uploads\/2025\/04\/songte-cylinder-head-with-all-kinds-excavator-models.webp\" alt=\"Ekskavatori\u0173 modeliai su str\u0117l\u0117s cilindrais\"><\/p>\n<h2>Taikymo scenarijai<\/h2>\n<h3>Statybin\u0117 \u012franga<\/h3>\n<p>Statyb\u0173 srityje str\u0117l\u0117s cilindrai yra neatsiejama ekskavatori\u0173 dalis, nes jie atlieka labai svarb\u0173 vaidmen\u012f kasant, kraunant ir perkeliant \u017eem\u0119 ar \u0161iuk\u0161les. Jie leid\u017eia operatoriams atlikti tikslius judesius, reikalingus kasimo u\u017eduotims, ir palengvina sunki\u0173 krovini\u0173 k\u0117lim\u0105 efektyviai.<\/p>\n<h3>\u017dem\u0117s \u016bkio technika<\/h3>\n<p>\u017dem\u0117s \u016bkio srityje str\u0117l\u0117s cilindrai naudojami priekiniuose krautuvuose dirvo\u017eemiui, \u0161ienui ir \u012fvairioms kitoms med\u017eiagoms semti, kelti ir transportuoti. J\u0173 efektyvus veikimas leid\u017eia supaprastinti pakrovimo ir i\u0161krovimo procesus, taip padidinant na\u0161um\u0105 \u016bkiuose.<\/p>\n<h3>Ekskavatoriai<\/h3>\n<p>Str\u0117l\u0117s cilindras yra b\u016btinas, kad ekskavatoriaus kau\u0161as gal\u0117t\u0173 \u012fsiskverbti \u012f \u017eem\u0119 ir atlikti svarbius kasimo veiksmus. \u0160i funkcija yra labai svarbi atliekant \u012fvairius kasimo darbus statybose ir kra\u0161tovaizd\u017eio tvarkymo projektuose.<\/p>\n<h3>Krautuvai<\/h3>\n<p>Priekiniuose krautuvuose str\u0117l\u0117s cilindrai padeda efektyviai kelti ir i\u0161versti krovinius. D\u0117l tvirtos konstrukcijos jie gali dirbti su sunkiomis med\u017eiagomis, u\u017etikrindami, kad operacijos b\u016bt\u0173 atliekamos efektyviai ir saugiai.<\/p>\n<h2>Projektavimo aspektai ir atrankos kriterijai<\/h2>\n<h3>Keliamoji galia<\/h3>\n<p>Renkantis str\u0117l\u0117s cilindr\u0105, labai svarbu suprasti jo keliam\u0105j\u0105 gali\u0105. Cilindras turi saugiai atlaikyti krovini\u0173, kuriuos jis pakels, svor\u012f. Tai rei\u0161kia, kad reikia atsi\u017evelgti \u012f tokius veiksnius kaip maksimalus str\u0117l\u0117s pak\u0117limo svoris ir dinamin\u0117s apkrovos, atsirandan\u010dios eksploatacijos metu.<\/p>\n<h3>Sandarinimas<\/h3>\n<p>Str\u0117l\u0117s cilindro sandarinimo galimyb\u0117s yra labai svarbios jo veikimui. Auk\u0161tos kokyb\u0117s sandarikliai apsaugo nuo hidraulinio skys\u010dio nuot\u0117kio ir palaiko sl\u0117g\u012f sistemoje. Tai ypa\u010d svarbu siekiant i\u0161vengti hidraulinio skys\u010dio nuostoli\u0173, kurie gali suma\u017einti efektyvum\u0105 ir sugadinti \u012frang\u0105.<\/p>\n<h3>Patvarumas<\/h3>\n<p>Patvarumas yra gyvybi\u0161kai svarbi str\u0117l\u0117s cilindro savyb\u0117, ypa\u010d sud\u0117tingomis eksploatavimo s\u0105lygomis. Gamyboje naudojamos med\u017eiagos turi b\u016bti atsparios nusid\u0117v\u0117jimui, taip pat at\u0161iaurioms s\u0105lygoms, tokioms kaip ne\u0161varumai, dr\u0117gm\u0117 ir kintanti temperat\u016bra.<\/p>\n<h3>Saugos funkcijos<\/h3>\n<p>Svarbiausia yra projektuoti str\u0117l\u0117s cilindrus atsi\u017evelgiant \u012f saugum\u0105. Tokios savyb\u0117s kaip integruoti apsauginiai vo\u017etuvai gali u\u017ekirsti keli\u0105 perkrovoms, u\u017etikrinant, kad \u012franga k\u0117limo ir nuleidimo metu veikt\u0173 saugiai, taip apsaugant tiek mechanizm\u0105, tiek operatorius.<\/p>\n<h3>Prieinamumas prie prie\u017ei\u016bros<\/h3>\n<p>Dar vienas svarbus projektavimo aspektas yra paprastas techninis aptarnavimas. Str\u0117l\u0117s cilindrai tur\u0117t\u0173 b\u016bti suprojektuoti taip, kad b\u016bt\u0173 lengva pasiekti svarbiausius komponentus ap\u017ei\u016brai ir techninei prie\u017ei\u016brai. Gerai suplanuota technin\u0117s prie\u017ei\u016bros strategija gali pailginti cilindro tarnavimo laik\u0105 ir padidinti bendr\u0105 \u012frangos patikimum\u0105.<\/p>\n<p><img decoding=\"async\" src=\"https:\/\/www.hydraulic-cylinders.net\/wp-content\/uploads\/2025\/04\/songte-oil-pipes-and-spare-parts.webp\" alt=\"Hidraulin\u0117s dalys ir priedai\"><\/p>\n<h2>Sandarinimas ir tepimas<\/h2>\n<p>Str\u0117l\u0117s cilindro efektyvum\u0105 labai veikia jo sandarinimo ir tepimo sistemos. Hidraulinio skys\u010dio sandarumui u\u017etikrinti naudojami \u012fvair\u016bs sandarikliai, tokie kaip st\u016bmokli\u0173 ir stryp\u0173 sandarikliai. D\u0117l savo atsparumo dilimui da\u017eniausiai naudojamos tokios med\u017eiagos kaip poliuretanas ir nitrilo kau\u010diukas. Cilindro ir sriegini\u0173 gal\u0173 pavir\u0161iai yra kruop\u0161\u010diai apdirbti, siekiant padidinti atsparum\u0105 dilimui. Reguliarus tepimas hidrauline alyva yra b\u016btinas norint i\u0161laikyti optimal\u0173 na\u0161um\u0105 ir suma\u017einti trint\u012f tarp judan\u010di\u0173 dali\u0173.<\/p>\n<h2>Prevencin\u0117s prie\u017ei\u016bros priemon\u0117s<\/h2>\n<ul>\n<li><strong>Reguliar\u016bs patikrinimai:<\/strong> Atlikite reguliarius patikrinimus, kad nustatytum\u0117te bet kokius nusid\u0117v\u0117jimo ar pa\u017eeidimo po\u017eymius, kurie gali pad\u0117ti i\u0161vengti rimtesni\u0173 problem\u0173 ateityje.<\/li>\n<li><strong>Tinkamas tepimas:<\/strong> U\u017etikrinkite, kad hidraulin\u0117s alyvos lygis b\u016bt\u0173 palaikomas, ir sutepkite judan\u010dias dalis pagal poreik\u012f, kad suma\u017eintum\u0117te trint\u012f ir pailgintum\u0117te tarnavimo laik\u0105.<\/li>\n<li><strong>Sandariklio keitimas:<\/strong> Reguliariai tikrinkite sandarikli\u0173 susid\u0117v\u0117jim\u0105 ir prireikus juos pakeiskite, kad i\u0161vengtum\u0117te nuot\u0117ki\u0173 ir palaikytum\u0117te hidraulin\u012f sl\u0117g\u012f.<\/li>\n<\/ul>\n<h2>\u012erengimo gair\u0117s<\/h2>\n<p>Tinkamas str\u0117l\u0117s cilindro montavimas yra labai svarbus jo veikimui. Pirmiausia \u012fsitikinkite, kad tvirtinimo pavir\u0161iai yra \u0161var\u016bs ir be \u0161iuk\u0161li\u0173. Kruop\u0161\u010diai sulygiuokite cilindr\u0105, kad i\u0161vengtum\u0117te nesuderinamumo, kuris gali sukelti prie\u0161laikin\u012f susid\u0117v\u0117jim\u0105 ar gedim\u0105. Cilindrui pritvirtinti naudokite tinkamus tvirtinimo laikiklius ir \u012fsitikinkite, kad jis yra tvirtai pritvirtintas. Sumontavus patikrinkite, ar n\u0117ra hidraulini\u0173 nuot\u0117ki\u0173, ir \u012fsitikinkite, kad hidraulin\u0117s linijos yra tinkamai prijungtos. \u0160i\u0173 veiksm\u0173 laikymasis pad\u0117s pasiekti optimal\u0173 str\u0117l\u0117s cilindro na\u0161um\u0105.<\/p>\n<h2>\u012eprastos prie\u017ei\u016bros u\u017eduotys<\/h2>\n<ul>\n<li><strong>Reguliar\u016bs patikrinimai:<\/strong> Da\u017eni patikrinimai gali pad\u0117ti nustatyti galimas problemas, kol jos netapo rimtomis. Ap\u017ei\u016br\u0117kite cilindr\u0105, ar n\u0117ra joki\u0173 sandarikli\u0173 nesandarumo ar fizin\u0117s \u017ealos po\u017eymi\u0173.<\/li>\n<li><strong>Tinkamas tepimas:<\/strong> \u012esitikinkite, kad str\u0117l\u0117s cilindras yra tinkamai suteptas tinkamo tipo hidrauline alyva, kad suma\u017eintum\u0117te vidini\u0173 komponent\u0173 susid\u0117v\u0117jim\u0105.<\/li>\n<li><strong>Sandariklio keitimas:<\/strong> Reguliariai keiskite sandariklius kaip prevencin\u0117s prie\u017ei\u016bros grafiko dal\u012f, kad palaikytum\u0117te hidraulin\u012f sl\u0117g\u012f ir efektyvum\u0105.<\/li>\n<\/ul>\n<h2>Saugos aspektai ir aplinkos veiksniai<\/h2>\n<p>Naudojant str\u0117l\u0117s cilindrus, labai svarbu laikytis saugos priemoni\u0173, kad b\u016bt\u0173 i\u0161vengta nelaiming\u0173 atsitikim\u0173 ir su\u017ealojim\u0173. Operatoriai tur\u0117t\u0173 b\u016bti apmokyti tinkamai elgtis su jais ir juos valdyti, kad b\u016bt\u0173 u\u017etikrintas saugus k\u0117limo ir perk\u0117limo darb\u0173 metu. Be to, reik\u0117t\u0173 atsi\u017evelgti \u012f hidraulini\u0173 skys\u010di\u0173 poveik\u012f aplinkai ir \u012fdiegti tinkamus j\u0173 \u0161alinimo b\u016bdus, kad b\u016bt\u0173 kuo labiau suma\u017einta \u017eala ekologijai.<\/p>\n<h2>Trik\u010di\u0173 \u0161alinimas ir da\u017eniausiai pasitaikan\u010dios problemos<\/h2>\n<ul>\n<li><strong>Hidrauliniai nuot\u0117kiai:<\/strong> Jei pasteb\u0117jote hidraulinio skys\u010dio lygio suma\u017e\u0117jim\u0105, patikrinkite, ar n\u0117ra sandarikli\u0173 ir jung\u010di\u0173, ir nedelsdami pakeiskite visas pa\u017eeistas dalis.<\/li>\n<li><strong>L\u0117tas veikimas:<\/strong> L\u0117tas str\u0117l\u0117s cilindro atsakas gali rodyti \u017eem\u0105 hidraulinio skys\u010dio lyg\u012f arba or\u0105 sistemoje. Patikrinkite ir prireikus papildykite hidraulinio skys\u010dio.<\/li>\n<li><strong>Ne\u012fprasti garsai:<\/strong> Jei eksploatacijos metu girdite girg\u017ed\u0117jim\u0105 ar kitus ne\u012fprastus garsus, nustokite naudoti \u012frang\u0105 ir patikrinkite, ar n\u0117ra vidini\u0173 pa\u017eeidim\u0173 ar nesuderinamumo.<\/li>\n<\/ul>\n<h2>Trik\u010di\u0173 \u0161alinimo patarimai<\/h2>\n<p>Nor\u0117dami efektyviai diagnozuoti ir i\u0161spr\u0119sti str\u0117l\u0117s cilindro problemas, pirmiausia patikrinkite hidraulinio skys\u010dio lyg\u012f ir patikrinkite, ar n\u0117ra nuot\u0117ki\u0173. Reguliarus prevencinis aptarnavimas gali pad\u0117ti suma\u017einti galimas problemas, pa\u0161alinant nusid\u0117v\u0117jim\u0105 prie\u0161 jam pa\u016bm\u0117jant. Tinkam\u0173 sand\u0117liavimo ir tvarkymo proced\u016br\u0173 \u012fgyvendinimas taip pat u\u017etikrins optimali\u0105 cilindro b\u016bkl\u0119.<\/p>\n<p><img decoding=\"async\" src=\"https:\/\/www.hydraulic-cylinders.net\/wp-content\/uploads\/2025\/04\/songte-bushings-with-all-kinds-of-excavator-models.webp\" alt=\"Ekskavatori\u0173 modeli\u0173 \u012fvor\u0117s\"><\/p>\n<h2>\u012emon\u0117s ap\u017evalga<\/h2>\n<p>Esame pirmaujantis pakaitini\u0173 hidraulini\u0173 cilindr\u0173 gamintojas, aptarnaujantis tiek vidaus, tiek tarptautin\u0119 rink\u0105. Platus gamini\u0173 asortimentas leid\u017eia mums b\u016bti vienais i\u0161 pirmaujan\u010di\u0173 hidraulini\u0173 cilindr\u0173 gamybos ir didmenin\u0117s prekybos sektoriaus konkurent\u0173. Laikom\u0117s grie\u017et\u0173 kokyb\u0117s standart\u0173, taikydami sud\u0117tingas gamybos valdymo strategijas. M\u016bs\u0173 kvalifikuota darbo j\u0117ga, pa\u017eangi skaitmenin\u0117 gamybos \u012franga ir profesionalios kontrol\u0117s sistemos nuolat tobulina m\u016bs\u0173 gamybos paj\u0117gumus, u\u017etikrindamos auk\u0161t\u0105 efektyvum\u0105, tikslum\u0105 ir kokyb\u0119, kad patenkintume \u012fvairius klient\u0173 poreikius.<\/p>\n<p><img decoding=\"async\" src=\"https:\/\/www.hydraulic-cylinders.net\/wp-content\/uploads\/2025\/04\/songte-company-4.webp\" alt=\"\u012emon\u0117s ap\u017evalga\"><br \/>\n<img decoding=\"async\" src=\"https:\/\/www.hydraulic-cylinders.net\/wp-content\/uploads\/2025\/04\/songte-company-3.webp\" alt=\"Gamybos \u012frenginiai\"><\/p>\n<p>Did\u017eiuojam\u0117s savo profesionalumu, tarptautiniais sertifikatais, individuali\u0173 paslaug\u0173 galimyb\u0117mis, moderniausia gamybos \u012franga ir i\u0161samia garantija po pardavimo.<\/p>\n<p>Autorius: lyl<\/p>","protected":false},"excerpt":{"rendered":"<p>Boom Cylinder For Zoomlion Large Excavator ZE700ESP Introduction to the Boom Cylinder The boom cylinder is a vital component in heavy machinery, particularly in excavators like the Zoomlion Large Excavator ZE700ESP. This hydraulic cylinder plays an essential role in controlling the movement of the boom arm, allowing it to lift, lower, and tilt as needed [&hellip;]<\/p>","protected":false},"featured_media":17870,"comment_status":"open","ping_status":"closed","template":"","meta":{"_et_pb_use_builder":"","_et_pb_old_content":"","_et_gb_content_width":""},"product_brand":[],"product_cat":[1546],"product_tag":[1547,1496],"class_list":{"0":"post-19229","1":"product","2":"type-product","3":"status-publish","4":"has-post-thumbnail","6":"product_cat-boom-cylinders","7":"product_tag-boom-cylinders","8":"product_tag-hydraulic-cylinders","10":"first","11":"instock","12":"shipping-taxable","13":"product-type-simple"},"amp_enabled":true,"_links":{"self":[{"href":"https:\/\/www.hydraulic-cylinders.net\/lt\/wp-json\/wp\/v2\/product\/19229","targetHints":{"allow":["GET"]}}],"collection":[{"href":"https:\/\/www.hydraulic-cylinders.net\/lt\/wp-json\/wp\/v2\/product"}],"about":[{"href":"https:\/\/www.hydraulic-cylinders.net\/lt\/wp-json\/wp\/v2\/types\/product"}],"replies":[{"embeddable":true,"href":"https:\/\/www.hydraulic-cylinders.net\/lt\/wp-json\/wp\/v2\/comments?post=19229"}],"wp:featuredmedia":[{"embeddable":true,"href":"https:\/\/www.hydraulic-cylinders.net\/lt\/wp-json\/wp\/v2\/media\/17870"}],"wp:attachment":[{"href":"https:\/\/www.hydraulic-cylinders.net\/lt\/wp-json\/wp\/v2\/media?parent=19229"}],"wp:term":[{"taxonomy":"product_brand","embeddable":true,"href":"https:\/\/www.hydraulic-cylinders.net\/lt\/wp-json\/wp\/v2\/product_brand?post=19229"},{"taxonomy":"product_cat","embeddable":true,"href":"https:\/\/www.hydraulic-cylinders.net\/lt\/wp-json\/wp\/v2\/product_cat?post=19229"},{"taxonomy":"product_tag","embeddable":true,"href":"https:\/\/www.hydraulic-cylinders.net\/lt\/wp-json\/wp\/v2\/product_tag?post=19229"}],"curies":[{"name":"wp","href":"https:\/\/api.w.org\/{rel}","templated":true}]}}