{"id":1924,"date":"2023-10-20T06:11:20","date_gmt":"2023-10-20T06:11:20","guid":{"rendered":"https:\/\/hydraulic-cylinders.net\/?post_type=product&#038;p=1924"},"modified":"2023-10-20T06:22:44","modified_gmt":"2023-10-20T06:22:44","slug":"hp3g-series-axial-piston-variable-displacement-hydraulic-pump","status":"publish","type":"product","link":"https:\/\/www.hydraulic-cylinders.net\/lt\/produktas\/hp3g-series-axial-piston-variable-displacement-hydraulic-pump\/","title":{"rendered":"HP3G serijos a\u0161inis st\u016bmoklinis kintamo t\u016brio hidraulinis siurblys"},"content":{"rendered":"<h1 style=\"text-align: center;\"><strong>HP3G serijos a\u0161inis st\u016bmoklinis kintamo t\u016brio hidraulinis siurblys<\/strong><\/h1>\n<p><img loading=\"lazy\" decoding=\"async\" class=\"aligncenter wp-image-1947\" src=\"https:\/\/hydraulic-cylinders.net\/wp-content\/uploads\/2023\/10\/hp3g-series-axial-piston-variable-displacement-pump-1-300x300.webp\" alt=\"\" width=\"400\" height=\"400\" \/><\/p>\n<p>HP3G serijos a\u0161inis st\u016bmoklinis kintamo t\u016brio hidraulinis siurblys yra pa\u017eangus hidraulinis sprendimas, apjungiantis gali\u0105, efektyvum\u0105 ir universalum\u0105. Sukurtas atsi\u017evelgiant \u012f \u0161iuolaikini\u0173 pramonini\u0173 pritaikym\u0173 poreikius, \u0161is siurblys pasi\u017eymi i\u0161skirtiniu na\u0161umu \u012fvairiose hidraulin\u0117se sistemose. \u0160iame informatyviame straipsnyje bus nagrin\u0117jamos pagrindin\u0117s HP3G serijos a\u0161inio st\u016bmoklinio kintamo t\u016brio hidraulinio siurblio savyb\u0117s, naudojimo b\u016bdai ir prie\u017ei\u016bros gair\u0117s.<\/p>\n<p>HP3G serijos a\u0161inis st\u016bmoklinis kintamo t\u016brio hidraulinis siurblys yra galingas ir efektyvus sprendimas hidraulin\u0117ms sistemoms. D\u0117l kintamo t\u016brio technologijos, didelio sl\u0117gio ir kompakti\u0161kos konstrukcijos \u0161is siurblys u\u017etikrina i\u0161skirtin\u012f na\u0161um\u0105 \u012fvairiose srityse. Laikantis rekomenduojam\u0173 naudojimo metod\u0173 ir reguliarios prie\u017ei\u016bros praktikos, HP3G serijos hidraulinis siurblys ir toliau u\u017etikrins puik\u0173 na\u0161um\u0105, prisid\u0117damas prie hidraulini\u0173 sistem\u0173 s\u0117km\u0117s. I\u0161naudokite HP3G serijos a\u0161inio st\u016bmoklinio kintamo t\u016brio hidraulinio siurblio gali\u0105 ir efektyvum\u0105, kad i\u0161naudotum\u0117te vis\u0105 savo hidraulin\u0117s sistemos potencial\u0105.<\/p>\n<p>HP3G serijos a\u0161inio st\u016bmoklinio kintamo t\u016brio hidraulinio siurblio pagrindin\u0117s charakteristikos:<\/p>\n<ol>\n<li>Kintamo t\u016brio technologija: HP3G serijos hidraulinis siurblys apr\u016bpintas pa\u017eangia kintamo t\u016brio technologija, leid\u017eian\u010dia tiksliai reguliuoti hidraulinio siurblio i\u0161\u0117jimo t\u016br\u012f. \u0160i funkcija optimizuoja energijos suvartojim\u0105, padidina sistemos efektyvum\u0105 ir suma\u017eina eksploatavimo i\u0161laidas.<\/li>\n<li>Auk\u0161to sl\u0117gio galimyb\u0117s: HP3G serijos hidraulinis siurblys puikiai tinka auk\u0161to sl\u0117gio sistemoms d\u0117l tvirtos a\u0161inio st\u016bmoklio konstrukcijos. Jis u\u017etikrina pastov\u0173 na\u0161um\u0105 sud\u0117tingomis s\u0105lygomis, u\u017etikrindamas patikim\u0105 veikim\u0105 ir efektyv\u0173 galios perdavim\u0105.<\/li>\n<li>Kompakti\u0161kas ir lengvas dizainas: D\u0117l kompakti\u0161ko ir lengvo HP3G serijos hidraulinio siurblio dizaino j\u012f lengva integruoti \u012f \u012fvairias hidraulines sistemas. D\u0117l vietos taupymo savybi\u0173 j\u012f galima lanks\u010diai montuoti, ypa\u010d tais atvejais, kai erdv\u0117 ribota.<\/li>\n<li>Platus pritaikymo spektras: HP3G serijos hidraulinis siurblys yra labai universalus, tod\u0117l tinka \u012fvairioms pramon\u0117s \u0161akoms, \u012fskaitant statyb\u0105, \u017eem\u0117s \u016bk\u012f, med\u017eiag\u0173 tvarkym\u0105 ir kt. D\u0117l prisitaikymo prie skirting\u0173 darbo s\u0105lyg\u0173 ir reikalavim\u0173 jis yra ne\u012fkainojamas hidraulini\u0173 sistem\u0173 turtas visame pasaulyje.<\/li>\n<\/ol>\n<h2><strong>HP3G serijos a\u0161inio st\u016bmoklio kintamo t\u016brio hidraulinio siurblio parametras:<\/strong><\/h2>\n<table class=\"table table-bordered table-hover table-colored\" data-sort=\"sortDisabled\">\n<tbody>\n<tr class=\"firstRow\">\n<td colspan=\"1\" rowspan=\"2\" align=\"center\" valign=\"middle\">Dydis<\/td>\n<td rowspan=\"2\" align=\"center\" valign=\"middle\">Darbinis t\u016bris cm\u00b3\/aps.<\/td>\n<td colspan=\"2\" rowspan=\"1\" align=\"center\" valign=\"middle\">Sl\u0117gio baras<\/td>\n<td colspan=\"2\" rowspan=\"1\" align=\"center\" valign=\"middle\">Sukimosi greitis aps.\/min.<\/td>\n<\/tr>\n<tr>\n<td align=\"center\" valign=\"middle\">\u012evertintas<\/td>\n<td align=\"center\" valign=\"middle\">Piko<\/td>\n<td align=\"center\" valign=\"middle\">\u012evertintas<\/td>\n<td align=\"center\" valign=\"middle\">Maks.<sup>*2<\/sup><\/td>\n<\/tr>\n<tr>\n<td align=\"center\" valign=\"middle\">HP3G28<\/td>\n<td align=\"center\" valign=\"middle\">28<\/td>\n<td align=\"center\" valign=\"middle\">345<\/td>\n<td align=\"center\" valign=\"middle\">380<\/td>\n<td align=\"center\" valign=\"middle\">3400<\/td>\n<td align=\"center\" valign=\"middle\">4000<\/td>\n<\/tr>\n<tr>\n<td align=\"center\" valign=\"middle\">HP3G32<\/td>\n<td align=\"center\" valign=\"middle\">32<\/td>\n<td align=\"center\" valign=\"middle\">345<\/td>\n<td align=\"center\" valign=\"middle\">380<\/td>\n<td align=\"center\" valign=\"middle\">3400<\/td>\n<td align=\"center\" valign=\"middle\">4000<\/td>\n<\/tr>\n<tr>\n<td align=\"center\" valign=\"middle\">HP3G46<\/td>\n<td align=\"center\" valign=\"middle\">46<\/td>\n<td align=\"center\" valign=\"middle\">345<\/td>\n<td align=\"center\" valign=\"middle\">385<\/td>\n<td align=\"center\" valign=\"middle\">3000<\/td>\n<td align=\"center\" valign=\"middle\">4100<\/td>\n<\/tr>\n<\/tbody>\n<\/table>\n<h2><strong>HP3G serijos a\u0161inio st\u016bmoklinio kintamo t\u016brio hidraulinio siurblio privalumai:<\/strong><\/h2>\n<p>\u2022 Naudojamas auk\u0161to sl\u0117gio u\u017edaros grandin\u0117s hidraulin\u0117se sistemose<br \/>\n\u2022 Srauto greitis yra proporcingas pavaros grei\u010diui ir poslinkiui, ir gali b\u016bti be galo reguliuojamas<br \/>\n\u2022 Auk\u0161to sl\u0117gio apsauginis vo\u017etuvas siurblio auk\u0161to sl\u0117gio pus\u0117je<br \/>\n\u2022 Integruotas alyvos tiekimo siurblys, kuris au\u0161ina ir papildo sistem\u0105 alyva<br \/>\n\u2022 Didelis patikimumas, ilgas tarnavimo laikas, didelis galios ir svorio santykis<\/p>\n<h2><strong>HP3G serijos a\u0161inis st\u016bmoklinis kintamo t\u016brio hidraulinis siurblys <\/strong><strong>Taikymas:<\/strong><\/h2>\n<p><img loading=\"lazy\" decoding=\"async\" class=\"alignnone wp-image-1950 size-full\" src=\"https:\/\/hydraulic-cylinders.net\/wp-content\/uploads\/2023\/10\/hp3g-series-axial-piston-variable-displacement-pump-2.webp\" alt=\"\" width=\"1140\" height=\"217\" srcset=\"https:\/\/hydraulic-cylinders.net\/wp-content\/uploads\/2023\/10\/hp3g-series-axial-piston-variable-displacement-pump-2.webp 1140w, https:\/\/hydraulic-cylinders.net\/wp-content\/uploads\/2023\/10\/hp3g-series-axial-piston-variable-displacement-pump-2-980x187.webp 980w, https:\/\/hydraulic-cylinders.net\/wp-content\/uploads\/2023\/10\/hp3g-series-axial-piston-variable-displacement-pump-2-480x91.webp 480w\" sizes=\"(min-width: 0px) and (max-width: 480px) 480px, (min-width: 481px) and (max-width: 980px) 980px, (min-width: 981px) 1140px, 100vw\" \/><\/p>\n<h2><strong>HP3G serijos a\u0161inio st\u016bmoklinio kintamo t\u016brio hidraulinio siurblio naudojimo b\u016bdas<\/strong><strong>:<\/strong><\/h2>\n<ul>\n<li><strong>Siurblio montavimas:<\/strong> Pasirinkite tinkam\u0105 viet\u0105 hidraulin\u0117je sistemoje, kad sumontuotum\u0117te HP3G serijos a\u0161inio st\u016bmoklio kintamo t\u016brio hidraulin\u012f siurbl\u012f. \u012esitikinkite, kad jis tinkamai sulygiuotas, ir tvirtai pritvirtinkite siurbl\u012f prie sistemos konstrukcijos naudodami tinkamus tvirtinimo laikiklius arba priedus.<\/li>\n<li><strong>Skys\u010di\u0173 suderinamumas:<\/strong> Patikrinkite, ar sistemoje naudojamas hidraulinis skystis suderinamas su HP3G serijos hidrauliniu siurbliu. \u017dr. gamintojo rekomendacijas d\u0117l atitinkamo skys\u010dio tipo, klampumo ir temperat\u016bros diapazono. Reguliariai steb\u0117kite ir pri\u017ei\u016br\u0117kite hidraulin\u012f skyst\u012f, kad u\u017etikrintum\u0117te tinkam\u0105 hidraulinio siurblio veikim\u0105 ir ilgaam\u017ei\u0161kum\u0105.<\/li>\n<li><strong>Integracija su hidrauline sistema:<\/strong> Prijunkite hidraulin\u012f siurbl\u012f prie hidraulin\u0117s sistemos naudodami suderinamas \u017earnas, jungiam\u0105sias detales ir vo\u017etuvus. \u012esitikinkite, kad visos jungtys yra tvirtos, be nuot\u0117ki\u0173 ir tinkamai priver\u017etos, kad b\u016bt\u0173 u\u017etikrintas optimalus hidraulinis veikimas.<\/li>\n<li><strong>Veikimo parametrai:<\/strong> Susipa\u017einkite su hidraulinio siurblio valdymo parinktimis ir pakoreguokite veikimo parametrus pagal konkre\u010dius hidraulin\u0117s sistemos reikalavimus. Steb\u0117kite ir keiskite siurblio t\u016brio nustatymus, kad optimizuotum\u0117te na\u0161um\u0105 ir energijos vartojimo efektyvum\u0105.<\/li>\n<\/ul>\n<h2><strong>Kaip patikrinti, ar hidraulinis cilindras nesandarus i\u0161 vidaus?<\/strong><\/h2>\n<p>Hidraulinio cilindro vidini\u0173 nuot\u0117ki\u0173 tikrinimas yra svarbi prie\u017ei\u016bros u\u017eduotis, siekiant u\u017etikrinti tinkam\u0105 veikim\u0105 ir i\u0161vengti galim\u0173 problem\u0173. \u0160tai nuoseklus vadovas, kaip patikrinti, ar hidraulinis cilindras nesandarus:<\/p>\n<ol>\n<li><strong>Saugumas pirmiausia:<\/strong> Prie\u0161 atlikdami bet kokius technin\u0117s prie\u017ei\u016bros darbus, \u012fsitikinkite, kad hidraulin\u0117je sistemoje n\u0117ra sl\u0117gio ir kad visi maitinimo \u0161altiniai yra atjungti, kad i\u0161vengtum\u0117te nelaiming\u0173 atsitikim\u0173.<\/li>\n<li><strong>Vizualin\u0117 ap\u017ei\u016bra:<\/strong> Prad\u0117kite vizualiai ap\u017ei\u016br\u0117dami hidraulinio cilindro i\u0161or\u0119, ar n\u0117ra alyvos nuot\u0117kio po\u017eymi\u0173. Ie\u0161kokite alyvos d\u0117mi\u0173, la\u0161\u0173 ar \u0161lapi\u0173 d\u0117mi\u0173 aplink cilindro korpus\u0105, stryp\u0105 ir sandariklius. I\u0161oriniai nuot\u0117kiai taip pat gali rodyti vidinius nuot\u0117kius.<\/li>\n<li><strong>Cilindro atitraukimas:<\/strong> Visi\u0161kai i\u0161skleiskite hidraulin\u012f cilindr\u0105, o tada j\u012f visi\u0161kai sutraukite. Steb\u0117kite, ar i\u0161skleidimo ar sutraukimo metu n\u0117ra pastebim\u0173 grei\u010dio ar pasiprie\u0161inimo poky\u010di\u0173. Ne\u012fprastai l\u0117tas arba tr\u016bk\u010diojantis jud\u0117jimas gali b\u016bti vidinio nuot\u0117kio po\u017eymis.<\/li>\n<li><strong>Laikyti pozicij\u0105:<\/strong> I\u0161tieskite cilindr\u0105 \u012f tam tikr\u0105 pad\u0117t\u012f ir palaikykite j\u012f toje pad\u0117tyje kur\u012f laik\u0105, pavyzd\u017eiui, kelias minutes ar valand\u0105. Steb\u0117kite, ar cilindras i\u0161laiko savo pad\u0117t\u012f nejud\u0117damas. Slinkimas arba laipsni\u0161kas jud\u0117jimas rodo vidin\u012f nuot\u0117k\u012f.<\/li>\n<li><strong>Cilindro dreifo bandymas:<\/strong> Atlikite cilindro dreifo bandym\u0105 visi\u0161kai i\u0161tiesdami cilindr\u0105 ir u\u017edarydami valdymo vo\u017etuv\u0105, kad izoliuotum\u0117te cilindr\u0105 nuo hidraulin\u0117s sistemos. Steb\u0117kite cilindro pad\u0117t\u012f ilgesn\u012f laik\u0105, pavyzd\u017eiui, kelias valandas, kad patikrintum\u0117te, ar jis nejuda. Jei cilindras dreifuoja arba juda l\u0117tai, tai rodo vidin\u012f nuot\u0117k\u012f.<\/li>\n<li><strong>Sl\u0117gio kritimo bandymas:<\/strong> Prijunkite manometr\u0105 prie hidraulin\u0117s sistemos ir padidinkite sl\u0117g\u012f iki maksimalaus darbinio sl\u0117gio. U\u017edarykite valdymo vo\u017etuv\u0105, kad izoliuotum\u0117te cilindr\u0105. Steb\u0117kite manometr\u0105, ar laikui b\u0117gant n\u0117ra reik\u0161mingo sl\u0117gio kritimo. Staigus sl\u0117gio kritimas rodo vidin\u012f nuot\u0117k\u012f.<\/li>\n<li><strong>I\u0161ardymas ir ap\u017ei\u016bra:<\/strong> Jei \u012ftariate vidin\u012f nuot\u0117k\u012f, bet ankstesni\u0173 bandym\u0173 metu jo nenustat\u0117te, gali tekti i\u0161ardyti hidraulin\u012f cilindr\u0105, kad b\u016bt\u0173 atliktas i\u0161samesnis patikrinimas. Nor\u0117dami u\u017etikrinti tinkam\u0105 i\u0161ardym\u0105 ir surinkim\u0105, perskaitykite gamintojo nurodymus arba kreipkit\u0117s \u012f kvalifikuot\u0105 specialist\u0105.<\/li>\n<li><strong>Plomb\u0173 patikrinimas:<\/strong> Patikrinkite cilindro sandariklius, \u012fskaitant st\u016bmoklio sandarikl\u012f, koto sandarikl\u012f ir liaukos sandariklius, ar n\u0117ra koki\u0173 nors pa\u017eeidim\u0173, susid\u0117v\u0117jimo ar gedimo po\u017eymi\u0173. Pa\u017eeisti arba susid\u0117v\u0117j\u0119 sandarikliai gali sukelti vidinius nuot\u0117kius. Pakeiskite visus sugedusius sandariklius tinkamais pakaitiniais.<\/li>\n<li><strong>Surinkimas ir bandymas:<\/strong> Atlik\u0119 reikiamus patikrinimus ar remont\u0105, surinkite hidraulin\u012f cilindr\u0105 ir atlikite galutin\u012f veikimo bandym\u0105. Atlikite auk\u0161\u010diau min\u0117tus bandymus, kad \u012fsitikintum\u0117te, jog vidiniai nuot\u0117kiai pa\u0161alinti ir cilindras veikia tinkamai.<\/li>\n<\/ol>\n<h2><strong>Gamyklos paj\u0117gumai ir talpa:<\/strong><\/h2>\n<h3>(1) Surinkimas<\/h3>\n<p>Turime pirmos klas\u0117s nepriklausom\u0105 tyrim\u0173 ir pl\u0117tros surinkimo platform\u0105. Hidraulini\u0173 cilindr\u0173 gamybos ceche yra keturios pusiau automatin\u0117s k\u0117limo cilindr\u0173 surinkimo linijos ir viena automatin\u0117 pakreipimo cilindr\u0173 surinkimo linija, kuri\u0173 projektinis metinis gamybos paj\u0117gumas yra 1 milijonas vienet\u0173. Speciali\u0173j\u0173 cilindr\u0173 ceche \u012frengta \u012fvairi\u0173 specifikacij\u0173 pusiau automatin\u0117 valymo surinkimo sistema, kurios projektinis metinis gamybos paj\u0117gumas yra 200 000 vienet\u0173, ir garsi CNC apdirbimo \u012franga, apdirbimo centras, didelio tikslumo cilindr\u0173 apdirbimo speciali \u012franga, robotinis suvirinimo aparatas, automatinis valymo aparatas, automatinis cilindr\u0173 surinkimo aparatas ir automatin\u0117 da\u017eymo gamybos linija. Esama daugiau nei 300 rinkini\u0173 (komplekt\u0173) kritin\u0117 \u012franga. Optimalus \u012frangos i\u0161tekli\u0173 paskirstymas ir efektyvus naudojimas u\u017etikrina gamini\u0173 tikslumo reikalavimus ir auk\u0161tus gamini\u0173 kokyb\u0117s poreikius.<\/p>\n<p><img loading=\"lazy\" decoding=\"async\" class=\"alignnone wp-image-626\" src=\"https:\/\/hydraulic-cylinders.net\/wp-content\/uploads\/2023\/08\/hydraulic-cylinder-product-1-300x158.webp\" alt=\"\" width=\"495\" height=\"260\" srcset=\"https:\/\/hydraulic-cylinders.net\/wp-content\/uploads\/2023\/08\/hydraulic-cylinder-product-1-300x158.webp 495w, https:\/\/hydraulic-cylinders.net\/wp-content\/uploads\/2023\/08\/hydraulic-cylinder-product-1-480x252.webp 480w\" sizes=\"(min-width: 0px) and (max-width: 480px) 480px, (min-width: 481px) 495px, 100vw\" \/> <img loading=\"lazy\" decoding=\"async\" class=\"alignnone wp-image-627\" src=\"https:\/\/hydraulic-cylinders.net\/wp-content\/uploads\/2023\/08\/hydraulic-cylinder-product-2-300x189.webp\" alt=\"\" width=\"413\" height=\"260\" \/><\/p>\n<h3>(2) Apdirbimas<\/h3>\n<p>Mechaninio apdirbimo ceche \u012frengtas pritaikytas nuo\u017eulnaus b\u0117gio tekinimo centras, apdirbimo centras, greitaeigis galandimo stakl\u0117s, suvirinimo robotas ir kita susijusi \u012franga, galinti apdirbti cilindrinius vamzd\u017eius, kuri\u0173 maksimalus vidinis skersmuo yra 400 mm, o maksimalus ilgis \u2013 6 metrai.<\/p>\n<p><img loading=\"lazy\" decoding=\"async\" class=\"alignnone wp-image-628 size-large\" src=\"https:\/\/hydraulic-cylinders.net\/wp-content\/uploads\/2023\/08\/hydraulic-cylinder-product-3-1024x391.webp\" alt=\"\" width=\"1024\" height=\"391\" srcset=\"https:\/\/hydraulic-cylinders.net\/wp-content\/uploads\/2023\/08\/hydraulic-cylinder-product-3-980x374.webp 980w, https:\/\/hydraulic-cylinders.net\/wp-content\/uploads\/2023\/08\/hydraulic-cylinder-product-3-480x183.webp 480w\" sizes=\"(min-width: 0px) and (max-width: 480px) 480px, (min-width: 481px) and (max-width: 980px) 980px, (min-width: 981px) 1024px, 100vw\" \/><\/p>\n<h3>(3) Suvirinimas<\/h3>\n<p><img loading=\"lazy\" decoding=\"async\" class=\"alignnone wp-image-629 size-large\" src=\"https:\/\/hydraulic-cylinders.net\/wp-content\/uploads\/2023\/08\/hydraulic-cylinder-product-4-1024x510.webp\" alt=\"\" width=\"1024\" height=\"510\" srcset=\"https:\/\/hydraulic-cylinders.net\/wp-content\/uploads\/2023\/08\/hydraulic-cylinder-product-4-980x488.webp 980w, https:\/\/hydraulic-cylinders.net\/wp-content\/uploads\/2023\/08\/hydraulic-cylinder-product-4-480x239.webp 480w\" sizes=\"(min-width: 0px) and (max-width: 480px) 480px, (min-width: 481px) and (max-width: 980px) 980px, (min-width: 981px) 1024px, 100vw\" \/><\/p>\n<h3>(4) Da\u017eymas ir dengimas<\/h3>\n<p>Su ma\u017eomis ir vidutinio dyd\u017eio cilindrin\u0117mis automatin\u0117mis vandens pagrindo da\u017e\u0173 dengimo linijomis, siekiant automatinio robot\u0173 pakrovimo ir i\u0161krovimo bei automatinio pur\u0161kimo, projektinis paj\u0117gumas yra 4000 vienet\u0173 per pamain\u0105;<br \/>\nTaip pat turime pusiau automatin\u0119 dideli\u0173 cilindr\u0173 da\u017e\u0173 gamybos linij\u0105, varom\u0105 grandin\u0117s, kurios projektinis na\u0161umas yra 60 d\u0117\u017ei\u0173 per pamain\u0105.<\/p>\n<p><img loading=\"lazy\" decoding=\"async\" class=\"alignnone wp-image-630\" src=\"https:\/\/hydraulic-cylinders.net\/wp-content\/uploads\/2023\/08\/hydraulic-cylinder-product-5-300x213.webp\" alt=\"\" width=\"366\" height=\"260\" \/> <img loading=\"lazy\" decoding=\"async\" class=\"alignnone wp-image-631\" src=\"https:\/\/hydraulic-cylinders.net\/wp-content\/uploads\/2023\/08\/hydraulic-cylinder-product-6-300x225.webp\" alt=\"\" width=\"347\" height=\"260\" \/><\/p>\n<h3>(5) Testavimas<\/h3>\n<p>Turime auk\u0161\u010diausios klas\u0117s patikros patalpas ir bandym\u0173 stendus, kad u\u017etikrintume, jog baliono veikimas atitinka reikalavimus.<\/p>\n<p><img loading=\"lazy\" decoding=\"async\" class=\"alignnone wp-image-632\" src=\"https:\/\/hydraulic-cylinders.net\/wp-content\/uploads\/2023\/08\/hydraulic-cylinder-product-8-300x200.webp\" alt=\"\" width=\"389\" height=\"260\" \/><\/p>\n<p>&nbsp;<\/p>\n<p>&nbsp;<\/p>\n<p>Esame vienas geriausi\u0173 hidraulini\u0173 cilindr\u0173 gamintoj\u0173. Galime pasi\u016blyti i\u0161samius hidraulinius cilindrus. Taip pat teikiame atitinkamus <a href=\"https:\/\/hzpt.com\/agricultural-pto-gearbox\/\" target=\"_blank\" rel=\"noopener\">\u017eem\u0117s \u016bkio pavar\u0173 d\u0117\u017e\u0117s<\/a>Mes eksportuojame savo gaminius klientams visame pasaulyje ir peln\u0117me ger\u0105 reputacij\u0105 d\u0117l auk\u0161\u010diausios gamini\u0173 kokyb\u0117s ir aptarnavimo po pardavimo. Mes laukiame klient\u0173 \u0161alyje ir u\u017esienyje, norin\u010di\u0173 susisiekti su mumis der\u0117tis d\u0117l verslo, keistis informacija ir... <a href=\"https:\/\/www.hydraulic-cylinders.net\/lt\/contact-us\/\">bendradarbiauti su mumis<\/a>!<\/p>\n<p>&nbsp;<\/p>","protected":false},"excerpt":{"rendered":"<p>HP3G Series Axial Piston Variable Displacement Hydraulic Pump The HP3G series axial piston variable displacement hydraulic pump is a cutting-edge hydraulic solution that combines power, efficiency, and versatility. Designed to meet the demands of modern industrial applications, this pump delivers exceptional performance in a wide range of hydraulic systems. This informative article will explore the [&hellip;]<\/p>","protected":false},"featured_media":1948,"comment_status":"open","ping_status":"closed","template":"","meta":{"_et_pb_use_builder":"","_et_pb_old_content":"","_et_gb_content_width":""},"product_brand":[],"product_cat":[1425],"product_tag":[],"class_list":{"0":"post-1924","1":"product","2":"type-product","3":"status-publish","4":"has-post-thumbnail","6":"product_cat-piston-pump","8":"first","9":"instock","10":"shipping-taxable","11":"product-type-simple"},"amp_enabled":true,"_links":{"self":[{"href":"https:\/\/www.hydraulic-cylinders.net\/lt\/wp-json\/wp\/v2\/product\/1924","targetHints":{"allow":["GET"]}}],"collection":[{"href":"https:\/\/www.hydraulic-cylinders.net\/lt\/wp-json\/wp\/v2\/product"}],"about":[{"href":"https:\/\/www.hydraulic-cylinders.net\/lt\/wp-json\/wp\/v2\/types\/product"}],"replies":[{"embeddable":true,"href":"https:\/\/www.hydraulic-cylinders.net\/lt\/wp-json\/wp\/v2\/comments?post=1924"}],"wp:featuredmedia":[{"embeddable":true,"href":"https:\/\/www.hydraulic-cylinders.net\/lt\/wp-json\/wp\/v2\/media\/1948"}],"wp:attachment":[{"href":"https:\/\/www.hydraulic-cylinders.net\/lt\/wp-json\/wp\/v2\/media?parent=1924"}],"wp:term":[{"taxonomy":"product_brand","embeddable":true,"href":"https:\/\/www.hydraulic-cylinders.net\/lt\/wp-json\/wp\/v2\/product_brand?post=1924"},{"taxonomy":"product_cat","embeddable":true,"href":"https:\/\/www.hydraulic-cylinders.net\/lt\/wp-json\/wp\/v2\/product_cat?post=1924"},{"taxonomy":"product_tag","embeddable":true,"href":"https:\/\/www.hydraulic-cylinders.net\/lt\/wp-json\/wp\/v2\/product_tag?post=1924"}],"curies":[{"name":"wp","href":"https:\/\/api.w.org\/{rel}","templated":true}]}}