{"id":19255,"date":"2025-04-07T06:23:08","date_gmt":"2025-04-07T06:23:08","guid":{"rendered":"https:\/\/www.hydraulic-cylinders.net\/product\/boom-cylinder-for-lishide-small-excavator-sc85-8\/"},"modified":"2025-04-07T06:23:11","modified_gmt":"2025-04-07T06:23:11","slug":"boom-cylinder-for-lishide-small-excavator-sc85-8","status":"publish","type":"product","link":"https:\/\/www.hydraulic-cylinders.net\/lt\/produktas\/boom-cylinder-for-lishide-small-excavator-sc85-8\/","title":{"rendered":"Lishide ma\u017eo ekskavatoriaus SC85.8 str\u0117l\u0117s cilindras"},"content":{"rendered":"<h1>Lishide ma\u017eo ekskavatoriaus SC85.8 str\u0117l\u0117s cilindras<\/h1>\n<h2>Produkto ap\u017evalga<\/h2>\n<p>\u201eLishide\u201c ma\u017eo ekskavatoriaus SC85.8 str\u0117l\u0117s cilindras yra specializuotas hidraulinis cilindras, skirtas valdyti ekskavatoriaus str\u0117l\u0117s jud\u0117jim\u0105. \u0160is komponentas yra labai svarbus efektyviam \u012fvairi\u0173 sunki\u0173j\u0173 ma\u0161in\u0173, naudojam\u0173 statybose, \u017eem\u0117s \u016bkyje ir kitose pramon\u0117s \u0161akose, veikimui. Kau\u0161o cilindras leid\u017eia str\u0117lei kelti, nuleisti ir pakreipti, o tai \u017eymiai palengvina med\u017eiag\u0173 tvarkymo u\u017eduotis.<\/p>\n<p><img decoding=\"async\" src=\"https:\/\/www.hydraulic-cylinders.net\/wp-content\/uploads\/2025\/04\/songte-company-1.webp\" alt=\"Ekskavatori\u0173 str\u0117l\u0117s cilindras\" \/><\/p>\n<h3>Apibr\u0117\u017eimas ir tikslas<\/h3>\n<p>Kau\u0161o cilindras yra hidraulinio cilindro tipas, specialiai sukurtas naudoti sunkiojoje technikoje. Jo pagrindin\u0117 funkcija yra reguliuoti ekskavatoriaus kau\u0161o jud\u0117jim\u0105. Naudodamas hidraulin\u012f sl\u0117g\u012f, kau\u0161o cilindras leid\u017eia tiksliai valdyti ma\u0161inos k\u0117limo ir kasimo veiksmus. Tai b\u016btina atliekant tokias u\u017eduotis kaip tran\u0161\u0117j\u0173 kasimas, med\u017eiag\u0173 krovimas ir \u0161iuk\u0161li\u0173 perk\u0117limas. Hidraulin\u0117 sistema padidina \u0161i\u0173 operacij\u0173 efektyvum\u0105 ir veiksmingum\u0105, tod\u0117l ji yra nepakei\u010diama \u0161iuolaikin\u0117s statybos \u012frangos dalis.<\/p>\n<h2>Pagrindin\u0117s savyb\u0117s<\/h2>\n<ul>\n<li><strong>Didelis stiprumas ir ilgaam\u017ei\u0161kumas:<\/strong> Pagaminti i\u0161 didelio stiprumo plieno arba aliuminio, \u0161ie cilindrai gali atlaikyti auk\u0161t\u0105 sl\u0117g\u012f ir dideles apkrovas, tod\u0117l tinkami naudoti at\u0161iauriomis darbo s\u0105lygomis.<\/li>\n<li><strong>Efektyvus hidraulinis valdymas:<\/strong> Hidraulin\u0117s alyvos sl\u0117gis u\u017etikrina skland\u0173 i\u0161pl\u0117tim\u0105 ir atitraukim\u0105, suteikdamas galing\u0105 st\u016bmimo ir traukimo j\u0117g\u0105, reikaling\u0105 sunkiems daiktams kelti.<\/li>\n<li><strong>\u012evair\u016bs tipai:<\/strong> Galima \u012fsigyti vienpusio arba dvipusio veikimo konfig\u016bracij\u0173, tod\u0117l galima lanks\u010diai prisitaikyti prie eksploatacini\u0173 reikalavim\u0173. Kai kurie modeliai yra teleskopiniai, tod\u0117l pasiekiamas didesnis atstumas nepadidinant i\u0161orini\u0173 matmen\u0173.<\/li>\n<li><strong>Padidintas atsparumas dilimui:<\/strong> \u0160ie cilindrai, sukurti atsi\u017evelgiant \u012f ilgaam\u017ei\u0161kum\u0105, da\u017enai padengti apsaugin\u0117mis dangomis, kurios atsparios dilimui ir korozijai, taip pailgindamos j\u0173 tarnavimo laik\u0105.<\/li>\n<li><strong>Lengva prie\u017ei\u016bra:<\/strong> \u0160i konstrukcija palengvina prie\u017ei\u016bros procesus, u\u017etikrinant optimal\u0173 na\u0161um\u0105 laikui b\u0117gant.<\/li>\n<\/ul>\n<h2>Gamybos paj\u0117gumai<\/h2>\n<p>M\u016bs\u0173 \u012fmon\u0117 specializuojasi auk\u0161tos kokyb\u0117s hidraulini\u0173 cilindr\u0173 gamyboje, \u012fskaitant ir tuos, kurie puikiai pakei\u010dia esamus modelius. M\u016bs\u0173 gaminiai yra sukurti taip, kad atitikt\u0173 grie\u017etus standartus, u\u017etikrinant suderinamum\u0105 ir na\u0161um\u0105 \u012fvairiose srityse.<\/p>\n<p><img decoding=\"async\" src=\"https:\/\/www.hydraulic-cylinders.net\/wp-content\/uploads\/2025\/04\/songte-cylinder-head-with-all-kinds-excavator-models.webp\" alt=\"Hidraulini\u0173 cilindr\u0173 gamyba\" \/><\/p>\n<h2>Taikymo scenarijai<\/h2>\n<h3>Statybin\u0117 \u012franga<\/h3>\n<p>Statybin\u0117se ma\u0161inose str\u0117l\u0117s cilindras yra gyvybi\u0161kai svarbus ekskavatoriams, padedantis kasti, krauti ir perkelti grunt\u0105 ar \u0161iuk\u0161les. Jis suteikia reikiam\u0105 j\u0117g\u0105 \u012fsiskverbti \u012f \u012fvairias med\u017eiagas, tod\u0117l yra b\u016btinas efektyviam projekto u\u017ebaigimui.<\/p>\n<h3>\u017dem\u0117s \u016bkio technika<\/h3>\n<p>Priekiniuose krautuvuose kau\u0161o cilindras yra labai svarbus semiant, keliant ir transportuojant dirvo\u017eem\u012f, \u0161ien\u0105 ir kitas med\u017eiagas. Jo konstrukcija leid\u017eia efektyviai atlikti \u017eem\u0117s \u016bkio u\u017eduotis ir prisideda prie didesnio na\u0161umo.<\/p>\n<h3>Ekskavatoriai<\/h3>\n<p>Kau\u0161o cilindro geb\u0117jimas leisti kau\u0161ui \u012fsiskverbti \u012f \u017eem\u0119 yra esminis atliekant kasimo darbus. \u0160is veiksmas yra labai svarbus kasant tran\u0161\u0117jas arba ruo\u0161iant \u017eem\u0119 statyboms, tod\u0117l jis yra svarbus \u012fvairiose srityse.<\/p>\n<h3>Krautuvai<\/h3>\n<p>Priekiniuose krautuvuose str\u0117l\u0117s cilindras padeda efektyviai kelti ir i\u0161versti krovinius. \u0160i funkcija yra gyvybi\u0161kai svarbi transportuojant med\u017eiagas, didinant veiklos efektyvum\u0105 atliekant \u012fvairias u\u017eduotis.<\/p>\n<h2>Projektavimo aspektai ir atrankos kriterijai<\/h2>\n<h3>Keliamoji galia<\/h3>\n<p>Renkantis str\u0117l\u0117s cilindr\u0105, labai svarbu suprasti keliam\u0105j\u0105 gali\u0105. Cilindras turi b\u016bti suprojektuotas taip, kad atlaikyt\u0173 konkre\u010dius ma\u0161inos svorio reikalavimus ir u\u017eduotis, kurias jis atliks. Tinkamos keliamosios galios u\u017etikrinimas apsaugo nuo mechanini\u0173 gedim\u0173 ir padidina saugum\u0105.<\/p>\n<h3>Sandarinimo savyb\u0117s<\/h3>\n<p>Efektyvus sandarinimas yra b\u016btinas norint palaikyti hidraulin\u012f sl\u0117g\u012f ir i\u0161vengti nuot\u0117ki\u0173. Auk\u0161tos kokyb\u0117s sandarikliai, tokie kaip st\u016bmokli\u0173 ir kot\u0173 sandarikliai, pagaminti i\u0161 patvari\u0173 med\u017eiag\u0173, toki\u0173 kaip poliuretanas ir nitrilo kau\u010diukas, yra b\u016btini optimaliam veikimui ir ilgaam\u017ei\u0161kumui.<\/p>\n<h3>Patvarumas<\/h3>\n<p>Patvarumas yra pagrindinis veiksnys, \u012f kur\u012f reikia atsi\u017evelgti projektuojant. Pa\u017eangi\u0173 med\u017eiag\u0173 ir dang\u0173 naudojimas gali \u017eymiai pailginti hidraulini\u0173 cilindr\u0173 tarnavimo laik\u0105, tod\u0117l jie gali patikimai veikti net ir at\u0161iauriomis s\u0105lygomis.<\/p>\n<h3>Saugos funkcijos<\/h3>\n<p>Svarbiausia \u012f projekt\u0105 \u012ftraukti saugos funkcijas. Tai apima sl\u0117gio ma\u017einimo vo\u017etuvus ir tvirtas tvirtinimo sistemas, kurios u\u017etikrina saug\u0173 veikim\u0105 ir suma\u017eina nelaiming\u0173 atsitikim\u0173 rizik\u0105 naudojimo metu.<\/p>\n<h3>Prie\u017ei\u016bros aspektai<\/h3>\n<p>Labai svarbu projektuoti atsi\u017evelgiant \u012f prie\u017ei\u016bros paprastum\u0105. Hidraulinis cilindras tur\u0117t\u0173 u\u017etikrinti lengv\u0105 prieig\u0105 prie dali\u0173, kurioms reikalinga reguliari prie\u017ei\u016bra, u\u017etikrinant, kad cilindras laikui b\u0117gant i\u0161likt\u0173 funkcionalus ir efektyvus.<\/p>\n<p><img decoding=\"async\" src=\"https:\/\/www.hydraulic-cylinders.net\/wp-content\/uploads\/2025\/04\/songte-oil-pipes-and-spare-parts.webp\" alt=\"Hidraulinio cilindro projektavimo aspektai\" \/><\/p>\n<h2>Sandarinimas ir tepimas<\/h2>\n<p>Hidraulini\u0173 cilindr\u0173 ilgaam\u017ei\u0161kumas ir na\u0161umas labai priklauso nuo efektyvaus sandarinimo ir tepimo. \u012evair\u016bs sandarinimo komponentai, tokie kaip st\u016bmokli\u0173 ir stryp\u0173 sandarikliai, naudojami hidrauliniam sl\u0117giui palaikyti ir nuot\u0117kiams i\u0161vengti. \u0160ie sandarikliai paprastai gaminami i\u0161 atspari\u0173 dilimui med\u017eiag\u0173, toki\u0173 kaip poliuretanas ir nitrilo kau\u010diukas, u\u017etikrinant ilgaam\u017ei\u0161kum\u0105 ir patikimum\u0105. Cilindro korpusas ir sriegi\u0173 galai yra tiksliai apdirbami, siekiant padidinti atsparum\u0105 dilimui ir pagerinti funkcionalum\u0105.<\/p>\n<p>Reguliarus tepimas yra b\u016btinas, tod\u0117l norint i\u0161laikyti optimal\u0173 na\u0161um\u0105 ir i\u0161vengti nusid\u0117v\u0117jimo, reikia periodi\u0161kai papildyti hidraulin\u0117s alyvos. \u0160i prie\u017ei\u016bros praktika yra labai svarbi siekiant u\u017etikrinti skland\u0173 hidraulin\u0117s sistemos veikim\u0105 ir suma\u017einti gedim\u0173 ar neefektyvumo rizik\u0105.<\/p>\n<h2>Reguliarus patikrinimas ir prevencin\u0117 prie\u017ei\u016bra<\/h2>\n<ul>\n<li><strong>\u012eprastiniai patikrinimai:<\/strong> Reguliariai tikrinti hidraulin\u012f cilindr\u0105, ar n\u0117ra nuot\u0117ki\u0173, susid\u0117v\u0117jimo ar pa\u017eeidim\u0173, yra labai svarbu norint i\u0161laikyti funkcionalum\u0105. Ankstyvas problem\u0173 nustatymas gali pad\u0117ti i\u0161vengti brangaus remonto ir prastov\u0173.<\/li>\n<li><strong>Tinkamas tepimas:<\/strong> Tinkamas cilindro sutepimas apsaugo judan\u010dias dalis nuo trinties ir susid\u0117v\u0117jimo, taip pailgindamas hidraulin\u0117s sistemos tarnavimo laik\u0105.<\/li>\n<li><strong>Sandariklio keitimas:<\/strong> Reguliariai kei\u010diant sandariklius kaip prevencin\u0117s prie\u017ei\u016bros dal\u012f, u\u017etikrinamas optimalus sistemos sl\u0117gis ir na\u0161umas, taip i\u0161vengiant galim\u0173 nuot\u0117ki\u0173.<\/li>\n<\/ul>\n<h2>\u012erengimo gair\u0117s<\/h2>\n<p>Tinkamas str\u0117l\u0117s cilindro montavimas yra labai svarbus saugiam ir efektyviam darbui. Pirmiausia \u012fsitikinkite, kad cilindras yra tinkamai sulygiuotas su tvirtinimo laikikliais. Naudokite tinkamus tvirtinimo elementus, kad pritvirtintum\u0117te cilindr\u0105 vietoje. Montuojant b\u016btina patikrinti, ar n\u0117ra kli\u016b\u010di\u0173, kurios gal\u0117t\u0173 trukdyti cilindro jud\u0117jimui. \u012esitikinkite, kad visos hidraulin\u0117s jungtys yra sandarios ir saugios, kad neb\u016bt\u0173 nuot\u0117ki\u0173. \u012erengus cilindr\u0105, patikrinkite, ar jis veikia skland\u017eiai ir be joki\u0173 problem\u0173. Reguliar\u016bs patikrinimai po montavimo gali pad\u0117ti anksti nustatyti bet kokius nesuderinimus ar galimas problemas.<\/p>\n<h2>Prie\u017ei\u016bros u\u017eduotys<\/h2>\n<ul>\n<li><strong>Reguliar\u016bs patikrinimai:<\/strong> Reguliar\u016bs patikrinimai padeda anksti nustatyti nuot\u0117kius, susid\u0117v\u0117jim\u0105 ar bet kokius pa\u017eeidimo po\u017eymius, tod\u0117l galima laiku atlikti remont\u0105 ir technin\u0119 prie\u017ei\u016br\u0105.<\/li>\n<li><strong>Tinkamas tepimas:<\/strong> Reguliariai tepant cilindr\u0105, i\u0161vengiama per didelio susid\u0117v\u0117jimo, u\u017etikrinamas efektyvus jo veikimas ir pailginamas hidraulin\u0117s sistemos tarnavimo laikas.<\/li>\n<li><strong>Sandariklio keitimas:<\/strong> Laikui b\u0117gant, sandarikliai gali susid\u0117v\u0117ti ir juos gali tekti keisti. Reguliariai tikrinant ir kei\u010diant sandariklius, u\u017etikrinamas efektyvus sandarumas ir pastovus hidraulinis sl\u0117gis.<\/li>\n<\/ul>\n<p>Tinkamas montavimas, tepimas ir i\u0161lyginimas yra labai svarb\u016bs str\u0117l\u0117s cilindro veikimui. Montuodami \u012fsitikinkite, kad cilindras yra tinkamai i\u0161lygintas, ir pritvirtinkite j\u012f tinkamais tvirtinimo laikikliais. Rekomenduojam\u0173 patikrinimo, remonto ir keitimo proced\u016br\u0173 laikymasis padidins sistemos ilgaam\u017ei\u0161kum\u0105 ir patikimum\u0105.<\/p>\n<p><img decoding=\"async\" src=\"https:\/\/www.hydraulic-cylinders.net\/wp-content\/uploads\/2025\/04\/songte-chushion-collar.webp\" alt=\"Hidraulinio cilindro prie\u017ei\u016bra\" \/><\/p>\n<h2>Saugos aspektai ir aplinkos veiksniai<\/h2>\n<p>Dirbant su hidraulin\u0117mis sistemomis, saugos priemon\u0117s yra nepaprastai svarbios. Tinkamas operatori\u0173 mokymas, asmenini\u0173 apsaugos priemoni\u0173 naudojimas ir aplinkos \u017einojimas gali \u017eymiai suma\u017einti su hidraulini\u0173 cilindr\u0173 veikimu susijusi\u0105 rizik\u0105. Be to, reik\u0117t\u0173 atsi\u017evelgti \u012f aplinkosaugos aspektus, u\u017etikrinant, kad hidrauliniai skys\u010diai b\u016bt\u0173 tvarkomi ir utilizuojami teisingai, siekiant suma\u017einti poveik\u012f aplinkai.<\/p>\n<h2>Gedim\u0173 diagnostika ir da\u017eniausios problemos<\/h2>\n<ul>\n<li><strong>Nesandar\u016bs sandarikliai:<\/strong> Jei i\u0161 cilindro teka hidraulinis skystis, b\u016btina patikrinti, ar sandarikliai n\u0117ra susid\u0117v\u0117j\u0119. Susid\u0117v\u0117jusi\u0173 sandarikli\u0173 keitimas gali atkurti veikim\u0105.<\/li>\n<li><strong>L\u0117tas veikimas:<\/strong> Jei cilindras veikia l\u0117tai, patikrinkite, ar sistemoje n\u0117ra oro arba ar n\u0117ra \u017eemo hidraulinio skys\u010dio lygio, nes tai gali trukdyti darbui.<\/li>\n<li><strong>Ne\u012fprasti garsai:<\/strong> Ne\u012fprasti garsai eksploatacijos metu gali rodyti vidinius pa\u017eeidimus arba nepakankam\u0105 tepim\u0105, tod\u0117l reikia nedelsiant patikrinti.<\/li>\n<\/ul>\n<p>Greitas \u0161i\u0173 problem\u0173 sprendimas gali pad\u0117ti i\u0161vengti tolesn\u0117s \u017ealos ir i\u0161laikyti optimal\u0173 veikim\u0105. Reguliarios prevencin\u0117s priemon\u0117s, tokios kaip technin\u0117s prie\u017ei\u016bros patikrinimai ir savalaikis remontas, yra labai svarbios siekiant u\u017etikrinti efektyv\u0173 hidraulin\u0117s sistemos veikim\u0105.<\/p>\n<h2>Gedim\u0173 \u0161alinimo patarimai<\/h2>\n<p>Gedimo atveju svarbu taikyti metodi\u0161k\u0105 problemos diagnostikos metod\u0105. Prad\u0117kite nuo simptom\u0173 nustatymo ir trik\u010di\u0173 \u0161alinimo nurodym\u0173 ie\u0161kokite naudojimo vadove. Jei n\u0117ra nuot\u0117ki\u0173, patikrinkite, ar sandarikliai ir jungtys n\u0117ra pa\u017eeisti. Jei veikia l\u0117tai, patikrinkite skys\u010di\u0173 lyg\u012f ir patikrinkite, ar n\u0117ra u\u017esikim\u0161im\u0173. Prevencini\u0173 priemoni\u0173, toki\u0173 kaip reguliarios patikros ir savalaikis remontas, \u012fgyvendinimas gali pad\u0117ti suma\u017einti galimas problemas ir u\u017etikrinti nuolatin\u012f efektyvum\u0105.<\/p>\n<p><img decoding=\"async\" src=\"https:\/\/www.hydraulic-cylinders.net\/wp-content\/uploads\/2025\/04\/songte-bushings-with-all-kinds-of-excavator-models.webp\" alt=\"Hidraulini\u0173 cilindr\u0173 gedim\u0173 diagnostika\" \/><\/p>\n<h2>\u012emon\u0117s ap\u017evalga<\/h2>\n<p>Esame gamintojas, kurio specializacija \u2013 pakaitini\u0173 hidraulini\u0173 cilindr\u0173 gamyba. Platus gamini\u0173 asortimentas leido mums tapti pirmaujan\u010diu gamintoju ir didmeniniu platintoju tiek vidaus, tiek tarptautin\u0117se rinkose. Laikom\u0117s auk\u0161\u010diausi\u0173 kokyb\u0117s standart\u0173, remdamiesi patobulintais gamybos procesais ir pa\u017eangiomis gamybos valdymo strategijomis. M\u016bs\u0173 \u012fmon\u0117 did\u017eiuojasi tuo, kad turi kvalifikuot\u0105 technin\u012f personal\u0105, pa\u017eangiausi\u0105 gamybos \u012frang\u0105 ir i\u0161samias bandym\u0173 sistemas, siekdama padidinti savo gamybos paj\u0117gumus.<\/p>\n<p>M\u016bs\u0173 \u012fsipareigojimas siekti meistri\u0161kumo atsispindi geb\u0117jime patenkinti \u012fvairius klient\u0173 reikalavimus, u\u017etikrinant auk\u0161t\u0105 efektyvum\u0105, tikslum\u0105 ir kokyb\u0119. Si\u016blome individualiai pritaikytas paslaugas, u\u017etikrindami, kad m\u016bs\u0173 klientai gaut\u0173 geriausius \u012fmanomus sprendimus.<\/p>\n<p><img decoding=\"async\" src=\"https:\/\/www.hydraulic-cylinders.net\/wp-content\/uploads\/2025\/04\/songte-company-4.webp\" alt=\"\u012emon\u0117s ap\u017evalga\" \/><br \/>\n<img decoding=\"async\" src=\"https:\/\/www.hydraulic-cylinders.net\/wp-content\/uploads\/2025\/04\/songte-company-3.webp\" alt=\"Gamybos meistri\u0161kumas\" \/><\/p>\n<p>Autorius: lyl<\/p>","protected":false},"excerpt":{"rendered":"<p>Boom Cylinder For Lishide Small Excavator SC85.8 Product Overview The Boom Cylinder for Lishide Small Excavator SC85.8 is a specialized hydraulic cylinder designed for controlling the movement of the boom on excavators. This component is crucial for the efficient operation of various heavy machinery used in construction, agriculture, and other industries. The bucket cylinder enables [&hellip;]<\/p>","protected":false},"featured_media":17880,"comment_status":"open","ping_status":"closed","template":"","meta":{"_et_pb_use_builder":"","_et_pb_old_content":"","_et_gb_content_width":""},"product_brand":[],"product_cat":[1546],"product_tag":[1547,1496],"class_list":{"0":"post-19255","1":"product","2":"type-product","3":"status-publish","4":"has-post-thumbnail","6":"product_cat-boom-cylinders","7":"product_tag-boom-cylinders","8":"product_tag-hydraulic-cylinders","10":"first","11":"instock","12":"shipping-taxable","13":"product-type-simple"},"amp_enabled":true,"_links":{"self":[{"href":"https:\/\/www.hydraulic-cylinders.net\/lt\/wp-json\/wp\/v2\/product\/19255","targetHints":{"allow":["GET"]}}],"collection":[{"href":"https:\/\/www.hydraulic-cylinders.net\/lt\/wp-json\/wp\/v2\/product"}],"about":[{"href":"https:\/\/www.hydraulic-cylinders.net\/lt\/wp-json\/wp\/v2\/types\/product"}],"replies":[{"embeddable":true,"href":"https:\/\/www.hydraulic-cylinders.net\/lt\/wp-json\/wp\/v2\/comments?post=19255"}],"wp:featuredmedia":[{"embeddable":true,"href":"https:\/\/www.hydraulic-cylinders.net\/lt\/wp-json\/wp\/v2\/media\/17880"}],"wp:attachment":[{"href":"https:\/\/www.hydraulic-cylinders.net\/lt\/wp-json\/wp\/v2\/media?parent=19255"}],"wp:term":[{"taxonomy":"product_brand","embeddable":true,"href":"https:\/\/www.hydraulic-cylinders.net\/lt\/wp-json\/wp\/v2\/product_brand?post=19255"},{"taxonomy":"product_cat","embeddable":true,"href":"https:\/\/www.hydraulic-cylinders.net\/lt\/wp-json\/wp\/v2\/product_cat?post=19255"},{"taxonomy":"product_tag","embeddable":true,"href":"https:\/\/www.hydraulic-cylinders.net\/lt\/wp-json\/wp\/v2\/product_tag?post=19255"}],"curies":[{"name":"wp","href":"https:\/\/api.w.org\/{rel}","templated":true}]}}