{"id":19258,"date":"2025-04-07T06:23:26","date_gmt":"2025-04-07T06:23:26","guid":{"rendered":"https:\/\/www.hydraulic-cylinders.net\/product\/boom-cylinder-for-lishide-middle-excavator-sc200-8\/"},"modified":"2025-04-07T06:23:29","modified_gmt":"2025-04-07T06:23:29","slug":"boom-cylinder-for-lishide-middle-excavator-sc200-8","status":"publish","type":"product","link":"https:\/\/www.hydraulic-cylinders.net\/lt\/produktas\/boom-cylinder-for-lishide-middle-excavator-sc200-8\/","title":{"rendered":"\u201eLishide\u201c vidutinio ekskavatoriaus SC200.8 str\u0117l\u0117s cilindras"},"content":{"rendered":"<h1>\u201eLishide\u201c vidutinio ekskavatoriaus SC200.8 str\u0117l\u0117s cilindras<\/h1>\n<h2>Str\u0117l\u0117s cilindro supratimas<\/h2>\n<p>Str\u0117l\u0117s cilindras yra labai svarbus hidraulinis komponentas, naudojamas \u012fvairiose sunkiosiose ma\u0161inose, ypa\u010d ekskavatoriuose, ekskavatoriniuose krautuvams ir frontaliniams krautuvams. \u0160is hidraulinis cilindras yra specialiai sukurtas kau\u0161o jud\u0117jimui valdyti, leid\u017eiant jam efektyviai pakelti, nuleisti ir pakreipti. Str\u0117l\u0117s cilindro funkcionalumas yra b\u016btinas efektyviam med\u017eiag\u0173 tvarkymo darbui, palengvinant tokias operacijas kaip kasimas, s\u0117limas ir med\u017eiag\u0173 transportavimas.<\/p>\n<p><img decoding=\"async\" src=\"https:\/\/www.hydraulic-cylinders.net\/wp-content\/uploads\/2025\/04\/songte-company-1.webp\" alt=\"Str\u0117l\u0117s cilindro vaizdas\" \/><\/p>\n<h3>Apibr\u0117\u017eimas ir ap\u017evalga<\/h3>\n<p>Str\u0117l\u0117s cilindras, kaip hidraulinio cilindro tipas, veikia naudodamas hidraulinio skys\u010dio sl\u0117g\u012f judesiui sukurti. \u0160is mechanizmas yra labai svarbus sunkiajai \u012frangai, nes leid\u017eia operatoriui tiksliai manevruoti kau\u0161\u0105. Str\u0117l\u0117s cilindro geb\u0117jimas atlikti sud\u0117tingus judesius yra gyvybi\u0161kai svarbus siekiant maksimaliai padidinti na\u0161um\u0105 statybviet\u0117se ir kitose srityse, kur reikalingas sunkus k\u0117limas ir tikslus pad\u0117ties nustatymas.<\/p>\n<h2>Str\u0117l\u0117s cilindro savyb\u0117s<\/h2>\n<ul>\n<li><strong>Didelis stiprumas ir ilgaam\u017ei\u0161kumas:<\/strong> Pagamintas i\u0161 didelio stiprumo plieno arba aliuminio, str\u0117l\u0117s cilindras yra skirtas atlaikyti auk\u0161t\u0105 sl\u0117g\u012f ir dideles apkrovas, tod\u0117l tinka at\u0161iaurioms darbo s\u0105lygoms.<\/li>\n<li><strong>Efektyvus hidraulinis valdymas:<\/strong> Cilindras u\u017etikrina skland\u0173 i\u0161traukim\u0105 ir \u012ftraukim\u0105, tod\u0117l greitai reaguoja \u012f operatoriaus komandas ir u\u017etikrina didel\u0119 st\u016bmimo bei traukimo j\u0117g\u0105.<\/li>\n<li><strong>\u012evair\u016bs tipai:<\/strong> Galimi variantai: vienpusio veikimo (veikiantys viena kryptimi) ir dvipusio veikimo (veikiantys abiem kryptimis) cilindrai, taip pat teleskopiniai modeliai, skirti didesniam siekiui nedidinant i\u0161orini\u0173 matmen\u0173.<\/li>\n<li><strong>Atsparumas dilimui:<\/strong> Baliono konstrukcija apima atsparumo dilimui ir korozijai aspektus, kurie \u017eymiai pailgina jo tarnavimo laik\u0105.<\/li>\n<li><strong>Universalios taikymo sritys:<\/strong> Idealiai tinka \u012fvairioms u\u017eduotims atlikti \u012fvairiose pramon\u0117s \u0161akose, u\u017etikrinant patikim\u0105 na\u0161um\u0105 \u012fvairiuose veiklos kontekstuose.<\/li>\n<\/ul>\n<p>Mes gaminame \u0161\u012f gamin\u012f, u\u017etikrindami, kad m\u016bs\u0173 hidrauliniai cilindrai puikiai pakeist\u0173 esamus modelius.<\/p>\n<p><img decoding=\"async\" src=\"https:\/\/www.hydraulic-cylinders.net\/wp-content\/uploads\/2025\/04\/songte-cylinder-head-with-all-kinds-excavator-models.webp\" alt=\"Cilindro pakeitimo paveiksl\u0117lis\" \/><\/p>\n<h2>Str\u0117l\u0117s cilindro pritaikymas<\/h2>\n<ul>\n<li><strong>Statybin\u0117 \u012franga:<\/strong> Str\u0117l\u0117s cilindrai yra gyvybi\u0161kai svarb\u016bs ekskavatoriuose kasant ir kraunant tokias med\u017eiagas kaip \u017eem\u0117 ir \u0161iuk\u0161l\u0117s. Ekskavatoriuose-krautuvuose jie palengvina tiek kasimo, tiek k\u0117limo veiksmus, tod\u0117l yra nepakei\u010diami statybos darbams.<\/li>\n<li><strong>\u017dem\u0117s \u016bkio technika:<\/strong> Priekiniuose krautuvuose \u0161ie cilindrai padeda semti, kelti ir transportuoti tokias med\u017eiagas kaip dirvo\u017eemis ir \u0161ienas, taip padidindami \u017eem\u0117s \u016bkio darb\u0173 efektyvum\u0105.<\/li>\n<li><strong>Ekskavatoriai:<\/strong> Str\u0117l\u0117s cilindras leid\u017eia ekskavatoriaus kau\u0161ui \u012fsiskverbti \u012f \u017eem\u0119 kasimo metu, o tai yra labai svarbu efektyviam kasimui \u012fvairiuose reljefuose.<\/li>\n<li><strong>Krautuvai:<\/strong> Priekiniuose krautuvuose str\u0117l\u0117s cilindrai padeda efektyviai kelti ir i\u0161versti krovinius, tod\u0117l jie yra b\u016btini med\u017eiag\u0173 tvarkymui krovimo metu.<\/li>\n<\/ul>\n<h2>Dizaino aspektai<\/h2>\n<h3>Keliamoji galia<\/h3>\n<p>Projektuojant str\u0117l\u0117s cilindr\u0105, keliamoji galia yra labai svarbus veiksnys. Jis turi atlaikyti tvarkom\u0173 med\u017eiag\u0173 svor\u012f be gedimo rizikos. Projektavimo procesas apima tinkam\u0173 med\u017eiag\u0173 parinkim\u0105 ir cilindro projektavim\u0105 taip, kad jis atlaikyt\u0173 did\u017eiausias eksploatacijos metu numatomas apkrovas.<\/p>\n<h3>Sandarinimas<\/h3>\n<p>Efektyvus sandarinimas yra b\u016btinas siekiant i\u0161vengti hidraulinio skys\u010dio nuot\u0117kio, kuris gali suma\u017einti na\u0161um\u0105 ir sukelti pavoj\u0173 aplinkai. Siekiant u\u017etikrinti ilgaam\u017ei\u0161kum\u0105 ir patikimum\u0105, montuojami auk\u0161tos kokyb\u0117s sandarikliai, pagaminti i\u0161 toki\u0173 med\u017eiag\u0173 kaip poliuretanas ir nitrilo kau\u010diukas.<\/p>\n<h3>Patvarumas<\/h3>\n<p>Patvarumas yra labai svarbus konstrukcijos aspektas, nes str\u0117l\u0117s cilindrai veikiami at\u0161iauri\u0173 eksploatavimo s\u0105lyg\u0173. Tokie apdorojimo b\u016bdai kaip pavir\u0161iaus gr\u016bdinimas ir padengimas gali padidinti atsparum\u0105 dilimui ir korozijai, pailgindami cilindro tarnavimo laik\u0105.<\/p>\n<h3>Saugumas<\/h3>\n<p>Projektuojant turi b\u016bti numatytos saugos priemon\u0117s, skirtos apsaugoti operatorius ir \u012frang\u0105. Tai apima sl\u0117gio ma\u017einimo vo\u017etuvus ir apsauginius \u012ftaisus, skirtus i\u0161vengti atsitiktinio perkrovimo ir u\u017etikrinti saug\u0173 veikim\u0105 \u012fvairiomis s\u0105lygomis.<\/p>\n<h3>Prie\u017ei\u016bra<\/h3>\n<p>Projektuojant atsi\u017evelgiant \u012f technin\u0119 prie\u017ei\u016br\u0105, u\u017etikrinama, kad cilindr\u0105 b\u016bt\u0173 lengva pri\u017ei\u016br\u0117ti ir remontuoti. Tai apima galimyb\u0119 ap\u017ei\u016br\u0117ti, sutepti ir pakeisti sandariklius bei kitus komponentus, kad b\u016bt\u0173 kuo ma\u017eiau prastov\u0173.<\/p>\n<p><img decoding=\"async\" src=\"https:\/\/www.hydraulic-cylinders.net\/wp-content\/uploads\/2025\/04\/songte-oil-pipes-and-spare-parts.webp\" alt=\"Hidraulini\u0173 dali\u0173 vaizdas\" \/><\/p>\n<h2>Sandarinimas ir tepimas<\/h2>\n<p>Tinkamas sandarinimas ir tepimas yra labai svarb\u016bs efektyviam str\u0117l\u0117s cilindr\u0173 veikimui. Siekiant i\u0161vengti hidraulinio skys\u010dio nuot\u0117kio, naudojami \u012fvair\u016bs sandarikliai, tokie kaip st\u016bmokli\u0173 ir stryp\u0173 sandarikliai. Patvari\u0173 med\u017eiag\u0173, toki\u0173 kaip poliuretanas ir nitrilo kau\u010diukas, pasirinkimas u\u017etikrina, kad \u0161ie sandarikliai laikui b\u0117gant atlaikyt\u0173 nusid\u0117v\u0117jim\u0105. Be to, cilindro korpusas ir srieginiai galiniai pavir\u0161iai yra kruop\u0161\u010diai apdorojami, siekiant padidinti atsparum\u0105 dilimui. Norint u\u017etikrinti skland\u0173 veikim\u0105 ir i\u0161vengti nusid\u0117v\u0117jimo, b\u016btina reguliariai tepti hidrauline alyva.<\/p>\n<h2>Reguliarus patikrinimas ir prevencin\u0117 prie\u017ei\u016bra<\/h2>\n<ul>\n<li><strong>Vizualiniai patikrinimai:<\/strong> Reguliariai tikrinkite, ar n\u0117ra nuot\u0117ki\u0173, susid\u0117v\u0117jimo ir pa\u017eeidim\u0173, kad cilindras veikt\u0173 efektyviai.<\/li>\n<li><strong>Tepimo prie\u017ei\u016bra:<\/strong> U\u017etikrinkite tinkam\u0105 tepim\u0105 reguliariai papildydami hidraulin\u012f skyst\u012f ir tikrindami, ar jis tinkamai sandarus.<\/li>\n<li><strong>Sandariklio keitimas:<\/strong> Periodi\u0161kai tikrinkite sandariklius ir prireikus juos pakeiskite, kad i\u0161laikytum\u0117te na\u0161um\u0105 ir i\u0161vengtum\u0117te nuot\u0117ki\u0173.<\/li>\n<\/ul>\n<h2>\u012erengimo gair\u0117s<\/h2>\n<p>Tinkamas str\u0117l\u0117s cilindro montavimas yra b\u016btinas optimaliam veikimui. Pirmiausia \u012fsitikinkite, kad cilindras yra tinkamai sulygiuotas su tvirtinimo laikikliais. Naudokite tinkamus tvirtinimo laikiklius, kad pritvirtintum\u0117te cilindr\u0105 vietoje. \u012esitikinkite, kad visos hidraulin\u0117s jungtys yra sandarios ir neu\u017eter\u0161tos. Po montavimo atlikite sl\u0117gio bandym\u0105, kad \u012fsitikintum\u0117te, jog n\u0117ra nuot\u0117ki\u0173. Taip pat svarbu sureguliuoti cilindro lygiavim\u0105 montavimo metu, kad b\u016bt\u0173 i\u0161vengta per didelio hidraulini\u0173 komponent\u0173 \u012ftempimo.<\/p>\n<h2>\u012eprastos prie\u017ei\u016bros u\u017eduotys<\/h2>\n<ul>\n<li><strong>Reguliar\u016bs patikrinimai:<\/strong> Reguliar\u016bs patikrinimai yra labai svarb\u016bs norint anksti pasteb\u0117ti problemas. Patikrinkite, ar n\u0117ra nusid\u0117v\u0117jimo ar pa\u017eeidim\u0173 po\u017eymi\u0173, ir nedelsdami juos pa\u0161alinkite.<\/li>\n<li><strong>Tinkamas tepimas:<\/strong> Tinkamas tepimas yra labai svarbus str\u0117l\u0117s cilindro ilgaam\u017ei\u0161kumui. B\u016btinai laikykit\u0117s rekomenduojamo tepimo grafiko ir naudokite tinkam\u0105 hidraulin\u012f skyst\u012f.<\/li>\n<li><strong>Sandariklio keitimas:<\/strong> Reguliariai tikrinkite sandariklius ir pakeiskite juos, kai pastebite susid\u0117v\u0117jimo po\u017eymi\u0173. Taip i\u0161vengsite nuot\u0117ki\u0173 ir i\u0161laikysite hidraulin\u012f efektyvum\u0105.<\/li>\n<\/ul>\n<h2>Saugos aspektai ir aplinkos veiksniai<\/h2>\n<p>Naudojant str\u0117l\u0117s cilindrus, saugos priemon\u0117s yra nepaprastai svarbios. Operatoriai visada turi d\u0117v\u0117ti tinkamas asmenines apsaugos priemones ir laikytis saugos protokol\u0173, kad i\u0161vengt\u0173 nelaiming\u0173 atsitikim\u0173. Be to, aplinkosaugos problemas, tokias kaip hidraulinio skys\u010dio i\u0161siliejimas, reikia spr\u0119sti tinkamai valdant ir pri\u017ei\u016brint.<\/p>\n<h2>Da\u017eniausiai pasitaikan\u010di\u0173 problem\u0173 \u0161alinimas<\/h2>\n<ul>\n<li><strong>Nuot\u0117kis:<\/strong> Jei hidraulinis skystis teka, patikrinkite, ar n\u0117ra pa\u017eeist\u0173 sandarikli\u0173 arba atsilaisvinusi\u0173 jung\u010di\u0173. Problem\u0105 gali i\u0161spr\u0119sti jung\u010di\u0173 priver\u017eimas arba sandarikli\u0173 pakeitimas.<\/li>\n<li><strong>L\u0117tas atsakas:<\/strong> L\u0117tai judantis cilindras gali rodyti \u017eem\u0105 hidraulinio skys\u010dio lyg\u012f arba u\u017esikim\u0161usius filtrus. \u012esitikinkite, kad skys\u010dio papildyta, ir pakeiskite visus u\u017esikim\u0161usius komponentus.<\/li>\n<li><strong>Trukdymas:<\/strong> Jei cilindras stringa, patikrinkite, ar n\u0117ra i\u0161lygiavimo, ir \u012fsitikinkite, kad visos dalys yra tinkamai suteptos.<\/li>\n<\/ul>\n<h2>Produkto ilgaam\u017ei\u0161kumo patarimai<\/h2>\n<p>Norint pailginti str\u0117l\u0117s cilindro tarnavimo laik\u0105, labai svarbu reguliariai pri\u017ei\u016br\u0117ti. Tai apima tinkam\u0105 montavim\u0105, reguliar\u0173 tepim\u0105 ir savalaik\u012f susid\u0117v\u0117jusi\u0173 komponent\u0173 keitim\u0105. Profilaktin\u0117s prie\u017ei\u016bros grafiko \u012fgyvendinimas gali \u017eymiai suma\u017einti galimas problemas ir pailginti cilindro eksploatavimo laik\u0105.<\/p>\n<p><img decoding=\"async\" src=\"https:\/\/www.hydraulic-cylinders.net\/wp-content\/uploads\/2025\/04\/songte-bushings-with-all-kinds-of-excavator-models.webp\" alt=\"\u012evori\u0173 vaizdas\" \/><\/p>\n<h2>\u012emon\u0117s ap\u017evalga<\/h2>\n<p>Esame pirmaujantis pakaitini\u0173 hidraulini\u0173 cilindr\u0173 gamintojas, si\u016blantis plat\u0173 gamini\u0173 asortiment\u0105. M\u016bs\u0173 \u012fmon\u0117 \u012fsitvirtino kaip viena geriausi\u0173 \u017eaid\u0117j\u0173 tiek vidaus, tiek tarptautin\u0117se rinkose. Siekdami meistri\u0161kumo, taikome rafinuotas gamybos strategijas, pa\u017eangias technologijas ir atsidavusi\u0105 darbo j\u0117g\u0105, kad pagerintume gamybos kokyb\u0119. D\u0117mesys auk\u0161tam efektyvumui, tikslumui ir kokybei u\u017etikrina, kad patenkiname \u012fvairius klient\u0173 poreikius.<\/p>\n<p><img decoding=\"async\" src=\"https:\/\/www.hydraulic-cylinders.net\/wp-content\/uploads\/2025\/04\/songte-company-4.webp\" alt=\"\u012emon\u0117s ap\u017evalgos paveiksl\u0117lis\" \/><br \/>\n<img decoding=\"async\" src=\"https:\/\/www.hydraulic-cylinders.net\/wp-content\/uploads\/2025\/04\/songte-company-3.webp\" alt=\"Gamybos \u012fmon\u0117s vaizdas\" \/><\/p>\n<p>M\u016bs\u0173 \u012fmon\u0117 did\u017eiuojasi profesionalumu, tarptautiniais sertifikatais, individuali\u0173 klient\u0173 aptarnavimu, moderniausia gamybos \u012franga ir i\u0161samia garantija po pardavimo.<\/p>\n<p>Autorius: lyl.<\/p>","protected":false},"excerpt":{"rendered":"<p>Boom Cylinder For Lishide Middle Excavator SC200.8 Understanding the Boom Cylinder The boom cylinder is a critical hydraulic component used in various heavy machinery, particularly in excavators, backhoe loaders, and front-end loaders. This hydraulic cylinder is specifically designed to control the movement of the bucket, allowing it to lift, lower, and tilt effectively. The functionality [&hellip;]<\/p>","protected":false},"featured_media":17868,"comment_status":"open","ping_status":"closed","template":"","meta":{"_et_pb_use_builder":"","_et_pb_old_content":"","_et_gb_content_width":""},"product_brand":[],"product_cat":[1546],"product_tag":[1547,1496],"class_list":{"0":"post-19258","1":"product","2":"type-product","3":"status-publish","4":"has-post-thumbnail","6":"product_cat-boom-cylinders","7":"product_tag-boom-cylinders","8":"product_tag-hydraulic-cylinders","10":"first","11":"instock","12":"shipping-taxable","13":"product-type-simple"},"amp_enabled":true,"_links":{"self":[{"href":"https:\/\/www.hydraulic-cylinders.net\/lt\/wp-json\/wp\/v2\/product\/19258","targetHints":{"allow":["GET"]}}],"collection":[{"href":"https:\/\/www.hydraulic-cylinders.net\/lt\/wp-json\/wp\/v2\/product"}],"about":[{"href":"https:\/\/www.hydraulic-cylinders.net\/lt\/wp-json\/wp\/v2\/types\/product"}],"replies":[{"embeddable":true,"href":"https:\/\/www.hydraulic-cylinders.net\/lt\/wp-json\/wp\/v2\/comments?post=19258"}],"wp:featuredmedia":[{"embeddable":true,"href":"https:\/\/www.hydraulic-cylinders.net\/lt\/wp-json\/wp\/v2\/media\/17868"}],"wp:attachment":[{"href":"https:\/\/www.hydraulic-cylinders.net\/lt\/wp-json\/wp\/v2\/media?parent=19258"}],"wp:term":[{"taxonomy":"product_brand","embeddable":true,"href":"https:\/\/www.hydraulic-cylinders.net\/lt\/wp-json\/wp\/v2\/product_brand?post=19258"},{"taxonomy":"product_cat","embeddable":true,"href":"https:\/\/www.hydraulic-cylinders.net\/lt\/wp-json\/wp\/v2\/product_cat?post=19258"},{"taxonomy":"product_tag","embeddable":true,"href":"https:\/\/www.hydraulic-cylinders.net\/lt\/wp-json\/wp\/v2\/product_tag?post=19258"}],"curies":[{"name":"wp","href":"https:\/\/api.w.org\/{rel}","templated":true}]}}