{"id":19259,"date":"2025-04-07T06:23:29","date_gmt":"2025-04-07T06:23:29","guid":{"rendered":"https:\/\/www.hydraulic-cylinders.net\/product\/boom-cylinder-for-lishide-middle-excavator-sc210-8\/"},"modified":"2025-04-07T06:23:31","modified_gmt":"2025-04-07T06:23:31","slug":"boom-cylinder-for-lishide-middle-excavator-sc210-8","status":"publish","type":"product","link":"https:\/\/www.hydraulic-cylinders.net\/lt\/produktas\/boom-cylinder-for-lishide-middle-excavator-sc210-8\/","title":{"rendered":"\u201eLishide Middle\u201c ekskavatoriaus SC210.8 str\u0117l\u0117s cilindras"},"content":{"rendered":"<h1>\u201eLishide Middle\u201c ekskavatoriaus SC210.8 str\u0117l\u0117s cilindras<\/h1>\n<h2>\u012evadas \u012f str\u0117l\u0117s cilindrus<\/h2>\n<p>\u201eLishide\u201c vidutinio dyd\u017eio ekskavatoriaus SC210.8 str\u0117l\u0117s cilindras yra specializuotas hidraulinis cilindras, skirtas valdyti kau\u0161o jud\u0117jim\u0105 \u012fvairiose sunkiosiose ma\u0161inose, tokiose kaip ekskavatoriai, ekskavatoriniai krautuvai ir frontaliniai krautuvai. \u0160io tipo hidraulinis cilindras leid\u017eia kau\u0161\u0105 pakelti, nuleisti ir pakreipti, taip efektyviai palengvinant med\u017eiag\u0173 tvarkymo u\u017eduotis. Str\u0117l\u0117s cilindras atlieka gyvybi\u0161kai svarb\u0173 vaidmen\u012f hidraulin\u0117se sistemose, nes hidraulin\u0119 energij\u0105 paver\u010dia mechanine j\u0117ga, leid\u017eian\u010dia atlikti tikslius ir galingus judesius, reikalingus statybos ir kasimo darbams.<\/p>\n<p><img decoding=\"async\" src=\"https:\/\/www.hydraulic-cylinders.net\/wp-content\/uploads\/2025\/04\/songte-company-1.webp\" alt=\"\u201eLishide\u201c vidurinio ekskavatoriaus str\u0117l\u0117s cilindras\" \/><\/p>\n<h2>Str\u0117l\u0117s cilindro savyb\u0117s<\/h2>\n<ul>\n<li><strong>Didelis stiprumas ir ilgaam\u017ei\u0161kumas:<\/strong> Pagaminti i\u0161 didelio stiprumo plieno arba aliuminio, str\u0117l\u0117s cilindrai gali atlaikyti auk\u0161t\u0105 sl\u0117g\u012f ir dideles apkrovas, tod\u0117l tinka at\u0161iaurioms darbo s\u0105lygoms. Jie yra atspar\u016bs dilimui ir korozijai, o tai pailgina j\u0173 tarnavimo laik\u0105.<\/li>\n<li><strong>Efektyvus hidraulinis valdymas:<\/strong> \u0160ie cilindrai naudoja hidraulin\u0117s alyvos sl\u0117g\u012f, kad skland\u017eiai i\u0161skleist\u0173 ir atitraukt\u0173 cilindrus, greitai reaguot\u0173 \u012f valdymo komandas ir u\u017etikrint\u0173 stipri\u0105 st\u016bmimo bei traukimo j\u0117g\u0105, kuri yra b\u016btina tvarkant sunkias med\u017eiagas ir atliekant sud\u0117tingas u\u017eduotis.<\/li>\n<li><strong>Tip\u0173 \u012fvairov\u0117:<\/strong> Priklausomai nuo pritaikymo, klientai gali rinktis vienpusio veikimo (hidraulin\u012f sl\u0117g\u012f naudojant viena kryptimi) arba dvipusio veikimo (hidraulin\u012f sl\u0117g\u012f naudojant abiem kryptimis) cilindrus. Kai kurie modeliai yra teleskopiniai, tod\u0117l juos galima labiau i\u0161tiesti nedidinant i\u0161orini\u0173 matmen\u0173, tod\u0117l jie puikiai tinka naudoti ribotoje erdv\u0117je.<\/li>\n<li><strong>Tinkinimo parinktys:<\/strong> M\u016bs\u0173 gamybos paj\u0117gumai leid\u017eia mums gaminti \u0161\u012f gamin\u012f pagal individualias specifikacijas, u\u017etikrinant puik\u0173 atitikim\u0105 \u012fvairioms hidraulin\u0117ms sistemoms ir pritaikymams.<\/li>\n<li><strong>Kokyb\u0117s u\u017etikrinimas:<\/strong> Kiekvienas str\u0117l\u0117s cilindras yra grie\u017etai testuojamas ir kontroliuojamas pagal kokyb\u0119, kad atitikt\u0173 tarptautinius standartus, u\u017etikrinant patikimum\u0105 ir na\u0161um\u0105.<\/li>\n<\/ul>\n<p><img decoding=\"async\" src=\"https:\/\/www.hydraulic-cylinders.net\/wp-content\/uploads\/2025\/04\/songte-cylinder-head-with-all-kinds-excavator-models.webp\" alt=\"Str\u0117l\u0117s cilindr\u0173 gamyba\" \/><\/p>\n<h2>Str\u0117l\u0117s cilindro pritaikymas<\/h2>\n<h3>Statybin\u0117 \u012franga<\/h3>\n<p>Ekskavatoriuose str\u0117l\u0117s cilindrai yra labai svarb\u016bs kasant, kraunant ir perkeliant \u017eem\u0119 ar \u0161iuk\u0161les. Jie suteikia reikiam\u0105 j\u0117g\u0105 kau\u0161ui \u012fsiskverbti \u012f \u017eem\u0119, tod\u0117l jie yra nepakei\u010diami statybviet\u0117se. Be to, ekskavatoriuose-krautuvuose str\u0117l\u0117s cilindras padeda ne tik kasti, bet ir kelti, tod\u0117l technika tampa universalesn\u0117.<\/p>\n<h3>\u017dem\u0117s \u016bkio technika<\/h3>\n<p>Priekiniuose krautuvuose naudojami str\u0117l\u0117s cilindrai yra b\u016btini dirvo\u017eemio, \u0161ieno ir kit\u0173 med\u017eiag\u0173 k\u0117limui, k\u0117limui ir transportavimui. Jie leid\u017eia \u016bkininkams efektyviau atlikti \u012fvairias u\u017eduotis, didinant \u016bkio produktyvum\u0105.<\/p>\n<h3>Ekskavatoriai<\/h3>\n<p>Str\u0117l\u0117s cilindras leid\u017eia kau\u0161ui \u012fsiskverbti \u012f dirv\u0105, palengvindamas kasimo veiksmus. \u0160i galimyb\u0117 yra labai svarbi atliekant \u012fvairius \u017eem\u0117s kasimo darbus, \u012fskaitant pamat\u0173 kasim\u0105, tran\u0161\u0117j\u0173 kasim\u0105 ir kra\u0161tovaizd\u017eio tvarkym\u0105, kai b\u016btina tiksliai kontroliuoti kau\u0161o pad\u0117t\u012f.<\/p>\n<h3>Krautuvai<\/h3>\n<p>Priekiniuose krautuvuose str\u0117l\u0117s cilindrai padeda efektyviai kelti ir i\u0161versti med\u017eiagas. Jie yra neatsiejama operacij\u0173, susijusi\u0173 su sunkve\u017eimi\u0173 pakrovimu ar med\u017eiag\u0173 perk\u0117limu statybviet\u0117je, dalis, suteikianti reikiam\u0105 tvirtum\u0105 sunkiems kroviniams valdyti.<\/p>\n<h2>Projektavimo aspektai ir atrankos kriterijai<\/h2>\n<h3>Keliamoji galia<\/h3>\n<p>Str\u0117l\u0117s cilindro keliamoji galia yra labai svarbi. Renkantis hidraulin\u012f cilindr\u0105, b\u016btina atsi\u017evelgti \u012f maksimal\u0173 svor\u012f, kur\u012f jam reik\u0117s pakelti arba i\u0161laikyti. Tai u\u017etikrina, kad cilindras veiks efektyviai, be gedimo rizikos, kuri gali sukelti avarijas ir brangiai kainuojan\u010dias prastovas. Gamintojai da\u017enai pateikia i\u0161samias specifikacijas, tod\u0117l patartina su jomis susipa\u017einti, kad cilindras b\u016bt\u0173 pritaikytas konkretiems \u012frangos poreikiams.<\/p>\n<h3>Sandarumas ir ilgaam\u017ei\u0161kumas<\/h3>\n<p>Efektyvus sandarinimas yra labai svarbus siekiant i\u0161vengti hidraulinio skys\u010dio nuot\u0117kio ir u\u017eter\u0161imo. Reik\u0117t\u0173 naudoti kokybi\u0161kus sandariklius, \u012fskaitant st\u016bmokli\u0173 ir kot\u0173 sandariklius, da\u017enai pagamintus i\u0161 toki\u0173 med\u017eiag\u0173 kaip poliuretanas arba nitrilo kau\u010diukas. \u0160i\u0173 komponent\u0173 patvarumas u\u017etikrina ilgalaik\u012f hidraulinio cilindro veikim\u0105 \u012fvairiomis eksploatavimo s\u0105lygomis.<\/p>\n<h3>Saugos funkcijos<\/h3>\n<p>Saugumas yra svarbiausias hidraulini\u0173 cilindr\u0173 projektavimo aspektas. Tokios savyb\u0117s kaip sl\u0117gio ma\u017einimo vo\u017etuvai, saugos u\u017eraktai ir avarinio stabdymo mechanizmai yra b\u016btinos siekiant i\u0161vengti nelaiming\u0173 atsitikim\u0173. Pasirinkus cilindr\u0105, kuriame yra \u0161ios saugos funkcijos, galima gerokai suma\u017einti rizik\u0105, ypa\u010d dirbant su didel\u0117mis apkrovomis.<\/p>\n<p><img decoding=\"async\" src=\"https:\/\/www.hydraulic-cylinders.net\/wp-content\/uploads\/2025\/04\/songte-oil-pipes-and-spare-parts.webp\" alt=\"Hidraulini\u0173 cilindr\u0173 dalys\" \/><\/p>\n<h2>Sandarinimas ir tepimas<\/h2>\n<p>Hidraulini\u0173 sistem\u0173 vientisumas priklauso nuo efektyvaus sandarikli\u0173 ir tepimo naudojimo. Siekiant u\u017etikrinti optimal\u0173 veikim\u0105, turi b\u016bti naudojami \u012fvair\u016bs sandarikliai, \u012fskaitant st\u016bmokli\u0173 ir kot\u0173 sandariklius. Sandarikliai paprastai gaminami i\u0161 atspari\u0173 dilimui med\u017eiag\u0173, toki\u0173 kaip poliuretanas ir nitrilo kau\u010diukas, kurios atlaiko at\u0161iaurias eksploatavimo s\u0105lygas. Cilindro korpusas ir srieginiai galiniai pavir\u0161iai turi b\u016bti tiksliai apdirbti, kad padid\u0117t\u0173 atsparumas dilimui. Norint u\u017etikrinti tinkam\u0105 tepim\u0105 ir i\u0161vengti judan\u010di\u0173 dali\u0173 susid\u0117v\u0117jimo, b\u016btina reguliariai pri\u017ei\u016br\u0117ti, \u012fskaitant periodi\u0161k\u0105 hidraulin\u0117s alyvos papildym\u0105. \u0160is aktyvus po\u017ei\u016bris padeda i\u0161laikyti hidraulin\u0117s sistemos efektyvum\u0105 ir ilgaam\u017ei\u0161kum\u0105.<\/p>\n<h2>Reguliarios patikros ir prevencin\u0117s prie\u017ei\u016bros priemon\u0117s<\/h2>\n<ul>\n<li><strong>\u012eprastiniai patikrinimai:<\/strong> Reguliarios str\u0117l\u0117s cilindro ir susijusi\u0173 hidraulini\u0173 sistem\u0173 ap\u017ei\u016bros yra b\u016btinos norint anksti nustatyti bet kok\u012f susid\u0117v\u0117jim\u0105 ar galimus gedimus. Vizualiniai patikrinimai tur\u0117t\u0173 apimti nuot\u0117ki\u0173, \u012ftr\u016bkim\u0173 ar bet koki\u0173 sandarikli\u0173 ir \u017earn\u0173 pa\u017eeidimo po\u017eymi\u0173 paie\u0161k\u0105. Ankstyvas aptikimas gali pad\u0117ti i\u0161vengti rimtesni\u0173 problem\u0173 ateityje.<\/li>\n<li><strong>Tepimo prie\u017ei\u016bra:<\/strong> Tinkamas hidraulinio cilindro tepimas yra labai svarbus. Naudojant rekomenduojamus hidraulin\u0117s alyvos tipus ir u\u017etikrinant tinkam\u0105 cilindro tepim\u0105, i\u0161vengiama trinties ir susid\u0117v\u0117jimo, u\u017etikrinant skland\u0173 veikim\u0105. Planuokite \u012fprastin\u012f tepim\u0105 pagal gamintojo rekomendacijas arba naudojimo da\u017enum\u0105.<\/li>\n<li><strong>Sandariklio keitimas:<\/strong> Laikui b\u0117gant sandarikliai susid\u0117vi d\u0117l nuolatinio jud\u0117jimo ir s\u0105ly\u010dio su hidrauliniais skys\u010diais. Reguliariai tikrinkite sandarikli\u0173 b\u016bkl\u0119 ir prireikus juos keiskite, kad i\u0161laikytum\u0117te cilindro vientisum\u0105 ir i\u0161vengtum\u0117te nuot\u0117ki\u0173.<\/li>\n<\/ul>\n<h2>\u012erengimo gair\u0117s<\/h2>\n<p>Nor\u0117dami tinkamai sumontuoti svirties cilindr\u0105, laikykit\u0117s \u0161i\u0173 nurodym\u0173:<br \/>\n1. **Sulyginimas:** Prie\u0161 pritvirtindami cilindr\u0105, \u012fsitikinkite, kad jis tinkamai sulygiuotas su tvirtinimo ta\u0161kais. Neteisingas sulygiavimas gali sukelti prie\u0161laikin\u012f susid\u0117v\u0117jim\u0105 ir padid\u0117jus\u012f cilindro \u012ftempim\u0105.<br \/>\n2. **Naudokite tinkamus tvirtinimo laikiklius:** Cilindrui pritvirtinti naudokite rekomenduojamus tvirtinimo laikiklius. Tai pad\u0117s i\u0161vengti nereikalingo jud\u0117jimo ir galimos \u017ealos eksploatacijos metu.<br \/>\n3. **Hidraulin\u0117s jungtys:** \u012esitikinkite, kad visos hidraulin\u0117s jungtys yra sandarios ir be nuot\u0117ki\u0173. Tai apima \u017earn\u0173 ir jungiam\u0173j\u0173 detali\u0173 patikrinim\u0105, ar jos vientisos.<br \/>\n4. **Bandymas prie\u0161 visapusi\u0161k\u0105 naudojim\u0105:** \u012edieg\u0119 atlikite bandom\u0105j\u012f paleidim\u0105, kad \u012fsitikintum\u0117te, jog cilindras veikia skland\u017eiai, be joki\u0173 nuot\u0117ki\u0173 ar problem\u0173. Steb\u0117kite, ar n\u0117ra ne\u012fprast\u0173 gars\u0173 ar judesi\u0173, kurie gali rodyti problem\u0105.<\/p>\n<p><img decoding=\"async\" src=\"https:\/\/www.hydraulic-cylinders.net\/wp-content\/uploads\/2025\/04\/songte-chushion-collar.webp\" alt=\"Hidraulinio cilindro montavimas\" \/><\/p>\n<h2>Prie\u017ei\u016bros u\u017eduotys<\/h2>\n<ul>\n<li><strong>Reguliar\u016bs patikrinimai:<\/strong> Reguliariai tikrinkite hidraulin\u0119 sistem\u0105, kad nustatytum\u0117te bet kokius susid\u0117v\u0117jimo ar pa\u017eeidimo po\u017eymius. Tai apima \u017earn\u0173, sandarikli\u0173 ir paties cilindro patikrinim\u0105, siekiant u\u017etikrinti, kad viskas veikt\u0173 taip, kaip numatyta.<\/li>\n<li><strong>Tepimas:<\/strong> Tinkamas tepimas yra labai svarbus hidraulinio cilindro ilgaam\u017ei\u0161kumui. \u012esitikinkite, kad naudojama tinkamo tipo ir kiekio hidraulin\u0117 alyva, ir laikykit\u0117s gamintojo rekomendacij\u0173 d\u0117l tepimo interval\u0173.<\/li>\n<li><strong>Sandariklio keitimas ir kalibravimas:<\/strong> Nedelsdami keiskite susid\u0117v\u0117jusius sandariklius, kad i\u0161vengtum\u0117te nuot\u0117ki\u0173, ir reguliariai kalibruokite sistem\u0105, kad i\u0161laikytum\u0117te optimal\u0173 na\u0161um\u0105. Kalibravimo patikrinimai u\u017etikrina, kad sistema veikt\u0173 pagal nurodytus parametrus, taip suma\u017einant gedim\u0173 rizik\u0105.<\/li>\n<\/ul>\n<h2>Saugos aspektai ir aplinkos veiksniai<\/h2>\n<p>Naudojant hidraulines sistemas, saugos priemon\u0117s yra nepaprastai svarbios. Operatoriai tur\u0117t\u0173 b\u016bti apmokyti tinkamai naudoti hidraulin\u0119 \u012frang\u0105, \u012fskaitant supratim\u0105 apie galimus pavojus, susijusius su auk\u0161to sl\u0117gio sistemomis. Tai apima apsaugini\u0173 priemoni\u0173 d\u0117v\u0117jim\u0105 ir tinkam\u0173 eksploatavimo proced\u016br\u0173 laikym\u0105si. Renkantis hidraulinius cilindrus ir skys\u010dius, taip pat reik\u0117t\u0173 atsi\u017evelgti \u012f aplinkos veiksnius, tokius kaip ekstremali\u0173 temperat\u016br\u0173 ar korozini\u0173 med\u017eiag\u0173 poveikis, nes jie gali labai paveikti na\u0161um\u0105 ir saug\u0105.<\/p>\n<h2>Trik\u010di\u0173 \u0161alinimas ir da\u017eniausiai pasitaikan\u010dios problemos<\/h2>\n<ul>\n<li><strong>Hidraulini\u0173 skys\u010di\u0173 nuot\u0117kiai:<\/strong> Viena da\u017ena problema yra hidraulinio skys\u010dio nuot\u0117kis i\u0161 cilindro. Tai da\u017enai galima atsekti d\u0117l susid\u0117v\u0117jusi\u0173 sandarikli\u0173 arba pa\u017eeist\u0173 \u017earn\u0173. Reguliarios patikros gali pad\u0117ti anksti nustatyti \u0161ias problemas.<\/li>\n<li><strong>Nepakankama galia:<\/strong> Jei cilindras nesuteikia pakankamai keliamosios galios, tai gali b\u016bti d\u0117l nepakankamo hidraulinio skys\u010dio lygio arba sugedusio siurblio. Patikrinkite hidraulinio skys\u010dio lyg\u012f ir \u012fsitikinkite, kad siurblys veikia tinkamai.<\/li>\n<li><strong>Nenuoseklus jud\u0117jimas:<\/strong> Jei cilindras juda netolygiai arba netolygiai, tai gali rodyti or\u0105 hidraulin\u0117je sistemoje arba hidraulinio skys\u010dio u\u017eter\u0161tum\u0105. Gali tekti i\u0161leisti or\u0105 i\u0161 sistemos arba pakeisti skyst\u012f.<\/li>\n<\/ul>\n<p>Nor\u0117dami efektyviai pa\u0161alinti \u0161ias problemas, visada laikykit\u0117s gamintojo nurodym\u0173 ir reguliariai atlikite technin\u0117s prie\u017ei\u016bros patikrinimus, kad problemos neprogresuot\u0173.<\/p>\n<p><img decoding=\"async\" src=\"https:\/\/www.hydraulic-cylinders.net\/wp-content\/uploads\/2025\/04\/songte-bushings-with-all-kinds-of-excavator-models.webp\" alt=\"Hidraulinio cilindro trik\u010di\u0173 \u0161alinimas\" \/><\/p>\n<h2>\u012emon\u0117s ap\u017evalga<\/h2>\n<p>Esame pirmaujantis pakaitini\u0173 hidraulini\u0173 cilindr\u0173 gamintojas, si\u016blantis plat\u0173 gamini\u0173 asortiment\u0105, kuris \u012ftvirtino m\u016bs\u0173, kaip vieno i\u0161 geriausi\u0173 hidraulini\u0173 cilindr\u0173 gamintoj\u0173 ir didmenini\u0173 platintoj\u0173, pozicij\u0105 tiek vidaus, tiek tarptautin\u0117se rinkose. M\u016bs\u0173 \u012fsipareigojim\u0105 u\u017etikrinti i\u0161skirtin\u0119 kokyb\u0119 u\u017etikrina rafinuota gamybos strategija, pasitelkiant pa\u017eangias technologijas, kvalifikuotus darbuotojus ir patikim\u0105 tikrinimo sistem\u0105. Nuolat tobuliname savo gamybos paj\u0117gumus, u\u017etikrindami auk\u0161t\u0105 efektyvum\u0105, tikslum\u0105 ir kokyb\u0119, kad patenkintume \u012fvairius klient\u0173 poreikius. M\u016bs\u0173 gaminiai yra grie\u017etai testuojami, kad atitikt\u0173 tarptautinius standartus, ir si\u016blome individualius sprendimus, kad patenkintume konkre\u010dius klient\u0173 reikalavimus.<\/p>\n<p><img decoding=\"async\" src=\"https:\/\/www.hydraulic-cylinders.net\/wp-content\/uploads\/2025\/04\/songte-company-4.webp\" alt=\"\u012emon\u0117s ap\u017evalga\" \/><br \/>\n<img decoding=\"async\" src=\"https:\/\/www.hydraulic-cylinders.net\/wp-content\/uploads\/2025\/04\/songte-company-3.webp\" alt=\"\u012emon\u0117s gamyba\" \/><\/p>\n<p>M\u016bs\u0173 patirtis apima profesionalias paslaugas, tarptautinius sertifikatus, individuali\u0105 gamyb\u0105, moderniausi\u0105 gamybos \u012frang\u0105 ir visapusi\u0161k\u0105 aptarnavim\u0105 po pardavimo. Siekiame savo klientams suteikti ne tik auk\u0161tos kokyb\u0117s produktus, bet ir i\u0161skirtin\u012f aptarnavim\u0105 viso proceso metu \u2013 nuo \u200b\u200bu\u017eklausos iki pristatymo.<\/p>\n<p>Autorius: lyl<\/p>","protected":false},"excerpt":{"rendered":"<p>Boom Cylinder For Lishide Middle Excavator SC210.8 Introduction to Boom Cylinders The Boom Cylinder for Lishide Middle Excavator SC210.8 is a specialized hydraulic cylinder designed to control the movement of the bucket in various heavy machinery, such as excavators, backhoe loaders, and front loaders. This type of hydraulic cylinder enables the bucket to lift, lower, [&hellip;]<\/p>","protected":false},"featured_media":17869,"comment_status":"open","ping_status":"closed","template":"","meta":{"_et_pb_use_builder":"","_et_pb_old_content":"","_et_gb_content_width":""},"product_brand":[],"product_cat":[1546],"product_tag":[1547,1496],"class_list":{"0":"post-19259","1":"product","2":"type-product","3":"status-publish","4":"has-post-thumbnail","6":"product_cat-boom-cylinders","7":"product_tag-boom-cylinders","8":"product_tag-hydraulic-cylinders","10":"first","11":"instock","12":"shipping-taxable","13":"product-type-simple"},"amp_enabled":true,"_links":{"self":[{"href":"https:\/\/www.hydraulic-cylinders.net\/lt\/wp-json\/wp\/v2\/product\/19259","targetHints":{"allow":["GET"]}}],"collection":[{"href":"https:\/\/www.hydraulic-cylinders.net\/lt\/wp-json\/wp\/v2\/product"}],"about":[{"href":"https:\/\/www.hydraulic-cylinders.net\/lt\/wp-json\/wp\/v2\/types\/product"}],"replies":[{"embeddable":true,"href":"https:\/\/www.hydraulic-cylinders.net\/lt\/wp-json\/wp\/v2\/comments?post=19259"}],"wp:featuredmedia":[{"embeddable":true,"href":"https:\/\/www.hydraulic-cylinders.net\/lt\/wp-json\/wp\/v2\/media\/17869"}],"wp:attachment":[{"href":"https:\/\/www.hydraulic-cylinders.net\/lt\/wp-json\/wp\/v2\/media?parent=19259"}],"wp:term":[{"taxonomy":"product_brand","embeddable":true,"href":"https:\/\/www.hydraulic-cylinders.net\/lt\/wp-json\/wp\/v2\/product_brand?post=19259"},{"taxonomy":"product_cat","embeddable":true,"href":"https:\/\/www.hydraulic-cylinders.net\/lt\/wp-json\/wp\/v2\/product_cat?post=19259"},{"taxonomy":"product_tag","embeddable":true,"href":"https:\/\/www.hydraulic-cylinders.net\/lt\/wp-json\/wp\/v2\/product_tag?post=19259"}],"curies":[{"name":"wp","href":"https:\/\/api.w.org\/{rel}","templated":true}]}}