{"id":1926,"date":"2023-10-20T06:44:54","date_gmt":"2023-10-20T06:44:54","guid":{"rendered":"https:\/\/hydraulic-cylinders.net\/?post_type=product&#038;p=1926"},"modified":"2023-10-20T07:49:41","modified_gmt":"2023-10-20T07:49:41","slug":"hp21vg-series-swashplate-variable-double-hydraulic-pumps","status":"publish","type":"product","link":"https:\/\/www.hydraulic-cylinders.net\/lt\/produktas\/hp21vg-series-swashplate-variable-double-hydraulic-pumps\/","title":{"rendered":"HP21VG serijos kintamo dvigubo hidraulinio siurblio plok\u0161tiniai mechanizmai"},"content":{"rendered":"<h1 style=\"text-align: center;\"><strong>HP21VG serijos kintamo dvigubo hidraulinio siurblio plok\u0161tiniai mechanizmai<\/strong><\/h1>\n<p><img loading=\"lazy\" decoding=\"async\" class=\"aligncenter wp-image-1955\" src=\"https:\/\/hydraulic-cylinders.net\/wp-content\/uploads\/2023\/10\/hp21vg-series-swashplate-variable-double-pumps-1-300x300.webp\" alt=\"\" width=\"400\" height=\"400\" \/><\/p>\n<p>HP21VG serijos kintamo veikimo dvigubi hidrauliniai siurbliai su plok\u0161tine sija yra novatori\u0161ki ir didelio na\u0161umo hidrauliniai siurbliai, sukurti taip, kad atitikt\u0173 grie\u017etus \u0161iuolaikini\u0173 hidraulini\u0173 sistem\u0173 reikalavimus. D\u0117l pa\u017eangi\u0173 technologij\u0173 ir i\u0161skirtini\u0173 savybi\u0173 \u0161ie siurbliai u\u017etikrina tiksl\u0173 valdym\u0105, puik\u0173 galios perdavim\u0105 ir optimal\u0173 energijos vartojimo efektyvum\u0105. \u0160iame straipsnyje bus i\u0161samiai aptartos pagrindin\u0117s HP21VG serijos kintamo veikimo dvigub\u0173 hidraulini\u0173 siurbli\u0173 su plok\u0161tine sija charakteristikos, naudojimo b\u016bdai ir prie\u017ei\u016bros gair\u0117s.<\/p>\n<p>HP21VG serijos kintamo veikimo dvigubi hidrauliniai siurbliai su slankiojan\u010dia plok\u0161tele pasi\u017eymi i\u0161skirtiniu na\u0161umu ir efektyvumu hidraulin\u0117ms sistemoms. D\u0117l kintamo veikimo dvigubo siurblio konfig\u016bracijos ir didelio sl\u0117gio \u0161ie siurbliai u\u017etikrina tiksl\u0173 valdym\u0105 ir patikim\u0105 galios perdavim\u0105. Laikantis rekomenduojam\u0173 naudojimo metod\u0173 ir reguliarios prie\u017ei\u016bros praktikos, HP21VG serijos siurbliai ir toliau u\u017etikrins puik\u0173 na\u0161um\u0105, prisid\u0117dami prie hidraulini\u0173 sistem\u0173 s\u0117km\u0117s. I\u0161naudokite HP21VG serijos kintamo veikimo dvigub\u0173 hidraulini\u0173 siurbli\u0173 su slankiojan\u010dia plok\u0161te efektyvum\u0105 ir gali\u0105, kad optimizuotum\u0117te savo hidraulin\u0117s sistemos galimybes.<\/p>\n<p>HP21VG serijos kintamo veikimo dvigub\u0173 hidraulini\u0173 siurbli\u0173 pagrindin\u0117s charakteristikos:<\/p>\n<ul>\n<li>Kintamo pos\u016bkio plok\u0161t\u0117s konstrukcija: HP21VG serijos hidrauliniai siurbliai pasi\u017eymi kintamo pos\u016bkio plok\u0161t\u0117s konstrukcija, leid\u017eian\u010dia tiksliai reguliuoti siurblio pos\u016bkio kamp\u0105. \u0160i funkcija leid\u017eia tiksliai valdyti siurblio na\u0161um\u0105, padidinti efektyvum\u0105 ir suma\u017einti energijos suvartojim\u0105.<\/li>\n<li>Dvigubo siurblio konfig\u016bracija: \u0160ie siurbliai naudoja dvigubo siurblio konfig\u016bracij\u0105, kuri\u0105 sudaro du nepriklausomi siurbli\u0173 blokai, integruoti \u012f vien\u0105 korpus\u0105. \u0160i konfig\u016bracija suteikia kompakti\u0161kumo prana\u0161um\u0105 ir leid\u017eia siurblius valdyti atskirai arba kartu, atsi\u017evelgiant \u012f hidraulin\u0117s sistemos reikalavimus.<\/li>\n<li>Didelis sl\u0117gis ir srautas: HP21VG serijos siurbliai puikiai tinka auk\u0161to sl\u0117gio sistemoms d\u0117l savo tvirtos konstrukcijos ir pa\u017eangios in\u017einerijos. Jie pasi\u017eymi i\u0161skirtiniu sl\u0117gio na\u0161umu ir t\u016briniu srautu, tod\u0117l tinka \u012fvairioms pramonin\u0117ms reikm\u0117ms.<\/li>\n<li>Efektyvus galios perdavimas: \u0161ie hidrauliniai siurbliai u\u017etikrina efektyv\u0173 galios perdavim\u0105, o tai pagerina sistemos na\u0161um\u0105. Tikslios j\u0173 valdymo galimyb\u0117s leid\u017eia hidraulinei sistemai greitai ir tiksliai reaguoti \u012f darbo kr\u016bvio poky\u010dius, optimizuojant bendr\u0105 na\u0161um\u0105.<\/li>\n<\/ul>\n<h2><strong>HP21VG serijos kintamo dvigubo hidraulinio siurblio plok\u0161tinis parametras:<\/strong><\/h2>\n<table class=\"table table-bordered table-hover table-colored\" width=\"721\" data-sort=\"sortDisabled\">\n<tbody>\n<tr class=\"firstRow\">\n<td colspan=\"3\" align=\"left\" valign=\"middle\">Specifikacija<\/td>\n<td colspan=\"1\" rowspan=\"1\" align=\"center\" valign=\"middle\" width=\"null\">21<\/td>\n<td align=\"center\" valign=\"middle\">45<\/td>\n<\/tr>\n<tr>\n<td colspan=\"3\" align=\"left\" valign=\"middle\">Geometrinis poslinkis cm\u00b3\/aps.<\/td>\n<td colspan=\"1\" rowspan=\"1\" align=\"center\" valign=\"middle\" width=\"null\">21*21<\/td>\n<td align=\"center\" valign=\"middle\">45*2<\/td>\n<\/tr>\n<tr>\n<td rowspan=\"3\" align=\"left\" valign=\"middle\">Greitis<\/td>\n<td colspan=\"2\" align=\"left\" valign=\"middle\">Nominalus aps.\/min.<\/td>\n<td colspan=\"1\" rowspan=\"1\" align=\"center\" valign=\"middle\" width=\"null\">3300<\/td>\n<td align=\"center\" valign=\"middle\">3300<\/td>\n<\/tr>\n<tr>\n<td colspan=\"2\" align=\"left\" valign=\"middle\">maks. aps.\/min.<\/td>\n<td colspan=\"1\" rowspan=\"1\" align=\"center\" valign=\"middle\" width=\"null\">3600<\/td>\n<td align=\"center\" valign=\"middle\">3550<\/td>\n<\/tr>\n<tr>\n<td colspan=\"2\" align=\"left\" valign=\"middle\">Min. aps.\/min.<\/td>\n<td colspan=\"1\" rowspan=\"1\" align=\"center\" valign=\"middle\" width=\"null\">500<\/td>\n<td align=\"center\" valign=\"middle\">500<\/td>\n<\/tr>\n<tr>\n<td rowspan=\"4\" align=\"left\" valign=\"middle\">Sl\u0117gis<\/td>\n<td colspan=\"2\" align=\"left\" valign=\"middle\">\u012evertinta juosta<\/td>\n<td colspan=\"1\" rowspan=\"1\" align=\"center\" valign=\"middle\" width=\"null\">200<\/td>\n<td align=\"center\" valign=\"middle\">420<\/td>\n<\/tr>\n<tr>\n<td colspan=\"2\" align=\"left\" valign=\"middle\">Maks. baras<\/td>\n<td colspan=\"1\" rowspan=\"1\" align=\"center\" valign=\"middle\" width=\"null\">250<\/td>\n<td align=\"center\" valign=\"middle\">450<\/td>\n<\/tr>\n<tr>\n<td rowspan=\"2\" align=\"left\" valign=\"middle\">Min. baras<\/td>\n<td align=\"left\" valign=\"middle\">Auk\u0161to sl\u0117gio pus\u0117<\/td>\n<td colspan=\"1\" rowspan=\"1\" align=\"center\" valign=\"middle\" width=\"null\">25<\/td>\n<td align=\"center\" valign=\"middle\">25<\/td>\n<\/tr>\n<tr>\n<td align=\"left\" valign=\"middle\">\u017demo sl\u0117gio pus\u0117je<\/td>\n<td colspan=\"1\" rowspan=\"1\" align=\"center\" valign=\"middle\" width=\"null\">10<\/td>\n<td align=\"center\" valign=\"middle\">10<\/td>\n<\/tr>\n<tr>\n<td colspan=\"3\" rowspan=\"1\" align=\"left\" valign=\"middle\">Alyvos klampumas (mm<sup>2<\/sup>\/s)<\/td>\n<td colspan=\"2\" rowspan=\"1\" align=\"center\" valign=\"middle\">10\u20131000, geriausias diapazonas: 16\u201336<\/td>\n<\/tr>\n<tr>\n<td colspan=\"3\" align=\"left\" valign=\"middle\">Alyvos temperat\u016bra (\u2103)<\/td>\n<td colspan=\"1\" rowspan=\"1\" align=\"center\" valign=\"middle\" width=\"null\">-20~80<\/td>\n<td align=\"center\" valign=\"middle\">-20~95<\/td>\n<\/tr>\n<tr>\n<td colspan=\"3\" align=\"left\" valign=\"middle\">Alyvos \u0161vara<\/td>\n<td colspan=\"2\" rowspan=\"1\" align=\"center\" valign=\"middle\">ISO 4406 20\/18\/15 arba auk\u0161tesn\u0117 klas\u0117<\/td>\n<\/tr>\n<tr>\n<td colspan=\"3\" align=\"left\" valign=\"middle\">Svoris (kg)<\/td>\n<td colspan=\"1\" rowspan=\"1\" align=\"center\" valign=\"middle\" width=\"null\">25.9<\/td>\n<td align=\"center\" valign=\"middle\">56<\/td>\n<\/tr>\n<\/tbody>\n<\/table>\n<h2><strong>HP21VG serijos kintamo dvigubo hidraulinio siurblio su slankiojan\u010dia plok\u0161te privalumai:<\/strong><\/h2>\n<p>\u2022 A\u0161inis st\u016bmoklinis siurblys su slankiojan\u010dia plok\u0161te, skirtas judan\u010dioms ma\u0161inoms, tokioms kaip mini krautuvai.<br \/>\n\u2022 Kompakti\u0161kas dydis, ma\u017ea \u012frengimo vieta<br \/>\n\u2022 Galima sukurti \u012fvairius valdymo re\u017eimus, tokius kaip hidraulinis valdymas, elektroninis valdymas ir rankinis valdymas.<br \/>\n\u2022 DA valdymo vo\u017etuvo ir avarinio u\u017edarymo vo\u017etuvo derinys ir kt. (HP21VG45)<br \/>\n\u2022 Dviem grandin\u0117ms bendrai naudojama tik viena i\u0161leidimo anga<\/p>\n<h2><strong>HP21VG serijos kintamo dvigubo hidraulinio siurblio plok\u0161tiniai mechanizmai <\/strong><strong>Taikymas:<\/strong><\/h2>\n<p><img loading=\"lazy\" decoding=\"async\" class=\"alignnone wp-image-1958 size-full\" src=\"https:\/\/hydraulic-cylinders.net\/wp-content\/uploads\/2023\/10\/hp21vg-series-swashplate-variable-double-pumps-2.webp\" alt=\"\" width=\"1151\" height=\"226\" srcset=\"https:\/\/hydraulic-cylinders.net\/wp-content\/uploads\/2023\/10\/hp21vg-series-swashplate-variable-double-pumps-2.webp 1151w, https:\/\/hydraulic-cylinders.net\/wp-content\/uploads\/2023\/10\/hp21vg-series-swashplate-variable-double-pumps-2-980x192.webp 980w, https:\/\/hydraulic-cylinders.net\/wp-content\/uploads\/2023\/10\/hp21vg-series-swashplate-variable-double-pumps-2-480x94.webp 480w\" sizes=\"(min-width: 0px) and (max-width: 480px) 480px, (min-width: 481px) and (max-width: 980px) 980px, (min-width: 981px) 1151px, 100vw\" \/><\/p>\n<h2><strong>HP21VG serijos kintamo dvigubo hidraulinio siurblio su slankiojan\u010dia plok\u0161te naudojimo b\u016bdas<\/strong><strong>:<\/strong><\/h2>\n<ul>\n<li><strong>Siurblio montavimas:<\/strong> Pasirinkite tinkam\u0105 viet\u0105 hidraulin\u0117je sistemoje, kad sumontuotum\u0117te HP21VG serijos kintamo plo\u010dio dvigubus hidraulinius siurblius. \u012esitikinkite, kad jie tinkamai sulygiuoti, ir tvirtai pritvirtinkite siurblius prie sistemos konstrukcijos naudodami tinkamus tvirtinimo laikiklius arba priedus.<\/li>\n<li><strong>Skys\u010di\u0173 suderinamumas:<\/strong> Patikrinkite, ar sistemoje naudojamas hidraulinis skystis suderinamas su HP21VG serijos siurbliais. \u017dr. gamintojo rekomendacijas d\u0117l atitinkamo skys\u010dio tipo, klampumo ir temperat\u016bros diapazono. Reguliariai steb\u0117kite ir pri\u017ei\u016br\u0117kite hidraulin\u012f skyst\u012f, kad u\u017etikrintum\u0117te tinkam\u0105 siurblio veikim\u0105 ir ilgaam\u017ei\u0161kum\u0105.<\/li>\n<li><strong>Integracija su hidrauline sistema:<\/strong> Prijunkite siurblius prie hidraulin\u0117s sistemos naudodami suderinamas \u017earnas, jungiam\u0105sias detales ir vo\u017etuvus. \u012esitikinkite, kad visos jungtys yra tvirtos, be nuot\u0117ki\u0173 ir tinkamai priver\u017etos, kad b\u016bt\u0173 u\u017etikrintas optimalus hidraulinis veikimas.<\/li>\n<li><strong>Valdymas ir reguliavimas:<\/strong> Susipa\u017einkite su HP21VG serijos siurbli\u0173 valdymo parinktimis. Sureguliuokite siurblio st\u016bmoklio kamp\u0105 ir valdymo parametrus pagal konkre\u010dius hidraulin\u0117s sistemos reikalavimus. Tai leid\u017eia tiksliai valdyti siurblio na\u0161um\u0105 ir u\u017etikrina optimal\u0173 na\u0161um\u0105.<\/li>\n<\/ul>\n<h2><strong>Kaip i\u0161matuoti hidraulin\u012f cilindr\u0105?<\/strong><\/h2>\n<p>Tikslus hidraulinio cilindro matavimas yra b\u016btinas norint nustatyti tinkamas pakaitines ar remonto dalis. Nor\u0117dami efektyviai i\u0161matuoti hidraulin\u012f cilindr\u0105, atlikite \u0161iuos veiksmus:<\/p>\n<ol>\n<li><strong>Nustatykite cilindro tip\u0105:<\/strong><br \/>\nNustatykite, ar hidraulinis cilindras yra vienpusio, ar dvipusio veikimo. Vienpusio veikimo cilindrai turi vien\u0105 hidraulinio skys\u010dio ang\u0105, o dvipusio veikimo cilindrai \u2013 dvi.<\/li>\n<li><strong>I\u0161matuokite angos skersmen\u012f:<\/strong><br \/>\nCilindro kiaurym\u0117s skersmuo rei\u0161kia cilindro korpuso vidin\u012f skersmen\u012f. Nor\u0117dami j\u012f i\u0161matuoti, atlikite \u0161iuos veiksmus:<\/p>\n<ul>\n<li>\u012esitikinkite, kad cilindras yra visi\u0161kai \u012ftrauktas arba i\u0161skleistas, priklausomai nuo cilindro tipo.<\/li>\n<li>Cilindro korpuso vidiniam skersmeniui i\u0161matuoti naudokite slankmat\u012f arba mikrometr\u0105. Atlikite kelis matavimus skirtinguose ta\u0161kuose ir apskai\u010diuokite j\u0173 vidurk\u012f, kad u\u017etikrintum\u0117te tikslum\u0105.<\/li>\n<li>U\u017era\u0161ykite gr\u0119\u017einio skersmen\u012f coliais arba milimetrais.<\/li>\n<\/ul>\n<\/li>\n<li><strong>I\u0161matuokite strypo skersmen\u012f:<\/strong><br \/>\nSt\u016bmoklio koto skersmuo rei\u0161kia i\u0161 cilindro i\u0161siki\u0161usio st\u016bmoklio koto skersmen\u012f. \u0160tai kaip j\u012f i\u0161matuoti:<\/p>\n<ul>\n<li>\u012esitikinkite, kad cilindras yra visi\u0161kai \u012ftrauktas arba i\u0161skleistas, priklausomai nuo cilindro tipo.<\/li>\n<li>Strypo skersmeniui i\u0161matuoti naudokite slankmat\u012f arba mikrometr\u0105. V\u0117lgi, atlikite kelis matavimus skirtinguose ta\u0161kuose ir tikslumui apskai\u010diuokite j\u0173 vidurk\u012f.<\/li>\n<li>U\u017era\u0161ykite strypo skersmen\u012f coliais arba milimetrais.<\/li>\n<\/ul>\n<\/li>\n<li><strong>Nustatykite sm\u016bg\u012f ilg\u012f:<\/strong><br \/>\nSt\u016bmoklio eigos ilgis rei\u0161kia bendr\u0105 atstum\u0105, kur\u012f st\u016bmoklio kotas gali nueiti cilindre. Nor\u0117dami j\u012f i\u0161matuoti:<\/p>\n<ul>\n<li>Visi\u0161kai i\u0161tieskite cilindr\u0105 ir i\u0161matuokite atstum\u0105 nuo tvirtinimo angos centro viename gale iki tvirtinimo angos centro kitame gale.<\/li>\n<li>U\u017era\u0161ykite sm\u016bgio ilg\u012f coliais arba milimetrais.<\/li>\n<\/ul>\n<\/li>\n<li><strong>Nustatykite tvirtinimo stili\u0173:<\/strong><br \/>\nNustatykite cilindro tvirtinimo b\u016bd\u0105, kuris gali skirtis priklausomai nuo taikymo. \u012eprasti tvirtinimo b\u016bdai yra flan\u0161as, \u0161ak\u0117, a\u0161is ir kojel\u0117. Atkreipkite d\u0117mes\u012f \u012f konkret\u0173 tvirtinimo b\u016bd\u0105, kad u\u017etikrintum\u0117te suderinamum\u0105 su atsargin\u0117mis arba remontuojamomis dalimis.<\/li>\n<li><strong>Pastaba d\u0117l papildom\u0173 specifikacij\u0173:<\/strong><br \/>\nPriklausomai nuo konkretaus hidraulinio cilindro, gali b\u016bti atsi\u017evelgta \u012f papildomas specifikacijas. Tai gali b\u016bti bendras cilindro ilgis, ang\u0173 tipas ir dydis bei bet kokios specialios savyb\u0117s ar modifikacijos.<\/li>\n<\/ol>\n<h2><strong>Gamyklos paj\u0117gumai ir talpa:<\/strong><\/h2>\n<h3>(1) Surinkimas<\/h3>\n<p>Turime pirmos klas\u0117s nepriklausom\u0105 tyrim\u0173 ir pl\u0117tros surinkimo platform\u0105. Hidraulini\u0173 cilindr\u0173 gamybos ceche yra keturios pusiau automatin\u0117s k\u0117limo cilindr\u0173 surinkimo linijos ir viena automatin\u0117 pakreipimo cilindr\u0173 surinkimo linija, kuri\u0173 projektinis metinis gamybos paj\u0117gumas yra 1 milijonas vienet\u0173. Speciali\u0173j\u0173 cilindr\u0173 ceche \u012frengta \u012fvairi\u0173 specifikacij\u0173 pusiau automatin\u0117 valymo surinkimo sistema, kurios projektinis metinis gamybos paj\u0117gumas yra 200 000 vienet\u0173, ir garsi CNC apdirbimo \u012franga, apdirbimo centras, didelio tikslumo cilindr\u0173 apdirbimo speciali \u012franga, robotinis suvirinimo aparatas, automatinis valymo aparatas, automatinis cilindr\u0173 surinkimo aparatas ir automatin\u0117 da\u017eymo gamybos linija. Esama daugiau nei 300 rinkini\u0173 (komplekt\u0173) kritin\u0117 \u012franga. Optimalus \u012frangos i\u0161tekli\u0173 paskirstymas ir efektyvus naudojimas u\u017etikrina gamini\u0173 tikslumo reikalavimus ir auk\u0161tus gamini\u0173 kokyb\u0117s poreikius.<\/p>\n<p><img loading=\"lazy\" decoding=\"async\" class=\"alignnone wp-image-626\" src=\"https:\/\/hydraulic-cylinders.net\/wp-content\/uploads\/2023\/08\/hydraulic-cylinder-product-1-300x158.webp\" alt=\"\" width=\"495\" height=\"260\" srcset=\"https:\/\/hydraulic-cylinders.net\/wp-content\/uploads\/2023\/08\/hydraulic-cylinder-product-1-300x158.webp 495w, https:\/\/hydraulic-cylinders.net\/wp-content\/uploads\/2023\/08\/hydraulic-cylinder-product-1-480x252.webp 480w\" sizes=\"(min-width: 0px) and (max-width: 480px) 480px, (min-width: 481px) 495px, 100vw\" \/> <img loading=\"lazy\" decoding=\"async\" class=\"alignnone wp-image-627\" src=\"https:\/\/hydraulic-cylinders.net\/wp-content\/uploads\/2023\/08\/hydraulic-cylinder-product-2-300x189.webp\" alt=\"\" width=\"413\" height=\"260\" \/><\/p>\n<h3>(2) Apdirbimas<\/h3>\n<p>Mechaninio apdirbimo ceche \u012frengtas pritaikytas nuo\u017eulnaus b\u0117gio tekinimo centras, apdirbimo centras, greitaeigis galandimo stakl\u0117s, suvirinimo robotas ir kita susijusi \u012franga, galinti apdirbti cilindrinius vamzd\u017eius, kuri\u0173 maksimalus vidinis skersmuo yra 400 mm, o maksimalus ilgis \u2013 6 metrai.<\/p>\n<p><img loading=\"lazy\" decoding=\"async\" class=\"alignnone wp-image-628 size-large\" src=\"https:\/\/hydraulic-cylinders.net\/wp-content\/uploads\/2023\/08\/hydraulic-cylinder-product-3-1024x391.webp\" alt=\"\" width=\"1024\" height=\"391\" srcset=\"https:\/\/hydraulic-cylinders.net\/wp-content\/uploads\/2023\/08\/hydraulic-cylinder-product-3-980x374.webp 980w, https:\/\/hydraulic-cylinders.net\/wp-content\/uploads\/2023\/08\/hydraulic-cylinder-product-3-480x183.webp 480w\" sizes=\"(min-width: 0px) and (max-width: 480px) 480px, (min-width: 481px) and (max-width: 980px) 980px, (min-width: 981px) 1024px, 100vw\" \/><\/p>\n<h3>(3) Suvirinimas<\/h3>\n<p><img loading=\"lazy\" decoding=\"async\" class=\"alignnone wp-image-629 size-large\" src=\"https:\/\/hydraulic-cylinders.net\/wp-content\/uploads\/2023\/08\/hydraulic-cylinder-product-4-1024x510.webp\" alt=\"\" width=\"1024\" height=\"510\" srcset=\"https:\/\/hydraulic-cylinders.net\/wp-content\/uploads\/2023\/08\/hydraulic-cylinder-product-4-980x488.webp 980w, https:\/\/hydraulic-cylinders.net\/wp-content\/uploads\/2023\/08\/hydraulic-cylinder-product-4-480x239.webp 480w\" sizes=\"(min-width: 0px) and (max-width: 480px) 480px, (min-width: 481px) and (max-width: 980px) 980px, (min-width: 981px) 1024px, 100vw\" \/><\/p>\n<h3>(4) Da\u017eymas ir dengimas<\/h3>\n<p>Su ma\u017eomis ir vidutinio dyd\u017eio cilindrin\u0117mis automatin\u0117mis vandens pagrindo da\u017e\u0173 dengimo linijomis, siekiant automatinio robot\u0173 pakrovimo ir i\u0161krovimo bei automatinio pur\u0161kimo, projektinis paj\u0117gumas yra 4000 vienet\u0173 per pamain\u0105;<br \/>\nTaip pat turime pusiau automatin\u0119 dideli\u0173 cilindr\u0173 da\u017e\u0173 gamybos linij\u0105, varom\u0105 grandin\u0117s, kurios projektinis na\u0161umas yra 60 d\u0117\u017ei\u0173 per pamain\u0105.<\/p>\n<p><img loading=\"lazy\" decoding=\"async\" class=\"alignnone wp-image-630\" src=\"https:\/\/hydraulic-cylinders.net\/wp-content\/uploads\/2023\/08\/hydraulic-cylinder-product-5-300x213.webp\" alt=\"\" width=\"366\" height=\"260\" \/> <img loading=\"lazy\" decoding=\"async\" class=\"alignnone wp-image-631\" src=\"https:\/\/hydraulic-cylinders.net\/wp-content\/uploads\/2023\/08\/hydraulic-cylinder-product-6-300x225.webp\" alt=\"\" width=\"347\" height=\"260\" \/><\/p>\n<h3>(5) Testavimas<\/h3>\n<p>Turime auk\u0161\u010diausios klas\u0117s patikros patalpas ir bandym\u0173 stendus, kad u\u017etikrintume, jog baliono veikimas atitinka reikalavimus.<\/p>\n<p><img loading=\"lazy\" decoding=\"async\" class=\"alignnone wp-image-632\" src=\"https:\/\/hydraulic-cylinders.net\/wp-content\/uploads\/2023\/08\/hydraulic-cylinder-product-8-300x200.webp\" alt=\"\" width=\"389\" height=\"260\" \/><\/p>\n<p>&nbsp;<\/p>\n<p>&nbsp;<\/p>\n<p>Esame vienas geriausi\u0173 hidraulini\u0173 cilindr\u0173 gamintoj\u0173. Galime pasi\u016blyti i\u0161samius hidraulinius cilindrus. Taip pat teikiame atitinkamus <a href=\"https:\/\/hzpt.com\/agricultural-pto-gearbox\/\" target=\"_blank\" rel=\"noopener\">\u017eem\u0117s \u016bkio pavar\u0173 d\u0117\u017e\u0117s<\/a>Mes eksportuojame savo gaminius klientams visame pasaulyje ir peln\u0117me ger\u0105 reputacij\u0105 d\u0117l auk\u0161\u010diausios gamini\u0173 kokyb\u0117s ir aptarnavimo po pardavimo. Mes laukiame klient\u0173 \u0161alyje ir u\u017esienyje, norin\u010di\u0173 susisiekti su mumis der\u0117tis d\u0117l verslo, keistis informacija ir... <a href=\"https:\/\/www.hydraulic-cylinders.net\/lt\/contact-us\/\">bendradarbiauti su mumis<\/a>!<\/p>\n<p>&nbsp;<\/p>","protected":false},"excerpt":{"rendered":"<p>HP21VG Series Swashplate Variable Double Hydraulic Pumps The HP21VG series swashplate variable double hydraulic pumps are innovative and high-performance hydraulic pumps designed to meet the demanding requirements of modern hydraulic systems. With advanced technology and exceptional features, these pumps deliver precise control, superior power transmission, and optimal energy efficiency. This article will delve into the [&hellip;]<\/p>","protected":false},"featured_media":1957,"comment_status":"open","ping_status":"closed","template":"","meta":{"_et_pb_use_builder":"","_et_pb_old_content":"","_et_gb_content_width":""},"product_brand":[],"product_cat":[1425],"product_tag":[1426],"class_list":{"0":"post-1926","1":"product","2":"type-product","3":"status-publish","4":"has-post-thumbnail","6":"product_cat-piston-pump","7":"product_tag-hydraulic-pump","9":"first","10":"instock","11":"shipping-taxable","12":"product-type-simple"},"amp_enabled":true,"_links":{"self":[{"href":"https:\/\/www.hydraulic-cylinders.net\/lt\/wp-json\/wp\/v2\/product\/1926","targetHints":{"allow":["GET"]}}],"collection":[{"href":"https:\/\/www.hydraulic-cylinders.net\/lt\/wp-json\/wp\/v2\/product"}],"about":[{"href":"https:\/\/www.hydraulic-cylinders.net\/lt\/wp-json\/wp\/v2\/types\/product"}],"replies":[{"embeddable":true,"href":"https:\/\/www.hydraulic-cylinders.net\/lt\/wp-json\/wp\/v2\/comments?post=1926"}],"wp:featuredmedia":[{"embeddable":true,"href":"https:\/\/www.hydraulic-cylinders.net\/lt\/wp-json\/wp\/v2\/media\/1957"}],"wp:attachment":[{"href":"https:\/\/www.hydraulic-cylinders.net\/lt\/wp-json\/wp\/v2\/media?parent=1926"}],"wp:term":[{"taxonomy":"product_brand","embeddable":true,"href":"https:\/\/www.hydraulic-cylinders.net\/lt\/wp-json\/wp\/v2\/product_brand?post=1926"},{"taxonomy":"product_cat","embeddable":true,"href":"https:\/\/www.hydraulic-cylinders.net\/lt\/wp-json\/wp\/v2\/product_cat?post=1926"},{"taxonomy":"product_tag","embeddable":true,"href":"https:\/\/www.hydraulic-cylinders.net\/lt\/wp-json\/wp\/v2\/product_tag?post=1926"}],"curies":[{"name":"wp","href":"https:\/\/api.w.org\/{rel}","templated":true}]}}