{"id":19263,"date":"2025-04-07T06:23:39","date_gmt":"2025-04-07T06:23:39","guid":{"rendered":"https:\/\/www.hydraulic-cylinders.net\/product\/boom-cylinder-for-lishide-middle-excavator-sc270-8lc\/"},"modified":"2025-04-07T06:23:42","modified_gmt":"2025-04-07T06:23:42","slug":"boom-cylinder-for-lishide-middle-excavator-sc270-8lc","status":"publish","type":"product","link":"https:\/\/www.hydraulic-cylinders.net\/lt\/produktas\/boom-cylinder-for-lishide-middle-excavator-sc270-8lc\/","title":{"rendered":"\u201eLishide\u201c vidutinio ekskavatoriaus SC270.8LC str\u0117l\u0117s cilindras"},"content":{"rendered":"<h1>\u201eLishide\u201c vidutinio ekskavatoriaus SC270.8LC str\u0117l\u0117s cilindras<\/h1>\n<h2>\u012evadas \u012f str\u0117l\u0117s cilindrus<\/h2>\n<p>Str\u0117l\u0117s cilindras yra labai svarbus sunki\u0173j\u0173 ma\u0161in\u0173 hidraulini\u0173 sistem\u0173 komponentas, specialiai sukurtas kau\u0161o jud\u0117jimui valdyti \u012fvairiose srityse, tokiose kaip ekskavatoriai, ekskavatoriai ir frontaliniai krautuvai. Jis leid\u017eia kau\u0161ui pakelti, nuleisti ir pakreipti, taip palengvindamas med\u017eiag\u0173 tvarkymo u\u017eduotis. D\u0117l savo tvirtos konstrukcijos str\u0117l\u0117s cilindras atlieka esmin\u012f vaidmen\u012f didinant statybos ir \u017eem\u0117s \u016bkio darb\u0173 efektyvum\u0105 ir veiksmingum\u0105.<\/p>\n<p><img decoding=\"async\" src=\"https:\/\/www.hydraulic-cylinders.net\/wp-content\/uploads\/2025\/04\/songte-company-1.webp\" alt=\"Str\u0117l\u0117s cilindras\" \/><\/p>\n<h3>Str\u0117l\u0117s cilindr\u0173 apibr\u0117\u017eimas<\/h3>\n<p>Str\u0117l\u0117s cilindras, dar \u017einomas kaip kau\u0161o cilindras, yra specializuotas hidraulinis cilindras, kuris yra neatsiejama sunkiosios \u012frangos veikimo dalis. \u0160ie cilindrai panaudoja hidraulin\u012f sl\u0117g\u012f, kad u\u017etikrint\u0173 skland\u017eius ir galingus judesius, tod\u0117l jie yra nepakei\u010diami atliekant \u017eem\u0117s kasimo ir med\u017eiag\u0173 tvarkymo u\u017eduotis. Jie sukurti taip, kad atlaikyt\u0173 ekstremalias s\u0105lygas ir dideles apkrovas, u\u017etikrindami patikim\u0105 veikim\u0105 \u012fvairiose darbo aplinkose.<\/p>\n<h2>Str\u0117l\u0117s cilindro savyb\u0117s<\/h2>\n<ul>\n<li><strong>Didelis stiprumas ir ilgaam\u017ei\u0161kumas:<\/strong> Paprastai pagaminti i\u0161 didelio stiprumo plieno arba aliuminio, galintys atlaikyti auk\u0161t\u0105 sl\u0117g\u012f ir dideles apkrovas, tuo pa\u010diu metu atlaikydami at\u0161iaurias darbo s\u0105lygas.<\/li>\n<li><strong>Efektyvus hidraulinis valdymas:<\/strong> Naudoja hidraulin\u0117s alyvos sl\u0117g\u012f, kad b\u016bt\u0173 pasiektas sklandus i\u0161pl\u0117timas ir \u012ftraukimas, leid\u017eiantis greitai reaguoti \u012f valdymo komandas ir u\u017etikrinti didel\u0119 st\u016bm\u0105 sunkiems kroviniams kelti.<\/li>\n<li><strong>\u012evair\u016bs tipai:<\/strong> Si\u016blomi vienpusio veikimo (hidraulinis valdymas viena kryptimi) arba dvipusio veikimo (hidraulinis valdymas abiem kryptimis) cilindr\u0173 variantai, kad b\u016bt\u0173 patenkinti \u012fvair\u016bs eksploatavimo poreikiai.<\/li>\n<li><strong>Viet\u0105 taupantis dizainas:<\/strong> Kai kurie modeliai yra teleskopiniai, tod\u0117l juos galima labiau i\u0161tiesti nepadidinant i\u0161orini\u0173 matmen\u0173, tod\u0117l jie tinka naudoti ribotoje erdv\u0117je.<\/li>\n<li><strong>Atsparumas korozijai:<\/strong> Sukurta i\u0161 med\u017eiag\u0173, kurios atsparios korozijai, prailgina tarnavimo laik\u0105 ir suma\u017eina prie\u017ei\u016bros poreik\u012f.<\/li>\n<\/ul>\n<h2>Gamybos paj\u0117gumai<\/h2>\n<p>Specializuojam\u0117s str\u0117l\u0117s cilindr\u0173, kurie puikiai pakei\u010dia esamus hidraulinius cilindrus, gamyboje. M\u016bs\u0173 patirtis u\u017etikrina, kad m\u016bs\u0173 gaminiai atitinka arba pranoksta originalios \u012frangos na\u0161um\u0105.<\/p>\n<p><img decoding=\"async\" src=\"https:\/\/www.hydraulic-cylinders.net\/wp-content\/uploads\/2025\/04\/songte-cylinder-head-with-all-kinds-excavator-models.webp\" alt=\"Hidraulini\u0173 cilindr\u0173 gamyba\" \/><\/p>\n<h2>Str\u0117l\u0117s cilindro pritaikymas<\/h2>\n<h3>Statybin\u0117 \u012franga<\/h3>\n<p>Ekskavatoriuose str\u0117l\u0117s cilindrai yra labai svarb\u016bs kasant, kraunant ir perkeliant grunt\u0105 ar \u0161iuk\u0161les. Jie suteikia reikiam\u0105 gali\u0105 prasiskverbti \u012f \u012fvairias med\u017eiagas, u\u017etikrindami efektyvum\u0105 atliekant kasimo darbus. Tikslus \u0161i\u0173 cilindr\u0173 valdymas padidina ma\u0161inos universalum\u0105, leisdamas operatoriams atlikti kelias funkcijas nepakenkiant na\u0161umui.<\/p>\n<h3>\u017dem\u0117s \u016bkio technika<\/h3>\n<p>Priekiniuose krautuvuose str\u0117l\u0117s cilindrai naudojami dirvo\u017eemiui, \u0161ienui ir kitoms med\u017eiagoms semti, kelti ir transportuoti. Tvirta j\u0173 konstrukcija leid\u017eia jiems valdyti sunkius krovinius ir i\u0161laikyti veiklos efektyvum\u0105. \u0160i\u0173 cilindr\u0173 tiekiama hidraulin\u0117 galia leid\u017eia efektyviai pakrauti ir i\u0161krauti, tod\u0117l jie yra ne\u012fkainojami \u017eem\u0117s \u016bkio darbuose.<\/p>\n<h3>Ekskavatoriai<\/h3>\n<p>Ekskavatoriai kasimo veiksmams atlikti naudoja str\u0117l\u0117s cilindrus, tod\u0117l kau\u0161as gali giliai \u012fsiskverbti \u012f dirv\u0105. \u0160i funkcija yra b\u016btina statybos projektuose, kuriuose reikia kasti pamatus ar tran\u0161\u0117jas. Hidraulin\u0117s sistemos konstrukcija u\u017etikrina optimal\u0173 na\u0161um\u0105 ir patikimum\u0105 net sud\u0117tingomis darbo s\u0105lygomis.<\/p>\n<h3>Krautuvai<\/h3>\n<p>Priekiniuose krautuvuose str\u0117l\u0117s cilindrai padeda efektyviai pakelti ir i\u0161versti med\u017eiagas. Jie suteikia reikiam\u0105 j\u0117g\u0105 sunkiems kroviniams pakelti, taip palengvindami greit\u0105 ir efektyv\u0173 med\u017eiag\u0173 tvarkym\u0105 darbo vietose. \u0160i\u0173 cilindr\u0173 konstrukcija leid\u017eia tiksliai valdyti, o tai yra labai svarbu saugiam darbui.<\/p>\n<h2>Projektavimo aspektai ir atrankos kriterijai<\/h2>\n<ul>\n<li><strong>Keliamoji galia:<\/strong> Str\u0117l\u0117s cilindro keliamoji galia yra labai svarbus veiksnys. Jis turi atlaikyti did\u017eiausias apkrovas, tik\u0117tinas eksploatacijos metu. In\u017einieriai atsi\u017evelgs \u012f perkeliam\u0173 med\u017eiag\u0173 svor\u012f ir j\u0117gas, veikian\u010dias cilindr\u0105 eksploatacijos metu, kad u\u017etikrint\u0173 saug\u0105 ir efektyvum\u0105.<\/li>\n<li><strong>Sandarumo vientisumas:<\/strong> Efektyvus sandarinimas yra nepaprastai svarbus siekiant i\u0161vengti hidraulinio skys\u010dio nuot\u0117kio, kuris gali sukelti na\u0161umo problem\u0173 ir pavoj\u0173 aplinkai. Cilindrai suprojektuoti naudojant pa\u017eangias sandarinimo technologijas, kurios u\u017etikrina patikim\u0105 apsaug\u0105 nuo nusid\u0117v\u0117jimo.<\/li>\n<li><strong>Patvarumas:<\/strong> Gamybai naudojamos med\u017eiagos turi b\u016bti atsparios trin\u010diai ir at\u0161iaurioms s\u0105lygoms. Auk\u0161tos kokyb\u0117s med\u017eiag\u0173 pasirinkimas u\u017etikrina ilgesn\u012f tarnavimo laik\u0105 ir suma\u017eina keitimo da\u017enum\u0105.<\/li>\n<li><strong>Saugos funkcijos:<\/strong> \u012erengiant saugos mechanizmus, tokius kaip sl\u0117gio ma\u017einimo vo\u017etuvai ir gedim\u0173 prevencijos konstrukcijos, padid\u0117ja operacij\u0173 saugumas. \u0160ios savyb\u0117s yra b\u016btinos siekiant i\u0161vengti nelaiming\u0173 atsitikim\u0173 ir \u012frangos pa\u017eeidim\u0173.<\/li>\n<li><strong>Prie\u017ei\u016bra:<\/strong> Konstrukcija tur\u0117t\u0173 u\u017etikrinti lengv\u0105 prieig\u0105 prie komponent\u0173 ap\u017ei\u016brai, techninei prie\u017ei\u016brai ir remontui. Tai suma\u017eina prastovas ir pailgina \u012frangos eksploatavimo laik\u0105.<\/li>\n<\/ul>\n<p><img decoding=\"async\" src=\"https:\/\/www.hydraulic-cylinders.net\/wp-content\/uploads\/2025\/04\/songte-oil-pipes-and-spare-parts.webp\" alt=\"Hidraulin\u0117s dalys\" \/><\/p>\n<h2>Sandarinimas ir tepimas<\/h2>\n<p>Tinkamas sandarinimas ir tepimas yra labai svarb\u016bs str\u0117l\u0117s cilindr\u0173 veikimui ir ilgaam\u017ei\u0161kumui. Siekiant u\u017etikrinti tvirt\u0105 prigludim\u0105 ir i\u0161vengti hidraulinio skys\u010dio nuot\u0117kio, naudojami \u012fvair\u016bs sandarinimo elementai, tokie kaip st\u016bmokli\u0173 ir stryp\u0173 sandarikliai. Tokios med\u017eiagos kaip poliuretanas ir nitrilo kau\u010diukas da\u017eniausiai naudojamos d\u0117l j\u0173 atsparumo dilimui ir ilgaam\u017ei\u0161kumo. Be to, cilindro korpusas ir srieginiai galai yra tiksliai apdirbami, siekiant padidinti atsparum\u0105 dilimui. Norint u\u017etikrinti skland\u0173 veikim\u0105 ir i\u0161vengti trinties sukeltos \u017ealos, b\u016btina reguliariai tepti hidrauline alyva. Planin\u0117 prie\u017ei\u016bra, \u012fskaitant sandarikli\u0173 patikrinim\u0105 ir tepalo papildym\u0105, yra labai svarbi optimaliam veikimui.<\/p>\n<h2>Reguliarus patikrinimas ir prevencin\u0117 prie\u017ei\u016bra<\/h2>\n<ul>\n<li><strong>Planiniai patikrinimai:<\/strong> Reik\u0117t\u0173 reguliariai atlikti patikrinimus, kad b\u016bt\u0173 nustatyti nusid\u0117v\u0117jimo ar pa\u017eeidimo po\u017eymiai. Toks aktyvus po\u017ei\u016bris padeda anksti aptikti galimas problemas ir suma\u017einti gedimo rizik\u0105.<\/li>\n<li><strong>Tinkamas tepimas:<\/strong> Tinkamas hidraulin\u0117s sistemos sutepimas yra labai svarbus norint suma\u017einti trint\u012f ir pailginti cilindro tarnavimo laik\u0105. Nor\u0117dami i\u0161laikyti optimal\u0173 na\u0161um\u0105, naudokite rekomenduojamo tipo ir kiekio hidraulin\u0119 alyv\u0105.<\/li>\n<li><strong>Sandariklio keitimas:<\/strong> Laikui b\u0117gant, sandarikliai gali susid\u0117v\u0117ti ir juos reikia pakeisti. Reguliariai tikrinant sandarikli\u0173 b\u016bkl\u0119 ir kei\u010diant juos prireikus, i\u0161vengiama skys\u010di\u0173 nuot\u0117kio ir palaikomas sistemos vientisumas.<\/li>\n<\/ul>\n<h2>\u012erengimo gair\u0117s<\/h2>\n<p>Teisingas str\u0117l\u0117s cilindr\u0173 montavimas yra labai svarbus j\u0173 veikimui ir ilgaam\u017ei\u0161kumui. Montavimo metu \u012fsitikinkite, kad cilindras yra tinkamai sulygiuotas, kad i\u0161vengtum\u0117te per didelio \u012ftempimo ir galimos \u017ealos. Cilindrui pritvirtinti naudokite tinkamus tvirtinimo laikiklius. \u012edieg\u0119 patikrinkite, ar hidraulin\u0117s jungtys yra tinkamos, ir patikrinkite, ar sistemoje n\u0117ra nuot\u0117ki\u0173. Gali prireikti reguliavimo, kad cilindras veikt\u0173 skland\u017eiai ir efektyviai. Reguliariai \u012fvertinkite pad\u0117t\u012f ir funkcionalum\u0105, kad u\u017etikrintum\u0117te nuolatin\u012f veikim\u0105.<\/p>\n<h2>\u012eprastos prie\u017ei\u016bros u\u017eduotys<\/h2>\n<ul>\n<li><strong>Reguliar\u016bs patikrinimai:<\/strong> Atlikite patikrinimus, kad nustatytum\u0117te susid\u0117v\u0117jim\u0105 ar galimas problemas. Patikrinkite, ar n\u0117ra nuot\u0117ki\u0173, ir \u012fsitikinkite, kad visi komponentai veikia tinkamai. \u0160i u\u017eduotis yra b\u016btina norint i\u0161laikyti veiklos efektyvum\u0105.<\/li>\n<li><strong>Tinkamas tepimas:<\/strong> Sistemai sutepti naudokite tinkam\u0105 hidraulin\u0119 alyv\u0105, kuri suma\u017eina trint\u012f ir nusid\u0117v\u0117jim\u0105. Suplanuokite tepimo darbus kaip reguliarios prie\u017ei\u016bros dal\u012f.<\/li>\n<li><strong>Sandariklio keitimas:<\/strong> Steb\u0117kite tarpikli\u0173 b\u016bkl\u0119 ir prireikus juos pakeiskite. Susid\u0117v\u0117j\u0119 tarpikliai gali sukelti hidraulinio skys\u010dio nuot\u0117k\u012f ir suma\u017einti na\u0161um\u0105, tod\u0117l labai svarbu juos laiku pakeisti.<\/li>\n<\/ul>\n<p><img decoding=\"async\" src=\"https:\/\/www.hydraulic-cylinders.net\/wp-content\/uploads\/2025\/04\/songte-chushion-collar.webp\" alt=\"Pagalv\u0117l\u0117s apykakl\u0117\" \/><\/p>\n<h2>Saugos aspektai ir aplinkos veiksniai<\/h2>\n<p>Saugos priemoni\u0173 \u012fgyvendinimas naudojant str\u0117l\u0117s cilindrus yra nepaprastai svarbus. Operatoriai tur\u0117t\u0173 b\u016bti apmokyti atpa\u017einti galimus pavojus ir laikytis saugos protokol\u0173. Asmenini\u0173 apsaugos priemoni\u0173 (AAP) naudojimas padeda suma\u017einti su hidraulin\u0117mis operacijomis susijusi\u0105 rizik\u0105. Be to, aplinkos saugai labai svarbu u\u017etikrinti, kad bet kokie hidraulinio skys\u010dio nuot\u0117kiai b\u016bt\u0173 nedelsiant pa\u0161alinti. Reguliarus techninis aptarnavimas ir patikrinimai gali pad\u0117ti i\u0161vengti problem\u0173, kurios gali sukelti aplinkos u\u017eter\u0161tum\u0105, ir taip u\u017etikrinti saugesn\u0119 darbo viet\u0105.<\/p>\n<h2>Da\u017eniausiai pasitaikan\u010di\u0173 problem\u0173 \u0161alinimas<\/h2>\n<ul>\n<li><strong>Galios praradimas:<\/strong> Jei str\u0117l\u0117s cilindras veikia l\u0117tai arba jam tr\u016bksta galios, patikrinkite, ar sistemoje n\u0117ra \u017eemo hidraulinio skys\u010dio lygio arba nuot\u0117ki\u0173.<\/li>\n<li><strong>Nuot\u0117kis:<\/strong> Matomus skys\u010di\u0173 nuot\u0117kius reikia nedelsiant pa\u0161alinti. Patikrinkite sandariklius ir jungtis, ar jie nepa\u017eeisti ir nesusid\u0117v\u0117j\u0119.<\/li>\n<li><strong>Ne\u012fprasti garsai:<\/strong> \u010ciurks\u0117jimas ar cypimasis gali rodyti vidinius pa\u017eeidimus arba tepimo poreik\u012f. Nedelsdami i\u0161tirkite ir pa\u0161alinkite bet kokius ne\u012fprastus garsus.<\/li>\n<\/ul>\n<h2>Trik\u010di\u0173 \u0161alinimo patarimai<\/h2>\n<p>Norint efektyviai diagnozuoti ir i\u0161spr\u0119sti str\u0117l\u0117s cilindr\u0173 problemas, reikia laikytis sistemingo po\u017ei\u016brio. Reguliariai tikrinkite hidraulinio skys\u010dio lyg\u012f ir sandarikli\u0173 b\u016bkl\u0119. Nedelsdami pa\u0161alinkite bet kokius nuot\u0117kius, kad i\u0161vengtum\u0117te didesni\u0173 problem\u0173. \u012egyvendinkite prevencines priemones, laikydamiesi grie\u017eto technin\u0117s prie\u017ei\u016bros grafiko ir u\u017etikrindami, kad b\u016bt\u0173 reguliariai atliekami patikrinimai ir tepimas. \u0160i praktika pad\u0117s suma\u017einti galim\u0173 problem\u0173 rizik\u0105 ir pailginti str\u0117l\u0117s cilindro tarnavimo laik\u0105.<\/p>\n<p><img decoding=\"async\" src=\"https:\/\/www.hydraulic-cylinders.net\/wp-content\/uploads\/2025\/04\/songte-bushings-with-all-kinds-of-excavator-models.webp\" alt=\"Ekskavatori\u0173 \u012fvor\u0117s\" \/><\/p>\n<h2>\u012emon\u0117s ap\u017evalga<\/h2>\n<p>Esame pirmaujantis hidraulini\u0173 cilindr\u0173 gamintojas, si\u016blantis plat\u0173 gamini\u0173 asortiment\u0105, skirt\u0105 tiek vidaus, tiek tarptautinei rinkai. M\u016bs\u0173 \u012fsipareigojim\u0105 siekti nepriekai\u0161tingos kokyb\u0117s palaiko patobulinta gamybos strategija, kurioje pirmenyb\u0117 teikiama novatori\u0161koms technologijoms, auk\u0161\u010diausios klas\u0117s skaitmeninei gamybos \u012frangai ir profesionalioms testavimo sistemoms. M\u016bs\u0173 kvalifikuoti darbuotojai nuolat tobulina gamybos paj\u0117gumus, u\u017etikrindami, kad patenkintume \u012fvairius klient\u0173 poreikius.<\/p>\n<p>M\u016bs\u0173 \u012fmon\u0117 gali pasigirti tarptautiniais sertifikatais, rodan\u010diais, kad laikom\u0117s auk\u0161\u010diausi\u0173 pramon\u0117s standart\u0173. Mes teikiame pritaikomas paslaugas, kad patenkintume konkre\u010dius klient\u0173 reikalavimus, tobulindami savo produkt\u0173 asortiment\u0105. M\u016bs\u0173 moderni gamybos \u012franga u\u017etikrina auk\u0161t\u0105 gamybos efektyvum\u0105 ir tikslum\u0105. Be to, mes teikiame pirmenyb\u0119 klient\u0173 pasitenkinimui, teikdami i\u0161skirtin\u012f aptarnavim\u0105 po pardavimo, u\u017etikrindami, kad m\u016bs\u0173 klientai gaut\u0173 reikiam\u0105 pagalb\u0105 ilgai po pirkimo.<\/p>\n<p><img decoding=\"async\" src=\"https:\/\/www.hydraulic-cylinders.net\/wp-content\/uploads\/2025\/04\/songte-company-4.webp\" alt=\"\u012emon\u0117s gamyba\" \/><br \/>\n<img decoding=\"async\" src=\"https:\/\/www.hydraulic-cylinders.net\/wp-content\/uploads\/2025\/04\/songte-company-3.webp\" alt=\"Gamybos \u012frenginys\" \/><\/p>\n<p>Autorius: lyl<\/p>","protected":false},"excerpt":{"rendered":"<p>Boom Cylinder For Lishide Middle Excavator SC270.8LC Introduction to Boom Cylinders The boom cylinder is a crucial component in the hydraulic systems of heavy machinery, specifically designed to control the movement of the bucket in various applications such as excavators, backhoes, and front loaders. It enables the bucket to lift, lower, and tilt, facilitating material [&hellip;]<\/p>","protected":false},"featured_media":17873,"comment_status":"open","ping_status":"closed","template":"","meta":{"_et_pb_use_builder":"","_et_pb_old_content":"","_et_gb_content_width":""},"product_brand":[],"product_cat":[1546],"product_tag":[1547,1496],"class_list":{"0":"post-19263","1":"product","2":"type-product","3":"status-publish","4":"has-post-thumbnail","6":"product_cat-boom-cylinders","7":"product_tag-boom-cylinders","8":"product_tag-hydraulic-cylinders","10":"first","11":"instock","12":"shipping-taxable","13":"product-type-simple"},"amp_enabled":true,"_links":{"self":[{"href":"https:\/\/www.hydraulic-cylinders.net\/lt\/wp-json\/wp\/v2\/product\/19263","targetHints":{"allow":["GET"]}}],"collection":[{"href":"https:\/\/www.hydraulic-cylinders.net\/lt\/wp-json\/wp\/v2\/product"}],"about":[{"href":"https:\/\/www.hydraulic-cylinders.net\/lt\/wp-json\/wp\/v2\/types\/product"}],"replies":[{"embeddable":true,"href":"https:\/\/www.hydraulic-cylinders.net\/lt\/wp-json\/wp\/v2\/comments?post=19263"}],"wp:featuredmedia":[{"embeddable":true,"href":"https:\/\/www.hydraulic-cylinders.net\/lt\/wp-json\/wp\/v2\/media\/17873"}],"wp:attachment":[{"href":"https:\/\/www.hydraulic-cylinders.net\/lt\/wp-json\/wp\/v2\/media?parent=19263"}],"wp:term":[{"taxonomy":"product_brand","embeddable":true,"href":"https:\/\/www.hydraulic-cylinders.net\/lt\/wp-json\/wp\/v2\/product_brand?post=19263"},{"taxonomy":"product_cat","embeddable":true,"href":"https:\/\/www.hydraulic-cylinders.net\/lt\/wp-json\/wp\/v2\/product_cat?post=19263"},{"taxonomy":"product_tag","embeddable":true,"href":"https:\/\/www.hydraulic-cylinders.net\/lt\/wp-json\/wp\/v2\/product_tag?post=19263"}],"curies":[{"name":"wp","href":"https:\/\/api.w.org\/{rel}","templated":true}]}}