{"id":19275,"date":"2025-04-07T06:24:25","date_gmt":"2025-04-07T06:24:25","guid":{"rendered":"https:\/\/www.hydraulic-cylinders.net\/product\/boom-cylinder-for-lovol-small-excavator-fr150d\/"},"modified":"2025-04-07T06:24:28","modified_gmt":"2025-04-07T06:24:28","slug":"boom-cylinder-for-lovol-small-excavator-fr150d","status":"publish","type":"product","link":"https:\/\/www.hydraulic-cylinders.net\/lt\/produktas\/boom-cylinder-for-lovol-small-excavator-fr150d\/","title":{"rendered":"Str\u0117l\u0117s cilindras Lovol ma\u017eam ekskavatoriui FR150D"},"content":{"rendered":"<h1>Str\u0117l\u0117s cilindras Lovol ma\u017eam ekskavatoriui FR150D<\/h1>\n<h2>Produkto ap\u017evalga<\/h2>\n<p>\u201eLovol Small Excavator FR150D\u201c str\u0117l\u0117s cilindras yra labai svarbus hidraulinis komponentas, specialiai sukurtas ma\u017e\u0173 ekskavatori\u0173 str\u0117l\u0117s jud\u0117jimui valdyti. \u0160is hidraulinis cilindras leid\u017eia str\u0117lei i\u0161skleisti, susitraukti ir pakreipti, palengvindamas \u012fvairias med\u017eiag\u0173 tvarkymo u\u017eduotis, b\u016btinas statybose ir \u017eem\u0117s kasimo darbuose. Kau\u0161o cilindras, kaip hidraulinio cilindro tipas, veikia remiantis skys\u010di\u0173 mechanikos principais, tod\u0117l sunkiosios technikos gali dirbti efektyviai ir na\u0161iai.<\/p>\n<p><img decoding=\"async\" src=\"https:\/\/www.hydraulic-cylinders.net\/wp-content\/uploads\/2025\/04\/songte-company-1.webp\" alt=\"Ekskavatori\u0173 str\u0117l\u0117s cilindras\"><\/p>\n<h3>Apibr\u0117\u017eimas ir funkcionalumas<\/h3>\n<p>Bucket cylinders, such as the FR150D model, are essential for controlling the motion in heavy machinery, including excavators, backhoe loaders, and front-end loaders. These cylinders are engineered to manage the hydraulic pressure that drives the bucket&#8217;s movement, making it possible to lift, lower, and angle the bucket for optimal material handling. They are vital in ensuring that the machinery operates safely and efficiently, allowing operators to perform complex digging and loading tasks with precision.<\/p>\n<h2>Pagrindin\u0117s savyb\u0117s<\/h2>\n<ul>\n<li><strong>Didelis stiprumas ir ilgaam\u017ei\u0161kumas:<\/strong> Pagaminti i\u0161 didelio stiprumo plieno arba aliuminio, \u0161ie cilindrai gali atlaikyti auk\u0161t\u0105 sl\u0117g\u012f ir dideles apkrovas, tinkami at\u0161iaurioms darbo aplinkoms, atsi\u017evelgiant \u012f atsparum\u0105 dilimui ir apsaug\u0105 nuo korozijos, siekiant pailginti tarnavimo laik\u0105.<\/li>\n<li><strong>Efektyvus hidraulinis valdymas:<\/strong> Naudoja hidraulinio skys\u010dio sl\u0117g\u012f, kad b\u016bt\u0173 u\u017etikrintas sklandus i\u0161pl\u0117timas ir \u012ftraukimas, greitai reaguojant \u012f valdymo komandas ir u\u017etikrinant didel\u0119 st\u016bmimo bei traukimo j\u0117g\u0105, idealiai tinka sunkiems k\u0117limams ir sud\u0117tingoms operacijoms.<\/li>\n<li><strong>\u012evair\u016bs tipai:<\/strong> Galima rinktis i\u0161 vienpusio (veikian\u010di\u0173 viena kryptimi) arba dvipusio (veikian\u010di\u0173 abiem kryptimis) cilindr\u0173, kad atitikt\u0173 skirtingus eksploatacinius poreikius. Kai kurie modeliai turi teleskopines galimybes, leid\u017eian\u010dias pasiekti didesn\u012f plot\u0105 nedidinant i\u0161orini\u0173 matmen\u0173, tod\u0117l puikiai tinka u\u017edaroms erdv\u0117ms.<\/li>\n<li><strong>Suderinamumas:<\/strong> M\u016bs\u0173 gaminiai gali puikiai pakeisti \u0161iuos hidraulinius cilindrus, u\u017etikrindami skland\u0173 integravim\u0105 \u012f esam\u0105 technik\u0105.<\/li>\n<li><strong>Kokybi\u0161ka gamyba:<\/strong> Pagaminta laikantis grie\u017et\u0173 kokyb\u0117s kontrol\u0117s priemoni\u0173, u\u017etikrinant, kad kiekvienas cilindras atitikt\u0173 pramon\u0117s standartus ir klient\u0173 l\u016bkes\u010dius.<\/li>\n<\/ul>\n<p><img decoding=\"async\" src=\"https:\/\/www.hydraulic-cylinders.net\/wp-content\/uploads\/2025\/04\/songte-cylinder-head-with-all-kinds-excavator-models.webp\" alt=\"Hidraulinio cilindro keitimas\"><\/p>\n<h2>Taikymo scenarijai<\/h2>\n<h3>Statybin\u0117 \u012franga<\/h3>\n<p>Ekskavatoriuose str\u0117l\u0117s cilindrai yra labai svarb\u016bs kasant, kraunant ir perkeliant \u017eem\u0119 ar \u0161iuk\u0161les. Jie leid\u017eia operatoriui tiksliai valdyti kau\u0161o gyl\u012f ir kamp\u0105, taip palengvinant efektyv\u0173 kasim\u0105. Ekskavatoriuose-krautuvuose str\u0117l\u0117s cilindras padeda tiek kasant, tiek keliant, tod\u0117l yra nepakei\u010diamas statybos darb\u0173 komponentas.<\/p>\n<h3>\u017dem\u0117s \u016bkio technika<\/h3>\n<p>Priekiniuose krautuvuose str\u0117l\u0117s cilindrai naudojami dirvo\u017eemiui, \u0161ienui ir kitoms med\u017eiagoms semti, kelti ir transportuoti. D\u0117l savo geb\u0117jimo u\u017etikrinti galing\u0105 k\u0117limo gali\u0105 jie yra b\u016btini atliekant \u012fvairias \u017eem\u0117s \u016bkio u\u017eduotis, didinant na\u0161um\u0105 ir efektyvum\u0105.<\/p>\n<h3>Ekskavatoriai<\/h3>\n<p>Str\u0117l\u0117s cilindras leid\u017eia kau\u0161ui \u012fsiskverbti \u012f dirv\u0105, u\u017etikrinant efektyv\u0173 kasim\u0105. \u0160i funkcija yra gyvybi\u0161kai svarbi atliekant \u017eem\u0117s kasimo darbus, u\u017etikrinant, kad technika gal\u0117t\u0173 optimaliai veikti \u012fvairiomis dirvo\u017eemio s\u0105lygomis.<\/p>\n<h3>Krautuvai<\/h3>\n<p>Priekiniuose krautuvuose str\u0117l\u0117s cilindrai efektyviai palengvina med\u017eiag\u0173 k\u0117lim\u0105 ir i\u0161vertim\u0105. J\u0173 hidraulin\u0117s galimyb\u0117s leid\u017eia operatoriams lengvai valdyti sunkius krovinius, taip pagerinant darbo vietos efektyvum\u0105.<\/p>\n<h2>Projektavimo aspektai ir atrankos kriterijai<\/h2>\n<h3>Keliamoji galia<\/h3>\n<p>The load capacity is a critical factor in the design of boom cylinders. It determines how much weight the cylinder can lift and manipulate safely, ensuring that it meets the demands of various applications without risk of failure. Engineers must calculate the necessary load ratings based on the machinery&#8217;s operational requirements, ensuring adequate safety margins are in place.<\/p>\n<h3>Sandarinimo kokyb\u0117<\/h3>\n<p>Tinkamas sandarinimas yra gyvybi\u0161kai svarbus norint palaikyti hidraulin\u012f sl\u0117g\u012f cilindre. Auk\u0161tos kokyb\u0117s sandarikliai apsaugo nuo nuot\u0117kio, u\u017etikrindami skland\u0173 hidraulin\u0117s sistemos veikim\u0105. Med\u017eiag\u0173, toki\u0173 kaip poliuretanas arba nitrilo kau\u010diukas, pasirinkimas vaidina svarb\u0173 vaidmen\u012f patvarumui ir veikimui \u012fvairiomis darbo s\u0105lygomis.<\/p>\n<h3>Patvarumas<\/h3>\n<p>Hidrauliniams cilindrams, veikiantiems sud\u0117tingomis s\u0105lygomis, ilgaam\u017ei\u0161kumas yra labai svarbus. Naudojamos med\u017eiagos turi atlaikyti nuolatinio naudojimo sukeliam\u0105 nusid\u0117v\u0117jim\u0105. Siekiant padidinti atsparum\u0105 dilimui ir korozijai, taip pailginant cilindro tarnavimo laik\u0105, da\u017enai naudojami didelio stiprumo lydiniai ir apsaugin\u0117s dangos.<\/p>\n<h3>Saugos funkcijos<\/h3>\n<p>Siekiant apsaugoti operatorius ir ma\u0161inas, \u012f str\u0117l\u0117s cilindr\u0173 konstrukcij\u0105 turi b\u016bti integruotos saugos funkcijos. Tai apima sl\u0117gio ma\u017einimo vo\u017etuvus ir saugos u\u017eraktus, kurie apsaugo nuo nety\u010dini\u0173 judesi\u0173 ir u\u017etikrina saugi\u0105 darbo aplink\u0105.<\/p>\n<h3>Prieinamumas prie prie\u017ei\u016bros<\/h3>\n<p>Projektuojant hidraulinius cilindrus, labai svarbu atsi\u017evelgti \u012f technin\u0119 prie\u017ei\u016br\u0105. Jie tur\u0117t\u0173 u\u017etikrinti lengv\u0105 prieig\u0105 prie komponent\u0173 ap\u017ei\u016brai, remontui ir techninei prie\u017ei\u016brai. Konstrukcija, kuri palengvina technin\u0119 prie\u017ei\u016br\u0105, suma\u017eins prastovas ir padidins bendr\u0105 veiklos efektyvum\u0105.<\/p>\n<p><img decoding=\"async\" src=\"https:\/\/www.hydraulic-cylinders.net\/wp-content\/uploads\/2025\/04\/songte-oil-pipes-and-spare-parts.webp\" alt=\"Hidraulin\u0117s dalys\"><\/p>\n<h2>Sandarinimas ir tepimas<\/h2>\n<p>Efektyvus sandarinimas ir tepimas yra labai svarb\u016bs hidraulini\u0173 cilindr\u0173 veikimui. Hidrauliniam skys\u010diui cilindre palaikyti naudojami \u012fvair\u016bs sandarikliai, pavyzd\u017eiui, st\u016bmokli\u0173 ir kot\u0173 sandarikliai. Sandarikliai, pagaminti i\u0161 patvari\u0173 med\u017eiag\u0173, toki\u0173 kaip poliuretanas ir nitrilo kau\u010diukas, u\u017etikrina atsparum\u0105 dilimui ir aplinkos veiksniams. Cilindro korpusas ir srieginiai galiniai pavir\u0161iai yra kruop\u0161\u010diai apdirbti, siekiant pagerinti atsparum\u0105 dilimui. Reguliarus tepimas hidrauline alyva yra b\u016btinas norint suma\u017einti trint\u012f, pagerinti na\u0161um\u0105 ir i\u0161vengti prie\u0161laikinio susid\u0117v\u0117jimo.<\/p>\n<h2>Reguliarus patikrinimas ir prevencin\u0117 prie\u017ei\u016bra<\/h2>\n<ul>\n<li><strong>Reguliar\u016bs patikrinimai:<\/strong> Atlikite reguliarius patikrinimus, kad nustatytum\u0117te bet kokius susid\u0117v\u0117jimo ar pa\u017eeidimo po\u017eymius. Patikrinkite, ar n\u0117ra sandarikli\u0173, ir \u012fsitikinkite, kad visos judan\u010dios dalys veikia tinkamai, kad i\u0161vengtum\u0117te galim\u0173 gedim\u0173.<\/li>\n<li><strong>Tinkamas tepimas:<\/strong> Ensure that hydraulic oil levels are maintained and that lubricants are applied according to the manufacturer&#8217;s recommendations. This prevents excessive wear and prolongs the lifespan of the cylinder.<\/li>\n<li><strong>Sandariklio keitimas:<\/strong> Steb\u0117kite sandarikli\u0173 b\u016bkl\u0119 ir prireikus pakeiskite juos, kad i\u0161laikytum\u0117te hidraulin\u012f vientisum\u0105 ir veikim\u0105. Reguliariai atliekama technin\u0117 prie\u017ei\u016bra gali pad\u0117ti i\u0161vengti nuot\u0117ki\u0173 ir sistemos gedim\u0173.<\/li>\n<\/ul>\n<h2>\u012erengimo gair\u0117s<\/h2>\n<p>Correct installation of the boom cylinder is crucial for optimal performance. Begin by ensuring that the mounting surfaces are clean and free from debris. Use appropriate mounting brackets to secure the cylinder in place, ensuring proper alignment with the machinery\u2019s hydraulic system. Follow the manufacturer&#8217;s specifications for torque settings on bolts to prevent damage. After installation, bleed the hydraulic system to remove any air bubbles that may have entered during the process. Finally, test the cylinder operation before full-scale use to ensure everything is functioning as intended.<\/p>\n<h2>Pagrindin\u0117s prie\u017ei\u016bros u\u017eduotys<\/h2>\n<ul>\n<li><strong>Reguliar\u016bs patikrinimai:<\/strong> Reguliariai tikrinkite str\u0117l\u0117s cilindro b\u016bkl\u0119. Ie\u0161kokite susid\u0117v\u0117jimo po\u017eymi\u0173, nuot\u0117ki\u0173 ar kit\u0173 problem\u0173, kurios gali tur\u0117ti \u012ftakos veikimui.<\/li>\n<li><strong>Tinkamas tepimas:<\/strong> \u012ediekite tepimo grafik\u0105, kad u\u017etikrintum\u0117te skland\u0173 cilindro veikim\u0105. Tinkamo hidraulinio skys\u010dio lygio palaikymas padeda suma\u017einti trint\u012f ir pagerinti veikim\u0105.<\/li>\n<li><strong>Sandariklio keitimas ir kalibravimas:<\/strong> Reguliariai keiskite susid\u0117v\u0117jusius sandariklius, kad i\u0161laikytum\u0117te efektyvum\u0105 ir i\u0161vengtum\u0117te nuot\u0117ki\u0173. Kalibravimo patikrinimai u\u017etikrina, kad cilindras veikt\u0173 pagal nurodytus parametrus.<\/li>\n<\/ul>\n<h2>Saugos ir aplinkosaugos aspektai<\/h2>\n<p>Dirbant su hidraulin\u0117mis sistemomis, saugos priemon\u0117s yra nepaprastai svarbios. Operatoriai tur\u0117t\u0173 b\u016bti apmokyti tinkamai elgtis su \u012franga ir \u017einoti apie su hidraulin\u0117mis sistemomis susijusi\u0105 rizik\u0105, \u012fskaitant galim\u0105 sl\u0117gio pavoj\u0173. Aplinkosaugos aspektai apima tinkam\u0105 hidraulini\u0173 skys\u010di\u0173 ir sandarikli\u0173 \u0161alinim\u0105, i\u0161siliejimo ma\u017einim\u0105 ir vietini\u0173 aplinkos apsaugos taisykli\u0173 laikymosi u\u017etikrinim\u0105.<\/p>\n<h2>Trik\u010di\u0173 \u0161alinimas ir da\u017eniausiai pasitaikan\u010dios problemos<\/h2>\n<ul>\n<li><strong>Nuot\u0117kis:<\/strong> Viena i\u0161 da\u017eniausiai pasitaikan\u010di\u0173 problem\u0173 yra sandarikli\u0173 nuot\u0117kis. Tai gali rodyti susid\u0117v\u0117jusius sandariklius arba netinkam\u0105 montavim\u0105. Reguliarios patikros gali pad\u0117ti greitai nustatyti ir i\u0161spr\u0119sti \u0161i\u0105 problem\u0105.<\/li>\n<li><strong>Suma\u017eintas na\u0161umas:<\/strong> Jei cilindras nereaguoja taip, kaip tik\u0117tasi, tai gali b\u016bti d\u0117l \u017eemo hidraulinio skys\u010dio lygio arba oro sistemoje. \u012esitikinkite, kad skys\u010dio lygis yra pakankamas, ir kruop\u0161\u010diai i\u0161leiskite or\u0105 i\u0161 sistemos.<\/li>\n<li><strong>Perkaitimas:<\/strong> Perkaitimas gali sukelti skys\u010dio sugedim\u0105 ir sandariklio gedim\u0105. \u012esitikinkite, kad hidraulinis skystis yra rekomenduojamame temperat\u016bros diapazone ir kad sistema n\u0117ra perkrauta.<\/li>\n<\/ul>\n<h2>Trik\u010di\u0173 \u0161alinimo patarimai<\/h2>\n<p>Nor\u0117dami efektyviai diagnozuoti ir i\u0161spr\u0119sti str\u0117l\u0117s cilindro problemas, operatoriai tur\u0117t\u0173 laikytis sistemingo po\u017ei\u016brio. Prad\u0117kite nuo matom\u0173 pa\u017eeidimo ar susid\u0117v\u0117jimo po\u017eymi\u0173 patikrinimo. Jei pastebimas nuot\u0117kis, nustatykite \u0161altin\u012f ir \u012fvertinkite, ar reikia pakeisti sandariklius. Jei kyla na\u0161umo problem\u0173, patikrinkite hidraulinio skys\u010dio lyg\u012f ir patikrinkite, ar sistemoje n\u0117ra oro. \u012egyvendinkite prevencines priemones, pvz., reguliarius technin\u0117s prie\u017ei\u016bros patikrinimus, kad suma\u017eintum\u0117te galimas problemas ir u\u017etikrintum\u0117te ilgalaik\u012f hidraulin\u0117s sistemos patikimum\u0105.<\/p>\n<p><img decoding=\"async\" src=\"https:\/\/www.hydraulic-cylinders.net\/wp-content\/uploads\/2025\/04\/songte-bushings-with-all-kinds-of-excavator-models.webp\" alt=\"Ekskavatori\u0173 dalys\"><\/p>\n<h2>\u012emon\u0117s ap\u017evalga<\/h2>\n<p>Esame pirmaujanti hidraulini\u0173 cilindr\u0173 gamintoja ir didmenin\u0117s prekybos \u012fmon\u0117, specializuojam\u0117s auk\u0161tos kokyb\u0117s pakaital\u0173, skirt\u0173 \u012fvairiems ma\u0161in\u0173 poreikiams, gamyboje. Platus gamini\u0173 asortimentas leido mums tapti \u017eymiu \u017eaid\u0117ju tiek vidaus, tiek tarptautin\u0117se rinkose. Laikom\u0117s meistri\u0161kumo princip\u0173, pasitelkdami rafinuotas gamybos strategijas ir pa\u017eang\u0173 gamybos valdym\u0105. M\u016bs\u0173 \u012fsipareigojim\u0105 kokybei palaiko kvalifikuota darbo j\u0117ga, pa\u017eangi skaitmenin\u0117 gamybos \u012franga ir patikima kokyb\u0117s kontrol\u0117s sistema. Tai u\u017etikrina, kad galime patenkinti \u012fvairius klient\u0173 poreikius efektyviai, tiksliai ir laikydamiesi auk\u0161t\u0173 kokyb\u0117s standart\u0173.<\/p>\n<p><img decoding=\"async\" src=\"https:\/\/www.hydraulic-cylinders.net\/wp-content\/uploads\/2025\/04\/songte-company-4.webp\" alt=\"\u012emon\u0117s \u012fvaizdis\"><br \/>\n<img decoding=\"async\" src=\"https:\/\/www.hydraulic-cylinders.net\/wp-content\/uploads\/2025\/04\/songte-company-3.webp\" alt=\"\u012emon\u0117s \u012fvaizdis\"><\/p>\n<p>M\u016bs\u0173 \u012fmon\u0117 i\u0161siskiria profesionalia patirtimi, tarptautiniais sertifikatais, individualiai pritaikytomis paslaugomis, moderniausia gamybos \u012franga ir specializuotu aptarnavimu po pardavimo. Mes nuolat tobuliname savo gamybos paj\u0117gumus, kad gal\u0117tume tiekti produktus, atitinkan\u010dius auk\u0161\u010diausius kokyb\u0117s ir na\u0161umo standartus.<\/p>\n<p>Autorius: lyl<\/p>","protected":false},"excerpt":{"rendered":"<p>Boom Cylinder For Lovol Small Excavator FR150D Product Overview The Boom Cylinder for Lovol Small Excavator FR150D is a crucial hydraulic component designed specifically for controlling the movement of the boom in small excavators. This hydraulic cylinder allows the boom to extend, retract, and tilt, facilitating various material handling tasks essential in construction and excavation. [&hellip;]<\/p>","protected":false},"featured_media":17870,"comment_status":"open","ping_status":"closed","template":"","meta":{"_et_pb_use_builder":"","_et_pb_old_content":"","_et_gb_content_width":""},"product_brand":[],"product_cat":[1546],"product_tag":[1547,1496],"class_list":{"0":"post-19275","1":"product","2":"type-product","3":"status-publish","4":"has-post-thumbnail","6":"product_cat-boom-cylinders","7":"product_tag-boom-cylinders","8":"product_tag-hydraulic-cylinders","10":"first","11":"instock","12":"shipping-taxable","13":"product-type-simple"},"amp_enabled":true,"_links":{"self":[{"href":"https:\/\/www.hydraulic-cylinders.net\/lt\/wp-json\/wp\/v2\/product\/19275","targetHints":{"allow":["GET"]}}],"collection":[{"href":"https:\/\/www.hydraulic-cylinders.net\/lt\/wp-json\/wp\/v2\/product"}],"about":[{"href":"https:\/\/www.hydraulic-cylinders.net\/lt\/wp-json\/wp\/v2\/types\/product"}],"replies":[{"embeddable":true,"href":"https:\/\/www.hydraulic-cylinders.net\/lt\/wp-json\/wp\/v2\/comments?post=19275"}],"wp:featuredmedia":[{"embeddable":true,"href":"https:\/\/www.hydraulic-cylinders.net\/lt\/wp-json\/wp\/v2\/media\/17870"}],"wp:attachment":[{"href":"https:\/\/www.hydraulic-cylinders.net\/lt\/wp-json\/wp\/v2\/media?parent=19275"}],"wp:term":[{"taxonomy":"product_brand","embeddable":true,"href":"https:\/\/www.hydraulic-cylinders.net\/lt\/wp-json\/wp\/v2\/product_brand?post=19275"},{"taxonomy":"product_cat","embeddable":true,"href":"https:\/\/www.hydraulic-cylinders.net\/lt\/wp-json\/wp\/v2\/product_cat?post=19275"},{"taxonomy":"product_tag","embeddable":true,"href":"https:\/\/www.hydraulic-cylinders.net\/lt\/wp-json\/wp\/v2\/product_tag?post=19275"}],"curies":[{"name":"wp","href":"https:\/\/api.w.org\/{rel}","templated":true}]}}