{"id":19276,"date":"2025-04-07T06:24:30","date_gmt":"2025-04-07T06:24:30","guid":{"rendered":"https:\/\/www.hydraulic-cylinders.net\/product\/boom-cylinder-for-lovol-small-excavator-fr170\/"},"modified":"2025-04-07T06:24:32","modified_gmt":"2025-04-07T06:24:32","slug":"boom-cylinder-for-lovol-small-excavator-fr170","status":"publish","type":"product","link":"https:\/\/www.hydraulic-cylinders.net\/lt\/produktas\/boom-cylinder-for-lovol-small-excavator-fr170\/","title":{"rendered":"Str\u0117l\u0117s cilindras Lovol ma\u017eam ekskavatoriui FR170"},"content":{"rendered":"<h1>Str\u0117l\u0117s cilindras Lovol ma\u017eam ekskavatoriui FR170<\/h1>\n<h2>\u012evadas \u012f str\u0117l\u0117s cilindrus<\/h2>\n<p>Str\u0117l\u0117s cilindras yra labai svarbus hidraulini\u0173 sistem\u0173 komponentas, specialiai sukurtas valdyti kau\u0161\u0173 jud\u0117jim\u0105 \u012fvairiose sunkiosiose ma\u0161inose, tokiose kaip ekskavatoriai, ekskavatoriai ir frontaliniai krautuvai. \u0160is hidraulinis cilindras leid\u017eia kau\u0161ui pakelti, nuleisti ir pakreipti, tod\u0117l jis yra b\u016btinas atliekant med\u017eiag\u0173 tvarkymo u\u017eduotis statybose, \u017eem\u0117s \u016bkyje ir kitose pramon\u0117s \u0161akose. Str\u0117l\u0117s cilindro funkcionalumas yra gyvybi\u0161kai svarbus efektyviam \u0161i\u0173 ma\u0161in\u0173 veikimui, leid\u017eiantis operatoriams atlikti u\u017eduotis tiksliai ir efektyviai.<\/p>\n<p><img decoding=\"async\" src=\"https:\/\/www.hydraulic-cylinders.net\/wp-content\/uploads\/2025\/04\/songte-company-1.webp\" alt=\"Str\u0117l\u0117s cilindras\"><\/p>\n<h2>Str\u0117l\u0117s cilindro savyb\u0117s<\/h2>\n<ul>\n<li><strong>Didelis stiprumas ir ilgaam\u017ei\u0161kumas:<\/strong> Paprastai pagaminti i\u0161 didelio stiprumo plieno arba aliuminio, \u0161ie cilindrai gali atlaikyti didel\u012f sl\u0117g\u012f ir dideles apkrovas, prisitaikydami prie at\u0161iauri\u0173 darbo s\u0105lyg\u0173, tuo pa\u010diu metu yra atspar\u016bs dilimui ir apsaugai nuo korozijos, kad pailgint\u0173 j\u0173 tarnavimo laik\u0105.<\/li>\n<li><strong>Efektyvus hidraulinis valdymas:<\/strong> Naudodamas hidraulin\u0117s alyvos sl\u0117g\u012f, cilindras u\u017etikrina skland\u0173 i\u0161st\u016bmim\u0105 ir \u012ftraukim\u0105, greitai reaguodamas \u012f valdymo komandas ir u\u017etikrindamas galingas st\u016bmimo bei traukimo j\u0117gas, tinkamas sunki\u0173 med\u017eiag\u0173 tvarkymui ir sud\u0117tingoms u\u017eduotims atlikti.<\/li>\n<li><strong>\u012evair\u016bs tipai:<\/strong> Galimi vienpusio veikimo (hidraulin\u0117s j\u0117gos panaudojimas viena kryptimi) arba dvipusio veikimo (hidraulin\u0117s j\u0117gos panaudojimas abiem kryptimis) cilindrai, pritaikyti \u012fvairiems eksploataciniams reikalavimams. Kai kurie modeliai yra teleskopiniai, tod\u0117l juos galima labiau i\u0161tiesti nedidinant i\u0161orini\u0173 matmen\u0173, tod\u0117l jie idealiai tinka u\u017edaroms erdv\u0117ms.<\/li>\n<li><strong>Individuali gamyba:<\/strong> M\u016bs\u0173 gaminiai puikiai pakei\u010dia esamus hidraulinius cilindrus, u\u017etikrindami suderinamum\u0105 ir patikimum\u0105.<\/li>\n<\/ul>\n<p><img decoding=\"async\" src=\"https:\/\/www.hydraulic-cylinders.net\/wp-content\/uploads\/2025\/04\/songte-cylinder-head-with-all-kinds-excavator-models.webp\" alt=\"Cilindro galvut\u0117 su ekskavatoriaus modeliais\"><\/p>\n<h2>Str\u0117l\u0117s cilindr\u0173 pritaikymas<\/h2>\n<h3>Statybin\u0117 \u012franga<\/h3>\n<p>Ekskavatoriuose str\u0117l\u0117s cilindrai yra labai svarb\u016bs kasant, kraunant ir perkeliant grunt\u0105 ar \u0161iuk\u0161les. Jie leid\u017eia kau\u0161ui efektyviai \u012fsiskverbti \u012f \u017eem\u0119, tod\u0117l galima efektyviai atlikti kasimo darbus ir perkelti med\u017eiagas. Tikslus \u0161i\u0173 cilindr\u0173 valdymas tiesiogiai veikia produktyvum\u0105 statybviet\u0117se.<\/p>\n<h3>\u017dem\u0117s \u016bkio technika<\/h3>\n<p>Priekiniuose krautuvuose naudojami str\u0117l\u0117s cilindrai palengvina dirvo\u017eemio, \u0161ieno ir kit\u0173 med\u017eiag\u0173 kasim\u0105, k\u0117lim\u0105 ir transportavim\u0105. J\u0173 patikimas veikimas yra b\u016btinas \u017eem\u0117s \u016bkio veiklai, u\u017etikrinant, kad tokios u\u017eduotys kaip pakrovimas ir i\u0161krovimas vykt\u0173 skland\u017eiai ir efektyviai.<\/p>\n<h3>Ekskavatoriai<\/h3>\n<p>Ekskavatoriuose str\u0117l\u0117s cilindras leid\u017eia kau\u0161ui \u012fsiskverbti \u012f dirv\u0105, tod\u0117l galima efektyviai kasti. \u0160is veiksmas yra labai svarbus \u012fvairiems statybos ir kra\u0161tovaizd\u017eio tvarkymo projektams, nes nuo jo priklauso ma\u0161inos geb\u0117jimas efektyviai dirbti skirtingose \u200b\u200b\u200b\u200bvietov\u0117se.<\/p>\n<h3>Krautuvai<\/h3>\n<p>Priekiniuose krautuvuose str\u0117l\u0117s cilindrai padeda kelti ir i\u0161versti krovinius, taip padidindami med\u017eiag\u0173 tvarkymo efektyvum\u0105. J\u0173 vaidmuo u\u017etikrinant reikiam\u0105 k\u0117limo gali\u0105 daro juos nepakei\u010diamus statybose ir pramon\u0117je, kur reikalingas tikslus krovinio valdymas.<\/p>\n<h2>Projektavimo aspektai ir atrankos kriterijai<\/h2>\n<h3>Keliamoji galia<\/h3>\n<p>Str\u0117l\u0117s cilindro keliamoji galia yra esmin\u0117 jo konstrukcijos dalis. Jis turi b\u016bti paj\u0117gus atlaikyti did\u017eiausias numatomas apkrovas \u012fvairiais eksploatavimo atvejais. Tod\u0117l in\u017einieriai turi apskai\u010diuoti reikiam\u0105 keliam\u0105j\u0105 gali\u0105, atsi\u017evelgdami \u012f konkre\u010dius taikymo atvejus ir s\u0105lygas, kuriomis technika veiks.<\/p>\n<h3>Sandarumas ir ilgaam\u017ei\u0161kumas<\/h3>\n<p>Efektyvus sandarinimas yra labai svarbus palaikant hidraulin\u012f sl\u0117g\u012f ir i\u0161vengiant nuot\u0117ki\u0173. Auk\u0161tos kokyb\u0117s sandarikliai suma\u017eina susid\u0117v\u0117jim\u0105 ir pailgina cilindro tarnavimo laik\u0105. Tokios med\u017eiagos kaip poliuretanas ir nitrilo kau\u010diukas yra pageidaujamos d\u0117l j\u0173 atsparumo dilimui ir nusid\u0117v\u0117jimui, u\u017etikrinant ilgalaik\u012f patvarum\u0105.<\/p>\n<h3>Saugos funkcijos<\/h3>\n<p>Sauga yra svarbiausia projektuojant hidraulin\u0119 sistem\u0105. Str\u0117l\u0117s cilindruose turi b\u016bti saugos \u012ftaisai, tokie kaip sl\u0117gio ma\u017einimo vo\u017etuvai, kad b\u016bt\u0173 i\u0161vengta perkrovos ir galimo gedimo. Montuojant ir eksploatuojant reikia laikytis tinkam\u0173 saugos protokol\u0173, kad b\u016bt\u0173 suma\u017einta su hidraulin\u0117mis ma\u0161inomis susijusi rizika.<\/p>\n<h3>Prieinamumas prie prie\u017ei\u016bros<\/h3>\n<p>Labai svarbu projektuoti taip, kad b\u016bt\u0173 lengva prieiti prie \u012frangos prie\u017ei\u016bros metu. Str\u0117l\u0117s cilindrai tur\u0117t\u0173 b\u016bti sumontuoti taip, kad juos b\u016bt\u0173 lengva patikrinti, remontuoti ir pakeisti. Tai suma\u017eina prastovas ir padidina mechanizm\u0173 veikimo efektyvum\u0105.<\/p>\n<p><img decoding=\"async\" src=\"https:\/\/www.hydraulic-cylinders.net\/wp-content\/uploads\/2025\/04\/songte-oil-pipes-and-spare-parts.webp\" alt=\"Naftos vamzd\u017eiai ir atsargin\u0117s dalys\"><\/p>\n<h2>Sandarinimas ir tepimas<\/h2>\n<p>Tinkamas sandarinimas ir tepimas yra b\u016btini efektyviam str\u0117l\u0117s cilindr\u0173 veikimui. \u012evair\u016bs sandarikliai, tokie kaip st\u016bmokli\u0173 ir stryp\u0173 sandarikliai, yra labai svarb\u016bs palaikant sl\u0117g\u012f ir u\u017ekertant keli\u0105 hidraulinio skys\u010dio nuot\u0117kiui. \u0160iems sandarikliams patartina naudoti patvarias med\u017eiagas, tokias kaip poliuretanas ir nitrilo kau\u010diukas, d\u0117l j\u0173 puikaus atsparumo dilimui. Be to, cilindro korpusas ir srieginiai galai yra kruop\u0161\u010diai apdorojami, siekiant padidinti j\u0173 atsparum\u0105 dilimui.<\/p>\n<p>Norint u\u017etikrinti skland\u0173 veikim\u0105, b\u016btina reguliariai tepti hidraulin\u0119 alyv\u0105. Operatoriai tur\u0117t\u0173 laikytis alyvos keitimo ir papildymo grafiko, kad i\u0161laikyt\u0173 optimal\u0173 na\u0161um\u0105 ir nepa\u017eeist\u0173 sandarikli\u0173 bei kit\u0173 komponent\u0173.<\/p>\n<h2>Prevencin\u0117s prie\u017ei\u016bros priemon\u0117s<\/h2>\n<ul>\n<li><strong>Reguliar\u016bs patikrinimai:<\/strong> Atlikite reguliarius hidraulin\u0117s sistemos patikrinimus, kad nustatytum\u0117te str\u0117l\u0117s cilindro nuot\u0117kius, susid\u0117v\u0117jim\u0105 ar pa\u017eeidimus. Toks prevencinis po\u017ei\u016bris padeda anksti pasteb\u0117ti problemas ir suma\u017eina brangaus remonto ar prastov\u0173 rizik\u0105.<\/li>\n<li><strong>Tinkamas tepimas:<\/strong> \u012esitikinkite, kad hidraulin\u0117 sistema yra tinkamai sutepta tinkamo tipo ir kiekio hidrauliniu skys\u010diu. Nepakankamas tepimas gali padidinti cilindr\u0173 komponent\u0173 susid\u0117v\u0117jim\u0105.<\/li>\n<li><strong>Sandarinimo keitimas:<\/strong> Reguliariai tikrinkite sandariklius, ar jie nesusid\u0117v\u0117j\u0119, ir prireikus juos pakeiskite. Susid\u0117v\u0117j\u0119 sandarikliai gali sukelti hidraulinio skys\u010dio nuot\u0117k\u012f ir suma\u017einti sistemos efektyvum\u0105.<\/li>\n<\/ul>\n<h2>\u012erengimo gair\u0117s<\/h2>\n<p>Tinkamas str\u0117l\u0117s cilindr\u0173 montavimas yra labai svarbus j\u0173 efektyviam veikimui. Nor\u0117dami gauti optimalius rezultatus, laikykit\u0117s \u0161i\u0173 gairi\u0173:<\/p>\n<ul>\n<li>U\u017etikrinkite tinkam\u0105 str\u0117l\u0117s cilindro suderinim\u0105 su ekskavatoriaus arba krautuvo tvirtinimo ta\u0161kais. Neteisingas suderinimas gali sukelti netolyg\u0173 nusid\u0117v\u0117jim\u0105 ir galim\u0105 gedim\u0105.<\/li>\n<li>Cilindrui tvirtai pritvirtinti naudokite tinkamus tvirtinimo laikiklius, u\u017etikrindami, kad jis atlaikyt\u0173 eksploatacines apkrovas ir laikui b\u0117gant neatsipalaiduot\u0173.<\/li>\n<li>Montuodami atid\u017eiai laikykit\u0117s gamintojo nurodym\u0173 d\u0117l sukimo momento nustatym\u0173, kad i\u0161vengtum\u0117te per didelio priver\u017eimo, kuris gali pa\u017eeisti cilindr\u0105.<\/li>\n<li>Prie\u0161 naudodami mechanizm\u0105, patikrinkite vis\u0173 hidraulini\u0173 jung\u010di\u0173 sandarum\u0105 ir ar n\u0117ra nuot\u0117ki\u0173. Bet kokius nuot\u0117kius reikia nedelsiant pa\u0161alinti, kad b\u016bt\u0173 i\u0161vengta hidraulinio skys\u010dio praradimo.<\/li>\n<li>Po \u012frengimo atlikite bandom\u0105j\u012f va\u017eiavim\u0105, kad \u012fsitikintum\u0117te, jog str\u0117l\u0117s cilindras veikia skland\u017eiai ir tiksliai reaguoja \u012f valdymo komandas, ir atlikite visus reikiamus reguliavimus.<\/li>\n<\/ul>\n<h2>\u012eprastos prie\u017ei\u016bros u\u017eduotys<\/h2>\n<ul>\n<li><strong>Reguliar\u016bs patikrinimai:<\/strong> Atlikite reguliarius patikrinimus, kad \u012fsitikintum\u0117te, jog visi str\u0117l\u0117s cilindro komponentai veikia tinkamai. Tai apima nuot\u0117ki\u0173, susid\u0117v\u0117jimo ir bendro vientisumo patikrinim\u0105.<\/li>\n<li><strong>Tinkamas tepimas:<\/strong> Reguliariai sutepkite judan\u010dias dalis ir pri\u017ei\u016br\u0117kite hidraulin\u0119 sistem\u0105. Nor\u0117dami u\u017etikrinti suderinamum\u0105 ir veikim\u0105, naudokite gamintojo rekomenduojam\u0105 hidraulin\u0119 alyv\u0105.<\/li>\n<li><strong>Sandariklio keitimas:<\/strong> Steb\u0117kite sandarikli\u0173 b\u016bkl\u0119 ir keiskite juos pagal susid\u0117v\u0117jim\u0105. Tinkamas sandarinimas yra b\u016btinas norint palaikyti sistemos sl\u0117g\u012f ir i\u0161vengti nuot\u0117ki\u0173.<\/li>\n<\/ul>\n<h2>Saugos aspektai ir aplinkos veiksniai<\/h2>\n<p>Eksploatuojant hidraulines sistemas, saugos priemon\u0117s yra nepaprastai svarbios. U\u017etikrinkite, kad operatoriai b\u016bt\u0173 apmokyti suprasti str\u0117l\u0117s cilindro funkcijas ir apribojimus. \u012egyvendinkite saugos protokolus, skirtus darbui su auk\u0161to sl\u0117gio sistemomis, ir \u0161vieskite darbuotojus apie apsaugini\u0173 priemoni\u0173 svarb\u0105. Taip pat reik\u0117t\u0173 atsi\u017evelgti \u012f aplinkosaugos aspektus, tinkamai \u0161alinant hidraulinius skys\u010dius ir susid\u0117v\u0117jusius komponentus, kad b\u016bt\u0173 suma\u017eintas poveikis aplinkai.<\/p>\n<h2>Trik\u010di\u0173 \u0161alinimas ir da\u017eniausiai pasitaikan\u010dios problemos<\/h2>\n<ul>\n<li><strong>Nuot\u0117kis:<\/strong> Jei i\u0161 cilindro teka hidraulinis skystis, patikrinkite sandariklius ir jungtis. Pakeiskite susid\u0117v\u0117jusius sandariklius ir priver\u017ekite atsilaisvinusias jungtis.<\/li>\n<li><strong>Prastas na\u0161umas:<\/strong> Jei str\u0117l\u0117s cilindras veikia l\u0117tai arba nereaguoja, patikrinkite hidraulinio skys\u010dio lyg\u012f ir kokyb\u0119. U\u017eter\u0161tas arba \u017eemas skys\u010dio lygis gali pakenkti na\u0161umui.<\/li>\n<li><strong>Perkaitimas:<\/strong> Per didelis kar\u0161tis gali b\u016bti perkrovos arba nepakankamo tepimo po\u017eymis. \u012esitikinkite, kad sistema n\u0117ra perkrauta ir kad b\u016bt\u0173 palaikomas tinkamas tepimas.<\/li>\n<\/ul>\n<p>Nor\u0117dami i\u0161vengti problem\u0173, reguliariai atlikite hidraulin\u0117s sistemos technin\u0119 prie\u017ei\u016br\u0105 ir, jei reikia, atnaujinkite j\u0105, taip u\u017etikrindami ilgalaik\u012f veikim\u0105 ir patikimum\u0105.<\/p>\n<p><img decoding=\"async\" src=\"https:\/\/www.hydraulic-cylinders.net\/wp-content\/uploads\/2025\/04\/songte-bushings-with-all-kinds-of-excavator-models.webp\" alt=\"\u012evor\u0117s su ekskavatori\u0173 modeliais\"><\/p>\n<h2>Apie m\u016bs\u0173 \u012fmon\u0119<\/h2>\n<p>Esame pirmaujanti pakaitini\u0173 hidraulini\u0173 cilindr\u0173 gamintoja ir didmeninink\u0117, \u017einoma d\u0117l plataus gamini\u0173 asortimento ir \u012fsipareigojimo kokybei. M\u016bs\u0173 \u012fmon\u0117 siekia meistri\u0161kumo, taikydama patobulintus gamybos procesus ir pramon\u0117s valdymo strategijas. Mes naudojame pa\u017eangias technologijas, kvalifikuotus darbuotojus ir grie\u017etas bandym\u0173 sistemas, kad padidintume savo gamybos paj\u0117gumus ir u\u017etikrintume auk\u0161t\u0105 produkcijos kokyb\u0119.<\/p>\n<p>M\u016bs\u0173 atsidavimas klient\u0173 pasitenkinimui atsispindi pla\u010diame paslaug\u0173 spektre, \u012fskaitant profesionalias pritaikymo galimybes, tarptautinius sertifikatus ir patikim\u0105 garantin\u012f aptarnavim\u0105. Siekiame patenkinti \u012fvairius klient\u0173 poreikius, u\u017etikrindami auk\u0161t\u0105 efektyvum\u0105, tikslum\u0105 ir kokyb\u0117s standartus.<\/p>\n<p><img decoding=\"async\" src=\"https:\/\/www.hydraulic-cylinders.net\/wp-content\/uploads\/2025\/04\/songte-company-4.webp\" alt=\"\u012emon\u0117s ap\u017evalga\"><br \/>\n<img decoding=\"async\" src=\"https:\/\/www.hydraulic-cylinders.net\/wp-content\/uploads\/2025\/04\/songte-company-3.webp\" alt=\"\u012emon\u0117s patalpos\"><\/p>\n<p>Autorius: lyl<\/p>","protected":false},"excerpt":{"rendered":"<p>Boom Cylinder For Lovol Small Excavator FR170 Introduction to Boom Cylinders The Boom Cylinder is a crucial component in hydraulic systems, specifically designed to control the movement of buckets in various heavy machinery such as excavators, backhoes, and front loaders. This hydraulic cylinder enables the bucket to lift, lower, and tilt, making it essential for [&hellip;]<\/p>","protected":false},"featured_media":17871,"comment_status":"open","ping_status":"closed","template":"","meta":{"_et_pb_use_builder":"","_et_pb_old_content":"","_et_gb_content_width":""},"product_brand":[],"product_cat":[1546],"product_tag":[1547,1496],"class_list":{"0":"post-19276","1":"product","2":"type-product","3":"status-publish","4":"has-post-thumbnail","6":"product_cat-boom-cylinders","7":"product_tag-boom-cylinders","8":"product_tag-hydraulic-cylinders","10":"first","11":"instock","12":"shipping-taxable","13":"product-type-simple"},"amp_enabled":true,"_links":{"self":[{"href":"https:\/\/www.hydraulic-cylinders.net\/lt\/wp-json\/wp\/v2\/product\/19276","targetHints":{"allow":["GET"]}}],"collection":[{"href":"https:\/\/www.hydraulic-cylinders.net\/lt\/wp-json\/wp\/v2\/product"}],"about":[{"href":"https:\/\/www.hydraulic-cylinders.net\/lt\/wp-json\/wp\/v2\/types\/product"}],"replies":[{"embeddable":true,"href":"https:\/\/www.hydraulic-cylinders.net\/lt\/wp-json\/wp\/v2\/comments?post=19276"}],"wp:featuredmedia":[{"embeddable":true,"href":"https:\/\/www.hydraulic-cylinders.net\/lt\/wp-json\/wp\/v2\/media\/17871"}],"wp:attachment":[{"href":"https:\/\/www.hydraulic-cylinders.net\/lt\/wp-json\/wp\/v2\/media?parent=19276"}],"wp:term":[{"taxonomy":"product_brand","embeddable":true,"href":"https:\/\/www.hydraulic-cylinders.net\/lt\/wp-json\/wp\/v2\/product_brand?post=19276"},{"taxonomy":"product_cat","embeddable":true,"href":"https:\/\/www.hydraulic-cylinders.net\/lt\/wp-json\/wp\/v2\/product_cat?post=19276"},{"taxonomy":"product_tag","embeddable":true,"href":"https:\/\/www.hydraulic-cylinders.net\/lt\/wp-json\/wp\/v2\/product_tag?post=19276"}],"curies":[{"name":"wp","href":"https:\/\/api.w.org\/{rel}","templated":true}]}}