{"id":19310,"date":"2025-04-07T06:26:13","date_gmt":"2025-04-07T06:26:13","guid":{"rendered":"https:\/\/www.hydraulic-cylinders.net\/product\/boom-cylinder-for-xgma-small-excavator-xg806\/"},"modified":"2025-04-07T06:26:15","modified_gmt":"2025-04-07T06:26:15","slug":"boom-cylinder-for-xgma-small-excavator-xg806","status":"publish","type":"product","link":"https:\/\/www.hydraulic-cylinders.net\/lt\/produktas\/boom-cylinder-for-xgma-small-excavator-xg806\/","title":{"rendered":"Str\u0117l\u0117s cilindras XGMA ma\u017eam ekskavatoriui XG806"},"content":{"rendered":"<h1>Str\u0117l\u0117s cilindras XGMA ma\u017eam ekskavatoriui XG806<\/h1>\n<h2>Produkto ap\u017evalga<\/h2>\n<p>XGMA ma\u017eo ekskavatoriaus XG806 str\u0117l\u0117s cilindras yra labai svarbus hidraulini\u0173 sistem\u0173 komponentas, specialiai sukurtas valdyti kau\u0161\u0173 jud\u0117jim\u0105 \u012fvairiose sunkiosiose ma\u0161inose, \u012fskaitant ekskavatorius, ekskavatorinius krautuvus ir frontalinius krautuvus. \u0160is hidraulinis cilindras palengvina kau\u0161o k\u0117lim\u0105, nuleidim\u0105 ir pakreipim\u0105, taip padidindamas med\u017eiag\u0173 tvarkymo u\u017eduo\u010di\u0173 efektyvum\u0105.<\/p>\n<p>I\u0161 esm\u0117s kau\u0161\u0173 cilindrai yra specializuoti hidrauliniai cilindrai, leid\u017eiantys tiksliai valdyti kasimo ir krovimo procesus. Jie veikia paversdami hidraulin\u012f sl\u0117g\u012f mechanine j\u0117ga, leisdami operatoriams efektyviai atlikti tokias u\u017eduotis kaip kasimas, k\u0117limas ir med\u017eiag\u0173 transportavimas. \u0160i\u0173 cilindr\u0173 konstrukcija u\u017etikrina patikimum\u0105 ir na\u0161um\u0105 sud\u0117tingomis s\u0105lygomis, tod\u0117l jie yra nepakei\u010diami statyb\u0173 ir \u017eem\u0117s \u016bkio sektoriuose.<\/p>\n<p><img decoding=\"async\" src=\"https:\/\/www.hydraulic-cylinders.net\/wp-content\/uploads\/2025\/04\/songte-company-1.webp\" alt=\"Str\u0117l\u0117s cilindro vaizdas\"\/><\/p>\n<h2>Str\u0117l\u0117s cilindro savyb\u0117s<\/h2>\n<ul>\n<li><strong>Didelis stiprumas ir ilgaam\u017ei\u0161kumas:<\/strong> Pagamintas i\u0161 didelio stiprumo plieno arba aliuminio, str\u0117l\u0117s cilindras gali atlaikyti auk\u0161t\u0105 sl\u0117g\u012f ir dideles apkrovas, tod\u0117l tinka at\u0161iaurioms darbo s\u0105lygoms. Jo konstrukcija atsi\u017evelg\u0117 \u012f atsparum\u0105 dilimui ir korozijai, o tai galiausiai pailgina jo tarnavimo laik\u0105.<\/li>\n<li><strong>Efektyvus hidraulinis valdymas:<\/strong> Cilindras naudoja hidraulin\u0117s alyvos sl\u0117g\u012f, kad skland\u017eiai i\u0161skleist\u0173 ir atitraukt\u0173, tod\u0117l greitai reaguoti \u012f veikimo komandas ir u\u017etikrinti didel\u0119 st\u016bmimo bei traukimo j\u0117g\u0105, idealiai tinka sunkiems daiktams tvarkyti ir sud\u0117tingoms u\u017eduotims atlikti.<\/li>\n<li><strong>\u012evair\u016bs tipai:<\/strong> Str\u0117l\u0117s cilindras, tiekiamas vienpusio veikimo (hidraulinis veikimas viena kryptimi) arba dvipusio veikimo (hidraulinis veikimas abiem kryptimis) konfig\u016bracijomis, atitinka \u012fvairius eksploatacinius poreikius. Kai kurie modeliai yra teleskopiniai, tod\u0117l galima labiau i\u0161tiesti nedidinant i\u0161orini\u0173 matmen\u0173, tod\u0117l puikiai tinka naudoti ribotoje erdv\u0117je.<\/li>\n<li><strong>Individuali gamyba:<\/strong> M\u016bs\u0173 \u012fmon\u0117 specializuojasi str\u0117l\u0117s cilindr\u0173, kurie puikiai pakei\u010dia esamus hidraulinius cilindrus, gamyboje, u\u017etikrindami nepriekai\u0161ting\u0105 pritaikym\u0105 ir veikim\u0105 \u012fvairiems technikos modeliams.<\/li>\n<li><strong>Kokyb\u0117s u\u017etikrinimas:<\/strong> Kiekvienas cilindras yra grie\u017etai testuojamas, kad atitikt\u0173 pramon\u0117s standartus, u\u017etikrinant patikimum\u0105 ir na\u0161um\u0105 lauke.<\/li>\n<\/ul>\n<p><img decoding=\"async\" src=\"https:\/\/www.hydraulic-cylinders.net\/wp-content\/uploads\/2025\/04\/songte-cylinder-head-with-all-kinds-excavator-models.webp\" alt=\"Cilindro galvut\u0117s vaizdas\"\/><\/p>\n<h2>Taikymo scenarijai<\/h2>\n<h3>1. Statybin\u0117 \u012franga<\/h3>\n<p>Ekskavatoriuose str\u0117l\u0117s cilindrai yra gyvybi\u0161kai svarb\u016bs kasant, kraunant ir perkeliant grunt\u0105 ar \u0161iuk\u0161les. Hidraulinis veikimas leid\u017eia operatoriui tiksliai manevruoti kau\u0161\u0105, o tai labai svarbu atliekant statybos darbus, kuriems reikalingas tikslus gylis ir med\u017eiag\u0173 i\u0161d\u0117stymas. Galimyb\u0117 efektyviai pakelti ir nuleisti kau\u0161\u0105 pagreitina darbo procesus, o tai padidina na\u0161um\u0105 statybviet\u0117se.<\/p>\n<h3>2. \u017dem\u0117s \u016bkio technika<\/h3>\n<p>Priekiniuose krautuvuose naudojami str\u0117l\u0117s cilindrai palengvina dirvo\u017eemio, \u0161ieno ir kit\u0173 med\u017eiag\u0173 k\u0117lim\u0105, k\u0117lim\u0105 ir transportavim\u0105. Tvirta j\u0173 konstrukcija leid\u017eia kelti sunkius krovinius nepakenkiant ma\u0161inos vientisumui. Hidraulin\u0117 sistema u\u017etikrina, kad operatoriai gal\u0117t\u0173 lengvai tvarkyti didelius med\u017eiag\u0173 kiekius, optimizuodama \u017eem\u0117s \u016bkio darb\u0173 efektyvum\u0105.<\/p>\n<h3>3. Ekskavatoriai<\/h3>\n<p>Ekskavatoriuose str\u0117l\u0117s cilindras leid\u017eia kau\u0161ui efektyviai \u012fsiskverbti \u012f \u017eem\u0119, pasiekiant norim\u0105 kasimo gyl\u012f. \u0160i funkcija yra labai svarbi \u012fvairiems statybos darbams, nes ji leid\u017eia efektyviai pa\u0161alinti \u017eem\u0119 ir \u0161iuk\u0161les, o tai \u017eymiai pagerina kasimo proces\u0105.<\/p>\n<h3>4. Krautuvai<\/h3>\n<p>Priekiniuose krautuvuose str\u0117l\u0117s cilindras padeda efektyviai pakelti ir i\u0161versti med\u017eiagas. \u0160i funkcija yra labai svarbi atliekant tokias u\u017eduotis kaip sunkve\u017eimi\u0173 krovimas ar med\u017eiag\u0173 perk\u0117limas \u012f skirtingas vietas objekte, u\u017etikrinant skland\u0173 ir efektyv\u0173 darb\u0105.<\/p>\n<h2>Projektavimo aspektai ir atrankos standartai<\/h2>\n<h3>Keliamoji galia<\/h3>\n<p>Renkantis str\u0117l\u0117s cilindr\u0105, vienas i\u0161 pagrindini\u0173 aspekt\u0173 yra jo keliamoji galia. Cilindras turi atlaikyti maksimal\u0173 svor\u012f, su kuriuo susidurs eksploatacijos metu. Tam reikia atid\u017eiai \u012fvertinti darbo s\u0105lygas ir tvarkom\u0173 med\u017eiag\u0173 tip\u0105. Gamintojai paprastai pateikia apkrovos \u012fvertinimus, kurie tur\u0117t\u0173 b\u016bti suderinti su eksploatavimo reikalavimais, kad b\u016bt\u0173 i\u0161vengta gedim\u0173.<\/p>\n<h3>Sandarinimo efektyvumas<\/h3>\n<p>Sandarinimas yra labai svarbus hidraulin\u0117se sistemose, siekiant i\u0161vengti nuot\u0117ki\u0173 ir palaikyti sl\u0117g\u012f. Sandarikliai, tokie kaip st\u016bmoklio ir koto sandarikliai, turi b\u016bti parenkami atsi\u017evelgiant \u012f darbo aplink\u0105. Sandarikliai, pagaminti i\u0161 toki\u0173 med\u017eiag\u0173 kaip poliuretanas ir nitrilo kau\u010diukas, pasi\u017eymi puikiu atsparumu dilimui ir da\u017eniausiai naudojami didelio na\u0161umo hidraulin\u0117se sistemose. Tinkamas sandarinimas prailgins cilindro tarnavimo laik\u0105 ir i\u0161laikys veikimo efektyvum\u0105.<\/p>\n<h3>Patvarumas<\/h3>\n<p>Hidraulini\u0173 cilindr\u0173 konstrukcijoje svarbiausias yra ilgaam\u017ei\u0161kumas. Tokie veiksniai kaip med\u017eiag\u0173 pasirinkimas, pavir\u0161iaus apdorojimas ir konstrukcijos vientisumas turi \u012ftakos bendram gaminio tarnavimo laikui. Auk\u0161tos kokyb\u0117s med\u017eiagos ir pavir\u0161iaus dangos gali apsaugoti nuo korozijos ir nusid\u0117v\u0117jimo, u\u017etikrindamos patikim\u0105 veikim\u0105 laikui b\u0117gant. Reguliarus techninis aptarnavimas ir patikrinimai gali dar labiau padidinti cilindro ilgaam\u017ei\u0161kum\u0105, suma\u017eindami poreik\u012f j\u012f keisti.<\/p>\n<h3>Saugos funkcijos<\/h3>\n<p>Saugumas yra svarbiausias hidraulini\u0173 cilindr\u0173 projektavimo prioritetas. Tokios funkcijos kaip sl\u0117gio ma\u017einimo vo\u017etuvai ir saugos u\u017eraktai gali pad\u0117ti i\u0161vengti nelaiming\u0173 atsitikim\u0173, kuriuos sukelia per didelis sl\u0117gis ar mechaniniai gedimai. Operatoriai tur\u0117t\u0173 b\u016bti apmokyti suprasti \u0161iuos saugos mechanizmus, u\u017etikrinant tinkam\u0105 \u012frangos naudojim\u0105 ir suma\u017einant traum\u0173 rizik\u0105 darbo vietoje.<\/p>\n<h3>Prieinamumas prie prie\u017ei\u016bros<\/h3>\n<p>Str\u0117l\u0117s cilindro konstrukcija tur\u0117t\u0173 u\u017etikrinti lengv\u0105 prieig\u0105 atliekant technin\u0119 prie\u017ei\u016br\u0105. Reguliar\u016bs patikrinimai ir technin\u0117 prie\u017ei\u016bra yra b\u016btini siekiant u\u017etikrinti efektyv\u0173 hidraulin\u0117s sistemos veikim\u0105. Galimyb\u0117 greitai pakeisti sandariklius arba patikrinti skys\u010di\u0173 lyg\u012f gali sutaupyti laiko ir suma\u017einti prastovas eksploatacijos metu. Gamintojai tur\u0117t\u0173 atsi\u017evelgti \u012f technin\u0117s prie\u017ei\u016bros reikalavimus savo projektuose, kad operatoriams b\u016bt\u0173 patogu.<\/p>\n<p><img decoding=\"async\" src=\"https:\/\/www.hydraulic-cylinders.net\/wp-content\/uploads\/2025\/04\/songte-oil-pipes-and-spare-parts.webp\" alt=\"Naftos vamzd\u017eiai ir atsargin\u0117s dalys Vaizdas\"\/><\/p>\n<h2>Sandarinimas ir tepimas<\/h2>\n<p>Efektyvus sandarinimas ir tepimas yra gyvybi\u0161kai svarb\u016bs hidraulini\u0173 cilindr\u0173 veikimui. Hidrauliniam sl\u0117giui palaikyti ir skys\u010dio nuot\u0117kiui i\u0161vengti naudojami \u012fvair\u016bs sandarinimo komponentai, tokie kaip st\u016bmokli\u0173 ir kot\u0173 sandarikliai. Sandarikliai, pagaminti i\u0161 patvari\u0173 med\u017eiag\u0173, toki\u0173 kaip poliuretanas ir nitrilo kau\u010diukas, \u017eymiai padidina atsparum\u0105 dilimui.<\/p>\n<p>Cilindro korpusas ir srieginiai galiniai pavir\u0161iai yra kruop\u0161\u010diai apdirbti, siekiant pagerinti atsparum\u0105 dilimui ir u\u017etikrinti ilgaam\u017ei\u0161kum\u0105. Reguliarus tepimas yra b\u016btinas; operatoriai tur\u0117t\u0173 periodi\u0161kai papildyti hidraulin\u0119 alyv\u0105, kad i\u0161laikyt\u0173 optimal\u0173 na\u0161um\u0105 ir suma\u017eint\u0173 trint\u012f cilindro viduje. Tai ne tik apsaugo vidinius komponentus, bet ir u\u017etikrina skland\u0173 veikim\u0105 esant apkrovai.<\/p>\n<h2>Reguliarios patikros ir prevencin\u0117s prie\u017ei\u016bros priemon\u0117s<\/h2>\n<ul>\n<li><strong>Da\u017enos patikros:<\/strong> Reguliariai tikrinkite, ar cilindre ir aplinkiniuose komponentuose n\u0117ra susid\u0117v\u0117jimo ar pa\u017eeidim\u0173 po\u017eymi\u0173. Ie\u0161kokite alyvos nuot\u0117ki\u0173, kurie gali rodyti sandariklio gedim\u0105, ir \u012fvertinkite bendr\u0105 hidraulini\u0173 linij\u0173 b\u016bkl\u0119.<\/li>\n<li><strong>Tinkamas tepimas:<\/strong> \u012esitikinkite, kad cilindras yra tinkamai suteptas. Naudokite rekomenduojamo tipo hidraulin\u0119 alyv\u0105 ir tepkite j\u0105 pagal gamintojo nurodymus, kad i\u0161laikytum\u0117te optimal\u0173 na\u0161um\u0105.<\/li>\n<li><strong>Sandariklio keitimas:<\/strong> Steb\u0117kite tarpikli\u0173 b\u016bkl\u0119 ir prireikus juos pakeiskite. Susid\u0117v\u0117j\u0119 tarpikliai gali sukelti skys\u010di\u0173 nuot\u0117k\u012f ir suma\u017einti na\u0161um\u0105, tod\u0117l laiku juos pakeisti b\u016btina norint i\u0161laikyti cilindro vientisum\u0105.<\/li>\n<\/ul>\n<h2>\u012erengimo gair\u0117s<\/h2>\n<p>Tinkamas str\u0117l\u0117s cilindro montavimas yra labai svarbus siekiant u\u017etikrinti jo veikim\u0105 ir ilgaam\u017ei\u0161kum\u0105. Pirmiausia \u012fsitikinkite, kad darbo vieta yra \u0161vari ir be \u0161iuk\u0161li\u0173. Tinkamai sulygiuokite cilindr\u0105 su tvirtinimo laikikliais ir pritvirtinkite j\u012f naudodami tinkamus montavimo \u012frankius, kad i\u0161vengtum\u0117te nesuderinamumo.<\/p>\n<p>Nor\u0117dami u\u017etikrinti tvirt\u0105 pritvirtinim\u0105, naudokite rekomenduojamus tvirtinimo var\u017et\u0173 sukimo momentus. Patikrinkite hidraulines jungtis, kad i\u0161vengtum\u0117te nuot\u0117ki\u0173; \u012fsitikinkite, kad visos jungtys yra tvirtos ir tinkamai pritvirtintos. \u012edieg\u0119 sistem\u0105, prie\u0161 prad\u0117dami naudoti, patikrinkite, ar n\u0117ra koki\u0173 nors nuot\u0117ki\u0173 ar ne\u012fprasto veikimo po\u017eymi\u0173.<\/p>\n<h2>\u012eprastos prie\u017ei\u016bros u\u017eduotys<\/h2>\n<h3>1. Reguliar\u016bs patikrinimai<\/h3>\n<p>Reguliariai tikrinkite, kad anksti nustatytum\u0117te susid\u0117v\u0117jim\u0105 ar pa\u017eeidimus. Ie\u0161kokite nuot\u0117ki\u0173 aplink sandariklius ir jungtis ir \u012fvertinkite bendr\u0105 cilindro bei hidraulin\u0117s sistemos b\u016bkl\u0119. Ankstyvas problem\u0173 nustatymas gali pad\u0117ti i\u0161vengti rimtesni\u0173 problem\u0173 ateityje.<\/p>\n<h3>2. Tinkamas tepimas<\/h3>\n<p>\u012esitikinkite, kad cilindras suteptas pagal gamintojo specifikacijas. Tinkamas tepimas suma\u017eina judan\u010di\u0173 dali\u0173 trint\u012f ir susid\u0117v\u0117jim\u0105, pailgindamas hidraulinio cilindro tarnavimo laik\u0105. Naudokite auk\u0161tos kokyb\u0117s hidraulin\u0119 alyv\u0105 ir laikykit\u0117s numatyt\u0173 tepimo technin\u0117s prie\u017ei\u016bros interval\u0173.<\/p>\n<h3>3. Sandariklio keitimas ir kalibravimo patikrinimai<\/h3>\n<p>Reguliariai tikrinkite tarpikli\u0173 b\u016bkl\u0119 ir prireikus juos pakeiskite, kad i\u0161vengtum\u0117te nuot\u0117ki\u0173. Kalibravimo patikrinimai u\u017etikrina, kad cilindras veikt\u0173 pagal numatytas specifikacijas, ir taip i\u0161vengiama eksploatacini\u0173 neefektyvumo. Tinkamas suderinimas montavimo metu yra labai svarbus; apsvarstykite galimyb\u0119 naudoti tinkamus tvirtinimo laikiklius, kad cilindras b\u016bt\u0173 tvirtai pritvirtintas.<\/p>\n<p><img decoding=\"async\" src=\"https:\/\/www.hydraulic-cylinders.net\/wp-content\/uploads\/2025\/04\/songte-chushion-collar.webp\" alt=\"Pagalv\u0117l\u0117s apykakl\u0117s vaizdas\"\/><\/p>\n<h2>Saugos aspektai ir aplinkos veiksniai<\/h2>\n<p>Dirbant su hidrauliniais cilindrais, labai svarbu laikytis saugos priemoni\u0173. Operatoriai tur\u0117t\u0173 b\u016bti apmokyti saugiai elgtis su hidrauline \u012franga ir j\u0105 valdyti. \u012esitikinkite, kad visi saugos \u012ftaisai, \u012fskaitant sl\u0117gio ma\u017einimo vo\u017etuvus, veikia, kad i\u0161vengtum\u0117te nelaiming\u0173 atsitikim\u0173 d\u0117l netik\u0117t\u0173 sl\u0117gio \u0161uoli\u0173. Be to, palaikykite \u0161vari\u0105 ir saugi\u0105 darbo aplink\u0105, kad suma\u017eintum\u0117te su hidraulinio skys\u010dio i\u0161siliejimu ar nuot\u0117kiu susijus\u012f pavoj\u0173.<\/p>\n<h2>Trik\u010di\u0173 \u0161alinimas ir da\u017eniausiai pasitaikan\u010dios problemos<\/h2>\n<ul>\n<li><strong>Nuot\u0117kis:<\/strong> Jei pasteb\u0117jote hidraulinio skys\u010dio nuot\u0117k\u012f, tai gali rodyti susid\u0117v\u0117jusius sandariklius arba atsilaisvinusias jungtis. Patikrinkite, ar sandarikliai ir jungiamosios detal\u0117s nepa\u017eeistos, ir prireikus pakeiskite.<\/li>\n<li><strong>Suma\u017eintas na\u0161umas:<\/strong> Jei str\u0117l\u0117s cilindras nereaguoja taip, kaip tik\u0117tasi, patikrinkite, ar sistemoje n\u0117ra \u017eemo hidraulinio skys\u010dio lygio arba oro. Gali tekti i\u0161leisti i\u0161 sistemos or\u0105, kad b\u016bt\u0173 pa\u0161alintas \u012fstrig\u0119s oras.<\/li>\n<li><strong>Ne\u012fprasti garsai:<\/strong> Jei veikimo metu girdite keistus garsus, tai gali rodyti vidin\u012f susid\u0117v\u0117jim\u0105 arba pa\u017eeidim\u0105. Reik\u0117t\u0173 atlikti i\u0161sam\u0173 patikrinim\u0105, kad b\u016bt\u0173 nustatyta ir pa\u0161alinta problema.<\/li>\n<\/ul>\n<h2>Gedim\u0173 \u0161alinimo patarimai<\/h2>\n<p>Nor\u0117dami efektyviai diagnozuoti ir i\u0161spr\u0119sti str\u0117l\u0117s cilindro problemas, operatoriai tur\u0117t\u0173 periodi\u0161kai per\u017ei\u016br\u0117ti na\u0161umo duomenis ir atlikti patikrinimus. Sukurti prevencin\u0117s prie\u017ei\u016bros grafik\u0105, kad b\u016bt\u0173 galima nustatyti galimas problemas, kol jos nesuk\u0117l\u0117 dideli\u0173 gedim\u0173. Darbuotoj\u0173 mokymas apie da\u017eniausiai pasitaikan\u010dius gedimus ir j\u0173 sprendimus taip pat gali padidinti veiklos efektyvum\u0105 ir saug\u0105.<\/p>\n<p><img decoding=\"async\" src=\"https:\/\/www.hydraulic-cylinders.net\/wp-content\/uploads\/2025\/04\/songte-bushings-with-all-kinds-of-excavator-models.webp\" alt=\"\u012evori\u0173 vaizdas\"\/><\/p>\n<h2>\u012emon\u0117s ap\u017evalga<\/h2>\n<p>Esame gamintojas, kurio specializacija \u2013 pakaitiniai hidrauliniai cilindrai. Si\u016blome plat\u0173 gamini\u0173 asortiment\u0105, kad taptume vienu i\u0161 pirmaujan\u010di\u0173 gamintoj\u0173 ir didmenini\u0173 platintoj\u0173 vidaus ir tarptautin\u0117se rinkose. M\u016bs\u0173 \u012fsipareigojim\u0105 u\u017etikrinti i\u0161skirtin\u0119 kokyb\u0119 palaiko sud\u0117tinga gamybos valdymo strategija, pasitelkiant kvalifikuotus techninius darbuotojus, pa\u017eangi\u0105 skaitmenin\u0119 gamybos \u012frang\u0105 ir profesionalias testavimo sistemas.<\/p>\n<p>Nuolat tobulindami savo gamybos platform\u0105, u\u017etikriname, kad m\u016bs\u0173 produktai atitikt\u0173 auk\u0161tus gamybos standartus. M\u016bs\u0173 tvirti k\u016brybiniai paj\u0117gumai leid\u017eia mums teikti efektyvius, tikslius ir auk\u0161tos kokyb\u0117s sprendimus, pritaikytus \u012fvairiems m\u016bs\u0173 klient\u0173 poreikiams.<\/p>\n<p><img decoding=\"async\" src=\"https:\/\/www.hydraulic-cylinders.net\/wp-content\/uploads\/2025\/04\/songte-company-4.webp\" alt=\"\u012emon\u0117s paveiksl\u0117lis 1\"\/><br \/>\n<img decoding=\"async\" src=\"https:\/\/www.hydraulic-cylinders.net\/wp-content\/uploads\/2025\/04\/songte-company-3.webp\" alt=\"\u012emon\u0117s paveiksl\u0117lis 2\"\/><\/p>\n<p>Autorius: lyl<\/p>","protected":false},"excerpt":{"rendered":"<p>Boom Cylinder For XGMA Small Excavator XG806 Product Overview The Boom Cylinder for XGMA Small Excavator XG806 is a crucial component in hydraulic systems, specifically designed to control the movement of buckets in various heavy machinery including excavators, backhoe loaders, and front loaders. This hydraulic cylinder facilitates the lifting, lowering, and tilting of the bucket, [&hellip;]<\/p>","protected":false},"featured_media":17875,"comment_status":"open","ping_status":"closed","template":"","meta":{"_et_pb_use_builder":"","_et_pb_old_content":"","_et_gb_content_width":""},"product_brand":[],"product_cat":[1546],"product_tag":[1547,1496],"class_list":{"0":"post-19310","1":"product","2":"type-product","3":"status-publish","4":"has-post-thumbnail","6":"product_cat-boom-cylinders","7":"product_tag-boom-cylinders","8":"product_tag-hydraulic-cylinders","10":"first","11":"instock","12":"shipping-taxable","13":"product-type-simple"},"amp_enabled":true,"_links":{"self":[{"href":"https:\/\/www.hydraulic-cylinders.net\/lt\/wp-json\/wp\/v2\/product\/19310","targetHints":{"allow":["GET"]}}],"collection":[{"href":"https:\/\/www.hydraulic-cylinders.net\/lt\/wp-json\/wp\/v2\/product"}],"about":[{"href":"https:\/\/www.hydraulic-cylinders.net\/lt\/wp-json\/wp\/v2\/types\/product"}],"replies":[{"embeddable":true,"href":"https:\/\/www.hydraulic-cylinders.net\/lt\/wp-json\/wp\/v2\/comments?post=19310"}],"wp:featuredmedia":[{"embeddable":true,"href":"https:\/\/www.hydraulic-cylinders.net\/lt\/wp-json\/wp\/v2\/media\/17875"}],"wp:attachment":[{"href":"https:\/\/www.hydraulic-cylinders.net\/lt\/wp-json\/wp\/v2\/media?parent=19310"}],"wp:term":[{"taxonomy":"product_brand","embeddable":true,"href":"https:\/\/www.hydraulic-cylinders.net\/lt\/wp-json\/wp\/v2\/product_brand?post=19310"},{"taxonomy":"product_cat","embeddable":true,"href":"https:\/\/www.hydraulic-cylinders.net\/lt\/wp-json\/wp\/v2\/product_cat?post=19310"},{"taxonomy":"product_tag","embeddable":true,"href":"https:\/\/www.hydraulic-cylinders.net\/lt\/wp-json\/wp\/v2\/product_tag?post=19310"}],"curies":[{"name":"wp","href":"https:\/\/api.w.org\/{rel}","templated":true}]}}