{"id":19313,"date":"2025-04-07T06:26:31","date_gmt":"2025-04-07T06:26:31","guid":{"rendered":"https:\/\/www.hydraulic-cylinders.net\/product\/boom-cylinder-for-xgma-small-excavator-xg815el\/"},"modified":"2025-04-07T06:26:33","modified_gmt":"2025-04-07T06:26:33","slug":"boom-cylinder-for-xgma-small-excavator-xg815el","status":"publish","type":"product","link":"https:\/\/www.hydraulic-cylinders.net\/lt\/produktas\/boom-cylinder-for-xgma-small-excavator-xg815el\/","title":{"rendered":"Str\u0117l\u0117s cilindras XGMA ma\u017eam ekskavatoriui XG815EL"},"content":{"rendered":"<h1>Str\u0117l\u0117s cilindras XGMA ma\u017eam ekskavatoriui XG815EL<\/h1>\n<h2>Produkto ap\u017evalga<\/h2>\n<p>XGMA ma\u017eojo ekskavatoriaus XG815EL str\u0117l\u0117s cilindras yra labai svarbus hidraulini\u0173 sistem\u0173 komponentas, pagerinantis \u012fvairi\u0173 sunki\u0173j\u0173 ma\u0161in\u0173 funkcionalum\u0105. \u0160is hidraulinis cilindras yra specialiai sukurtas valdyti kau\u0161o jud\u0117jim\u0105 ekskavatoriuose, ekskavatoriuose ir frontaliniuose krautuvuose, leid\u017eiant kau\u0161\u0105 efektyviai kelti, leisti ir pakreipti. \u0160i funkcija yra b\u016btina atliekant med\u017eiag\u0173 tvarkymo u\u017eduotis, u\u017etikrinant, kad operatoriai gal\u0117t\u0173 tiksliai atlikti kasimo, krovimo ir transportavimo operacijas.<\/p>\n<p><img decoding=\"async\" src=\"https:\/\/www.hydraulic-cylinders.net\/wp-content\/uploads\/2025\/04\/songte-company-1.webp\" alt=\"Ekskavatoriaus str\u0117l\u0117s cilindras\" \/><\/p>\n<h3>Kau\u0161o cilindro apibr\u0117\u017eimas ir funkcija<\/h3>\n<p>Kau\u0161o cilindras yra hidraulinio cilindro tipas, atliekantis gyvybi\u0161kai svarb\u0173 vaidmen\u012f sunkiosios technikos valdyme. \u0160ie cilindrai, konvertuodami hidraulin\u012f sl\u0117g\u012f \u012f mechanin\u0119 j\u0117g\u0105, leid\u017eia skland\u017eiai ir kontroliuojamai jud\u0117ti ekskavatoriaus kau\u0161\u0105. \u0160is mechanizmas yra b\u016btinas \u012fvairiose srityse \u2013 nuo \u200b\u200bpaprast\u0173 k\u0117limo u\u017eduo\u010di\u0173 iki sud\u0117ting\u0173 kasimo operacij\u0173. Geb\u0117jimas pakelti sunkius krovinius, kartu u\u017etikrinant stabilum\u0105 ir valdym\u0105, daro kau\u0161o cilindr\u0105 ne\u012fkainojamu komponentu statybos ir \u017eem\u0117s \u016bkio technikoje.<\/p>\n<h2>Produkto savyb\u0117s<\/h2>\n<ul>\n<li><strong>Didelis stiprumas ir ilgaam\u017ei\u0161kumas:<\/strong> Pagamintas i\u0161 didelio stiprumo plieno arba aliuminio, m\u016bs\u0173 str\u0117l\u0117s cilindras gali atlaikyti auk\u0161t\u0105 sl\u0117g\u012f ir dideles apkrovas, tod\u0117l tinka at\u0161iaurioms darbo s\u0105lygoms. Jo konstrukcijoje integruotas atsparumas dilimui ir apsauga nuo korozijos, tod\u0117l pailg\u0117ja jo tarnavimo laikas.<\/li>\n<li><strong>Efektyvus hidraulinis valdymas:<\/strong> Str\u0117l\u0117s cilindras naudoja hidraulin\u0117s alyvos sl\u0117g\u012f, kad str\u0117l\u0117 skland\u017eiai i\u0161skleist\u0173 ir atitraukt\u0173 str\u0117l\u0119, greitai reaguot\u0173 \u012f operatoriaus komandas ir u\u017etikrint\u0173 didel\u0119 st\u016bmimo bei traukimo j\u0117g\u0105, idealiai tinkan\u010di\u0105 sunkioms ir sud\u0117tingoms u\u017eduotims atlikti.<\/li>\n<li><strong>Tip\u0173 \u012fvairov\u0117:<\/strong> M\u016bs\u0173 cilindrai, tiekiami vienpusio veikimo (veikiantys viena kryptimi) arba dvipusio veikimo (veikiantys abiem kryptimis) konfig\u016bracijomis, gali b\u016bti pritaikyti \u012fvairiems eksploatavimo reikalavimams. Kai kurie modeliai pasi\u017eymi teleskopin\u0117mis konstrukcijomis, leid\u017eian\u010diomis didesn\u012f i\u0161pl\u0117tim\u0105 nedidinant i\u0161orini\u0173 matmen\u0173, tod\u0117l puikiai tinka u\u017edaroms erdv\u0117ms.<\/li>\n<li><strong>Individualizuota gamyba:<\/strong> Mes galime pagaminti \u0161\u012f gamin\u012f, u\u017etikrindami, kad m\u016bs\u0173 hidrauliniai cilindrai puikiai pakeis esamus modelius ir atitiks auk\u0161tus na\u0161umo bei patikimumo standartus.<\/li>\n<li><strong>Visapusi\u0161ka parama:<\/strong> M\u016bs\u0173 komanda teikia i\u0161sami\u0105 pagalb\u0105 ir konsultacijas viso pasirinkimo ir montavimo proceso metu, u\u017etikrindama optimal\u0173 str\u0117l\u0117s cilindro veikim\u0105 ir ilgaam\u017ei\u0161kum\u0105.<\/li>\n<\/ul>\n<p><img decoding=\"async\" src=\"https:\/\/www.hydraulic-cylinders.net\/wp-content\/uploads\/2025\/04\/songte-cylinder-head-with-all-kinds-excavator-models.webp\" alt=\"Ekskavatori\u0173 modeliai\" \/><\/p>\n<h2>Taikymo scenarijai<\/h2>\n<h3>Statybin\u0117 \u012franga<\/h3>\n<p>Ekskavatoriuose str\u0117l\u0117s cilindras yra neatsiejama dalis, leid\u017eianti efektyviai kasti, krauti ir perkelti dirvo\u017eem\u012f ar \u0161iuk\u0161les. Ekskavatoriuose-krautuvuose kau\u0161o cilindras ne tik palengvina kasim\u0105, bet ir padeda k\u0117limo operacijose, tod\u0117l \u012frengin\u012f galima \u012fvairiai naudoti statybviet\u0117se.<\/p>\n<h3>\u017dem\u0117s \u016bkio technika<\/h3>\n<p>Priekiniuose krautuvuose str\u0117l\u0117s cilindras yra b\u016btinas dirvo\u017eemio, \u0161ieno ir kit\u0173 med\u017eiag\u0173 k\u0117limui, k\u0117limui ir transportavimui. \u0160is hidraulinis komponentas leid\u017eia \u016bkininkams padidinti produktyvum\u0105 atliekant u\u017eduotis, kurioms reikalinga didel\u0117 k\u0117limo galia.<\/p>\n<h3>Ekskavatoriai<\/h3>\n<p>Kau\u0161o cilindras leid\u017eia ekskavatoriaus kau\u0161ui efektyviai \u012fsiskverbti \u012f \u017eem\u0119, tod\u0117l galima lengvai i\u0161kasti dirvo\u017eem\u012f. Jis palaiko \u012fvairius kasimo gylius ir kampus, taip padidindamas bendras ma\u0161inos galimybes.<\/p>\n<h3>Krautuvai<\/h3>\n<p>Priekiniuose krautuvuose str\u0117l\u0117s cilindras padeda efektyviai kelti ir i\u0161versti krovinius. Jis suteikia reikiam\u0105 j\u0117g\u0105 med\u017eiagoms i\u0161versti auk\u0161tyje, o tai labai svarbu atliekant statybos ir kra\u0161tovaizd\u017eio tvarkymo darbus.<\/p>\n<h2>Projektavimo aspektai ir atrankos kriterijai<\/h2>\n<h3>Keliamoji galia<\/h3>\n<p>Renkantis str\u0117l\u0117s cilindr\u0105, svarbiausias aspektas yra keliamoji galia. Cilindras turi atlaikyti maksimal\u0173 pakeliam\u0173 ar perkeliam\u0173 krovini\u0173 svor\u012f be gedimo rizikos. Gerai suprojektuotas cilindras pasi\u017eym\u0117s tvirta konstrukcija, kuri tolygiai paskirsto \u012ftemp\u012f ir suma\u017eina nusid\u0117v\u0117jim\u0105 eksploatacijos metu.<\/p>\n<h3>Sandarumo vientisumas<\/h3>\n<p>Efektyvus sandarinimas yra labai svarbus siekiant i\u0161vengti hidraulinio skys\u010dio nuot\u0117kio, kuris gali pakenkti cilindro veikimui. Auk\u0161tos kokyb\u0117s sandarikliai, pagaminti i\u0161 patvari\u0173 med\u017eiag\u0173, toki\u0173 kaip poliuretanas ir nitrilo kau\u010diukas, yra b\u016btini norint palaikyti sl\u0117g\u012f ir efektyvum\u0105. Reguliarus sandariklio b\u016bkl\u0117s patikrinimas gali pad\u0117ti i\u0161vengti brangaus remonto ir prastov\u0173.<\/p>\n<h3>Patvarumas<\/h3>\n<p>Patvarumas u\u017etikrina, kad str\u0117l\u0117s cilindras atlaikys kasdienio darbo s\u0105lygas sud\u0117tingomis s\u0105lygomis. Tai apima atsparum\u0105 dilimui ir korozijai, pasiekiam\u0105 naudojant auk\u0161tos kokyb\u0117s med\u017eiagas ir pavir\u0161iaus apdorojim\u0105, kurie \u017eymiai pailgina cilindro tarnavimo laik\u0105.<\/p>\n<h3>Saugos funkcijos<\/h3>\n<p>Saugumas yra labai svarbus hidraulini\u0173 cilindr\u0173 projektavimo aspektas. Tokios funkcijos kaip apsauga nuo perkrovos ir tinkamos tvirtinimo konfig\u016bracijos u\u017etikrina saug\u0173 veikim\u0105. \u0160ios savyb\u0117s padeda suma\u017einti su hidrauliniais gedimais susijusi\u0105 rizik\u0105, apsaugodamos tiek operatorius, tiek \u012frang\u0105.<\/p>\n<h3>Prieinamumas prie prie\u017ei\u016bros<\/h3>\n<p>Konstrukcija, u\u017etikrinanti lengv\u0105 prie\u017ei\u016br\u0105 ir patikr\u0105, gali gerokai pailginti str\u0117l\u0117s cilindro gyvavimo cikl\u0105. Komponentai, prie kuri\u0173 lengva prieiti atliekant \u012fprastinius patikrinimus, tepim\u0105 ir kei\u010diant tarpiklius, gali sutaupyti laiko ir suma\u017einti eksploatavimo i\u0161laidas.<\/p>\n<p><img decoding=\"async\" src=\"https:\/\/www.hydraulic-cylinders.net\/wp-content\/uploads\/2025\/04\/songte-oil-pipes-and-spare-parts.webp\" alt=\"Hidrauliniai komponentai\" \/><\/p>\n<h2>Sandarinimas ir tepimas<\/h2>\n<p>Str\u0117l\u0117s cilindro efektyvumas labai priklauso nuo jo sandarinimo ir tepimo sistem\u0173. \u012evairi\u0173 sandarikli\u0173, \u012fskaitant st\u016bmoklio ir strypo sandariklius, naudojimas yra b\u016btinas norint palaikyti sl\u0117g\u012f ir i\u0161vengti hidraulinio skys\u010dio nuot\u0117kio. Sandarikliai, pagaminti i\u0161 atspari\u0173 dilimui med\u017eiag\u0173, toki\u0173 kaip poliuretanas ir nitrilo kau\u010diukas, pasi\u017eymi ilgesniu tarnavimo laiku ir na\u0161umu.<\/p>\n<p>Be to, cilindro korpusas ir srieginiai galiniai ta\u0161kai tur\u0117t\u0173 b\u016bti kruop\u0161\u010diai apdirbti, siekiant pagerinti atsparum\u0105 dilimui. Reguliarus tepimas tinkama hidrauline alyva yra labai svarbus siekiant u\u017etikrinti skland\u0173 veikim\u0105 ir i\u0161vengti per didelio judan\u010di\u0173 dali\u0173 susid\u0117v\u0117jimo.<\/p>\n<h2>Reguliar\u016bs patikrinimai ir prevencin\u0117 prie\u017ei\u016bra<\/h2>\n<ul>\n<li><strong>\u012eprastiniai patikrinimai:<\/strong> Reguliariai tikrinkite cilindr\u0105, ar n\u0117ra susid\u0117v\u0117jimo, nuot\u0117kio ar pa\u017eeidimo po\u017eymi\u0173. Ankstyvas problem\u0173 nustatymas gali pad\u0117ti i\u0161vengti rimtesni\u0173 problem\u0173 ateityje.<\/li>\n<li><strong>Tinkamas tepimas:<\/strong> \u012esitikinkite, kad hidraulin\u0117s alyvos lygis yra optimalus, ir reguliariai sutepkite judan\u010dias dalis, kad u\u017etikrintum\u0117te skland\u0173 veikim\u0105 ir i\u0161vengtum\u0117te susid\u0117v\u0117jimo.<\/li>\n<li><strong>Sandariklio keitimas:<\/strong> Periodi\u0161kai tikrinkite sandariklius, ar jie n\u0117ra susid\u0117v\u0117j\u0119. Greitas pa\u017eeist\u0173 sandarikli\u0173 pakeitimas gali pad\u0117ti i\u0161vengti skys\u010di\u0173 nuot\u0117kio ir i\u0161laikyti cilindro efektyvum\u0105.<\/li>\n<\/ul>\n<h2>\u012erengimo gair\u0117s<\/h2>\n<p>Tinkamas str\u0117l\u0117s cilindro montavimas yra labai svarbus optimaliam veikimui. Montuojant labai svarbu teisingai sulygiuoti cilindr\u0105, kad b\u016bt\u0173 i\u0161vengta per didelio cilindro komponent\u0173 \u012ftempimo. Naudokite tinkamus tvirtinimo laikiklius, kad pritvirtintum\u0117te cilindr\u0105 vietoje, u\u017etikrindami, kad jis b\u016bt\u0173 stabilus ir tinkamai pritvirtintas.<\/p>\n<p>Prie\u0161 montuodami, nuvalykite visus tvirtinimo pavir\u0161ius, kad pa\u0161alintum\u0117te ne\u0161varumus ir \u0161iuk\u0161les, kurios gali trukdyti tinkamam montavimui. Sumontav\u0119 patikrinkite, ar hidraulin\u0117s jungtys nepraleid\u017eia vandens, ir \u012fsitikinkite, kad cilindras tinkamai u\u017epildytas hidrauliniu skys\u010diu. Po montavimo atlikite funkcin\u012f bandym\u0105, kad \u012fsitikintum\u0117te, jog cilindras veikia skland\u017eiai ir efektyviai.<\/p>\n<h2>Prie\u017ei\u016bros u\u017eduotys<\/h2>\n<h3>Reguliar\u016bs patikrinimai<\/h3>\n<p>Reguliar\u016bs patikrinimai yra labai svarb\u016bs norint anksti nustatyti galimas problemas. Patikrinkite, ar n\u0117ra hidraulinio skys\u010dio nuot\u0117kio, ar n\u0117ra sandarikli\u0173 susid\u0117v\u0117jimo po\u017eymi\u0173 ir bendros cilindro b\u016bkl\u0117s. \u0160i\u0173 patikrinim\u0173 dokumentavimas padeda steb\u0117ti na\u0161um\u0105 ir planuoti technin\u0119 prie\u017ei\u016br\u0105.<\/p>\n<h3>Tinkamas tepimas<\/h3>\n<p>Nuolatinis str\u0117l\u0117s cilindro tepimas yra labai svarbus norint i\u0161laikyti jo funkcionalum\u0105. \u012esitikinkite, kad hidraulinio skys\u010dio lygis yra pakankamas, ir tepkite judan\u010dias dalis tepalu, kaip nurodyta gamintojo instrukcijose. Tinkamas tepimas suma\u017eina trint\u012f ir susid\u0117v\u0117jim\u0105, pailgindamas cilindro tarnavimo laik\u0105.<\/p>\n<h3>Tarpikli\u0173 keitimas ir kalibravimo patikrinimai<\/h3>\n<p>Reguliariai tikrinkite, ar n\u0117ra susid\u0117v\u0117jimo po\u017eymi\u0173, ir prireikus pakeiskite juos. Kalibravimo patikrinimai taip pat svarb\u016bs siekiant u\u017etikrinti, kad cilindras veikt\u0173 pagal savo projektinius parametrus. Laikantis rekomenduojam\u0173 patikrinimo ir keitimo proced\u016br\u0173, bus i\u0161laikytas str\u0117l\u0117s cilindro vientisumas ir veikimas.<\/p>\n<p><img decoding=\"async\" src=\"https:\/\/www.hydraulic-cylinders.net\/wp-content\/uploads\/2025\/04\/songte-chushion-collar.webp\" alt=\"Hidraulini\u0173 cilindr\u0173 komponentai\" \/><\/p>\n<h2>Saugos aspektai ir aplinkos veiksniai<\/h2>\n<p>Naudojant hidraulinius cilindrus, saugos priemon\u0117s yra nepaprastai svarbios. Operatoriai tur\u0117t\u0173 b\u016bti apmokyti saugaus elgesio su jais praktikos, kad b\u016bt\u0173 suma\u017einta hidraulinio skys\u010dio nuot\u0117kio ir \u012frangos gedimo rizika. Reguliar\u016bs saugos patikrinimai ir eksploatavimo gairi\u0173 laikymasis padeda u\u017etikrinti saugi\u0105 darbo aplink\u0105.<\/p>\n<h2>Gedim\u0173 diagnostika ir da\u017eniausios problemos<\/h2>\n<ul>\n<li><strong>Nuot\u0117kis:<\/strong> Skys\u010di\u0173 nuot\u0117kiai yra da\u017ena problema, galinti suma\u017einti efektyvum\u0105. Tinkamas sandarinimas ir reguliarios patikros padeda anksti nustatyti nuot\u0117kius.<\/li>\n<li><strong>L\u0117tas jud\u0117jimas:<\/strong> Jei cilindras juda l\u0117tai, tai gali reik\u0161ti \u017eem\u0105 hidraulinio skys\u010dio lyg\u012f arba sistemoje \u012fstrigusi\u0105 or\u0105. \u0160i\u0105 problem\u0105 galima i\u0161spr\u0119sti i\u0161leidus sistem\u0105 ir papild\u017eius hidraulin\u012f skyst\u012f.<\/li>\n<li><strong>Perkaitimas:<\/strong> Perkaitimas gali \u012fvykti d\u0117l per didel\u0117s apkrovos arba nepakankamo tepimo. U\u017etikrinkite tinkam\u0105 prie\u017ei\u016br\u0105 ir nevir\u0161ykite apkrovos rib\u0173, kad i\u0161vengtum\u0117te perkaitimo.<\/li>\n<\/ul>\n<p>Greitai spr\u0119sdami \u0161ias da\u017enas problemas, operatoriai gali i\u0161laikyti optimal\u0173 na\u0161um\u0105 ir pailginti str\u0117l\u0117s cilindro tarnavimo laik\u0105.<\/p>\n<p><img decoding=\"async\" src=\"https:\/\/www.hydraulic-cylinders.net\/wp-content\/uploads\/2025\/04\/songte-bushings-with-all-kinds-of-excavator-models.webp\" alt=\"Ekskavatoriaus \u012fvor\u0117s\" \/><\/p>\n<h2>I\u0161vada<\/h2>\n<p>M\u016bs\u0173 \u012fmon\u0117 yra pirmaujanti alternatyvi\u0173 hidraulini\u0173 cilindr\u0173 gamintoja ir didmenin\u0117s prekybos atstov\u0117 tiek vidaus, tiek tarptautin\u0117je rinkose. Mes teikiame pirmenyb\u0119 kokybei, remdamiesi rafinuota gamybos strategija, kuri\u0105 palaiko kvalifikuoti darbuotojai, pa\u017eangi skaitmenin\u0117 gamybos \u012franga ir patikima testavimo sistema. M\u016bs\u0173 \u012fsipareigojimas tobulinti gamybos platform\u0105 u\u017etikrina, kad patenkintume \u012fvairius klient\u0173 poreikius, i\u0161laikydami auk\u0161t\u0105 efektyvum\u0105, tikslum\u0105 ir produkt\u0173 kokyb\u0119.<\/p>\n<p>D\u0117mes\u012f sutelkdami \u012f profesionalum\u0105, tarptautinius sertifikatus, individualiai pritaikytas paslaugas, pa\u017eangiausi\u0105 gamybos \u012frang\u0105 ir visapusi\u0161k\u0105 aptarnavim\u0105 po pardavimo, siekiame savo klientams teikti auk\u0161\u010diausios kokyb\u0117s hidraulinius sprendimus.<\/p>\n<p><img decoding=\"async\" src=\"https:\/\/www.hydraulic-cylinders.net\/wp-content\/uploads\/2025\/04\/songte-company-4.webp\" alt=\"\u012emon\u0117s ap\u017evalga\" \/><br \/>\n<img decoding=\"async\" src=\"https:\/\/www.hydraulic-cylinders.net\/wp-content\/uploads\/2025\/04\/songte-company-3.webp\" alt=\"\u012emon\u0117s gamyba\" \/><\/p>\n<p>Autorius: lyl<\/p>","protected":false},"excerpt":{"rendered":"<p>Boom Cylinder For XGMA Small Excavator XG815EL Product Overview The Boom Cylinder for the XGMA Small Excavator XG815EL is a critical component in hydraulic systems that enhances the functionality of various heavy machinery. This hydraulic cylinder is specifically designed to control the movement of the bucket in excavators, backhoes, and front loaders, enabling the bucket [&hellip;]<\/p>","protected":false},"featured_media":17878,"comment_status":"open","ping_status":"closed","template":"","meta":{"_et_pb_use_builder":"","_et_pb_old_content":"","_et_gb_content_width":""},"product_brand":[],"product_cat":[1546],"product_tag":[1547,1496],"class_list":{"0":"post-19313","1":"product","2":"type-product","3":"status-publish","4":"has-post-thumbnail","6":"product_cat-boom-cylinders","7":"product_tag-boom-cylinders","8":"product_tag-hydraulic-cylinders","10":"first","11":"instock","12":"shipping-taxable","13":"product-type-simple"},"amp_enabled":true,"_links":{"self":[{"href":"https:\/\/www.hydraulic-cylinders.net\/lt\/wp-json\/wp\/v2\/product\/19313","targetHints":{"allow":["GET"]}}],"collection":[{"href":"https:\/\/www.hydraulic-cylinders.net\/lt\/wp-json\/wp\/v2\/product"}],"about":[{"href":"https:\/\/www.hydraulic-cylinders.net\/lt\/wp-json\/wp\/v2\/types\/product"}],"replies":[{"embeddable":true,"href":"https:\/\/www.hydraulic-cylinders.net\/lt\/wp-json\/wp\/v2\/comments?post=19313"}],"wp:featuredmedia":[{"embeddable":true,"href":"https:\/\/www.hydraulic-cylinders.net\/lt\/wp-json\/wp\/v2\/media\/17878"}],"wp:attachment":[{"href":"https:\/\/www.hydraulic-cylinders.net\/lt\/wp-json\/wp\/v2\/media?parent=19313"}],"wp:term":[{"taxonomy":"product_brand","embeddable":true,"href":"https:\/\/www.hydraulic-cylinders.net\/lt\/wp-json\/wp\/v2\/product_brand?post=19313"},{"taxonomy":"product_cat","embeddable":true,"href":"https:\/\/www.hydraulic-cylinders.net\/lt\/wp-json\/wp\/v2\/product_cat?post=19313"},{"taxonomy":"product_tag","embeddable":true,"href":"https:\/\/www.hydraulic-cylinders.net\/lt\/wp-json\/wp\/v2\/product_tag?post=19313"}],"curies":[{"name":"wp","href":"https:\/\/api.w.org\/{rel}","templated":true}]}}