{"id":19315,"date":"2025-04-07T06:26:36","date_gmt":"2025-04-07T06:26:36","guid":{"rendered":"https:\/\/www.hydraulic-cylinders.net\/product\/boom-cylinder-for-xgma-middle-excavator-xg822\/"},"modified":"2025-04-07T06:26:38","modified_gmt":"2025-04-07T06:26:38","slug":"boom-cylinder-for-xgma-middle-excavator-xg822","status":"publish","type":"product","link":"https:\/\/www.hydraulic-cylinders.net\/lt\/produktas\/boom-cylinder-for-xgma-middle-excavator-xg822\/","title":{"rendered":"XGMA vidutinio ekskavatoriaus XG822 str\u0117l\u0117s cilindras"},"content":{"rendered":"<h1>XGMA vidutinio ekskavatoriaus XG822 str\u0117l\u0117s cilindras<\/h1>\n<h2>Str\u0117l\u0117s cilindro ap\u017evalga<\/h2>\n<p>The Boom Cylinder is an essential hydraulic component designed specifically for the XGMA Middle Excavator XG822. This hydraulic cylinder is pivotal for controlling the movement of the excavator&#8217;s boom, enabling it to perform a variety of tasks such as lifting, lowering, and tilting. The design allows for efficient material handling, making it indispensable in construction and excavation projects.<\/p>\n<p><img decoding=\"async\" src=\"https:\/\/www.hydraulic-cylinders.net\/wp-content\/uploads\/2025\/04\/songte-company-1.webp\" alt=\"Str\u0117l\u0117s cilindras\" \/><\/p>\n<p>Kau\u0161o cilindras yra hidraulinio cilindro tipas, kuris yra sunkiosios technikos, ypa\u010d ekskavatori\u0173, ekskavatorini\u0173 krautuv\u0173 ir frontalini\u0173 krautuv\u0173, pagrindas. Pagrindin\u0117 jo funkcija \u2013 palengvinti kontroliuojam\u0105 kau\u0161o jud\u0117jim\u0105, leid\u017eiant operatoriams atlikti tokias u\u017eduotis kaip kasimas, k\u0117limas ir med\u017eiag\u0173 transportavimas. \u0160io komponento vaidmens supratimas yra labai svarbus norint efektyviai valdyti ir pri\u017ei\u016br\u0117ti sunki\u0105j\u0105 technik\u0105.<\/p>\n<h2>Str\u0117l\u0117s cilindro savyb\u0117s<\/h2>\n<ul>\n<li><strong>Didelis stiprumas ir ilgaam\u017ei\u0161kumas:<\/strong> Pagaminta i\u0161 didelio stiprumo plieno arba aliuminio, galin\u010dio atlaikyti auk\u0161t\u0105 sl\u0117g\u012f ir dideles apkrovas, tinkanti at\u0161iaurioms darbo s\u0105lygoms. Konstrukcijoje atsi\u017evelgta \u012f atsparum\u0105 dilimui ir korozijai, siekiant pailginti tarnavimo laik\u0105.<\/li>\n<li><strong>Efektyvus hidraulinis valdymas:<\/strong> Naudoja hidraulin\u0117s alyvos sl\u0117g\u012f skland\u017eiam i\u0161st\u016bmimui ir \u012ftraukimui, u\u017etikrindamas greit\u0105 reakcij\u0105 \u012f valdymo komandas ir stipri\u0105 st\u016bmimo-traukimo j\u0117g\u0105, idealiai tinka sunkiems kroviniams ir sud\u0117tingoms u\u017eduotims atlikti.<\/li>\n<li><strong>\u012evair\u016bs tipai:<\/strong> Galima rinktis vienpusio veikimo (hidraulikos naudojimas viena kryptimi) arba dvipusio veikimo (hidraulikos naudojimas abiem kryptimis) modelius, kad atitikt\u0173 \u012fvairius eksploatacinius poreikius. Kai kurie modeliai yra teleskopiniai, tod\u0117l juos galima labiau i\u0161tiesti nedidinant i\u0161orini\u0173 matmen\u0173, tod\u0117l jie tinka naudoti ribotoje erdv\u0117je.<\/li>\n<li><strong>Individuali gamyba:<\/strong> M\u016bs\u0173 gaminiai gali puikiai pakeisti esamus hidraulinius cilindrus, u\u017etikrindami skland\u0173 integravim\u0105 ir geresn\u012f na\u0161um\u0105.<\/li>\n<li><strong>I\u0161samus testavimas:<\/strong> Kiekvienas hidraulinis cilindras yra grie\u017etai tikrinamas, siekiant u\u017etikrinti patikimum\u0105 ir veikim\u0105 skirtingomis s\u0105lygomis.<\/li>\n<\/ul>\n<p><img decoding=\"async\" src=\"https:\/\/www.hydraulic-cylinders.net\/wp-content\/uploads\/2025\/04\/songte-cylinder-head-with-all-kinds-excavator-models.webp\" alt=\"Ekskavatori\u0173 modeliai\" \/><\/p>\n<h2>Str\u0117l\u0117s cilindro pritaikymas<\/h2>\n<h3>Statybin\u0117 \u012franga<\/h3>\n<p>Ekskavatoriuose str\u0117l\u0117s cilindras yra labai svarbus kasant, kraunant ir perkeliant \u017eem\u0119 ar \u0161iuk\u0161les. Jis leid\u017eia tiksliai valdyti, tod\u0117l operatoriai gali tiksliai ir efektyviai kasti, tod\u0117l jis yra b\u016btinas statybviet\u0117se, kur kasimas atlieka svarb\u0173 vaidmen\u012f.<\/p>\n<h3>\u017dem\u0117s \u016bkio technika<\/h3>\n<p>In front-end loaders, boom cylinders assist in scooping, lifting, and transporting soil, hay, and other materials. They enhance the machine&#8217;s versatility, allowing it to perform multiple tasks effectively, which is vital in agricultural operations that require efficient material handling.<\/p>\n<h3>Kasimo u\u017eduotys<\/h3>\n<p>Kau\u0161o cilindras leid\u017eia kau\u0161ui \u012fsiskverbti \u012f dirv\u0105, palengvindamas kasimo veiksm\u0105, kuris yra labai svarbus atliekant \u017eem\u0117s kasimo darbus. \u0160i galimyb\u0117 leid\u017eia ekskavatoriams efektyviai dirbti \u012fvairiomis dirvo\u017eemio s\u0105lygomis, tod\u0117l jie yra ne\u012fkainojami statybose ir kra\u0161tovaizd\u017eio tvarkyme.<\/p>\n<h3>Krovini\u0173 tvarkymas<\/h3>\n<p>Priekiniuose krautuvuose str\u0117l\u0117s cilindrai padeda efektyviai pakelti ir i\u0161versti med\u017eiagas. \u0160i funkcija yra labai svarbi atliekant operacijas, susijusias su sunki\u0173 krovini\u0173 perk\u0117limu, nesvarbu, ar tai b\u016bt\u0173 statybos, \u017eem\u0117s \u016bkio, ar med\u017eiag\u0173 tvarkymo sektoriai.<\/p>\n<h2>Projektavimo aspektai ir atrankos kriterijai<\/h2>\n<h3>Keliamoji galia<\/h3>\n<p>The load capacity of a boom cylinder is a critical design consideration, determining how much weight it can safely lift and manipulate. It is essential to select a cylinder that meets or exceeds the machine&#8217;s operational requirements. This capacity is influenced by the cylinder&#8217;s diameter, stroke length, and the material used in its construction. Proper calculations must be made to ensure safety and efficiency during operation.<\/p>\n<h3>Sandarumo vientisumas<\/h3>\n<p>Sandarinimas yra gyvybi\u0161kai svarbus hidraulin\u0117se sistemose, siekiant i\u0161vengti nuot\u0117ki\u0173 ir palaikyti sl\u0117g\u012f. Sandarikli\u0173 kokyb\u0117 ir j\u0173 montavimas tiesiogiai veikia str\u0117l\u0117s cilindro veikim\u0105 ir ilgaam\u017ei\u0161kum\u0105. Auk\u0161tos kokyb\u0117s sandarikliai, pagaminti i\u0161 toki\u0173 med\u017eiag\u0173 kaip poliuretanas arba nitrilo kau\u010diukas, yra b\u016btini norint u\u017etikrinti efektyv\u0173 sandarum\u0105 esant kintan\u010diam sl\u0117giui. Reguliarus sandarikli\u0173 patikrinimas ir keitimas gali pad\u0117ti i\u0161vengti prie\u0161laikinio gedimo ir padidinti bendr\u0105 hidraulin\u0117s sistemos efektyvum\u0105.<\/p>\n<h3>Patvarumas ir atsparumas dilimui<\/h3>\n<p>Durability is a significant factor when choosing a boom cylinder since it operates in demanding environments. The materials used in manufacturing must be resistant to wear and corrosion. High-strength alloys and coatings can significantly enhance the cylinder&#8217;s longevity, reducing downtime and maintenance costs. Regular maintenance plays a vital role in preserving the cylinder&#8217;s durability, ensuring it can withstand the rigors of heavy use.<\/p>\n<h3>Saugos funkcijos<\/h3>\n<p>Saugos funkcijos yra nepaprastai svarbios projektuojant hidraulinius cilindrus. Apsaugini\u0173 vo\u017etuv\u0173, sl\u0117gio ma\u017einimo sistem\u0173 ir pa\u017eangi\u0173 valdymo mechanizm\u0173 \u012ftraukimas gali pad\u0117ti i\u0161vengti nelaiming\u0173 atsitikim\u0173 ir padidinti eksploatavimo saug\u0105. U\u017etikrinti, kad str\u0117l\u0117s cilindras atitikt\u0173 pramon\u0117s saugos standartus, yra labai svarbu siekiant apsaugoti operatorius ir \u012frang\u0105 eksploatacijos metu.<\/p>\n<h3>Prieinamumas prie prie\u017ei\u016bros<\/h3>\n<p>Projektuojant atsi\u017evelgiant \u012f prieinam\u0105 technin\u0119 prie\u017ei\u016br\u0105, lengviau atlikti patikras, remont\u0105 ir keisti dalis. Tokios savyb\u0117s kaip nuimami dang\u010diai, standartizuoti tvirtinimo elementai ir lengvai prieinami tepimo ta\u0161kai gali \u017eymiai suma\u017einti technin\u0117s prie\u017ei\u016bros laik\u0105 ir i\u0161laidas. Atsi\u017evelgiant \u012f technin\u0117s prie\u017ei\u016bros paprastum\u0105 projektavimo etape, galima pasiekti geresn\u012f ilgalaik\u012f na\u0161um\u0105 ir patikimum\u0105.<\/p>\n<p><img decoding=\"async\" src=\"https:\/\/www.hydraulic-cylinders.net\/wp-content\/uploads\/2025\/04\/songte-oil-pipes-and-spare-parts.webp\" alt=\"Hidraulin\u0117s dalys\" \/><\/p>\n<h2>Cilindro sandarinimas ir tepimas<\/h2>\n<p>Sandarinimas yra labai svarbus norint i\u0161laikyti hidraulini\u0173 cilindr\u0173 efektyvum\u0105 ir ilgaam\u017ei\u0161kum\u0105. Siekiant i\u0161vengti hidraulinio skys\u010dio nuot\u0117kio, naudojami \u012fvair\u016bs sandarikliai, pavyzd\u017eiui, st\u016bmokli\u0173 ir stryp\u0173 sandarikliai. I\u0161 patvari\u0173 med\u017eiag\u0173, toki\u0173 kaip poliuretanas ir nitrilo kau\u010diukas, pagaminti sandarikliai u\u017etikrina puik\u0173 atsparum\u0105 dilimui. Cilindro korpusas ir srieginiai galai turi b\u016bti kruop\u0161\u010diai apdirbti, kad padid\u0117t\u0173 atsparumas dilimui ir b\u016bt\u0173 u\u017etikrintas sandarumas, kuris yra labai svarbus palaikant sistemos sl\u0117g\u012f.<\/p>\n<p>Norint u\u017etikrinti skland\u0173 hidraulini\u0173 komponent\u0173 veikim\u0105, b\u016btina reguliariai tepti. Norint u\u017etikrinti tinkam\u0105 veikim\u0105 ir i\u0161vengti perkaitimo, periodi\u0161kai reikia \u012fpilti pakankamo kiekio hidraulin\u0117s alyvos. Taip pat svarbu pasirinkti tinkam\u0105 hidraulin\u012f skyst\u012f, nes jis turi \u012ftakos bendram hidraulin\u0117s sistemos veikimui ir ilgaam\u017ei\u0161kumui. Tinkami tepimo metodai gali pad\u0117ti i\u0161vengti per didelio susid\u0117v\u0117jimo ir pailginti str\u0117l\u0117s cilindro tarnavimo laik\u0105.<\/p>\n<h2>Reguliarios patikros ir prevencin\u0117s prie\u017ei\u016bros priemon\u0117s<\/h2>\n<ul>\n<li><strong>Reguliar\u016bs patikrinimai:<\/strong> Reguliar\u016bs patikrinimai padeda nustatyti galimas problemas, kol jos nesuk\u0117l\u0117 dideli\u0173 gedim\u0173. Operatoriai \u012frangos veikimo metu tur\u0117t\u0173 tikrinti, ar n\u0117ra nuot\u0117ki\u0173, \u012ftr\u016bkim\u0173 ir ne\u012fprast\u0173 gars\u0173.<\/li>\n<li><strong>Tinkamas tepimas:<\/strong> Tinkamas hidraulin\u0117s sistemos sutepimas apsaugo nuo per didel\u0117s trinties ir susid\u0117v\u0117jimo. Operatoriai tur\u0117t\u0173 reguliariai tikrinti alyvos lyg\u012f ir prireikus keisti skys\u010dius.<\/li>\n<li><strong>Sandariklio keitimas:<\/strong> Laikui b\u0117gant sandarikliai susid\u0117vi ir juos reikia reguliariai keisti, kad b\u016bt\u0173 i\u0161laikytas sistemos vientisumas. Sandariklio b\u016bkl\u0117s steb\u0117jimas gali pad\u0117ti i\u0161vengti nuot\u0117ki\u0173 ir sl\u0117gio nuostoli\u0173.<\/li>\n<\/ul>\n<h2>\u012erengimo gair\u0117s<\/h2>\n<p>Proper installation of the boom cylinder is critical for optimal performance. Begin by aligning the cylinder correctly with the machine&#8217;s mounting points to ensure smooth operation. Use appropriate mounting brackets to secure the cylinder and prevent misalignment during operation.<\/p>\n<p>Prie\u0161 montuodami patikrinkite visus komponentus, ar jie nepa\u017eeisti ar nesusid\u0117v\u0117j\u0119. \u012esitikinkite, kad hidraulin\u0117s \u017earnos ir jungtys yra \u0161varios ir be \u0161iuk\u0161li\u0173. Prijung\u0119 \u017earnas, i\u0161leiskite hidraulin\u0119 sistem\u0105 i\u0161 oro, kad pa\u0161alintum\u0117te bet kok\u012f \u012fstrigus\u012f or\u0105, kuris gali trukdyti veikimui.<\/p>\n<p>\u012erengus cilindr\u0105, patikrinkite j\u012f apkrovos re\u017eimu, kad \u012fsitikintum\u0117te, jog jis veikia tinkamai ir n\u0117ra nuot\u0117ki\u0173. Po \u012frengimo rekomenduojama reguliariai atlikti pakartotin\u0119 patikr\u0105, siekiant u\u017etikrinti, kad visi komponentai b\u016bt\u0173 tvirti ir veikiantys.<\/p>\n<h2>\u012eprastos prie\u017ei\u016bros u\u017eduotys<\/h2>\n<h3>Reguliar\u016bs patikrinimai<\/h3>\n<p>Reguliar\u016bs patikrinimai yra b\u016btini norint i\u0161laikyti str\u0117l\u0117s cilindro vientisum\u0105. Tai apima matom\u0173 susid\u0117v\u0117jimo, nuot\u0117ki\u0173 ar pa\u017eeidim\u0173 po\u017eymi\u0173 patikrinim\u0105. Ankstyvas \u0161i\u0173 problem\u0173 nustatymas gali pad\u0117ti i\u0161vengti brangaus remonto ir prastov\u0173. Operatoriai tur\u0117t\u0173 parengti \u012fprastin\u012f patikrinim\u0173 grafik\u0105, kad u\u017etikrint\u0173 nuosekli\u0105 hidraulini\u0173 komponent\u0173 prie\u017ei\u016br\u0105.<\/p>\n<h3>Tinkamas tepimas<\/h3>\n<p>Tepimas yra gyvybi\u0161kai svarbus skland\u017eiam hidraulini\u0173 cilindr\u0173 veikimui. Operatoriai tur\u0117t\u0173 u\u017etikrinti, kad hidraulin\u0117s alyvos lygis b\u016bt\u0173 palaikomas ir kad b\u016bt\u0173 naudojama tinkamo tipo alyva. Reguliariai atliekant alyvos keitim\u0105 ir patikrinimus galima i\u0161vengti mechanini\u0173 gedim\u0173 ir i\u0161laikyti eksploatacin\u012f efektyvum\u0105.<\/p>\n<h3>Tarpikli\u0173 keitimas ir kalibravimo patikrinimai<\/h3>\n<p>Reguliariai keisti tarpiklius yra labai svarbu siekiant i\u0161vengti skys\u010di\u0173 nuot\u0117ki\u0173 ir palaikyti sistemos sl\u0117g\u012f. Operatoriai tur\u0117t\u0173 steb\u0117ti tarpiklius, ar n\u0117ra susid\u0117v\u0117jimo po\u017eymi\u0173, ir prireikus juos pakeisti. Taip pat reik\u0117t\u0173 atlikti hidraulin\u0117s sistemos kalibravimo patikrinimus, siekiant u\u017etikrinti, kad visi komponentai veikt\u0173 pagal reikiamas specifikacijas, o tai yra labai svarbu saugumui ir efektyvumui.<\/p>\n<p><img decoding=\"async\" src=\"https:\/\/www.hydraulic-cylinders.net\/wp-content\/uploads\/2025\/04\/songte-chushion-collar.webp\" alt=\"Pagalv\u0117l\u0117s apykakl\u0117\" \/><\/p>\n<h2>Saugos aspektai ir aplinkos veiksniai<\/h2>\n<p>Dirbant su hidraulin\u0117mis sistemomis, saugos priemon\u0117s yra nepaprastai svarbios. Operatoriai tur\u0117t\u0173 b\u016bti apmokyti saugaus darbo su hidraulin\u0117mis sistemomis praktikos, ypa\u010d suprasti hidraulini\u0173 komponent\u0173 funkcijas ir apribojimus. Reikia d\u0117v\u0117ti tinkam\u0105 apsaugin\u0119 \u012frang\u0105 ir nustatyti saugos protokolus, kad b\u016bt\u0173 i\u0161vengta nelaiming\u0173 atsitikim\u0173. Taip pat reik\u0117t\u0173 atsi\u017evelgti \u012f aplinkos veiksnius, tokius kaip hidraulini\u0173 skys\u010di\u0173 \u0161alinimas ir nuot\u0117ki\u0173 poveikis aplinkin\u0117ms teritorijoms.<\/p>\n<h2>Trik\u010di\u0173 \u0161alinimas ir da\u017eniausiai pasitaikan\u010dios problemos<\/h2>\n<ul>\n<li><strong>Nuot\u0117kis:<\/strong> Skys\u010dio nuot\u0117kis gali rodyti sandariklio gedim\u0105 arba cilindro pa\u017eeidim\u0105. Patikrinkite sandariklius ir prireikus juos pakeiskite.<\/li>\n<li><strong>Sl\u0117gio praradimas:<\/strong> Hidraulinio sl\u0117gio suma\u017e\u0117jim\u0105 gali sukelti nuot\u0117kiai arba nepakankamas skys\u010di\u0173 lygis. Reguliariai tikrinkite skys\u010di\u0173 lyg\u012f ir ap\u017ei\u016br\u0117kite sistem\u0105, ar n\u0117ra nuot\u0117ki\u0173.<\/li>\n<li><strong>Ne\u012fprastas triuk\u0161mas:<\/strong> Triuk\u0161mai veikimo metu gali rodyti mechanin\u012f gedim\u0105 arba tepimo tr\u016bkum\u0105. Patikrinkite, ar cilindras nesusid\u0117v\u0117j\u0119s, ir \u012fsitikinkite, kad tepama tinkamai.<\/li>\n<\/ul>\n<h2>Patarimai, kaip efektyviai pa\u0161alinti gedimus<\/h2>\n<p>Nor\u0117dami veiksmingai spr\u0119sti problemas, operatoriai tur\u0117t\u0173 taikyti sisteming\u0105 trik\u010di\u0173 \u0161alinimo metod\u0105. Prad\u0117kite nuo simptom\u0173 ir na\u0161umo poky\u010di\u0173 dokumentavimo. \u0160i informacija gali pad\u0117ti efektyviau diagnozuoti problemas. Reguliarus techninis aptarnavimas ir savalaikis remontas gali pad\u0117ti i\u0161vengti nedideli\u0173 problem\u0173 peraugimo \u012f didelius gedimus.<\/p>\n<p>\u012egyvendinant prevencines priemones, tokias kaip reguliarios patikros ir technin\u0117s prie\u017ei\u016bros grafikai, galima gerokai suma\u017einti problem\u0173 tikimyb\u0119. Operatori\u0173 mokymas tinkamo naudojimo ir technin\u0117s prie\u017ei\u016bros praktikos taip pat yra labai svarbus siekiant suma\u017einti galimas problemas.<\/p>\n<p><img decoding=\"async\" src=\"https:\/\/www.hydraulic-cylinders.net\/wp-content\/uploads\/2025\/04\/songte-bushings-with-all-kinds-of-excavator-models.webp\" alt=\"\u012evor\u0117s\" \/><\/p>\n<h2>Apie m\u016bs\u0173 \u012fmon\u0119<\/h2>\n<p>Esame pirmaujantis pakaitini\u0173 hidraulini\u0173 cilindr\u0173 gamintojas, si\u016blantis plat\u0173 gamini\u0173 asortiment\u0105, skirt\u0105 vidaus ir tarptautinei rinkai. M\u016bs\u0173 \u012fsipareigojim\u0105 siekti nepriekai\u0161tingos kokyb\u0117s palaiko patobulinti gamybos procesai ir tvirta gamybos valdymo strategija. Nuolat tobuliname savo gamybos platform\u0105, pasitelkdami kvalifikuotus darbuotojus, skaitmenin\u0119 gamybos \u012frang\u0105 ir specializuotas bandym\u0173 sistemas.<\/p>\n<p>M\u016bs\u0173 pa\u017eang\u016bs paj\u0117gumai leid\u017eia mums efektyviai, tiksliai ir kokybi\u0161kai patenkinti \u012fvairius klient\u0173 poreikius. Si\u016blome profesionalias paslaugas, tarptautinius sertifikatus ir individualius sprendimus, kurie puikiai atitinka klient\u0173 reikalavimus. M\u016bs\u0173 garantinio aptarnavimo paslaugos u\u017etikrina nuolatin\u0119 klient\u0173 param\u0105 ir pagalb\u0105, taip sustiprindamos m\u016bs\u0173 \u012fsipareigojim\u0105 kokybei ir patikimumui.<\/p>\n<p><img decoding=\"async\" src=\"https:\/\/www.hydraulic-cylinders.net\/wp-content\/uploads\/2025\/04\/songte-company-4.webp\" alt=\"\u012emon\u0117s ap\u017evalga\" \/><br \/>\n<img decoding=\"async\" src=\"https:\/\/www.hydraulic-cylinders.net\/wp-content\/uploads\/2025\/04\/songte-company-3.webp\" alt=\"Gamybos \u012fmon\u0117\" \/><\/p>\n<p>Autorius: lyl<\/p>","protected":false},"excerpt":{"rendered":"<p>Boom Cylinder For XGMA Middle Excavator XG822 Overview of Boom Cylinder The Boom Cylinder is an essential hydraulic component designed specifically for the XGMA Middle Excavator XG822. This hydraulic cylinder is pivotal for controlling the movement of the excavator&#8217;s boom, enabling it to perform a variety of tasks such as lifting, lowering, and tilting. The [&hellip;]<\/p>","protected":false},"featured_media":17880,"comment_status":"open","ping_status":"closed","template":"","meta":{"_et_pb_use_builder":"","_et_pb_old_content":"","_et_gb_content_width":""},"product_brand":[],"product_cat":[1546],"product_tag":[1547,1496],"class_list":{"0":"post-19315","1":"product","2":"type-product","3":"status-publish","4":"has-post-thumbnail","6":"product_cat-boom-cylinders","7":"product_tag-boom-cylinders","8":"product_tag-hydraulic-cylinders","10":"first","11":"instock","12":"shipping-taxable","13":"product-type-simple"},"amp_enabled":true,"_links":{"self":[{"href":"https:\/\/www.hydraulic-cylinders.net\/lt\/wp-json\/wp\/v2\/product\/19315","targetHints":{"allow":["GET"]}}],"collection":[{"href":"https:\/\/www.hydraulic-cylinders.net\/lt\/wp-json\/wp\/v2\/product"}],"about":[{"href":"https:\/\/www.hydraulic-cylinders.net\/lt\/wp-json\/wp\/v2\/types\/product"}],"replies":[{"embeddable":true,"href":"https:\/\/www.hydraulic-cylinders.net\/lt\/wp-json\/wp\/v2\/comments?post=19315"}],"wp:featuredmedia":[{"embeddable":true,"href":"https:\/\/www.hydraulic-cylinders.net\/lt\/wp-json\/wp\/v2\/media\/17880"}],"wp:attachment":[{"href":"https:\/\/www.hydraulic-cylinders.net\/lt\/wp-json\/wp\/v2\/media?parent=19315"}],"wp:term":[{"taxonomy":"product_brand","embeddable":true,"href":"https:\/\/www.hydraulic-cylinders.net\/lt\/wp-json\/wp\/v2\/product_brand?post=19315"},{"taxonomy":"product_cat","embeddable":true,"href":"https:\/\/www.hydraulic-cylinders.net\/lt\/wp-json\/wp\/v2\/product_cat?post=19315"},{"taxonomy":"product_tag","embeddable":true,"href":"https:\/\/www.hydraulic-cylinders.net\/lt\/wp-json\/wp\/v2\/product_tag?post=19315"}],"curies":[{"name":"wp","href":"https:\/\/api.w.org\/{rel}","templated":true}]}}