{"id":19317,"date":"2025-04-07T06:26:41","date_gmt":"2025-04-07T06:26:41","guid":{"rendered":"https:\/\/www.hydraulic-cylinders.net\/product\/boom-cylinder-for-xgma-middle-excavator-xg822fl\/"},"modified":"2025-04-07T06:26:43","modified_gmt":"2025-04-07T06:26:43","slug":"boom-cylinder-for-xgma-middle-excavator-xg822fl","status":"publish","type":"product","link":"https:\/\/www.hydraulic-cylinders.net\/lt\/produktas\/boom-cylinder-for-xgma-middle-excavator-xg822fl\/","title":{"rendered":"XGMA vidutinio ekskavatoriaus XG822FL str\u0117l\u0117s cilindras"},"content":{"rendered":"<h1>XGMA vidutinio ekskavatoriaus XG822FL str\u0117l\u0117s cilindras<\/h1>\n<h2>\u012evadas \u012f str\u0117l\u0117s cilindr\u0105<\/h2>\n<p>Str\u0117l\u0117s cilindras yra labai svarbus sunkiosios technikos komponentas, specialiai sukurtas XGMA vidutinio profilio ekskavatoriui XG822FL. \u0160is hidraulinis cilindras valdo str\u0117l\u0117s jud\u0117jim\u0105, leisdamas operatoriui atlikti \u012fvairias u\u017eduotis, tokias kaip str\u0117l\u0117s k\u0117limas, nuleidimas ir pakreipimas. Str\u0117l\u0117s cilindro funkcionalumas yra b\u016btinas efektyviam darbui statybos ir \u017eem\u0117s kasimo projektuose. Jis veikia hidraulin\u0117je sistemoje, kurioje judesiui ir j\u0117gai sukurti naudojamas susl\u0117gtas skystis. Tai leid\u017eia sunkiajai technikai atlikti u\u017eduotis, kurioms kitaip reik\u0117t\u0173 dideli\u0173 rank\u0173 pastang\u0173, taip padidinant produktyvum\u0105 ir saug\u0105 darbo vietose.<\/p>\n<p><img decoding=\"async\" src=\"https:\/\/www.hydraulic-cylinders.net\/wp-content\/uploads\/2025\/04\/songte-company-1.webp\" alt=\"Str\u0117l\u0117s cilindro vaizdas\"><\/p>\n<h2>Str\u0117l\u0117s cilindro savyb\u0117s<\/h2>\n<ul>\n<li><strong>Didelis stiprumas ir ilgaam\u017ei\u0161kumas:<\/strong> Pagamintas i\u0161 didelio stiprumo plieno arba aliuminio, str\u0117l\u0117s cilindras yra skirtas atlaikyti auk\u0161t\u0105 sl\u0117g\u012f ir dideles apkrovas, tod\u0117l tinka sud\u0117tingoms darbo aplinkoms. Jis yra suprojektuotas taip, kad b\u016bt\u0173 atsparus dilimui ir korozijai, tod\u0117l tarnauja ilgiau.<\/li>\n<li><strong>Efektyvus hidraulinis valdymas:<\/strong> Cilindras naudoja hidraulinio skys\u010dio sl\u0117g\u012f, kad skland\u017eiai i\u0161siskleist\u0173 ir susitraukt\u0173, tod\u0117l greitai reaguoti \u012f operatoriaus komandas ir tuo pa\u010diu metu u\u017etikrinti dideles st\u016bmimo bei traukimo j\u0117gas, tinkamas sunkioms med\u017eiagoms tvarkyti ir sud\u0117tingoms u\u017eduotims atlikti.<\/li>\n<li><strong>Tip\u0173 \u012fvairov\u0117:<\/strong> \u012evairiems eksploatavimo poreikiams patenkinti si\u016blomi vienpusio veikimo cilindrai (veikiantys viena kryptimi) ir dvipusio veikimo cilindrai (veikiantys abiem kryptimis). Kai kurie modeliai yra teleskopiniai, tod\u0117l juos galima labiau i\u0161tiesti nedidinant i\u0161orini\u0173 matmen\u0173, tod\u0117l tai idealiai tinka ribotoms erdv\u0117ms.<\/li>\n<li><strong>Universalios taikymo sritys:<\/strong> Str\u0117l\u0117s cilindras gali b\u016bti naudojamas \u012fvairiose ma\u0161inose, tod\u0117l jo naudingumas \u012fvairiuose sektoriuose padid\u0117ja.<\/li>\n<li><strong>Individuali gamyba:<\/strong> M\u016bs\u0173 gaminiai gali puikiai pakeisti esamus hidraulinius cilindrus lygiaver\u010diais arba geresniais na\u0161umais, u\u017etikrinant suderinamum\u0105 ir patikimum\u0105.<\/li>\n<\/ul>\n<p><img decoding=\"async\" src=\"https:\/\/www.hydraulic-cylinders.net\/wp-content\/uploads\/2025\/04\/songte-cylinder-head-with-all-kinds-excavator-models.webp\" alt=\"Hidraulinis cilindras ekskavatoriams\"><\/p>\n<h2>Str\u0117l\u0117s cilindro pritaikymas<\/h2>\n<h3>Statybin\u0117 \u012franga<\/h3>\n<p>Ekskavatoriuose str\u0117l\u0117s cilindrai yra gyvybi\u0161kai svarb\u016bs kasant, kraunant ir perkeliant \u017eem\u0119 ar \u0161iuk\u0161les. J\u0173 konstrukcija palengvina tiksl\u0173 j\u0117gos pritaikym\u0105, leisdama operatoriams efektyviai valdyti didelius med\u017eiag\u0173 kiekius. Ekskavatoriuose-krautuvuose str\u0117l\u0117s cilindras padeda ne tik kasant, bet ir k\u0117limo operacijose, padidindamas na\u0161um\u0105 statybviet\u0117se.<\/p>\n<h3>\u017dem\u0117s \u016bkio technika<\/h3>\n<p>Priekiniuose krautuvuose str\u0117l\u0117s cilindrai yra labai svarb\u016bs dirvo\u017eemio, \u0161ieno ir kit\u0173 med\u017eiag\u0173 s\u0117jimui, k\u0117limui ir transportavimui. \u0160i\u0173 cilindr\u0173 tiekiama hidraulin\u0117 galia u\u017etikrina skland\u0173 veikim\u0105, tod\u0117l jie yra nepakei\u010diami \u017eem\u0117s \u016bkio darbo procesuose, kur svarbiausia yra laikas ir efektyvumas.<\/p>\n<h3>Ekskavatoriai<\/h3>\n<p>Ekskavatoriuose str\u0117l\u0117s cilindras leid\u017eia kau\u0161ui efektyviai \u012fsiskverbti \u012f \u017eem\u0119, palengvindamas kasimo proces\u0105. Hidraulinis mechanizmas leid\u017eia tiksliai valdyti kasimo gyl\u012f ir kamp\u0105, o tai labai svarbu esant \u012fvairioms statybviet\u0117s s\u0105lygoms ir projekto reikalavimams.<\/p>\n<h3>Krautuvai<\/h3>\n<p>Priekiniai krautuvai naudoja str\u0117l\u0117s cilindrus, kad pad\u0117t\u0173 efektyviai kelti ir i\u0161versti krovinius. Str\u0117l\u0117s cilindro konstrukcija u\u017etikrina, kad sunkias med\u017eiagas b\u016bt\u0173 galima tvarkyti tiksliai, o tai \u017eymiai pagerina veiklos efektyvum\u0105 ir suma\u017eina operatori\u0173 fizin\u012f kr\u016bv\u012f.<\/p>\n<h2>Projektavimo aspektai ir atrankos kriterijai<\/h2>\n<ul>\n<li><strong>Keliamoji galia:<\/strong> Str\u0117l\u0117s cilindro konstrukcija turi atsi\u017evelgti \u012f maksimali\u0105 apkrov\u0105, kuri\u0105 jis gali atlaikyti. Tai apima med\u017eiag\u0173 svorio analiz\u0119 ir u\u017etikrinim\u0105, kad cilindras gal\u0117t\u0173 atlaikyti atitinkam\u0105 sl\u0117g\u012f ir j\u0117gas be gedim\u0173.<\/li>\n<li><strong>Sandarinimo galimyb\u0117:<\/strong> Efektyvus sandarinimas yra labai svarbus hidraulini\u0173 cilindr\u0173 ilgaam\u017ei\u0161kumui ir efektyvumui. Kokybi\u0161ki sandarikliai apsaugo nuo skys\u010dio nuot\u0117kio ir u\u017eter\u0161imo, d\u0117l kurio gali sugesti sistema. Sandarinimo med\u017eiag\u0173, toki\u0173 kaip poliuretanas ir nitrilo kau\u010diukas, pasirinkimas vaidina svarb\u0173 vaidmen\u012f cilindro veikimui.<\/li>\n<li><strong>Patvarumas:<\/strong> Str\u0117l\u0117s cilindrai turi b\u016bti sukonstruoti taip, kad atlaikyt\u0173 at\u0161iaurias eksploatavimo s\u0105lygas. Tai apima atsparum\u0105 dilimui, korozijai ir nuovargiui laikui b\u0117gant. Auk\u0161tos kokyb\u0117s med\u017eiagos ir pa\u017eang\u016bs gamybos procesai prisideda prie gaminio ilgaam\u017ei\u0161kumo.<\/li>\n<li><strong>Saugos funkcijos:<\/strong> Hidraulin\u0117se sistemose saugos aspektai yra svarbiausi. Str\u0117l\u0117s cilindrai turi b\u016bti apr\u016bpinti saugos mechanizmais, kurie apsaugot\u0173 nuo atsitiktinio veikimo ir u\u017etikrint\u0173 apsaug\u0105 nuo sl\u0117gio kritimo ar mechaninio gedimo.<\/li>\n<li><strong>Prieinamumas prie prie\u017ei\u016bros:<\/strong> Konstrukcija, leid\u017eianti lengvai pri\u017ei\u016br\u0117ti ir tikrinti, gali \u017eymiai pailginti str\u0117l\u0117s cilindro tarnavimo laik\u0105. Komponentai tur\u0117t\u0173 b\u016bti lengvai prieinami \u012fprastiems patikrinimams ir remontui be didelio i\u0161montavimo.<\/li>\n<\/ul>\n<p><img decoding=\"async\" src=\"https:\/\/www.hydraulic-cylinders.net\/wp-content\/uploads\/2025\/04\/songte-oil-pipes-and-spare-parts.webp\" alt=\"Hidraulin\u0117s dalys\"><\/p>\n<h2>Cilindro sandarinimas ir tepimas<\/h2>\n<p>Siekiant u\u017etikrinti optimal\u0173 na\u0161um\u0105, str\u0117l\u0117s cilindruose naudojami \u012fvair\u016bs sandarinimo komponentai, \u012fskaitant st\u016bmokli\u0173 ir kot\u0173 sandariklius. Sandarinimo med\u017eiag\u0173, toki\u0173 kaip auk\u0161tos kokyb\u0117s poliuretanas arba nitrilo kau\u010diukas, pasirinkimas yra labai svarbus norint i\u0161laikyti hidraulin\u012f vientisum\u0105 ir i\u0161vengti nuot\u0117ki\u0173. Cilindro korpusas ir srieginiai galiniai pavir\u0161iai yra kruop\u0161\u010diai apdirbami, siekiant padidinti atsparum\u0105 dilimui ir pagerinti bendr\u0105 patvarum\u0105. Reguliarus tepimas hidrauline alyva yra b\u016btinas norint u\u017etikrinti skland\u0173 cilindro veikim\u0105 ir i\u0161vengti prie\u0161laikinio vidini\u0173 komponent\u0173 susid\u0117v\u0117jimo. Tinkamas tepimas taip pat padeda au\u0161inti hidraulin\u0119 sistem\u0105, dar labiau pailgindamas jos tarnavimo laik\u0105.<\/p>\n<h2>Prevencin\u0117s prie\u017ei\u016bros priemon\u0117s<\/h2>\n<ul>\n<li><strong>Reguliar\u016bs patikrinimai:<\/strong> Da\u017enas susid\u0117v\u0117jimo, nuot\u0117ki\u0173 ar bet koki\u0173 gedim\u0173 po\u017eymi\u0173 patikrinimas gali pad\u0117ti nustatyti problemas, kol jos netapo rimtomis. Tai apima sandarikli\u0173, \u0161vaistikli\u0173 vientisumo ir hidraulini\u0173 jung\u010di\u0173 patikrinim\u0105.<\/li>\n<li><strong>Tinkamas tepimas:<\/strong> Labai svarbu u\u017etikrinti, kad cilindras b\u016bt\u0173 tinkamai suteptas tinkama hidrauline alyva. Reguliarus alyvos keitimas ir u\u017eter\u0161tumo patikrinimas gali pagerinti na\u0161um\u0105 ir ilgaam\u017ei\u0161kum\u0105.<\/li>\n<li><strong>Sandariklio keitimas:<\/strong> Tarpikliai tur\u0117t\u0173 b\u016bti periodi\u0161kai kei\u010diami atsi\u017evelgiant \u012f eksploatavimo aplink\u0105 ir naudojimo da\u017enum\u0105. Susid\u0117v\u0117j\u0119 tarpikliai gali sukelti didel\u012f hidraulinio skys\u010dio nuostol\u012f, o tai turi \u012ftakos bendram sistemos efektyvumui.<\/li>\n<\/ul>\n<h2>\u012erengimo gair\u0117s<\/h2>\n<p>Tinkamas str\u0117l\u0117s cilindro montavimas yra labai svarbus optimaliam veikimui ir ilgaam\u017ei\u0161kumui. Montuodami \u012fsitikinkite, kad cilindras yra tinkamai sulygiuotas su mechanizmu, kad i\u0161vengtum\u0117te per didelio cilindro ir jo tvirtinimo element\u0173 \u012ftempimo. Naudokite tinkamus tvirtinimo laikiklius, kad tvirtai pritvirtintum\u0117te cilindr\u0105 vietoje, vengdami jud\u0117jimo, kuris gali sukelti nesuderinamum\u0105. Taip pat svarbu laikytis gamintojo specifikacij\u0173 d\u0117l hidraulini\u0173 jung\u010di\u0173 ir sukimo momento nustatym\u0173, kad b\u016bt\u0173 u\u017etikrintas sandarumas. Po montavimo atlikite i\u0161sam\u0173 patikrinim\u0105, ar n\u0117ra nuot\u0117kio po\u017eymi\u0173, ir i\u0161bandykite hidraulin\u0119 sistem\u0105, kad patvirtintum\u0117te tinkam\u0105 veikim\u0105.<\/p>\n<h2>Prie\u017ei\u016bros u\u017eduotys<\/h2>\n<ul>\n<li><strong>Reguliar\u016bs patikrinimai:<\/strong> Atlikite \u012fprastinius patikrinimus, kad anksti nustatytum\u0117te galimas problemas. Ie\u0161kokite nuot\u0117ki\u0173, ne\u012fprast\u0173 gars\u0173 ir sandarikli\u0173 bei stryp\u0173 susid\u0117v\u0117jimo po\u017eymi\u0173.<\/li>\n<li><strong>Tinkamas tepimas:<\/strong> \u012esitikinkite, kad hidraulin\u0117s alyvos lygis yra tinkamas, ir prireikus j\u0105 keiskite, kad b\u016bt\u0173 i\u0161laikytos optimalios tepimo s\u0105lygos.<\/li>\n<li><strong>Sandariklio keitimas ir kalibravimas:<\/strong> Reguliariai keiskite susid\u0117v\u0117jusius sandariklius ir patikrinkite hidraulin\u0117s sistemos kalibravim\u0105, kad \u012fsitikintum\u0117te, jog ji veikia tinkamai. Netinkamai sukalibruota sistema gali sukelti neefektyvum\u0105 ir galim\u0105 \u017eal\u0105.<\/li>\n<\/ul>\n<h2>Saugos aspektai ir aplinkos veiksniai<\/h2>\n<p>Naudojant str\u0117l\u0117s cilindrus, saugos priemon\u0117s yra labai svarbios siekiant i\u0161vengti nelaiming\u0173 atsitikim\u0173 ir u\u017etikrinti saugi\u0105 darbo aplink\u0105. Operatoriai tur\u0117t\u0173 b\u016bti apmokyti tinkamai naudoti hidraulines sistemas ir \u017einoti apie galimus su jomis susijusius pavojus. Be to, reikia pasir\u016bpinti, kad b\u016bt\u0173 laikomasi aplinkosaugos taisykli\u0173, u\u017etikrinant, kad hidrauliniai skys\u010diai b\u016bt\u0173 tvarkomi atsakingai, siekiant i\u0161vengti dirvo\u017eemio ir vandens \u0161altini\u0173 u\u017eter\u0161imo. Turi b\u016bti \u012fdiegtos tinkamos izoliavimo priemon\u0117s, kad b\u016bt\u0173 galima susidoroti su bet kokiais nuot\u0117kiais ar i\u0161siliejimais, kurie gali atsirasti eksploatacijos ar technin\u0117s prie\u017ei\u016bros metu.<\/p>\n<h2>Gedim\u0173 diagnostika ir da\u017eniausios problemos<\/h2>\n<ul>\n<li><strong>Nuot\u0117kis:<\/strong> Viena i\u0161 da\u017eniausi\u0173 hidraulini\u0173 cilindr\u0173 problem\u0173 yra sandarikli\u0173 ar jungiam\u0173j\u0173 detali\u0173 nuot\u0117kis. D\u0117l to gali suma\u017e\u0117ti na\u0161umas ir efektyvumas. Norint greitai nustatyti ir pa\u0161alinti nuot\u0117kius, b\u016btina reguliariai tikrinti sandariklius ir jungtis.<\/li>\n<li><strong>Nereaguojantis judesys:<\/strong> Jei str\u0117l\u0117s cilindras nereaguoja taip, kaip tik\u0117tasi, tai gali reik\u0161ti hidraulinio sl\u0117gio problemas arba vidinius pa\u017eeidimus. Hidraulin\u0117s sistemos diagnostika ir kli\u016b\u010di\u0173 ar u\u017esikim\u0161im\u0173 patikrinimas gali pad\u0117ti i\u0161spr\u0119sti problem\u0105.<\/li>\n<li><strong>Per didelis triuk\u0161mas:<\/strong> Ne\u012fprasti garsai eksploatacijos metu gali signalizuoti apie cilindro ar hidraulin\u0117s sistemos susid\u0117v\u0117jim\u0105 ar pa\u017eeidimus. I\u0161tyrus triuk\u0161mo \u0161altin\u012f ir pakeitus susid\u0117v\u0117jusias dalis, galima i\u0161vengti tolesn\u0117s \u017ealos.<\/li>\n<\/ul>\n<h2>Trik\u010di\u0173 \u0161alinimo patarimai<\/h2>\n<p>Nor\u0117dami efektyviai diagnozuoti ir i\u0161spr\u0119sti str\u0117l\u0117s cilindro problemas, atsi\u017evelkite \u012f \u0161iuos trik\u010di\u0173 \u0161alinimo patarimus: Pirma, reguliariai tikrinkite, ar n\u0117ra nuot\u0117ki\u0173 ar pa\u017eeidim\u0173 po\u017eymi\u0173. Pa\u0161alinkite visus nuot\u0117kius, kai tik juos aptinkate, kad i\u0161vengtum\u0117te hidraulinio skys\u010dio praradimo. Antra, \u012fsitikinkite, kad hidraulinis sl\u0117gis yra rekomenduojamame diapazone, kad b\u016bt\u0173 u\u017etikrintas optimalus veikimas. Jei sl\u0117gis \u017eemas, i\u0161tirkite galimas prie\u017eastis, pvz., u\u017esikim\u0161usias linijas ar susid\u0117v\u0117jusius komponentus. Galiausiai, palaikykite \u0161vari\u0105 darbo aplink\u0105, kad \u012f hidraulin\u0119 sistem\u0105 nepatekt\u0173 ter\u0161al\u0173, kurie laikui b\u0117gant gali sukelti susid\u0117v\u0117jim\u0105 ir gedimus.<\/p>\n<p><img decoding=\"async\" src=\"https:\/\/www.hydraulic-cylinders.net\/wp-content\/uploads\/2025\/04\/songte-bushings-with-all-kinds-of-excavator-models.webp\" alt=\"Ekskavatoriaus \u012fvor\u0117s\"><\/p>\n<h2>Apie m\u016bs\u0173 \u012fmon\u0119<\/h2>\n<p>Esame pirmaujantis pakaitini\u0173 hidraulini\u0173 cilindr\u0173 gamintojas, si\u016blantis plat\u0173 gamini\u0173 asortiment\u0105, skirt\u0105 tiek vidaus, tiek tarptautinei rinkai. M\u016bs\u0173 \u012fsipareigojimas siekti meistri\u0161kumo atsispindi kruop\u0161\u010diuose gamybos procesuose ir d\u0117mesio sutelkime \u012f auk\u0161tos kokyb\u0117s produkcij\u0105. Pasitelkdami pa\u017eangias technologijas, kvalifikuot\u0105 personal\u0105 ir tvirtas gamybos valdymo strategijas, nuolat tobuliname savo gamybos paj\u0117gumus, kad patenkintume \u012fvairius klient\u0173 poreikius. M\u016bs\u0173 gaminiai yra tiksliai suprojektuoti ir patikimi, u\u017etikrinant auk\u0161\u010diausio lygio sprendimus.<\/p>\n<p><img decoding=\"async\" src=\"https:\/\/www.hydraulic-cylinders.net\/wp-content\/uploads\/2025\/04\/songte-company-4.webp\" alt=\"\u012emon\u0117s \u012fvaizdis\"><br \/>\n<img decoding=\"async\" src=\"https:\/\/www.hydraulic-cylinders.net\/wp-content\/uploads\/2025\/04\/songte-company-3.webp\" alt=\"\u012emon\u0117s \u012fvaizdis\"><\/p>\n<h2>I\u0161vada<\/h2>\n<p>Tur\u0117dami plat\u0173 hidraulini\u0173 cilindr\u0173 asortiment\u0105 ir daugiausia d\u0117mesio skirdami kokybei, esame \u012fsipareigoj\u0119 tiekti patikimus produktus, kad patenkintume savo klient\u0173 poreikius. M\u016bs\u0173 tarptautiniai sertifikatai, individual\u016bs aptarnavimo sprendimai, pa\u017eangi gamybos \u012franga ir specializuotas aptarnavimas po pardavimo pabr\u0117\u017eia m\u016bs\u0173, kaip patikimo partnerio hidraulini\u0173 cilindr\u0173 pramon\u0117je, pozicij\u0105.<\/p>\n<p>Autorius: lyl<\/p>","protected":false},"excerpt":{"rendered":"<p>Boom Cylinder For XGMA Middle Excavator XG822FL Introduction to Boom Cylinder The Boom Cylinder is a critical component of heavy machinery, specifically designed for the XGMA Middle Excavator XG822FL. This hydraulic cylinder controls the movement of the boom, enabling the operator to perform various tasks such as lifting, lowering, and tilting the boom effectively. The [&hellip;]<\/p>","protected":false},"featured_media":17867,"comment_status":"open","ping_status":"closed","template":"","meta":{"_et_pb_use_builder":"","_et_pb_old_content":"","_et_gb_content_width":""},"product_brand":[],"product_cat":[1546],"product_tag":[1547,1496],"class_list":{"0":"post-19317","1":"product","2":"type-product","3":"status-publish","4":"has-post-thumbnail","6":"product_cat-boom-cylinders","7":"product_tag-boom-cylinders","8":"product_tag-hydraulic-cylinders","10":"first","11":"instock","12":"shipping-taxable","13":"product-type-simple"},"amp_enabled":true,"_links":{"self":[{"href":"https:\/\/www.hydraulic-cylinders.net\/lt\/wp-json\/wp\/v2\/product\/19317","targetHints":{"allow":["GET"]}}],"collection":[{"href":"https:\/\/www.hydraulic-cylinders.net\/lt\/wp-json\/wp\/v2\/product"}],"about":[{"href":"https:\/\/www.hydraulic-cylinders.net\/lt\/wp-json\/wp\/v2\/types\/product"}],"replies":[{"embeddable":true,"href":"https:\/\/www.hydraulic-cylinders.net\/lt\/wp-json\/wp\/v2\/comments?post=19317"}],"wp:featuredmedia":[{"embeddable":true,"href":"https:\/\/www.hydraulic-cylinders.net\/lt\/wp-json\/wp\/v2\/media\/17867"}],"wp:attachment":[{"href":"https:\/\/www.hydraulic-cylinders.net\/lt\/wp-json\/wp\/v2\/media?parent=19317"}],"wp:term":[{"taxonomy":"product_brand","embeddable":true,"href":"https:\/\/www.hydraulic-cylinders.net\/lt\/wp-json\/wp\/v2\/product_brand?post=19317"},{"taxonomy":"product_cat","embeddable":true,"href":"https:\/\/www.hydraulic-cylinders.net\/lt\/wp-json\/wp\/v2\/product_cat?post=19317"},{"taxonomy":"product_tag","embeddable":true,"href":"https:\/\/www.hydraulic-cylinders.net\/lt\/wp-json\/wp\/v2\/product_tag?post=19317"}],"curies":[{"name":"wp","href":"https:\/\/api.w.org\/{rel}","templated":true}]}}