{"id":19318,"date":"2025-04-07T06:26:43","date_gmt":"2025-04-07T06:26:43","guid":{"rendered":"https:\/\/www.hydraulic-cylinders.net\/product\/boom-cylinder-for-xgma-middle-excavator-xg822el\/"},"modified":"2025-04-07T06:26:45","modified_gmt":"2025-04-07T06:26:45","slug":"boom-cylinder-for-xgma-middle-excavator-xg822el","status":"publish","type":"product","link":"https:\/\/www.hydraulic-cylinders.net\/lt\/produktas\/boom-cylinder-for-xgma-middle-excavator-xg822el\/","title":{"rendered":"XGMA vidutinio ekskavatoriaus XG822EL str\u0117l\u0117s cilindras"},"content":{"rendered":"<h1>XGMA vidutinio ekskavatoriaus XG822EL str\u0117l\u0117s cilindras<\/h1>\n<h2>Produkto ap\u017evalga<\/h2>\n<p>XGMA vidutinio profilio ekskavatoriaus XG822EL str\u0117l\u0117s cilindras yra labai svarbus ekskavatori\u0173 hidraulin\u0117s sistemos komponentas. \u0160is hidraulinis cilindras yra specialiai sukurtas str\u0117l\u0117s svirties jud\u0117jimui valdyti, kad b\u016bt\u0173 galima efektyviai pakelti, nuleisti ir pakreipti kau\u0161\u0105. Jis atlieka gyvybi\u0161kai svarb\u0173 vaidmen\u012f palengvinant med\u017eiag\u0173 tvarkymo u\u017eduotis, tod\u0117l yra b\u016btinas sunkiosios technikos darbams.<\/p>\n<p><img decoding=\"async\" src=\"https:\/\/www.hydraulic-cylinders.net\/wp-content\/uploads\/2025\/04\/songte-company-1.webp\" alt=\"Ekskavatoriaus str\u0117l\u0117s cilindras\"><\/p>\n<h3>Apibr\u0117\u017eimas ir funkcionalumas<\/h3>\n<p>Kau\u0161o cilindras yra hidraulinio cilindro tipas, reguliuojantis kau\u0161o jud\u0117jim\u0105 \u012fvairiose sunkiosiose ma\u0161inose, tokiose kaip ekskavatoriai, ekskavatoriniai krautuvai ir frontaliniai krautuvai. Hidraulinio sl\u0117gio d\u0117ka kau\u0161as gali atlikti svarbius veiksmus, tokius kaip kasimas, krovimas ir med\u017eiag\u0173 transportavimas. Str\u0117l\u0117s cilindro konstrukcija u\u017etikrina skland\u0173 ir efektyv\u0173 veikim\u0105, leid\u017eiant\u012f tiksliai valdyti sud\u0117ting\u0173 u\u017eduo\u010di\u0173 metu.<\/p>\n<h2>Produkto savyb\u0117s<\/h2>\n<ul>\n<li><strong>Didelis stiprumas ir ilgaam\u017ei\u0161kumas:<\/strong> Pagamintas i\u0161 didelio stiprumo plieno arba aliuminio, str\u0117l\u0117s cilindras gali atlaikyti auk\u0161t\u0105 sl\u0117g\u012f ir dideles apkrovas. Jis suprojektuotas taip, kad atlaikyt\u0173 at\u0161iaurias darbo s\u0105lygas, daugiausia d\u0117mesio skiriant atsparumui dilimui ir apsaugai nuo korozijos, siekiant pailginti jo tarnavimo laik\u0105.<\/li>\n<li><strong>Efektyvus hidraulinis valdymas:<\/strong> Cilindras naudoja hidraulin\u0117s alyvos sl\u0117g\u012f, kad skland\u017eiai teleskopiniu b\u016bdu jud\u0117t\u0173, greitai reaguodamas \u012f operatoriaus komandas ir tuo pa\u010diu u\u017etikrindamas galingas st\u016bmimo bei traukimo j\u0117gas, kad gal\u0117t\u0173 atlikti sunkias ir sud\u0117tingas u\u017eduotis.<\/li>\n<li><strong>\u012evair\u016bs tipai:<\/strong> Str\u0117l\u0117s cilindras, kur\u012f galima \u012fsigyti vienpusio veikimo (veikian\u010dio viena kryptimi) arba dvipusio veikimo (veikian\u010dio abiem kryptimis) konfig\u016bracijomis, gali b\u016bti pasirinktas atsi\u017evelgiant \u012f konkre\u010dius eksploatacinius poreikius. Kai kurie modeliai pasi\u017eymi teleskopin\u0117mis konstrukcijomis, leid\u017eian\u010diomis didesn\u012f i\u0161pl\u0117tim\u0105 nedidinant i\u0161orini\u0173 matmen\u0173, tod\u0117l idealiai tinka naudoti ribotoje erdv\u0117je.<\/li>\n<li><strong>Individuali gamyba:<\/strong> M\u016bs\u0173 gaminiai puikiai tinka pakeisti \u012fvairius hidraulinius cilindrus, u\u017etikrinant auk\u0161\u010diausi\u0105 kokyb\u0119 ir na\u0161um\u0105, suderinamum\u0105 su daugeliu ekskavatori\u0173 modeli\u0173.<\/li>\n<li><strong>Universalios taikymo sritys:<\/strong> Str\u0117l\u0117s cilindras pritaikomas \u012fvairioms ma\u0161inoms, taip padidinant bendr\u0105 veiklos efektyvum\u0105 \u012fvairiuose sektoriuose.<\/li>\n<\/ul>\n<p><img decoding=\"async\" src=\"https:\/\/www.hydraulic-cylinders.net\/wp-content\/uploads\/2025\/04\/songte-cylinder-head-with-all-kinds-excavator-models.webp\" alt=\"Cilindro galvut\u0117 ekskavatori\u0173 modeliams\"><\/p>\n<h2>Taikymo scenarijai<\/h2>\n<h3>Statybin\u0117 \u012franga<\/h3>\n<p>Statybin\u0117je \u012frangoje str\u0117l\u0117s cilindrai yra labai svarb\u016bs ekskavatoriams, nes jie gali efektyviai kasti, krauti ir perkelti \u017eem\u0119 ar \u0161iuk\u0161les. J\u0173 konstrukcija leid\u017eia optimaliai pakelti ir pasiekti, palengvindama \u012fvairias u\u017eduotis \u2013 nuo \u200b\u200btran\u0161\u0117j\u0173 kasimo iki kra\u0161tovaizd\u017eio tvarkymo. Ekskavatoriuose-krautuvuose str\u0117l\u0117s cilindras padeda atlikti tiek kasimo, tiek k\u0117limo darbus, maksimaliai padidindamas veiklos efektyvum\u0105.<\/p>\n<h3>\u017dem\u0117s \u016bkio technika<\/h3>\n<p>\u017dem\u0117s \u016bkio technikoje, pavyzd\u017eiui, frontaliniuose krautuvuose, str\u0117l\u0117s cilindrai naudojami dirvo\u017eemiui, \u0161ienui ir kitoms med\u017eiagoms semti, kelti ir transportuoti. J\u0173 tvirtumas ir patikimumas u\u017etikrina, kad \u016bkininkai gali pasikliauti savo \u012franga atlikdami \u012fvairias u\u017eduotis, taip didindami na\u0161um\u0105 \u016bkininkavimo operacijose.<\/p>\n<h3>Ekskavatoriai<\/h3>\n<p>Ekskavatori\u0173 str\u0117l\u0117s cilindras leid\u017eia kau\u0161ui efektyviai \u012fsiskverbti \u012f dirv\u0105, tod\u0117l galima efektyviai atlikti kasimo veiksmus. Hidraulin\u0117 sistema u\u017etikrina pastov\u0173 na\u0161um\u0105, kuris yra b\u016btinas atliekant gilius kasin\u0117jimus ar sud\u0117ting\u0105 reljef\u0105.<\/p>\n<h3>Krautuvai<\/h3>\n<p>Priekiniuose krautuvuose str\u0117l\u0117s cilindras atlieka svarb\u0173 vaidmen\u012f efektyviai pakeliant ir i\u0161ver\u010diant med\u017eiagas. Jis suteikia reikiam\u0105 gali\u0105 pakelti sunkius krovinius, i\u0161laikant stabilum\u0105, kuris yra labai svarbus statybos ir med\u017eiag\u0173 tvarkymo u\u017eduotims.<\/p>\n<h2>Projektavimo aspektai ir atrankos kriterijai<\/h2>\n<h3>Keliamoji galia<\/h3>\n<p>Renkantis str\u0117l\u0117s cilindr\u0105, labai svarbu suprasti jo keliam\u0105j\u0105 gali\u0105. Cilindras turi atlaikyti maksimal\u0173 svor\u012f, kuris bus keliamas arba perkeliamas eksploatacijos metu. Gamintojai da\u017enai pateikia specifikacijas, kuriose nurodomos apkrovos ribos, \u012f kurias reikia atid\u017eiai atsi\u017evelgti, siekiant i\u0161vengti gedim\u0173 naudojimo metu. Tinkamos keliamosios galios cilindro pasirinkimas u\u017etikrina saugum\u0105 ir efektyvum\u0105.<\/p>\n<h3>Sandarumas ir ilgaam\u017ei\u0161kumas<\/h3>\n<p>Str\u0117l\u0117s cilindro sandarinimo konstrukcija yra labai svarbi norint i\u0161laikyti hidraulinio skys\u010dio vientisum\u0105 ir i\u0161vengti nuot\u0117ki\u0173. Auk\u0161tos kokyb\u0117s sandarikliai, tokie kaip st\u016bmokli\u0173 ir kot\u0173 sandarikliai, pagaminti i\u0161 patvari\u0173 med\u017eiag\u0173, toki\u0173 kaip poliuretanas ir nitrilo kau\u010diukas, yra svarb\u016bs ilgaam\u017ei\u0161kumui. Cilindro korpusas ir srieginiai galiniai pavir\u0161iai taip pat tur\u0117t\u0173 b\u016bti tiksliai apdoroti, kad padid\u0117t\u0173 atsparumas dilimui ir b\u016bt\u0173 u\u017etikrintas ilgesnis tarnavimo laikas.<\/p>\n<h3>Saugos funkcijos<\/h3>\n<p>Saugumas yra svarbiausias dalykas valdant sunki\u0105j\u0105 technik\u0105. Str\u0117l\u0117s cilindro konstrukcija tur\u0117t\u0173 apimti saugos funkcijas, kurios u\u017ekerta keli\u0105 netik\u0117tiems gedimams. Tai apima sl\u0117gio ma\u017einimo vo\u017etuvus, kad b\u016bt\u0173 i\u0161vengta per didelio sl\u0117gio, ir tvirt\u0105 konstrukcij\u0105, kad ji atlaikyt\u0173 at\u0161iaurias s\u0105lygas. Reguliar\u016bs patikrinimai ir saugos protokol\u0173 laikymasis yra b\u016btini norint i\u0161laikyti \u012frangos vientisum\u0105.<\/p>\n<p><img decoding=\"async\" src=\"https:\/\/www.hydraulic-cylinders.net\/wp-content\/uploads\/2025\/04\/songte-oil-pipes-and-spare-parts.webp\" alt=\"Naftos vamzd\u017eiai ir atsargin\u0117s dalys\"><\/p>\n<h2>Sandarinimas ir tepimas<\/h2>\n<p>Tinkamas sandarinimas yra b\u016btinas efektyviam hidraulini\u0173 cilindr\u0173 veikimui. Siekiant i\u0161vengti hidraulinio skys\u010dio nuot\u0117kio, naudojami \u012fvair\u016bs sandarikliai, \u012fskaitant st\u016bmokli\u0173 ir kot\u0173 sandariklius. Patvari\u0173 med\u017eiag\u0173, toki\u0173 kaip poliuretanas ir nitrilo kau\u010diukas, pasirinkimas padidina atsparum\u0105 dilimui ir pailgina sandarikli\u0173 tarnavimo laik\u0105. Cilindro korpusas ir srieginiai galai turi b\u016bti tiksliai apdirbti, kad b\u016bt\u0173 didesnis patvarumas.<\/p>\n<p>Reguliarus tepimas taip pat yra labai svarbus. Hidraulin\u0119 alyv\u0105 reikia periodi\u0161kai papildyti, kad b\u016bt\u0173 u\u017etikrintas optimalus sandarikli\u0173 veikimas ir i\u0161vengta vidini\u0173 komponent\u0173 susid\u0117v\u0117jimo. Tinkamas tepimas suma\u017eina trint\u012f, kuri gali sukelti hidraulin\u0117s sistemos perkaitim\u0105 ir prie\u0161laikin\u012f gedim\u0105.<\/p>\n<h2>Reguliarios patikros ir prevencin\u0117s prie\u017ei\u016bros priemon\u0117s<\/h2>\n<ul>\n<li><strong>Reguliar\u016bs patikrinimai:<\/strong> Atlikite kruop\u0161\u010dius str\u0117l\u0117s cilindro patikrinimus, kad nustatytum\u0117te bet kokius susid\u0117v\u0117jimo ar pa\u017eeidimo po\u017eymius. Patikrinkite, ar n\u0117ra nuot\u0117ki\u0173, ne\u012fprast\u0173 gars\u0173 ar netaisykling\u0173 judesi\u0173, kurie gali rodyti galimas problemas. Ankstyvas aptikimas gali pad\u0117ti i\u0161vengti brangaus remonto ir prastov\u0173.<\/li>\n<li><strong>Tinkamas tepimas:<\/strong> U\u017etikrinkite, kad hidraulin\u0117s alyvos lygis b\u016bt\u0173 palaikomas, o sandarikliai b\u016bt\u0173 tinkamai sutepti. Reguliariai tikrinkite hidraulin\u0117s alyvos klampum\u0105 ir kokyb\u0119, prireikus j\u0105 keisdami, kad i\u0161laikytum\u0117te optimal\u0173 na\u0161um\u0105.<\/li>\n<li><strong>Sandariklio keitimas:<\/strong> Laikui b\u0117gant, sandarikliai gali susid\u0117v\u0117ti ir juos gali tekti keisti. Reik\u0117t\u0173 reguliariai tikrinti, ar sandarikliai susid\u0117v\u0117j\u0119, ir laiku juos pakeisti, kad b\u016bt\u0173 i\u0161vengta nuot\u0117ki\u0173 ir i\u0161laikytas hidraulinis efektyvumas.<\/li>\n<\/ul>\n<h2>\u012erengimo gair\u0117s<\/h2>\n<p>Teisingas str\u0117l\u0117s cilindro montavimas yra labai svarbus jo veikimui ir ilgaam\u017ei\u0161kumui. Pirmiausia \u012fsitikinkite, kad visi komponentai yra \u0161var\u016bs ir be \u0161iuk\u0161li\u0173. Tinkamai sulygiuokite cilindr\u0105 su tvirtinimo laikikliais ir naudokite tinkamas tvirtinimo atramas, kad j\u012f pritvirtintum\u0117te. \u012esitikinkite, kad visi tvirtinimo elementai yra priver\u017eti pagal gamintojo specifikacijas, kad jie neatsilaisvint\u0173 eksploatacijos metu.<\/p>\n<p>Montuojant svarbu tiksliai sulygiuoti cilindr\u0105, kad b\u016bt\u0173 i\u0161vengta per didelio komponent\u0173 \u012ftempimo. Pritvirtin\u0119 cilindr\u0105, dar kart\u0105 patikrinkite, ar visos hidraulin\u0117s linijos yra tinkamai prijungtos ir ar n\u0117ra nuot\u0117ki\u0173. \u012erengus, patikrinkite sistem\u0105, ar cilindras veikia skland\u017eiai, ir \u012fsitikinkite, kad hidraulin\u0117 sistema veikia taip, kaip numatyta.<\/p>\n<h2>Prie\u017ei\u016bros u\u017eduotys<\/h2>\n<h3>Reguliar\u016bs patikrinimai<\/h3>\n<p>Reguliariai tikrinant str\u0117l\u0117s cilindr\u0105, galima nustatyti galimas problemas, kol jos nepa\u016bm\u0117jo. Tai apima cilindro vizualin\u0119 ap\u017ei\u016br\u0105, ar n\u0117ra susid\u0117v\u0117jimo po\u017eymi\u0173, hidraulinio skys\u010dio lygio patikrinim\u0105 ir nuot\u0117ki\u0173 nebuvimo patikrinim\u0105. Reguliarus tikrinimo grafikas gali \u017eymiai pailginti cilindro eksploatavimo laik\u0105.<\/p>\n<h3>Tinkamas tepimas<\/h3>\n<p>Tinkamas tepimas yra labai svarbus norint u\u017etikrinti skland\u0173 str\u0117l\u0117s cilindro veikim\u0105. Naudokite rekomenduojam\u0105 hidraulin\u0119 alyv\u0105 ir \u012fsitikinkite, kad jos lygis yra tinkamas. Reguliariai tikrinkite, ar alyva neu\u017eter\u0161ta, ir prireikus j\u0105 keiskite, kad i\u0161laikytum\u0117te optimal\u0173 na\u0161um\u0105 ir i\u0161vengtum\u0117te hidraulini\u0173 komponent\u0173 susid\u0117v\u0117jimo.<\/p>\n<h3>Tarpikli\u0173 keitimas ir kalibravimo patikrinimai<\/h3>\n<p>Reguliariai tikrinkite tarpiklius, ar n\u0117ra susid\u0117v\u0117jimo po\u017eymi\u0173, ir nedelsdami juos pakeiskite, kad i\u0161vengtum\u0117te hidraulinio skys\u010dio nuot\u0117kio. Kalibravimo patikrinimai taip pat yra b\u016btini siekiant u\u017etikrinti, kad cilindras veikt\u0173 tinkamai ir efektyviai. Nustatykite hidraulin\u0117s sistemos veikimo tikrinimo rutin\u0105 ir prireikus koreguokite nustatymus, kad palaikytum\u0117te optimal\u0173 veikim\u0105.<\/p>\n<p><img decoding=\"async\" src=\"https:\/\/www.hydraulic-cylinders.net\/wp-content\/uploads\/2025\/04\/songte-chushion-collar.webp\" alt=\"Pagalv\u0117l\u0117s apykakl\u0117\"><\/p>\n<h2>Saugos aspektai ir aplinkos veiksniai<\/h2>\n<p>Eksploatuojant hidraulines sistemas, saugos priemon\u0117s yra nepaprastai svarbios. Operatoriai tur\u0117t\u0173 b\u016bti apmokyti, kaip saugiai naudoti \u012frang\u0105 ir kaip svarbu laikytis saugos protokol\u0173, siekiant suma\u017einti rizik\u0105. Reikia d\u0117v\u0117ti asmenines apsaugos priemones (AAP), o technin\u0117s prie\u017ei\u016bros proced\u016bros tur\u0117t\u0173 b\u016bti atliekamos kontroliuojamoje aplinkoje, siekiant u\u017etikrinti saug\u0105.<\/p>\n<p>Taip pat reikia atsi\u017evelgti \u012f aplinkos veiksnius, nes hidrauliniai skys\u010diai gali b\u016bti kenksmingi ekosistemai. Tinkamas panaudot\u0173 skys\u010di\u0173 \u0161alinimas ir aplinkosaugos taisykli\u0173 laikymasis yra b\u016btini siekiant su\u0161velninti bet kok\u012f galim\u0105 poveik\u012f aplinkai.<\/p>\n<h2>Gedim\u0173 diagnostika ir da\u017eniausios problemos<\/h2>\n<h3>Da\u017enos problemos<\/h3>\n<ul>\n<li><strong>Skys\u010di\u0173 nuot\u0117kiai:<\/strong> Tai gali sukelti susid\u0117v\u0117j\u0119 sandarikliai arba pa\u017eeistos jungiamosios detal\u0117s. Reguliarios patikros gali pad\u0117ti anksti nustatyti nuot\u0117kius.<\/li>\n<li><strong>Nereaguojantis cilindras:<\/strong> Tai gali rodyti \u017eem\u0105 hidraulinio skys\u010dio lyg\u012f arba or\u0105 sistemoje, o tai gali sutrikdyti normal\u0173 veikim\u0105.<\/li>\n<li><strong>Perkaitimas:<\/strong> Per didelis kar\u0161tis gali atsirasti d\u0117l nepakankamo tepimo arba perkrovos, tod\u0117l reikia nedelsiant atkreipti d\u0117mes\u012f, kad b\u016bt\u0173 i\u0161vengta \u017ealos.<\/li>\n<\/ul>\n<h3>Trik\u010di\u0173 \u0161alinimo patarimai<\/h3>\n<p>Nor\u0117dami veiksmingai pa\u0161alinti problemas, prad\u0117kite nuo simptom\u0173 nustatymo. Jei n\u0117ra skys\u010di\u0173 nuot\u0117kio, patikrinkite, ar sandarikliai ir jungiamosios detal\u0117s n\u0117ra pa\u017eeisti. Jei cilindrai nereaguoja, patikrinkite skys\u010di\u0173 lyg\u012f ir, jei reikia, i\u0161leiskite i\u0161 sistemos or\u0105. Jei sistema perkaito, per\u017ei\u016br\u0117kite tepimo praktik\u0105 ir \u012fsitikinkite, kad sistema n\u0117ra perkrauta.<\/p>\n<p>Reguliarus technin\u0117s prie\u017ei\u016bros ir patikr\u0173 atlikimas gali pad\u0117ti i\u0161vengti \u0161i\u0173 problem\u0173. Operatori\u0173 mokymas apie tinkam\u0105 naudojim\u0105 ir technin\u0117s prie\u017ei\u016bros protokolus dar labiau suma\u017eina galimas problemas ir u\u017etikrina efektyv\u0173 hidraulin\u0117s sistemos veikim\u0105.<\/p>\n<p><img decoding=\"async\" src=\"https:\/\/www.hydraulic-cylinders.net\/wp-content\/uploads\/2025\/04\/songte-bushings-with-all-kinds-of-excavator-models.webp\" alt=\"Ekskavatori\u0173 modeli\u0173 \u012fvor\u0117s\"><\/p>\n<h2>\u012emon\u0117s ap\u017evalga<\/h2>\n<p>Esame pirmaujantis pakaitini\u0173 hidraulini\u0173 cilindr\u0173 gamintojas, teikiantis plat\u0173 gamini\u0173 asortiment\u0105 tiek vidaus, tiek tarptautin\u0117ms rinkoms. M\u016bs\u0173 \u012fsipareigojimas siekti meistri\u0161kumo skatina mus taikyti kruop\u0161\u010dias gamybos strategijas, pasitelkiant pa\u017eangias technologijas ir kvalifikuotus specialistus, kad padidintume savo gamybos paj\u0117gumus.<\/p>\n<p>M\u016bs\u0173 moderniausi gamybos \u012frenginiai u\u017etikrina auk\u0161t\u0105 efektyvum\u0105, tikslum\u0105 ir kokyb\u0119 visame gamybos procese. Mes teikiame pirmenyb\u0119 klient\u0173 pasitenkinimui, si\u016blydami individualiai pritaikytas paslaugas, kurias patvirtina tarptautiniai sertifikatai, patvirtinantys m\u016bs\u0173 \u012fsipareigojim\u0105 laikytis kokyb\u0117s standart\u0173.<\/p>\n<p>Teikdami patikim\u0105 garantinio aptarnavimo paslaug\u0105, u\u017etikriname, kad m\u016bs\u0173 klientai gaut\u0173 nuolatin\u0119 pagalb\u0105, puosel\u0117dami ilgalaikius santykius, pagr\u012fstus pasitik\u0117jimu ir patikimumu.<\/p>\n<p><img decoding=\"async\" src=\"https:\/\/www.hydraulic-cylinders.net\/wp-content\/uploads\/2025\/04\/songte-company-4.webp\" alt=\"\u012emon\u0117s ap\u017evalga\"><br \/>\n<img decoding=\"async\" src=\"https:\/\/www.hydraulic-cylinders.net\/wp-content\/uploads\/2025\/04\/songte-company-3.webp\" alt=\"\u012emon\u0117s gamybos procesas\"><\/p>\n<p>Autorius: lyl<\/p>","protected":false},"excerpt":{"rendered":"<p>Boom Cylinder For XGMA Middle Excavator XG822EL Product Overview The Boom Cylinder for XGMA Middle Excavator XG822EL is a crucial component in the hydraulic system of excavators. This hydraulic cylinder is specifically designed to control the movement of the boom arm, enabling efficient lifting, lowering, and tilting of the bucket. It plays a vital role [&hellip;]<\/p>","protected":false},"featured_media":17868,"comment_status":"open","ping_status":"closed","template":"","meta":{"_et_pb_use_builder":"","_et_pb_old_content":"","_et_gb_content_width":""},"product_brand":[],"product_cat":[1546],"product_tag":[1547,1496],"class_list":{"0":"post-19318","1":"product","2":"type-product","3":"status-publish","4":"has-post-thumbnail","6":"product_cat-boom-cylinders","7":"product_tag-boom-cylinders","8":"product_tag-hydraulic-cylinders","10":"first","11":"instock","12":"shipping-taxable","13":"product-type-simple"},"amp_enabled":true,"_links":{"self":[{"href":"https:\/\/www.hydraulic-cylinders.net\/lt\/wp-json\/wp\/v2\/product\/19318","targetHints":{"allow":["GET"]}}],"collection":[{"href":"https:\/\/www.hydraulic-cylinders.net\/lt\/wp-json\/wp\/v2\/product"}],"about":[{"href":"https:\/\/www.hydraulic-cylinders.net\/lt\/wp-json\/wp\/v2\/types\/product"}],"replies":[{"embeddable":true,"href":"https:\/\/www.hydraulic-cylinders.net\/lt\/wp-json\/wp\/v2\/comments?post=19318"}],"wp:featuredmedia":[{"embeddable":true,"href":"https:\/\/www.hydraulic-cylinders.net\/lt\/wp-json\/wp\/v2\/media\/17868"}],"wp:attachment":[{"href":"https:\/\/www.hydraulic-cylinders.net\/lt\/wp-json\/wp\/v2\/media?parent=19318"}],"wp:term":[{"taxonomy":"product_brand","embeddable":true,"href":"https:\/\/www.hydraulic-cylinders.net\/lt\/wp-json\/wp\/v2\/product_brand?post=19318"},{"taxonomy":"product_cat","embeddable":true,"href":"https:\/\/www.hydraulic-cylinders.net\/lt\/wp-json\/wp\/v2\/product_cat?post=19318"},{"taxonomy":"product_tag","embeddable":true,"href":"https:\/\/www.hydraulic-cylinders.net\/lt\/wp-json\/wp\/v2\/product_tag?post=19318"}],"curies":[{"name":"wp","href":"https:\/\/api.w.org\/{rel}","templated":true}]}}