{"id":19319,"date":"2025-04-07T06:26:45","date_gmt":"2025-04-07T06:26:45","guid":{"rendered":"https:\/\/www.hydraulic-cylinders.net\/product\/boom-cylinder-for-xgma-middle-excavator-xg825el\/"},"modified":"2025-04-07T06:26:48","modified_gmt":"2025-04-07T06:26:48","slug":"boom-cylinder-for-xgma-middle-excavator-xg825el","status":"publish","type":"product","link":"https:\/\/www.hydraulic-cylinders.net\/lt\/produktas\/boom-cylinder-for-xgma-middle-excavator-xg825el\/","title":{"rendered":"XGMA vidutinio ekskavatoriaus XG825EL str\u0117l\u0117s cilindras"},"content":{"rendered":"<h1>XGMA vidutinio ekskavatoriaus XG825EL str\u0117l\u0117s cilindras<\/h1>\n<h2>Produkto ap\u017evalga<\/h2>\n<p>Str\u0117l\u0117s cilindras yra esminis hidraulinis komponentas, specialiai sukurtas XGMA vidutinio profilio ekskavatoriui XG825EL. \u0160is hidraulinis cilindras atlieka labai svarb\u0173 vaidmen\u012f valdant ekskavatoriaus str\u0117l\u0117s jud\u0117jim\u0105, leid\u017eiant tiksliai pakelti, nuleisti ir pakreipti kau\u0161\u0105. Kaip hidraulin\u0117 pavara, ji naudoja hidraulin\u012f skyst\u012f, kad sukurt\u0173 reikiam\u0105 j\u0117g\u0105 sunkioms u\u017eduotims atlikti. Str\u0117l\u0117s cilindro efektyvumas tiesiogiai veikia ekskavatoriaus na\u0161um\u0105 atliekant \u012fvairius statybos ir \u017eem\u0117s darb\u0173 darbus.<\/p>\n<p><img decoding=\"async\" src=\"https:\/\/www.hydraulic-cylinders.net\/wp-content\/uploads\/2025\/04\/songte-company-1.webp\" alt=\"Str\u0117l\u0117s cilindras\"><\/p>\n<h2>Pagrindin\u0117s savyb\u0117s<\/h2>\n<ul>\n<li><strong>Didelis stiprumas ir ilgaam\u017ei\u0161kumas:<\/strong> Pagamintas i\u0161 didelio stiprumo plieno arba aliuminio, str\u0117l\u0117s cilindras yra skirtas atlaikyti auk\u0161t\u0105 sl\u0117g\u012f ir dideles apkrovas. Jo patvarumas u\u017etikrina funkcionalum\u0105 at\u0161iauriomis darbo s\u0105lygomis, kartu atsi\u017evelgiant \u012f atsparum\u0105 dilimui ir apsaug\u0105 nuo korozijos, taip pailginant jo tarnavimo laik\u0105.<\/li>\n<li><strong>Efektyvus hidraulinis valdymas:<\/strong> Cilindras skland\u017eiai veikia veikiamas hidraulin\u0117s alyvos sl\u0117gio, u\u017etikrindamas greit\u0105 reakcij\u0105 \u012f valdymo komandas. \u0160i savyb\u0117 suteikia galing\u0105 traukimo ir st\u016bmimo j\u0117g\u0105, idealiai tinkan\u010di\u0105 sunki\u0173 med\u017eiag\u0173 tvarkymui ir sud\u0117tingoms u\u017eduotims atlikti.<\/li>\n<li><strong>\u012evair\u016bs tipai:<\/strong> Str\u0117l\u0117s cilindrai b\u016bna \u012fvairi\u0173 tip\u0173, \u012fskaitant vienpusio veikimo (veikian\u010dius viena kryptimi) arba dvigubo veikimo (veikian\u010dius abiem kryptimis) hidraulinius cilindrus. Kai kurie modeliai yra teleskopiniai, tod\u0117l juos galima labiau i\u0161tiesti nedidinant i\u0161orini\u0173 matmen\u0173, tod\u0117l jie tinka naudoti ribotoje erdv\u0117je.<\/li>\n<li><strong>Individuali gamyba:<\/strong> M\u016bs\u0173 \u012fmon\u0117 specializuojasi str\u0117l\u0117s cilindr\u0173, kurie puikiai pakei\u010dia esamus hidraulinius cilindrus, gamyboje, u\u017etikrindami suderinamum\u0105 ir efektyvum\u0105.<\/li>\n<li><strong>Pa\u017eangus dizainas:<\/strong> Kiekvienas cilindras yra tiksliai suprojektuotas, kad atitikt\u0173 grie\u017etus \u0161iuolaikini\u0173 kasimo darb\u0173 reikalavimus, u\u017etikrinant patikimum\u0105 ir na\u0161um\u0105.<\/li>\n<\/ul>\n<p><img decoding=\"async\" src=\"https:\/\/www.hydraulic-cylinders.net\/wp-content\/uploads\/2025\/04\/songte-cylinder-head-with-all-kinds-excavator-models.webp\" alt=\"Ekskavatori\u0173 modeliai\"><\/p>\n<h2>Parai\u0161kos<\/h2>\n<h3>Statybin\u0117 \u012franga<\/h3>\n<p>Statybin\u0117je \u012frangoje str\u0117l\u0117s cilindrai yra labai svarb\u016bs ekskavatori\u0173 komponentai, b\u016btini kasant, kraunant ir perkeliant \u017eem\u0119 ar \u0161iuk\u0161les. Jie suteikia reikiam\u0105 j\u0117g\u0105 str\u0117lei pakelti ir nuleisti, taip u\u017etikrindami efektyvius ir efektyvius kasimo darbus. Ekskavatoriuose-krautuvuose str\u0117l\u0117s cilindrai padeda atlikti tiek kasimo, tiek k\u0117limo operacijas, padidindami ma\u0161inos universalum\u0105.<\/p>\n<h3>\u017dem\u0117s \u016bkio technika<\/h3>\n<p>\u017dem\u0117s \u016bkyje frontaliniai krautuvai naudoja str\u0117l\u0117s cilindrus dirvo\u017eemiui, \u0161ienui ir \u012fvairioms med\u017eiagoms semti, kelti ir transportuoti. J\u0173 geb\u0117jimas manevruoti ir reguliuoti kau\u0161o kamp\u0105 leid\u017eia operatoriams efektyviai atlikti tokias u\u017eduotis kaip pakrovimas ir i\u0161krovimas. Hidraulin\u0117 galia palengvina sunki\u0173 krovini\u0173 tvarkym\u0105, tod\u0117l \u017eem\u0117s \u016bkio darbai tampa sklandesni ir na\u0161esni.<\/p>\n<h3>Ekskavatoriai<\/h3>\n<p>Ekskavatoriuose kau\u0161o cilindras leid\u017eia kau\u0161ui \u012fsiskverbti \u012f dirvo\u017eem\u012f kasimo darb\u0173 metu. \u0160i savyb\u0117 yra labai svarbi efektyviam kasimui, nes leid\u017eia operatoriams pasiekti gilesnius dirvo\u017eemio sluoksnius ir perkelti didesnius \u017eem\u0117s kiekius. Cilindro veikimas tiesiogiai veikia kasimo proceso greit\u012f ir efektyvum\u0105.<\/p>\n<h3>Krautuvai<\/h3>\n<p>Priekiniuose krautuvuose str\u0117l\u0117s cilindrai atlieka gyvybi\u0161kai svarb\u0173 vaidmen\u012f efektyviai keliant ir i\u0161ver\u010diant krovinius. Jie u\u017etikrina reikiam\u0105 hidraulin\u0119 j\u0117g\u0105 kau\u0161ui pakelti ir pakreipti, u\u017etikrindami, kad med\u017eiagas b\u016bt\u0173 galima lengvai pakrauti \u012f sunkve\u017eimius arba perkelti \u012f skirtingas vietas. \u0160i funkcija yra b\u016btina statyb\u0173 ir med\u017eiag\u0173 tvarkymo sektoriuose.<\/p>\n<h2>Dizaino aspektai<\/h2>\n<h3>Keliamoji galia<\/h3>\n<p>Str\u0117l\u0117s cilindro keliamoji galia yra labai svarbus projektavimo aspektas. Ji lemia maksimal\u0173 svor\u012f, kur\u012f cilindras gali atlaikyti nesuged\u0119s. Tinkamas apkrovos reikalavim\u0173 \u012fvertinimas yra b\u016btinas siekiant u\u017etikrinti, kad cilindras b\u016bt\u0173 naudojamas nevir\u0161ijant jo rib\u0173, taip i\u0161vengiant pa\u017eeidim\u0173 ir u\u017etikrinant saug\u0105 eksploatacijos metu. Gamintojai privalo laikytis grie\u017et\u0173 in\u017einerijos standart\u0173, kad u\u017etikrint\u0173 patikimum\u0105 ir efektyvum\u0105 didel\u0117s paklausos taikomosiose srityse.<\/p>\n<h3>Sandarinimas<\/h3>\n<p>Efektyvus sandarinimas yra labai svarbus hidraulini\u0173 cilindr\u0173 veikimui. Auk\u0161tos kokyb\u0117s sandarikliai apsaugo nuo hidraulinio skys\u010dio nutek\u0117jimo, o tai yra b\u016btina norint i\u0161laikyti sl\u0117g\u012f ir efektyvum\u0105. Pa\u017eangi\u0173 sandarinimo med\u017eiag\u0173, toki\u0173 kaip poliuretanas arba nitrilo kau\u010diukas, naudojimas padidina patvarum\u0105 ir suma\u017eina nusid\u0117v\u0117jim\u0105, u\u017etikrindamas ilgalaik\u012f veikim\u0105 \u012fvairiomis darbo s\u0105lygomis. Tinkama sandarinimo konstrukcija taip pat prisideda prie bendro hidraulin\u0117s sistemos saugumo ir efektyvumo.<\/p>\n<h3>Patvarumas<\/h3>\n<p>Patvarumas yra labai svarbus hidraulinio cilindro konstrukcijos aspektas. Atsi\u017evelgiant \u012f tokius veiksnius kaip med\u017eiag\u0173 parinkimas, pavir\u0161iaus apdorojimas ir apsaugin\u0117s dangos, galima \u017eymiai pailginti cilindro tarnavimo laik\u0105. In\u017einieriai turi sutelkti d\u0117mes\u012f \u012f tvirtos konstrukcijos, kuri atlaikyt\u0173 sud\u0117tingas aplinkas, \u012fskaitant korozini\u0173 element\u0173 poveik\u012f ir didelius temperat\u016bros svyravimus, k\u016brim\u0105. Reguliar\u016bs patikrinimai ir technin\u0117s prie\u017ei\u016bros rutina yra b\u016btini siekiant u\u017etikrinti ilgalaik\u012f patvarum\u0105.<\/p>\n<h3>Saugumas<\/h3>\n<p>Projektuojant str\u0117l\u0117s cilindrus, saugumas yra svarbiausias dalykas. In\u017einieriai turi atsi\u017evelgti \u012f galimus gedimo ta\u0161kus ir \u012fdiegti saugos funkcijas, kad suma\u017eint\u0173 rizik\u0105. Tai apima sl\u0117gio ma\u017einimo vo\u017etuvus, kad b\u016bt\u0173 i\u0161vengta per didelio sl\u0117gio, ir tvirtas tvirtinimo galimybes, kad b\u016bt\u0173 u\u017etikrintas stabilumas eksploatacijos metu. B\u016btina laikytis tarptautini\u0173 saugos standart\u0173, siekiant apsaugoti operatorius ir \u012frang\u0105 lauke.<\/p>\n<h3>Prie\u017ei\u016bra<\/h3>\n<p>Projektuojant atsi\u017evelgiant \u012f technin\u0117s prie\u017ei\u016bros patogum\u0105, hidrauliniai cilindrai gali b\u016bti lengvai ir efektyviai aptarnaujami. Tokie aspektai kaip lengva prieiga prie komponent\u0173, ai\u0161kus technin\u0117s prie\u017ei\u016bros u\u017eduo\u010di\u0173 \u017eenklinimas ir standartizuot\u0173 dali\u0173 naudojimas gali supaprastinti remonto procesus. Reguliarus techninis aptarnavimas yra b\u016btinas siekiant i\u0161vengti netik\u0117t\u0173 gedim\u0173 ir pailginti \u012frangos eksploatavimo laik\u0105.<\/p>\n<p><img decoding=\"async\" src=\"https:\/\/www.hydraulic-cylinders.net\/wp-content\/uploads\/2025\/04\/songte-oil-pipes-and-spare-parts.webp\" alt=\"Hidraulin\u0117s dalys\"><\/p>\n<h2>Sandarinimas ir tepimas<\/h2>\n<p>Tinkamas sandarinimas ir tepimas yra labai svarb\u016bs efektyviam hidraulini\u0173 cilindr\u0173 veikimui. Siekiant i\u0161vengti skys\u010dio nuot\u0117kio ir palaikyti sl\u0117g\u012f cilindre, naudojami \u012fvair\u016bs sandarikliai, \u012fskaitant st\u016bmokli\u0173 ir kot\u0173 sandariklius. Sandarinimo med\u017eiagos, tokios kaip poliuretanas ir nitrilo kau\u010diukas, parenkamos d\u0117l j\u0173 atsparumo dilimui ir ilgaam\u017ei\u0161kumo. Be to, cilindro korpusas ir srieginiai galai yra kruop\u0161\u010diai apdirbami, siekiant padidinti atsparum\u0105 dilimui. Reguliarus tepimas hidrauline alyva yra b\u016btinas siekiant u\u017etikrinti skland\u0173 veikim\u0105 ir i\u0161vengti per didelio judan\u010di\u0173 dali\u0173 susid\u0117v\u0117jimo.<\/p>\n<h2>Prevencin\u0117s prie\u017ei\u016bros priemon\u0117s<\/h2>\n<ul>\n<li><strong>Reguliar\u016bs patikrinimai:<\/strong> Suplanuokite reguliarius patikrinimus, ar n\u0117ra susid\u0117v\u0117jimo po\u017eymi\u0173, nuot\u0117ki\u0173 ir kit\u0173 galim\u0173 problem\u0173, kad u\u017etikrintum\u0117te optimal\u0173 veikim\u0105 ir saug\u0105.<\/li>\n<li><strong>Tinkamas tepimas:<\/strong> Palaikykite tinkam\u0105 tepimo lyg\u012f ir naudokite rekomenduojamas hidraulines alyvas, kad u\u017etikrintum\u0117te skland\u0173 veikim\u0105 ir suma\u017eintum\u0117te trint\u012f.<\/li>\n<li><strong>Sandariklio keitimas:<\/strong> Steb\u0117kite sandarikli\u0173 susid\u0117v\u0117jim\u0105 ir prireikus juos pakeiskite, kad i\u0161vengtum\u0117te skys\u010di\u0173 nuot\u0117kio ir palaikytum\u0117te hidraulin\u012f sl\u0117g\u012f.<\/li>\n<\/ul>\n<h2>\u012erengimo gair\u0117s<\/h2>\n<p>Str\u0117l\u0117s cilindro montavimas reikalauja kruop\u0161taus d\u0117mesio detal\u0117ms, siekiant u\u017etikrinti optimal\u0173 na\u0161um\u0105. Prad\u0117kite nuo cilindro sulygiavimo su ekskavatoriaus tvirtinimo laikikliais ir \u012fsitikinkite, kad visi komponentai yra tinkamai i\u0161d\u0117styti. Naudokite tinkamus tvirtinimo elementus, kad pritvirtintum\u0117te cilindr\u0105 vietoje, vengdami bet kokio nesuderinamumo, kuris gali sukelti eksploatacini\u0173 problem\u0173. Pritvirtin\u0119 cilindr\u0105, prijunkite hidraulines linijas ir \u012fsitikinkite, kad visos jungtys yra sandarios ir be nuot\u0117ki\u0173. Galiausiai atlikite sistemos patikrinim\u0105, kad \u012fsitikintum\u0117te, jog cilindras veikia skland\u017eiai ir efektyviai, be joki\u0173 kli\u016b\u010di\u0173.<\/p>\n<h2>\u012eprastos prie\u017ei\u016bros u\u017eduotys<\/h2>\n<ul>\n<li><strong>Reguliar\u016bs patikrinimai:<\/strong> Atlikite reguliarius patikrinimus, kad nustatytum\u0117te bet kokius susid\u0117v\u0117jimus ar pa\u017eeidimus. Tai padeda pasteb\u0117ti problemas, kol jos neperauga \u012f rimtesnes.<\/li>\n<li><strong>Tinkamas tepimas:<\/strong> Tinkamas tepimas yra b\u016btinas hidraulinio cilindro ilgaam\u017ei\u0161kumui. Reguliariai tikrinkite alyvos lyg\u012f ir prireikus papildykite.<\/li>\n<li><strong>Sandariklio keitimas:<\/strong> Steb\u0117kite sandarikli\u0173 b\u016bkl\u0119 ir prireikus juos pakeiskite, kad i\u0161laikytum\u0117te hidraulin\u012f vientisum\u0105 ir i\u0161vengtum\u0117te nuot\u0117ki\u0173.<\/li>\n<\/ul>\n<h2>Saugos aspektai ir aplinkos veiksniai<\/h2>\n<p>Naudojant str\u0117l\u0117s cilindrus, saugos priemon\u0117s yra nepaprastai svarbios. Operatoriai turi b\u016bti apmokyti atpa\u017einti ir su\u0161velninti galimus pavojus, susijusius su hidrauline \u012franga. Tai apima hidraulinio skys\u010dio nuot\u0117kio, auk\u0161to sl\u0117gio sistem\u0173 ir saugi\u0173 k\u0117limo b\u016bd\u0173 rizikos supratim\u0105. Be to, reikia atsi\u017evelgti \u012f aplinkosaugos aspektus, tokius kaip tinkamas hidraulini\u0173 skys\u010di\u0173 \u0161alinimas ir ma\u0161in\u0173 poveikis aplinkinei ekosistemai.<\/p>\n<h2>Gedim\u0173 diagnostika ir da\u017eniausios problemos<\/h2>\n<ul>\n<li><strong>Nuot\u0117kis:<\/strong> Nustatykite nuot\u0117kio \u0161altin\u012f ap\u017ei\u016br\u0117dami sandariklius ir jungtis. Greitas nuot\u0117kio pa\u0161alinimas yra labai svarbus norint i\u0161laikyti sistemos efektyvum\u0105.<\/li>\n<li><strong>Nenuoseklus jud\u0117jimas:<\/strong> Jei cilindras veikia netolygiai, patikrinkite hidraulinio skys\u010dio lyg\u012f ir ap\u017ei\u016br\u0117kite, ar n\u0117ra u\u017esikim\u0161im\u0173 ar vidini\u0173 pa\u017eeidim\u0173.<\/li>\n<li><strong>Perkaitimas:<\/strong> Steb\u0117kite hidraulin\u0117s sistemos temperat\u016br\u0105. Perkaitimas gali rodyti skys\u010dio pablog\u0117jim\u0105 arba nepakankam\u0105 tepim\u0105.<\/li>\n<\/ul>\n<h2>Trik\u010di\u0173 \u0161alinimo patarimai<\/h2>\n<p>Nor\u0117dami veiksmingai diagnozuoti gedimus, operatoriai tur\u0117t\u0173 susipa\u017einti su da\u017eniausiai pasitaikan\u010diais simptomais ir sprendimais. Reguliar\u016bs technin\u0117s prie\u017ei\u016bros patikrinimai gali pad\u0117ti i\u0161vengti daugelio problem\u0173, pavyzd\u017eiui, pakeisti susid\u0117v\u0117jusius sandariklius, kol jie nesuk\u0117l\u0117 nuot\u0117kio. Tinkamas hidraulini\u0173 sistem\u0173 mokymas leid\u017eia operatoriams atpa\u017einti ankstyvus gedim\u0173 po\u017eymius, tod\u0117l galima laiku imtis veiksm\u0173, kurie padidina str\u0117l\u0117s cilindr\u0173 ilgaam\u017ei\u0161kum\u0105 ir na\u0161um\u0105.<\/p>\n<p><img decoding=\"async\" src=\"https:\/\/www.hydraulic-cylinders.net\/wp-content\/uploads\/2025\/04\/songte-bushings-with-all-kinds-of-excavator-models.webp\" alt=\"Ekskavatoriaus \u012fvor\u0117s\"><\/p>\n<h2>Apie m\u016bs\u0173 \u012fmon\u0119<\/h2>\n<p>Esame pirmaujantis pakaitini\u0173 hidraulini\u0173 cilindr\u0173 gamintojas, \u017einomas d\u0117l savo \u012fvairaus gamini\u0173 asortimento. M\u016bs\u0173 \u012fmon\u0117 \u012fsitvirtino kaip \u017eymus \u017eaid\u0117jas tiek vidaus, tiek tarptautin\u0117se rinkose. Laikom\u0117s meistri\u0161kumo princip\u0173, savo specializuotose dirbtuv\u0117se taikydami pa\u017eangias gamybos valdymo strategijas. D\u0117mesys kvalifikuotiems technikams, auk\u0161\u010diausios klas\u0117s skaitmeninei gamybos \u012frangai ir grie\u017etai testavimo sistemai u\u017etikrina nuolatin\u012f m\u016bs\u0173 gamybos platformos ir gamini\u0173 kokyb\u0117s gerinim\u0105. \u012esipareigoj\u0119 efektyvumui, tikslumui ir auk\u0161tiems kokyb\u0117s standartams, patenkiname \u012fvairius klient\u0173 poreikius.<\/p>\n<p><img decoding=\"async\" src=\"https:\/\/www.hydraulic-cylinders.net\/wp-content\/uploads\/2025\/04\/songte-company-4.webp\" alt=\"M\u016bs\u0173 \u012fmon\u0117\"><br \/>\n<img decoding=\"async\" src=\"https:\/\/www.hydraulic-cylinders.net\/wp-content\/uploads\/2025\/04\/songte-company-3.webp\" alt=\"\u012emon\u0117s ap\u017evalga\"><\/p>\n<p>Autorius: lyl<\/p>","protected":false},"excerpt":{"rendered":"<p>Boom Cylinder For XGMA Middle Excavator XG825EL Product Overview The Boom Cylinder is an essential hydraulic component specifically designed for the XGMA Middle Excavator XG825EL. This hydraulic cylinder plays a critical role in controlling the movement of the excavator&#8217;s boom, allowing for precise lifting, lowering, and tilting of the bucket. As a hydraulic actuator, it [&hellip;]<\/p>","protected":false},"featured_media":17869,"comment_status":"open","ping_status":"closed","template":"","meta":{"_et_pb_use_builder":"","_et_pb_old_content":"","_et_gb_content_width":""},"product_brand":[],"product_cat":[1546],"product_tag":[1547,1496],"class_list":{"0":"post-19319","1":"product","2":"type-product","3":"status-publish","4":"has-post-thumbnail","6":"product_cat-boom-cylinders","7":"product_tag-boom-cylinders","8":"product_tag-hydraulic-cylinders","10":"first","11":"instock","12":"shipping-taxable","13":"product-type-simple"},"amp_enabled":true,"_links":{"self":[{"href":"https:\/\/www.hydraulic-cylinders.net\/lt\/wp-json\/wp\/v2\/product\/19319","targetHints":{"allow":["GET"]}}],"collection":[{"href":"https:\/\/www.hydraulic-cylinders.net\/lt\/wp-json\/wp\/v2\/product"}],"about":[{"href":"https:\/\/www.hydraulic-cylinders.net\/lt\/wp-json\/wp\/v2\/types\/product"}],"replies":[{"embeddable":true,"href":"https:\/\/www.hydraulic-cylinders.net\/lt\/wp-json\/wp\/v2\/comments?post=19319"}],"wp:featuredmedia":[{"embeddable":true,"href":"https:\/\/www.hydraulic-cylinders.net\/lt\/wp-json\/wp\/v2\/media\/17869"}],"wp:attachment":[{"href":"https:\/\/www.hydraulic-cylinders.net\/lt\/wp-json\/wp\/v2\/media?parent=19319"}],"wp:term":[{"taxonomy":"product_brand","embeddable":true,"href":"https:\/\/www.hydraulic-cylinders.net\/lt\/wp-json\/wp\/v2\/product_brand?post=19319"},{"taxonomy":"product_cat","embeddable":true,"href":"https:\/\/www.hydraulic-cylinders.net\/lt\/wp-json\/wp\/v2\/product_cat?post=19319"},{"taxonomy":"product_tag","embeddable":true,"href":"https:\/\/www.hydraulic-cylinders.net\/lt\/wp-json\/wp\/v2\/product_tag?post=19319"}],"curies":[{"name":"wp","href":"https:\/\/api.w.org\/{rel}","templated":true}]}}