{"id":19321,"date":"2025-04-07T06:26:52","date_gmt":"2025-04-07T06:26:52","guid":{"rendered":"https:\/\/www.hydraulic-cylinders.net\/product\/boom-cylinder-for-xgma-large-excavator-xg836el\/"},"modified":"2025-04-07T06:26:55","modified_gmt":"2025-04-07T06:26:55","slug":"boom-cylinder-for-xgma-large-excavator-xg836el","status":"publish","type":"product","link":"https:\/\/www.hydraulic-cylinders.net\/lt\/produktas\/boom-cylinder-for-xgma-large-excavator-xg836el\/","title":{"rendered":"Str\u0117l\u0117s cilindras XGMA dideliam ekskavatoriui XG836EL"},"content":{"rendered":"<h1>Str\u0117l\u0117s cilindras XGMA dideliam ekskavatoriui XG836EL<\/h1>\n<h2>\u012evadas \u012f str\u0117l\u0117s cilindr\u0105<\/h2>\n<p>Didelio XGMA ekskavatoriaus XG836EL str\u0117l\u0117s cilindras yra esminis \u0161iuolaikin\u0117s sunkiosios technikos komponentas. \u0160is hidraulinis cilindras valdo str\u0117l\u0117s jud\u0117jim\u0105, leisdamas ekskavatoriui efektyviai atlikti \u012fvairias u\u017eduotis. Hidrauliniai cilindrai yra labai svarb\u016bs ekskavatoriams, nes jie palengvina kau\u0161o k\u0117lim\u0105, nuleidim\u0105 ir pakreipim\u0105. Str\u0117l\u0117s cilindr\u0173 funkcionalumo ir pritaikymo supratimas yra labai svarbus tiek operatoriams, tiek gamintojams.<\/p>\n<p><img decoding=\"async\" src=\"https:\/\/www.hydraulic-cylinders.net\/wp-content\/uploads\/2025\/04\/songte-company-1.webp\" alt=\"Str\u0117l\u0117s cilindro vaizdas\"><\/p>\n<h3>Apibr\u0117\u017eimas ir ap\u017evalga<\/h3>\n<p>Str\u0117l\u0117s cilindras yra hidraulinio cilindro tipas, specialiai sukurtas valdyti str\u0117l\u0117s jud\u0117jim\u0105 sunkiosiose ma\u0161inose, tokiose kaip ekskavatoriai, ekskavatoriniai krautuvai ir frontaliniai krautuvai. \u0160ie cilindrai leid\u017eia str\u0117lei kelti, nuleisti ir pakreipti, o tai yra labai svarbu atliekant u\u017eduotis, susijusias su med\u017eiag\u0173 tvarkymu. Str\u0117l\u0117s cilindras veikia hidrauliniais principais, kai j\u0117gai ir jud\u0117jimui sukurti naudojamas sl\u0117gio veikiamas hidraulinis skystis. \u0160i funkcija yra gyvybi\u0161kai svarbi norint efektyviai atlikti statybos ir kasimo darbus.<\/p>\n<h2>Str\u0117l\u0117s cilindro savyb\u0117s<\/h2>\n<ul>\n<li><strong>Didelis stiprumas ir ilgaam\u017ei\u0161kumas:<\/strong> Paprastai i\u0161 didelio stiprumo plieno arba aliuminio pagamintas str\u0117l\u0117s cilindras gali atlaikyti auk\u0161t\u0105 sl\u0117g\u012f ir dideles apkrovas. Jis sukurtas at\u0161iaurioms darbo s\u0105lygoms ir pasi\u017eymi atspariomis dilimui bei korozijai savyb\u0117mis, kurios prailgina jo tarnavimo laik\u0105.<\/li>\n<li><strong>Efektyvus hidraulinis valdymas:<\/strong> Str\u0117l\u0117s cilindras naudoja hidraulin\u012f sl\u0117g\u012f skland\u017eiam i\u0161pl\u0117timui ir \u012ftraukimui, greitai reaguodamas \u012f operatoriaus komandas ir u\u017etikrindamas dideles st\u016bmimo bei traukimo j\u0117gas, tod\u0117l jis tinka sunkioms ir sud\u0117tingoms u\u017eduotims.<\/li>\n<li><strong>\u012evair\u016bs tipai:<\/strong> Str\u0117l\u0117s cilindrai b\u016bna \u012fvairi\u0173 tip\u0173, \u012fskaitant vienpusio veikimo (veikian\u010dius viena kryptimi) ir dvigubo veikimo (veikian\u010dius abiem kryptimis) cilindrus. Kai kurie modeliai yra teleskopiniai, tod\u0117l juos galima labiau i\u0161tiesti nedidinant i\u0161orini\u0173 matmen\u0173, o tai idealiai tinka taikymams su ribota erdve.<\/li>\n<li><strong>Individuali gamyba:<\/strong> Galime pagaminti \u0161\u012f gamin\u012f, kuris puikiai pakeis esamus hidraulinius cilindrus, u\u017etikrindamas suderinamum\u0105 ir na\u0161um\u0105.<\/li>\n<li><strong>Universalios taikymo sritys:<\/strong> Str\u0117l\u0117s cilindras yra b\u016btinas \u012fvairioje sunkiojoje technikoje, nes jis padidina veiklos efektyvum\u0105.<\/li>\n<\/ul>\n<p><img decoding=\"async\" src=\"https:\/\/www.hydraulic-cylinders.net\/wp-content\/uploads\/2025\/04\/songte-cylinder-head-with-all-kinds-excavator-models.webp\" alt=\"Ekskavatori\u0173 modeliai\"><\/p>\n<h2>Str\u0117l\u0117s cilindro pritaikymas<\/h2>\n<h3>Statybin\u0117 \u012franga<\/h3>\n<p>Ekskavatoriuose str\u0117l\u0117s cilindrai yra labai svarb\u016bs kasant, kraunant ir perkeliant grunt\u0105 ar \u0161iuk\u0161les. Jie leid\u017eia operatoriui valdyti str\u0117l\u0119, kad b\u016bt\u0173 galima tiksliai valdyti kau\u0161o pad\u0117t\u012f, taip padidinant bendr\u0105 na\u0161um\u0105 statybviet\u0117se. Ekskavatoriuose-krautuvuose str\u0117l\u0117s cilindras padeda tiek kasant, tiek keliant, tod\u0117l tai universalus \u012frankis \u012fvairioms u\u017eduotims atlikti.<\/p>\n<h3>\u017dem\u0117s \u016bkio technika<\/h3>\n<p>Priekiniuose krautuvuose str\u0117l\u0117s cilindrai naudojami dirvo\u017eemiui, \u0161ienui ir kitoms med\u017eiagoms semti, kelti ir transportuoti. J\u0173 geb\u0117jimas u\u017etikrinti didel\u0119 k\u0117limo gali\u0105 labai padeda \u017eem\u0117s \u016bkio operacijose, gerinant lauko darb\u0173 ir med\u017eiag\u0173 tvarkymo efektyvum\u0105.<\/p>\n<h3>Ekskavatoriai<\/h3>\n<p>Str\u0117l\u0117s cilindras palengvina ekskavatori\u0173 kasimo veiksmus, leisdamas kau\u0161ui efektyviai \u012fsiskverbti \u012f dirv\u0105. \u0160i savyb\u0117 yra labai svarbi atliekant kasimo darbus, u\u017etikrinant, kad operatoriai gal\u0117t\u0173 efektyviai valdyti \u017eem\u0117s kasimo veikl\u0105.<\/p>\n<h3>Krautuvai<\/h3>\n<p>Priekiniuose krautuvuose str\u0117l\u0117s cilindrai padeda efektyviai kelti ir i\u0161versti krovinius. \u0160i funkcija yra gyvybi\u0161kai svarbi atliekant darbus, kuriems reikia da\u017enai pakrauti ir i\u0161krauti med\u017eiagas, tod\u0117l str\u0117l\u0117s cilindras yra pagrindinis na\u0161umo optimizavimo elementas.<\/p>\n<h2>Projektavimo aspektai ir atrankos kriterijai<\/h2>\n<h3>Keliamoji galia<\/h3>\n<p>Renkantis str\u0117l\u0117s cilindr\u0105, vienas i\u0161 svarbiausi\u0173 veiksni\u0173, \u012f kuriuos reikia atsi\u017evelgti, yra jo keliamoji galia. Cilindras turi atlaikyti maksimali\u0105 apkrov\u0105, numatom\u0105 eksploatacijos metu, nepakenkiant saugumui ar funkcionalumui. Tai rei\u0161kia, kad reikia suprasti perkeliam\u0173 med\u017eiag\u0173 svor\u012f ir u\u017etikrinti, kad hidraulin\u0117 sistema gal\u0117t\u0173 efektyviai valdyti tokius poreikius.<\/p>\n<h3>Sandarumo vientisumas<\/h3>\n<p>Sandarinimas yra labai svarbus hidrauliniuose cilindruose, nes jis apsaugo nuo skys\u010dio nutek\u0117jimo ir palaiko sl\u0117g\u012f. Auk\u0161tos kokyb\u0117s sandarikliai, pagaminti i\u0161 toki\u0173 med\u017eiag\u0173 kaip poliuretanas arba nitrilo kau\u010diukas, yra b\u016btini siekiant u\u017etikrinti ilgaam\u017ei\u0161kum\u0105 ir patikimum\u0105. Konstrukcija turi leisti lengvai pakeisti sandariklius, kad laikui b\u0117gant b\u016bt\u0173 i\u0161laikytas optimalus veikimas.<\/p>\n<h3>Patvarumas<\/h3>\n<p>Str\u0117l\u0117s cilindro konstrukcin\u0117s med\u017eiagos turi b\u016bti atsparios dilimui ir korozijai. \u0160is patvarumas u\u017etikrina, kad cilindras atlaikys at\u0161iaurias darbo s\u0105lygas, tod\u0117l j\u012f reik\u0117s re\u010diau keisti ir sutrump\u0117s prastovos. Gamintojai tur\u0117t\u0173 teikti pirmenyb\u0119 med\u017eiagoms, kurios padidina gaminio ilgaam\u017ei\u0161kum\u0105.<\/p>\n<h3>Saugos funkcijos<\/h3>\n<p>Saugumas hidraulin\u0117se sistemose yra svarbiausias dalykas. Str\u0117l\u0117s cilindro konstrukcija tur\u0117t\u0173 apimti funkcijas, kurios apsaugot\u0173 nuo atsitiktinio pertempimo ir u\u017etikrint\u0173 saug\u0173 veikim\u0105 \u012fvairiomis s\u0105lygomis. Saugos standart\u0173 laikymasis yra b\u016btinas siekiant apsaugoti operatorius ir ma\u0161inas.<\/p>\n<h3>Prieinamumas prie prie\u017ei\u016bros<\/h3>\n<p>Svarbus projektavimo aspektas yra prie\u017ei\u016bros paprastumas. Cilindras tur\u0117t\u0173 b\u016bti suprojektuotas taip, kad b\u016bt\u0173 lengva pasiekti dalis, kurias reikia reguliariai tikrinti ir pri\u017ei\u016br\u0117ti. Tai apima tepimo ta\u0161k\u0173, sandarikli\u0173 keitimo ir kit\u0173 prie\u017ei\u016bros u\u017eduo\u010di\u0173, kurios prisideda prie bendros hidraulin\u0117s sistemos b\u016bkl\u0117s, \u012fvertinim\u0105.<\/p>\n<p><img decoding=\"async\" src=\"https:\/\/www.hydraulic-cylinders.net\/wp-content\/uploads\/2025\/04\/songte-oil-pipes-and-spare-parts.webp\" alt=\"Hidraulin\u0117s dalys\"><\/p>\n<h2>Hidraulinio cilindro sandarinimas ir tepimas<\/h2>\n<p>Hidraulinio cilindro efektyvumas labai priklauso nuo jo sandarinimo ir tepimo sistem\u0173. \u012evair\u016bs sandarikliai, tokie kaip st\u016bmokli\u0173 ir kot\u0173 sandarikliai, yra b\u016btini norint palaikyti sl\u0117g\u012f ir i\u0161vengti nuot\u0117ki\u0173. Sandarikliai tur\u0117t\u0173 b\u016bti pagaminti i\u0161 atspari\u0173 dilimui med\u017eiag\u0173, toki\u0173 kaip poliuretanas arba nitrilo kau\u010diukas, kad b\u016bt\u0173 u\u017etikrintas ilgaam\u017ei\u0161kumas ir patikimumas.<\/p>\n<p>Be to, cilindro korpusas ir srieginiai galiniai pavir\u0161iai turi b\u016bti tiksliai apdirbti, siekiant padidinti atsparum\u0105 dilimui. Taip pat b\u016btina reguliariai tepti hidrauline alyva, kad b\u016bt\u0173 suma\u017einta trintis ir i\u0161vengta dilimo. Operatoriai tur\u0117t\u0173 periodi\u0161kai tikrinti alyvos lyg\u012f ir prireikus papildyti hidraulinio skys\u010dio, kad b\u016bt\u0173 i\u0161laikytas optimalus cilindro veikimas.<\/p>\n<h2>Reguliarios patikros ir prevencin\u0117s prie\u017ei\u016bros priemon\u0117s<\/h2>\n<ul>\n<li><strong>Da\u017enos patikros:<\/strong> Reguliariai tikrinkite hidraulin\u012f cilindr\u0105, ar n\u0117ra nuot\u0117ki\u0173, susid\u0117v\u0117jimo ir bendros b\u016bkl\u0117s. Tai apima sandarikli\u0173, \u017earn\u0173 ir jung\u010di\u0173 patikrinim\u0105, siekiant u\u017etikrinti saug\u0173 veikim\u0105.<\/li>\n<li><strong>Tinkamas tepimas:<\/strong> Kad sistema veikt\u0173 skland\u017eiai, reguliariai tikrinkite ir prireikus keiskite hidraulin\u0117s alyvos lyg\u012f. Tepimas suma\u017eina trint\u012f ir pailgina cilindro tarnavimo laik\u0105.<\/li>\n<li><strong>Sandariklio keitimas:<\/strong> Labai svarbu laiku pakeisti susid\u0117v\u0117jusius sandariklius, kad b\u016bt\u0173 i\u0161vengta nuot\u0117ki\u0173 ir palaikomas sl\u0117gis. Turint atsargini\u0173 sandarikli\u0173 atsarg\u0173, galima laiku atlikti remont\u0105.<\/li>\n<\/ul>\n<h2>Teisingo \u012frengimo gair\u0117s<\/h2>\n<p>Sumontuokite str\u0117l\u0117s cilindr\u0105 u\u017etikrindami, kad visi komponentai b\u016bt\u0173 tinkamai sulygiuoti ir pritvirtinti. Tinkamas sulygiavimas yra labai svarbus siekiant i\u0161vengti per didelio susid\u0117v\u0117jimo ir eksploatacini\u0173 problem\u0173. Cilindrui pritvirtinti naudokite tinkamus tvirtinimo laikiklius ir \u012fsitikinkite, kad jis yra pad\u0117tas pagal gamintojo specifikacijas.<\/p>\n<p>Prie\u0161 baigdami montavim\u0105, dar kart\u0105 patikrinkite, ar visos hidraulin\u0117s jungtys yra sandarios ir ar n\u0117ra nuot\u0117ki\u0173. Po montavimo atlikite sl\u0117gio bandym\u0105, kad \u012fsitikintum\u0117te, jog cilindras veikia taip, kaip numatyta, esant apkrovai.<\/p>\n<h2>\u012eprastos prie\u017ei\u016bros u\u017eduotys<\/h2>\n<h3>Reguliar\u016bs patikrinimai<\/h3>\n<p>Reguliar\u016bs patikrinimai yra labai svarb\u016bs norint nustatyti galimas problemas, kol jos dar nepa\u016bm\u0117jo. Ie\u0161kokite susid\u0117v\u0117jimo ar pa\u017eeidimo po\u017eymi\u0173 ir \u012fsitikinkite, kad komponentai veikia tinkamai. Ankstyvas aptikimas gali \u017eymiai suma\u017einti remonto i\u0161laidas ir prastovas.<\/p>\n<h3>Tinkamas tepimas<\/h3>\n<p>Tepimas yra b\u016btinas norint i\u0161laikyti hidraulinio cilindro efektyvum\u0105. \u012esitikinkite, kad visos judan\u010dios dalys yra tinkamai suteptos, kad suma\u017eintum\u0117te trint\u012f ir \u0161ilumos susidarym\u0105. \u0160i praktika yra gyvybi\u0161kai svarbi norint pailginti cilindro tarnavimo laik\u0105.<\/p>\n<h3>Tarpikli\u0173 keitimas ir kalibravimo patikrinimai<\/h3>\n<p>Reguliariai keisti sandariklius yra labai svarbu siekiant i\u0161vengti nuot\u0117ki\u0173 ir palaikyti sistemos sl\u0117g\u012f. Be to, reik\u0117t\u0173 atlikti kalibravimo patikrinimus, siekiant u\u017etikrinti, kad hidraulin\u0117 sistema veikt\u0173 pagal nurodytus parametrus ir prisid\u0117t\u0173 prie optimalaus veikimo.<\/p>\n<p><img decoding=\"async\" src=\"https:\/\/www.hydraulic-cylinders.net\/wp-content\/uploads\/2025\/04\/songte-chushion-collar.webp\" alt=\"Pagalv\u0117l\u0117s apykakl\u0117\"><\/p>\n<h2>Saugos aspektai ir aplinkos veiksniai<\/h2>\n<p>Eksploatuojant hidraulines sistemas, b\u016btina \u012fdiegti saugos priemones. Operatoriai tur\u0117t\u0173 b\u016bti apmokyti saugaus elgesio praktikos, kad b\u016bt\u0173 kuo labiau suma\u017einta rizika eksploatavimo ir prie\u017ei\u016bros metu. Be to, reikia atsi\u017evelgti \u012f aplinkos veiksnius, tokius kaip galimi nuot\u0117kiai ir i\u0161siliejimai, kad b\u016bt\u0173 laikomasi aplinkosaugos taisykli\u0173 ir apsaugotos aplinkin\u0117s ekosistemos.<\/p>\n<h2>Trik\u010di\u0173 \u0161alinimas ir da\u017eniausiai pasitaikan\u010dios problemos<\/h2>\n<ul>\n<li><strong>Nuot\u0117kio problemos:<\/strong> Patikrinkite, ar n\u0117ra sandarikli\u0173 ir jung\u010di\u0173. Priver\u017ekite jungtis ir prireikus pakeiskite susid\u0117v\u0117jusius sandariklius.<\/li>\n<li><strong>Na\u0161umo problemos:<\/strong> Jei cilindras nereaguoja taip, kaip tik\u0117tasi, patikrinkite hidraulinio skys\u010dio lyg\u012f ir ie\u0161kokite u\u017esikim\u0161im\u0173 linijose.<\/li>\n<li><strong>Per didelis susid\u0117v\u0117jimas:<\/strong> \u012esitikinkite, kad cilindras tinkamai suteptas, ir patikrinkite, ar n\u0117ra nesuderinamumo, kuris gal\u0117t\u0173 sukelti prie\u0161laikin\u012f susid\u0117v\u0117jim\u0105.<\/li>\n<\/ul>\n<h2>Naudingi patarimai, kaip i\u0161spr\u0119sti problemas<\/h2>\n<p>Norint veiksmingai diagnozuoti ir i\u0161spr\u0119sti problemas, svarbu laikytis sistemingo po\u017ei\u016brio. Prad\u0117kite nuo simptom\u0173 nustatymo ir pirmiausia patikrinkite da\u017eniausiai pasitaikan\u010dias prie\u017eastis, pvz., skys\u010di\u0173 lyg\u012f ir sandariklius. Prevencin\u0117s priemon\u0117s, pvz., reguliari ap\u017ei\u016bra ir prie\u017ei\u016bra, gali pad\u0117ti suma\u017einti galimas problemas.<\/p>\n<h2>Apie m\u016bs\u0173 \u012fmon\u0119<\/h2>\n<p>Esame pirmaujantis atsargini\u0173 hidraulini\u0173 cilindr\u0173 gamintojas ir didmenininkas, si\u016blantis plat\u0173 gamini\u0173 asortiment\u0105 tiek vidaus, tiek tarptautin\u0117ms rinkoms. M\u016bs\u0173 \u012fsipareigojim\u0105 siekti meistri\u0161kumo palaiko kruop\u0161\u010diai suderinta gamybos strategija, kurioje naudojamos pa\u017eangios technologijos ir kvalifikuoti darbuotojai, siekiant pagerinti gamybos kokyb\u0119.<\/p>\n<p>M\u016bs\u0173 patirtis apima individualiai pritaikyt\u0173 sprendim\u0173 teikim\u0105, tarptautinius sertifikatus ir greit\u0105 aptarnavim\u0105 po pardavimo, u\u017etikrinant, kad patenkintume \u012fvairius klient\u0173 poreikius. Sutelkdami d\u0117mes\u012f \u012f auk\u0161t\u0105 efektyvum\u0105, tikslum\u0105 ir kokyb\u0119, nuolat stengiam\u0117s tobulinti savo gamybos platform\u0105 ir produkt\u0173 linij\u0105.<\/p>\n<p><img decoding=\"async\" src=\"https:\/\/www.hydraulic-cylinders.net\/wp-content\/uploads\/2025\/04\/songte-company-4.webp\" alt=\"\u012emon\u0117s \u012fvaizdis\"><br \/>\n<img decoding=\"async\" src=\"https:\/\/www.hydraulic-cylinders.net\/wp-content\/uploads\/2025\/04\/songte-company-3.webp\" alt=\"\u012emon\u0117s \u012fvaizdis\"><\/p>\n<p>Autorius: lyl<\/p>","protected":false},"excerpt":{"rendered":"<p>Boom Cylinder For XGMA Large Excavator XG836EL Introduction to Boom Cylinder The Boom Cylinder for XGMA Large Excavator XG836EL is an essential component in modern heavy machinery. This hydraulic cylinder controls the movement of the boom, allowing the excavator to perform a variety of tasks effectively. Hydraulic cylinders are critical for excavators as they facilitate [&hellip;]<\/p>","protected":false},"featured_media":17871,"comment_status":"open","ping_status":"closed","template":"","meta":{"_et_pb_use_builder":"","_et_pb_old_content":"","_et_gb_content_width":""},"product_brand":[],"product_cat":[1546],"product_tag":[1547,1496],"class_list":{"0":"post-19321","1":"product","2":"type-product","3":"status-publish","4":"has-post-thumbnail","6":"product_cat-boom-cylinders","7":"product_tag-boom-cylinders","8":"product_tag-hydraulic-cylinders","10":"first","11":"instock","12":"shipping-taxable","13":"product-type-simple"},"amp_enabled":true,"_links":{"self":[{"href":"https:\/\/www.hydraulic-cylinders.net\/lt\/wp-json\/wp\/v2\/product\/19321","targetHints":{"allow":["GET"]}}],"collection":[{"href":"https:\/\/www.hydraulic-cylinders.net\/lt\/wp-json\/wp\/v2\/product"}],"about":[{"href":"https:\/\/www.hydraulic-cylinders.net\/lt\/wp-json\/wp\/v2\/types\/product"}],"replies":[{"embeddable":true,"href":"https:\/\/www.hydraulic-cylinders.net\/lt\/wp-json\/wp\/v2\/comments?post=19321"}],"wp:featuredmedia":[{"embeddable":true,"href":"https:\/\/www.hydraulic-cylinders.net\/lt\/wp-json\/wp\/v2\/media\/17871"}],"wp:attachment":[{"href":"https:\/\/www.hydraulic-cylinders.net\/lt\/wp-json\/wp\/v2\/media?parent=19321"}],"wp:term":[{"taxonomy":"product_brand","embeddable":true,"href":"https:\/\/www.hydraulic-cylinders.net\/lt\/wp-json\/wp\/v2\/product_brand?post=19321"},{"taxonomy":"product_cat","embeddable":true,"href":"https:\/\/www.hydraulic-cylinders.net\/lt\/wp-json\/wp\/v2\/product_cat?post=19321"},{"taxonomy":"product_tag","embeddable":true,"href":"https:\/\/www.hydraulic-cylinders.net\/lt\/wp-json\/wp\/v2\/product_tag?post=19321"}],"curies":[{"name":"wp","href":"https:\/\/api.w.org\/{rel}","templated":true}]}}