{"id":19329,"date":"2025-04-07T06:27:15","date_gmt":"2025-04-07T06:27:15","guid":{"rendered":"https:\/\/www.hydraulic-cylinders.net\/product\/boom-cylinder-for-lonking-small-excavator-lg606dd\/"},"modified":"2025-04-07T06:27:17","modified_gmt":"2025-04-07T06:27:17","slug":"boom-cylinder-for-lonking-small-excavator-lg606dd","status":"publish","type":"product","link":"https:\/\/www.hydraulic-cylinders.net\/lt\/produktas\/boom-cylinder-for-lonking-small-excavator-lg606dd\/","title":{"rendered":"Str\u0117l\u0117s cilindras, skirtas ma\u017eam ekskavatoriui \u201eLonking LG606DD\u201c"},"content":{"rendered":"<h1>Str\u0117l\u0117s cilindras, skirtas ma\u017eam ekskavatoriui \u201eLonking LG606DD\u201c<\/h1>\n<h2>\u012evadas \u012f str\u0117l\u0117s cilindr\u0105<\/h2>\n<p>Str\u0117l\u0117s cilindras yra labai svarbus hidraulinis komponentas, specialiai sukurtas valdyti kau\u0161o jud\u0117jim\u0105 \u012fvairiose sunkiosiose ma\u0161inose, tokiose kaip ekskavatoriai, ekskavatoriniai krautuvai ir frontaliniai krautuvai. \u0160is hidraulinis cilindras leid\u017eia kau\u0161\u0105 pakelti, nuleisti ir pakreipti, taip palengvindamas efektyv\u0173 med\u017eiag\u0173 tvarkym\u0105 statybose, \u017eem\u0117s \u016bkyje ir \u012fvairiose pramon\u0117s \u0161akose.<\/p>\n<p>I\u0161 esm\u0117s kau\u0161o cilindras yra hidraulinio cilindro tipas, kuris panaudoja susl\u0117gto hidraulinio skys\u010dio gali\u0105 pagrindin\u0117ms funkcijoms atlikti. Jis paver\u010dia hidraulin\u0119 energij\u0105 mechanine energija, leisdamas atlikti tikslius judesius, reikalingus tokioms u\u017eduotims kaip kasimas, k\u0117limas ir med\u017eiag\u0173 transportavimas. Str\u0117l\u0117s cilindro geb\u0117jimas veikti esant auk\u0161tam sl\u0117giui daro j\u012f neatsiejama bet kurios hidraulin\u0117s sistemos dalimi, pagerindamas bendr\u0105 sunkiosios \u012frangos funkcionalum\u0105 ir efektyvum\u0105.<\/p>\n<p><img decoding=\"async\" src=\"https:\/\/www.hydraulic-cylinders.net\/wp-content\/uploads\/2025\/04\/songte-company-1.webp\" alt=\"Str\u0117l\u0117s cilindro vaizdas\"><\/p>\n<h2>Str\u0117l\u0117s cilindro savyb\u0117s<\/h2>\n<ul>\n<li><strong>Didelis stiprumas ir ilgaam\u017ei\u0161kumas:<\/strong> Pagamintas i\u0161 didelio stiprumo plieno arba aliuminio, str\u0117l\u0117s cilindras gali atlaikyti auk\u0161t\u0105 sl\u0117g\u012f ir dideles apkrovas, tod\u0117l tinka at\u0161iaurioms darbo s\u0105lygoms. Jo konstrukcija atsi\u017evelg\u0117 \u012f atsparum\u0105 dilimui ir korozijai, tod\u0117l pailg\u0117ja jo tarnavimo laikas.<\/li>\n<li><strong>Efektyvus hidraulinis valdymas:<\/strong> Naudodamas hidraulinio skys\u010dio sl\u0117g\u012f skland\u017eiam str\u0117l\u0117s i\u0161pl\u0117timui ir \u012ftraukimui, str\u0117l\u0117s cilindras greitai reaguoja \u012f veikimo komandas, u\u017etikrindamas didel\u0119 st\u016bmimo ir traukimo j\u0117g\u0105, idealiai tinkan\u010di\u0105 sunkiems daiktams tvarkyti ir sud\u0117tingoms u\u017eduotims atlikti.<\/li>\n<li><strong>\u012evair\u016bs tipai:<\/strong> Str\u0117l\u0117s cilindr\u0105 galima pasirinkti vienpusio veikimo (hidraulinis skystis naudojamas viena kryptimi) arba dvipusio veikimo (hidraulinis skystis naudojamas abiem kryptimis), kad b\u016bt\u0173 patenkinti \u012fvair\u016bs eksploatavimo poreikiai. Kai kurie modeliai yra teleskopiniai, tod\u0117l juos galima labiau i\u0161tiesti nedidinant i\u0161orini\u0173 matmen\u0173, tod\u0117l jie tinka naudoti ribotoje erdv\u0117je.<\/li>\n<li><strong>Pritaikomos parinktys:<\/strong> M\u016bs\u0173 gaminiai gali puikiai pakeisti esamus hidraulinius cilindrus, si\u016blydami individualius sprendimus, atitinkan\u010dius konkre\u010dius ma\u0161in\u0173 reikalavimus.<\/li>\n<li><strong>Prie\u017ei\u016brai draugi\u0161kas dizainas:<\/strong> Sukurtas lengvai prie\u017ei\u016brai, str\u0117l\u0117s cilindr\u0105 galima efektyviai aptarnauti arba pakeisti, u\u017etikrinant ilgalaik\u012f veikim\u0105.<\/li>\n<\/ul>\n<p><img decoding=\"async\" src=\"https:\/\/www.hydraulic-cylinders.net\/wp-content\/uploads\/2025\/04\/songte-cylinder-head-with-all-kinds-excavator-models.webp\" alt=\"Cilindro parink\u010di\u0173 vaizdas\"><\/p>\n<h2>Str\u0117l\u0117s cilindro pritaikymas<\/h2>\n<h3>Statybin\u0117 \u012franga<\/h3>\n<p>Ekskavatoriuose str\u0117l\u0117s cilindrai yra pagrindin\u0117 kasimo, krovimo ir grunto ar \u0161iuk\u0161li\u0173 perk\u0117limo dalis. Jie leid\u017eia kau\u0161ui \u012fsiskverbti \u012f \u017eem\u0119, tod\u0117l lengviau i\u0161kasti med\u017eiagas, reikalingas \u012fvairiems statybos projektams. Tikslus str\u0117l\u0117s cilindro valdymas padidina operatoriaus geb\u0117jim\u0105 atlikti sud\u0117tingas u\u017eduotis greitai ir tiksliai.<\/p>\n<h3>\u017dem\u0117s \u016bkio technika<\/h3>\n<p>Priekiniuose krautuvuose str\u0117l\u0117s cilindrai yra b\u016btini dirvo\u017eemio, \u0161ieno ir kit\u0173 med\u017eiag\u0173 k\u0117limui, k\u0117limui ir transportavimui. J\u0173 patikimas veikimas u\u017etikrina, kad \u017eem\u0117s \u016bkio darbai b\u016bt\u0173 atliekami efektyviai, nesvarbu, ar tai b\u016bt\u0173 med\u017eiag\u0173 krovimas, ar kra\u0161tovaizd\u017eio tvarkymas.<\/p>\n<h3>Ekskavatoriai<\/h3>\n<p>Kau\u0161o cilindras leid\u017eia ekskavatoriaus kau\u0161ui giliau ir efektyviau \u012fkasti dirv\u0105, tod\u0117l kasimo darbai tampa lengviau \u012fveikiami. \u0160i funkcija yra labai svarbi projektams, kuriems reikalingas didelis \u017eem\u0117s jud\u0117jimas, pavyzd\u017eiui, pamat\u0173 kasimui ar tran\u0161\u0117j\u0173 kasimui.<\/p>\n<h3>Krautuvai<\/h3>\n<p>Priekiniuose krautuvuose str\u0117l\u0117s cilindrai padeda efektyviai kelti ir i\u0161versti krovinius. J\u0173 konstrukcija u\u017etikrina, kad sunkias med\u017eiagas b\u016bt\u0173 galima lengvai manevruoti, o tai didina na\u0161um\u0105 darbo vietose, kur med\u017eiagas reikia greitai ir efektyviai perkelti.<\/p>\n<h2>Projektavimo aspektai ir atrankos kriterijai<\/h2>\n<h3>Keliamoji galia<\/h3>\n<p>Renkantis str\u0117l\u0117s cilindr\u0105, labai svarbus aspektas yra keliamoji galia. Cilindras turi atlaikyti maksimali\u0105 apkrov\u0105, su kuria susidurs eksploatacijos metu. Nepakankama keliamoji galia gali sukelti cilindro gedim\u0105, o tai gali kelti pavoj\u0173 tiek \u012frangai, tiek operatoriui. B\u016btina apskai\u010diuoti reikiam\u0105 apkrov\u0105 ir pasirinkti cilindr\u0105, kuris atitikt\u0173 arba vir\u0161yt\u0173 \u0161ias specifikacijas.<\/p>\n<h3>Sandarinimo efektyvumas<\/h3>\n<p>Efektyvus sandarinimas yra gyvybi\u0161kai svarbus norint palaikyti hidraulin\u012f sl\u0117g\u012f cilindre. Konstrukcijoje tur\u0117t\u0173 b\u016bti numatyti auk\u0161tos kokyb\u0117s sandarikliai, kad b\u016bt\u0173 i\u0161vengta skys\u010di\u0173 nuot\u0117kio. Tai ne tik i\u0161saugo hidraulin\u0117s sistemos efektyvum\u0105, bet ir suma\u017eina u\u017eter\u0161imo rizik\u0105. Pa\u017eangi\u0173 sandarinimo med\u017eiag\u0173 naudojimas gali \u017eymiai pailginti cilindro tarnavimo laik\u0105 ir jo na\u0161um\u0105.<\/p>\n<h3>Patvarumas<\/h3>\n<p>Hidrauliniams cilindrams, veikiamiems at\u0161iauri\u0173 s\u0105lyg\u0173, labai svarbus patvarumas. Gamintojai turi u\u017etikrinti, kad naudojamos med\u017eiagos b\u016bt\u0173 atsparios korozijai, dilimui ir ekstremalioms temperat\u016broms. Tvirta konstrukcija kartu su kokybi\u0161komis med\u017eiagomis prailgins str\u0117l\u0117s cilindro tarnavimo laik\u0105, suma\u017eindama da\u017eno keitimo poreik\u012f.<\/p>\n<h3>Saugos funkcijos<\/h3>\n<p>Hidraulini\u0173 cilindr\u0173 konstrukcijoje labai svarbu \u012ftraukti saugos funkcijas. Tai gali b\u016bti sl\u0117gio ma\u017einimo vo\u017etuvai, siekiant i\u0161vengti per didelio sl\u0117gio, taip pat apsauginiai u\u017eraktai, skirti kau\u0161ui pritvirtinti veikimo metu. U\u017etikrinant, kad cilindras atitikt\u0173 saugos standartus, apsaugomi tiek operatoriai, tiek mechanizmai.<\/p>\n<h3>Prie\u017ei\u016bra<\/h3>\n<p>Ilgainiui naudinga pasirinkti konstrukcij\u0105, kuri u\u017etikrina lengv\u0105 prie\u017ei\u016br\u0105. Tokios savyb\u0117s kaip nuimami galiniai dangteliai ir lengvai prieinami sandarikliai leid\u017eia lengvai atlikti patikrinimus ir remont\u0105. \u012eprastos prie\u017ei\u016bros protokolo nustatymas gali \u017eymiai padidinti str\u0117l\u0117s cilindro ilgaam\u017ei\u0161kum\u0105 ir efektyvum\u0105.<\/p>\n<p><img decoding=\"async\" src=\"https:\/\/www.hydraulic-cylinders.net\/wp-content\/uploads\/2025\/04\/songte-oil-pipes-and-spare-parts.webp\" alt=\"Naftos vamzd\u017eiai ir atsargin\u0117s dalys Vaizdas\"><\/p>\n<h2>Str\u0117l\u0117s cilindro sandarinimas ir tepimas<\/h2>\n<p>Efektyvus sandarinimas ir tepimas yra nepaprastai svarb\u016bs tinkamam str\u0117l\u0117s cilindro veikimui. \u012evair\u016bs sandarinimo elementai, tokie kaip st\u016bmokli\u0173 ir stryp\u0173 sandarikliai, atlieka lemiam\u0105 vaidmen\u012f palaikant hidraulin\u012f sl\u0117g\u012f ir u\u017ekertant keli\u0105 nuot\u0117kiams. \u0160iems sandarikliams labai svarbu pasirinkti patvarias med\u017eiagas, tokias kaip poliuretanas ir nitrilo kau\u010diukas, kad jos atlaikyt\u0173 nusid\u0117v\u0117jim\u0105 ir aplinkos veiksnius.<\/p>\n<p>Cilindro korpusas ir srieginiai galiniai pavir\u0161iai tur\u0117t\u0173 b\u016bti kruop\u0161\u010diai apdirbti, kad b\u016bt\u0173 padidintas atsparumas dilimui. Norint suma\u017einti trint\u012f tarp judan\u010di\u0173 dali\u0173 ir i\u0161laikyti optimal\u0173 na\u0161um\u0105, reikia reguliariai tepti hidrauline alyva. Nuolatinis tinkamo hidraulin\u0117s alyvos kiekio naudojimas apsaugo nuo prie\u0161laikinio susid\u0117v\u0117jimo ir pailgina cilindro tarnavimo laik\u0105.<\/p>\n<h2>Reguliarus patikrinimas ir prevencin\u0117 prie\u017ei\u016bra<\/h2>\n<ul>\n<li><strong>\u012eprastiniai patikrinimai:<\/strong> Reguliariai tikrinkite, ar n\u0117ra nuot\u0117ki\u0173, susid\u0117v\u0117jimo ir pa\u017eeidim\u0173, kad u\u017etikrintum\u0117te efektyv\u0173 cilindro veikim\u0105. Ankstyvas problem\u0173 nustatymas gali pad\u0117ti i\u0161vengti brangaus remonto ir ilg\u0173 prastov\u0173.<\/li>\n<li><strong>Tinkamas tepimas:<\/strong> Reguliariai sutepkite cilindr\u0105, kad suma\u017eintum\u0117te trint\u012f ir susid\u0117v\u0117jim\u0105. Tinkamo tipo hidraulin\u0117s alyvos naudojimas yra b\u016btinas optimaliam veikimui ir ilgaam\u017ei\u0161kumui.<\/li>\n<li><strong>Sandariklio keitimas:<\/strong> Steb\u0117kite sandarikli\u0173 b\u016bkl\u0119 ir prireikus juos pakeiskite, kad i\u0161laikytum\u0117te efektyv\u0173 sandarum\u0105. Susid\u0117v\u0117j\u0119 sandarikliai gali sukelti skys\u010dio nuostolius ir suma\u017einti funkcionalum\u0105.<\/li>\n<\/ul>\n<h2>Str\u0117l\u0117s cilindro montavimo gair\u0117s<\/h2>\n<p>Teisingas montavimas yra labai svarbus efektyviam str\u0117l\u0117s cilindro veikimui. Pirmiausia \u012fsitikinkite, kad visi komponentai yra \u0161var\u016bs ir be \u0161iuk\u0161li\u0173. Tinkamai sulygiuokite cilindr\u0105, u\u017etikrindami, kad visos tvirtinimo angos b\u016bt\u0173 tinkamai i\u0161d\u0117stytos. Patartina naudoti tvirtinimo laikiklius, kad cilindras b\u016bt\u0173 pritvirtintas vietoje ir b\u016bt\u0173 i\u0161vengta bet kokio i\u0161lygiavimo eksploatacijos metu.<\/p>\n<p>\u012estat\u0119 cilindr\u0105, priver\u017ekite visus var\u017etus pagal gamintojo specifikacijas, u\u017etikrindami tvirt\u0105 pritvirtinim\u0105. Sumontavus patikrinkite, ar hidraulin\u0117s jungtys nepraleid\u017eia duj\u0173, ir \u012fsitikinkite, kad cilindras skland\u017eiai veikia visu savo judesio diapazonu. Reguliariai tikrinkite lygiavim\u0105 ir pritvirtinkite jungtis, kad laikui b\u0117gant i\u0161laikytum\u0117te optimal\u0173 veikim\u0105.<\/p>\n<h2>\u012eprastos prie\u017ei\u016bros u\u017eduotys<\/h2>\n<h3>Reguliar\u016bs patikrinimai<\/h3>\n<p>Reguliarios str\u0117l\u0117s cilindro ap\u017ei\u016bros yra labai svarbios, siekiant nustatyti bet kokius susid\u0117v\u0117jimo ar pa\u017eeidimo po\u017eymius, kol jie neperaugo \u012f rimtesnes problemas. Operatoriai darbo metu tur\u0117t\u0173 ie\u0161koti nuot\u0117ki\u0173, \u012ftr\u016bkim\u0173 ar ne\u012fprast\u0173 gars\u0173, kurie gali rodyti problemas. \u012eprasto patikrinimo grafiko nustatymas gali pad\u0117ti i\u0161laikyti cilindro veikim\u0105 ir saug\u0105.<\/p>\n<h3>Tinkamas tepimas<\/h3>\n<p>Tinkamas tepimas yra b\u016btinas norint suma\u017einti trint\u012f tarp judan\u010di\u0173 dali\u0173, kuri gali sukelti nusid\u0117v\u0117jim\u0105. Naudojant tinkamo tipo hidraulin\u0119 alyv\u0105 ir u\u017etikrinant, kad cilindras b\u016bt\u0173 tinkamai suteptas, pailg\u0117s jo tarnavimo laikas ir bus i\u0161laikytas optimalus veikimas. Reguliar\u016bs tepimo patikrinimai tur\u0117t\u0173 b\u016bti technin\u0117s prie\u017ei\u016bros rutinos dalis.<\/p>\n<h3>Tarpikli\u0173 keitimas ir kalibravimo patikrinimai<\/h3>\n<p>Reguliariai keisti susid\u0117v\u0117jusius sandariklius yra labai svarbu siekiant i\u0161vengti nuot\u0117ki\u0173 ir palaikyti hidraulin\u012f sl\u0117g\u012f cilindre. Operatoriai taip pat tur\u0117t\u0173 atlikti kalibravimo patikrinimus, kad \u012fsitikint\u0173, jog cilindras veikia taip, kaip numatyta. Tinkamai sukalibruoti cilindrai pagerina efektyvum\u0105 ir suma\u017eina mechanini\u0173 gedim\u0173 rizik\u0105. Laikantis rekomenduojam\u0173 sandarikli\u0173 keitimo ir kalibravimo proced\u016br\u0173, pager\u0117s cilindro veikimas ir ilgaam\u017ei\u0161kumas.<\/p>\n<p><img decoding=\"async\" src=\"https:\/\/www.hydraulic-cylinders.net\/wp-content\/uploads\/2025\/04\/songte-chushion-collar.webp\" alt=\"Pagalv\u0117l\u0117s apykakl\u0117s vaizdas\"><\/p>\n<h2>Saugos aspektai ir aplinkos veiksniai<\/h2>\n<p>Saugos priemon\u0117s dirbant su hidrauliniais cilindrais yra nepaprastai svarbios siekiant i\u0161vengti nelaiming\u0173 atsitikim\u0173 ir su\u017ealojim\u0173. Operatoriai visada turi laikytis saugos protokol\u0173 ir u\u017etikrinti, kad darbo metu b\u016bt\u0173 d\u0117vimos apsaugin\u0117s priemon\u0117s. Be to, siekiant u\u017etikrinti saugias darbo s\u0105lygas, reikia \u017einoti apie galimus pavojus aplinkai, pvz., skys\u010di\u0173 i\u0161siliejim\u0105. Tinkamas mokymas ir saugos gairi\u0173 laikymasis suma\u017eins su hidraulin\u0117s sistemos gedimais susijusi\u0105 rizik\u0105.<\/p>\n<h2>Gedim\u0173 diagnostika ir da\u017eniausios problemos<\/h2>\n<ul>\n<li><strong>Nuot\u0117kis:<\/strong> Viena i\u0161 da\u017eniausi\u0173 str\u0117l\u0117s cilindr\u0173 problem\u0173 yra nuot\u0117kis. Tai gali atsirasti d\u0117l susid\u0117v\u0117jusi\u0173 sandarikli\u0173 arba pa\u017eeist\u0173 cilindr\u0173 korpus\u0173. Reguliarios patikros gali pad\u0117ti anksti nustatyti nuot\u0117kius, leid\u017eian\u010dius laiku atlikti remont\u0105.<\/li>\n<li><strong>Suma\u017einta galia:<\/strong> \u017dymus cilindro k\u0117limo ar st\u016bmimo paj\u0117gumo suma\u017e\u0117jimas gali rodyti vidinius pa\u017eeidimus arba hidraulinio skys\u010dio problemas. \u0160i\u0105 problem\u0105 galima i\u0161spr\u0119sti patikrinus hidraulinio skys\u010dio lyg\u012f ir \u012fvertinus cilindro vidin\u012f susid\u0117v\u0117jim\u0105.<\/li>\n<li><strong>Tr\u016bk\u010diojantys judesiai:<\/strong> Jei str\u0117l\u0117s cilindras veikia netolygiai arba tr\u016bk\u010dioja darbo metu, tai gali rodyti hidraulin\u0117s sistemos problemas, pvz., or\u0105 linijose arba nepakankam\u0105 skys\u010di\u0173 lyg\u012f. Sistemos nuorinimas ir tinkamo skys\u010di\u0173 lygio u\u017etikrinimas da\u017enai gali i\u0161spr\u0119sti \u0161i\u0105 problem\u0105.<\/li>\n<\/ul>\n<h2>Trik\u010di\u0173 \u0161alinimo patarimai ir sprendimai<\/h2>\n<p>Nor\u0117dami efektyviai pa\u0161alinti str\u0117l\u0117s cilindro problemas, pirmiausia atlikite vizualin\u012f patikrinim\u0105, kad nustatytum\u0117te nuot\u0117kio ar susid\u0117v\u0117jimo po\u017eymius. Jei aptinkamas nuot\u0117kis, pakeiskite susid\u0117v\u0117jusius sandariklius ir \u012fsitikinkite, kad visos jungtys yra tvirtos. Jei suma\u017e\u0117jo galia, patikrinkite hidraulinio skys\u010dio lyg\u012f ir pakeiskite u\u017eter\u0161t\u0105 skyst\u012f. Jei judesiai tr\u016bk\u010dioja, i\u0161leiskite or\u0105 i\u0161 hidraulini\u0173 linij\u0173, kad pa\u0161alintum\u0117te vis\u0105 \u012fstrigus\u012f or\u0105 ir u\u017etikrintum\u0117te skland\u0173 veikim\u0105. Reguliarus techninis aptarnavimas ir aktyvus remontas gali \u017eymiai suma\u017einti da\u017eniausiai pasitaikan\u010di\u0173 problem\u0173 tikimyb\u0119.<\/p>\n<p><img decoding=\"async\" src=\"https:\/\/www.hydraulic-cylinders.net\/wp-content\/uploads\/2025\/04\/songte-bushings-with-all-kinds-of-excavator-models.webp\" alt=\"\u012evori\u0173 vaizdas\"><\/p>\n<h2>Apie m\u016bs\u0173 \u012fmon\u0119<\/h2>\n<p>Esame pirmaujanti hidraulini\u0173 cilindr\u0173 gamintoja ir didmenin\u0117 platintoja, specializuojam\u0117s esam\u0173 sistem\u0173 pakeitimuose. D\u0117l plataus gamini\u0173 asortimento esame pagrindiniai \u017eaid\u0117jai tiek vidaus, tiek tarptautin\u0117se rinkose. Vadovaujam\u0117s meistri\u0161kumo filosofija, kuri\u0105 palaiko rafinuota gamybos valdymo strategija, kurioje naudojama pa\u017eangi gamybos \u012franga ir profesionalios bandym\u0173 sistemos.<\/p>\n<p>M\u016bs\u0173 \u012fsipareigojimas kokybei u\u017etikrina nuolatin\u012f gamybos paj\u0117gum\u0173 atnaujinim\u0105, samdydami kvalifikuotus technikus ir naudodami pa\u017eangiausias technologijas. M\u016bs\u0173 efektyvi, tiksli ir auk\u0161tos kokyb\u0117s gamybos praktika patenkina \u012fvairius m\u016bs\u0173 klient\u0173 poreikius. Be to, si\u016blome individualiai pritaikytas paslaugas, kad patenkintume konkre\u010dius reikalavimus, u\u017etikrindami, kad m\u016bs\u0173 klientai gaut\u0173 geriausius \u012fmanomus sprendimus savo hidrauliniams poreikiams.<\/p>\n<p><img decoding=\"async\" src=\"https:\/\/www.hydraulic-cylinders.net\/wp-content\/uploads\/2025\/04\/songte-company-4.webp\" alt=\"\u012emon\u0117s paveiksl\u0117lis 1\"><br \/>\n<img decoding=\"async\" src=\"https:\/\/www.hydraulic-cylinders.net\/wp-content\/uploads\/2025\/04\/songte-company-3.webp\" alt=\"\u012emon\u0117s paveiksl\u0117lis 2\"><\/p>\n<p>Autorius: lyl<\/p>","protected":false},"excerpt":{"rendered":"<p>Boom Cylinder For Lonking Small Excavator LG606DD Introduction to the Boom Cylinder The boom cylinder is a crucial hydraulic component specifically designed to control the movement of the bucket in various heavy machinery such as excavators, backhoe loaders, and front-end loaders. This hydraulic cylinder enables the bucket to lift, lower, and tilt, facilitating efficient material [&hellip;]<\/p>","protected":false},"featured_media":17879,"comment_status":"open","ping_status":"closed","template":"","meta":{"_et_pb_use_builder":"","_et_pb_old_content":"","_et_gb_content_width":""},"product_brand":[],"product_cat":[1546],"product_tag":[1547,1496],"class_list":{"0":"post-19329","1":"product","2":"type-product","3":"status-publish","4":"has-post-thumbnail","6":"product_cat-boom-cylinders","7":"product_tag-boom-cylinders","8":"product_tag-hydraulic-cylinders","10":"first","11":"instock","12":"shipping-taxable","13":"product-type-simple"},"amp_enabled":true,"_links":{"self":[{"href":"https:\/\/www.hydraulic-cylinders.net\/lt\/wp-json\/wp\/v2\/product\/19329","targetHints":{"allow":["GET"]}}],"collection":[{"href":"https:\/\/www.hydraulic-cylinders.net\/lt\/wp-json\/wp\/v2\/product"}],"about":[{"href":"https:\/\/www.hydraulic-cylinders.net\/lt\/wp-json\/wp\/v2\/types\/product"}],"replies":[{"embeddable":true,"href":"https:\/\/www.hydraulic-cylinders.net\/lt\/wp-json\/wp\/v2\/comments?post=19329"}],"wp:featuredmedia":[{"embeddable":true,"href":"https:\/\/www.hydraulic-cylinders.net\/lt\/wp-json\/wp\/v2\/media\/17879"}],"wp:attachment":[{"href":"https:\/\/www.hydraulic-cylinders.net\/lt\/wp-json\/wp\/v2\/media?parent=19329"}],"wp:term":[{"taxonomy":"product_brand","embeddable":true,"href":"https:\/\/www.hydraulic-cylinders.net\/lt\/wp-json\/wp\/v2\/product_brand?post=19329"},{"taxonomy":"product_cat","embeddable":true,"href":"https:\/\/www.hydraulic-cylinders.net\/lt\/wp-json\/wp\/v2\/product_cat?post=19329"},{"taxonomy":"product_tag","embeddable":true,"href":"https:\/\/www.hydraulic-cylinders.net\/lt\/wp-json\/wp\/v2\/product_tag?post=19329"}],"curies":[{"name":"wp","href":"https:\/\/api.w.org\/{rel}","templated":true}]}}