{"id":19374,"date":"2025-04-07T06:31:03","date_gmt":"2025-04-07T06:31:03","guid":{"rendered":"https:\/\/www.hydraulic-cylinders.net\/product\/boom-cylinder-for-sdlg-middle-excavator-lg6250e\/"},"modified":"2025-04-07T06:31:06","modified_gmt":"2025-04-07T06:31:06","slug":"boom-cylinder-for-sdlg-middle-excavator-lg6250e","status":"publish","type":"product","link":"https:\/\/www.hydraulic-cylinders.net\/lt\/produktas\/boom-cylinder-for-sdlg-middle-excavator-lg6250e\/","title":{"rendered":"SDLG vidutinio ekskavatoriaus LG6250E str\u0117l\u0117s cilindras"},"content":{"rendered":"<h1>SDLG vidutinio ekskavatoriaus LG6250E str\u0117l\u0117s cilindras<\/h1>\n<h2>Produkto ap\u017evalga<\/h2>\n<p>SDLG vidutinio profilio ekskavatoriaus LG6250E str\u0117l\u0117s cilindras yra labai svarbus komponentas, skirtas valdyti ekskavatoriaus str\u0117l\u0117s jud\u0117jim\u0105. \u0160ie hidrauliniai cilindrai atlieka svarb\u0173 vaidmen\u012f sunkiosiose ma\u0161inose, tokiose kaip ekskavatoriai, ekskavatoriai ir frontaliniai krautuvai, nes leid\u017eia pakelti, nuleisti ir pakreipti kau\u0161\u0105, kad b\u016bt\u0173 galima efektyviai tvarkyti med\u017eiagas.<\/p>\n<p><img decoding=\"async\" src=\"https:\/\/www.hydraulic-cylinders.net\/wp-content\/uploads\/2025\/04\/songte-company-1.webp\" alt=\"Str\u0117l\u0117s cilindras\" \/><\/p>\n<p>Kau\u0161o cilindrai yra hidraulini\u0173 cilindr\u0173 tipas, specialiai sukurtas palengvinti kau\u0161o jud\u0117jim\u0105 \u012fvairiose sunkiosiose ma\u0161inose. Jie naudoja hidraulin\u012f sl\u0117g\u012f, kad u\u017etikrint\u0173 galing\u0105 k\u0117limo gali\u0105, leid\u017eian\u010di\u0105 operatoriams efektyviai atlikti kasimo ir krovimo darbus. Hidraulin\u0117s sistemos geb\u0117jimas paversti skys\u010dio sl\u0117g\u012f mechanine energija daro \u0161iuos cilindrus b\u016btinus u\u017eduotims, susijusioms su sunkiomis med\u017eiagomis.<\/p>\n<h2>Pagrindin\u0117s savyb\u0117s<\/h2>\n<ul>\n<li><strong>Didelis stiprumas ir ilgaam\u017ei\u0161kumas:<\/strong> Pagamintas i\u0161 didelio stiprumo plieno arba aliuminio, str\u0117l\u0117s cilindras gali atlaikyti auk\u0161t\u0105 sl\u0117g\u012f ir dideles apkrovas, tod\u0117l tinka at\u0161iaurioms darbo s\u0105lygoms. Konstrukcijoje atsi\u017evelgta \u012f atsparum\u0105 dilimui ir korozijai, tod\u0117l pailg\u0117ja gaminio tarnavimo laikas.<\/li>\n<li><strong>Efektyvus hidraulinis valdymas:<\/strong> \u0160is cilindras naudoja hidraulinio skys\u010dio sl\u0117g\u012f, kad skland\u017eiai i\u0161skleist\u0173 ir atitraukt\u0173, greitai reaguot\u0173 \u012f operatoriaus komandas ir u\u017etikrint\u0173 didel\u0119 st\u016bmimo bei traukimo j\u0117g\u0105, idealiai tinka sunkiems kroviniams ir sud\u0117tingoms u\u017eduotims atlikti.<\/li>\n<li><strong>\u012evair\u016bs tipai:<\/strong> Galima \u012fsigyti vienpusio veikimo (veikia viena kryptimi) arba dvipusio veikimo (veikia abiem kryptimis) variant\u0173, pritaikyt\u0173 skirtingiems eksploatavimo poreikiams. Kai kurie modeliai yra teleskopiniai, tod\u0117l juos galima labiau prailginti nedidinant i\u0161orini\u0173 matmen\u0173, tod\u0117l jie idealiai tinka naudoti ribotoje erdv\u0117je.<\/li>\n<li><strong>Universalios taikymo sritys:<\/strong> Sukurtas taip, kad b\u016bt\u0173 suderinamas su \u012fvairia sunki\u0105ja technika, m\u016bs\u0173 gaminys gali puikiai pakeisti esamus hidraulinius cilindrus, u\u017etikrindamas skland\u0173 veikim\u0105 ir na\u0161um\u0105.<\/li>\n<\/ul>\n<p><img decoding=\"async\" src=\"https:\/\/www.hydraulic-cylinders.net\/wp-content\/uploads\/2025\/04\/songte-cylinder-head-with-all-kinds-excavator-models.webp\" alt=\"Hidrauliniai cilindrai\" \/><\/p>\n<h2>Parai\u0161kos<\/h2>\n<h3>Statybin\u0117 \u012franga<\/h3>\n<p>Ekskavatoriuose str\u0117l\u0117s cilindras yra gyvybi\u0161kai svarbus kasant, kraunant ir perkeliant grunt\u0105 ar \u0161iuk\u0161les. Sukurta hidraulin\u0117 j\u0117ga leid\u017eia efektyviai tvarkyti med\u017eiagas, o tai \u017eymiai padidina veiklos na\u0161um\u0105. Ekskavatoriuose \u0161ie cilindrai padeda tiek kasant, tiek keliant, tod\u0117l yra b\u016btini atliekant \u012fvairias statybos u\u017eduotis.<\/p>\n<h3>\u017dem\u0117s \u016bkio technika<\/h3>\n<p>Priekiniuose krautuvuose naudojami str\u0117l\u0117s cilindrai padeda semti, kelti ir transportuoti dirvo\u017eem\u012f, \u0161ien\u0105 ir kitas med\u017eiagas. J\u0173 funkcionalumas yra labai svarbus atliekant \u017eem\u0117s \u016bkio u\u017eduotis, nes padidina operacij\u0173 efektyvum\u0105 ir suma\u017eina darbo j\u0117gos poreik\u012f.<\/p>\n<h3>Ekskavatoriai<\/h3>\n<p>Ekskavatoriuose str\u0117l\u0117s cilindras leid\u017eia kau\u0161ui efektyviai \u012fsiskverbti \u012f \u017eem\u0119, palengvindamas kasimo veiksm\u0105. \u0160i savyb\u0117 yra labai svarbi atliekant \u012fvairius kasimo darbus, nes suteikia reikiam\u0105 gali\u0105 prasibrauti \u012f sunkias dirvo\u017eemio s\u0105lygas.<\/p>\n<h3>Krautuvai<\/h3>\n<p>Priekiniuose krautuvuose str\u0117l\u0117s cilindrai padeda efektyviai pakelti ir i\u0161versti krovinius, u\u017etikrindami, kad med\u017eiagas b\u016bt\u0173 galima greitai ir tiksliai perkelti. \u0160is pritaikymas yra svarbus statybviet\u0117se ir med\u017eiag\u0173 tvarkymo operacijose.<\/p>\n<h2>Projektavimo aspektai ir atrankos standartai<\/h2>\n<h3>Keliamoji galia<\/h3>\n<p>Str\u0117l\u0117s cilindras turi b\u016bti suprojektuotas taip, kad atlaikyt\u0173 konkre\u010dius \u012frangos, kuri\u0105 jis laiko, apkrovos reikalavimus. Tinkamas apkrovos \u012fvertinimas u\u017etikrina, kad cilindras gal\u0117t\u0173 saugiai ir efektyviai veikti \u012fvairiomis s\u0105lygomis. Neatsi\u017evelgimas \u012f apkrovos gali\u0105 gali sukelti cilindro gedim\u0105 arba \u012frangos pa\u017eeidim\u0105.<\/p>\n<h3>Sandarinimas<\/h3>\n<p>Efektyvus sandarinimas yra labai svarbus siekiant i\u0161vengti hidraulinio skys\u010dio nuot\u0117kio ir palaikyti sl\u0117g\u012f sistemoje. Renkantis sandariklius reikia atsi\u017evelgti \u012f darbin\u0119 aplink\u0105, skys\u010dio tip\u0105 ir temperat\u016bros diapazonus. Auk\u0161tos kokyb\u0117s sandarikliai u\u017etikrins optimal\u0173 na\u0161um\u0105 ir prailgins cilindro tarnavimo laik\u0105.<\/p>\n<h3>Patvarumas<\/h3>\n<p>Hidrauliniams cilindrams ilgaam\u017ei\u0161kumas yra labai svarbus, ypa\u010d dirbant sunkiomis darbo s\u0105lygomis. Naudojamos med\u017eiagos turi b\u016bti atsparios dilimui ir nuovargiui, u\u017etikrinant ilgalaik\u012f veikim\u0105 be da\u017eno keitimo. Reguliarus cilindro b\u016bkl\u0117s vertinimas pad\u0117s anksti nustatyti bet kok\u012f susid\u0117v\u0117jim\u0105.<\/p>\n<h3>Saugumas<\/h3>\n<p>Siekiant i\u0161vengti nelaiming\u0173 atsitikim\u0173 ir u\u017etikrinti operatoriaus saug\u0105, projekte turi b\u016bti \u012fdiegtos saugos priemon\u0117s. Tai apima tokias funkcijas kaip sl\u0117gio ma\u017einimo vo\u017etuvai ir saugos fiksavimo mechanizmai, kurie apsaugo \u012frang\u0105 ir personal\u0105 eksploatacijos metu.<\/p>\n<h3>Prieinamumas prie prie\u017ei\u016bros<\/h3>\n<p>\u012erengiant \u012frang\u0105 taip, kad b\u016bt\u0173 lengva j\u0105 pri\u017ei\u016br\u0117ti ir pri\u017ei\u016br\u0117ti, hidraulin\u012f cilindr\u0105 lengva ap\u017ei\u016br\u0117ti ir pri\u017ei\u016br\u0117ti. \u0160is projektavimo aspektas palengvins \u012fprastinius patikrinimus ir suma\u017eins prastovas remonto metu, u\u017etikrindamas, kad \u012franga i\u0161likt\u0173 veikianti.<\/p>\n<p><img decoding=\"async\" src=\"https:\/\/www.hydraulic-cylinders.net\/wp-content\/uploads\/2025\/04\/songte-oil-pipes-and-spare-parts.webp\" alt=\"Hidraulini\u0173 cilindr\u0173 dalys\" \/><\/p>\n<h2>Sandarinimas ir tepimas<\/h2>\n<p>Tinkamas sandarinimas ir tepimas yra esminiai efektyvaus hidraulini\u0173 cilindr\u0173 veikimo veiksniai. Siekiant i\u0161vengti nuot\u0117ki\u0173 ir palaikyti sl\u0117g\u012f, naudojami \u012fvair\u016bs sandarikliai, pavyzd\u017eiui, st\u016bmokli\u0173 ir stryp\u0173 sandarikliai. I\u0161 patvari\u0173 med\u017eiag\u0173, toki\u0173 kaip poliuretanas ir nitrilo kau\u010diukas, pagaminti sandarikliai yra atspar\u016bs dilimui ir ilgaam\u017eiai.<\/p>\n<p>Cilindro korpusas ir srieginiai galai yra tiksliai apdirbami, siekiant padidinti atsparum\u0105 dilimui ir u\u017etikrinti ilg\u0105 tarnavimo laik\u0105. Norint u\u017etikrinti skland\u0173 veikim\u0105 ir i\u0161vengti vidini\u0173 komponent\u0173 susid\u0117v\u0117jimo, b\u016btina reguliariai tepti hidrauline alyva. Labai svarbu nustatyti hidraulinio skys\u010dio tikrinimo ir papildymo rutin\u0105, kad cilindras tarnaut\u0173 ilgiau.<\/p>\n<h2>Reguliarus patikrinimas ir prevencin\u0117 prie\u017ei\u016bra<\/h2>\n<ul>\n<li><strong>Planiniai patikrinimai:<\/strong> Reguliar\u016bs patikrinimai padeda nustatyti galimas problemas, kol jos netapo rimtomis. Patikrinkite, ar n\u0117ra nuot\u0117ki\u0173, susid\u0117v\u0117jimo ir kit\u0173 pa\u017eeidim\u0173 po\u017eymi\u0173, kad u\u017etikrintum\u0117te nuolatin\u012f veikim\u0105.<\/li>\n<li><strong>Tinkamas tepimas:<\/strong> U\u017etikrinkite, kad hidraulin\u0117je sistemoje b\u016bt\u0173 palaikomas tinkamas alyvos lygis. Tinkamas tepimas suma\u017eina judan\u010di\u0173 dali\u0173 trint\u012f ir susid\u0117v\u0117jim\u0105, taip pailgindamas cilindro tarnavimo laik\u0105.<\/li>\n<li><strong>Sandariklio keitimas:<\/strong> Laikui b\u0117gant, sandarikliai gali susid\u0117v\u0117ti ir prarasti efektyvum\u0105. Reguliariai tikrinkite sandariklius, ar n\u0117ra nusid\u0117v\u0117jimo po\u017eymi\u0173, ir prireikus juos pakeiskite, kad i\u0161vengtum\u0117te hidraulinio skys\u010dio nuot\u0117kio.<\/li>\n<\/ul>\n<h2>\u012erengimo gair\u0117s<\/h2>\n<p>Tinkamas str\u0117l\u0117s cilindro montavimas yra labai svarbus optimaliam veikimui. Pirmiausia \u012fsitikinkite, kad visi tvirtinimo pavir\u0161iai yra \u0161var\u016bs ir be \u0161iuk\u0161li\u0173. Tinkamai sulygiuokite cilindr\u0105 su mechanizmu, kad i\u0161vengtum\u0117te nesuderinamumo, kuris gali sukelti prie\u0161laikin\u012f susid\u0117v\u0117jim\u0105 ar gedim\u0105.<\/p>\n<p>Cilindrui pritvirtinti naudokite atitinkamus tvirtinimo laikiklius ir \u012fsitikinkite, kad jis tvirtai pritvirtintas. Patikrinkite, ar visi var\u017etai ir jungtys priver\u017etos pagal gamintojo specifikacijas. Sumontavus, i\u0161leiskite or\u0105 i\u0161 hidraulin\u0117s sistemos, kad pa\u0161alintum\u0117te vis\u0105 joje esant\u012f or\u0105, ir cilindras nuo pat prad\u017ei\u0173 veiks tinkamai.<\/p>\n<p>Po \u012frengimo atlikite i\u0161samius veikimo bandymus, kad \u012fsitikintum\u0117te, jog cilindras veikia taip, kaip numatyta. Steb\u0117kite, ar n\u0117ra ne\u012fprast\u0173 gars\u0173 ar judesi\u0173, kurie gali rodyti \u012frengimo problemas.<\/p>\n<h2>\u012eprastos prie\u017ei\u016bros u\u017eduotys<\/h2>\n<h3>\u012eprastiniai patikrinimai<\/h3>\n<p>Reguliar\u016bs patikrinimai yra labai svarb\u016bs norint nustatyti str\u0117l\u0117s cilindro susid\u0117v\u0117jimo ar galimo gedimo po\u017eymius. Reguliar\u016bs patikrinimai padeda u\u017etikrinti, kad \u012franga veikt\u0173 ir b\u016bt\u0173 saugi naudoti. Patikrinkite, ar n\u0117ra nuot\u0117ki\u0173 aplink sandariklius, cilindro konstrukcijos vientisum\u0105 ir \u012fsitikinkite, kad visi komponentai veikia tinkamai.<\/p>\n<h3>Tinkamas tepimas<\/h3>\n<p>Tinkamas tepimas yra b\u016btinas norint suma\u017einti trint\u012f ir dilim\u0105 hidraulin\u0117je sistemoje. Reguliariai tikrinkite ir papildykite hidraulinio skys\u010dio lyg\u012f, kad palaikytum\u0117te optimal\u0173 na\u0161um\u0105. Laikykit\u0117s gamintojo nurodym\u0173 d\u0117l skys\u010di\u0173 tip\u0173, kad u\u017etikrintum\u0117te suderinamum\u0105 ir efektyvum\u0105.<\/p>\n<h3>Tarpikli\u0173 keitimas ir kalibravimo patikrinimai<\/h3>\n<p>Tarpikliai tur\u0117t\u0173 b\u016bti kei\u010diami atliekant \u012fprastin\u0119 technin\u0119 prie\u017ei\u016br\u0105, siekiant i\u0161vengti nuot\u0117ki\u0173. Be to, kalibravimo patikrinimai u\u017etikrina, kad hidraulin\u0117 sistema veikt\u0173 pagal gamintojo nurodytus parametrus. Tinkamas suderinimas ir reguliavimas kalibravimo metu padidins hidraulinio cilindro efektyvum\u0105 ir ilgaam\u017ei\u0161kum\u0105.<\/p>\n<p><img decoding=\"async\" src=\"https:\/\/www.hydraulic-cylinders.net\/wp-content\/uploads\/2025\/04\/songte-chushion-collar.webp\" alt=\"Pagalv\u0117l\u0117s apykakl\u0117\" \/><\/p>\n<h2>Saugos ir aplinkosaugos aspektai<\/h2>\n<p>Dirbant su hidraulin\u0117mis sistemomis, saugos priemon\u0117s yra nepaprastai svarbios. Tinkamas hidraulini\u0173 cilindr\u0173 valdymas ir montavimas suma\u017eina nelaiming\u0173 atsitikim\u0173 rizik\u0105. Operatoriai tur\u0117t\u0173 b\u016bti apmokyti atpa\u017einti pavojus ir \u012fgyvendinti saugos protokolus, kad apsaugot\u0173 save ir \u012frang\u0105.<\/p>\n<p>Aplinkosaugos aspektai apima tinkam\u0105 hidraulini\u0173 skys\u010di\u0173 ir pa\u017eeist\u0173 komponent\u0173 \u0161alinim\u0105. Laikantis \u0161alinimo taisykli\u0173 ir gairi\u0173, suma\u017einama aplinkos u\u017eter\u0161imo rizika.<\/p>\n<h2>Trik\u010di\u0173 \u0161alinimas ir da\u017eniausiai pasitaikan\u010dios problemos<\/h2>\n<ul>\n<li><strong>Hidraulini\u0173 skys\u010di\u0173 nuot\u0117kiai:<\/strong> Patikrinkite, ar sandarikliai ir jungtys nepa\u017eeisti ir ar n\u0117ra susid\u0117v\u0117jimo. Prireikus pakeiskite sandariklius, kad i\u0161vengtum\u0117te tolesni\u0173 nuot\u0117ki\u0173.<\/li>\n<li><strong>Nenuoseklus cilindro veikimas:<\/strong> Tai gali rodyti hidraulinio skys\u010dio lygio problemas arba sistemoje esant\u012f or\u0105. \u012esitikinkite, kad skys\u010dio lygis yra tinkamas, ir prireikus i\u0161leiskite i\u0161 sistemos or\u0105.<\/li>\n<li><strong>Keisti garsai:<\/strong> Ne\u012fprasti garsai veikimo metu gali reik\u0161ti mechanines problemas. Patikrinkite, ar n\u0117ra atsilaisvinusi\u0173 komponent\u0173 ar sugedusi\u0173 sandarikli\u0173, ir nedelsdami juos pa\u0161alinkite, kad i\u0161vengtum\u0117te tolesn\u0117s \u017ealos.<\/li>\n<\/ul>\n<h2>Trik\u010di\u0173 \u0161alinimo patarimai<\/h2>\n<p>Norint efektyviai diagnozuoti ir i\u0161spr\u0119sti problemas, veskite technin\u0117s prie\u017ei\u016bros \u017eurnal\u0105, kuriame i\u0161samiai apra\u0161ytos visos i\u0161kilusios problemos ir atlikti veiksmai. Reguliar\u016bs operatori\u0173 mokymai, kaip atpa\u017einti ir spr\u0119sti galimas problemas, gali pad\u0117ti i\u0161vengti nedideli\u0173 problem\u0173 eskalavimo. Prevencin\u0117s prie\u017ei\u016bros grafiko \u012fgyvendinimas taip pat pad\u0117s suma\u017einti prastovas ir pailginti \u012frangos tarnavimo laik\u0105.<\/p>\n<p><img decoding=\"async\" src=\"https:\/\/www.hydraulic-cylinders.net\/wp-content\/uploads\/2025\/04\/songte-bushings-with-all-kinds-of-excavator-models.webp\" alt=\"\u012evor\u0117s\" \/><\/p>\n<h2>Apie m\u016bs\u0173 \u012fmon\u0119<\/h2>\n<p>Esame pirmaujanti hidraulini\u0173 cilindr\u0173 gamintoja ir didmenin\u0117 platintoja, si\u016blanti plat\u0173 gamini\u0173 asortiment\u0105, atitinkant\u012f \u012fvairius pramon\u0117s poreikius. M\u016bs\u0173 \u012fsipareigojimas siekti meistri\u0161kumo atsispindi pa\u017eangiose gamybos strategijose, kurias palaiko kvalifikuotas techninis personalas ir auk\u0161t\u0173j\u0173 technologij\u0173 skaitmenin\u0117 gamybos \u012franga. Nuolat geriname savo gamybos paj\u0117gumus ir gamini\u0173 kokyb\u0119 diegdami grie\u017etas kokyb\u0117s kontrol\u0117s sistemas.<\/p>\n<p>M\u016bs\u0173 \u012fmon\u0117 yra pripa\u017einta d\u0117l savo specializacijos hidraulini\u0173 cilindr\u0173 srityje, tarptautini\u0173 sertifikat\u0173 laikymosi ir individualiai pritaikyt\u0173 sprendim\u0173, atitinkan\u010di\u0173 klient\u0173 reikalavimus. Mes pabr\u0117\u017eiame garantinio aptarnavimo svarb\u0105, u\u017etikrindami, kad m\u016bs\u0173 klientai gaut\u0173 nuolatin\u0119 pagalb\u0105 d\u0117l savo produkt\u0173.<\/p>\n<p><img decoding=\"async\" src=\"https:\/\/www.hydraulic-cylinders.net\/wp-content\/uploads\/2025\/04\/songte-company-4.webp\" alt=\"\u012emon\u0117s ap\u017evalga\" \/><br \/>\n<img decoding=\"async\" src=\"https:\/\/www.hydraulic-cylinders.net\/wp-content\/uploads\/2025\/04\/songte-company-3.webp\" alt=\"\u012emon\u0117s gamyba\" \/><\/p>\n<p>Autorius: lyl<\/p>","protected":false},"excerpt":{"rendered":"<p>Boom Cylinder For SDLG Middle Excavator LG6250E Product Overview The Boom Cylinder for SDLG Middle Excavator LG6250E is a crucial component designed to control the movement of the excavator&#8217;s boom. These hydraulic cylinders play a significant role in heavy machinery such as excavators, backhoes, and front loaders, enabling the lifting, lowering, and tilting of the [&hellip;]<\/p>","protected":false},"featured_media":17879,"comment_status":"open","ping_status":"closed","template":"","meta":{"_et_pb_use_builder":"","_et_pb_old_content":"","_et_gb_content_width":""},"product_brand":[],"product_cat":[1546],"product_tag":[1547,1496],"class_list":{"0":"post-19374","1":"product","2":"type-product","3":"status-publish","4":"has-post-thumbnail","6":"product_cat-boom-cylinders","7":"product_tag-boom-cylinders","8":"product_tag-hydraulic-cylinders","10":"first","11":"instock","12":"shipping-taxable","13":"product-type-simple"},"amp_enabled":true,"_links":{"self":[{"href":"https:\/\/www.hydraulic-cylinders.net\/lt\/wp-json\/wp\/v2\/product\/19374","targetHints":{"allow":["GET"]}}],"collection":[{"href":"https:\/\/www.hydraulic-cylinders.net\/lt\/wp-json\/wp\/v2\/product"}],"about":[{"href":"https:\/\/www.hydraulic-cylinders.net\/lt\/wp-json\/wp\/v2\/types\/product"}],"replies":[{"embeddable":true,"href":"https:\/\/www.hydraulic-cylinders.net\/lt\/wp-json\/wp\/v2\/comments?post=19374"}],"wp:featuredmedia":[{"embeddable":true,"href":"https:\/\/www.hydraulic-cylinders.net\/lt\/wp-json\/wp\/v2\/media\/17879"}],"wp:attachment":[{"href":"https:\/\/www.hydraulic-cylinders.net\/lt\/wp-json\/wp\/v2\/media?parent=19374"}],"wp:term":[{"taxonomy":"product_brand","embeddable":true,"href":"https:\/\/www.hydraulic-cylinders.net\/lt\/wp-json\/wp\/v2\/product_brand?post=19374"},{"taxonomy":"product_cat","embeddable":true,"href":"https:\/\/www.hydraulic-cylinders.net\/lt\/wp-json\/wp\/v2\/product_cat?post=19374"},{"taxonomy":"product_tag","embeddable":true,"href":"https:\/\/www.hydraulic-cylinders.net\/lt\/wp-json\/wp\/v2\/product_tag?post=19374"}],"curies":[{"name":"wp","href":"https:\/\/api.w.org\/{rel}","templated":true}]}}