{"id":19385,"date":"2025-04-07T06:31:35","date_gmt":"2025-04-07T06:31:35","guid":{"rendered":"https:\/\/www.hydraulic-cylinders.net\/product\/boom-cylinder-for-jcm-small-excavator-906d\/"},"modified":"2025-04-07T06:31:38","modified_gmt":"2025-04-07T06:31:38","slug":"boom-cylinder-for-jcm-small-excavator-906d","status":"publish","type":"product","link":"https:\/\/www.hydraulic-cylinders.net\/lt\/produktas\/boom-cylinder-for-jcm-small-excavator-906d\/","title":{"rendered":"JCM ma\u017eo ekskavatoriaus 906D str\u0117l\u0117s cilindras"},"content":{"rendered":"<h1>JCM ma\u017eo ekskavatoriaus 906D str\u0117l\u0117s cilindras<\/h1>\n<h2>\u012evadas \u012f str\u0117l\u0117s cilindrus<\/h2>\n<p>Str\u0117l\u0117s cilindras, dar \u017einomas kaip kau\u0161o cilindras, yra labai svarbus hidraulini\u0173 sistem\u0173, naudojam\u0173 \u012fvairiose sunkiosiose ma\u0161inose, tokiose kaip ekskavatoriai, ekskavatoriai ir frontaliniai krautuvai, komponentas. \u0160ie hidrauliniai cilindrai skirti valdyti kau\u0161o jud\u0117jim\u0105, leid\u017eiant jam kelti, nuleisti ir pakreipti. \u0160i funkcija yra b\u016btina atliekant med\u017eiag\u0173 tvarkymo u\u017eduotis, leid\u017eianti operatoriams efektyviai kasti, krauti ir transportuoti med\u017eiagas. Str\u0117l\u0117s cilindro vaidmens hidraulin\u0117se sistemose negalima pervertinti, nes jis tiesiogiai veikia sunkiosios technikos, naudojamos statybose ir \u017eem\u0117s \u016bkyje, na\u0161um\u0105 ir efektyvum\u0105.<\/p>\n<p><img decoding=\"async\" src=\"https:\/\/www.hydraulic-cylinders.net\/wp-content\/uploads\/2025\/04\/songte-company-1.webp\" alt=\"Str\u0117l\u0117s cilindras\" \/><\/p>\n<h2>Str\u0117l\u0117s cilindro savyb\u0117s<\/h2>\n<h3>1. Didelis stiprumas ir ilgaam\u017ei\u0161kumas<\/h3>\n<p>Paprastai \u0161ie cilindrai, pagaminti i\u0161 didelio stiprumo plieno arba aliuminio, yra skirti atlaikyti auk\u0161t\u0105 sl\u0117g\u012f ir dideles apkrovas. D\u0117l tvirtos konstrukcijos jie tinka at\u0161iaurioms darbo aplinkoms, o j\u0173 konstrukcijos atsparios dilimui ir korozijai prailgina j\u0173 tarnavimo laik\u0105.<\/p>\n<h3>2. Efektyvus hidraulinis valdymas<\/h3>\n<p>Str\u0117l\u0117s cilindras naudoja hidraulin\u0117s alyvos sl\u0117g\u012f, kad str\u0117l\u0117 skland\u017eiai i\u0161skleist\u0173 ir atitraukt\u0173 str\u0117l\u0119, taip greitai reaguodamas \u012f operatoriaus komandas. \u0160i savyb\u0117 suteikia didel\u0119 st\u016bmimo ir traukimo j\u0117g\u0105, tod\u0117l ji idealiai tinka sunkiems daiktams tvarkyti ir sud\u0117tingoms operacijoms atlikti.<\/p>\n<h3>3. Tip\u0173 \u012fvairov\u0117<\/h3>\n<p>\u0160iuos cilindrus galima pasirinkti atsi\u017evelgiant \u012f eksploatacinius poreikius, pasirenkant vienpusio veikimo (hidraulinis sl\u0117gis taikomas viena kryptimi) arba dvipusio veikimo (hidraulinis sl\u0117gis taikomas abiem kryptimis) konfig\u016bracijas. Kai kurie modeliai pasi\u017eymi teleskopin\u0117mis konstrukcijomis, kurios leid\u017eia didesn\u012f i\u0161pl\u0117tim\u0105 nedidinant i\u0161orini\u0173 matmen\u0173, tod\u0117l jie puikiai tinka naudoti ribotoje erdv\u0117je.<\/p>\n<h3>4. Individuali gamyba<\/h3>\n<p>Specializuojam\u0117s str\u0117l\u0117s cilindr\u0173 gamyboje, si\u016blydami puikius \u012fvairi\u0173 hidraulini\u0173 cilindr\u0173, naudojam\u0173 skirtinguose ekskavatori\u0173 modeliuose, pakaitalus.<\/p>\n<p><img decoding=\"async\" src=\"https:\/\/www.hydraulic-cylinders.net\/wp-content\/uploads\/2025\/04\/songte-cylinder-head-with-all-kinds-excavator-models.webp\" alt=\"Ekskavatori\u0173 modeliai\" \/><\/p>\n<h3>5. Universalios programos<\/h3>\n<p>\u0160ie cilindrai yra pla\u010diai naudojami \u012fvairiose pramon\u0117s \u0161akose, \u012fskaitant:<\/p>\n<ul>\n<li><strong>Statybin\u0117 \u012franga:<\/strong> Ekskavatoriuose str\u0117l\u0117s cilindrai yra labai svarb\u016bs kasant, kraunant ir perkeliant grunt\u0105 ar \u0161iuk\u0161les. Ekskavatoriuose jie palengvina tiek kasimo, tiek k\u0117limo operacijas, padidindami na\u0161um\u0105 darbo vietose.<\/li>\n<li><strong>\u017dem\u0117s \u016bkio technika:<\/strong> Priekiniuose krautuvuose naudojami str\u0117l\u0117s cilindrai padeda semti, kelti ir transportuoti dirvo\u017eem\u012f, \u0161ien\u0105 ir kitas \u017eem\u0117s \u016bkio procesams b\u016btinas med\u017eiagas.<\/li>\n<li><strong>Ekskavatoriai:<\/strong> Str\u0117l\u0117s cilindras leid\u017eia kau\u0161ui efektyviai \u012fsiskverbti \u012f \u017eem\u0119, tod\u0117l operatoriai gali efektyviai kasti.<\/li>\n<li><strong>Krautuvai:<\/strong> Priekiniuose krautuvuose str\u0117l\u0117s cilindrai padeda pakelti ir i\u0161versti krovinius, u\u017etikrindami efektyv\u0173 med\u017eiag\u0173 tvarkym\u0105.<\/li>\n<\/ul>\n<h2>Projektavimo aspektai ir atrankos kriterijai<\/h2>\n<h3>Keliamoji galia<\/h3>\n<p>Str\u0117l\u0117s cilindro keliamoji galia yra labai svarbus jo konstrukcijos veiksnys. Jis turi b\u016bti suprojektuotas taip, kad atlaikyt\u0173 maksimal\u0173 svor\u012f, su kuriuo jis gali susidurti eksploatacijos metu. Perkrova gali sukelti mechaninius gedimus, kelian\u010dius pavoj\u0173 saugai ir \u012frangos pa\u017eeidimus. Tinkami skai\u010diavimai ir med\u017eiag\u0173 parinkimas u\u017etikrina, kad cilindras efektyviai veikt\u0173 esant numatomoms apkrovoms.<\/p>\n<h3>Sandarinimo efektyvumas<\/h3>\n<p>Sandarinimas yra gyvybi\u0161kai svarbus norint i\u0161laikyti hidraulinio skys\u010dio vientisum\u0105 ir i\u0161vengti nuot\u0117kio. Auk\u0161tos kokyb\u0117s sandarikliai, tokie kaip st\u016bmokli\u0173 ir kot\u0173 sandarikliai, yra b\u016btini optimaliam veikimui. Med\u017eiag\u0173, toki\u0173 kaip poliuretanas arba nitrilo kau\u010diukas, pasirinkimas padidina patvarum\u0105 ir atsparum\u0105 dilimui, u\u017etikrindamas ilgalaik\u012f patikimum\u0105.<\/p>\n<h3>Patvarumas<\/h3>\n<p>Projektuojant str\u0117l\u0117s cilindrus, svarbus aspektas yra ilgaam\u017ei\u0161kumas. Jie turi b\u016bti atspar\u016bs nusid\u0117v\u0117jimui d\u0117l nuolatinio jud\u0117jimo ir at\u0161iauri\u0173 aplinkos s\u0105lyg\u0173. Pavir\u0161iaus apdorojimas ir apsaugin\u0117s dangos gali pagerinti \u0161i\u0173 komponent\u0173 ilgaam\u017ei\u0161kum\u0105, suma\u017einti prie\u017ei\u016bros poreik\u012f ir pailginti tarnavimo laik\u0105.<\/p>\n<h3>Saugos funkcijos<\/h3>\n<p>Saugumas hidraulin\u0117se sistemose yra svarbiausias dalykas. Str\u0117l\u0117s cilindruose tur\u0117t\u0173 b\u016bti saugos priemon\u0117s, skirtos i\u0161vengti nelaiming\u0173 atsitikim\u0173, pavyzd\u017eiui, sl\u0117gio ma\u017einimo vo\u017etuvai ir tvirtos konstrukcijos, atlaikan\u010dios netik\u0117tas apkrovas. Grie\u017eti bandymai ir sertifikavimas u\u017etikrina atitikt\u012f saugos standartams.<\/p>\n<h3>Prieinamumas prie prie\u017ei\u016bros<\/h3>\n<p>Projektuojant str\u0117l\u0117s cilindrus atsi\u017evelgiant \u012f technin\u0119 prie\u017ei\u016br\u0105, galima reguliariai juos ap\u017ei\u016br\u0117ti ir remontuoti. Lengvai prieinami komponentai leid\u017eia efektyviai atlikti technin\u0119 prie\u017ei\u016br\u0105, suma\u017einti prastovas ir u\u017etikrinti, kad \u012franga veikt\u0173 tinkamai. Gerai suplanuota technin\u0117s prie\u017ei\u016bros strategija gali \u017eymiai pailginti cilindr\u0173 tarnavimo laik\u0105.<\/p>\n<p><img decoding=\"async\" src=\"https:\/\/www.hydraulic-cylinders.net\/wp-content\/uploads\/2025\/04\/songte-oil-pipes-and-spare-parts.webp\" alt=\"Naftos vamzd\u017eiai ir atsargin\u0117s dalys\" \/><\/p>\n<h2>Sandarinimas ir tepimas<\/h2>\n<p>Efektyvus sandarinimas ir tepimas yra labai svarb\u016bs str\u0117l\u0117s cilindr\u0173 veikimui. \u012evair\u016bs sandarinimo komponentai, tokie kaip st\u016bmokli\u0173 ir stryp\u0173 sandarikliai, apsaugo nuo hidraulinio skys\u010dio nuot\u0117kio ir palaiko sl\u0117g\u012f. Sandarikliai, pagaminti i\u0161 patvari\u0173 med\u017eiag\u0173, toki\u0173 kaip poliuretanas ir nitrilo kau\u010diukas, padidina atsparum\u0105 dilimui ir aplinkos poveikiui.<\/p>\n<p>Be to, cilindro korpusas ir srieginiai pavir\u0161iai tur\u0117t\u0173 b\u016bti kruop\u0161\u010diai apdirbti, siekiant pagerinti atsparum\u0105 dilimui. Reguliarus tepimas tinkama hidrauline alyva u\u017etikrina skland\u0173 veikim\u0105 ir apsaugo nuo trinties sukelto dilimo. Tinkamas tepimo lygio palaikymas yra b\u016btinas cilindr\u0173 ilgaam\u017ei\u0161kumui.<\/p>\n<h2>Prevencin\u0117s prie\u017ei\u016bros priemon\u0117s<\/h2>\n<ul>\n<li><strong>Reguliar\u016bs patikrinimai:<\/strong> Reguliariai atliekami patikrinimai yra b\u016btini norint nustatyti bet kokius susid\u0117v\u0117jimo ar pa\u017eeidimo po\u017eymius. Operatoriai tur\u0117t\u0173 vizualiai patikrinti cilindr\u0105, ar n\u0117ra nuot\u0117ki\u0173, \u012ftr\u016bkim\u0173 ir kit\u0173 problem\u0173.<\/li>\n<li><strong>Tepimas:<\/strong> Tinkamas hidraulin\u0117s alyvos lygis ir tinkamas vis\u0173 judan\u010di\u0173 dali\u0173 sutepimas suma\u017eina trint\u012f ir susid\u0117v\u0117jim\u0105, pailgindami cilindro tarnavimo laik\u0105.<\/li>\n<li><strong>Sandariklio keitimas:<\/strong> Reguliariai tikrinant ir kei\u010diant susid\u0117v\u0117jusius sandariklius, i\u0161vengiama skys\u010di\u0173 nuot\u0117kio ir palaikomas sistemos efektyvumas, u\u017etikrinant optimal\u0173 veikim\u0105.<\/li>\n<\/ul>\n<h2>\u012erengimo gair\u0117s<\/h2>\n<p>Tinkamas str\u0117l\u0117s cilindro montavimas yra labai svarbus jo veikimui. \u0160tai pagrindiniai \u017eingsniai, kuri\u0173 reikia laikytis:<\/p>\n<ol>\n<li><strong>Paruo\u0161imas:<\/strong> \u012esitikinkite, kad visi \u012frankiai ir med\u017eiagos yra paruo\u0161ti. Patikrinkite, ar pakaitinis cilindras atitinka esamo cilindro specifikacijas.<\/li>\n<li><strong>Lygiavimas:<\/strong> Tinkamai sulygiuokite cilindr\u0105 su mechanizmo tvirtinimo ta\u0161kais. Neteisingas sulygiavimas gali sukelti prie\u0161laikin\u012f susid\u0117v\u0117jim\u0105 ir gedim\u0105.<\/li>\n<li><strong>Montavimas:<\/strong> Cilindrui pritvirtinti naudokite tinkamus tvirtinimo laikiklius. \u012esitikinkite, kad var\u017etai ir tvirtinimo detal\u0117s priver\u017eti pagal rekomenduojamus sukimo momentus.<\/li>\n<li><strong>Hidraulin\u0117s jungtys:<\/strong> Prijunkite hidraulines \u017earnas, u\u017etikrindami, kad neb\u016bt\u0173 joki\u0173 sulenkim\u0173 ar kli\u016b\u010di\u0173, kurios gal\u0117t\u0173 trukdyti skys\u010dio tek\u0117jimui.<\/li>\n<li><strong>Testavimas:<\/strong> \u012edieg\u0119 cilindr\u0105, atlikite bandom\u0105j\u012f paleidim\u0105, kad \u012fsitikintum\u0117te, jog jis veikia skland\u017eiai ir n\u0117ra nuot\u0117ki\u0173.<\/li>\n<\/ol>\n<h2>Prie\u017ei\u016bros u\u017eduotys<\/h2>\n<h3>1. Reguliar\u016bs patikrinimai<\/h3>\n<p>Reguliar\u016bs patikrinimai padeda anksti aptikti susid\u0117v\u0117jimo ir galim\u0173 gedim\u0173 po\u017eymius. Patikrinkite cilindr\u0105, ar n\u0117ra matom\u0173 pa\u017eeidim\u0173, toki\u0173 kaip \u012ftr\u016bkimai ar nuot\u0117kiai. Greitas problem\u0173 sprendimas gali pad\u0117ti i\u0161vengti rimtesni\u0173 problem\u0173 ir brangaus remonto.<\/p>\n<h3>2. Tinkamas tepimas<\/h3>\n<p>Tinkamas tepimas yra b\u016btinas skland\u017eiam cilindro veikimui. Reguliariai tikrinkite hidraulin\u0117s alyvos lyg\u012f ir \u012fsitikinkite, kad visos judan\u010dios dalys yra tinkamai suteptos. Tinkamas tepimas suma\u017eina trint\u012f ir pailgina cilindro tarnavimo laik\u0105.<\/p>\n<h3>3. Sandariklio keitimas<\/h3>\n<p>Sandarikliai atlieka gyvybi\u0161kai svarb\u0173 vaidmen\u012f palaikant hidraulin\u012f sl\u0117g\u012f. Reguliariai tikrinkite, ar n\u0117ra susid\u0117v\u0117jimo, ir prireikus keiskite sandariklius. Veiksming\u0173 sandarikli\u0173 prie\u017ei\u016bra yra labai svarbi norint i\u0161vengti skys\u010di\u0173 nuot\u0117kio ir u\u017etikrinti optimal\u0173 na\u0161um\u0105.<\/p>\n<h2>Saugos aspektai ir aplinkos veiksniai<\/h2>\n<p>Eksploatuojant hidraulines sistemas, saugos priemon\u0117s yra nepaprastai svarbios. Operatoriai tur\u0117t\u0173 b\u016bti apmokyti, kaip saugiai elgtis su \u012franga ir kaip svarbu laikytis eksploatavimo nurodym\u0173. Tinkamai pri\u017ei\u016brimi cilindrai suma\u017eina nelaiming\u0173 atsitikim\u0173 ir \u012frangos gedim\u0173 rizik\u0105. Be to, reik\u0117t\u0173 atsi\u017evelgti \u012f aplinkai nekenksming\u0105 praktik\u0105, \u012fskaitant atsaking\u0105 hidraulini\u0173 skys\u010di\u0173 ir panaudot\u0173 komponent\u0173 utilizavim\u0105, siekiant suma\u017einti poveik\u012f aplinkai.<\/p>\n<h2>Gedim\u0173 diagnostika ir da\u017eniausios problemos<\/h2>\n<ul>\n<li><strong>Nuot\u0117kis:<\/strong> Da\u017ena problema da\u017enai rodo susid\u0117v\u0117jusius sandariklius arba pa\u017eeistus cilindr\u0173 korpusus. Patikrinkite sandariklius ir prireikus juos pakeiskite.<\/li>\n<li><strong>Suma\u017eintas na\u0161umas:<\/strong> Jei str\u0117l\u0117s cilindras veikia l\u0117tai arba neefektyviai, tai gali rodyti \u017eem\u0105 hidraulinio skys\u010dio lyg\u012f arba or\u0105 sistemoje. Patikrinkite skys\u010dio lyg\u012f ir prireikus i\u0161leiskite i\u0161 sistemos or\u0105.<\/li>\n<li><strong>Ne\u012fprasti garsai:<\/strong> \u010ciurks\u0117jimas ar bildesys gali reik\u0161ti mechanines problemas. Patikrinkite, ar n\u0117ra atsilaisvinusi\u0173 komponent\u0173 ar vidini\u0173 pa\u017eeidim\u0173.<\/li>\n<\/ul>\n<h2>Trik\u010di\u0173 \u0161alinimo patarimai<\/h2>\n<p>Nor\u0117dami efektyviai diagnozuoti ir i\u0161spr\u0119sti str\u0117l\u0117s cilindro problemas, laikykit\u0117s \u0161i\u0173 patarim\u0173:<\/p>\n<ul>\n<li>Reguliariai steb\u0117kite na\u0161um\u0105 ir atlikite patikrinimus, kad laiku pasteb\u0117tum\u0117te problemas.<\/li>\n<li>Tiksliai registruokite technin\u0117s prie\u017ei\u016bros veikl\u0105, kad nustatytum\u0117te pasikartojan\u010dias problemas ar tendencijas.<\/li>\n<li>\u012egyvendinkite prevencines priemones, kad suma\u017eintum\u0117te problem\u0173 tikimyb\u0119, pavyzd\u017eiui, tinkam\u0105 tepim\u0105 ir savalaik\u012f sandarikli\u0173 keitim\u0105.<\/li>\n<\/ul>\n<p><img decoding=\"async\" src=\"https:\/\/www.hydraulic-cylinders.net\/wp-content\/uploads\/2025\/04\/songte-bushings-with-all-kinds-of-excavator-models.webp\" alt=\"Ekskavatoriaus \u012fvor\u0117s\" \/><\/p>\n<h2>Apie m\u016bs\u0173 \u012fmon\u0119<\/h2>\n<p>Esame pirmaujantis atsargini\u0173 hidraulini\u0173 cilindr\u0173 gamintojas ir didmeninis platintojas, pripa\u017eintas vidaus ir tarptautin\u0117se rinkose. M\u016bs\u0173 \u012fsipareigojim\u0105 siekti meistri\u0161kumo atspindi platus gamini\u0173 asortimentas ir auk\u0161t\u0173 kokyb\u0117s gamybos standart\u0173 laikymasis.<\/p>\n<p>Taikydami kruop\u0161\u010diai suderint\u0105 gamybos valdymo strategij\u0105, pasitelkiame kvalifikuotus specialistus, pa\u017eangi\u0105 skaitmenin\u0119 gamybos \u012frang\u0105 ir specializuotas testavimo sistemas, kad patobulintume savo gamybos procesus. M\u016bs\u0173 tvirti paj\u0117gumai u\u017etikrina, kad galime patenkinti \u012fvairius klient\u0173 poreikius dideliu efektyvumu, tikslumu ir kokybe.<\/p>\n<p>Be to, si\u016blome individualius sprendimus, tarptautinius sertifikatus ir i\u0161skirtin\u012f aptarnavim\u0105 po pardavimo, kad u\u017etikrintume klient\u0173 pasitenkinim\u0105.<\/p>\n<p><img decoding=\"async\" src=\"https:\/\/www.hydraulic-cylinders.net\/wp-content\/uploads\/2025\/04\/songte-company-4.webp\" alt=\"\u012emon\u0117s ap\u017evalga\" \/><br \/>\n<img decoding=\"async\" src=\"https:\/\/www.hydraulic-cylinders.net\/wp-content\/uploads\/2025\/04\/songte-company-3.webp\" alt=\"\u012emon\u0117s patalpos\" \/><\/p>\n<p>Autorius: lyl<\/p>","protected":false},"excerpt":{"rendered":"<p>Boom Cylinder For JCM Small Excavator 906D Introduction to Boom Cylinders The boom cylinder, also known as a bucket cylinder, is a critical component in hydraulic systems used in various heavy machinery, such as excavators, backhoes, and front loaders. These hydraulic cylinders are designed to control the movement of the bucket, allowing it to lift, [&hellip;]<\/p>","protected":false},"featured_media":17875,"comment_status":"open","ping_status":"closed","template":"","meta":{"_et_pb_use_builder":"","_et_pb_old_content":"","_et_gb_content_width":""},"product_brand":[],"product_cat":[1546],"product_tag":[1547,1496],"class_list":{"0":"post-19385","1":"product","2":"type-product","3":"status-publish","4":"has-post-thumbnail","6":"product_cat-boom-cylinders","7":"product_tag-boom-cylinders","8":"product_tag-hydraulic-cylinders","10":"first","11":"instock","12":"shipping-taxable","13":"product-type-simple"},"amp_enabled":true,"_links":{"self":[{"href":"https:\/\/www.hydraulic-cylinders.net\/lt\/wp-json\/wp\/v2\/product\/19385","targetHints":{"allow":["GET"]}}],"collection":[{"href":"https:\/\/www.hydraulic-cylinders.net\/lt\/wp-json\/wp\/v2\/product"}],"about":[{"href":"https:\/\/www.hydraulic-cylinders.net\/lt\/wp-json\/wp\/v2\/types\/product"}],"replies":[{"embeddable":true,"href":"https:\/\/www.hydraulic-cylinders.net\/lt\/wp-json\/wp\/v2\/comments?post=19385"}],"wp:featuredmedia":[{"embeddable":true,"href":"https:\/\/www.hydraulic-cylinders.net\/lt\/wp-json\/wp\/v2\/media\/17875"}],"wp:attachment":[{"href":"https:\/\/www.hydraulic-cylinders.net\/lt\/wp-json\/wp\/v2\/media?parent=19385"}],"wp:term":[{"taxonomy":"product_brand","embeddable":true,"href":"https:\/\/www.hydraulic-cylinders.net\/lt\/wp-json\/wp\/v2\/product_brand?post=19385"},{"taxonomy":"product_cat","embeddable":true,"href":"https:\/\/www.hydraulic-cylinders.net\/lt\/wp-json\/wp\/v2\/product_cat?post=19385"},{"taxonomy":"product_tag","embeddable":true,"href":"https:\/\/www.hydraulic-cylinders.net\/lt\/wp-json\/wp\/v2\/product_tag?post=19385"}],"curies":[{"name":"wp","href":"https:\/\/api.w.org\/{rel}","templated":true}]}}