{"id":19405,"date":"2025-04-07T06:32:44","date_gmt":"2025-04-07T06:32:44","guid":{"rendered":"https:\/\/www.hydraulic-cylinders.net\/product\/boom-cylinder-for-bobcat-small-excavator-e26\/"},"modified":"2025-04-07T06:32:52","modified_gmt":"2025-04-07T06:32:52","slug":"boom-cylinder-for-bobcat-small-excavator-e26","status":"publish","type":"product","link":"https:\/\/www.hydraulic-cylinders.net\/lt\/produktas\/boom-cylinder-for-bobcat-small-excavator-e26\/","title":{"rendered":"Str\u0117l\u0117s cilindras Bobcat ma\u017eam ekskavatoriui E26"},"content":{"rendered":"<h1>Str\u0117l\u0117s cilindras Bobcat ma\u017eam ekskavatoriui E26<\/h1>\n<h2>\u012evadas \u012f str\u0117l\u0117s cilindr\u0105<\/h2>\n<p>Specialiai ma\u017eam \u201eBobcat E26\u201c ekskavatoriui sukurtas str\u0117l\u0117s cilindras yra labai svarbus sunkiosios technikos hidraulini\u0173 sistem\u0173 komponentas. Tai hidraulinio cilindro tipas, kuris valdo str\u0117l\u0117s svirties jud\u0117jim\u0105, leisdamas jai i\u0161skleisti, susitraukti ir pasisukti. \u0160i galimyb\u0117 yra b\u016btina atliekant \u012fvairias med\u017eiag\u0173 tvarkymo u\u017eduotis, tokias kaip kasimas, k\u0117limas ir sunki\u0173 krovini\u0173 perk\u0117limas. Str\u0117l\u0117s cilindro veikimas priklauso nuo hidraulinio skys\u010dio, kuris sukuria reikiam\u0105 sl\u0117g\u012f, kad jud\u0117jimas b\u016bt\u0173 sklandus.<\/p>\n<p><img decoding=\"async\" src=\"https:\/\/www.hydraulic-cylinders.net\/wp-content\/uploads\/2025\/04\/songte-company-1.webp\" alt=\"Str\u0117l\u0117s cilindro vaizdas\"><\/p>\n<h3>Str\u0117l\u0117s cilindro apibr\u0117\u017eimas ir ap\u017evalga<\/h3>\n<p>Str\u0117l\u0117s cilindras yra hidraulinis cilindras, specialiai sukurtas sunkiosioms ma\u0161inoms, \u012fskaitant ekskavatorius, ekskavatorius ir frontalinius krautuvus. Jo vaidmuo \u2013 valdyti str\u0117l\u0117s judesius, kad priedas gal\u0117t\u0173 efektyviai kelti, nuleisti ir pakreipti. Str\u0117l\u0117s cilindro konstrukcijoje naudojamos tvirtos med\u017eiagos, kurios atlaiko auk\u0161t\u0105 sl\u0117g\u012f ir at\u0161iaurias darbo s\u0105lygas, u\u017etikrinant patikimum\u0105 ir ilgaam\u017ei\u0161kum\u0105. \u0160is hidraulinis komponentas yra neatsiejama \u012fvairi\u0173 statybos ir \u017eem\u0117s \u016bkio darb\u0173 dalis.<\/p>\n<h2>Str\u0117l\u0117s cilindro savyb\u0117s<\/h2>\n<ul>\n<li><strong>Didelis stiprumas ir ilgaam\u017ei\u0161kumas:<\/strong> Pagamintas i\u0161 didelio stiprumo plieno arba aliuminio, str\u0117l\u0117s cilindras gali atlaikyti didel\u012f sl\u0117g\u012f ir dideles apkrovas, tod\u0117l tinka naudoti at\u0161iauriomis s\u0105lygomis ir pailgina savo tarnavimo laik\u0105.<\/li>\n<li><strong>Efektyvus hidraulinis valdymas:<\/strong> Naudodamas hidraulin\u0117s alyvos sl\u0117g\u012f, jis u\u017etikrina skland\u0173 ir jautr\u0173 i\u0161pl\u0117tim\u0105 bei atitraukim\u0105, sukurdamas galingas st\u016bmimo ir traukimo j\u0117gas, idealiai tinkan\u010dias sunkioms ir sud\u0117tingoms u\u017eduotims.<\/li>\n<li><strong>\u012evair\u016bs tipai:<\/strong> Galima \u012fsigyti vienpusio veikimo (hidraulin\u012f sl\u0117g\u012f naudojant viena kryptimi) arba dvipusio veikimo (hidraulin\u012f sl\u0117g\u012f naudojant abiem kryptimis) konstrukcij\u0173, \u012fskaitant teleskopinius modelius, skirtus didesniam siekiui nedidinant i\u0161orini\u0173 matmen\u0173.<\/li>\n<li><strong>Individuali gamyba:<\/strong> M\u016bs\u0173 gamybos paj\u0117gumai leid\u017eia gaminti str\u0117l\u0117s cilindrus, kurie puikiai pakei\u010dia esamus hidraulinius cilindrus, u\u017etikrindami suderinamum\u0105 ir na\u0161um\u0105.<\/li>\n<li><strong>Ekonomi\u0161ki sprendimai:<\/strong> Pirkdami tiesiogiai i\u0161 gamintoj\u0173, klientai gali gauti auk\u0161tos kokyb\u0117s produktus u\u017e konkurencing\u0105 kain\u0105.<\/li>\n<\/ul>\n<p><img decoding=\"async\" src=\"https:\/\/www.hydraulic-cylinders.net\/wp-content\/uploads\/2025\/04\/songte-cylinder-head-with-all-kinds-excavator-models.webp\" alt=\"Str\u0117l\u0117s cilindro keitimas\"><\/p>\n<h2>Str\u0117l\u0117s cilindro pritaikymas<\/h2>\n<h3>Statybin\u0117 \u012franga<\/h3>\n<p>Statybin\u0117je \u012frangoje str\u0117l\u0117s cilindrai yra gyvybi\u0161kai svarb\u016bs ekskavatoriuose, nes leid\u017eia atlikti tokias u\u017eduotis kaip kasimas, krovimas ir grunto ar \u0161iuk\u0161li\u0173 transportavimas. \u0160i\u0173 cilindr\u0173 tiekiama hidraulin\u0117 galia leid\u017eia tiksliai valdyti str\u0117l\u0117s judesius, o tai yra b\u016btina efektyviam darbui statybviet\u0117se. Ekskavatori\u0173-krautuv\u0173 str\u0117l\u0117s cilindrai palengvina tiek kasimo, tiek k\u0117limo funkcijas, u\u017etikrindami universalum\u0105 atliekant \u012fvairias statybos u\u017eduotis.<\/p>\n<h3>\u017dem\u0117s \u016bkio technika<\/h3>\n<p>\u017dem\u0117s \u016bkio technikoje str\u0117l\u0117s cilindrai atlieka itin svarb\u0173 vaidmen\u012f priekiniuose krautuvuose, kur jie naudojami dirvo\u017eemiui, \u0161ienui ir kitoms med\u017eiagoms semti, kelti ir transportuoti. Galimyb\u0117 labai tiksliai pakelti ir nuleisti kau\u0161\u0105 padidina na\u0161um\u0105 \u017eem\u0117s \u016bkyje. \u0160ie cilindrai u\u017etikrina, kad tokios operacijos kaip pakrovimas ir i\u0161krovimas b\u016bt\u0173 atliekamos efektyviai, suma\u017einant \u017eem\u0117s \u016bkio u\u017eduotims reikaling\u0105 laik\u0105 ir pastangas.<\/p>\n<h3>Ekskavatoriai<\/h3>\n<p>Ekskavatori\u0173 srityje str\u0117l\u0117s cilindrai leid\u017eia kasti, palengvindami kau\u0161o \u012fsiskverbim\u0105 \u012f \u017eem\u0119. \u0160is veiksmas yra labai svarbus efektyviam \u017eem\u0117s jud\u0117jimui ir med\u017eiag\u0173 i\u0161kasimui. Hidraulin\u0117 j\u0117ga leid\u017eia operatoriams kasti giliau ir efektyviau, tod\u0117l ekskavatoriai yra nepakei\u010diami statybose ir kasybos darbuose.<\/p>\n<h3>Krautuvai<\/h3>\n<p>Krauvuose str\u0117l\u0117s cilindrai padeda efektyviai kelti ir i\u0161versti krovinius. \u0160i funkcija yra gyvybi\u0161kai svarbi atliekant u\u017eduotis, susijusias su med\u017eiag\u0173 tvarkymu, nes operatoriai gali lengvai pakelti ir i\u0161mesti krovinius. Hidraulin\u0117s sistemos patikimumas u\u017etikrina, kad krautuvai gali nuosekliai veikti net ir sunkiomis s\u0105lygomis.<\/p>\n<h2>Projektavimo aspektai ir atrankos kriterijai<\/h2>\n<h3>Apkrovos paj\u0117gumas<\/h3>\n<p>Str\u0117l\u0117s cilindro keliamoji galia yra labai svarbus projektavimo aspektas. Jis turi atlaikyti maksimal\u0173 svor\u012f, kur\u012f ma\u0161ina gali pakelti ir perkelti. Tam reikalinga tiksli in\u017einerija ir didelio stiprumo med\u017eiag\u0173, kurios gali atlaikyti did\u017eiul\u012f sl\u0117g\u012f be gedim\u0173, parinkimas. Apkrovos reikalavim\u0173 supratimas u\u017etikrina, kad str\u0117l\u0117s cilindras veikt\u0173 saugiai ir efektyviai, suma\u017eindamas gedim\u0173 rizik\u0105.<\/p>\n<h3>Sandarumo vientisumas<\/h3>\n<p>Sandarinimo vientisumas yra nepaprastai svarbus u\u017etikrinant, kad hidraulinis skystis i\u0161likt\u0173 cilindre. Auk\u0161tos kokyb\u0117s sandarikliai apsaugo nuo nuot\u0117ki\u0173 ir palaiko sl\u0117g\u012f, o tai yra labai svarbu cilindro veikimui. Sandarikliai paprastai gaminami i\u0161 toki\u0173 med\u017eiag\u0173 kaip poliuretanas arba nitrilo kau\u010diukas, kurios pasi\u017eymi puikiu atsparumu dilimui ir ilgaam\u017ei\u0161kumu. Reguliarus sandarikli\u0173 tikrinimas ir prie\u017ei\u016bra yra b\u016btini siekiant i\u0161vengti hidraulinio skys\u010dio praradimo ir u\u017etikrinti optimal\u0173 veikim\u0105.<\/p>\n<h3>Patvarumas<\/h3>\n<p>Patvarumas yra labai svarbus veiksnys projektuojant str\u0117l\u0117s cilindr\u0105. Cilindras turi b\u016bti pakankamai tvirtas, kad atlaikyt\u0173 at\u0161iaurias darbo s\u0105lygas, \u012fskaitant ekstremalias temperat\u016bras, dulkes ir dr\u0117gm\u0119. Gamintojai da\u017enai naudoja pa\u017eangias dangas ir med\u017eiagas, kad padidint\u0173 atsparum\u0105 dilimui ir apsaug\u0105 nuo korozijos, taip pailgindami cilindro tarnavimo laik\u0105. Patvari konstrukcija ne tik u\u017etikrina eksploatacin\u012f patikimum\u0105, bet ir suma\u017eina prie\u017ei\u016bros i\u0161laidas laikui b\u0117gant.<\/p>\n<h3>Saugos funkcijos<\/h3>\n<p>Saugos funkcij\u0173 \u012ftraukimas \u012f str\u0117l\u0117s cilindr\u0173 konstrukcij\u0105 yra b\u016btinas siekiant apsaugoti operatorius ir ma\u0161inas. Tokios funkcijos kaip sl\u0117gio ma\u017einimo vo\u017etuvai gali pad\u0117ti i\u0161vengti perkrov\u0173, o tvirta konstrukcija suma\u017eina mechanini\u0173 gedim\u0173 rizik\u0105. Be to, visos hidraulin\u0117s sistemos tur\u0117t\u0173 b\u016bti apr\u016bpintos ai\u0161kiomis naudojimo instrukcijomis ir saugos protokolais, kad naudotojai b\u016bt\u0173 informuoti apie saugaus naudojimo praktik\u0105.<\/p>\n<h3>Prieinamumas prie prie\u017ei\u016bros<\/h3>\n<p>Prieiga prie technin\u0117s prie\u017ei\u016bros yra dar vienas svarbus projektavimo aspektas. Gerai suprojektuotas str\u0117l\u0117s cilindras tur\u0117t\u0173 u\u017etikrinti lengv\u0105 prieig\u0105 prie svarbiausi\u0173 komponent\u0173 ap\u017ei\u016brai, tepimui ir remontui. \u0160is prieinamumas padeda u\u017etikrinti, kad reguliari prie\u017ei\u016bra b\u016bt\u0173 atliekama efektyviai, sutrumpinant prastovas ir pailginant \u012frangos tarnavimo laik\u0105. Ai\u0161kios etiket\u0117s ir technin\u0117s prie\u017ei\u016bros ta\u0161kai gali pagerinti technin\u0117s prie\u017ei\u016bros proces\u0105, palengvindami technikams savo u\u017eduo\u010di\u0173 atlikim\u0105.<\/p>\n<p><img decoding=\"async\" src=\"https:\/\/www.hydraulic-cylinders.net\/wp-content\/uploads\/2025\/04\/songte-oil-pipes-and-spare-parts.webp\" alt=\"Hidraulini\u0173 cilindr\u0173 komponentai\"><\/p>\n<h2>Str\u0117l\u0117s cilindro sandarinimas ir tepimas<\/h2>\n<p>Str\u0117l\u0117s cilindro sandarinimas ir tepimas yra labai svarb\u016bs jo veikimui ir ilgaam\u017ei\u0161kumui. \u012evair\u016bs sandarikliai, tokie kaip st\u016bmoklio ir strypo sandarikliai, naudojami hidrauliniam sl\u0117giui palaikyti ir skys\u010dio nuot\u0117kiui i\u0161vengti. Sandarikliai da\u017enai gaminami i\u0161 patvari\u0173 med\u017eiag\u0173, toki\u0173 kaip poliuretanas ir nitrilo kau\u010diukas, siekiant u\u017etikrinti, kad jie atlaikyt\u0173 at\u0161iaurias darbo s\u0105lygas. Be to, cilindro korpusas ir srieginiai pavir\u0161iai yra kruop\u0161\u010diai apdirbami, siekiant padidinti atsparum\u0105 dilimui.<\/p>\n<p>Taip pat labai svarbu reguliariai tepti. Operatoriai tur\u0117t\u0173 u\u017etikrinti, kad b\u016bt\u0173 palaikomas pakankamas hidraulin\u0117s alyvos kiekis, siekiant suma\u017einti judan\u010di\u0173 dali\u0173 trint\u012f ir susid\u0117v\u0117jim\u0105. Nepakankamas tepimas gali sukelti prie\u0161laikin\u012f hidraulin\u0117s sistemos susid\u0117v\u0117jim\u0105 ir galim\u0105 gedim\u0105. Reguliarus tepimo grafikas gali \u017eymiai pailginti str\u0117l\u0117s cilindro eksploatavimo laik\u0105.<\/p>\n<h2>Reguliarus patikrinimas ir prevencin\u0117 prie\u017ei\u016bra<\/h2>\n<h3>Tikrinimo priemon\u0117s<\/h3>\n<ul>\n<li><strong>Vizualin\u0117 ap\u017ei\u016bra:<\/strong> Reguliariai tikrinkite str\u0117l\u0117s cilindr\u0105, ar n\u0117ra matom\u0173 susid\u0117v\u0117jimo, nuot\u0117ki\u0173 ar pa\u017eeidim\u0173 po\u017eymi\u0173. Ankstyvas problem\u0173 nustatymas gali pad\u0117ti i\u0161vengti brangaus remonto ir prastov\u0173.<\/li>\n<li><strong>Sl\u0117gio bandymas:<\/strong> Atlikite sl\u0117gio bandymus, kad \u012fsitikintum\u0117te, jog cilindras tinkamai veikia esant apkrovai. Tai padeda nustatyti bet kokius hidraulin\u0117s sistemos tr\u016bkumus.<\/li>\n<li><strong>Plomb\u0117s patikrinimas:<\/strong> Periodi\u0161kai tikrinkite sandarikli\u0173 b\u016bkl\u0119, ar jie n\u0117ra susid\u0117v\u0117j\u0119. Susid\u0117v\u0117jusi\u0173 sandarikli\u0173 keitimas yra labai svarbus norint i\u0161laikyti hidraulin\u012f vientisum\u0105.<\/li>\n<\/ul>\n<h3>Prevencin\u0117s prie\u017ei\u016bros priemon\u0117s<\/h3>\n<ul>\n<li><strong>Tepimo grafikas:<\/strong> Nustatykite reguliar\u0173 tepimo grafik\u0105, kad visos judan\u010dios dalys gaut\u0173 pakankamai alyvos. Tinkamas tepimas suma\u017eina nusid\u0117v\u0117jim\u0105 ir pagerina na\u0161um\u0105.<\/li>\n<li><strong>Komponent\u0173 keitimas:<\/strong> Reguliariai keiskite susid\u0117v\u0117jusius komponentus, \u012fskaitant sandariklius ir \u012fvores, kad i\u0161laikytum\u0117te efektyvum\u0105 ir i\u0161vengtum\u0117te hidraulini\u0173 gedim\u0173.<\/li>\n<li><strong>Sistemos kalibravimas:<\/strong> U\u017etikrinkite, kad hidraulin\u0117s sistemos b\u016bt\u0173 tinkamai sukalibruotos, siekiant i\u0161laikyti optimal\u0173 na\u0161um\u0105 ir saugos standartus.<\/li>\n<\/ul>\n<h2>Tinkamo \u012frengimo gair\u0117s<\/h2>\n<p>Tinkamas str\u0117l\u0117s cilindro montavimas yra labai svarbus norint u\u017etikrinti funkcionalum\u0105 ir saug\u0105. \u0160tai kelios svarbios gair\u0117s:<\/p>\n<ol>\n<li><strong>Lygiavimas:<\/strong> \u012esitikinkite, kad cilindras tinkamai sulygiuotas su ma\u0161inos tvirtinimo ta\u0161kais, kad i\u0161vengtum\u0117te per didelio komponent\u0173 \u012ftempimo. Neteisingas sulygiavimas gali sukelti prie\u0161laikin\u012f susid\u0117v\u0117jim\u0105 arba gedim\u0105.<\/li>\n<li><strong>Naudokite tinkamus tvirtinimo laikiklius:<\/strong> Cilindrui pritvirtinti naudokite tinkamus tvirtinimo laikiklius. Tai padeda i\u0161laikyti stabilum\u0105 eksploatacijos metu.<\/li>\n<li><strong>Hidraulin\u0117s jungtys:<\/strong> \u012esitikinkite, kad visos hidraulin\u0117s jungtys yra sandarios ir be nuot\u0117ki\u0173. Patikrinkite, ar n\u0117ra \u017earn\u0173 ir jungiam\u0173j\u0173 detali\u0173 susid\u0117v\u0117jimo po\u017eymi\u0173.<\/li>\n<li><strong>Testavimas:<\/strong> Po \u012frengimo atlikite i\u0161sam\u0173 hidraulin\u0117s sistemos bandym\u0105, kad \u012fsitikintum\u0117te, jog str\u0117l\u0117s cilindras veikia taip, kaip numatyta.<\/li>\n<li><strong>Dokumentacija:<\/strong> I\u0161samiai apra\u0161ykite \u012frengimo proces\u0105, \u012fskaitant visus atliktus pakeitimus ir naudotus komponentus, kad ateityje b\u016bt\u0173 lengviau atlikti technin\u0119 prie\u017ei\u016br\u0105.<\/li>\n<\/ol>\n<h2>Prie\u017ei\u016bros u\u017eduotys<\/h2>\n<ul>\n<li><strong>Reguliar\u016bs patikrinimai:<\/strong> Suplanuokite \u012fprastinius patikrinimus, kad anksti nustatytum\u0117te galimas problemas. Toks iniciatyvus po\u017ei\u016bris ilgainiui gali sutaupyti laiko ir i\u0161laid\u0173.<\/li>\n<li><strong>Tinkamas tepimas:<\/strong> \u012esitikinkite, kad cilindras yra tinkamai suteptas, kad b\u016bt\u0173 i\u0161laikytas optimalus veikimas ir i\u0161vengta susid\u0117v\u0117jimo.<\/li>\n<li><strong>Sandariklio keitimas:<\/strong> Reguliariai tikrinkite sandariklius, ar jie nesusid\u0117v\u0117j\u0119, ir prireikus pakeiskite juos, kad i\u0161laikytum\u0117te hidraulin\u012f sl\u0117g\u012f ir vientisum\u0105.<\/li>\n<\/ul>\n<h2>Saugos aspektai ir aplinkos veiksniai<\/h2>\n<p>Naudojant str\u0117l\u0117s cilindrus, saugos priemon\u0117s yra nepaprastai svarbios. Operatoriai tur\u0117t\u0173 u\u017etikrinti, kad jie b\u016bt\u0173 apmokyti tinkamai valdyti hidraulinius \u012frenginius, kad b\u016bt\u0173 i\u0161vengta nelaiming\u0173 atsitikim\u0173. Reguliar\u016bs saugos auditai gali pad\u0117ti nustatyti galimus pavojus ir u\u017etikrinti, kad b\u016bt\u0173 laikomasi saugos protokol\u0173. Be to, norint i\u0161laikyti saugi\u0105 ir tvari\u0105 darbo aplink\u0105, labai svarbu atsi\u017evelgti \u012f aplinkos veiksnius, tokius kaip tinkamas hidraulini\u0173 skys\u010di\u0173 \u0161alinimas ir nuot\u0117ki\u0173 ma\u017einimas.<\/p>\n<h2>Trik\u010di\u0173 \u0161alinimas ir da\u017eniausiai pasitaikan\u010dios problemos<\/h2>\n<h3>Da\u017enos problemos<\/h3>\n<ul>\n<li><strong>Skys\u010di\u0173 nuot\u0117kiai:<\/strong> Viena i\u0161 da\u017eniausiai pasitaikan\u010di\u0173 hidraulini\u0173 cilindr\u0173 problem\u0173 yra skys\u010di\u0173 nuot\u0117kis, da\u017enai atsirandantis d\u0117l susid\u0117v\u0117jusi\u0173 sandarikli\u0173 ar jung\u010di\u0173.<\/li>\n<li><strong>Prastas na\u0161umas:<\/strong> Jei str\u0117l\u0117s cilindras nereaguoja efektyviai, tai gali rodyti \u017eem\u0105 hidraulinio skys\u010dio lyg\u012f arba vidinius pa\u017eeidimus.<\/li>\n<li><strong>Perkaitimas:<\/strong> D\u0117l cilindro perkrovos arba nepakankamo tepimo gali atsirasti per didelis kar\u0161tis, d\u0117l kurio gali sugesti.<\/li>\n<\/ul>\n<h3>Trik\u010di\u0173 \u0161alinimo patarimai<\/h3>\n<p>Nor\u0117dami efektyviai diagnozuoti ir i\u0161spr\u0119sti problemas, operatoriai tur\u0117t\u0173 laikytis \u0161i\u0173 trik\u010di\u0173 \u0161alinimo patarim\u0173:<\/p>\n<ul>\n<li>Reguliariai tikrinkite hidraulinio skys\u010dio lyg\u012f ir prireikus papildykite, kad i\u0161vengtum\u0117te na\u0161umo problem\u0173.<\/li>\n<li>Patikrinkite sandariklius ir jungtis, ar n\u0117ra susid\u0117v\u0117jimo po\u017eymi\u0173, ir nedelsdami pakeiskite visas pa\u017eeistas dalis, kad i\u0161laikytum\u0117te vientisum\u0105.<\/li>\n<li>Steb\u0117kite darbin\u0119 temperat\u016br\u0105 ir u\u017etikrinkite tinkam\u0105 v\u0117dinim\u0105, kad eksploatacijos metu neperkaist\u0173.<\/li>\n<\/ul>\n<p><img decoding=\"async\" src=\"https:\/\/www.hydraulic-cylinders.net\/wp-content\/uploads\/2025\/04\/songte-bushings-with-all-kinds-of-excavator-models.webp\" alt=\"Str\u0117l\u0117s cilindro komponentai\"><\/p>\n<h2>\u012emon\u0117s ap\u017evalga<\/h2>\n<p>Esame pirmaujanti hidraulini\u0173 cilindr\u0173 gamintoja ir didmeninink\u0117, specializuojam\u0117s auk\u0161tos kokyb\u0117s pakaitini\u0173 \u012frengini\u0173 gamyboje. Platus gamini\u0173 asortimentas leido mums tapti dominuojan\u010dia \u017eaid\u0117ja tiek vidaus, tiek tarptautin\u0117se rinkose. Laikom\u0117s grie\u017et\u0173 kokyb\u0117s standart\u0173 ir taikome pa\u017eangias gamybos strategijas, kad u\u017etikrintume savo gamini\u0173 kokyb\u0119.<\/p>\n<p>\u012esipareigoj\u0119 diegti inovacijas, samdome kvalifikuotus specialistus ir naudojame pa\u017eangiausi\u0105 skaitmenin\u0119 gamybos \u012frang\u0105, taip didindami savo gamybos paj\u0117gumus ir gamini\u0173 kokyb\u0119. D\u0117mesys tikslumui ir efektyvumui leid\u017eia mums efektyviai patenkinti \u012fvairius klient\u0173 poreikius. Be to, si\u016blome individualiai pritaikytas paslaugas, u\u017etikrindami, kad m\u016bs\u0173 klientai gaut\u0173 optimalius sprendimus.<\/p>\n<p><img decoding=\"async\" src=\"https:\/\/www.hydraulic-cylinders.net\/wp-content\/uploads\/2025\/04\/songte-company-4.webp\" alt=\"\u012emon\u0117s gamyba\"><\/p>\n<p><img decoding=\"async\" src=\"https:\/\/www.hydraulic-cylinders.net\/wp-content\/uploads\/2025\/04\/songte-company-3.webp\" alt=\"\u012emon\u0117s ap\u017evalga\"><\/p>\n<p>Nor\u0117dami gauti daugiau informacijos apie m\u016bs\u0173 produktus ir paslaugas, susisiekite su mumis. Esame \u012fsipareigoj\u0119 teikti kokybi\u0161kus sprendimus, atitinkan\u010dius j\u016bs\u0173 hidraulinius poreikius.<\/p>\n<p>Autorius: lyl<\/p>","protected":false},"excerpt":{"rendered":"<p>Boom Cylinder For Bobcat Small Excavator E26 Introduction to Boom Cylinder A boom cylinder, specifically designed for the Bobcat E26 small excavator, is a crucial component of hydraulic systems in heavy machinery. It is a type of hydraulic cylinder that governs the movement of the boom arm, allowing it to extend, retract, and pivot. This [&hellip;]<\/p>","protected":false},"featured_media":17880,"comment_status":"open","ping_status":"closed","template":"","meta":{"_et_pb_use_builder":"","_et_pb_old_content":"","_et_gb_content_width":""},"product_brand":[],"product_cat":[1546],"product_tag":[1547,1496],"class_list":{"0":"post-19405","1":"product","2":"type-product","3":"status-publish","4":"has-post-thumbnail","6":"product_cat-boom-cylinders","7":"product_tag-boom-cylinders","8":"product_tag-hydraulic-cylinders","10":"first","11":"instock","12":"shipping-taxable","13":"product-type-simple"},"amp_enabled":true,"_links":{"self":[{"href":"https:\/\/www.hydraulic-cylinders.net\/lt\/wp-json\/wp\/v2\/product\/19405","targetHints":{"allow":["GET"]}}],"collection":[{"href":"https:\/\/www.hydraulic-cylinders.net\/lt\/wp-json\/wp\/v2\/product"}],"about":[{"href":"https:\/\/www.hydraulic-cylinders.net\/lt\/wp-json\/wp\/v2\/types\/product"}],"replies":[{"embeddable":true,"href":"https:\/\/www.hydraulic-cylinders.net\/lt\/wp-json\/wp\/v2\/comments?post=19405"}],"wp:featuredmedia":[{"embeddable":true,"href":"https:\/\/www.hydraulic-cylinders.net\/lt\/wp-json\/wp\/v2\/media\/17880"}],"wp:attachment":[{"href":"https:\/\/www.hydraulic-cylinders.net\/lt\/wp-json\/wp\/v2\/media?parent=19405"}],"wp:term":[{"taxonomy":"product_brand","embeddable":true,"href":"https:\/\/www.hydraulic-cylinders.net\/lt\/wp-json\/wp\/v2\/product_brand?post=19405"},{"taxonomy":"product_cat","embeddable":true,"href":"https:\/\/www.hydraulic-cylinders.net\/lt\/wp-json\/wp\/v2\/product_cat?post=19405"},{"taxonomy":"product_tag","embeddable":true,"href":"https:\/\/www.hydraulic-cylinders.net\/lt\/wp-json\/wp\/v2\/product_tag?post=19405"}],"curies":[{"name":"wp","href":"https:\/\/api.w.org\/{rel}","templated":true}]}}