{"id":19411,"date":"2025-04-07T06:33:12","date_gmt":"2025-04-07T06:33:12","guid":{"rendered":"https:\/\/www.hydraulic-cylinders.net\/product\/boom-cylinder-for-bobcat-small-excavator-e32\/"},"modified":"2025-04-07T06:33:14","modified_gmt":"2025-04-07T06:33:14","slug":"boom-cylinder-for-bobcat-small-excavator-e32","status":"publish","type":"product","link":"https:\/\/www.hydraulic-cylinders.net\/lt\/produktas\/boom-cylinder-for-bobcat-small-excavator-e32\/","title":{"rendered":"Str\u0117l\u0117s cilindras Bobcat ma\u017eam ekskavatoriui E32"},"content":{"rendered":"<h1>Str\u0117l\u0117s cilindras Bobcat ma\u017eam ekskavatoriui E32<\/h1>\n<h2>Str\u0117l\u0117s cilindro supratimas<\/h2>\n<p>Str\u0117l\u0117s cilindras yra gyvybi\u0161kai svarbus sunkiosios technikos hidraulini\u0173 sistem\u0173 komponentas, specialiai sukurtas ekskavatori\u0173, ekskavatori\u0173 ir frontalini\u0173 krautuv\u0173 kau\u0161\u0173 jud\u0117jimui valdyti. \u0160is hidraulinis cilindras leid\u017eia kau\u0161\u0105 pakelti, nuleisti ir pakreipti, tod\u0117l jis yra b\u016btinas efektyviam med\u017eiag\u0173 tvarkymui.<\/p>\n<p>Str\u0117l\u0117s cilindras, kaip hidraulinio cilindro tipas, veikia naudodamas susl\u0117gt\u0105 hidraulin\u012f skyst\u012f judesiui sukurti. Kai operatorius siun\u010dia komand\u0105, hidraulinis skystis juda \u012f cilindr\u0105, tod\u0117l st\u016bmoklio kotas i\u0161stumiamas arba susitraukia. \u0160is mechanizmas leid\u017eia tiksliai valdyti kau\u0161o pad\u0117t\u012f, pagerindamas ma\u0161inos funkcionalum\u0105.<\/p>\n<p>Statybose geb\u0117jimas tiksliai ir greitai manevruoti sunkius krovinius yra labai svarbus. Str\u0117l\u0117s cilindro vaidmuo siekiant \u0161io tikslo daro j\u012f nepakei\u010diama \u0161iuolaikini\u0173 ekskavatori\u0173 savybe, ypa\u010d sud\u0117tingomis darbo s\u0105lygomis. Jo konstrukcija orientuota \u012f patvarum\u0105 ir efektyvum\u0105, u\u017etikrinant, kad operatoriai gal\u0117t\u0173 atlikti u\u017eduotis maksimaliai produktyviai.<\/p>\n<p><img decoding=\"async\" src=\"https:\/\/www.hydraulic-cylinders.net\/wp-content\/uploads\/2025\/04\/songte-company-1.webp\" alt=\"Str\u0117l\u0117s cilindras\" \/><\/p>\n<h2>Pagrindin\u0117s str\u0117l\u0117s cilindro savyb\u0117s<\/h2>\n<ul>\n<li><strong>Didelis stiprumas ir ilgaam\u017ei\u0161kumas:<\/strong> Paprastai i\u0161 didelio stiprumo plieno arba aliuminio pagamintas str\u0117l\u0117s cilindras yra suprojektuotas taip, kad atlaikyt\u0173 auk\u0161t\u0105 sl\u0117g\u012f ir dideles apkrovas, tod\u0117l tinka at\u0161iaurioms darbo s\u0105lygoms.<\/li>\n<li><strong>Efektyvus hidraulinis valdymas:<\/strong> Cilindras naudoja hidraulin\u0117s alyvos sl\u0117g\u012f, kad skland\u017eiai i\u0161skleist\u0173 ir atitraukt\u0173, greitai reaguot\u0173 \u012f veikimo komandas ir u\u017etikrint\u0173 didel\u0119 st\u016bmimo bei traukimo j\u0117g\u0105.<\/li>\n<li><strong>\u012evair\u016bs tipai:<\/strong> Vartotojai gali pasirinkti vieno arba dviej\u0173 veiksm\u0173 konfig\u016bracijas, kurios geriausiai atitinka j\u0173 veiklos poreikius. Kai kurie modeliai yra teleskopiniai, tod\u0117l pasiekiamas didesnis atstumas nedidinant i\u0161orini\u0173 matmen\u0173.<\/li>\n<\/ul>\n<p>Mes specializuojam\u0117s auk\u0161\u010diausios kokyb\u0117s str\u0117l\u0117s cilindr\u0173 gamyboje, kurie gali skland\u017eiai pakeisti esamus hidraulinius cilindrus ir u\u017etikrinti optimal\u0173 na\u0161um\u0105 \u012fvairiose srityse.<\/p>\n<p><img decoding=\"async\" src=\"https:\/\/www.hydraulic-cylinders.net\/wp-content\/uploads\/2025\/04\/songte-cylinder-head-with-all-kinds-excavator-models.webp\" alt=\"Hidrauliniai cilindrai\" \/><\/p>\n<h2>Str\u0117l\u0117s cilindro pritaikymas<\/h2>\n<h3>Statybin\u0117 \u012franga<\/h3>\n<p>Ekskavatoriuose str\u0117l\u0117s cilindrai yra labai svarb\u016bs kasant, kraunant ir transportuojant grunt\u0105 ar \u0161iuk\u0161les. Jie leid\u017eia atlikti tikslius judesius, u\u017etikrindami, kad operatoriai gal\u0117t\u0173 efektyviai valdyti kasimo u\u017eduotis nepakenkdami saugumui ar na\u0161umui.<\/p>\n<h3>Ekskavatoriniai krautuvai<\/h3>\n<p>Ekskavatori\u0173-krautuv\u0173 str\u0117l\u0117s cilindras ne tik palengvina kasim\u0105, bet ir padeda kelti sunkius krovinius. \u0160is dvigubas funkcionalumas padidina ma\u0161inos universalum\u0105, tod\u0117l ji yra vertingas turtas bet kurioje darbo vietoje \u2013 tiek kasant, tiek tvarkant med\u017eiagas.<\/p>\n<h3>\u017dem\u0117s \u016bkio technika<\/h3>\n<p>Priekiniuose krautuvuose str\u0117l\u0117s cilindrai atlieka labai svarb\u0173 vaidmen\u012f semiant, keliant ir transportuojant dirvo\u017eem\u012f, \u0161ien\u0105 ir kitas med\u017eiagas. J\u0173 patikimas veikimas padeda \u016bkininkams ir \u017eem\u0117s \u016bkio darbuotojams optimizuoti produktyvum\u0105 atliekant \u012fvairias u\u017eduotis.<\/p>\n<h3>Ekskavatoriai<\/h3>\n<p>Ekskavatoriams str\u0117l\u0117s cilindro geb\u0117jimas leisti kau\u0161ui \u012fsiskverbti \u012f dirv\u0105 yra labai svarbus. \u0160i savyb\u0117 yra b\u016btina efektyviam kasimui, tod\u0117l str\u0117l\u0117s cilindras yra neatsiejama ma\u0161inos hidraulin\u0117s sistemos dalis.<\/p>\n<h3>Krautuvai<\/h3>\n<p>Priekiniuose krautuvuose str\u0117l\u0117s cilindrai padeda efektyviai kelti ir i\u0161versti krovinius. J\u0173 tvirta konstrukcija ir patikimas veikimas leid\u017eia operatoriams saugiai valdyti sunkias med\u017eiagas, u\u017etikrinant efektyv\u0173 darbo eig\u0105 krovimo darb\u0173 metu.<\/p>\n<h2>Projektavimo aspektai ir atrankos kriterijai<\/h2>\n<h3>Keliamoji galia<\/h3>\n<p>Renkantis str\u0117l\u0117s cilindr\u0105, labai svarbu suprasti jo keliam\u0105j\u0105 gali\u0105. Cilindras turi atlaikyti maksimali\u0105 numatom\u0105 apkrov\u0105 eksploatacijos metu nerizikuodamas sugesti. Gamintojai paprastai nurodo apkrovos \u012fvertinimus, tod\u0117l norint u\u017etikrinti saugum\u0105 ir ilgaam\u017ei\u0161kum\u0105, b\u016btina pasirinkti cilindr\u0105, kuris vir\u0161yt\u0173 numatomas apkrovas.<\/p>\n<h3>Sandarinimo mechanizmai<\/h3>\n<p>Efektyvus sandarinimas yra dar vienas svarbus veiksnys. Sandarikliai turi u\u017ekirsti keli\u0105 hidraulinio skys\u010dio nuot\u0117kiams, kartu u\u017etikrindami skland\u0173 jud\u0117jim\u0105. Auk\u0161tos kokyb\u0117s sandarikliai suma\u017eina cilindro nusid\u0117v\u0117jim\u0105 ir padidina bendr\u0105 efektyvum\u0105. Tinkamos sandarinimo med\u017eiagos, tokios kaip poliuretanas ir nitrilo kau\u010diukas, yra b\u016btinos optimaliam veikimui.<\/p>\n<h3>Patvarumas<\/h3>\n<p>Patvarumas yra svarbiausias dalykas, ypa\u010d at\u0161iauriomis darbo s\u0105lygomis. Gerai suprojektuotas str\u0117l\u0117s cilindras tur\u0117t\u0173 b\u016bti atsparus dilimui, korozijai ir kitam \u017ealingam gamtos stichij\u0173 poveikiui. Med\u017eiagos ir dangos, kurios padidina patvarum\u0105, gali \u017eymiai pailginti cilindro tarnavimo laik\u0105.<\/p>\n<h3>Saugos funkcijos<\/h3>\n<p>Saugumas yra labai svarbus aspektas. Str\u0117l\u0117s cilindruose tur\u0117t\u0173 b\u016bti saugos \u012ftaisai, tokie kaip sl\u0117gio ma\u017einimo vo\u017etuvai, kad b\u016bt\u0173 i\u0161vengta per didelio sl\u0117gio, kuris gali sukelti katastrofi\u0161k\u0173 gedim\u0173. Reguliar\u016bs saugos patikrinimai taip pat b\u016btini norint i\u0161laikyti eksploatacin\u012f vientisum\u0105.<\/p>\n<h3>Prieinamumas prie prie\u017ei\u016bros<\/h3>\n<p>Galiausiai, norint u\u017etikrinti str\u0117l\u0117s cilindro ilgaam\u017ei\u0161kum\u0105, labai svarbu, kad b\u016bt\u0173 lengva j\u012f pri\u017ei\u016br\u0117ti, sutepti ir pakeisti sandarikl\u012f. Konstrukcijos ypatyb\u0117s, leid\u017eian\u010dios lengvai j\u012f ap\u017ei\u016br\u0117ti, sutepti ir pakeisti sandarikl\u012f, ilgainiui gali sutaupyti laiko ir suma\u017einti darbo s\u0105naudas.<\/p>\n<p><img decoding=\"async\" src=\"https:\/\/www.hydraulic-cylinders.net\/wp-content\/uploads\/2025\/04\/songte-oil-pipes-and-spare-parts.webp\" alt=\"Hidraulin\u0117s dalys\" \/><\/p>\n<h2>Hidraulinio cilindro sandarinimas ir tepimas<\/h2>\n<p>Tinkamas sandarinimas ir tepimas yra labai svarb\u016bs str\u0117l\u0117s cilindro veikimui. \u012evair\u016bs sandarinimo elementai, \u012fskaitant st\u016bmokli\u0173 ir stryp\u0173 sandariklius, turi b\u016bti kruop\u0161\u010diai parinkti, kad jie atlaikyt\u0173 hidraulin\u0117s sistemos eksploatavimo s\u0105lygas. Tokios med\u017eiagos kaip poliuretanas ir nitrilo kau\u010diukas u\u017etikrina puik\u0173 atsparum\u0105 dilimui ir padidina sandarikli\u0173 ilgaam\u017ei\u0161kum\u0105.<\/p>\n<p>Cilindro korpusas ir srieginiai galiniai pavir\u0161iai turi b\u016bti tiksliai apdirbti, kad b\u016bt\u0173 padidintas atsparumas dilimui ir u\u017etikrintas sandarumas. Reguliari prie\u017ei\u016bra tur\u0117t\u0173 apimti sandarikli\u0173 susid\u0117v\u0117jimo patikrinim\u0105 ir, jei reikia, j\u0173 keitim\u0105.<\/p>\n<p>Be to, tepimui b\u016btinas reguliarus hidraulin\u0117s alyvos tiekimas. Operatoriai tur\u0117t\u0173 periodi\u0161kai tikrinti alyvos lyg\u012f ir u\u017etikrinti, kad b\u016bt\u0173 naudojamas tinkamo tipo hidraulinis skystis, siekiant palaikyti cilindro veikim\u0105.<\/p>\n<h2>Prevencin\u0117s prie\u017ei\u016bros priemon\u0117s<\/h2>\n<ul>\n<li><strong>Reguliar\u016bs patikrinimai:<\/strong> Atlikite reguliarius patikrinimus, kad anksti nustatytum\u0117te galimas problemas. Ie\u0161kokite susid\u0117v\u0117jimo, nuot\u0117ki\u0173 ar pa\u017eeidim\u0173 po\u017eymi\u0173 ir nedelsdami juos pa\u0161alinkite, kad i\u0161vengtum\u0117te tolesni\u0173 komplikacij\u0173.<\/li>\n<li><strong>Tinkamas tepimas:<\/strong> \u012esitikinkite, kad str\u0117l\u0117s cilindras tinkamai suteptas rekomenduojama hidrauline alyva. Nepakankamas sutepimas gali padidinti susid\u0117v\u0117jim\u0105, o tai turi \u012ftakos na\u0161umui.<\/li>\n<li><strong>Sandariklio keitimas:<\/strong> Reguliariai tikrinkite tarpikli\u0173 b\u016bkl\u0119 ir prireikus juos pakeiskite. Susid\u0117v\u0117j\u0119 tarpikliai gali sukelti alyvos nuot\u0117k\u012f, suma\u017einti efektyvum\u0105 ir padidinti cilindro gedimo rizik\u0105.<\/li>\n<\/ul>\n<h2>\u012erengimo gair\u0117s<\/h2>\n<p>Tinkamas str\u0117l\u0117s cilindro montavimas yra labai svarbus optimaliam veikimui. Pirmiausia \u012fsitikinkite, kad visi komponentai yra \u0161var\u016bs ir be \u0161iuk\u0161li\u0173. Tinkamai sulygiuokite cilindr\u0105 su ekskavatoriaus tvirtinimo ta\u0161kais. Naudodami tinkamus tvirtinimo laikiklius, pritvirtinkite cilindr\u0105 vietoje, kad jis nejud\u0117t\u0173 darbo metu.<\/p>\n<p>Patikrinkite, ar hidraulin\u0117s linijos yra tvirtai prijungtos ir ar \u017earnos n\u0117ra sulenktos ar u\u017esikim\u0161usios. Kai viskas bus savo vietose, b\u016btina pripildyti hidraulin\u0119 sistem\u0105 tinkamu skys\u010diu ir i\u0161leisti i\u0161 sistemos or\u0105, kad pa\u0161alintum\u0117te oro ki\u0161enes. Reguliar\u016bs patikrinimai po \u012frengimo gali pad\u0117ti u\u017etikrinti, kad viskas b\u016bt\u0173 tvirta ir veikt\u0173 taip, kaip numatyta.<\/p>\n<h2>\u012eprastos prie\u017ei\u016bros u\u017eduotys<\/h2>\n<h3>Reguliar\u016bs patikrinimai<\/h3>\n<p>Reguliarios str\u0117l\u0117s cilindro ap\u017ei\u016bros yra b\u016btinos norint nustatyti galimas problemas, kol jos netapo rimtomis. Patikrinkite, ar n\u0117ra susid\u0117v\u0117jimo, nuot\u0117ki\u0173 ar pa\u017eeidim\u0173 po\u017eymi\u0173, ir nedelsdami spr\u0119skite visas problemas. Nuolatin\u0117 prie\u017ei\u016bra gali pad\u0117ti i\u0161vengti brangaus remonto ir u\u017etikrinti skland\u0173 hidraulin\u0117s sistemos veikim\u0105.<\/p>\n<h3>Tinkamas tepimas<\/h3>\n<p>Tinkamas tepimas yra labai svarbus norint i\u0161laikyti str\u0117l\u0117s cilindro veikim\u0105. \u012esitikinkite, kad hidraulin\u0117s alyvos lygis yra tinkamas ir kad ji atitinka gamintojo specifikacijas. Nepakankamas tepimas gali padidinti trint\u012f ir susid\u0117v\u0117jim\u0105, o tai gali sutrumpinti cilindro tarnavimo laik\u0105.<\/p>\n<h3>Sandariklio keitimas<\/h3>\n<p>Reguliariai steb\u0117kite sandarikli\u0173 b\u016bkl\u0119. Susid\u0117v\u0117j\u0119 arba pa\u017eeisti sandarikliai gali sukelti hidraulinio skys\u010dio nuot\u0117k\u012f, suma\u017einti efektyvum\u0105 ir netgi sistemos gedim\u0105. Nustatykite sandarikli\u0173 patikros ir keitimo rutin\u0105, kad i\u0161laikytum\u0117te optimal\u0173 na\u0161um\u0105.<\/p>\n<p><img decoding=\"async\" src=\"https:\/\/www.hydraulic-cylinders.net\/wp-content\/uploads\/2025\/04\/songte-chushion-collar.webp\" alt=\"Hidraulini\u0173 cilindr\u0173 dalys\" \/><\/p>\n<h2>Saugos aspektai ir aplinkos veiksniai<\/h2>\n<p>Dirbant su hidrauliniais cilindrais, saugos priemon\u0117s yra nepaprastai svarbios. Operatoriai visada turi d\u0117v\u0117ti tinkamas asmenines apsaugos priemones (AAP) ir u\u017etikrinti, kad darbo vieta b\u016bt\u0173 saugi nuo pavoj\u0173. Str\u0117l\u0117s cilindro darbinio sl\u0117gio supratimas ir jo laikymasis gali pad\u0117ti i\u0161vengti nelaiming\u0173 atsitikim\u0173 ir \u012frangos gedim\u0173.<\/p>\n<p>Be to, svarbu atsi\u017evelgti \u012f hidraulini\u0173 skys\u010di\u0173 poveik\u012f aplinkai. Biologi\u0161kai skaid\u017ei\u0173 hidraulini\u0173 alyv\u0173 naudojimas gali suma\u017einti susir\u016bpinim\u0105 d\u0117l aplinkosaugos ir u\u017etikrinti atitikt\u012f reglamentams. Reguliarus skys\u010di\u0173 valymas ir tinkamas \u0161alinimas taip pat gali pad\u0117ti suma\u017einti ekologin\u012f p\u0117dsak\u0105.<\/p>\n<h2>Trik\u010di\u0173 \u0161alinimas ir da\u017eniausiai pasitaikan\u010dios problemos<\/h2>\n<ul>\n<li><strong>Suma\u017eintas na\u0161umas:<\/strong> Jei str\u0117l\u0117s cilindras nekyla taip, kaip tik\u0117tasi, patikrinkite hidraulinio skys\u010dio lyg\u012f ir ar sistemoje n\u0117ra nuot\u0117ki\u0173. \u017demas skys\u010dio lygis gali pakenkti na\u0161umui.<\/li>\n<li><strong>Sandarinimo nuot\u0117kiai:<\/strong> Jei teka hidraulinis skystis, patikrinkite, ar sandarikliai nepa\u017eeisti. Susid\u0117v\u0117jusius sandariklius reikia nedelsiant pakeisti, kad b\u016bt\u0173 i\u0161vengta skys\u010dio praradimo.<\/li>\n<li><strong>Triuk\u0161mas veikimo metu:<\/strong> Ne\u012fprasti garsai gali rodyti or\u0105 hidraulin\u0117je sistemoje arba \u017eem\u0105 skys\u010dio lyg\u012f. Sistemos nuorinimas ir hidraulinio skys\u010dio papildymas gali i\u0161spr\u0119sti \u0161ias problemas.<\/li>\n<\/ul>\n<h2>Trik\u010di\u0173 \u0161alinimo patarimai<\/h2>\n<p>Nor\u0117dami efektyviai diagnozuoti ir i\u0161spr\u0119sti str\u0117l\u0117s cilindro problemas, operatoriai tur\u0117t\u0173 laikytis sistemingo po\u017ei\u016brio. Prad\u0117kite per\u017ei\u016br\u0117dami naudojimo vadovus ir trik\u010di\u0173 \u0161alinimo vadovus, ie\u0161kodami konkre\u010di\u0173 simptom\u0173. Tvarkingai registruokite technin\u0117s prie\u017ei\u016bros darbus ir visas i\u0161kilusias problemas, nes \u0161i informacija gali pad\u0117ti nustatyti pasikartojan\u010dias problemas.<\/p>\n<p>Prevencija yra svarbiausia. Reguliarus techninis aptarnavimas, \u012fskaitant patikrinimus ir tepim\u0105, gali pad\u0117ti suma\u017einti problem\u0173 tikimyb\u0119. Operatoriai taip pat tur\u0117t\u0173 susipa\u017einti su sistemos komponentais ir funkcijomis, kad geriau suprast\u0173 galimus gedimo ta\u0161kus.<\/p>\n<p><img decoding=\"async\" src=\"https:\/\/www.hydraulic-cylinders.net\/wp-content\/uploads\/2025\/04\/songte-bushings-with-all-kinds-of-excavator-models.webp\" alt=\"Ekskavatori\u0173 dalys\" \/><\/p>\n<h2>Apie m\u016bs\u0173 \u012fmon\u0119<\/h2>\n<p>Esame pirmaujantis pakaitini\u0173 hidraulini\u0173 cilindr\u0173 gamintojas, si\u016blantis plat\u0173 gamini\u0173 asortiment\u0105, kad patenkint\u0173 \u012fvairius vietin\u0117s ir tarptautin\u0117s rinkos poreikius. M\u016bs\u0173 \u012fsipareigojimas kokybei matyti i\u0161 pa\u017eangi\u0173 gamybos proces\u0173 ir modernios \u012frangos.<\/p>\n<p>Vadovaujam\u0117s gamybos valdymo meistri\u0161kumo strategija, pasitelkdami kvalifikuotus technikus ir skaitmenines gamybos sistemas, siekdami padidinti savo gamybos paj\u0117gumus. D\u0117mesys kokyb\u0117s kontrolei u\u017etikrina, kad kiekvienas produktas atitikt\u0173 auk\u0161\u010diausius pramon\u0117s standartus, tod\u0117l galime patenkinti plat\u0173 klient\u0173 reikalavim\u0173 spektr\u0105.<\/p>\n<p>M\u016bs\u0173 \u012fmon\u0117 taip pat pripa\u017e\u012fstama d\u0117l savo didel\u0117s patirties, profesionalumo ir atsidavimo klient\u0173 pasitenkinimui. Teikiame individualiai pritaikytas paslaugas, u\u017etikrindami, kad m\u016bs\u0173 produktai atitikt\u0173 konkre\u010dius klient\u0173 poreikius, kartu i\u0161laikydami grie\u017etus tarptautinius sertifikatus.<\/p>\n<p><img decoding=\"async\" src=\"https:\/\/www.hydraulic-cylinders.net\/wp-content\/uploads\/2025\/04\/songte-company-4.webp\" alt=\"M\u016bs\u0173 \u012fmon\u0117\" \/><br \/>\n<img decoding=\"async\" src=\"https:\/\/www.hydraulic-cylinders.net\/wp-content\/uploads\/2025\/04\/songte-company-3.webp\" alt=\"Gamybos \u012fmon\u0117\" \/><\/p>\n<p>Autorius: lyl<\/p>","protected":false},"excerpt":{"rendered":"<p>Boom Cylinder For Bobcat Small Excavator E32 Understanding the Boom Cylinder The boom cylinder is a vital component in the hydraulic systems of heavy machinery, specifically designed to control the movement of buckets in excavators, backhoes, and front loaders. This hydraulic cylinder enables the bucket to lift, lower, and tilt, making it essential for efficient [&hellip;]<\/p>","protected":false},"featured_media":17871,"comment_status":"open","ping_status":"closed","template":"","meta":{"_et_pb_use_builder":"","_et_pb_old_content":"","_et_gb_content_width":""},"product_brand":[],"product_cat":[1546],"product_tag":[1547,1496],"class_list":{"0":"post-19411","1":"product","2":"type-product","3":"status-publish","4":"has-post-thumbnail","6":"product_cat-boom-cylinders","7":"product_tag-boom-cylinders","8":"product_tag-hydraulic-cylinders","10":"first","11":"instock","12":"shipping-taxable","13":"product-type-simple"},"amp_enabled":true,"_links":{"self":[{"href":"https:\/\/www.hydraulic-cylinders.net\/lt\/wp-json\/wp\/v2\/product\/19411","targetHints":{"allow":["GET"]}}],"collection":[{"href":"https:\/\/www.hydraulic-cylinders.net\/lt\/wp-json\/wp\/v2\/product"}],"about":[{"href":"https:\/\/www.hydraulic-cylinders.net\/lt\/wp-json\/wp\/v2\/types\/product"}],"replies":[{"embeddable":true,"href":"https:\/\/www.hydraulic-cylinders.net\/lt\/wp-json\/wp\/v2\/comments?post=19411"}],"wp:featuredmedia":[{"embeddable":true,"href":"https:\/\/www.hydraulic-cylinders.net\/lt\/wp-json\/wp\/v2\/media\/17871"}],"wp:attachment":[{"href":"https:\/\/www.hydraulic-cylinders.net\/lt\/wp-json\/wp\/v2\/media?parent=19411"}],"wp:term":[{"taxonomy":"product_brand","embeddable":true,"href":"https:\/\/www.hydraulic-cylinders.net\/lt\/wp-json\/wp\/v2\/product_brand?post=19411"},{"taxonomy":"product_cat","embeddable":true,"href":"https:\/\/www.hydraulic-cylinders.net\/lt\/wp-json\/wp\/v2\/product_cat?post=19411"},{"taxonomy":"product_tag","embeddable":true,"href":"https:\/\/www.hydraulic-cylinders.net\/lt\/wp-json\/wp\/v2\/product_tag?post=19411"}],"curies":[{"name":"wp","href":"https:\/\/api.w.org\/{rel}","templated":true}]}}