{"id":19413,"date":"2025-04-07T06:33:19","date_gmt":"2025-04-07T06:33:19","guid":{"rendered":"https:\/\/www.hydraulic-cylinders.net\/product\/boom-cylinder-for-bobcat-small-excavator-e45\/"},"modified":"2025-04-07T06:33:22","modified_gmt":"2025-04-07T06:33:22","slug":"boom-cylinder-for-bobcat-small-excavator-e45","status":"publish","type":"product","link":"https:\/\/www.hydraulic-cylinders.net\/lt\/produktas\/boom-cylinder-for-bobcat-small-excavator-e45\/","title":{"rendered":"Str\u0117l\u0117s cilindras Bobcat ma\u017eam ekskavatoriui E45"},"content":{"rendered":"<h1>Str\u0117l\u0117s cilindras Bobcat ma\u017eam ekskavatoriui E45<\/h1>\n<h2>Str\u0117l\u0117s cilindro supratimas<\/h2>\n<p>Str\u0117l\u0117s cilindras yra labai svarbus hidraulinis komponentas, naudojamas \u012fvairiose sunkiosiose ma\u0161inose, ypa\u010d ekskavatoriuose, ekskavatoriniuose krautuvams ir frontaliniams krautuvams. \u0160is hidraulinis cilindras specialiai valdo str\u0117l\u0117s jud\u0117jim\u0105, leisdamas jai pakelti, nuleisti ir pakreipti. Efektyvus str\u0117l\u0117s cilindro veikimas yra labai svarbus efektyviam med\u017eiag\u0173 tvarkymui, nes operatoriai gali atlikti kasin\u0117jimus, krauti med\u017eiagas ir tiksliai atlikti sud\u0117tingus manevrus.<\/p>\n<p><img decoding=\"async\" src=\"https:\/\/www.hydraulic-cylinders.net\/wp-content\/uploads\/2025\/04\/songte-company-1.webp\" alt=\"Str\u0117l\u0117s cilindro vaizdas\" \/><\/p>\n<h3>Kas yra kibiro cilindras?<\/h3>\n<p>Kau\u0161o cilindras yra hidraulinio cilindro tipas, skirtas sunkiosios technikos kau\u0161ui valdyti. Jis atlieka pagrindin\u012f vaidmen\u012f hidraulin\u0117se sistemose, nes paver\u010dia hidraulin\u012f sl\u0117g\u012f mechanine j\u0117ga, u\u017etikrindamas skland\u0173 ir kontroliuojam\u0105 kau\u0161o jud\u0117jim\u0105. Hidraulin\u0117s alyvos sl\u0117gis palengvina cilindro i\u0161pl\u0117tim\u0105 ir \u012ftraukim\u0105, suteikdamas reikiam\u0105 j\u0117g\u0105 sunkiems kroviniams valdyti. D\u0117l to kau\u0161o cilindras yra b\u016btinas statybos ir \u017eem\u0117s \u016bkio \u012frangai, u\u017etikrinant veiklos efektyvum\u0105 ir veiksmingum\u0105.<\/p>\n<h2>Str\u0117l\u0117s cilindro savyb\u0117s<\/h2>\n<ul>\n<li><strong>Didelis stiprumas ir ilgaam\u017ei\u0161kumas:<\/strong> Paprastai i\u0161 didelio stiprumo plieno arba aliuminio pagamintas str\u0117l\u0117s cilindras yra skirtas atlaikyti auk\u0161t\u0105 sl\u0117g\u012f ir dideles apkrovas, tod\u0117l tinka at\u0161iaurioms darbo s\u0105lygoms. Jis suprojektuotas taip, kad b\u016bt\u0173 atsparus dilimui ir korozijai, taip pailginant jo tarnavimo laik\u0105.<\/li>\n<li><strong>Efektyvus hidraulinis valdymas:<\/strong> Str\u0117l\u0117s cilindras naudoja hidraulin\u0117s alyvos sl\u0117g\u012f, kad str\u0117l\u0117 skland\u017eiai i\u0161skleist\u0173 ir atitraukt\u0173 str\u0117l\u0119, greitai reaguot\u0173 \u012f komandas ir u\u017etikrint\u0173 galingas st\u016bmimo ir traukimo j\u0117gas, idealiai tinkan\u010dias sunkioms ir sud\u0117tingoms u\u017eduotims atlikti.<\/li>\n<li><strong>\u012evair\u016bs tipai:<\/strong> Str\u0117l\u0117s cilindras, si\u016blomas \u012fvairi\u0173 konfig\u016bracij\u0173, gali b\u016bti vienpusio veikimo (veikiantis viena kryptimi) arba dvipusio veikimo (veikiantis abiem kryptimis). Kai kurie modeliai yra teleskopiniai, tod\u0117l galima labiau i\u0161tiesti nedidinant i\u0161orini\u0173 matmen\u0173, tod\u0117l jie tinka naudoti ribotoje erdv\u0117je.<\/li>\n<li><strong>Individuali gamyba:<\/strong> M\u016bs\u0173 \u012fmon\u0117 specializuojasi str\u0117l\u0117s cilindr\u0173, kurie puikiai pakei\u010dia esamus hidraulinius cilindrus, gamyboje, u\u017etikrindami suderinamum\u0105 ir patikimum\u0105.<\/li>\n<li><strong>Pa\u017eangios technologijos:<\/strong> Projekte naudojamos pa\u017eangiausios technologijos, siekiant optimizuoti na\u0161um\u0105, efektyvum\u0105 ir prie\u017ei\u016bros reikalavimus.<\/li>\n<\/ul>\n<p><img decoding=\"async\" src=\"https:\/\/www.hydraulic-cylinders.net\/wp-content\/uploads\/2025\/04\/songte-cylinder-head-with-all-kinds-excavator-models.webp\" alt=\"Str\u0117l\u0117s cilindr\u0173 gamyba\" \/><\/p>\n<h2>Str\u0117l\u0117s cilindro pritaikymas<\/h2>\n<h3>Statybin\u0117 \u012franga<\/h3>\n<p>Statybin\u0117je \u012frangoje str\u0117l\u0117s cilindrai randami ekskavatoriuose, kur jie yra labai svarb\u016bs kasant, kraunant ir perkeliant grunt\u0105 ar \u0161iuk\u0161les. Str\u0117l\u0117s i\u0161skleidimo ir \u012ftraukimo galimyb\u0117 leid\u017eia operatoriams efektyviai valdyti \u012fvairias u\u017eduotis statybviet\u0117se, u\u017etikrinant produktyvum\u0105 ir saug\u0105 eksploatacijos metu.<\/p>\n<h3>\u017dem\u0117s \u016bkio technika<\/h3>\n<p>\u017dem\u0117s \u016bkio srityje frontaliniai krautuvai naudoja str\u0117l\u0117s cilindrus dirvo\u017eemiui, \u0161ienui ir kitoms med\u017eiagoms semti, kelti ir transportuoti. Str\u0117l\u0117s cilindro universalumas leid\u017eia \u016bkininkams optimizuoti savo veikl\u0105, padidinant sunki\u0173 krovini\u0173 perk\u0117limo per laukus efektyvum\u0105.<\/p>\n<h3>Ekskavatoriai<\/h3>\n<p>Ekskavatoriuose kau\u0161o cilindrai palengvina kasimo veiksm\u0105, leisdami kau\u0161ui efektyviai \u012fsiskverbti \u012f dirv\u0105. \u0160i savyb\u0117 yra b\u016btina atliekant tokias u\u017eduotis kaip tran\u0161\u0117j\u0173 kasimas ar pamat\u0173 kasimas, kur tikslumas yra labai svarbus norint s\u0117kmingai atlikti darbus.<\/p>\n<h3>Krautuvai<\/h3>\n<p>Priekiniuose krautuvuose str\u0117l\u0117s cilindrai padeda efektyviai kelti ir i\u0161versti med\u017eiagas. Str\u0117l\u0117s cilindro tiekiama hidraulin\u0117 galia u\u017etikrina, kad operatoriai gal\u0117t\u0173 pakelti sunkius krovinius ir pad\u0117ti juos ten, kur reikia, taip pagerindami darbo eig\u0105 ir suma\u017eindami fizin\u012f kr\u016bv\u012f.<\/p>\n<h2>Projektavimo aspektai ir atrankos kriterijai<\/h2>\n<h3>Keliamoji galia<\/h3>\n<p>Renkantis str\u0117l\u0117s cilindr\u0105, b\u016btina atsi\u017evelgti \u012f jo keliam\u0105j\u0105 gali\u0105. Cilindras turi atlaikyti maksimali\u0105 apkrov\u0105 be gedimo rizikos. In\u017einieriai paprastai apskai\u010diuoja reikiam\u0105 keliam\u0105j\u0105 gali\u0105 pagal konkre\u010dius pritaikymus ir numatomas apkrovas, u\u017etikrindami, kad cilindras i\u0161likt\u0173 patikimas esant sl\u0117giui.<\/p>\n<h3>Sandarinimo efektyvumas<\/h3>\n<p>Str\u0117l\u0117s cilindro sandarumas yra gyvybi\u0161kai svarbus norint palaikyti hidraulin\u012f sl\u0117g\u012f ir i\u0161vengti nuot\u0117ki\u0173. Auk\u0161tos kokyb\u0117s sandarikliai, pagaminti i\u0161 patvari\u0173 med\u017eiag\u0173, toki\u0173 kaip poliuretanas arba nitrilo kau\u010diukas, yra b\u016btini norint u\u017etikrinti cilindro ilgaam\u017ei\u0161kum\u0105. Tinkamas sandarinimas apsaugo nuo hidraulinio skys\u010dio praradimo, kuris gali pakenkti \u012frangos efektyvumui ir saugai.<\/p>\n<h3>Patvarumas<\/h3>\n<p>Patvarumas yra pagrindinis aspektas, ypa\u010d \u012frangai, kuri veikiama at\u0161iauriomis s\u0105lygomis. Str\u0117l\u0117s cilindro gamybai naudojamos med\u017eiagos ir gamybos b\u016bdai vaidina svarb\u0173 vaidmen\u012f u\u017etikrinant jo atsparum\u0105 nusid\u0117v\u0117jimui, korozijai ir sm\u016bgiams. Gamintojai daugiausia d\u0117mesio skiria tvirt\u0173 med\u017eiag\u0173 ir apsaugini\u0173 dang\u0173 naudojimui, kad padidint\u0173 patvarum\u0105.<\/p>\n<h3>Saugos funkcijos<\/h3>\n<p>Saugumas yra svarbiausias dalykas projektuojant hidraulinius cilindrus. Tokios funkcijos kaip sl\u0117gio ma\u017einimo vo\u017etuvai ir sprogstamosios plok\u0161t\u0117s yra \u012frengtos siekiant i\u0161vengti avarij\u0173 d\u0117l per didelio sl\u0117gio. Reguliarus bandymas ir saugos standart\u0173 laikymasis yra labai svarb\u016bs siekiant u\u017etikrinti saug\u0173 hidraulini\u0173 sistem\u0173 veikim\u0105.<\/p>\n<h3>Prieinamumas prie prie\u017ei\u016bros<\/h3>\n<p>Dar vienas svarbus aspektas yra paprastas techninis aptarnavimas. Gerai suprojektuotas str\u0117l\u0117s cilindras tur\u0117t\u0173 u\u017etikrinti lengv\u0105 prieig\u0105 prie komponent\u0173, kad juos b\u016bt\u0173 galima patikrinti, remontuoti ir pakeisti. Reguliar\u016bs technin\u0117s prie\u017ei\u016bros patikrinimai gali pad\u0117ti nustatyti galimas problemas, kol jos dar nepasikeit\u0117, taip pailginant \u012frangos tarnavimo laik\u0105.<\/p>\n<p><img decoding=\"async\" src=\"https:\/\/www.hydraulic-cylinders.net\/wp-content\/uploads\/2025\/04\/songte-oil-pipes-and-spare-parts.webp\" alt=\"Hidraulini\u0173 cilindr\u0173 dalys\" \/><\/p>\n<h2>Sandarinimas ir tepimas<\/h2>\n<p>Str\u0117l\u0117s cilindro efektyvumas labai priklauso nuo jo sandarinimo ir tepimo sistem\u0173. \u012evair\u016bs sandarinimo komponentai, tokie kaip st\u016bmokli\u0173 ir stryp\u0173 sandarikliai, atlieka svarb\u0173 vaidmen\u012f palaikant hidraulin\u012f sl\u0117g\u012f. Sandarikliai da\u017enai gaminami i\u0161 atspari\u0173 dilimui med\u017eiag\u0173, toki\u0173 kaip poliuretanas arba nitrilo kau\u010diukas, kad atlaikyt\u0173 at\u0161iaurias s\u0105lygas.<\/p>\n<p>Tinkamas tepimas yra b\u016btinas norint suma\u017einti trint\u012f ir dilim\u0105 hidrauliniame cilindre. Reguliariai pildant hidraulin\u0119 alyv\u0105 u\u017etikrinamas sklandus judan\u010di\u0173 dali\u0173 veikimas, suma\u017einama perkaitimo rizika ir pailginamas cilindro tarnavimo laikas. Be to, cilindro pavir\u0161i\u0173 vientisumo i\u0161laikymas tiksliais apdailos procesais padidina atsparum\u0105 dilimui, tod\u0117l laikui b\u0117gant pager\u0117ja na\u0161umas.<\/p>\n<h2>Reguliarios patikros ir prevencin\u0117s prie\u017ei\u016bros priemon\u0117s<\/h2>\n<ul>\n<li><strong>\u012eprastiniai patikrinimai:<\/strong> Reguliariai atlikite patikrinimus, kad nustatytum\u0117te bet kokius susid\u0117v\u0117jimo, nuot\u0117ki\u0173 ar pa\u017eeidim\u0173 po\u017eymius. Ankstyvas problem\u0173 nustatymas gali pad\u0117ti sutaupyti su dideliais remonto darbais ir prastovomis susijusias i\u0161laidas.<\/li>\n<li><strong>Tinkamas tepimas:<\/strong> \u012esitikinkite, kad hidraulin\u0117s alyvos lygis yra palaikomas ir kad naudojama alyva atitinka str\u0117l\u0117s cilindro specifikacijas. Tinkamas tepimas suma\u017eina trint\u012f ir pailgina cilindro tarnavimo laik\u0105.<\/li>\n<li><strong>Sandariklio keitimas:<\/strong> Laikui b\u0117gant, sandarikliai gali susid\u0117v\u0117ti ir juos gali tekti keisti. Reguliariai tikrinkite sandariklius, ar n\u0117ra susid\u0117v\u0117jimo po\u017eymi\u0173, ir prireikus juos pakeiskite, kad i\u0161laikytum\u0117te efektyvum\u0105.<\/li>\n<\/ul>\n<h2>\u012erengimo gair\u0117s<\/h2>\n<p>Str\u0117l\u0117s cilindro montavimas reikalauja kruop\u0161taus d\u0117mesio detal\u0117ms, siekiant u\u017etikrinti optimal\u0173 na\u0161um\u0105 ir saug\u0105. Pirmiausia \u012fsitikinkite, kad darbo vieta yra \u0161vari ir joje n\u0117ra \u0161iuk\u0161li\u0173. Tinkamai pastatykite cilindr\u0105, kad jis b\u016bt\u0173 sulygiuotas su ma\u0161inos tvirtinimo ta\u0161kais. Naudokite tinkamus tvirtinimo laikiklius, kad pritvirtintum\u0117te cilindr\u0105 vietoje, u\u017etikrindami, kad jis b\u016bt\u0173 tinkamai sulygiuotas, kad i\u0161vengtum\u0117te per didelio hidraulin\u0117s sistemos \u012ftempimo.<\/p>\n<p>Pritvirtin\u0119 prijunkite hidraulines linijas, u\u017etikrindami, kad n\u0117ra joki\u0173 lenkim\u0173 ar \u012flinkim\u0173, kurie gal\u0117t\u0173 trukdyti skys\u010dio tek\u0117jimui. Priver\u017eiant var\u017etus ir jungiam\u0105sias detales, labai svarbu laikytis gamintojo nurodym\u0173 d\u0117l sukimo momento nustatym\u0173. Sumontavus, atlikite i\u0161sam\u0173 patikrinim\u0105 ir i\u0161bandykite cilindro veikim\u0105 esant apkrovai, kad \u012fsitikintum\u0117te, jog jis veikia tinkamai ir saugiai.<\/p>\n<h2>\u012eprastos prie\u017ei\u016bros u\u017eduotys<\/h2>\n<ul>\n<li><strong>Reguliar\u016bs patikrinimai:<\/strong> Atlikite patikrinimus, kad nustatytum\u0117te galimas str\u0117l\u0117s cilindro problemas. Ie\u0161kokite nuot\u0117ki\u0173, susid\u0117v\u0117jimo ar ne\u012fprasto veikimo po\u017eymi\u0173.<\/li>\n<li><strong>Tinkamas tepimas:<\/strong> Palaikykite tinkam\u0105 cilindro sutepim\u0105, kad i\u0161vengtum\u0117te trinties ir susid\u0117v\u0117jimo. Laikykit\u0117s rekomenduojam\u0173 tepimo interval\u0173 ir proced\u016br\u0173.<\/li>\n<li><strong>Sandariklio keitimas:<\/strong> Steb\u0117kite sandarikli\u0173 susid\u0117v\u0117jim\u0105 ir prireikus juos pakeiskite, kad i\u0161vengtum\u0117te nuot\u0117ki\u0173 ir neefektyvumo.<\/li>\n<\/ul>\n<p>Tinkamas montavimas, tepimas ir reguliavimas yra labai svarb\u016bs str\u0117l\u0117s cilindro ilgaam\u017ei\u0161kumui ir efektyvumui. Tikslus suderinimas montavimo metu yra labai svarbus, o tinkam\u0173 tvirtinimo \u012ftais\u0173 naudojimas padeda i\u0161laikyti suderinim\u0105. Reik\u0117t\u0173 nustatyti reguliarias patikras ir prie\u017ei\u016bros proced\u016bras, kad b\u016bt\u0173 galima proaktyviai nustatyti ir i\u0161taisyti problemas, taip pailginant \u012frangos tarnavimo laik\u0105 ir na\u0161um\u0105.<\/p>\n<p><img decoding=\"async\" src=\"https:\/\/www.hydraulic-cylinders.net\/wp-content\/uploads\/2025\/04\/songte-chushion-collar.webp\" alt=\"Str\u0117l\u0117s cilindro montavimas\" \/><\/p>\n<h2>Saugos aspektai ir aplinkos veiksniai<\/h2>\n<p>Dirbant su hidraulin\u0117mis sistemomis, saugos priemon\u0117s tur\u0117t\u0173 b\u016bti svarbiausias prioritetas. Operatoriai turi b\u016bti apmokyti suprasti su hidrauline \u012franga susijusius pavojus, \u012fskaitant auk\u0161to sl\u0117gio skys\u010dio nuot\u0117kio rizik\u0105 ir galim\u0105 \u012frangos gedim\u0105. Asmenini\u0173 apsaugos priemoni\u0173 (AAP) naudojimas ir saugos protokol\u0173 laikymasis gali \u017eymiai suma\u017einti traum\u0173 rizik\u0105.<\/p>\n<p>Aplinkosaugos aspektai taip pat labai svarb\u016bs. Tinkamai surenkant ir tvarkant hidraulinius skys\u010dius, i\u0161vengiama aplinkos tar\u0161os. Reguliarus techninis aptarnavimas ir patikrinimai gali pad\u0117ti anksti nustatyti nuot\u0117kius, o tai leid\u017eia imtis taisom\u0173j\u0173 veiksm\u0173, kol jie nesuk\u0117l\u0117 didesni\u0173 aplinkosaugos problem\u0173.<\/p>\n<h2>Trik\u010di\u0173 \u0161alinimas ir da\u017eniausiai pasitaikan\u010dios problemos<\/h2>\n<ul>\n<li><strong>Hidraulini\u0173 skys\u010di\u0173 nuot\u0117kiai:<\/strong> Nuot\u0117kiai gali atsirasti d\u0117l susid\u0117v\u0117jusi\u0173 sandarikli\u0173 arba pa\u017eeist\u0173 komponent\u0173. Patikrinkite sistem\u0105, ar n\u0117ra matom\u0173 nuot\u0117ki\u0173, ir nedelsdami pakeiskite visas pa\u017eeistas dalis.<\/li>\n<li><strong>Prastas cilindro veikimas:<\/strong> Jei cilindras neveikia tinkamai, patikrinkite, ar hidraulin\u0117se linijose n\u0117ra u\u017esikim\u0161im\u0173, ir \u012fsitikinkite, kad sistemoje yra tinkamas sl\u0117gis.<\/li>\n<li><strong>Ne\u012fprasti garsai:<\/strong> Triuk\u0161mai veikimo metu gali rodyti tepimo problemas arba vidinius pa\u017eeidimus. Nedelsdami i\u0161tirkite bet kokius ne\u012fprastus garsus.<\/li>\n<\/ul>\n<p>Greitas \u0161i\u0173 da\u017en\u0173 problem\u0173 sprendimas gali pad\u0117ti i\u0161vengti tolesn\u0117s hidraulin\u0117s sistemos \u017ealos. Jei problema i\u0161lieka, gali prireikti pasikonsultuoti su hidraulikos specialistu, kad b\u016bt\u0173 nustatyta ir veiksmingai pa\u0161alinta pagrindin\u0117 prie\u017eastis.<\/p>\n<p>\u012egyvendinant prevencines priemones, tokias kaip reguliari prie\u017ei\u016bra ir patikros, galima gerokai suma\u017einti galimas str\u0117l\u0117s cilindro problemas. Optimalaus hidraulinio skys\u010dio lygio palaikymas ir tinkamo tepimo u\u017etikrinimas yra b\u016btini veiksmai, kurie gali pagerinti na\u0161um\u0105 ir patikimum\u0105.<\/p>\n<p><img decoding=\"async\" src=\"https:\/\/www.hydraulic-cylinders.net\/wp-content\/uploads\/2025\/04\/songte-bushings-with-all-kinds-of-excavator-models.webp\" alt=\"Hidraulinio cilindro trik\u010di\u0173 \u0161alinimas\" \/><\/p>\n<h2>Apie m\u016bs\u0173 \u012fmon\u0119<\/h2>\n<p>Esame pirmaujantis pakaitini\u0173 hidraulini\u0173 cilindr\u0173 gamintojas, si\u016blantis plat\u0173 gamini\u0173 asortiment\u0105, skirt\u0105 vidaus ir tarptautinei rinkai. M\u016bs\u0173 \u012fsipareigojim\u0105 siekti nepriekai\u0161tingos kokyb\u0117s lemia pramonin\u0117s gamybos valdymo strategija, kurioje pabr\u0117\u017eiama tiksli gamyba. Siekdami padidinti savo gamybos paj\u0117gumus, naudojame pa\u017eangias technologijas, auk\u0161\u010diausios klas\u0117s gamybos \u012frang\u0105 ir specializuotas bandym\u0173 sistemas.<\/p>\n<p>M\u016bs\u0173 patirtis hidraulini\u0173 cilindr\u0173 projektavimo ir gamybos srityje leid\u017eia mums patenkinti \u012fvairius klient\u0173 poreikius dideliu efektyvumu ir tikslumu. Did\u017eiuojam\u0117s gal\u0117dami tiekti produktus, kurie atitinka tarptautinius standartus, u\u017etikrindami klient\u0173 patikimum\u0105 ir saugum\u0105. M\u016bs\u0173 pritaikomi sprendimai ir aptarnavimas po pardavimo yra pritaikyti taip, kad pad\u0117t\u0173 klientams maksimaliai padidinti savo investicijas \u012f hidraulines sistemas, tod\u0117l esame patikimas partneris pramon\u0117je.<\/p>\n<p><img decoding=\"async\" src=\"https:\/\/www.hydraulic-cylinders.net\/wp-content\/uploads\/2025\/04\/songte-company-4.webp\" alt=\"\u012emon\u0117s ap\u017evalga\" \/><br \/>\n<img decoding=\"async\" src=\"https:\/\/www.hydraulic-cylinders.net\/wp-content\/uploads\/2025\/04\/songte-company-3.webp\" alt=\"\u012emon\u0117s gamyba\" \/><\/p>\n<p>Autorius: lyl<\/p>","protected":false},"excerpt":{"rendered":"<p>Boom Cylinder For Bobcat Small Excavator E45 Understanding the Boom Cylinder The Boom Cylinder is a crucial hydraulic component employed in various heavy machinery, particularly in excavators, backhoe loaders, and front loaders. This hydraulic cylinder specifically controls the movement of the boom, allowing it to lift, lower, and tilt. The efficient operation of the boom [&hellip;]<\/p>","protected":false},"featured_media":17873,"comment_status":"open","ping_status":"closed","template":"","meta":{"_et_pb_use_builder":"","_et_pb_old_content":"","_et_gb_content_width":""},"product_brand":[],"product_cat":[1546],"product_tag":[1547,1496],"class_list":{"0":"post-19413","1":"product","2":"type-product","3":"status-publish","4":"has-post-thumbnail","6":"product_cat-boom-cylinders","7":"product_tag-boom-cylinders","8":"product_tag-hydraulic-cylinders","10":"first","11":"instock","12":"shipping-taxable","13":"product-type-simple"},"amp_enabled":true,"_links":{"self":[{"href":"https:\/\/www.hydraulic-cylinders.net\/lt\/wp-json\/wp\/v2\/product\/19413","targetHints":{"allow":["GET"]}}],"collection":[{"href":"https:\/\/www.hydraulic-cylinders.net\/lt\/wp-json\/wp\/v2\/product"}],"about":[{"href":"https:\/\/www.hydraulic-cylinders.net\/lt\/wp-json\/wp\/v2\/types\/product"}],"replies":[{"embeddable":true,"href":"https:\/\/www.hydraulic-cylinders.net\/lt\/wp-json\/wp\/v2\/comments?post=19413"}],"wp:featuredmedia":[{"embeddable":true,"href":"https:\/\/www.hydraulic-cylinders.net\/lt\/wp-json\/wp\/v2\/media\/17873"}],"wp:attachment":[{"href":"https:\/\/www.hydraulic-cylinders.net\/lt\/wp-json\/wp\/v2\/media?parent=19413"}],"wp:term":[{"taxonomy":"product_brand","embeddable":true,"href":"https:\/\/www.hydraulic-cylinders.net\/lt\/wp-json\/wp\/v2\/product_brand?post=19413"},{"taxonomy":"product_cat","embeddable":true,"href":"https:\/\/www.hydraulic-cylinders.net\/lt\/wp-json\/wp\/v2\/product_cat?post=19413"},{"taxonomy":"product_tag","embeddable":true,"href":"https:\/\/www.hydraulic-cylinders.net\/lt\/wp-json\/wp\/v2\/product_tag?post=19413"}],"curies":[{"name":"wp","href":"https:\/\/api.w.org\/{rel}","templated":true}]}}