{"id":19416,"date":"2025-04-07T06:33:28","date_gmt":"2025-04-07T06:33:28","guid":{"rendered":"https:\/\/www.hydraulic-cylinders.net\/product\/boom-cylinder-for-bobcat-small-excavator-e418\/"},"modified":"2025-04-07T06:33:30","modified_gmt":"2025-04-07T06:33:30","slug":"boom-cylinder-for-bobcat-small-excavator-e418","status":"publish","type":"product","link":"https:\/\/www.hydraulic-cylinders.net\/lt\/produktas\/boom-cylinder-for-bobcat-small-excavator-e418\/","title":{"rendered":"Str\u0117l\u0117s cilindras Bobcat ma\u017eam ekskavatoriui E418"},"content":{"rendered":"<h1>Str\u0117l\u0117s cilindras Bobcat ma\u017eam ekskavatoriui E418<\/h1>\n<h2>\u012evadas \u012f str\u0117l\u0117s cilindrus<\/h2>\n<p>Str\u0117l\u0117s cilindras yra labai svarbus hidraulinis komponentas, naudojamas \u012fvairiose sunkiosiose ma\u0161inose, \u012fskaitant ekskavatorius, ekskavatorinius krautuvus ir frontalinius krautuvus. Jis atlieka gyvybi\u0161kai svarb\u0173 vaidmen\u012f valdant str\u0117l\u0117s jud\u0117jim\u0105, leid\u017eiant jai pakelti, nuleisti ir pakreipti, o tai palengvina efektyv\u0173 med\u017eiag\u0173 tvarkym\u0105. Sukurti veikti esant auk\u0161tam sl\u0117giui, str\u0117l\u0117s cilindrai leid\u017eia atlikti tikslius manevrus ir padidinti bendr\u0105 \u012frangos na\u0161um\u0105. Kaip hidraulinio cilindro tipas, str\u0117l\u0117s cilindras naudoja hidraulin\u012f skyst\u012f j\u0117gai generuoti, tod\u0117l jis yra b\u016btinas statybose, \u017eem\u0117s \u016bkyje ir kitose pramon\u0117s \u0161akose.<\/p>\n<p><img decoding=\"async\" src=\"https:\/\/www.hydraulic-cylinders.net\/wp-content\/uploads\/2025\/04\/songte-company-1.webp\" alt=\"Ekskavatoriaus str\u0117l\u0117s cilindras\"><\/p>\n<h2>Str\u0117l\u0117s cilindro savyb\u0117s<\/h2>\n<ul>\n<li><strong>Didelis stiprumas ir ilgaam\u017ei\u0161kumas:<\/strong> Paprastai \u0161ie cilindrai, pagaminti i\u0161 didelio stiprumo plieno arba aliuminio, gali atlaikyti auk\u0161t\u0105 sl\u0117g\u012f ir dideles apkrovas, tod\u0117l tinka at\u0161iaurioms darbo aplinkoms. Jie yra atspar\u016bs dilimui ir apsaugoti nuo korozijos, kad pailgint\u0173 j\u0173 tarnavimo laik\u0105.<\/li>\n<li><strong>Efektyvus hidraulinis valdymas:<\/strong> Str\u0117l\u0117s cilindras naudoja hidraulin\u012f sl\u0117g\u012f skland\u017eiam i\u0161pl\u0117timui ir \u012ftraukimui, tod\u0117l str\u0117l\u0117 greitai reaguoja \u012f operatoriaus komandas ir u\u017etikrina tvirt\u0105 st\u016bmimo bei traukimo j\u0117g\u0105, b\u016btin\u0105 sunkiems daiktams kelti.<\/li>\n<li><strong>\u012evair\u016bs tipai:<\/strong> Str\u0117l\u0117s cilindrai tiekiami tiek vienpusio veikimo (hidraulinio sl\u0117gio naudojimas viena kryptimi), tiek dvipusio veikimo (hidraulinio sl\u0117gio naudojimas abiem kryptimis) konfig\u016bracij\u0173, kad atitikt\u0173 skirtingus eksploatacinius poreikius. Kai kurie modeliai yra teleskopiniai, tod\u0117l galima pasiekti didesn\u012f atstum\u0105 nedidinant i\u0161orini\u0173 matmen\u0173, tod\u0117l idealiai tinka naudoti ribotoje erdv\u0117je.<\/li>\n<li><strong>Universalios taikymo sritys:<\/strong> \u0160ie cilindrai tinka \u012fvairioms ma\u0161inoms ir u\u017eduotims, tod\u0117l juos galima pritaikyti \u012fvairiose pramon\u0117s \u0161akose.<\/li>\n<li><strong>Individuali gamyba:<\/strong> M\u016bs\u0173 \u012fmon\u0117 specializuojasi str\u0117l\u0117s cilindr\u0173, kurie puikiai pakei\u010dia esamus hidraulinius cilindrus, gamyboje, u\u017etikrindami suderinamum\u0105 ir na\u0161um\u0105.<\/li>\n<\/ul>\n<p><img decoding=\"async\" src=\"https:\/\/www.hydraulic-cylinders.net\/wp-content\/uploads\/2025\/04\/songte-cylinder-head-with-all-kinds-excavator-models.webp\" alt=\"Ekskavatori\u0173 modeliai\"><\/p>\n<h2>Str\u0117l\u0117s cilindr\u0173 pritaikymas<\/h2>\n<h3>Statybin\u0117 \u012franga<\/h3>\n<p>Ekskavatoriuose str\u0117l\u0117s cilindrai yra b\u016btini kasant, kraunant ir perkeliant \u017eem\u0119 ar \u0161iuk\u0161les. Jie leid\u017eia str\u0117lei i\u0161skleisti ir susitraukti, tod\u0117l operacijos atliekamos tiksliai. Be to, ekskavatoriuose-krautuvuose str\u0117l\u0117s cilindrai padeda atlikti tiek kasimo, tiek k\u0117limo u\u017eduotis, maksimaliai padidindami ma\u0161inos universalum\u0105.<\/p>\n<h3>\u017dem\u0117s \u016bkio technika<\/h3>\n<p>Priekiniuose krautuvuose str\u0117l\u0117s cilindrai atlieka labai svarb\u0173 vaidmen\u012f semiant, keliant ir transportuojant dirvo\u017eem\u012f, \u0161ien\u0105 ir kitas med\u017eiagas. Jie suteikia reikiam\u0105 j\u0117g\u0105 sunkiems kroviniams valdyti, tod\u0117l yra nepakei\u010diami \u017eem\u0117s \u016bkio darbuose.<\/p>\n<h3>Ekskavatoriai<\/h3>\n<p>Str\u0117l\u0117s cilindras leid\u017eia kau\u0161ui efektyviai \u012fsiskverbti \u012f dirv\u0105, palengvindamas kasimo darbus. \u0160i galimyb\u0117 yra gyvybi\u0161kai svarbi statybos projektuose, kra\u0161tovaizd\u017eio tvarkyme ir kitoje \u017eem\u0117s darb\u0173 veikloje.<\/p>\n<h3>Krautuvai<\/h3>\n<p>Priekiniuose krautuvuose \u0161ie cilindrai padeda efektyviai kelti ir i\u0161versti krovinius, u\u017etikrindami skland\u0173 ir efektyv\u0173 darb\u0105. D\u0117l savo geb\u0117jimo u\u017etikrinti didel\u0119 keliam\u0105j\u0105 gali\u0105 jie idealiai tinka \u012fvairi\u0173 med\u017eiag\u0173 tvarkymui.<\/p>\n<h2>Projektavimo aspektai ir atrankos kriterijai<\/h2>\n<h3>Keliamoji galia<\/h3>\n<p>Renkantis str\u0117l\u0117s cilindr\u0105, reikia atid\u017eiai atsi\u017evelgti \u012f jo keliam\u0105j\u0105 gali\u0105. B\u016btina suderinti cilindro specifikacijas su \u012frangos eksploatavimo reikalavimais. Per silpnas cilindras gali sugesti esant didel\u0117ms apkrovoms, d\u0117l to gali b\u016bti pa\u017eeista \u012franga arba v\u0117luoti jos veikimas. Gamintojai da\u017enai pateikia i\u0161samias apkrov\u0173 diagramas, kurios padeda pasirinkti tinkam\u0105 cilindro dyd\u012f.<\/p>\n<h3>Sandarumas ir ilgaam\u017ei\u0161kumas<\/h3>\n<p>Sandarinimas yra labai svarbus hidrauliniams cilindrams, nes jis apsaugo nuo skys\u010di\u0173 nuot\u0117kio ir u\u017etikrina optimal\u0173 na\u0161um\u0105. Kokybi\u0161ki sandarikliai, pagaminti i\u0161 toki\u0173 med\u017eiag\u0173 kaip poliuretanas arba nitrilo kau\u010diukas, padidina patvarum\u0105 ir atsparum\u0105 dilimui. Labai svarbu \u012fvertinti str\u0117l\u0117s cilindre naudojam\u0105 sandarinimo technologij\u0105, kad b\u016bt\u0173 i\u0161laikytas hidraulinis efektyvumas ir ilgaam\u017ei\u0161kumas.<\/p>\n<h3>Saugos funkcijos<\/h3>\n<p>Saugumas hidraulin\u0117se sistemose yra svarbiausias dalykas. Str\u0117l\u0117s cilindruose tur\u0117t\u0173 b\u016bti saugos mechanizmai, tokie kaip sl\u0117gio ma\u017einimo vo\u017etuvai, kad b\u016bt\u0173 i\u0161vengta nelaiming\u0173 atsitikim\u0173 d\u0117l vir\u0161sl\u0117gio. Operatoriai taip pat tur\u0117t\u0173 u\u017etikrinti, kad atrankos proceso metu b\u016bt\u0173 laikomasi saugos standart\u0173 ir taisykli\u0173.<\/p>\n<h3>Prie\u017ei\u016bra ir remontas<\/h3>\n<p>Renkantis str\u0117l\u0117s cilindr\u0105, labai svarbus aspektas yra prie\u017ei\u016bros paprastumas. Lengvai pasiekiami ir kei\u010diami komponentai suma\u017eina prastovas ir remonto i\u0161laidas. Gamintojai, si\u016blantys i\u0161samias remonto paslaugas ir palaikym\u0105, gali \u017eymiai pailginti hidraulin\u0117s \u012frangos gyvavimo cikl\u0105.<\/p>\n<p><img decoding=\"async\" src=\"https:\/\/www.hydraulic-cylinders.net\/wp-content\/uploads\/2025\/04\/songte-oil-pipes-and-spare-parts.webp\" alt=\"Hidraulini\u0173 cilindr\u0173 dalys\"><\/p>\n<h2>Sandarinimas ir tepimas<\/h2>\n<p>Sandarinimas ir tepimas yra b\u016btini str\u0117l\u0117s cilindr\u0173 veikimui. \u012evair\u016bs sandarinimo komponentai, tokie kaip st\u016bmokli\u0173 ir stryp\u0173 sandarikliai, naudojami hidrauliniam sl\u0117giui palaikyti ir nuot\u0117kiui i\u0161vengti. D\u0117l atsparumo dilimui pirmenyb\u0117 teikiama i\u0161 patvari\u0173 med\u017eiag\u0173, toki\u0173 kaip poliuretanas ir nitrilo kau\u010diukas, pagamintiems sandarikliams. Cilindro korpusas ir srieginiai galiniai pavir\u0161iai yra kruop\u0161\u010diai apdorojami, kad padid\u0117t\u0173 atsparumas dilimui. Reguliarus tepimas hidrauline alyva yra b\u016btinas siekiant u\u017etikrinti skland\u0173 veikim\u0105 ir suma\u017einti trint\u012f cilindro viduje.<\/p>\n<h2>Prevencin\u0117s prie\u017ei\u016bros priemon\u0117s<\/h2>\n<ul>\n<li><strong>Reguliar\u016bs patikrinimai:<\/strong> Reguliar\u016bs patikrinimai padeda nustatyti galimas problemas, kol jos nepa\u016bm\u0117jo. Operatoriai tur\u0117t\u0173 patikrinti, ar n\u0117ra susid\u0117v\u0117jimo po\u017eymi\u0173, nuot\u0117ki\u0173 ir bendr\u0105 cilindro vientisum\u0105.<\/li>\n<li><strong>Savalaikis tepimas:<\/strong> Tinkamo tepimo lygio palaikymas yra labai svarbus cilindro ilgaam\u017ei\u0161kumui. Operatoriai tur\u0117t\u0173 u\u017etikrinti, kad hidraulin\u0117s alyvos lygis b\u016bt\u0173 papildytas ir kad alyvos kokyb\u0117 atitikt\u0173 reikiamus reikalavimus.<\/li>\n<li><strong>Sandariklio keitimas:<\/strong> Laikui b\u0117gant, sandarikliai gali susid\u0117v\u0117ti ir juos gali tekti keisti. Reguliariai vertinant sandarikli\u0173 b\u016bkl\u0119 ir kei\u010diant juos pagal poreik\u012f, galima i\u0161vengti nuot\u0117ki\u0173 ir i\u0161laikyti optimal\u0173 veikim\u0105.<\/li>\n<\/ul>\n<h2>\u012erengimo gair\u0117s<\/h2>\n<p>Tinkamas str\u0117l\u0117s cilindr\u0173 montavimas yra labai svarbus j\u0173 veikimui ir saugumui. Pirmiausia \u012fsitikinkite, kad darbo vieta yra \u0161vari ir be \u0161iuk\u0161li\u0173. Tinkamai sulygiuokite cilindr\u0105 su tvirtinimo laikikliais, naudodami tinkamus \u012frankius jam pritvirtinti. Svarbu tolygiai priver\u017eti visus var\u017etus, kad b\u016bt\u0173 i\u0161vengta nesuderinamumo, kuris gali sukelti prie\u0161laikin\u012f gedim\u0105. Montavimo metu naudokite tvirtinimo atramas, kad stabilizuotum\u0117te cilindr\u0105. \u012edieg\u0119, prie\u0161 naudodami \u012frang\u0105, patikrinkite, ar jis tinkamai sulygiuotas ir veikia.<\/p>\n<h2>\u012eprastos prie\u017ei\u016bros u\u017eduotys<\/h2>\n<ul>\n<li><strong>Reguliar\u016bs patikrinimai:<\/strong> Suplanuokite reguliarius susid\u0117v\u0117jimo ir nuot\u0117ki\u0173 patikrinimus, u\u017etikrindami, kad visi komponentai veikt\u0173 efektyviai.<\/li>\n<li><strong>Tinkamas tepimas:<\/strong> Palaikykite gamintojo rekomenduojam\u0105 tepimo lyg\u012f, kad suma\u017eintum\u0117te judan\u010di\u0173 dali\u0173 nusid\u0117v\u0117jim\u0105.<\/li>\n<li><strong>Sandariklio keitimas:<\/strong> Steb\u0117kite sandarikli\u0173 b\u016bkl\u0119 ir prireikus juos pakeiskite, kad i\u0161vengtum\u0117te hidraulinio skys\u010dio nuot\u0117kio ir i\u0161laikytum\u0117te sistemos efektyvum\u0105.<\/li>\n<\/ul>\n<h2>Saugos aspektai ir aplinkos veiksniai<\/h2>\n<p>Dirbant su hidraulin\u0117mis sistemomis, labai svarbios saugos priemon\u0117s. Operatoriai tur\u0117t\u0173 b\u016bti apmokyti saugaus darbo su auk\u0161to sl\u0117gio sistemomis praktikos, kad b\u016bt\u0173 kuo labiau suma\u017einta su auk\u0161to sl\u0117gio sistemomis susijusi rizika. Asmenini\u0173 apsaugos priemoni\u0173 (AAP) naudojimas ir tinkam\u0173 avarini\u0173 protokol\u0173 u\u017etikrinimas gali pad\u0117ti i\u0161vengti nelaiming\u0173 atsitikim\u0173. Be to, siekiant suma\u017einti poveik\u012f aplinkai ir pagerinti tvarum\u0105, reik\u0117t\u0173 rinktis aplinkai nekenksmingus hidraulinius skys\u010dius.<\/p>\n<h2>Da\u017eniausiai pasitaikan\u010di\u0173 problem\u0173 \u0161alinimas<\/h2>\n<ul>\n<li><strong>Nuot\u0117kis:<\/strong> Nustatykite skys\u010dio nuot\u0117kio \u0161altin\u012f, kuris gali kilti i\u0161 pa\u017eeist\u0173 sandarikli\u0173 ar jungiam\u0173j\u0173 detali\u0173. Pakeiskite pa\u017eeistus komponentus, kad atkurtum\u0117te funkcionalum\u0105.<\/li>\n<li><strong>Nepakankamas na\u0161umas:<\/strong> Jei cilindras neveikia skland\u017eiai, patikrinkite, ar hidraulin\u0117se linijose n\u0117ra u\u017esikim\u0161im\u0173 arba ar n\u0117ra \u017eemo skys\u010dio lygio. \u012esitikinkite, kad hidraulin\u0117 alyva yra \u0161vari ir atitinka reikiamas specifikacijas.<\/li>\n<li><strong>Ne\u012fprasti garsai:<\/strong> Ne\u012fprasti garsai veikimo metu gali rodyti vidinius pa\u017eeidimus arba nepakankam\u0105 tepim\u0105. Atlikite i\u0161sam\u0173 patikrinim\u0105, kad nustatytum\u0117te prie\u017east\u012f ir i\u0161spr\u0119stum\u0117te visas problemas.<\/li>\n<\/ul>\n<h2>Produkto kokyb\u0117 ir \u012fmon\u0117s ap\u017evalga<\/h2>\n<p>Esame pirmaujantis pakaitini\u0173 hidraulini\u0173 cilindr\u0173 gamintojas, aptarnaujantis tiek vidaus, tiek tarptautin\u0119 rink\u0105. Platus m\u016bs\u0173 gamini\u0173 asortimentas atspindi m\u016bs\u0173 \u012fsipareigojim\u0105 siekti nepriekai\u0161tingos kokyb\u0117s, kuri\u0105 palaiko efektyvus gamybos procesas. Siekdami padidinti savo gamybos paj\u0117gumus, naudojame pa\u017eangias technologijas, kvalifikuotus darbuotojus ir patikim\u0105 bandym\u0173 sistem\u0105. D\u0117mesys dideliam efektyvumui, tikslumui ir kokybei u\u017etikrina, kad patenkiname \u012fvairius klient\u0173 poreikius, teikdami individualius sprendimus.<\/p>\n<p>M\u016bs\u0173 \u012fmon\u0117 did\u017eiuojasi profesionalia patirtimi, tarptautiniais sertifikatais ir i\u0161samiu garantinio aptarnavimo teikimu. Si\u016blome individualiai pritaikytus produktus, atitinkan\u010dius konkre\u010dius reikalavimus, u\u017etikrindami klient\u0173 pasitenkinim\u0105 ir lojalum\u0105.<\/p>\n<p><img decoding=\"async\" src=\"https:\/\/www.hydraulic-cylinders.net\/wp-content\/uploads\/2025\/04\/songte-company-4.webp\" alt=\"\u012emon\u0117s ap\u017evalga\"><br \/>\n<img decoding=\"async\" src=\"https:\/\/www.hydraulic-cylinders.net\/wp-content\/uploads\/2025\/04\/songte-company-3.webp\" alt=\"\u012emon\u0117s gamybos procesas\"><\/p>\n<p>Autorius: lyl<\/p>","protected":false},"excerpt":{"rendered":"<p>Boom Cylinder For Bobcat Small Excavator E418 Introduction to Boom Cylinders The boom cylinder is a crucial hydraulic component used in various heavy machinery, including excavators, backhoe loaders, and front loaders. It plays a vital role in controlling the movement of the boom, allowing it to elevate, lower, and tilt, which facilitates efficient material handling [&hellip;]<\/p>","protected":false},"featured_media":17876,"comment_status":"open","ping_status":"closed","template":"","meta":{"_et_pb_use_builder":"","_et_pb_old_content":"","_et_gb_content_width":""},"product_brand":[],"product_cat":[1546],"product_tag":[1547,1496],"class_list":{"0":"post-19416","1":"product","2":"type-product","3":"status-publish","4":"has-post-thumbnail","6":"product_cat-boom-cylinders","7":"product_tag-boom-cylinders","8":"product_tag-hydraulic-cylinders","10":"first","11":"instock","12":"shipping-taxable","13":"product-type-simple"},"amp_enabled":true,"_links":{"self":[{"href":"https:\/\/www.hydraulic-cylinders.net\/lt\/wp-json\/wp\/v2\/product\/19416","targetHints":{"allow":["GET"]}}],"collection":[{"href":"https:\/\/www.hydraulic-cylinders.net\/lt\/wp-json\/wp\/v2\/product"}],"about":[{"href":"https:\/\/www.hydraulic-cylinders.net\/lt\/wp-json\/wp\/v2\/types\/product"}],"replies":[{"embeddable":true,"href":"https:\/\/www.hydraulic-cylinders.net\/lt\/wp-json\/wp\/v2\/comments?post=19416"}],"wp:featuredmedia":[{"embeddable":true,"href":"https:\/\/www.hydraulic-cylinders.net\/lt\/wp-json\/wp\/v2\/media\/17876"}],"wp:attachment":[{"href":"https:\/\/www.hydraulic-cylinders.net\/lt\/wp-json\/wp\/v2\/media?parent=19416"}],"wp:term":[{"taxonomy":"product_brand","embeddable":true,"href":"https:\/\/www.hydraulic-cylinders.net\/lt\/wp-json\/wp\/v2\/product_brand?post=19416"},{"taxonomy":"product_cat","embeddable":true,"href":"https:\/\/www.hydraulic-cylinders.net\/lt\/wp-json\/wp\/v2\/product_cat?post=19416"},{"taxonomy":"product_tag","embeddable":true,"href":"https:\/\/www.hydraulic-cylinders.net\/lt\/wp-json\/wp\/v2\/product_tag?post=19416"}],"curies":[{"name":"wp","href":"https:\/\/api.w.org\/{rel}","templated":true}]}}