{"id":19427,"date":"2025-04-07T06:34:11","date_gmt":"2025-04-07T06:34:11","guid":{"rendered":"https:\/\/www.hydraulic-cylinders.net\/product\/boom-cylinder-for-kubota-small-excavator-u-185-3\/"},"modified":"2025-04-07T06:34:14","modified_gmt":"2025-04-07T06:34:14","slug":"boom-cylinder-for-kubota-small-excavator-u-185-3","status":"publish","type":"product","link":"https:\/\/www.hydraulic-cylinders.net\/lt\/produktas\/boom-cylinder-for-kubota-small-excavator-u-185-3\/","title":{"rendered":"Kubota ma\u017eo ekskavatoriaus U-185-3 str\u0117l\u0117s cilindras"},"content":{"rendered":"<h1>Kubota ma\u017eo ekskavatoriaus U-185-3 str\u0117l\u0117s cilindras<\/h1>\n<h2>Produkto apibr\u0117\u017eimas ir ap\u017evalga<\/h2>\n<p>\u201eKubota\u201c ma\u017eojo ekskavatoriaus U-185-3 str\u0117l\u0117s cilindras yra gyvybi\u0161kai svarbus sunkiosios technikos hidraulin\u0117s sistemos komponentas. \u0160ie cilindrai yra specialiai sukurti valdyti kau\u0161\u0173 jud\u0117jim\u0105 \u012fvairioje sunkiojoje technikoje, pavyzd\u017eiui, ekskavatoriuose, ekskavatoriuose ir frontaliniuose krautuvuose. Pagrindin\u0117 kau\u0161o cilindro funkcija yra leisti kau\u0161ui pakilti, nuleisti ir pakreipti, taip palengvinant efektyv\u0173 med\u017eiag\u0173 tvarkym\u0105. Kau\u0161o cilindras, kaip hidraulinio cilindro tipas, naudoja hidraulin\u012f skyst\u012f mechaninei j\u0117gai sukurti, kuri yra b\u016btina sud\u0117ting\u0173 ma\u0161in\u0173 veikimui.<\/p>\n<p><img decoding=\"async\" src=\"https:\/\/www.hydraulic-cylinders.net\/wp-content\/uploads\/2025\/04\/songte-company-1.webp\" alt=\"Ekskavatori\u0173 str\u0117l\u0117s cilindras\"><\/p>\n<h2>Str\u0117l\u0117s cilindro savyb\u0117s<\/h2>\n<ul>\n<li><strong>Didelis stiprumas ir ilgaam\u017ei\u0161kumas:<\/strong> \u0160ie cilindrai, pagaminti i\u0161 didelio stiprumo plieno arba aliuminio, gali atlaikyti auk\u0161t\u0105 sl\u0117g\u012f ir dideles apkrovas, tod\u0117l tinka at\u0161iaurioms darbo aplinkoms. Jie sukurti atsi\u017evelgiant \u012f atsparum\u0105 dilimui ir korozijai, taip pailginant j\u0173 tarnavimo laik\u0105.<\/li>\n<li><strong>Efektyvus hidraulinis valdymas:<\/strong> Cilindras naudoja hidraulinio skys\u010dio sl\u0117g\u012f, kad skland\u017eiai i\u0161skleist\u0173 ir atitraukt\u0173, tod\u0117l greitai reaguoti \u012f valdymo komandas ir u\u017etikrinti galingas st\u016bmimo bei traukimo galimybes, kurios yra b\u016btinos tvarkant sunkius objektus ir atliekant sud\u0117tingas u\u017eduotis.<\/li>\n<li><strong>\u012evair\u016bs tipai:<\/strong> Priklausomai nuo konkre\u010di\u0173 poreiki\u0173, vartotojai gali rinktis vieno veikimo cilindrus (hidraulinis veikimas viena kryptimi) arba dvigubo veikimo cilindrus (hidraulinis veikimas dviem kryptimis). Kai kurie modeliai yra teleskopin\u0117s konstrukcijos, leid\u017eian\u010dios didesn\u012f i\u0161pl\u0117tim\u0105 nedidinant i\u0161orini\u0173 matmen\u0173, tod\u0117l idealiai tinka naudoti ribotoje erdv\u0117je.<\/li>\n<li><strong>Universalios taikymo sritys:<\/strong> M\u016bs\u0173 cilindrai, tinkantys \u012fvairiai sunkiajai technikai, gali puikiai pakeisti esamus hidraulinius cilindrus \u012fvairiuose modeliuose.<\/li>\n<li><strong>Novatori\u0161kas dizainas:<\/strong> M\u016bs\u0173 str\u0117l\u0117s cilindrai, skirti efektyvumo didinimui, yra sukurti taip, kad juos b\u016bt\u0173 lengva integruoti \u012f esamas sistemas, taip suma\u017einant prastovas kei\u010diant.<\/li>\n<\/ul>\n<p><img decoding=\"async\" src=\"https:\/\/www.hydraulic-cylinders.net\/wp-content\/uploads\/2025\/04\/songte-cylinder-head-with-all-kinds-excavator-models.webp\" alt=\"Cilindr\u0173 suderinamumas\"><\/p>\n<h2>Str\u0117l\u0117s cilindro pritaikymas<\/h2>\n<h3>Statybin\u0117 \u012franga<\/h3>\n<p>Str\u0117l\u0117s cilindras da\u017eniausiai randamas ekskavatoriuose, kur jis atlieka labai svarb\u0173 vaidmen\u012f kasant, kraunant ir transportuojant \u017eem\u0119 ar \u0161iuk\u0161les. Ekskavatoriuose kau\u0161o cilindras padeda ne tik kasant, bet ir k\u0117limo operacijose. Jo konstrukcija u\u017etikrina puik\u0173 valdym\u0105 ir na\u0161um\u0105, tod\u0117l operatoriai gali efektyviai atlikti tikslius judesius.<\/p>\n<h3>\u017dem\u0117s \u016bkio technika<\/h3>\n<p>Priekiniuose krautuvuose str\u0117l\u0117s cilindras yra b\u016btinas dirvo\u017eemio, \u0161ieno ir kit\u0173 med\u017eiag\u0173 k\u0117limui, k\u0117limui ir transportavimui. Cilindro tiekiama hidraulin\u0117 galia u\u017etikrina skland\u0173 veikim\u0105, leid\u017eiant\u012f efektyviai tvarkyti \u012fvairius birius produktus, u\u017etikrinant minimalias operatoriaus pastangas.<\/p>\n<h3>Ekskavatoriai<\/h3>\n<p>Ekskavatori\u0173 kau\u0161o cilindras leid\u017eia kau\u0161ui efektyviai \u012fsiskverbti \u012f grunt\u0105, palengvindamas gilius kasimo darbus. Tvirta konstrukcija atlaiko sunkius k\u0117limo darbus, reikalingus kasimo darbams, u\u017etikrindama patikimum\u0105 ir efektyvum\u0105 darbo vietose.<\/p>\n<h3>Krautuvai<\/h3>\n<p>Priekiniuose krautuvuose str\u0117l\u0117s cilindras yra labai svarbus kroviniams kelti ir i\u0161versti. Jo hidraulin\u0117s galimyb\u0117s u\u017etikrina, kad sunkias med\u017eiagas b\u016bt\u0173 galima lengvai tvarkyti, taip padidinant na\u0161um\u0105 ir suma\u017einant operatori\u0173 fizin\u012f kr\u016bv\u012f.<\/p>\n<h2>Projektavimo aspektai ir atrankos kriterijai<\/h2>\n<h3>Keliamoji galia<\/h3>\n<p>Renkantis str\u0117l\u0117s cilindr\u0105, svarbiausia yra keliamoji galia. Ji lemia, kiek svorio cilindras gali efektyviai pakelti nerizikuodamas sugesti. Norint u\u017etikrinti optimal\u0173 na\u0161um\u0105, b\u016btina suprasti konkre\u010dius j\u016bs\u0173 ma\u0161inos reikalavimus ir tvarkom\u0173 med\u017eiag\u0173 tipus. Nepakankamos keliamosios galios cilindras gali lemti eksploatacinius neefektyvumus ir padid\u0117jus\u012f nusid\u0117v\u0117jim\u0105, d\u0117l to gali prireikti brangaus remonto ir prastov\u0173.<\/p>\n<h3>Sandarinimo mechanizmai<\/h3>\n<p>Efektyvus sandarinimas yra labai svarbus norint palaikyti hidraulin\u012f sl\u0117g\u012f ir i\u0161vengti nuot\u0117ki\u0173. Auk\u0161tos kokyb\u0117s sandarikliai, tokie kaip st\u016bmokli\u0173 ir kot\u0173 sandarikliai, yra b\u016btini cilindro ilgaam\u017ei\u0161kumui ir funkcionalumui. Pasirinkus sandariklius, pagamintus i\u0161 patvari\u0173 med\u017eiag\u0173, toki\u0173 kaip poliuretanas arba nitrilo kau\u010diukas, galima \u017eymiai pagerinti cilindro na\u0161um\u0105 ir tarnavimo laik\u0105, suma\u017einant prie\u017ei\u016bros poreik\u012f.<\/p>\n<h3>Patvarumas<\/h3>\n<p>Patvarumas yra pagrindinis str\u0117l\u0117s cilindr\u0173 konstrukcijos veiksnys. Jie turi atlaikyti at\u0161iaurias darbo s\u0105lygas, \u012fskaitant purvo, dr\u0117gm\u0117s ir ekstremali\u0173 temperat\u016br\u0173 poveik\u012f. Gerai suprojektuotas cilindras pasi\u017eymi savyb\u0117mis, kurios padidina atsparum\u0105 dilimui ir apsaug\u0105 nuo korozijos, u\u017etikrindamos patikim\u0105 veikim\u0105 laikui b\u0117gant. Gamintojai tur\u0117t\u0173 teikti pirmenyb\u0119 pa\u017eangioms med\u017eiagoms ir konstrukcijos technologijoms, kad pagerint\u0173 bendr\u0105 savo gamini\u0173 patvarum\u0105.<\/p>\n<h3>Saugos funkcijos<\/h3>\n<p>Saugumas yra labai svarbus balion\u0173 konstrukcijos aspektas. Tokios savyb\u0117s kaip sl\u0117gio ma\u017einimo vo\u017etuvai ir tvirta konstrukcija yra b\u016btinos siekiant i\u0161vengti katastrofi\u0161k\u0173 gedim\u0173. Operatoriai turi b\u016bti tikri, kad \u012franga veiks nerizikuodami savo ar kit\u0173 darbo vietoje esan\u010di\u0173 asmen\u0173 saugumu. Reguliarus techninis aptarnavimas ir saugos gairi\u0173 laikymasis dar labiau padidins eksploatavimo saug\u0105.<\/p>\n<h3>Prie\u017ei\u016bra<\/h3>\n<p>Renkantis str\u0117l\u0117s cilindr\u0105, prioritetas taip pat tur\u0117t\u0173 b\u016bti lengva prie\u017ei\u016bra. Lengvai prieinami ir kei\u010diami komponentai ilgainiui gali sutaupyti laiko ir suma\u017einti i\u0161laidas. Reguliarus technin\u0117s prie\u017ei\u016bros grafikas gali pad\u0117ti nustatyti galimas problemas, kol jos dar nepasikeit\u0117, u\u017etikrinant, kad cilindras veikt\u0173 efektyviai vis\u0105 jo eksploatavimo laik\u0105.<\/p>\n<p><img decoding=\"async\" src=\"https:\/\/www.hydraulic-cylinders.net\/wp-content\/uploads\/2025\/04\/songte-oil-pipes-and-spare-parts.webp\" alt=\"Hidrauliniai komponentai\"><\/p>\n<h2>Sandarinimas ir tepimas<\/h2>\n<p>Sandarinimas ir tepimas yra gyvybi\u0161kai svarb\u016bs hidraulini\u0173 cilindr\u0173 funkcionalumo palaikymo aspektai. \u012evairi\u0173 sandarinimo komponent\u0173, toki\u0173 kaip st\u016bmokli\u0173 ir stryp\u0173 sandarikliai, naudojimas yra b\u016btinas siekiant i\u0161vengti hidraulinio skys\u010dio nuot\u0117kio. \u0160ie sandarikliai da\u017enai gaminami i\u0161 toki\u0173 med\u017eiag\u0173 kaip poliuretanas ir nitrilo kau\u010diukas, \u017einom\u0173 d\u0117l savo atsparumo dilimui. Be to, cilindro korpusas ir srieginiai galiniai pavir\u0161iai yra kruop\u0161\u010diai apdorojami, siekiant padidinti atsparum\u0105 dilimui ir prisid\u0117ti prie bendro cilindro patvarumo.<\/p>\n<p>Reguliarus tepimas yra labai svarbus norint u\u017etikrinti skland\u0173 hidraulini\u0173 sistem\u0173 veikim\u0105. Operatoriai tur\u0117t\u0173 u\u017etikrinti, kad periodi\u0161kai b\u016bt\u0173 \u012fpilama pakankamai hidraulin\u0117s alyvos judan\u010dioms dalims sutepti, kad b\u016bt\u0173 i\u0161vengta susid\u0117v\u0117jimo ir perkaitimo. Gerai suteptas cilindras ne tik veiks geriau, bet ir tarnaus ilgiau, tod\u0117l reik\u0117s re\u010diau remontuoti.<\/p>\n<h2>Reguliar\u016bs patikrinimai ir prevencin\u0117s prie\u017ei\u016bros priemon\u0117s<\/h2>\n<ul>\n<li><strong>Reguliar\u016bs patikrinimai:<\/strong> Reguliariai patikrinkite hidraulin\u012f cilindr\u0105, kad nustatytum\u0117te bet kokius susid\u0117v\u0117jimo, nuot\u0117ki\u0173 ar pa\u017eeidim\u0173 po\u017eymius. Ankstyvas aptikimas gali pad\u0117ti i\u0161vengti dideli\u0173 gedim\u0173 ir brangaus remonto.<\/li>\n<li><strong>Tinkamas tepimas:<\/strong> \u012esitikinkite, kad hidraulin\u0117s alyvos lygis yra tinkamas ir joje n\u0117ra ter\u0161al\u0173. Tinkamas tepimas suma\u017eina trint\u012f ir nusid\u0117v\u0117jim\u0105, pailgindamas cilindro tarnavimo laik\u0105.<\/li>\n<li><strong>Sandariklio keitimas:<\/strong> Reguliariai steb\u0117kite tarpikli\u0173 b\u016bkl\u0119 ir keiskite juos pagal poreik\u012f. Susid\u0117v\u0117j\u0119 tarpikliai gali sukelti skys\u010dio nuot\u0117k\u012f ir suma\u017einti efektyvum\u0105.<\/li>\n<\/ul>\n<h2>\u012erengimo gair\u0117s<\/h2>\n<p>Tinkamas str\u0117l\u0117s cilindro montavimas yra labai svarbus norint u\u017etikrinti optimal\u0173 na\u0161um\u0105. Prad\u0117kite valydami tvirtinimo viet\u0105, kad pa\u0161alintum\u0117te visas \u0161iuk\u0161les, kurios gal\u0117t\u0173 trukdyti lygiavimui. Tinkamai sulygiuokite cilindr\u0105 su mechanizmo tvirtinimo ta\u0161kais ir naudokite tinkamus tvirtinimo laikiklius, kad pritvirtintum\u0117te cilindr\u0105 vietoje. \u0160is lygiavimas yra labai svarbus siekiant i\u0161vengti per didelio cilindro \u012ftempimo eksploatacijos metu.<\/p>\n<p>Laikykit\u0117s gamintojo nurodym\u0173 d\u0117l var\u017et\u0173 sukimo moment\u0173 nustatym\u0173 ir \u012fsitikinkite, kad jie tinkamai priver\u017eti. Taip pat svarbu patikrinti hidraulini\u0173 jung\u010di\u0173 sandarum\u0105 po \u012frengimo. \u012erengus \u012frang\u0105, prie\u0161 pradedant darb\u0105, j\u0105 reikia paleisti \u017eemu sl\u0117giu, kad \u012fsitikintum\u0117te, jog viskas veikia tinkamai.<\/p>\n<h2>Prie\u017ei\u016bros u\u017eduotys<\/h2>\n<ul>\n<li><strong>Reguliar\u016bs patikrinimai:<\/strong> Norint anksti pasteb\u0117ti bet kokius susid\u0117v\u0117jimo ar pa\u017eeidimo po\u017eymius, b\u016btina da\u017enai atlikti hidraulinio cilindro ap\u017ei\u016bras. \u0160i\u0173 ap\u017ei\u016br\u0173 grafiko \u012fgyvendinimas padeda i\u0161laikyti \u012frangos patikimum\u0105.<\/li>\n<li><strong>Tinkamas tepimas:<\/strong> U\u017etikrinkite, kad hidraulin\u0117s alyvos lygis b\u016bt\u0173 nuolat tinkamas, ir keiskite j\u0105 pagal gamintojo rekomendacijas. Tai suma\u017eina trint\u012f, pagerina na\u0161um\u0105 ir pailgina cilindro tarnavimo laik\u0105.<\/li>\n<li><strong>Sandariklio keitimo ir kalibravimo patikrinimai:<\/strong> Reguliariai tikrinkite sandarikli\u0173 susid\u0117v\u0117jim\u0105 ir prireikus juos pakeiskite, kad i\u0161vengtum\u0117te nuot\u0117ki\u0173. Kalibravimo patikrinimai u\u017etikrina, kad cilindras veikt\u0173 pagal gamintojo specifikacijas, taip padidindami efektyvum\u0105 ir saug\u0105.<\/li>\n<\/ul>\n<p>Montuodami \u012fsitikinkite, kad cilindras yra tinkamai sulygiuotas, kad i\u0161vengtum\u0117te bet koki\u0173 nesuderinamumo problem\u0173, kurios gali sukelti gedim\u0105. Tinkam\u0173 tvirtinimo laikikli\u0173 naudojimas yra b\u016btinas cilindro tvirtinimui, o reguliari hidraulini\u0173 jung\u010di\u0173 patikra gali pad\u0117ti i\u0161vengti nuot\u0117ki\u0173. Supratimas apie kei\u010diamas dalis ir technin\u0117s prie\u017ei\u016bros plano tur\u0117jimas gali \u017eymiai pailginti str\u0117l\u0117s cilindro tarnavimo laik\u0105.<\/p>\n<p><img decoding=\"async\" src=\"https:\/\/www.hydraulic-cylinders.net\/wp-content\/uploads\/2025\/04\/songte-chushion-collar.webp\" alt=\"Pagalv\u0117l\u0117s apykakl\u0117\"><\/p>\n<h2>Saugos aspektai ir aplinkos veiksniai<\/h2>\n<p>Saugos priemoni\u0173 \u012fdiegimas naudojant str\u0117l\u0117s cilindrus yra nepaprastai svarbus. Operatoriai tur\u0117t\u0173 b\u016bti apmokyti saugaus darbo proced\u016br\u0173 ir u\u017etikrinti, kad visos cilindro saugos funkcijos veikt\u0173. \u0160ie mokymai u\u017etikrina, kad darbuotojai \u017einot\u0173 apie galimus pavojus ir kaip juos veiksmingai su\u0161velninti. Aplinkos veiksniai taip pat vaidina svarb\u0173 vaidmen\u012f, nes darbas nepalankiomis oro s\u0105lygomis gali tur\u0117ti \u012ftakos hidraulini\u0173 sistem\u0173 veikimui ir ilgaam\u017ei\u0161kumui. Reik\u0117t\u0173 imtis tinkam\u0173 atsargumo priemoni\u0173, kad \u012franga b\u016bt\u0173 apsaugota nuo ekstremali\u0173 s\u0105lyg\u0173, siekiant u\u017etikrinti patikim\u0105 veikim\u0105.<\/p>\n<h2>Gedim\u0173 diagnostika ir da\u017eniausios problemos<\/h2>\n<ul>\n<li><strong>Nuot\u0117kis:<\/strong> Viena i\u0161 da\u017eniausiai pasitaikan\u010di\u0173 problem\u0173 yra skys\u010di\u0173 nuot\u0117kis, kur\u012f da\u017enai galima susieti su susid\u0117v\u0117jusiomis tarpin\u0117mis arba netinkamu montavimu. Reguliarios patikros gali pad\u0117ti anksti nustatyti nuot\u0117kius.<\/li>\n<li><strong>Prastas na\u0161umas:<\/strong> Jei cilindras neveikia taip, kaip tik\u0117tasi, tai gali b\u016bti d\u0117l nepakankamo hidraulinio skys\u010dio arba sistemoje \u012fstrigusio oro. \u0160ias problemas reikia nedelsiant i\u0161spr\u0119sti, kad b\u016bt\u0173 atkurtas funkcionalumas.<\/li>\n<li><strong>Perkaitimas:<\/strong> D\u0117l per didelio kar\u0161\u010dio hidraulinis skystis gali sugesti, o tai gali sukelti sistemos gedim\u0105. Kad i\u0161vengtum\u0117te perkaitimo, hidraulin\u0117 alyva turi b\u016bti kei\u010diama pagal gamintojo rekomendacijas.<\/li>\n<\/ul>\n<h2>Trik\u010di\u0173 \u0161alinimo patarimai<\/h2>\n<p>Nor\u0117dami efektyviai pa\u0161alinti str\u0117l\u0117s cilindro problemas, pirmiausia patikrinkite, ar n\u0117ra matom\u0173 nuot\u0117ki\u0173, ir \u012fsitikinkite, kad visi sandarikliai nepa\u017eeisti. Jei na\u0161umas prastas, patikrinkite hidraulinio skys\u010dio lyg\u012f ir patikrinkite, ar sistemoje n\u0117ra oro burbuliuk\u0173, d\u0117l kuri\u0173 gali tekti i\u0161leisti or\u0105 i\u0161 sistemos. Be to, steb\u0117kite darbin\u0119 temperat\u016br\u0105; jei cilindras perkaista, patikrinkite, ar n\u0117ra galim\u0173 u\u017esikim\u0161im\u0173 ar u\u017eter\u0161tos hidraulin\u0117s alyvos. Prevencin\u0117s priemon\u0117s tur\u0117t\u0173 apimti \u012fprastinius technin\u0117s prie\u017ei\u016bros grafikus ir eksploatavimo gairi\u0173 laikym\u0105si, siekiant suma\u017einti galimas problemas.<\/p>\n<p><img decoding=\"async\" src=\"https:\/\/www.hydraulic-cylinders.net\/wp-content\/uploads\/2025\/04\/songte-bushings-with-all-kinds-of-excavator-models.webp\" alt=\"Ekskavatoriaus \u012fvor\u0117s\"><\/p>\n<h2>Apie m\u016bs\u0173 \u012fmon\u0119<\/h2>\n<p>Esame pirmaujantis pakaitini\u0173 hidraulini\u0173 cilindr\u0173 gamintojas, si\u016blantis plat\u0173 gamini\u0173 asortiment\u0105. M\u016bs\u0173 \u012fsipareigojimas siekti meistri\u0161kumo leido mums tapti vienais i\u0161 geriausi\u0173 hidraulini\u0173 cilindr\u0173 gamintoj\u0173 ir didmenini\u0173 platintoj\u0173 tiek vidaus, tiek tarptautin\u0117se rinkose. Laikom\u0117s \u012f kokyb\u0119 orientuotos gamybos valdymo strategijos, kuri\u0105 palaiko patobulintas gamybos cechas.<\/p>\n<p>M\u016bs\u0173 \u012fmon\u0117 investuoja \u012f techninius specialistus, auk\u0161\u010diausios klas\u0117s skaitmenin\u0119 gamybos \u012frang\u0105 ir profesionalias testavimo sistemas. \u0160is nuolatinis tobul\u0117jimas didina m\u016bs\u0173 gamybos paj\u0117gumus, leisdamas mums patenkinti \u012fvairius klient\u0173 poreikius dideliu efektyvumu, tikslumu ir kokybe.<\/p>\n<p>Taip pat si\u016blome individualiai pritaikytas paslaugas, pritaikytas konkretiems reikalavimams, u\u017etikrindami, kad m\u016bs\u0173 klientai gaut\u0173 geriausius sprendimus savo hidrauliniams poreikiams. M\u016bs\u0173 gamybos \u012franga yra moderniausia, tod\u0117l galime i\u0161laikyti auk\u0161tus standartus viso gamybos proceso metu. Did\u017eiuojam\u0117s i\u0161skirtiniu aptarnavimu po pardavimo, u\u017etikrinan\u010diu, kad m\u016bs\u0173 klientai gaut\u0173 palaikym\u0105 ilgai po pirkimo.<\/p>\n<p><img decoding=\"async\" src=\"https:\/\/www.hydraulic-cylinders.net\/wp-content\/uploads\/2025\/04\/songte-company-4.webp\" alt=\"\u012emon\u0117s ap\u017evalga\"><\/p>\n<p><img decoding=\"async\" src=\"https:\/\/www.hydraulic-cylinders.net\/wp-content\/uploads\/2025\/04\/songte-company-3.webp\" alt=\"Gamybos \u012fmon\u0117\"><\/p>\n<p>Autorius: lyl<\/p>","protected":false},"excerpt":{"rendered":"<p>Boom Cylinder For Kubota Small Excavator U-185-3 Product Definition and Overview The Boom Cylinder for Kubota Small Excavator U-185-3 is a vital component in the hydraulic system of heavy machinery. These cylinders are specifically designed to control the movement of buckets in various heavy equipment, such as excavators, backhoes, and front loaders. The primary function [&hellip;]<\/p>","protected":false},"featured_media":17872,"comment_status":"open","ping_status":"closed","template":"","meta":{"_et_pb_use_builder":"","_et_pb_old_content":"","_et_gb_content_width":""},"product_brand":[],"product_cat":[1546],"product_tag":[1547,1496],"class_list":{"0":"post-19427","1":"product","2":"type-product","3":"status-publish","4":"has-post-thumbnail","6":"product_cat-boom-cylinders","7":"product_tag-boom-cylinders","8":"product_tag-hydraulic-cylinders","10":"first","11":"instock","12":"shipping-taxable","13":"product-type-simple"},"amp_enabled":true,"_links":{"self":[{"href":"https:\/\/www.hydraulic-cylinders.net\/lt\/wp-json\/wp\/v2\/product\/19427","targetHints":{"allow":["GET"]}}],"collection":[{"href":"https:\/\/www.hydraulic-cylinders.net\/lt\/wp-json\/wp\/v2\/product"}],"about":[{"href":"https:\/\/www.hydraulic-cylinders.net\/lt\/wp-json\/wp\/v2\/types\/product"}],"replies":[{"embeddable":true,"href":"https:\/\/www.hydraulic-cylinders.net\/lt\/wp-json\/wp\/v2\/comments?post=19427"}],"wp:featuredmedia":[{"embeddable":true,"href":"https:\/\/www.hydraulic-cylinders.net\/lt\/wp-json\/wp\/v2\/media\/17872"}],"wp:attachment":[{"href":"https:\/\/www.hydraulic-cylinders.net\/lt\/wp-json\/wp\/v2\/media?parent=19427"}],"wp:term":[{"taxonomy":"product_brand","embeddable":true,"href":"https:\/\/www.hydraulic-cylinders.net\/lt\/wp-json\/wp\/v2\/product_brand?post=19427"},{"taxonomy":"product_cat","embeddable":true,"href":"https:\/\/www.hydraulic-cylinders.net\/lt\/wp-json\/wp\/v2\/product_cat?post=19427"},{"taxonomy":"product_tag","embeddable":true,"href":"https:\/\/www.hydraulic-cylinders.net\/lt\/wp-json\/wp\/v2\/product_tag?post=19427"}],"curies":[{"name":"wp","href":"https:\/\/api.w.org\/{rel}","templated":true}]}}