{"id":19432,"date":"2025-04-07T06:34:27","date_gmt":"2025-04-07T06:34:27","guid":{"rendered":"https:\/\/www.hydraulic-cylinders.net\/product\/boom-cylinder-for-takeuchi-small-excavator-tb285c\/"},"modified":"2025-04-07T06:34:29","modified_gmt":"2025-04-07T06:34:29","slug":"boom-cylinder-for-takeuchi-small-excavator-tb285c","status":"publish","type":"product","link":"https:\/\/www.hydraulic-cylinders.net\/lt\/produktas\/boom-cylinder-for-takeuchi-small-excavator-tb285c\/","title":{"rendered":"Str\u0117l\u0117s cilindras Takeuchi ma\u017eam ekskavatoriui TB285C"},"content":{"rendered":"<h1>Str\u0117l\u0117s cilindras Takeuchi ma\u017eam ekskavatoriui TB285C<\/h1>\n<h2>Produkto ap\u017evalga<\/h2>\n<p>\u201eTakeuchi Small Excavator TB285C\u201c str\u0117l\u0117s cilindras yra specializuotas hidraulinis komponentas, skirtas valdyti ekskavatoriaus str\u0117l\u0117s jud\u0117jim\u0105. \u0160is hidraulinis cilindras leid\u017eia str\u0117lei pakelti, nuleisti ir pakreipti, taip palengvinant efektyv\u0173 med\u017eiag\u0173 tvarkym\u0105. Kau\u0161o cilindras yra b\u016btinas \u012fvairiose sunkiosiose ma\u0161inose, tokiose kaip ekskavatoriai, ekskavatoriai ir frontaliniai krautuvai, leid\u017eiantis operatoriams atlikti \u012fvairias u\u017eduotis tiksliai ir tvirtai.<\/p>\n<p><img decoding=\"async\" src=\"https:\/\/www.hydraulic-cylinders.net\/wp-content\/uploads\/2025\/04\/songte-company-1.webp\" alt=\"Str\u0117l\u0117s cilindras Takeuchi ma\u017eam ekskavatoriui\" \/><\/p>\n<h2>Pagrindin\u0117s savyb\u0117s<\/h2>\n<ul>\n<li><strong>Didelis stiprumas ir ilgaam\u017ei\u0161kumas:<\/strong> \u0160ie cilindrai, pagaminti i\u0161 didelio stiprumo plieno arba aliuminio, atlaiko didel\u012f sl\u0117g\u012f ir dideles apkrovas, tod\u0117l tinka at\u0161iaurioms darbo s\u0105lygoms. J\u0173 konstrukcijoje pirmenyb\u0117 teikiama atsparumui dilimui ir korozijai, o tai \u017eymiai pailgina j\u0173 tarnavimo laik\u0105.<\/li>\n<li><strong>Efektyvus hidraulinis valdymas:<\/strong> Str\u0117l\u0117s cilindras naudoja hidraulin\u0117s alyvos sl\u0117g\u012f, kad str\u0117l\u0117 skland\u017eiai i\u0161skleist\u0173 ir atitraukt\u0173 str\u0117l\u0119, tod\u0117l greitai reaguojama \u012f valdymo komandas ir u\u017etikrinama didel\u0117 st\u016bmimo bei traukimo j\u0117ga, tod\u0117l tai idealiai tinka sunkiems daiktams tvarkyti ir sud\u0117tingoms u\u017eduotims atlikti.<\/li>\n<li><strong>\u012evair\u016bs tipai:<\/strong> \u0160ie cilindrai, tiekiami vienpusio veikimo (veikiantys viena kryptimi) arba dvipusio veikimo (veikiantys abiem kryptimis), atitinka \u012fvairius eksploatacinius poreikius. Kai kurie modeliai pasi\u017eymi teleskopine konstrukcija, kuri leid\u017eia labiau prailginti nedidinant i\u0161orini\u0173 matmen\u0173, tod\u0117l puikiai tinka naudoti ank\u0161tose erdv\u0117se.<\/li>\n<li><strong>Suderinamumas:<\/strong> M\u016bs\u0173 gaminiai gali puikiai pakeisti esamus hidraulinius cilindrus \u012fvairiuose ekskavatori\u0173 modeliuose, u\u017etikrindami skland\u0173 integravim\u0105 ir na\u0161um\u0105.<\/li>\n<li><strong>Individual\u016bs sprendimai:<\/strong> Si\u016blome individualiai pritaikytus sprendimus, kad patenkintume konkre\u010dius klient\u0173 reikalavimus, u\u017etikrindami, kad m\u016bs\u0173 produktai atitikt\u0173 \u012fvairius veiklos poreikius.<\/li>\n<\/ul>\n<p><img decoding=\"async\" src=\"https:\/\/www.hydraulic-cylinders.net\/wp-content\/uploads\/2025\/04\/songte-cylinder-head-with-all-kinds-excavator-models.webp\" alt=\"Ekskavatori\u0173 modeli\u0173 suderinamumas\" \/><\/p>\n<h2>Parai\u0161kos<\/h2>\n<h3>Statybin\u0117 \u012franga<\/h3>\n<p>Ekskavatoriuose str\u0117l\u0117s cilindrai yra labai svarb\u016bs kasant, kraunant ir perkeliant grunt\u0105 ar \u0161iuk\u0161les. J\u0173 geb\u0117jimas suteikti reikiam\u0105 j\u0117g\u0105 \u0161iems veiksmams daro juos nepakei\u010diamais statybviet\u0117se, kur efektyvumas ir galia yra nepaprastai svarb\u016bs.<\/p>\n<h3>\u017dem\u0117s \u016bkio technika<\/h3>\n<p>Priekiniuose krautuvuose str\u0117l\u0117s cilindrai naudojami dirvo\u017eemiui, \u0161ienui ir kitoms med\u017eiagoms semti, kelti ir transportuoti. J\u0173 konstrukcija leid\u017eia skland\u017eiai dirbti \u017eem\u0117s \u016bkio aplinkoje, kur efektyvus med\u017eiag\u0173 perk\u0117limas gali padidinti na\u0161um\u0105.<\/p>\n<h3>Ekskavatoriai<\/h3>\n<p>Ekskavatoriai naudoja str\u0117l\u0117s cilindrus, kad efektyviai \u012fsiskverbt\u0173 \u012f \u017eem\u0119 ir palengvint\u0173 kasimo veiksmus. Tai leid\u017eia operatoriams atlikti \u012fvairias u\u017eduotis \u2013 nuo \u200b\u200bpamat\u0173 darb\u0173 iki \u017eem\u0117s valymo, o tai \u012frodo cilindro universalum\u0105.<\/p>\n<h3>Krautuvai<\/h3>\n<p>Priekiniuose krautuvuose str\u0117l\u0117s cilindrai padeda efektyviai pakelti ir i\u0161versti med\u017eiagas. \u0160i galimyb\u0117 yra b\u016btina statybos ir kra\u0161tovaizd\u017eio tvarkymo darbuose, kur med\u017eiag\u0173 tvarkymas yra kasdienis poreikis.<\/p>\n<h2>Projektavimo aspektai ir atrankos kriterijai<\/h2>\n<h3>Keliamoji galia<\/h3>\n<p>Renkantis str\u0117l\u0117s cilindr\u0105, b\u016btina atsi\u017evelgti \u012f keliam\u0105j\u0105 gali\u0105. Cilindro keliamoji galia lemia maksimal\u0173 svor\u012f, kur\u012f jis gali pakelti arba saugiai valdyti. Keliamosios galios nepakankamas \u012fvertinimas gali sukelti mechaninius gedimus arba pavoj\u0173 saugai. Tod\u0117l labai svarbu \u012fvertinti konkre\u010dius ekskavatoriaus reikalavimus ir numatom\u0105 apkrovos dinamik\u0105, kad b\u016bt\u0173 galima pasirinkti tinkam\u0105 cilindr\u0105.<\/p>\n<h3>Sandarinimo kokyb\u0117<\/h3>\n<p>Sandarinimo kokyb\u0117 yra gyvybi\u0161kai svarbi hidraulini\u0173 cilindr\u0173 ilgaam\u017ei\u0161kumui ir efektyvumui. Auk\u0161tos kokyb\u0117s sandarikliai apsaugo nuo hidraulinio skys\u010dio nuot\u0117kio, kuris gali pakenkti na\u0161umui ir sukelti dideli\u0173 remonto i\u0161laid\u0173. Pasirinkus cilindrus su tvirtais sandarinimo mechanizmais, u\u017etikrinama minimali prie\u017ei\u016bra ir maksimalus veikimo laikas.<\/p>\n<h3>Patvarumas<\/h3>\n<p>Patvarumas yra pagrindinis str\u0117l\u0117s cilindr\u0173 konstrukcijos veiksnys. Jie turi atlaikyti at\u0161iaurias aplinkos s\u0105lygas, tokias kaip purvas, dr\u0117gm\u0117 ir ekstremalios temperat\u016bros. Pasirinkus med\u017eiagas ir apdail\u0105, kurios yra atsparios dilimui ir korozijai, pailg\u0117s cilindro tarnavimo laikas ir laikui b\u0117gant suma\u017e\u0117s eksploatavimo i\u0161laidos.<\/p>\n<h3>Saugos funkcijos<\/h3>\n<p>Hidraulinio cilindro konstrukcijoje b\u016btina \u012ftraukti saugos funkcijas, kad b\u016bt\u0173 i\u0161vengta nelaiming\u0173 atsitikim\u0173 ir u\u017etikrintas operatoriaus saugumas. Tai apima sl\u0117gio ma\u017einimo vo\u017etuvus ir apsauginius \u012ftaisus, kurie apsaugo nuo perkrovos ar nekontroliuojam\u0173 judesi\u0173. Gerai suprojektuotas hidraulinis cilindras u\u017etikrina saugesn\u0119 darbo aplink\u0105 ir suma\u017eina \u012frangos gedimo rizik\u0105.<\/p>\n<h3>Prie\u017ei\u016bra<\/h3>\n<p>Prie\u017ei\u016bra rei\u0161kia, kaip lengva pri\u017ei\u016br\u0117ti ir remontuoti hidraulin\u012f cilindr\u0105. Projektuojant reik\u0117t\u0173 atsi\u017evelgti \u012f tai, kad b\u016bt\u0173 galima lengvai pasiekti sandariklius ir komponentus, kuriuos gali reik\u0117ti pakeisti. Pasirinkus cilindrus, kuriuos lengva pri\u017ei\u016br\u0117ti, galima sutaupyti laiko ir suma\u017einti prastovas svarbiuose projektuose.<\/p>\n<p><img decoding=\"async\" src=\"https:\/\/www.hydraulic-cylinders.net\/wp-content\/uploads\/2025\/04\/songte-oil-pipes-and-spare-parts.webp\" alt=\"Hidrauliniai komponentai\" \/><\/p>\n<h2>Sandarinimas ir tepimas<\/h2>\n<p>Efektyvus sandarinimas ir tepimas yra labai svarb\u016bs hidraulini\u0173 cilindr\u0173 veikimui. Hidraulinio skys\u010dio vientisumui palaikyti naudojami \u012fvair\u016bs sandarikliai, pavyzd\u017eiui, st\u016bmokli\u0173 ir kot\u0173 sandarikliai. Sandarikliai, pagaminti i\u0161 patvari\u0173 med\u017eiag\u0173, toki\u0173 kaip poliuretanas ir nitrilo kau\u010diukas, \u017eymiai padidina atsparum\u0105 dilimui.<\/p>\n<p>Be to, cilindro korpuso ir sriegini\u0173 gal\u0173 pavir\u0161iai yra tiksliai apdirbami, siekiant pagerinti atsparum\u0105 dilimui. Norint i\u0161laikyti optimal\u0173 na\u0161um\u0105 ir i\u0161vengti dilimo, b\u016btina reguliariai tepti hidrauline alyva. Operatoriai tur\u0117t\u0173 u\u017etikrinti, kad cilindro komponentai b\u016bt\u0173 tinkamai tepami nustatytais intervalais, siekiant pailginti j\u0173 tarnavimo laik\u0105.<\/p>\n<h2>Reguliarus patikrinimas ir prevencin\u0117 prie\u017ei\u016bra<\/h2>\n<ul>\n<li><strong>\u012eprastiniai patikrinimai:<\/strong> Reguliar\u016bs patikrinimai yra labai svarb\u016bs norint nustatyti galimas problemas, kol jos nepa\u016bm\u0117jo. Operatoriai tur\u0117t\u0173 patikrinti, ar n\u0117ra nuot\u0117kio, susid\u0117v\u0117jimo ir ne\u012fprast\u0173 gars\u0173 eksploatacijos metu.<\/li>\n<li><strong>Tepimo proced\u016bros:<\/strong> \u012esitikinkite, kad visos judan\u010dios dalys yra tinkamai suteptos pagal gamintojo rekomendacijas. Nepakankamas sutepimas gali sukelti prie\u0161laikin\u012f susid\u0117v\u0117jim\u0105 ir gedim\u0105.<\/li>\n<li><strong>Sandariklio keitimas:<\/strong> Laikui b\u0117gant, sandarikliai gali susid\u0117v\u0117ti arba b\u016bti pa\u017eeisti. Reguliariai tikrinti sandariklius ir juos keisti pagal poreik\u012f yra b\u016btina norint i\u0161laikyti hidraulin\u012f vientisum\u0105.<\/li>\n<\/ul>\n<h2>\u012erengimo gair\u0117s<\/h2>\n<p>Tinkamas str\u0117l\u0117s cilindro montavimas yra labai svarbus optimaliam veikimui. Pirmiausia \u012fsitikinkite, kad montavimo vieta yra \u0161vari ir be \u0161iuk\u0161li\u0173. Tiksliai sulygiuokite cilindr\u0105 su ekskavatoriaus tvirtinimo ta\u0161kais, u\u017etikrindami, kad jis b\u016bt\u0173 lygiagretus priedui, kur\u012f jis naudos. Naudokite tinkamus tvirtinimo laikiklius, kad pritvirtintum\u0117te cilindr\u0105 vietoje.<\/p>\n<p>Pritvirtin\u0119 cilindr\u0105, prijunkite hidraulines linijas, \u012fsitikindami, kad jos n\u0117ra sulenktos ar pa\u017eeistos. Prijung\u0119, prie\u0161 naudodami sistem\u0105 visu paj\u0117gumu, patikrinkite, ar n\u0117ra nuot\u0117ki\u0173, esant \u017eemam sl\u0117giui. Tinkamas sulygiavimas ir saugus tvirtinimas padidins cilindro efektyvum\u0105 ir ilgaam\u017ei\u0161kum\u0105.<\/p>\n<h2>Prie\u017ei\u016bros u\u017eduotys<\/h2>\n<ul>\n<li><strong>Reguliar\u016bs patikrinimai:<\/strong> Reguliar\u016bs patikrinimai tur\u0117t\u0173 apimti vizualin\u012f patikrinim\u0105, ar n\u0117ra nuot\u0117ki\u0173 ir nusid\u0117v\u0117jimo po\u017eymi\u0173. Atlikite \u0161iuos patikrinimus periodi\u0161kai, kad anksti pasteb\u0117tum\u0117te galimas problemas.<\/li>\n<li><strong>Tinkamas tepimas:<\/strong> U\u017etikrinkite, kad cilindras b\u016bt\u0173 nuolat tepamas pagal nurodyt\u0105 grafik\u0105. Tai suma\u017eins sandarikli\u0173 ir judan\u010di\u0173 dali\u0173 trint\u012f ir susid\u0117v\u0117jim\u0105.<\/li>\n<li><strong>Sandariklio keitimas:<\/strong> Atid\u017eiai steb\u0117kite sandarikli\u0173 b\u016bkl\u0119 ir pakeiskite juos, kai atsiranda susid\u0117v\u0117jimo po\u017eymi\u0173. Tinkamas sandarinimas yra labai svarbus norint palaikyti hidraulin\u012f sl\u0117g\u012f ir u\u017etikrinti efektyv\u0173 veikim\u0105.<\/li>\n<\/ul>\n<h2>Saugos aspektai ir aplinkos veiksniai<\/h2>\n<p>Naudojant hidraulinius cilindrus, itin svarbu \u012fdiegti saugos priemones. Operatoriai tur\u0117t\u0173 b\u016bti apmokyti atpa\u017einti galimus pavojus, susijusius su hidraulin\u0117mis sistemomis, \u012fskaitant auk\u0161to sl\u0117gio situacijas ir hidraulinio skys\u010dio nuot\u0117kio rizik\u0105. Eksploatavimo ir technin\u0117s prie\u017ei\u016bros metu visada d\u0117v\u0117kite tinkamas asmenines apsaugos priemones (AAP). Be to, atsi\u017evelkite \u012f hidraulini\u0173 skys\u010di\u0173 poveik\u012f aplinkai ir, jei \u012fmanoma, rinkit\u0117s biologi\u0161kai skaid\u017eias alternatyvas, kad suma\u017eintum\u0117te \u017eal\u0105 aplinkai.<\/p>\n<h2>Da\u017eniausiai pasitaikan\u010di\u0173 problem\u0173 \u0161alinimas<\/h2>\n<ul>\n<li><strong>Nuot\u0117kis:<\/strong> Viena i\u0161 da\u017eniausi\u0173 hidraulini\u0173 cilindr\u0173 problem\u0173 yra nuot\u0117kis, da\u017enai atsirandantis d\u0117l susid\u0117v\u0117jusi\u0173 sandarikli\u0173. Nor\u0117dami tai i\u0161taisyti, patikrinkite, ar sandarikliai nepa\u017eeisti, ir prireikus juos pakeiskite.<\/li>\n<li><strong>L\u0117tas jud\u0117jimas:<\/strong> Jei cilindras juda l\u0117tai, patikrinkite, ar n\u0117ra kli\u016b\u010di\u0173, ar sistemoje n\u0117ra \u017eemo hidraulinio skys\u010dio lygio ar oro. I\u0161sprendus \u0161ias problemas galima atkurti normal\u0173 veikim\u0105.<\/li>\n<li><strong>Ne\u012fprasti garsai:<\/strong> Ne\u012fprasti garsai veikimo metu gali rodyti mechanines problemas. I\u0161tirkite triuk\u0161mo \u0161altin\u012f ir, jei reikia, kreipkit\u0117s \u012f technik\u0105.<\/li>\n<\/ul>\n<p>\u012egyvendinant prevencines priemones, tokias kaip reguliari prie\u017ei\u016bra ir patikrinimai, galima su\u0161velninti \u0161ias da\u017enas problemas ir u\u017etikrinti skland\u0173 veikim\u0105.<\/p>\n<p><img decoding=\"async\" src=\"https:\/\/www.hydraulic-cylinders.net\/wp-content\/uploads\/2025\/04\/songte-bushings-with-all-kinds-of-excavator-models.webp\" alt=\"Ekskavatoriaus komponentai\" \/><\/p>\n<h2>Apie m\u016bs\u0173 \u012fmon\u0119<\/h2>\n<p>Esame pirmaujantis hidraulini\u0173 cilindr\u0173 gamintojas, teikiantis plat\u0173 gamini\u0173 asortiment\u0105 vidaus ir tarptautin\u0117ms rinkoms. M\u016bs\u0173 \u012fsipareigojimas kokybei atsispindi pa\u017eangiausiuose gamybos procesuose ir grie\u017etose kokyb\u0117s kontrol\u0117s priemon\u0117se. M\u016bs\u0173 kvalifikuota darbo j\u0117ga kartu su pa\u017eangia skaitmenine gamybos \u012franga leid\u017eia mums padidinti gamybos efektyvum\u0105 ir tikslum\u0105.<\/p>\n<p>Si\u016blome individualiai pritaikytas paslaugas, kad patenkintume unikalius klient\u0173 poreikius, pagr\u012fstas tarptautiniais sertifikatais ir pla\u010diu pritaikom\u0173 variant\u0173 asortimentu. M\u016bs\u0173 garantinio aptarnavimo paslaugos u\u017etikrina, kad klientai gaut\u0173 nuolatin\u0119 pagalb\u0105 ir prie\u017ei\u016br\u0105, taip pailgindamos m\u016bs\u0173 hidraulini\u0173 cilindr\u0173 na\u0161um\u0105 ir tarnavimo laik\u0105.<\/p>\n<p><img decoding=\"async\" src=\"https:\/\/www.hydraulic-cylinders.net\/wp-content\/uploads\/2025\/04\/songte-company-4.webp\" alt=\"M\u016bs\u0173 \u012fmon\u0117\" \/><br \/>\n<img decoding=\"async\" src=\"https:\/\/www.hydraulic-cylinders.net\/wp-content\/uploads\/2025\/04\/songte-company-3.webp\" alt=\"M\u016bs\u0173 patalpos\" \/><\/p>\n<p>Autorius: lyl<\/p>","protected":false},"excerpt":{"rendered":"<p>Boom Cylinder For Takeuchi Small Excavator TB285C Product Overview The Boom Cylinder for Takeuchi Small Excavator TB285C is a specialized hydraulic component designed to control the movement of the excavator&#8217;s boom. This hydraulic cylinder enables the boom to lift, lower, and tilt, facilitating efficient material handling tasks. The bucket cylinder is essential in various heavy [&hellip;]<\/p>","protected":false},"featured_media":17877,"comment_status":"open","ping_status":"closed","template":"","meta":{"_et_pb_use_builder":"","_et_pb_old_content":"","_et_gb_content_width":""},"product_brand":[],"product_cat":[1546],"product_tag":[1547,1496],"class_list":{"0":"post-19432","1":"product","2":"type-product","3":"status-publish","4":"has-post-thumbnail","6":"product_cat-boom-cylinders","7":"product_tag-boom-cylinders","8":"product_tag-hydraulic-cylinders","10":"first","11":"instock","12":"shipping-taxable","13":"product-type-simple"},"amp_enabled":true,"_links":{"self":[{"href":"https:\/\/www.hydraulic-cylinders.net\/lt\/wp-json\/wp\/v2\/product\/19432","targetHints":{"allow":["GET"]}}],"collection":[{"href":"https:\/\/www.hydraulic-cylinders.net\/lt\/wp-json\/wp\/v2\/product"}],"about":[{"href":"https:\/\/www.hydraulic-cylinders.net\/lt\/wp-json\/wp\/v2\/types\/product"}],"replies":[{"embeddable":true,"href":"https:\/\/www.hydraulic-cylinders.net\/lt\/wp-json\/wp\/v2\/comments?post=19432"}],"wp:featuredmedia":[{"embeddable":true,"href":"https:\/\/www.hydraulic-cylinders.net\/lt\/wp-json\/wp\/v2\/media\/17877"}],"wp:attachment":[{"href":"https:\/\/www.hydraulic-cylinders.net\/lt\/wp-json\/wp\/v2\/media?parent=19432"}],"wp:term":[{"taxonomy":"product_brand","embeddable":true,"href":"https:\/\/www.hydraulic-cylinders.net\/lt\/wp-json\/wp\/v2\/product_brand?post=19432"},{"taxonomy":"product_cat","embeddable":true,"href":"https:\/\/www.hydraulic-cylinders.net\/lt\/wp-json\/wp\/v2\/product_cat?post=19432"},{"taxonomy":"product_tag","embeddable":true,"href":"https:\/\/www.hydraulic-cylinders.net\/lt\/wp-json\/wp\/v2\/product_tag?post=19432"}],"curies":[{"name":"wp","href":"https:\/\/api.w.org\/{rel}","templated":true}]}}