{"id":19440,"date":"2025-04-07T06:47:38","date_gmt":"2025-04-07T06:47:38","guid":{"rendered":"https:\/\/www.hydraulic-cylinders.net\/product\/boom-cylinder-for-case-small-excavator-cx75\/"},"modified":"2025-04-07T06:47:41","modified_gmt":"2025-04-07T06:47:41","slug":"boom-cylinder-for-case-small-excavator-cx75","status":"publish","type":"product","link":"https:\/\/www.hydraulic-cylinders.net\/lt\/produktas\/boom-cylinder-for-case-small-excavator-cx75\/","title":{"rendered":"Str\u0117l\u0117s cilindras, skirtas ma\u017eam ekskavatoriui \u201eCase CX75\u201c"},"content":{"rendered":"<h1>Str\u0117l\u0117s cilindras, skirtas ma\u017eam ekskavatoriui \u201eCase CX75\u201c<\/h1>\n<h2>Str\u0117l\u0117s cilindro supratimas<\/h2>\n<p>Str\u0117l\u0117s cilindras, dar \u017einomas kaip kau\u0161o cilindras, yra gyvybi\u0161kai svarbus hidraulini\u0173 sistem\u0173 komponentas, specialiai sukurtas valdyti \u012fvairi\u0173 sunki\u0173j\u0173 ma\u0161in\u0173, toki\u0173 kaip ekskavatoriai, ekskavatoriai ir frontaliniai krautuvai, pried\u0173 jud\u0117jim\u0105. \u0160is hidraulinis cilindras leid\u017eia kau\u0161ui kelti, nuleisti ir pakreipti, taip palengvindamas efektyv\u0173 med\u017eiag\u0173 tvarkym\u0105. Jis atlieka labai svarb\u0173 vaidmen\u012f \u012frangos veikime, nes leid\u017eia atlikti tikslius judesius, kurie yra b\u016btini statybose ir kitose sunkiasvor\u0117se srityse.<\/p>\n<p>Str\u0117l\u0117s cilindras yra b\u016btinas atliekant tokias u\u017eduotis kaip kasimas ir k\u0117limas, kur jis hidraulin\u012f sl\u0117g\u012f paver\u010dia mechanine j\u0117ga. Jo konstrukcijoje paprastai naudojami galingi sandarikliai ir tvirtos med\u017eiagos, kad atlaikyt\u0173 didel\u012f sl\u0117g\u012f ir dideles apkrovas. Str\u0117l\u0117s cilindro efektyvumas tiesiogiai veikia mechanizm\u0173, kuriuos jis laiko, efektyvum\u0105 ir paj\u0117gumus.<\/p>\n<p><img decoding=\"async\" src=\"https:\/\/www.hydraulic-cylinders.net\/wp-content\/uploads\/2025\/04\/songte-company-1.webp\" alt=\"Str\u0117l\u0117s cilindras\"><\/p>\n<h2>Pagrindin\u0117s str\u0117l\u0117s cilindro savyb\u0117s<\/h2>\n<ul>\n<li><strong>Didelis stiprumas ir ilgaam\u017ei\u0161kumas:<\/strong> M\u016bs\u0173 str\u0117l\u0117s cilindrai, pagaminti i\u0161 didelio stiprumo plieno arba aliuminio, gali atlaikyti auk\u0161t\u0105 sl\u0117g\u012f ir dideles apkrovas, tod\u0117l tinka at\u0161iaurioms darbo s\u0105lygoms.<\/li>\n<li><strong>Efektyvus hidraulinis valdymas:<\/strong> Naudodamas hidraulin\u0117s alyvos sl\u0117g\u012f, str\u0117l\u0117s cilindras u\u017etikrina skland\u017eius i\u0161pl\u0117timo ir \u012ftraukimo judesius, greitai reaguodamas \u012f operatoriaus komandas.<\/li>\n<li><strong>\u012evair\u016bs tipai:<\/strong> Galima \u012fsigyti vienpusio veikimo (veikia viena kryptimi) arba dvipusio veikimo (veikia abiem kryptimis) konfig\u016bracij\u0173, pritaikyt\u0173 \u012fvairiems eksploatavimo poreikiams, o kai kurie modeliai yra teleskopiniai, kad b\u016bt\u0173 pasiektas didesnis atstumas.<\/li>\n<li><strong>Prie\u017ei\u016brai draugi\u0161kas dizainas:<\/strong> M\u016bs\u0173 cilindrai yra suprojektuoti taip, kad b\u016bt\u0173 lengva pasiekti komponentus remontui ir techninei prie\u017ei\u016brai, u\u017etikrinant ilgaam\u017ei\u0161kum\u0105 ir patikimum\u0105.<\/li>\n<li><strong>Suderinamumas:<\/strong> \u0160ie str\u0117l\u0117s cilindrai gali puikiai pakeisti esamus hidraulinius cilindrus \u012fvairiuose technikos modeliuose, u\u017etikrindami skland\u0173 per\u0117jim\u0105 naudotojams.<\/li>\n<\/ul>\n<p><img decoding=\"async\" src=\"https:\/\/www.hydraulic-cylinders.net\/wp-content\/uploads\/2025\/04\/songte-cylinder-head-with-all-kinds-excavator-models.webp\" alt=\"Str\u0117l\u0117s cilindro suderinamumas\"><\/p>\n<h2>Str\u0117l\u0117s cilindro pritaikymas<\/h2>\n<h3>Statybin\u0117 \u012franga<\/h3>\n<p>Ekskavatoriuose str\u0117l\u0117s cilindrai yra labai svarb\u016bs kasant, kraunant ir perkeliant grunt\u0105 ar \u0161iuk\u0161les. Jie leid\u017eia kau\u0161ui efektyviai \u012fsiskverbti \u012f \u017eem\u0119, palengvindami darbus statybviet\u0117se, kur da\u017enai atliekami \u017eem\u0117s kasimo darbai. Galimyb\u0117 valdyti str\u0117l\u0117s auk\u0161t\u012f ir kamp\u0105 yra b\u016btina norint tiksliai atlikti kasimo darbus, tod\u0117l \u0161ie cilindrai yra nepakei\u010diami \u0161iuolaikiniuose statybos projektuose.<\/p>\n<h3>\u017dem\u0117s \u016bkio technika<\/h3>\n<p>Priekiniai krautuvai su str\u0117l\u0117s cilindrais naudojami dirvo\u017eemiui, \u0161ienui ir kitoms med\u017eiagoms semti, kelti ir transportuoti. \u0160ie cilindrai leid\u017eia \u016bkininkams lengvai perkelti didelius med\u017eiag\u0173 kiekius, taip pagerinant \u017eem\u0117s \u016bkio darb\u0173 na\u0161um\u0105 ir efektyvum\u0105. Jud\u0117jimo lankstumas leid\u017eia atlikti \u012fvairias u\u017eduotis \u2013 nuo \u200b\u200bsunkve\u017eimi\u0173 pakrovimo iki lauk\u0173 paruo\u0161imo s\u0117jai.<\/p>\n<h3>Ekskavatoriai<\/h3>\n<p>Ekskavatoriuose str\u0117l\u0117s cilindras atlieka gyvybi\u0161kai svarb\u0173 vaidmen\u012f kasimo procese. Jis leid\u017eia kau\u0161ui efektyviai \u012fsiskverbti \u012f dirv\u0105, tod\u0117l lengviau i\u0161kasti med\u017eiagas. Str\u0117l\u0117s cilindro tiekiama hidraulin\u0117 galia u\u017etikrina, kad ekskavatorius gali atlikti sud\u0117tingas kasimo u\u017eduotis minimaliomis pastangomis.<\/p>\n<h3>Krautuvai<\/h3>\n<p>Priekiniuose krautuvuose str\u0117l\u0117s cilindrai padeda efektyviai kelti ir i\u0161versti krovinius. Tikslus \u0161i\u0173 cilindr\u0173 valdymas leid\u017eia operatoriams atsargiai elgtis su med\u017eiagomis, u\u017ekirsti keli\u0105 j\u0173 i\u0161siliejimui ir u\u017etikrinti, kad kroviniai b\u016bt\u0173 tiksliai pastatyti ten, kur reikia. \u0160is efektyvumas yra labai svarbus tiek statybose, tiek med\u017eiag\u0173 tvarkymo operacijose.<\/p>\n<h2>Projektavimo aspektai ir atrankos kriterijai<\/h2>\n<h3>Keliamoji galia<\/h3>\n<p>Renkantis str\u0117l\u0117s cilindr\u0105, labai svarbu atsi\u017evelgti \u012f jo keliam\u0105j\u0105 gali\u0105. Cilindras turi atlaikyti maksimal\u0173 svor\u012f, su kuriuo susidurs eksploatacijos metu. Tai u\u017etikrina saugum\u0105 ir efektyvum\u0105, u\u017ekertant keli\u0105 galimiems \u012frangos gedimams d\u0117l perkrovos.<\/p>\n<h3>Sandarinimo technologija<\/h3>\n<p>Efektyvus sandarinimas yra labai svarbus hidrauliniuose cilindruose, nes jis apsaugo nuo skys\u010di\u0173 nuot\u0117ki\u0173, kurie gali suma\u017einti na\u0161um\u0105 ir sl\u0117g\u012f. Sandarikli\u0173, \u012fskaitant st\u016bmoklio ir koto sandariklius, pasirinkimas lemia cilindro ilgaam\u017ei\u0161kum\u0105 ir efektyvum\u0105. Auk\u0161tos kokyb\u0117s sandarikliai, pagaminti i\u0161 toki\u0173 med\u017eiag\u0173 kaip poliuretanas arba nitrilas, yra b\u016btini ilgaam\u017ei\u0161kumui ir atsparumui dilimui.<\/p>\n<h3>Patvarumas<\/h3>\n<p>Str\u0117l\u0117s cilindro konstrukcijoje naudojamos med\u017eiagos turi b\u016bti pakankamai patvarios, kad atlaikyt\u0173 at\u0161iaurias eksploatavimo s\u0105lygas. Cilindras, atsparus korozijai, dilimui ir sm\u016bgiams, tarnaus ilgiau, suma\u017eindamas prie\u017ei\u016bros i\u0161laidas ir prastovas.<\/p>\n<h3>Saugos funkcijos<\/h3>\n<p>Dirbant su hidraulin\u0117mis sistemomis, saugumas yra svarbiausias dalykas. Str\u0117l\u0117s cilindruose tur\u0117t\u0173 b\u016bti \u012ftaisai, apsaugantys nuo vir\u0161sl\u0117gio, pavyzd\u017eiui, sl\u0117gio ma\u017einimo vo\u017etuvai. \u0160ie saugos mechanizmai apsaugo operatorius ir \u012frang\u0105 nuo galim\u0173 pavoj\u0173 eksploatacijos metu.<\/p>\n<h3>Prieinamumas prie prie\u017ei\u016bros<\/h3>\n<p>Projektuojant atsi\u017evelgiant \u012f technin\u0119 prie\u017ei\u016br\u0105, labai svarbu u\u017etikrinti, kad cilindrus b\u016bt\u0173 lengva pri\u017ei\u016br\u0117ti. Tokios savyb\u0117s kaip nuimami galiniai dangteliai ir prieinami tepimo ta\u0161kai gali \u017eymiai suma\u017einti technin\u0117s prie\u017ei\u016bros laik\u0105 ir i\u0161laidas, o ma\u0161inos ilgiau i\u0161likt\u0173 veikian\u010dios.<\/p>\n<p><img decoding=\"async\" src=\"https:\/\/www.hydraulic-cylinders.net\/wp-content\/uploads\/2025\/04\/songte-oil-pipes-and-spare-parts.webp\" alt=\"Hidraulini\u0173 cilindr\u0173 prie\u017ei\u016bros dalys\"><\/p>\n<h2>Sandarinimas ir tepimas<\/h2>\n<p>Efektyvus sandarinimas ir tepimas yra labai svarb\u016bs str\u0117l\u0117s cilindr\u0173 veikimui. \u012evair\u016bs sandarikliai, \u012fskaitant st\u016bmokli\u0173 ir stryp\u0173 sandariklius, yra b\u016btini siekiant i\u0161vengti hidraulinio skys\u010dio nuot\u0117kio. Naudojant patvarias med\u017eiagas, tokias kaip poliuretanas ir nitrilo kau\u010diukas, sandarikliams padid\u0117ja j\u0173 atsparumas dilimui, o tai prisideda prie cilindro ilgaam\u017ei\u0161kumo. Cilindro korpusas ir srieginiai galiniai pavir\u0161iai yra tiksliai apdirbami, siekiant pagerinti atsparum\u0105 dilimui ir u\u017etikrinti optimal\u0173 na\u0161um\u0105.<\/p>\n<p>Norint u\u017etikrinti skland\u0173 veikim\u0105, b\u016btina reguliariai tepti. Hidraulin\u0117s alyvos lygis tur\u0117t\u0173 b\u016bti periodi\u0161kai papildytas, siekiant u\u017etikrinti, kad visos judan\u010dios dalys b\u016bt\u0173 tinkamai suteptos, taip suma\u017einant trint\u012f ir nusid\u0117v\u0117jim\u0105. Tinkamas tepimas taip pat padeda i\u0161sklaidyti \u0161ilum\u0105, palaikyti optimali\u0105 darbin\u0119 temperat\u016br\u0105 ir i\u0161vengti perkaitimo.<\/p>\n<h2>Reguliari prie\u017ei\u016bra ir prevencin\u0117s priemon\u0117s<\/h2>\n<ul>\n<li><strong>Reguliar\u016bs patikrinimai:<\/strong> Da\u017enos patikros gali pad\u0117ti nustatyti susid\u0117v\u0117jimo ir galim\u0173 gedim\u0173 vietas, kol jos netapo rimtomis problemomis. Ie\u0161kokite sandarikli\u0173 ir stryp\u0173 nuot\u0117ki\u0173, korozijos ar ne\u012fprast\u0173 susid\u0117v\u0117jimo po\u017eymi\u0173.<\/li>\n<li><strong>Tinkamas tepimas:<\/strong> U\u017etikrinkite, kad cilindras b\u016bt\u0173 reguliariai tepamas tinkama hidrauline alyva. Per didelis tepimas gali sukelti sl\u0117gio padid\u0117jim\u0105, o nepakankamas tepimas \u2013 padid\u0117jus\u012f susid\u0117v\u0117jim\u0105 ir gedim\u0105.<\/li>\n<li><strong>Sandariklio keitimas:<\/strong> Tarpikliai tur\u0117t\u0173 b\u016bti pakeisti vos pasteb\u0117jus pirmuosius susid\u0117v\u0117jimo po\u017eymius. Naudojant auk\u0161tos kokyb\u0117s pakaitinius tarpiklius galima i\u0161vengti nuot\u0117ki\u0173 ir palaikyti hidraulin\u012f sl\u0117g\u012f.<\/li>\n<\/ul>\n<h2>\u012erengimo gair\u0117s<\/h2>\n<p>Tinkamas str\u0117l\u0117s cilindro montavimas yra labai svarbus jo veikimui ir ilgaam\u017ei\u0161kumui. \u0160tai pagrindiniai \u017eingsniai, kuri\u0173 reikia laikytis:<\/p>\n<ol>\n<li><strong>Paruo\u0161imas:<\/strong> \u012esitikinkite, kad darbo vieta yra \u0161vari ir be \u0161iuk\u0161li\u0173. Patikrinkite, ar visi komponentai yra suderinami ir geros b\u016bkl\u0117s.<\/li>\n<li><strong>Lygiavimas:<\/strong> Teisingai sulygiuokite cilindr\u0105 su mechanizmo tvirtinimo ta\u0161kais. Neteisingas sulygiavimas gali sukelti prie\u0161laikin\u012f susid\u0117v\u0117jim\u0105 ir gedim\u0105.<\/li>\n<li><strong>Montavimas:<\/strong> Cilindrui pritvirtinti naudokite tinkamus tvirtinimo laikiklius. \u012esitikinkite, kad var\u017etai priver\u017eti pagal gamintojo specifikacijas, kad jie neatsilaisvint\u0173 eksploatacijos metu.<\/li>\n<li><strong>Testavimas:<\/strong> \u012edieg\u0119 atlikite funkcionalumo bandym\u0105, kad \u012fsitikintum\u0117te, jog cilindras veikia skland\u017eiai ir efektyviai.<\/li>\n<\/ol>\n<h2>\u012eprastos prie\u017ei\u016bros u\u017eduotys<\/h2>\n<h3>Reguliar\u016bs patikrinimai<\/h3>\n<p>Reguliarios str\u0117l\u0117s cilindro ap\u017ei\u016bros yra b\u016btinos, kad b\u016bt\u0173 galima anksti nustatyti bet kokius susid\u0117v\u0117jimo ar pa\u017eeidimo po\u017eymius. Darbo metu ie\u0161kokite matom\u0173 nuot\u0117ki\u0173, ne\u012fprast\u0173 gars\u0173 ir \u012fsitikinkite, kad visos jungtys yra tvirtos. Nustatykite \u012fprastin\u0117s ap\u017ei\u016bros grafik\u0105, kad i\u0161laikytum\u0117te optimal\u0173 na\u0161um\u0105 ir i\u0161vengtum\u0117te netik\u0117t\u0173 gedim\u0173.<\/p>\n<h3>Tinkamas tepimas<\/h3>\n<p>Tinkamas tepimo lygis yra labai svarbus hidraulin\u0117s sistemos efektyvumui. Reguliariai tikrinkite hidraulin\u0117s alyvos lyg\u012f ir u\u017etikrinkite, kad naudojama tinkamo tipo alyva, kad b\u016bt\u0173 i\u0161vengta sandarikli\u0173 ir judan\u010di\u0173 dali\u0173 susid\u0117v\u0117jimo. Efektyvus tepimo grafikas \u017eymiai suma\u017eins gedim\u0173 rizik\u0105 ir pailgins cilindro tarnavimo laik\u0105.<\/p>\n<h3>Tarpikli\u0173 keitimas ir kalibravimo patikrinimai<\/h3>\n<p>Tarpikliai tur\u0117t\u0173 b\u016bti da\u017enai tikrinami, ar n\u0117ra susid\u0117v\u0117jimo po\u017eymi\u0173, ir prireikus kei\u010diami, kad b\u016bt\u0173 i\u0161laikytas hidraulinis vientisumas. Reik\u0117t\u0173 atlikti kalibravimo patikrinimus, siekiant u\u017etikrinti, kad cilindras veikt\u0173 teisinguose sl\u0117gio diapazonuose. Tinkamai sukalibruoti cilindrai pagerina na\u0161um\u0105 ir apsaugo nuo eksploatacini\u0173 pavoj\u0173.<\/p>\n<h2>Saugos aspektai ir aplinkos veiksniai<\/h2>\n<p>Kalbant apie hidraulini\u0173 cilindr\u0173 naudojim\u0105, saugos priemon\u0117s yra gyvybi\u0161kai svarbios. Operatoriai visada tur\u0117t\u0173 b\u016bti apmokyti saugiai valdyti ma\u0161inas su hidraulin\u0117mis sistemomis. Tai apima su auk\u0161to sl\u0117gio sistemomis susijusios rizikos supratim\u0105 ir tinkam\u0173 saugos protokol\u0173 \u012fgyvendinim\u0105, pavyzd\u017eiui, apsaugini\u0173 priemoni\u0173 d\u0117v\u0117jim\u0105 ir u\u017etikrinim\u0105, kad darbo zonoje neb\u016bt\u0173 pa\u0161alini\u0173 asmen\u0173. Be to, labai svarbu atsi\u017evelgti \u012f poveik\u012f aplinkai; naudojant aplinkai nekenksmingus hidraulinius skys\u010dius galima suma\u017einti i\u0161siliejimo ir nuot\u0117kio rizik\u0105.<\/p>\n<h2>Da\u017eniausiai pasitaikan\u010di\u0173 problem\u0173 \u0161alinimas<\/h2>\n<ul>\n<li><strong>Sl\u0117gio praradimas:<\/strong> Tai gali sukelti hidraulin\u0117s sistemos nuot\u0117kiai, oras linijose arba suged\u0119 sandarikliai. Patikrinkite, ar n\u0117ra matom\u0173 nuot\u0117ki\u0173, ir \u012fsitikinkite, kad skys\u010dio lygis yra tinkamas.<\/li>\n<li><strong>L\u0117tas jud\u0117jimas:<\/strong> Jei cilindras reaguoja l\u0117tai, tai gali reik\u0161ti, kad reikia tepti arba kad hidraulinis skystis yra u\u017eter\u0161tas. Patikrinkite ir prireikus pakeiskite skyst\u012f.<\/li>\n<li><strong>Ne\u012fprasti garsai:<\/strong> \u010ciurks\u0117jimas ar bar\u0161k\u0117jimas gali signalizuoti apie mechanines cilindro problemas. B\u016btina nedelsiant patikrinti, kad b\u016bt\u0173 i\u0161vengta tolesn\u0117s \u017ealos.<\/li>\n<\/ul>\n<p>Norint i\u0161spr\u0119sti \u0161ias problemas, b\u016btina \u012fgyvendinti prevencines priemones, \u012fskaitant reguliarius technin\u0117s prie\u017ei\u016bros patikrinimus, tinkam\u0105 skys\u010di\u0173 valdym\u0105 ir operatori\u0173 mokym\u0105 trik\u010di\u0173 \u0161alinimo b\u016bd\u0173.<\/p>\n<p><img decoding=\"async\" src=\"https:\/\/www.hydraulic-cylinders.net\/wp-content\/uploads\/2025\/04\/songte-bushings-with-all-kinds-of-excavator-models.webp\" alt=\"Da\u017enos str\u0117l\u0117s cilindr\u0173 problemos\"><\/p>\n<h2>Apie m\u016bs\u0173 \u012fmon\u0119<\/h2>\n<p>Esame pirmaujantis pakaitini\u0173 hidraulini\u0173 cilindr\u0173 gamintojas ir didmeninis platintojas, \u017einomas tiek \u0161alies viduje, tiek tarptautiniu mastu. D\u0117l plataus gamini\u0173 asortimento esame tarp pirmaujan\u010di\u0173 hidraulini\u0173 cilindr\u0173 rinkos gamintoj\u0173. Vadovaujam\u0117s auk\u0161\u010diausios kokyb\u0117s filosofija, remdamiesi rafinuotomis gamybos valdymo strategijomis savo moderniose gamybos \u012fmon\u0117se.<\/p>\n<p>M\u016bs\u0173 \u012fsipareigojimas pasitelkti kvalifikuotus darbuotojus, pa\u017eangi\u0105 skaitmenin\u0119 gamybos \u012frang\u0105 ir i\u0161samias testavimo sistemas leid\u017eia mums nuolat tobulinti gamybos paj\u0117gumus. Siekdami patenkinti \u012fvairius klient\u0173 poreikius, teikiame pirmenyb\u0119 auk\u0161tam efektyvumui, tikslumui ir kokybei.<\/p>\n<p><img decoding=\"async\" src=\"https:\/\/www.hydraulic-cylinders.net\/wp-content\/uploads\/2025\/04\/songte-company-4.webp\" alt=\"M\u016bs\u0173 \u012fmon\u0117\"><br \/>\n<img decoding=\"async\" src=\"https:\/\/www.hydraulic-cylinders.net\/wp-content\/uploads\/2025\/04\/songte-company-3.webp\" alt=\"M\u016bs\u0173 gamybos \u012frenginiai\"><\/p>\n<p>Autorius: lyl<\/p>","protected":false},"excerpt":{"rendered":"<p>Boom Cylinder For Case Small Excavator CX75 Understanding the Boom Cylinder The boom cylinder, also known as the bucket cylinder, is a vital component in hydraulic systems, specifically designed to control the movement of various heavy machinery attachments like those found on excavators, backhoes, and front loaders. This hydraulic cylinder enables the bucket to lift, [&hellip;]<\/p>","protected":false},"featured_media":17869,"comment_status":"open","ping_status":"closed","template":"","meta":{"_et_pb_use_builder":"","_et_pb_old_content":"","_et_gb_content_width":""},"product_brand":[],"product_cat":[1546],"product_tag":[1547,1496],"class_list":{"0":"post-19440","1":"product","2":"type-product","3":"status-publish","4":"has-post-thumbnail","6":"product_cat-boom-cylinders","7":"product_tag-boom-cylinders","8":"product_tag-hydraulic-cylinders","10":"first","11":"instock","12":"shipping-taxable","13":"product-type-simple"},"amp_enabled":true,"_links":{"self":[{"href":"https:\/\/www.hydraulic-cylinders.net\/lt\/wp-json\/wp\/v2\/product\/19440","targetHints":{"allow":["GET"]}}],"collection":[{"href":"https:\/\/www.hydraulic-cylinders.net\/lt\/wp-json\/wp\/v2\/product"}],"about":[{"href":"https:\/\/www.hydraulic-cylinders.net\/lt\/wp-json\/wp\/v2\/types\/product"}],"replies":[{"embeddable":true,"href":"https:\/\/www.hydraulic-cylinders.net\/lt\/wp-json\/wp\/v2\/comments?post=19440"}],"wp:featuredmedia":[{"embeddable":true,"href":"https:\/\/www.hydraulic-cylinders.net\/lt\/wp-json\/wp\/v2\/media\/17869"}],"wp:attachment":[{"href":"https:\/\/www.hydraulic-cylinders.net\/lt\/wp-json\/wp\/v2\/media?parent=19440"}],"wp:term":[{"taxonomy":"product_brand","embeddable":true,"href":"https:\/\/www.hydraulic-cylinders.net\/lt\/wp-json\/wp\/v2\/product_brand?post=19440"},{"taxonomy":"product_cat","embeddable":true,"href":"https:\/\/www.hydraulic-cylinders.net\/lt\/wp-json\/wp\/v2\/product_cat?post=19440"},{"taxonomy":"product_tag","embeddable":true,"href":"https:\/\/www.hydraulic-cylinders.net\/lt\/wp-json\/wp\/v2\/product_tag?post=19440"}],"curies":[{"name":"wp","href":"https:\/\/api.w.org\/{rel}","templated":true}]}}