{"id":19441,"date":"2025-04-07T06:47:41","date_gmt":"2025-04-07T06:47:41","guid":{"rendered":"https:\/\/www.hydraulic-cylinders.net\/product\/boom-cylinder-for-case-small-excavator-cx130b\/"},"modified":"2025-04-07T06:47:44","modified_gmt":"2025-04-07T06:47:44","slug":"boom-cylinder-for-case-small-excavator-cx130b","status":"publish","type":"product","link":"https:\/\/www.hydraulic-cylinders.net\/lt\/produktas\/boom-cylinder-for-case-small-excavator-cx130b\/","title":{"rendered":"Str\u0117l\u0117s cilindras, skirtas ma\u017eam ekskavatoriui \u201eCase CX130B\u201c"},"content":{"rendered":"<h1>Str\u0117l\u0117s cilindras, skirtas ma\u017eam ekskavatoriui \u201eCase CX130B\u201c<\/h1>\n<h2>Produkto ap\u017evalga<\/h2>\n<p>\u201eCase Small Excavator CX130B\u201c str\u0117l\u0117s cilindras yra specializuotas hidraulinis cilindras, skirtas valdyti kau\u0161o jud\u0117jim\u0105 \u012fvairiose sunkiosiose ma\u0161inose, tokiose kaip ekskavatoriai, ekskavatoriniai krautuvai ir frontaliniai krautuvai. \u0160is hidraulinis komponentas leid\u017eia kau\u0161\u0105 pakelti, nuleisti ir pakreipti, taip palengvindamas efektyv\u0173 med\u017eiag\u0173 tvarkym\u0105. Kau\u0161o cilindras atlieka labai svarb\u0173 vaidmen\u012f hidraulin\u0117se sistemose, u\u017etikrindamas skland\u017eius ir tikslius judesius, b\u016btinus kasimo ir krovimo darbams.<\/p>\n<p><img decoding=\"async\" src=\"https:\/\/www.hydraulic-cylinders.net\/wp-content\/uploads\/2025\/04\/songte-company-1.webp\" alt=\"Ekskavatori\u0173 str\u0117l\u0117s cilindras\" \/><\/p>\n<h2>Str\u0117l\u0117s cilindro savyb\u0117s<\/h2>\n<ul>\n<li><strong>Didelis stiprumas ir ilgaam\u017ei\u0161kumas:<\/strong> Pagamintas i\u0161 didelio stiprumo plieno arba aliuminio, \u0161is cilindras yra skirtas atlaikyti auk\u0161t\u0105 sl\u0117g\u012f ir dideles apkrovas, tod\u0117l tinka at\u0161iaurioms darbo aplinkoms.<\/li>\n<li><strong>Efektyvus hidraulinis valdymas:<\/strong> Naudoja hidraulin\u0117s alyvos sl\u0117g\u012f skland\u017eiam i\u0161st\u016bmimui ir \u012ftraukimui, leid\u017eia greitai reaguoti \u012f valdymo komandas ir u\u017etikrinti galing\u0105 st\u016bmimo bei traukimo j\u0117g\u0105.<\/li>\n<li><strong>\u012evair\u016bs galimi tipai:<\/strong> Galimi vienpusio veikimo (hidraulinio sl\u0117gio naudojimas viena kryptimi) arba dvipusio veikimo (hidraulinio sl\u0117gio naudojimas abiem kryptimis) cilindr\u0173 variantai, kai kurie modeliai yra teleskopiniai, kad b\u016bt\u0173 galima labiau i\u0161tiesti nedidinant i\u0161orini\u0173 matmen\u0173.<\/li>\n<li><strong>Pritaikomi sprendimai:<\/strong> M\u016bs\u0173 gaminiai gali b\u016bti pagaminti taip, kad puikiai pakeist\u0173 esamus hidraulinius cilindrus, u\u017etikrinant suderinamum\u0105 su \u012fvairiais ekskavatori\u0173 modeliais.<\/li>\n<li><strong>Ekonomi\u0161kas dizainas:<\/strong> Sukurta minimaliai prie\u017ei\u016brai ir optimaliam na\u0161umui, suma\u017einant bendras ma\u0161in\u0173 eksploatavimo i\u0161laidas.<\/li>\n<\/ul>\n<p><img decoding=\"async\" src=\"https:\/\/www.hydraulic-cylinders.net\/wp-content\/uploads\/2025\/04\/songte-cylinder-head-with-all-kinds-excavator-models.webp\" alt=\"Ekskavatoriaus cilindr\u0173 modeliai\" \/><\/p>\n<h2>Str\u0117l\u0117s cilindro pritaikymas<\/h2>\n<h3>Statybin\u0117 \u012franga<\/h3>\n<p>Statybin\u0117se ma\u0161inose str\u0117l\u0117s cilindrai atlieka gyvybi\u0161kai svarb\u0173 vaidmen\u012f ekskavatoriuose, nes leid\u017eia kasti, krauti ir perkelti \u017eem\u0119 ar \u0161iuk\u0161les. Ekskavatoriuose-krautuvuose kau\u0161o cilindras padeda atlikti tiek kasimo, tiek k\u0117limo darbus, skatindamas efektyv\u0173 darb\u0105 darbo vietose.<\/p>\n<h3>\u017dem\u0117s \u016bkio technika<\/h3>\n<p>Priekiniuose krautuvuose naudojami str\u0117l\u0117s cilindrai palengvina dirvo\u017eemio, \u0161ieno ir kit\u0173 med\u017eiag\u0173 grandym\u0105, k\u0117lim\u0105 ir transportavim\u0105. \u0160is universalumas yra b\u016btinas \u017eem\u0117s \u016bkio darbams, kuriems reikalinga patikima med\u017eiag\u0173 tvarkymo \u012franga.<\/p>\n<h3>Ekskavatoriai<\/h3>\n<p>Ekskavatoriuose str\u0117l\u0117s cilindras leid\u017eia kau\u0161ui efektyviai \u012fsiskverbti \u012f \u017eem\u0119, tod\u0117l galima atlikti kasimo darbus. Jo konstrukcija u\u017etikrina, kad kau\u0161as i\u0161likt\u0173 stabilus atliekant \u012fvairius grunto \u012fsiskverbimo darbus.<\/p>\n<h3>Krautuvai<\/h3>\n<p>Priekiniuose krautuvuose str\u0117l\u0117s cilindrai padeda efektyviai kelti ir i\u0161versti med\u017eiagas. J\u0173 hidraulin\u0117 galia yra labai svarbi norint tvarkyti sunkius krovinius ir didinti na\u0161um\u0105 statybose ir \u017eem\u0117s \u016bkio darbuose.<\/p>\n<h2>Projektavimo aspektai ir atrankos kriterijai<\/h2>\n<h3>Keliamoji galia<\/h3>\n<p>Str\u0117l\u0117s cilindro keliamoji galia yra esminis projektavimo aspektas. Jis turi atlaikyti eksploatacijos metu susidarant\u012f svor\u012f ir j\u0117gas. In\u017einieriai \u012fvertina apkrovas, su kuriomis susidurs ekskavatorius, kad nustatyt\u0173 tinkamas cilindro specifikacijas.<\/p>\n<h3>Plomb\u0117s vientisumas<\/h3>\n<p>Sandarinimas yra labai svarbus norint palaikyti hidraulin\u012f sl\u0117g\u012f ir i\u0161vengti skys\u010di\u0173 nuot\u0117kio. Auk\u0161tos kokyb\u0117s sandarikli\u0173, toki\u0173 kaip st\u016bmoklio ir koto sandarikliai, pasirinkimas u\u017etikrina optimal\u0173 hidraulinio cilindro veikim\u0105 ir ilgaam\u017ei\u0161kum\u0105. Norint i\u0161laikyti sandariklio vientisum\u0105, b\u016btini reguliar\u016bs patikrinimai ir prie\u017ei\u016bra.<\/p>\n<h3>Patvarumas<\/h3>\n<p>Hidraulini\u0173 cilindr\u0173 konstrukcijoje svarbiausia yra ilgaam\u017ei\u0161kumas, nes \u0161ie komponentai patiria dideles apkrovas ir kintan\u010dias aplinkos s\u0105lygas. Med\u017eiagos ir dangos, atsparios dilimui ir korozijai, yra b\u016btinos norint pailginti str\u0117l\u0117s cilindro tarnavimo laik\u0105.<\/p>\n<h3>Saugos funkcijos<\/h3>\n<p>Saugus projektavimas apima funkcij\u0173, kurios suma\u017eina rizik\u0105 eksploatacijos metu, integravim\u0105. Tai apima sl\u0117gio ma\u017einimo vo\u017etuvus, kurie apsaugo nuo perkrovos, ir tvirtus tvirtinimo ta\u0161kus, kurie padidina stabilum\u0105 naudojimo metu.<\/p>\n<h3>Prie\u017ei\u016bra<\/h3>\n<p>Gerai suprojektuotas hidraulinis cilindras tur\u0117t\u0173 b\u016bti lengvai pri\u017ei\u016brimas. Tai apima prieinamus tepimo ta\u0161kus, paprastas sandarikli\u0173 keitimo proced\u016bras ir ai\u0161kias patikros bei technin\u0117s prie\u017ei\u016bros gaires, siekiant u\u017etikrinti nuolatin\u012f veikimo efektyvum\u0105.<\/p>\n<p><img decoding=\"async\" src=\"https:\/\/www.hydraulic-cylinders.net\/wp-content\/uploads\/2025\/04\/songte-oil-pipes-and-spare-parts.webp\" alt=\"Hidraulin\u0117s dalys ir priedai\" \/><\/p>\n<h2>Sandarinimas ir tepimas<\/h2>\n<p>Str\u0117l\u0117s cilindr\u0173 sandarinimas ir tepimas yra labai svarb\u016bs j\u0173 efektyvumui ir ilgaam\u017ei\u0161kumui. Da\u017eniausiai naudojami \u012fvair\u016bs sandarinimo komponentai, tokie kaip st\u016bmokli\u0173 ir stryp\u0173 sandarikliai. Med\u017eiag\u0173, toki\u0173 kaip poliuretanas ir nitrilo kau\u010diukas, pasirinkimas yra labai svarbus j\u0173 atsparumui dilimui. Be to, kruop\u0161tus cilindro korpuso ir sriegini\u0173 gal\u0173 pavir\u0161iaus apdorojimas padidina atsparum\u0105 dilimui. Reguliarus tepimas hidrauline alyva yra b\u016btinas norint u\u017etikrinti skland\u0173 veikim\u0105 ir i\u0161vengti prie\u0161laikinio vidini\u0173 komponent\u0173 susid\u0117v\u0117jimo.<\/p>\n<h2>Prevencin\u0117s prie\u017ei\u016bros priemon\u0117s<\/h2>\n<ul>\n<li><strong>Reguliar\u016bs patikrinimai:<\/strong> Reik\u0117t\u0173 atlikti \u012fprastinius vizualinius ir funkcinius patikrinimus, kad b\u016bt\u0173 nustatyti bet kokie susid\u0117v\u0117jimo, nuot\u0117ki\u0173 ar pa\u017eeidim\u0173 po\u017eymiai. Ankstyvas aptikimas padeda spr\u0119sti galimas problemas, kol jos nepa\u016bm\u0117jo.<\/li>\n<li><strong>Tinkamas tepimas:<\/strong> U\u017etikrinus, kad hidraulinis cilindras b\u016bt\u0173 tinkamai suteptas tinkama hidrauline alyva, suma\u017e\u0117ja trintis ir susid\u0117v\u0117jimas, pailginant cilindro tarnavimo laik\u0105.<\/li>\n<li><strong>Sandariklio keitimas:<\/strong> Tarpikliai turi b\u016bti reguliariai tikrinami, o susid\u0117v\u0117j\u0119 ar pa\u017eeisti tarpikliai turi b\u016bti nedelsiant pakeisti, kad b\u016bt\u0173 i\u0161vengta nuot\u0117ki\u0173 ir palaikomas hidraulinis sl\u0117gis.<\/li>\n<\/ul>\n<h2>\u012erengimo gair\u0117s<\/h2>\n<p>Tinkamas str\u0117l\u0117s cilindro montavimas yra labai svarbus optimaliam veikimui. Pirmiausia \u012fsitikinkite, kad cilindras yra tinkamai sulygiuotas su tvirtinimo laikikliais. Naudokite tinkamus montavimo \u012frankius, kad pritvirtintum\u0117te cilindr\u0105 vietoje, ir patikrinkite, ar visos jungtys yra priver\u017etos pagal gamintojo specifikacijas. Svarbu patikrinti, ar n\u0117ra joki\u0173 kli\u016b\u010di\u0173, kurios gal\u0117t\u0173 trukdyti cilindro jud\u0117jimui veikimo metu. Po montavimo patikrinkite hidraulin\u0119 sistem\u0105, kad \u012fsitikintum\u0117te, jog cilindras veikia skland\u017eiai, be joki\u0173 nuot\u0117ki\u0173 ar pa\u017eeidim\u0173.<\/p>\n<h2>Prie\u017ei\u016bros u\u017eduotys<\/h2>\n<ul>\n<li><strong>Reguliar\u016bs patikrinimai:<\/strong> Reguliariai tikrinkite hidraulin\u0119 sistem\u0105, kad laiku nustatytum\u0117te galimas problemas.<\/li>\n<li><strong>Tinkamas tepimas:<\/strong> \u012esitikinkite, kad cilindras yra suteptas pagal gamintojo rekomendacijas, kad i\u0161laikytum\u0117te na\u0161um\u0105.<\/li>\n<li><strong>Sandariklio keitimas:<\/strong> Steb\u0117kite sandarikli\u0173 b\u016bkl\u0119 ir prireikus juos pakeiskite, kad i\u0161vengtum\u0117te nuot\u0117ki\u0173 ir palaikytum\u0117te hidraulin\u012f sl\u0117g\u012f.<\/li>\n<\/ul>\n<h2>Saugos aspektai ir aplinkos veiksniai<\/h2>\n<p>Dirbant su hidraulin\u0117mis sistemomis, saugos priemon\u0117s yra nepaprastai svarbios. Operatoriai tur\u0117t\u0173 b\u016bti apmokyti tinkam\u0173 elgesio proced\u016br\u0173, kad b\u016bt\u0173 suma\u017einta rizika eksploatacijos metu. Be to, reik\u0117t\u0173 atkreipti d\u0117mes\u012f \u012f aplinkos veiksnius, tokius kaip hidraulinio skys\u010dio nuot\u0117kio prevencija, nes tai gali tur\u0117ti neigiamos \u012ftakos aplinkinei ekosistemai.<\/p>\n<h2>Trik\u010di\u0173 \u0161alinimas ir da\u017eniausiai pasitaikan\u010dios problemos<\/h2>\n<ul>\n<li><strong>Nuot\u0117kis:<\/strong> Da\u017eniausiai tai sukelia susid\u0117v\u0117j\u0119 sandarikliai. Patikrinkite sandariklius ir prireikus pakeiskite.<\/li>\n<li><strong>Prastas na\u0161umas:<\/strong> Gali rodyti nepakankam\u0105 tepim\u0105 arba hidraulinio skys\u010dio lyg\u012f. Patikrinkite ir prireikus papildykite hidraulin\u0117s alyvos.<\/li>\n<li><strong>Cilindro u\u017estrigimai:<\/strong> Da\u017enai d\u0117l neteisingo i\u0161lyginimo. Montuodami ir reguliariai atlikdami technin\u0117s prie\u017ei\u016bros patikrinimus, u\u017etikrinkite tinkam\u0105 i\u0161lyginim\u0105.<\/li>\n<\/ul>\n<h2>Gedim\u0173 diagnostikos patarimai<\/h2>\n<p>Siekdami efektyviai \u0161alinti triktis, operatoriai tur\u0117t\u0173 vesti na\u0161umo problem\u0173 ir atlikt\u0173 taisom\u0173j\u0173 veiksm\u0173 \u017eurnal\u0105. Da\u017eniausiai pasitaikan\u010di\u0173 gedim\u0173 re\u017eim\u0173 supratimas padeda greitai diagnozuoti problemas. Reguliarus prevencinis aptarnavimas gali \u017eymiai suma\u017einti gedim\u0173 da\u017enum\u0105 ir padidinti bendr\u0105 hidraulin\u0117s sistemos patikimum\u0105.<\/p>\n<p><img decoding=\"async\" src=\"https:\/\/www.hydraulic-cylinders.net\/wp-content\/uploads\/2025\/04\/songte-bushings-with-all-kinds-of-excavator-models.webp\" alt=\"Ekskavatoriaus \u012fvor\u0117s\" \/><\/p>\n<h2>Apie m\u016bs\u0173 \u012fmon\u0119<\/h2>\n<p>Esame pirmaujanti hidraulini\u0173 cilindr\u0173 gamintoja ir didmeninink\u0117, \u012fsipareigojusi tiekti plat\u0173 gamini\u0173 asortiment\u0105, atitinkant\u012f vietin\u0117s ir tarptautin\u0117s rinkos poreikius. M\u016bs\u0173 d\u0117mes\u012f meistri\u0161kumui palaiko rafinuota gamybos strategija, kurioje naudojamos pa\u017eangios technologijos ir didelio tikslumo gamybos procesai. Nuolat tobuliname savo gamybos paj\u0117gumus, kad u\u017etikrintume auk\u0161t\u0105 gamini\u0173 kokyb\u0119 ir efektyviai patenkintume \u012fvairius klient\u0173 poreikius.<\/p>\n<p>M\u016bs\u0173 kompetencija apima:<\/p>\n<ul>\n<li><strong>Profesionalumas:<\/strong> M\u016bs\u0173 komand\u0105 sudaro kvalifikuoti specialistai, gaminantys auk\u0161tos kokyb\u0117s hidraulinius komponentus.<\/li>\n<li><strong>Tarptautiniai sertifikatai:<\/strong> M\u016bs\u0173 gaminiai atitinka tarptautinius kokyb\u0117s standartus, u\u017etikrinan\u010dius patikimum\u0105 ir na\u0161um\u0105.<\/li>\n<li><strong>Individualios paslaugos:<\/strong> Si\u016blome individualiai pritaikytus sprendimus, pritaikytus konkretiems klient\u0173 reikalavimams.<\/li>\n<li><strong>Pa\u017eangi \u012franga:<\/strong> Naudojant pa\u017eangiausi\u0105 gamybos \u012frang\u0105, u\u017etikrinama tikslumas ir efektyvumas.<\/li>\n<li><strong>Aptarnavimas po pardavimo:<\/strong> Mes teikiame patikimas garantinio aptarnavimo paslaugas, siekdami u\u017etikrinti klient\u0173 pasitenkinim\u0105 ir palaikym\u0105.<\/li>\n<\/ul>\n<p><img decoding=\"async\" src=\"https:\/\/www.hydraulic-cylinders.net\/wp-content\/uploads\/2025\/04\/songte-company-4.webp\" alt=\"M\u016bs\u0173 \u012fmon\u0117\" \/><br \/>\n<img decoding=\"async\" src=\"https:\/\/www.hydraulic-cylinders.net\/wp-content\/uploads\/2025\/04\/songte-company-3.webp\" alt=\"Gamybos procesas\" \/><\/p>\n<p>Autorius: lyl<\/p>","protected":false},"excerpt":{"rendered":"<p>Boom Cylinder For Case Small Excavator CX130B Product Overview The Boom Cylinder for Case Small Excavator CX130B is a specialized hydraulic cylinder designed for controlling the movement of the bucket in various heavy machinery, such as excavators, backhoe loaders, and front loaders. This hydraulic component allows the bucket to lift, lower, and tilt, facilitating efficient [&hellip;]<\/p>","protected":false},"featured_media":17870,"comment_status":"open","ping_status":"closed","template":"","meta":{"_et_pb_use_builder":"","_et_pb_old_content":"","_et_gb_content_width":""},"product_brand":[],"product_cat":[1546],"product_tag":[1547,1496],"class_list":{"0":"post-19441","1":"product","2":"type-product","3":"status-publish","4":"has-post-thumbnail","6":"product_cat-boom-cylinders","7":"product_tag-boom-cylinders","8":"product_tag-hydraulic-cylinders","10":"first","11":"instock","12":"shipping-taxable","13":"product-type-simple"},"amp_enabled":true,"_links":{"self":[{"href":"https:\/\/www.hydraulic-cylinders.net\/lt\/wp-json\/wp\/v2\/product\/19441","targetHints":{"allow":["GET"]}}],"collection":[{"href":"https:\/\/www.hydraulic-cylinders.net\/lt\/wp-json\/wp\/v2\/product"}],"about":[{"href":"https:\/\/www.hydraulic-cylinders.net\/lt\/wp-json\/wp\/v2\/types\/product"}],"replies":[{"embeddable":true,"href":"https:\/\/www.hydraulic-cylinders.net\/lt\/wp-json\/wp\/v2\/comments?post=19441"}],"wp:featuredmedia":[{"embeddable":true,"href":"https:\/\/www.hydraulic-cylinders.net\/lt\/wp-json\/wp\/v2\/media\/17870"}],"wp:attachment":[{"href":"https:\/\/www.hydraulic-cylinders.net\/lt\/wp-json\/wp\/v2\/media?parent=19441"}],"wp:term":[{"taxonomy":"product_brand","embeddable":true,"href":"https:\/\/www.hydraulic-cylinders.net\/lt\/wp-json\/wp\/v2\/product_brand?post=19441"},{"taxonomy":"product_cat","embeddable":true,"href":"https:\/\/www.hydraulic-cylinders.net\/lt\/wp-json\/wp\/v2\/product_cat?post=19441"},{"taxonomy":"product_tag","embeddable":true,"href":"https:\/\/www.hydraulic-cylinders.net\/lt\/wp-json\/wp\/v2\/product_tag?post=19441"}],"curies":[{"name":"wp","href":"https:\/\/api.w.org\/{rel}","templated":true}]}}