{"id":19442,"date":"2025-04-07T06:47:44","date_gmt":"2025-04-07T06:47:44","guid":{"rendered":"https:\/\/www.hydraulic-cylinders.net\/product\/boom-cylinder-for-case-middle-excavator-cx210b\/"},"modified":"2025-04-07T06:47:47","modified_gmt":"2025-04-07T06:47:47","slug":"boom-cylinder-for-case-middle-excavator-cx210b","status":"publish","type":"product","link":"https:\/\/www.hydraulic-cylinders.net\/lt\/produktas\/boom-cylinder-for-case-middle-excavator-cx210b\/","title":{"rendered":"Str\u0117l\u0117s cilindras, skirtas \u201eCase Middle Excavator CX210B\u201c"},"content":{"rendered":"<h1>Str\u0117l\u0117s cilindras, skirtas \u201eCase Middle Excavator CX210B\u201c<\/h1>\n<h2>\u012evadas \u012f str\u0117l\u0117s cilindr\u0105<\/h2>\n<p>Str\u0117l\u0117s cilindras yra labai svarbus sunkiosios technikos hidraulin\u0117s sistemos komponentas, ypa\u010d tokiuose ekskavatoriuose kaip \u201eCase CX210B\u201c. \u0160is hidraulinis cilindras yra specialiai sukurtas kau\u0161o jud\u0117jimui valdyti, leid\u017eiant jam efektyviai pakelti, nuleisti ir pakreipti. Valdydamas \u0161iuos judesius, str\u0117l\u0117s cilindras palengvina efektyv\u0173 med\u017eiag\u0173 tvarkym\u0105 \u012fvairiose pramon\u0117s \u0161akose, \u012fskaitant statyb\u0105 ir \u017eem\u0117s \u016bk\u012f.<\/p>\n<p><img decoding=\"async\" src=\"https:\/\/www.hydraulic-cylinders.net\/wp-content\/uploads\/2025\/04\/songte-company-1.webp\" alt=\"Str\u0117l\u0117s cilindras\"><\/p>\n<h3>Kau\u0161o cilindro supratimas<\/h3>\n<p>Kau\u0161o cilindrai yra hidrauliniai cilindrai, specialiai sukurti sunkiajai technikai, pavyzd\u017eiui, ekskavatoriams, ekskavatoriams ir frontaliniams krautuvams. \u0160ie cilindrai \u012fgalina kau\u0161o veikimo mechanik\u0105, kuri yra b\u016btina kasant, kraunant ir transportuojant med\u017eiagas. Jie paver\u010dia hidraulinio skys\u010dio sl\u0117g\u012f mechanine j\u0117ga, u\u017etikrindami skland\u0173 ir kontroliuojam\u0105 jud\u0117jim\u0105. Kau\u0161o cilindro funkcionalumas ir patikimumas tiesiogiai veikia bendr\u0105 jo valdomos technikos efektyvum\u0105.<\/p>\n<h2>Str\u0117l\u0117s cilindro savyb\u0117s<\/h2>\n<ul>\n<li><strong>Didelis stiprumas ir ilgaam\u017ei\u0161kumas:<\/strong> \u0160ie cilindrai, pagaminti i\u0161 didelio stiprumo plieno arba aliuminio, yra sukurti taip, kad atlaikyt\u0173 auk\u0161t\u0105 sl\u0117g\u012f ir dideles apkrovas, tod\u0117l tinkami naudoti at\u0161iauriomis darbo s\u0105lygomis.<\/li>\n<li><strong>Efektyvus hidraulinis valdymas:<\/strong> Naudodamas hidraulin\u0117s alyvos sl\u0117g\u012f, str\u0117l\u0117s cilindras u\u017etikrina skland\u0173 ir jautr\u0173 i\u0161pl\u0117tim\u0105 bei \u012ftraukim\u0105, tod\u0117l galima atlikti sunkius k\u0117limo darbus ir sud\u0117tingas u\u017eduotis.<\/li>\n<li><strong>\u012evair\u016bs galimi tipai:<\/strong> Klientai gali rinktis i\u0161 vienpusio veikimo (veikian\u010di\u0173 viena kryptimi) arba dvipusio veikimo (veikian\u010di\u0173 abiem kryptimis) cilindr\u0173, kad atitikt\u0173 \u012fvairius eksploatacinius reikalavimus, o kai kurie modeliai yra teleskopin\u0117s konstrukcijos, skirtos kompakti\u0161koms erdv\u0117ms.<\/li>\n<li><strong>Individuali gamyba:<\/strong> M\u016bs\u0173 gaminiai gali puikiai pakeisti esamus hidraulinius cilindrus, u\u017etikrindami suderinamum\u0105 ir optimal\u0173 j\u016bs\u0173 ma\u0161in\u0173 na\u0161um\u0105.<\/li>\n<li><strong>Patobulintas na\u0161umas:<\/strong> Konstrukcijoje daugiausia d\u0117mesio skiriama atsparumui dilimui ir apsaugai nuo korozijos, taip pailginant str\u0117l\u0117s cilindro tarnavimo laik\u0105.<\/li>\n<\/ul>\n<p><img decoding=\"async\" src=\"https:\/\/www.hydraulic-cylinders.net\/wp-content\/uploads\/2025\/04\/songte-cylinder-head-with-all-kinds-excavator-models.webp\" alt=\"Ekskavatori\u0173 modeliai\"><\/p>\n<h2>Str\u0117l\u0117s cilindro pritaikymas<\/h2>\n<h3>1. Statybin\u0117 \u012franga<\/h3>\n<p>Ekskavatoriuose str\u0117l\u0117s cilindrai yra labai svarb\u016bs kasant, kraunant ir perkeliant grunt\u0105 ar \u0161iuk\u0161les. J\u0173 galinga mechanika leid\u017eia operatoriams efektyviai ir veiksmingai atlikti u\u017eduotis, u\u017etikrinant laiku u\u017ebaigti projektus.<\/p>\n<h3>2. \u017dem\u0117s \u016bkio technika<\/h3>\n<p>Priekiniai krautuvai naudoja str\u0117l\u0117s cilindrus dirvo\u017eemiui, \u0161ienui ir kitoms med\u017eiagoms semti, kelti ir transportuoti. Tvirta konstrukcija leid\u017eia atlikti universalius darbus \u017eem\u0117s \u016bkyje ir didina na\u0161um\u0105.<\/p>\n<h3>3. Ekskavatoriai<\/h3>\n<p>Ekskavatoriuose kau\u0161o cilindras leid\u017eia kau\u0161ui efektyviai \u012fsiskverbti \u012f \u017eem\u0119, taip palengvinant gilius kasimo darbus. \u0160i galimyb\u0117 yra b\u016btina atliekant pamat\u0173 darbus ir kra\u0161tovaizd\u017eio formavimo projektus.<\/p>\n<h3>4. Krautuvai<\/h3>\n<p>Priekiniuose krautuvuose str\u0117l\u0117s cilindrai padeda efektyviai kelti ir i\u0161versti krovinius. J\u0173 tvirtumas ir patikimumas leid\u017eia operatoriams tvarkyti birias med\u017eiagas ir atlikti u\u017eduotis su minimaliomis prastovomis.<\/p>\n<h2>Projektavimo aspektai ir atrankos kriterijai<\/h2>\n<h3>Keliamoji galia<\/h3>\n<p>Str\u0117l\u0117s cilindro keliamoji galia yra labai svarbus aspektas. Ji lemia, kiek svorio cilindras gali saugiai pakelti ir valdyti. Tinkamos keliamosios galios cilindro pasirinkimas u\u017etikrina saugum\u0105 ir apsaugo nuo mechanini\u0173 gedim\u0173 eksploatacijos metu. Perkrova gali sukelti didel\u0119 \u017eal\u0105, tod\u0117l labai svarbu \u012fvertinti atliekam\u0173 u\u017eduo\u010di\u0173 svorio reikalavimus.<\/p>\n<h3>Sandarumo vientisumas<\/h3>\n<p>Sandarinimas yra gyvybi\u0161kai svarbus norint palaikyti sl\u0117g\u012f hidraulin\u0117je sistemoje. Auk\u0161tos kokyb\u0117s sandarikliai apsaugo nuo nuot\u0117ki\u0173 ir u\u017etikrina optimal\u0173 veikim\u0105. \u012evair\u016bs sandarikli\u0173 tipai, pavyzd\u017eiui, st\u016bmokli\u0173 ir kot\u0173 sandarikliai, tur\u0117t\u0173 b\u016bti parenkami atsi\u017evelgiant \u012f pritaikym\u0105. Norint i\u0161laikyti sandarumo vientisum\u0105 ir pa\u0161alinti nusid\u0117v\u0117jim\u0105, kol jis nesuk\u0117l\u0117 rimt\u0173 problem\u0173, b\u016btini reguliar\u016bs patikrinimai.<\/p>\n<h3>Patvarumas<\/h3>\n<p>Patvarumas yra esminis projektavimo aspektas, nes str\u0117l\u0117s cilindrai da\u017enai veikia sud\u0117tingomis s\u0105lygomis. Tokie veiksniai kaip med\u017eiag\u0173 pasirinkimas, gamybos procesai ir apsaugin\u0117s dangos prisideda prie bendro cilindro tvirtumo. Patvari konstrukcija suma\u017eina gedimo rizik\u0105 ir pailgina tarnavimo laik\u0105, suma\u017eindama keitimo i\u0161laidas.<\/p>\n<h3>Saugos funkcijos<\/h3>\n<p>Naudojant hidraulinius cilindrus, saugumas yra svarbiausias dalykas. \u012erengus saugos funkcijas, tokias kaip sl\u0117gio ma\u017einimo vo\u017etuvai ir perkrovos jutikliai, galima i\u0161vengti nelaiming\u0173 atsitikim\u0173 ir \u012frangos sugadinimo. Tinkama prie\u017ei\u016bra ir saugos protokol\u0173 laikymasis dar labiau padidina eksploatavimo saug\u0105.<\/p>\n<p><img decoding=\"async\" src=\"https:\/\/www.hydraulic-cylinders.net\/wp-content\/uploads\/2025\/04\/songte-oil-pipes-and-spare-parts.webp\" alt=\"Hidraulin\u0117s dalys\"><\/p>\n<h2>Str\u0117l\u0117s cilindro sandarinimas ir tepimas<\/h2>\n<p>Hidraulin\u0117s sistemos efektyvumas labai priklauso nuo efektyvaus sandarinimo ir tepimo. Sl\u0117giui palaikyti ir skys\u010dio praradimui i\u0161vengti naudojami \u012fvair\u016bs sandarikliai, \u012fskaitant st\u016bmoklio ir koto sandariklius. D\u0117l savo atsparumo dilimui da\u017eniausiai naudojamos tokios med\u017eiagos kaip poliuretanas ir nitrilo kau\u010diukas. Be to, cilindro ir sriegini\u0173 gal\u0173 pavir\u0161iai yra kruop\u0161\u010diai apdorojami, kad padid\u0117t\u0173 patvarumas.<\/p>\n<p>Reguliarus tepimas yra labai svarbus norint u\u017etikrinti skland\u0173 veikim\u0105. Hidraulin\u0117s alyvos lyg\u012f reikia papildyti pagal poreik\u012f, o tepimo sistemos vientisum\u0105 reikia periodi\u0161kai tikrinti. Tepimo nepaisymas gali padidinti trint\u012f, prie\u0161laikin\u012f susid\u0117v\u0117jim\u0105 ir sukelti sistemos gedim\u0105.<\/p>\n<h2>Prevencin\u0117s prie\u017ei\u016bros priemon\u0117s<\/h2>\n<ul>\n<li><strong>Reguliar\u016bs patikrinimai:<\/strong> Nuolatiniai patikrinimai gali pad\u0117ti nustatyti ankstyvus nusid\u0117v\u0117jimo po\u017eymius ir galimas problemas, o tai leid\u017eia laiku imtis veiksm\u0173.<\/li>\n<li><strong>Tinkamas tepimas:<\/strong> Norint i\u0161laikyti optimal\u0173 na\u0161um\u0105, b\u016btina u\u017etikrinti tinkam\u0105 tepim\u0105 reguliariai tikrinant alyvos lyg\u012f ir j\u012f papildant.<\/li>\n<li><strong>Sandariklio keitimas:<\/strong> Tarpikli\u0173 b\u016bkl\u0117s steb\u0117jimas ir j\u0173 keitimas prireikus gali pad\u0117ti i\u0161vengti nuot\u0117ki\u0173 ir i\u0161laikyti sistemos efektyvum\u0105.<\/li>\n<\/ul>\n<h2>Str\u0117l\u0117s cilindro montavimo gair\u0117s<\/h2>\n<p>Tinkamas montavimas yra labai svarbus str\u0117l\u0117s cilindro veikimui ir ilgaam\u017ei\u0161kumui. Pirmiausia \u012fsitikinkite, kad visi komponentai yra \u0161var\u016bs ir be \u0161iuk\u0161li\u0173. Tiksliai sulygiuokite cilindr\u0105 su tvirtinimo laikikliais, naudodami tinkamus \u012frankius, kad j\u012f tvirtai pritvirtintum\u0117te. Labai svarbu naudoti rekomenduojamus tvirtinimo laikiklius, kad b\u016bt\u0173 u\u017etikrintas stabilumas ir i\u0161vengta nesuderinamumo eksploatacijos metu.<\/p>\n<p>Toliau atsargiai prijunkite hidraulines linijas, u\u017etikrindami, kad jos neb\u016bt\u0173 susisukusios ar sulenktos. Po prijungimo patikrinkite, ar n\u0117ra nuot\u0117ki\u0173, kad \u012fsitikintum\u0117te, jog sistema veikia tinkamai. Galiausiai atlikite bandom\u0105j\u012f paleidim\u0105, kad patikrintum\u0117te veikim\u0105 ir atliktum\u0117te visus reikiamus reguliavimus, kad u\u017etikrintum\u0117te optimal\u0173 na\u0161um\u0105.<\/p>\n<h2>\u012eprastos prie\u017ei\u016bros u\u017eduotys<\/h2>\n<h3>Reguliar\u016bs patikrinimai<\/h3>\n<p>Reguliar\u016bs patikrinimai yra b\u016btini norint nustatyti susid\u0117v\u0117jim\u0105, \u012fply\u0161imus ar galimus gedimus, kol jie neperaugs \u012f rimtesnes problemas. Patikrinkite hidraulines linijas, sandariklius ir jungtis, ar n\u0117ra nuot\u0117kio ar pa\u017eeidim\u0173 po\u017eymi\u0173. Ankstyvas aptikimas gali pad\u0117ti sutaupyti brangaus remonto ir sutaupyti prastov\u0173.<\/p>\n<h3>Tinkamas tepimas<\/h3>\n<p>Tepimas vaidina labai svarb\u0173 vaidmen\u012f hidraulini\u0173 sistem\u0173 veikimui. \u012esitikinkite, kad hidraulin\u0117s alyvos lygis yra tinkamas, ir keiskite j\u0105 pagal gamintojo rekomendacijas. Tinkamas tepimas suma\u017eina trint\u012f ir susid\u0117v\u0117jim\u0105, pailgindamas str\u0117l\u0117s cilindro tarnavimo laik\u0105.<\/p>\n<h3>Tarpikli\u0173 keitimas ir kalibravimo patikrinimai<\/h3>\n<p>Tarpikliai tur\u0117t\u0173 b\u016bti kei\u010diami pagal poreik\u012f, kad b\u016bt\u0173 i\u0161vengta skys\u010dio nuot\u0117kio ir palaikomas sl\u0117gis. Be to, kalibravimo patikrinimai yra labai svarb\u016bs siekiant u\u017etikrinti, kad cilindras veikt\u0173 nevir\u0161ydamas nurodyt\u0173 tolerancij\u0173. Reguliarus tarpikli\u0173 prie\u017ei\u016bra ir kalibravimas prisideda prie bendro hidraulin\u0117s sistemos efektyvumo ir saugumo.<\/p>\n<p><img decoding=\"async\" src=\"https:\/\/www.hydraulic-cylinders.net\/wp-content\/uploads\/2025\/04\/songte-chushion-collar.webp\" alt=\"Pagalv\u0117l\u0117s apykakl\u0117\"><\/p>\n<h2>Saugos aspektai ir aplinkos veiksniai<\/h2>\n<p>Dirbant su hidrauliniais cilindrais, pirmenyb\u0117 tur\u0117t\u0173 b\u016bti teikiama saugos priemon\u0117ms. Operatoriai turi suprasti su hidraulin\u0117mis sistemomis susijusi\u0105 rizik\u0105 ir \u012fgyvendinti saugos protokolus, kad suma\u017e\u0117t\u0173 nelaiming\u0173 atsitikim\u0173 skai\u010dius. Tinkamas mokymas naudoti ir pri\u017ei\u016br\u0117ti \u0161ias sistemas yra b\u016btinas siekiant u\u017etikrinti personalo ir \u012frangos saug\u0105.<\/p>\n<h2>Da\u017eniausiai pasitaikan\u010di\u0173 problem\u0173 \u0161alinimas<\/h2>\n<h3>Da\u017enos problemos<\/h3>\n<ul>\n<li><strong>Skys\u010di\u0173 nuot\u0117kiai:<\/strong> Da\u017enai sukelia susid\u0117v\u0117j\u0119 sandarikliai arba netinkamos jungtys. Patikrinkite, ar sandarikliai ir jungtys nepa\u017eeisti ir ar n\u0117ra nesuderinamumo.<\/li>\n<li><strong>L\u0117tas veikimas:<\/strong> Tai gali rodyti \u017eem\u0105 hidraulinio skys\u010dio lyg\u012f arba u\u017eter\u0161tum\u0105. Steb\u0117kite skys\u010dio lyg\u012f ir u\u017etikrinkite \u0161var\u0105.<\/li>\n<li><strong>N\u0117ra jud\u0117jimo:<\/strong> Gali b\u016bti d\u0117l netinkamai veikian\u010dio siurblio arba u\u017esikim\u0161usi\u0173 hidraulini\u0173 linij\u0173. Patikrinkite hidraulin\u0119 sistem\u0105, ar n\u0117ra u\u017esikim\u0161im\u0173 ar gedim\u0173.<\/li>\n<\/ul>\n<h3>Diagnoz\u0117 ir sprendimai<\/h3>\n<p>Nor\u0117dami efektyviai diagnozuoti ir i\u0161spr\u0119sti problemas, operatoriai tur\u0117t\u0173 laikytis sistemingo po\u017ei\u016brio. Prad\u0117kite nuo matom\u0173 nuot\u0117ki\u0173 patikrinimo ir \u012fsitikinkite, kad visos jungtys yra tvirtos. Jei cilindras veikia l\u0117tai, \u012fvertinkite skys\u010dio lyg\u012f ir kokyb\u0119. Jei cilindras visi\u0161kai neveikia, patikrinkite, ar hidrauliniame siurblyje ir linijose n\u0117ra galim\u0173 u\u017esikim\u0161im\u0173 ar gedim\u0173. Reguliarios prevencin\u0117s priemon\u0117s gali suma\u017einti \u0161i\u0173 da\u017en\u0173 problem\u0173 da\u017enum\u0105.<\/p>\n<p><img decoding=\"async\" src=\"https:\/\/www.hydraulic-cylinders.net\/wp-content\/uploads\/2025\/04\/songte-bushings-with-all-kinds-of-excavator-models.webp\" alt=\"Ekskavatoriaus \u012fvor\u0117s\"><\/p>\n<h2>Apie m\u016bs\u0173 \u012fmon\u0119<\/h2>\n<p>Esame pirmaujantis hidraulini\u0173 cilindr\u0173 gamintojas ir didmeninis platintojas, specializuojantis alternatyv\u0173 \u012fvairiems pramon\u0117s poreikiams srityje. D\u0117l plataus gamini\u0173 asortimento esame pagrindiniai \u017eaid\u0117jai tiek vidaus, tiek tarptautin\u0117se rinkose. Mes teikiame pirmenyb\u0119 kokybei ir taikome pa\u017eangias gamybos valdymo strategijas, kad u\u017etikrintume, jog m\u016bs\u0173 pasi\u016blymai atitikt\u0173 auk\u0161\u010diausius standartus.<\/p>\n<p>D\u0117mes\u012f sutelkdami \u012f inovacijas, naudojame pa\u017eangiausi\u0105 gamybos \u012frang\u0105 ir profesionalias testavimo sistemas, siekdami padidinti savo gamybos paj\u0117gumus. M\u016bs\u0173 atsidavusi technini\u0173 ekspert\u0173 komanda nuolat tobulina gamybos platform\u0105, u\u017etikrindama efektyvius ir tikslius gamybos procesus. Laikydamiesi didelio efektyvumo, tikslumo ir kokyb\u0117s princip\u0173, esame gerai pasireng\u0119 patenkinti \u012fvairius klient\u0173 poreikius.<\/p>\n<p><img decoding=\"async\" src=\"https:\/\/www.hydraulic-cylinders.net\/wp-content\/uploads\/2025\/04\/songte-company-4.webp\" alt=\"\u012emon\u0117s ap\u017evalga\"><br \/>\n<img decoding=\"async\" src=\"https:\/\/www.hydraulic-cylinders.net\/wp-content\/uploads\/2025\/04\/songte-company-3.webp\" alt=\"Gamybos \u012fmon\u0117\"><\/p>\n<h2>I\u0161vada<\/h2>\n<p>Apibendrinant galima teigti, kad \u201eCase Middle Excavator CX210B\u201c str\u0117l\u0117s cilindras yra nepakei\u010diamas hidraulini\u0173 sistem\u0173 komponentas, u\u017etikrinantis efektyv\u0173 sunkiosios technikos veikim\u0105. Reguliarus techninis aptarnavimas, tinkamas montavimas ir saugos protokol\u0173 laikymasis padidins jo ilgaam\u017ei\u0161kum\u0105 ir na\u0161um\u0105. Pasirinkdami m\u016bs\u0173 gaminius, jums garantuojama kokyb\u0117 ir patikimumas, atitinkantys j\u016bs\u0173 veiklos reikalavimus.<\/p>\n<p>Autorius: lyl<\/p>","protected":false},"excerpt":{"rendered":"<p>Boom Cylinder For Case Middle Excavator CX210B Introduction to the Boom Cylinder The Boom Cylinder is a critical component in the hydraulic system of heavy machinery, particularly in excavators like the Case CX210B. This hydraulic cylinder is specifically designed to control the movement of the bucket, allowing it to lift, lower, and tilt effectively. By [&hellip;]<\/p>","protected":false},"featured_media":17871,"comment_status":"open","ping_status":"closed","template":"","meta":{"_et_pb_use_builder":"","_et_pb_old_content":"","_et_gb_content_width":""},"product_brand":[],"product_cat":[1546],"product_tag":[1547,1496],"class_list":{"0":"post-19442","1":"product","2":"type-product","3":"status-publish","4":"has-post-thumbnail","6":"product_cat-boom-cylinders","7":"product_tag-boom-cylinders","8":"product_tag-hydraulic-cylinders","10":"first","11":"instock","12":"shipping-taxable","13":"product-type-simple"},"amp_enabled":true,"_links":{"self":[{"href":"https:\/\/www.hydraulic-cylinders.net\/lt\/wp-json\/wp\/v2\/product\/19442","targetHints":{"allow":["GET"]}}],"collection":[{"href":"https:\/\/www.hydraulic-cylinders.net\/lt\/wp-json\/wp\/v2\/product"}],"about":[{"href":"https:\/\/www.hydraulic-cylinders.net\/lt\/wp-json\/wp\/v2\/types\/product"}],"replies":[{"embeddable":true,"href":"https:\/\/www.hydraulic-cylinders.net\/lt\/wp-json\/wp\/v2\/comments?post=19442"}],"wp:featuredmedia":[{"embeddable":true,"href":"https:\/\/www.hydraulic-cylinders.net\/lt\/wp-json\/wp\/v2\/media\/17871"}],"wp:attachment":[{"href":"https:\/\/www.hydraulic-cylinders.net\/lt\/wp-json\/wp\/v2\/media?parent=19442"}],"wp:term":[{"taxonomy":"product_brand","embeddable":true,"href":"https:\/\/www.hydraulic-cylinders.net\/lt\/wp-json\/wp\/v2\/product_brand?post=19442"},{"taxonomy":"product_cat","embeddable":true,"href":"https:\/\/www.hydraulic-cylinders.net\/lt\/wp-json\/wp\/v2\/product_cat?post=19442"},{"taxonomy":"product_tag","embeddable":true,"href":"https:\/\/www.hydraulic-cylinders.net\/lt\/wp-json\/wp\/v2\/product_tag?post=19442"}],"curies":[{"name":"wp","href":"https:\/\/api.w.org\/{rel}","templated":true}]}}