{"id":19445,"date":"2025-04-07T06:47:52","date_gmt":"2025-04-07T06:47:52","guid":{"rendered":"https:\/\/www.hydraulic-cylinders.net\/product\/boom-cylinder-for-case-middle-excavator-cx240b\/"},"modified":"2025-04-07T06:47:54","modified_gmt":"2025-04-07T06:47:54","slug":"boom-cylinder-for-case-middle-excavator-cx240b","status":"publish","type":"product","link":"https:\/\/www.hydraulic-cylinders.net\/lt\/produktas\/boom-cylinder-for-case-middle-excavator-cx240b\/","title":{"rendered":"Str\u0117l\u0117s cilindras, skirtas \u201eCase Middle Excavator CX240B\u201c"},"content":{"rendered":"<h1>Str\u0117l\u0117s cilindras, skirtas \u201eCase Middle Excavator CX240B\u201c<\/h1>\n<h2>Kau\u0161o cilindro apibr\u0117\u017eimas ir ap\u017evalga<\/h2>\n<p>Kau\u0161o cilindras, dar \u017einomas kaip str\u0117l\u0117s cilindras, yra labai svarbus hidraulini\u0173 sistem\u0173, naudojam\u0173 \u012fvairiose sunkiosiose ma\u0161inose, \u012fskaitant ekskavatorius, ekskavatorinius krautuvus ir frontalinius krautuvus, komponentas. \u0160is hidraulinis cilindras leid\u017eia judinti kau\u0161\u0105, leid\u017eiant jam pakelti, nuleisti ir pakreipti atliekant med\u017eiag\u0173 tvarkymo u\u017eduotis. Jo konstrukcija yra labai svarbi efektyviam darbui ir na\u0161umui statybviet\u0117se ir \u017eem\u0117s \u016bkio darbuose. Kau\u0161o cilindro geb\u0117jimas manipuliuoti kau\u0161o pad\u0117timi yra labai svarbus atliekant tokias u\u017eduotis kaip kasimas, pakrovimas ir med\u017eiag\u0173 transportavimas. \u0160i\u0173 cilindr\u0173 u\u017etikrinamas kontroliuojamas jud\u0117jimas labai pagerina sunkiosios \u012frangos funkcionalum\u0105, tod\u0117l ji yra nepakei\u010diama \u0161iuolaikin\u0117s technikos dalis.<\/p>\n<p><img decoding=\"async\" src=\"https:\/\/www.hydraulic-cylinders.net\/wp-content\/uploads\/2025\/04\/songte-company-1.webp\" alt=\"Str\u0117l\u0117s cilindras\"><\/p>\n<h2>Str\u0117l\u0117s cilindro savyb\u0117s<\/h2>\n<ul>\n<li><strong>Didelis stiprumas ir ilgaam\u017ei\u0161kumas:<\/strong> Pagaminta i\u0161 didelio stiprumo plieno arba aliuminio, galin\u010dio atlaikyti auk\u0161t\u0105 sl\u0117g\u012f ir dideles apkrovas. Sukurta ilgaam\u017ei\u0161kumui at\u0161iauriomis darbo s\u0105lygomis, atspari dilimui ir korozijai, kad pailgint\u0173 tarnavimo laik\u0105.<\/li>\n<li><strong>Efektyvus hidraulinis valdymas:<\/strong> Pasiekia skland\u0173 teleskopin\u012f veikim\u0105, naudodamas hidraulin\u0117s alyvos sl\u0117g\u012f, gali greitai reaguoti \u012f valdymo komandas, u\u017etikrindamas didel\u0119 st\u016bmimo ir traukimo j\u0117g\u0105, tinkam\u0105 sunkioms ir sud\u0117tingoms u\u017eduotims.<\/li>\n<li><strong>\u012evair\u016bs tipai:<\/strong> Galima rinktis vienpusio veikimo (hidraulinis sl\u0117gis naudojamas viena kryptimi) arba dvipusio veikimo (hidraulinis sl\u0117gis naudojamas abiem kryptimis) konfig\u016bracijas, kad b\u016bt\u0173 galima patenkinti \u012fvairius eksploatacinius poreikius. Kai kurie modeliai yra teleskopiniai, tod\u0117l juos galima labiau i\u0161tiesti nedidinant i\u0161orini\u0173 matmen\u0173, tod\u0117l jie idealiai tinka naudoti ribotoje erdv\u0117je.<\/li>\n<\/ul>\n<p>\u0160\u012f gamin\u012f gaminame puikiai, kad pakeist\u0173 esamus hidraulinius cilindrus.<\/p>\n<p><img decoding=\"async\" src=\"https:\/\/www.hydraulic-cylinders.net\/wp-content\/uploads\/2025\/04\/songte-cylinder-head-with-all-kinds-excavator-models.webp\" alt=\"Hidraulinio cilindro parinktys\"><\/p>\n<h2>Hidraulinio cilindro pritaikymas<\/h2>\n<h3>Statybin\u0117 \u012franga<\/h3>\n<p>Ekskavatoriuose kau\u0161o cilindrai yra gyvybi\u0161kai svarb\u016bs kasant, kraunant ir perkeliant grunt\u0105 ar \u0161iuk\u0161les. Jie palengvina tiksl\u0173 valdym\u0105, reikaling\u0105 kasimo darbams, leisdami operatoriams efektyviai manevruoti kau\u0161u ir efektyviai krauti med\u017eiagas \u012f sunkve\u017eimius ar kit\u0105 technik\u0105. Ekskavatoriuose kau\u0161o cilindras padeda tiek kasimo, tiek k\u0117limo operacijose, tod\u0117l yra esmin\u0117 \u012frangos funkcionalumo dalis.<\/p>\n<h3>\u017dem\u0117s \u016bkio technika<\/h3>\n<p>Priekiniuose krautuvuose kau\u0161o cilindrai naudojami dirvo\u017eemiui, \u0161ienui ir kitoms med\u017eiagoms semti, kelti ir transportuoti. Hidraulinio cilindro geb\u0117jimas taikyti didel\u0119 j\u0117g\u0105 leid\u017eia lengvai valdyti sunkius krovinius, o tai prisideda prie laiko taupymo \u017eem\u0117s \u016bkio operacijose. Kadangi \u017eem\u0117s \u016bkis vis labiau priklauso nuo technikos, kau\u0161o cilindr\u0173 vaidmuo tampa vis svarbesnis.<\/p>\n<h3>Ekskavatoriai<\/h3>\n<p>Ekskavatoriuose kau\u0161o cilindras leid\u017eia kau\u0161ui \u012fsiskverbti \u012f dirv\u0105, taip palengvindamas efektyv\u0173 kasim\u0105. \u0160i galimyb\u0117 yra b\u016btina \u012fvairiems darbams \u2013 nuo \u200b\u200baik\u0161tel\u0117s paruo\u0161imo iki kra\u0161tovaizd\u017eio formavimo. Hidraulinis valdymas u\u017etikrina, kad operatoriai gal\u0117t\u0173 pasiekti norim\u0105 gyl\u012f ir kamp\u0105, taip padidindami bendr\u0105 na\u0161um\u0105 ir produktyvum\u0105.<\/p>\n<h3>Krautuvai<\/h3>\n<p>Priekiniuose krautuvuose kau\u0161o cilindrai padeda efektyviai kelti ir i\u0161versti krovinius. Hidraulin\u0117 sistema suteikia reikiam\u0105 gali\u0105 sunkioms med\u017eiagoms pakelti, u\u017etikrindama, kad \u012franga gal\u0117t\u0173 lengvai atlikti \u012fvairias u\u017eduotis \u2013 nuo \u200b\u200bmed\u017eiag\u0173 i\u0161krovimo iki statybviet\u0117s valymo.<\/p>\n<h2>Projektavimo aspektai ir atrankos kriterijai<\/h2>\n<h3>Keliamoji galia<\/h3>\n<p>Kau\u0161o cilindro keliamoji galia yra labai svarbus projektavimo aspektas. Jis turi b\u016bti pakankamai tvirtas, kad atlaikyt\u0173 konkret\u0173 perkeliam\u0173 med\u017eiag\u0173 svor\u012f ir tip\u0105. Gamintojai da\u017enai \u012fvertina \u012fvairius veiksnius, \u012fskaitant cilindro skersmen\u012f, eigos ilg\u012f ir med\u017eiagos stiprum\u0105, kad u\u017etikrint\u0173 optimalias apkrovos galimybes. Atliekami tinkami skai\u010diavimai ir modeliavimas, siekiant numatyti na\u0161um\u0105 \u012fvairiomis s\u0105lygomis, didinant patikimum\u0105 ir saug\u0105 eksploatacijos metu.<\/p>\n<h3>Sandarumo vientisumas<\/h3>\n<p>Sandarinimo sistema yra labai svarbi norint palaikyti hidraulin\u012f sl\u0117g\u012f ir i\u0161vengti nuot\u0117ki\u0173. Da\u017eniausiai naudojami auk\u0161tos kokyb\u0117s sandarikliai, pagaminti i\u0161 toki\u0173 med\u017eiag\u0173 kaip poliuretanas ir nitrilo kau\u010diukas, kad atlaikyt\u0173 auk\u0161t\u0105 sl\u0117g\u012f ir b\u016bt\u0173 ilgaam\u017eiai. Tinkamas sandarinimas u\u017etikrina, kad hidraulinis skystis likt\u0173 sandarus, o tai labai svarbu efektyviam veikimui ir suma\u017eina prie\u017ei\u016bros poreik\u012f. B\u016btina reguliariai tikrinti sandariklius, kad jie i\u0161likt\u0173 veiksmingi laikui b\u0117gant, i\u0161vengiant mechanini\u0173 gedim\u0173 ir eksploatavimo prastov\u0173.<\/p>\n<h3>Patvarumas<\/h3>\n<p>Patvarumas yra esminis projektavimo aspektas, ypa\u010d aplinkoje, kuriai b\u016bdingos at\u0161iaurios s\u0105lygos. Gamyboje naudojamos med\u017eiagos, tokios kaip didelio stiprumo plienas, parenkamos atsi\u017evelgiant \u012f j\u0173 atsparum\u0105 dilimui ir korozijai. Konstrukcijose da\u017enai naudojami pavir\u0161iaus apdorojimo b\u016bdai arba dangos, kurios padidina atsparum\u0105 aplinkos veiksniams. Patvarus kau\u0161o cilindras u\u017etikrina ilgaam\u017ei\u0161kum\u0105, suma\u017eindamas keitimo ir remonto da\u017enum\u0105, kuris operatoriams gali b\u016bti brangus.<\/p>\n<h3>Saugos funkcijos<\/h3>\n<p>Saugumas yra svarbiausias dalykas projektuojant hidraulinius cilindrus. Gamintojai \u012ftraukia \u012fvairias saugos funkcijas, \u012fskaitant apsaugos nuo perkrovos mechanizmus ir sl\u0117gio ma\u017einimo vo\u017etuvus, kad b\u016bt\u0173 i\u0161vengta nelaiming\u0173 atsitikim\u0173 eksploatacijos metu. \u0160ios funkcijos u\u017etikrina, kad jei apkrova vir\u0161ija cilindro talp\u0105, sistema gali saugiai i\u0161leisti sl\u0117g\u012f, taip suma\u017einant katastrofi\u0161k\u0173 gedim\u0173 rizik\u0105 ir apsaugant operatorius bei ma\u0161inas.<\/p>\n<h3>Prieinamumas prie prie\u017ei\u016bros<\/h3>\n<p>Projektuojant atsi\u017evelgiant \u012f technin\u0117s prie\u017ei\u016bros prieinamum\u0105, labai svarbu u\u017etikrinti ilgaam\u017ei\u0161kum\u0105 ir patikimum\u0105. Lengvai pasiekiami tepimo, patikros ir remonto ta\u0161kai gali \u017eymiai suma\u017einti prastovas. Gamintojai da\u017enai projektuoja cilindrus su moduliniais komponentais, kuriuos galima lengvai pakeisti, taip palengvinant greit\u0105 remont\u0105 ir suma\u017einant eksploatavimo sutrikimus. Reguliar\u016bs technin\u0117s prie\u017ei\u016bros patikrinimai yra b\u016btini norint nustatyti bet kokias problemas, kol jos neperauga \u012f rimtesnes.<\/p>\n<p><img decoding=\"async\" src=\"https:\/\/www.hydraulic-cylinders.net\/wp-content\/uploads\/2025\/04\/songte-oil-pipes-and-spare-parts.webp\" alt=\"Hidraulini\u0173 cilindr\u0173 dalys\"><\/p>\n<h2>Hidraulinio cilindro sandarinimas ir tepimas<\/h2>\n<p>Efektyvus hidraulini\u0173 cilindr\u0173 sandarinimas ir tepimas yra labai svarb\u016bs optimaliam veikimui. \u012evair\u016bs sandarinimo elementai, tokie kaip st\u016bmokli\u0173 ir stryp\u0173 sandarikliai, atlieka svarb\u0173 vaidmen\u012f palaikant hidraulin\u012f sl\u0117g\u012f ir u\u017ekertant keli\u0105 skys\u010di\u0173 nuot\u0117kiui. \u0160ie sandarikliai da\u017enai gaminami i\u0161 atspari\u0173 dilimui med\u017eiag\u0173, toki\u0173 kaip poliuretanas, kad atlaikyt\u0173 at\u0161iaurias s\u0105lygas, kuriomis \u0161ie cilindrai veikia.<\/p>\n<p>Cilindro korpusas ir srieginiai galai yra tiksliai apdirbami, siekiant padidinti atsparum\u0105 dilimui, u\u017etikrinti tvirt\u0105 sandarikli\u0173 prigludim\u0105 ir suma\u017einti nusid\u0117v\u0117jim\u0105 laikui b\u0117gant. Taip pat labai svarbu reguliariai tepti tinkama hidrauline alyva, nes tai u\u017etikrina skland\u0173 jud\u0117jim\u0105 ir suma\u017eina trint\u012f tarp judan\u010di\u0173 dali\u0173. Tinkamas tepimas padeda i\u0161laikyti cilindro efektyvum\u0105 ir pailgina jo tarnavimo laik\u0105.<\/p>\n<h2>Reguliarios patikros ir prevencin\u0117s prie\u017ei\u016bros priemon\u0117s<\/h2>\n<ul>\n<li><strong>Reguliar\u016bs patikrinimai:<\/strong> Reguliariai atlikti patikrinimus yra labai svarbu norint anksti nustatyti bet kokius susid\u0117v\u0117jimo ar pa\u017eeidimo po\u017eymius. Patikrinkite sandariklius, \u017earnas ir jungtis, ar n\u0117ra nuot\u0117ki\u0173 ar nusid\u0117v\u0117jimo po\u017eymi\u0173. Reguliar\u016bs patikrinimai gali pad\u0117ti i\u0161vengti netik\u0117t\u0173 gedim\u0173.<\/li>\n<li><strong>Tinkamas tepimas:<\/strong> \u012esitikinkite, kad hidraulin\u0117s alyvos lygis yra tinkamas ir ji \u0161vari. Reguliariai keiskite u\u017eter\u0161t\u0105 alyv\u0105, kad i\u0161laikytum\u0117te efektyv\u0173 veikim\u0105 ir nepa\u017eeistum\u0117te cilindro.<\/li>\n<li><strong>Sandariklio keitimas:<\/strong> Steb\u0117kite sandarikli\u0173 vientisum\u0105 ir pakeiskite juos, kai pastebite susid\u0117v\u0117jimo po\u017eymi\u0173. Susid\u0117v\u0117j\u0119 sandarikliai gali lemti didel\u012f hidraulinio skys\u010dio nuostol\u012f, o tai turi \u012ftakos na\u0161umui.<\/li>\n<\/ul>\n<h2>Hidraulinio cilindro montavimo vadovas<\/h2>\n<p>Tinkamas str\u0117l\u0117s cilindro montavimas yra labai svarbus jo veikimui ir ilgaam\u017ei\u0161kumui. Pirmiausia \u012fsitikinkite, kad tvirtinimo pavir\u0161iai yra \u0161var\u016bs ir be \u0161iuk\u0161li\u0173. Sulygiuokite cilindr\u0105 su tvirtinimo laikikliais ir naudokite atitinkamus tvirtinimo elementus, kad j\u012f pritvirtintum\u0117te. Svarbu laikytis gamintojo nurodym\u0173 d\u0117l sukimo momento nustatym\u0173, kad b\u016bt\u0173 u\u017etikrintas tvirtas pritvirtinimas. Neteisingas sulygiavimas gali sukelti netolyg\u0173 susid\u0117v\u0117jim\u0105 ir prie\u0161laikin\u012f gedim\u0105, tod\u0117l prie\u0161 visk\u0105 pritvirtindami skirkite laiko dar kart\u0105 patikrinti sulygiavim\u0105.<\/p>\n<p>\u012edieg\u0119 prijunkite hidraulines linijas, u\u017etikrindami, kad neb\u016bt\u0173 joki\u0173 lenkim\u0173 ar staigi\u0173 lenkim\u0173, kurie gal\u0117t\u0173 apriboti skys\u010dio sraut\u0105. Prijung\u0119, pripildykite hidraulin\u0119 sistem\u0105 rekomenduojamos hidraulin\u0117s alyvos ir i\u0161leiskite or\u0105 i\u0161 linij\u0173, kad u\u017etikrintum\u0117te skland\u0173 veikim\u0105. Galiausiai atlikite bandom\u0105j\u012f paleidim\u0105, kad patikrintum\u0117te, ar n\u0117ra nuot\u0117ki\u0173 ir ar tinkamai veikia. \u0160is aktyvus po\u017ei\u016bris gali \u017eymiai pagerinti cilindro na\u0161um\u0105 ir tarnavimo laik\u0105.<\/p>\n<h2>\u012eprastos prie\u017ei\u016bros u\u017eduotys<\/h2>\n<ul>\n<li><strong>Reguliar\u016bs patikrinimai:<\/strong> Reguliariai tikrinkite, ar n\u0117ra nusid\u0117v\u0117jimo. Reguliarios ap\u017ei\u016bros gali pad\u0117ti nustatyti problemas, kol jos dar nepa\u016bm\u0117jo, ir u\u017etikrinti, kad cilindras veikt\u0173 efektyviai.<\/li>\n<li><strong>Tinkamas tepimas:<\/strong> Palaikykite tinkam\u0105 tepimo lyg\u012f ir keiskite hidraulin\u0119 alyv\u0105 pagal poreik\u012f. Tai u\u017etikrina skland\u0173 cilindro veikim\u0105 ir suma\u017eina susid\u0117v\u0117jimo rizik\u0105.<\/li>\n<li><strong>Sandariklio keitimo ir kalibravimo patikrinimai:<\/strong> Reguliariai vertinkite sandarikli\u0173 b\u016bkl\u0119 ir prireikus juos pakeiskite. Kalibravimo patikrinimai u\u017etikrina, kad cilindras veikt\u0173 pagal nurodytus parametrus, taip padidindami saug\u0105 ir na\u0161um\u0105.<\/li>\n<\/ul>\n<p>Tinkamas montavimas, tepimas ir reguliavimas yra labai svarb\u016bs str\u0117l\u0117s cilindro veikimui. Montuodami \u012fsitikinkite, kad cilindras yra tinkamai sulygiuotas. Rekomenduojama naudoti tinkamus tvirtinimo laikiklius cilindrui pritvirtinti. Reguliariai tikrinkite ir laikykit\u0117s rekomenduojam\u0173 komponent\u0173 patikros, remonto ir keitimo proced\u016br\u0173, kad pailgintum\u0117te cilindro tarnavimo laik\u0105.<\/p>\n<p><img decoding=\"async\" src=\"https:\/\/www.hydraulic-cylinders.net\/wp-content\/uploads\/2025\/04\/songte-chushion-collar.webp\" alt=\"Pagalv\u0117l\u0117s apykakl\u0117\"><\/p>\n<h2>Saugos aspektai ir aplinkos veiksniai<\/h2>\n<p>Dirbant su hidrauliniais cilindrais, b\u016btinos saugos priemon\u0117s. Operatoriai visada tur\u0117t\u0173 laikytis saugos nurodym\u0173, kad i\u0161vengt\u0173 nelaiming\u0173 atsitikim\u0173 ir su\u017ealojim\u0173. Labai svarbu d\u0117v\u0117ti tinkamas asmenines apsaugos priemones (AAP), tokias kaip pir\u0161tin\u0117s ir apsauginiai akiniai. Be to, \u012frangos veikimo rib\u0173 supratimas ir u\u017etikrinimas, kad cilindras neb\u016bt\u0173 perkrautas, gali pad\u0117ti i\u0161vengti gedim\u0173 ir padidinti saug\u0105. Aplinkos veiksni\u0173, toki\u0173 kaip temperat\u016bra ir s\u0105lytis su korozin\u0117mis med\u017eiagomis, \u017einojimas taip pat gali pailginti hidraulini\u0173 cilindr\u0173 tarnavimo laik\u0105. Operatoriai tur\u0117t\u0173 stengtis palaikyti \u0161vari\u0105 darbo aplink\u0105, kad suma\u017eint\u0173 u\u017eter\u0161tum\u0105 ir susid\u0117v\u0117jim\u0105.<\/p>\n<h2>Da\u017eniausiai pasitaikan\u010di\u0173 problem\u0173 \u0161alinimas<\/h2>\n<ul>\n<li><strong>Hidraulini\u0173 skys\u010di\u0173 nuot\u0117kiai:<\/strong> Patikrinkite, ar sandarikliai n\u0117ra susid\u0117v\u0117j\u0119, ir prireikus juos pakeiskite. Patikrinkite, ar \u017earnos ir jungtys n\u0117ra pa\u017eeistos. Reguliarus techninis aptarnavimas gali pad\u0117ti i\u0161vengti nuot\u0117ki\u0173, kol jie netapo rimtomis problemomis.<\/li>\n<li><strong>Suma\u017eintas cilindro na\u0161umas:<\/strong> Patikrinkite hidraulinio skys\u010dio lyg\u012f ir pakeiskite u\u017eter\u0161t\u0105 alyv\u0105. \u017demas skys\u010dio lygis gali lemti l\u0117t\u0105 veikim\u0105, tod\u0117l reguliari patikra yra labai svarbi.<\/li>\n<li><strong>Keisti garsai veikimo metu:<\/strong> Ne\u012fprasti garsai gali rodyti vidin\u012f susid\u0117v\u0117jim\u0105 arba pa\u017eeidim\u0105. Patikrinkite cilindr\u0105 ir jo komponentus, ar n\u0117ra koki\u0173 nors pa\u017eeidim\u0173 ar nesuderinamumo po\u017eymi\u0173.<\/li>\n<\/ul>\n<p>Pateikdami veiksmingus trik\u010di\u0173 \u0161alinimo patarimus ir sprendimus, operatoriai gali greitai nustatyti ir i\u0161spr\u0119sti hidraulini\u0173 cilindr\u0173 problemas, suma\u017eindami prastovas ir i\u0161laikydami efektyvum\u0105.<\/p>\n<p>Prevencin\u0117s priemon\u0117s, tokios kaip reguliari technin\u0117 prie\u017ei\u016bra ir eksploatavimo gairi\u0173 laikymasis, gali gerokai suma\u017einti tikimyb\u0119 susidurti su \u0161iomis problemomis.<\/p>\n<p><img decoding=\"async\" src=\"https:\/\/www.hydraulic-cylinders.net\/wp-content\/uploads\/2025\/04\/songte-bushings-with-all-kinds-of-excavator-models.webp\" alt=\"Ekskavatoriaus \u012fvor\u0117s\"><\/p>\n<h2>Apie mus<\/h2>\n<p>Esame pirmaujantis pakaitini\u0173 hidraulini\u0173 cilindr\u0173 gamintojas, siekiantis tiekti plat\u0173 gamini\u0173 asortiment\u0105. M\u016bs\u0173 \u012fsipareigojimas siekti meistri\u0161kumo pavert\u0117 mus vienais i\u0161 pirmaujan\u010di\u0173 hidraulini\u0173 cilindr\u0173 gamintoj\u0173 ir didmenini\u0173 platintoj\u0173 tiek vidaus, tiek tarptautin\u0117se rinkose. Laikom\u0117s rafinuoto gamybos valdymo strategijos ir nuolat tobuliname savo gamybos paj\u0117gumus, naudodami pa\u017eangias technologijas, kvalifikuot\u0105 personal\u0105 ir grie\u017etas bandym\u0173 sistemas.<\/p>\n<p>D\u0117mesys auk\u0161tam efektyvumui, tikslumui ir kokybei u\u017etikrina, kad patenkiname \u012fvairius klient\u0173 poreikius. Siekdami u\u017etikrinti klient\u0173 pasitenkinim\u0105, si\u016blome profesionalias individualias paslaugas, tarptautinius gamini\u0173 sertifikatus ir patikim\u0105 garantin\u012f aptarnavim\u0105. M\u016bs\u0173 gamybos \u012frenginiai gali pasigirti moderniausia \u012franga, leid\u017eian\u010dia gaminti auk\u0161tos kokyb\u0117s hidraulinius cilindrus, pritaikytus pagal klient\u0173 specifikacijas.<\/p>\n<p><img decoding=\"async\" src=\"https:\/\/www.hydraulic-cylinders.net\/wp-content\/uploads\/2025\/04\/songte-company-4.webp\" alt=\"\u012emon\u0117s ap\u017evalga\"><br \/>\n<img decoding=\"async\" src=\"https:\/\/www.hydraulic-cylinders.net\/wp-content\/uploads\/2025\/04\/songte-company-3.webp\" alt=\"Hidraulini\u0173 cilindr\u0173 gamyba\"><\/p>\n<p>Autorius: lyl<\/p>","protected":false},"excerpt":{"rendered":"<p>Boom Cylinder For Case Middle Excavator CX240B Definition and Overview of the Bucket Cylinder The bucket cylinder, also known as the boom cylinder, is a critical component in hydraulic systems used in various heavy machinery, including excavators, backhoe loaders, and front loaders. This hydraulic cylinder enables the movement of the bucket, allowing it to lift, [&hellip;]<\/p>","protected":false},"featured_media":17874,"comment_status":"open","ping_status":"closed","template":"","meta":{"_et_pb_use_builder":"","_et_pb_old_content":"","_et_gb_content_width":""},"product_brand":[],"product_cat":[1546],"product_tag":[1547,1496],"class_list":{"0":"post-19445","1":"product","2":"type-product","3":"status-publish","4":"has-post-thumbnail","6":"product_cat-boom-cylinders","7":"product_tag-boom-cylinders","8":"product_tag-hydraulic-cylinders","10":"first","11":"instock","12":"shipping-taxable","13":"product-type-simple"},"amp_enabled":true,"_links":{"self":[{"href":"https:\/\/www.hydraulic-cylinders.net\/lt\/wp-json\/wp\/v2\/product\/19445","targetHints":{"allow":["GET"]}}],"collection":[{"href":"https:\/\/www.hydraulic-cylinders.net\/lt\/wp-json\/wp\/v2\/product"}],"about":[{"href":"https:\/\/www.hydraulic-cylinders.net\/lt\/wp-json\/wp\/v2\/types\/product"}],"replies":[{"embeddable":true,"href":"https:\/\/www.hydraulic-cylinders.net\/lt\/wp-json\/wp\/v2\/comments?post=19445"}],"wp:featuredmedia":[{"embeddable":true,"href":"https:\/\/www.hydraulic-cylinders.net\/lt\/wp-json\/wp\/v2\/media\/17874"}],"wp:attachment":[{"href":"https:\/\/www.hydraulic-cylinders.net\/lt\/wp-json\/wp\/v2\/media?parent=19445"}],"wp:term":[{"taxonomy":"product_brand","embeddable":true,"href":"https:\/\/www.hydraulic-cylinders.net\/lt\/wp-json\/wp\/v2\/product_brand?post=19445"},{"taxonomy":"product_cat","embeddable":true,"href":"https:\/\/www.hydraulic-cylinders.net\/lt\/wp-json\/wp\/v2\/product_cat?post=19445"},{"taxonomy":"product_tag","embeddable":true,"href":"https:\/\/www.hydraulic-cylinders.net\/lt\/wp-json\/wp\/v2\/product_tag?post=19445"}],"curies":[{"name":"wp","href":"https:\/\/api.w.org\/{rel}","templated":true}]}}