{"id":19447,"date":"2025-04-07T06:48:00","date_gmt":"2025-04-07T06:48:00","guid":{"rendered":"https:\/\/www.hydraulic-cylinders.net\/product\/boom-cylinder-for-case-large-excavator-cx300b\/"},"modified":"2025-04-07T06:48:02","modified_gmt":"2025-04-07T06:48:02","slug":"boom-cylinder-for-case-large-excavator-cx300b","status":"publish","type":"product","link":"https:\/\/www.hydraulic-cylinders.net\/lt\/produktas\/boom-cylinder-for-case-large-excavator-cx300b\/","title":{"rendered":"Str\u0117l\u0117s cilindras, skirtas dideliems ekskavatoriams \u201eCase CX300B\u201c"},"content":{"rendered":"<h1>Str\u0117l\u0117s cilindras, skirtas dideliems ekskavatoriams \u201eCase CX300B\u201c<\/h1>\n<h2>\u012evadas \u012f str\u0117l\u0117s cilindr\u0105<\/h2>\n<p>Str\u0117l\u0117s cilindras yra esminis hidraulinis komponentas, specialiai sukurtas valdyti kau\u0161\u0173 jud\u0117jim\u0105 sunkiosiose ma\u0161inose, tokiose kaip ekskavatoriai, ekskavatoriai ir frontaliniai krautuvai. \u0160is hidraulinis cilindras leid\u017eia kau\u0161ui pakelti, nuleisti ir pakreipti, taip palengvindamas efektyv\u0173 med\u017eiag\u0173 tvarkym\u0105. Veikdami hidraulin\u0117se sistemose, \u0161ie cilindrai hidraulin\u0119 energij\u0105 paver\u010dia mechanine j\u0117ga, \u012fgalindami galingus judesius, reikalingus \u012fvairiuose statybos ir \u017eem\u0117s \u016bkio darbuose.<\/p>\n<p><img decoding=\"async\" src=\"https:\/\/www.hydraulic-cylinders.net\/wp-content\/uploads\/2025\/04\/songte-company-1.webp\" alt=\"Str\u0117l\u0117s cilindro vaizdas\" \/><\/p>\n<h3>Apibr\u0117\u017eimas ir ap\u017evalga<\/h3>\n<p>Str\u0117l\u0117s cilindras yra hidraulinio cilindro tipas, daugiausia naudojamas ekskavatoriaus str\u0117lei valdyti. Jo funkcija yra labai svarbi, nes ji leid\u017eia operatoriams tiksliai ir galingai manevruoti kau\u0161\u0105. Str\u0117l\u0117s cilindras i\u0161siple\u010dia ir susitraukia, kad b\u016bt\u0173 galima reguliuoti kau\u0161o pad\u0117t\u012f, tod\u0117l jis yra b\u016btinas tokioms u\u017eduotims kaip kasimas, k\u0117limas ir med\u017eiag\u0173 transportavimas. \u0160ie cilindrai yra sukurti taip, kad atlaikyt\u0173 auk\u0161t\u0105 sl\u0117g\u012f ir sunkius krovinius, u\u017etikrinant, kad jie efektyviai veikt\u0173 net ir sud\u0117tingomis s\u0105lygomis.<\/p>\n<h2>Pagrindin\u0117s str\u0117l\u0117s cilindro savyb\u0117s<\/h2>\n<ul>\n<li><strong>Didelis stiprumas ir ilgaam\u017ei\u0161kumas:<\/strong> Paprastai i\u0161 didelio stiprumo plieno arba aliuminio pagaminti str\u0117l\u0117s cilindrai atlaiko auk\u0161t\u0105 sl\u0117g\u012f ir dideles apkrovas, yra atspar\u016bs dilimui ir korozijai, taip pat prailgina j\u0173 tarnavimo laik\u0105.<\/li>\n<li><strong>Efektyvus hidraulinis valdymas:<\/strong> Naudodami hidraulin\u0117s alyvos sl\u0117g\u012f skland\u017eiam i\u0161st\u016bmimui ir \u012ftraukimui, jie greitai reaguoja \u012f valdymo komandas ir u\u017etikrina didel\u0119 st\u016bmimo bei traukimo gali\u0105 sunkioms ir sud\u0117tingoms u\u017eduotims atlikti.<\/li>\n<li><strong>\u012evair\u016bs tipai:<\/strong> \u0160iuos cilindrus, kurie yra vienpusio arba dvipusio veikimo konfig\u016bracijos, galima pasirinkti atsi\u017evelgiant \u012f eksploatacinius poreikius, o kai kurie modeliai yra teleskopiniai, kad b\u016bt\u0173 galima pasiekti didesn\u012f atstum\u0105 nedidinant i\u0161orini\u0173 matmen\u0173.<\/li>\n<li><strong>Tinkinimo parinktys:<\/strong> Mes si\u016blome individualiai pritaikytus sprendimus, u\u017etikrinan\u010dius, kad str\u0117l\u0117s cilindras atitikt\u0173 konkre\u010dius ma\u0161inos reikalavimus, padidinant suderinamum\u0105 ir na\u0161um\u0105.<\/li>\n<li><strong>Lengva prie\u017ei\u016bra:<\/strong> Sukurta patogiam prieinamumui, leid\u017eia lengvai ap\u017ei\u016br\u0117ti ir remontuoti, u\u017etikrinant ilgaam\u017ei\u0161kum\u0105 ir patikim\u0105 veikim\u0105.<\/li>\n<\/ul>\n<h2>Str\u0117l\u0117s cilindro pritaikymas<\/h2>\n<h3>Statybin\u0117 \u012franga<\/h3>\n<p>Statybin\u0117se ma\u0161inose, tokiose kaip ekskavatoriai, str\u0117l\u0117s cilindrai atlieka gyvybi\u0161kai svarb\u0173 vaidmen\u012f kasant, kraunant ir perkeliant \u017eem\u0119 ar \u0161iuk\u0161les. Jie yra neatsiejama ma\u0161inos geb\u0117jimo atlikti sunkius k\u0117limo darbus dalis, leid\u017eianti operatoriams efektyviai tvarkyti med\u017eiagas statybviet\u0117je. Str\u0117l\u0117s cilindr\u0173 tikslumas ir galia leid\u017eia kasti tran\u0161\u0117jas, pamatus ir kitus svarbius \u017eem\u0117s pakeitimus.<\/p>\n<h3>\u017dem\u0117s \u016bkio technika<\/h3>\n<p>\u017dem\u0117s \u016bkio srityje frontaliniai krautuvai naudoja str\u0117l\u0117s cilindrus tokioms u\u017eduotims kaip dirvo\u017eemio, \u0161ieno ir kit\u0173 med\u017eiag\u0173 kasimas, k\u0117limas ir transportavimas. Suteikdami reikiam\u0105 k\u0117limo j\u0117g\u0105, jie leid\u017eia \u016bkininkams efektyviau valdyti savo veikl\u0105, prisidedant prie didesnio produktyvumo ir efektyvumo lauko darbuose.<\/p>\n<h3>Ekskavatoriai<\/h3>\n<p>Ekskavatoriams str\u0117l\u0117s cilindras yra b\u016btinas atliekant kasimo darbus. Jis leid\u017eia kau\u0161ui efektyviai \u012fsiskverbti \u012f \u017eem\u0119, tod\u0117l lengviau i\u0161kasti dirvo\u017eem\u012f ar uolienas. \u0160i galimyb\u0117 yra labai svarbi \u012fvairiems projektams, \u012fskaitant statybviet\u0117s paruo\u0161im\u0105, kra\u0161tovaizd\u017eio tvarkym\u0105 ir griovim\u0105.<\/p>\n<h3>Krautuvai<\/h3>\n<p>Priekiniuose krautuvuose str\u0117l\u0117s cilindrai padeda efektyviai kelti ir i\u0161versti krovinius. Jie leid\u017eia ma\u0161inai pakelti med\u017eiagas transportavimui ar i\u0161d\u0117jimui, taip padidinant bendr\u0105 krovimo operacij\u0173 efektyvum\u0105 statybose ir kra\u0161tovaizd\u017eio tvarkymo darbuose.<\/p>\n<h2>Projektavimo aspektai ir atrankos kriterijai<\/h2>\n<h3>Keliamoji galia<\/h3>\n<p>Renkantis str\u0117l\u0117s cilindr\u0105, vienas i\u0161 pagrindini\u0173 aspekt\u0173 yra jo keliamoji galia. \u0160i specifikacija apibr\u0117\u017eia maksimal\u0173 svor\u012f, kur\u012f cilindras gali pakelti nepakenkdamas savo konstrukciniam vientisumui. B\u016btina tinkamai suprasti konkre\u010di\u0173 u\u017eduo\u010di\u0173 apkrovos reikalavimus. Pavyzd\u017eiui, statybos darbams da\u017enai reikalingi cilindrai, kurie gali atlaikyti didel\u012f svor\u012f, tod\u0117l reikia nuodugniai \u012fvertinti ma\u0161inos reikalavimus.<\/p>\n<h3>Sandarinimo mechanizmai<\/h3>\n<p>Efektyvus sandarinimas yra labai svarbus siekiant i\u0161vengti hidraulinio skys\u010dio nuot\u0117kio ir i\u0161laikyti cilindro veikim\u0105. Auk\u0161tos kokyb\u0117s sandarikliai, tokie kaip st\u016bmokli\u0173 ir kot\u0173 sandarikliai, tur\u0117t\u0173 b\u016bti pagaminti i\u0161 patvari\u0173 med\u017eiag\u0173, toki\u0173 kaip poliuretanas ir nitrilo kau\u010diukas, kad atlaikyt\u0173 nusid\u0117v\u0117jim\u0105 ir aplinkos veiksnius. Tinkamas sandarinimo mechanizmas gali \u017eymiai suma\u017einti prie\u017ei\u016bros i\u0161laidas ir prastovas.<\/p>\n<h3>Patvarumas<\/h3>\n<p>Patvarumas yra dar vienas svarbus str\u0117l\u0117s cilindr\u0173 konstrukcijos veiksnys. Jie tur\u0117t\u0173 b\u016bti sukonstruoti taip, kad atlaikyt\u0173 at\u0161iaurias darbo s\u0105lygas, \u012fskaitant auk\u0161t\u0105 sl\u0117g\u012f, ekstremalias temperat\u016bras ir ter\u0161al\u0173 poveik\u012f. \u0160is patvarumas gali b\u016bti pasiektas parinkus tvirtas med\u017eiagas ir apdorojant pavir\u0161i\u0173, kurie padidina atsparum\u0105 dilimui. Reguliarus cilindro b\u016bkl\u0117s vertinimas gali pad\u0117ti nustatyti galimas problemas, kol jos nesuk\u0117l\u0117 brangaus remonto.<\/p>\n<h3>Saugos funkcijos<\/h3>\n<p>Saugumas hidraulin\u0117se sistemose yra svarbiausias dalykas. Str\u0117l\u0117s cilindrai tur\u0117t\u0173 b\u016bti suprojektuoti su funkcijomis, kurios u\u017ekerta keli\u0105 nelaimingiems atsitikimams, pavyzd\u017eiui, sl\u0117gio ma\u017einimo vo\u017etuvais, kurie leid\u017eia kontroliuojamai i\u0161leisti hidraulin\u012f sl\u0117g\u012f sistemos perkrovos atveju. U\u017etikrinus, kad saugos funkcijos b\u016bt\u0173 integruotos \u012f konstrukcij\u0105, galima apsaugoti operatorius ir ma\u0161inas, suma\u017einant nelaiming\u0173 atsitikim\u0173 darbo vietoje rizik\u0105.<\/p>\n<h3>Prie\u017ei\u016bra<\/h3>\n<p>Lengva prie\u017ei\u016bra yra labai svarbi str\u0117l\u0117s cilindr\u0173 ilgaam\u017ei\u0161kumui ir patikimumui. Gerai suprojektuotas hidraulinis cilindras leid\u017eia greitai pasiekti vidinius komponentus, kad juos b\u016bt\u0173 galima patikrinti, sutepti ir prireikus pakeisti. Reguliar\u016bs technin\u0117s prie\u017ei\u016bros patikrinimai yra b\u016btini siekiant u\u017etikrinti, kad visos dalys veikt\u0173 efektyviai, ir i\u0161vengti netik\u0117t\u0173 gedim\u0173 eksploatacijos metu.<\/p>\n<p><img decoding=\"async\" src=\"https:\/\/www.hydraulic-cylinders.net\/wp-content\/uploads\/2025\/04\/songte-oil-pipes-and-spare-parts.webp\" alt=\"Hidraulin\u0117s dalys\" \/><\/p>\n<h2>Hidraulinio cilindro sandarinimas ir tepimas<\/h2>\n<p>Tinkamas sandarinimas ir tepimas yra labai svarb\u016bs efektyviam str\u0117l\u0117s cilindr\u0173 veikimui. Naudojami \u012fvair\u016bs sandarikliai, \u012fskaitant st\u016bmokli\u0173 ir stryp\u0173 sandariklius, pagamintus i\u0161 atspari\u0173 dilimui med\u017eiag\u0173, toki\u0173 kaip poliuretanas ir nitrilo kau\u010diukas. \u0160ios med\u017eiagos u\u017etikrina, kad sandarikliai atlaikyt\u0173 hidraulinio veikimo sunkumus ir aplinkos poveik\u012f.<\/p>\n<p>Cilindro korpusas ir srieginiai galiniai pavir\u0161iai yra kruop\u0161\u010diai apdorojami, siekiant padidinti atsparum\u0105 dilimui, o tai pailgina hidraulin\u0117s sistemos tarnavimo laik\u0105. Taip pat svarbu reguliariai \u012fpilti tinkam\u0105 kiek\u012f hidraulin\u0117s alyvos tepimui, nes tai padeda i\u0161laikyti sistemos efektyvum\u0105 ir apsaugo nuo perkaitimo ar per didelio susid\u0117v\u0117jimo.<\/p>\n<h2>Prevencin\u0117s prie\u017ei\u016bros priemon\u0117s<\/h2>\n<ul>\n<li><strong>Reguliar\u016bs patikrinimai:<\/strong> Da\u017enai vizualiai patikrinkite hidraulin\u012f cilindr\u0105, ar n\u0117ra susid\u0117v\u0117jimo, nuot\u0117ki\u0173 ar pa\u017eeidim\u0173 po\u017eymi\u0173. Ankstyvas problem\u0173 nustatymas gali pad\u0117ti i\u0161vengti rimtesni\u0173 problem\u0173 ateityje.<\/li>\n<li><strong>Tinkamas tepimas:<\/strong> \u012esitikinkite, kad cilindras yra tinkamai suteptas pagal gamintojo specifikacijas. Tai pad\u0117s i\u0161laikyti skland\u0173 veikim\u0105 ir suma\u017eins trint\u012f tarp judan\u010di\u0173 dali\u0173.<\/li>\n<li><strong>Sandariklio keitimas:<\/strong> Reguliariai tikrinkite sandarikli\u0173 susid\u0117v\u0117jim\u0105 ir prireikus juos pakeiskite. Susid\u0117v\u0117j\u0119 sandarikliai gali sukelti skys\u010di\u0173 nuot\u0117k\u012f ir suma\u017einti hidraulin\u0117s sistemos efektyvum\u0105.<\/li>\n<\/ul>\n<h2>Tinkamo \u012frengimo gair\u0117s<\/h2>\n<p>Tinkamas str\u0117l\u0117s cilindro montavimas yra labai svarbus optimaliam jo veikimui. Pirmiausia \u012fsitikinkite, kad visi tvirtinimo pavir\u0161iai yra \u0161var\u016bs ir be \u0161iuk\u0161li\u0173. Montavimo metu tinkamai sulygiuokite cilindr\u0105, kad i\u0161vengtum\u0117te per didelio komponent\u0173 \u012ftempimo.<\/p>\n<p>B\u016btina naudoti tinkamus tvirtinimo laikiklius cilindrui pritvirtinti, nes tai u\u017etikrina stabilum\u0105 ir apsaugo nuo jud\u0117jimo eksploatacijos metu. Grie\u017etai laikykit\u0117s gamintojo montavimo nurodym\u0173, atkreipdami d\u0117mes\u012f \u012f tvirtinimo var\u017et\u0173 sukimo momento specifikacijas, kad jie b\u016bt\u0173 tinkamai priver\u017eti.<\/p>\n<p>\u012edieg\u0119 patikrinkite hidraulin\u0119 sistem\u0105, kad \u012fsitikintum\u0117te, jog cilindras veikia skland\u017eiai. Patikrinkite, ar n\u0117ra nuot\u0117ki\u0173 ar ne\u012fprast\u0173 gars\u0173, kurie gali rodyti montavimo problemas. Tinkamas suderinimas ir saugus montavimas prailgins hidraulin\u0117s sistemos tarnavimo laik\u0105 ir efektyvum\u0105.<\/p>\n<h2>\u012eprastos prie\u017ei\u016bros u\u017eduotys<\/h2>\n<ul>\n<li><strong>Reguliar\u016bs patikrinimai:<\/strong> Reguliariai atlikti patikrinimus yra labai svarbu norint nustatyti galimas problemas, kol jos nepa\u016bm\u0117jo. Ie\u0161kokite susid\u0117v\u0117jimo ir pa\u017eeidimo po\u017eymi\u0173, u\u017etikrindami, kad sandarikliai ir jungtys b\u016bt\u0173 nepa\u017eeistos.<\/li>\n<li><strong>Tinkamas tepimas:<\/strong> Laikykit\u0117s rekomenduojamo tepimo grafiko, kad hidraulinis cilindras veikt\u0173 tinkamai. Tinkamas tepimas suma\u017eina trint\u012f ir susid\u0117v\u0117jim\u0105, u\u017etikrindamas skland\u0173 veikim\u0105.<\/li>\n<li><strong>Sandariklio keitimas:<\/strong> Reguliariai steb\u0117kite tarpikli\u0173 b\u016bkl\u0119 ir pakeiskite juos vos pasteb\u0117j\u0119 pirmuosius susid\u0117v\u0117jimo po\u017eymius. \u0160i prevencin\u0117 priemon\u0117 padeda i\u0161laikyti sistemos efektyvum\u0105 ir i\u0161vengti nuot\u0117ki\u0173.<\/li>\n<\/ul>\n<p>Montuojant taip pat reikia u\u017etikrinti tinkam\u0105 cilindro sulygiavim\u0105, kad b\u016bt\u0173 i\u0161vengta \u012ftempimo ir prie\u0161laikinio gedimo. Tinkam\u0173 tvirtinimo laikikli\u0173 naudojimas gali \u017eymiai pagerinti stabilum\u0105 ir eksploatavimo efektyvum\u0105. Reguliar\u016bs patikrinimai, remontas ir dali\u0173 keitimas prailgins str\u0117l\u0117s cilindro tarnavimo laik\u0105, u\u017etikrindami, kad jis ir toliau veikt\u0173 geriausiai.<\/p>\n<p><img decoding=\"async\" src=\"https:\/\/www.hydraulic-cylinders.net\/wp-content\/uploads\/2025\/04\/songte-chushion-collar.webp\" alt=\"Pagalv\u0117l\u0117s apykakl\u0117\" \/><\/p>\n<h2>Saugos aspektai ir aplinkos veiksniai<\/h2>\n<p>Dirbant su hidraulin\u0117mis sistemomis, b\u016btinos saugos priemon\u0117s operatoriams ir \u012frangai apsaugoti. Dirbant su hidrauliniais cilindrais, visada laikykit\u0117s saugos protokol\u0173, \u012fskaitant tinkam\u0173 asmenini\u0173 apsaugos priemoni\u0173 (AAP) d\u0117v\u0117jim\u0105. \u012esitikinkite, kad visi operatoriai yra apmokyti saugaus darbo proced\u016br\u0173 ir supranta galimus pavojus, susijusius su hidraulin\u0117mis sistemomis.<\/p>\n<p>Be to, nereik\u0117t\u0173 pamir\u0161ti ir aplinkosaugos aspekt\u0173. Tinkamas hidraulini\u0173 skys\u010di\u0173 ir kit\u0173 med\u017eiag\u0173 \u0161alinimas yra labai svarbus siekiant suma\u017einti poveik\u012f aplinkai. Reguliarus hidraulini\u0173 sistem\u0173 techninis aptarnavimas ir steb\u0117jimas gali pad\u0117ti i\u0161vengti nuot\u0117ki\u0173, taip dar labiau apsaugant tiek operatorius, tiek aplinkin\u0119 aplink\u0105.<\/p>\n<h2>Trik\u010di\u0173 \u0161alinimas ir da\u017eniausiai pasitaikan\u010dios problemos<\/h2>\n<ul>\n<li><strong>Suma\u017eintas na\u0161umas:<\/strong> Jei str\u0117l\u0117s cilindro galia arba reakcija suma\u017e\u0117ja, patikrinkite, ar n\u0117ra hidraulinio skys\u010dio lygio, nuot\u0117ki\u0173 ar u\u017esikim\u0161im\u0173 hidraulin\u0117se linijose. \u0160ios problemos gali labai pakenkti na\u0161umui.<\/li>\n<li><strong>Skys\u010di\u0173 nuot\u0117kiai:<\/strong> Nuot\u0117kiai gali atsirasti d\u0117l susid\u0117v\u0117jusi\u0173 sandarikli\u0173 arba pa\u017eeist\u0173 komponent\u0173. Reguliariai tikrinkite visus sandariklius ir \u017earnas ir pakeiskite visas pa\u017eeistas dalis, kad i\u0161vengtum\u0117te tolesnio skys\u010di\u0173 praradimo.<\/li>\n<li><strong>Ne\u012fprasti garsai:<\/strong> Ne\u012fprasti garsai veikimo metu gali rodyti vidines problemas, tokias kaip kavitacija ar mechaninis susid\u0117v\u0117jimas. I\u0161tirkite triuk\u0161mo \u0161altin\u012f ir nedelsdami j\u012f pa\u0161alinkite, kad i\u0161vengtum\u0117te didel\u0117s \u017ealos.<\/li>\n<\/ul>\n<h2>Trik\u010di\u0173 \u0161alinimo patarimai ir sprendimai<\/h2>\n<p>Efektyvus trik\u010di\u0173 \u0161alinimas apima problem\u0173 prie\u017easties nustatym\u0105 ir greit\u0105 sprendim\u0173 \u012fgyvendinim\u0105. Suma\u017e\u0117jus na\u0161umui, patikrinkite hidraulinio skys\u010dio lyg\u012f ir i\u0161leiskite i\u0161 sistemos or\u0105, kad pa\u0161alintum\u0117te visas susidariusias oro ki\u0161enes.<\/p>\n<p>Nor\u0117dami pa\u0161alinti skys\u010di\u0173 nuot\u0117kius, atid\u017eiai patikrinkite sandariklius ir \u017earnas, prireikus pakeisdami susid\u0117v\u0117jusius ar pa\u017eeistus komponentus. Reguliarus techninis aptarnavimas gali suma\u017einti toki\u0173 problem\u0173 atsiradim\u0105. Jei girdite ne\u012fprast\u0173 gars\u0173, atid\u017eiai ap\u017ei\u016br\u0117jus hidraulin\u0119 sistem\u0105, galima nustatyti pagrindines mechanines problemas, \u012f kurias reikia atkreipti d\u0117mes\u012f.<\/p>\n<p><img decoding=\"async\" src=\"https:\/\/www.hydraulic-cylinders.net\/wp-content\/uploads\/2025\/04\/songte-bushings-with-all-kinds-of-excavator-models.webp\" alt=\"\u012evori\u0173 vaizdas\" \/><\/p>\n<h2>\u012emon\u0117s ap\u017evalga<\/h2>\n<p>Esame pirmaujantis pakaitini\u0173 hidraulini\u0173 cilindr\u0173 gamintojas, si\u016blantis plat\u0173 gamini\u0173 asortiment\u0105, skirt\u0105 tiek vidaus, tiek tarptautinei rinkai. M\u016bs\u0173 \u012fsipareigojimas siekti meistri\u0161kumo skatina mus laikytis auk\u0161t\u0173 kokyb\u0117s standart\u0173, kartu taikant pa\u017eangias gamybos ir valdymo strategijas.<\/p>\n<p>M\u016bs\u0173 gamybos \u012frenginiai naudoja pa\u017eangiausias technologijas ir kvalifikuotus techninius darbuotojus, siekdami padidinti m\u016bs\u0173 gamybos paj\u0117gumus. Mes teikiame pirmenyb\u0119 kokybei kiekviename gamybos proceso aspekte, u\u017etikrindami, kad m\u016bs\u0173 produktai atitikt\u0173 \u012fvairius klient\u0173 poreikius. M\u016bs\u0173 tvirt\u0105 gamybos platform\u0105 palaiko sud\u0117tinga kokyb\u0117s kontrol\u0117s sistema, leid\u017eianti mums nuolat tiekti efektyvius, tikslius ir auk\u0161tos kokyb\u0117s produktus.<\/p>\n<p>Be to, m\u016bs\u0173 pasi\u016blymai apima individualiai pritaikytus sprendimus, pritaikytus konkretiems veiklos reikalavimams, ir teikia stipri\u0105 garantinio aptarnavimo paslaug\u0105, siekiant u\u017etikrinti klient\u0173 pasitenkinim\u0105 per vis\u0105 produkto gyvavimo cikl\u0105.<\/p>\n<p><img decoding=\"async\" src=\"https:\/\/www.hydraulic-cylinders.net\/wp-content\/uploads\/2025\/04\/songte-company-4.webp\" alt=\"\u012emon\u0117s paveiksl\u0117lis 1\" \/><br \/>\n<img decoding=\"async\" src=\"https:\/\/www.hydraulic-cylinders.net\/wp-content\/uploads\/2025\/04\/songte-company-3.webp\" alt=\"\u012emon\u0117s paveiksl\u0117lis 2\" \/><\/p>\n<p>Autorius: lyl<\/p>","protected":false},"excerpt":{"rendered":"<p>Boom Cylinder For Case Large Excavator CX300B Introduction to Boom Cylinder The Boom Cylinder is an essential hydraulic component designed specifically for controlling the movement of buckets in heavy machinery such as excavators, backhoes, and front loaders. This hydraulic cylinder allows the bucket to lift, lower, and tilt, facilitating efficient material handling tasks. Operating within [&hellip;]<\/p>","protected":false},"featured_media":17876,"comment_status":"open","ping_status":"closed","template":"","meta":{"_et_pb_use_builder":"","_et_pb_old_content":"","_et_gb_content_width":""},"product_brand":[],"product_cat":[1546],"product_tag":[1547,1496],"class_list":{"0":"post-19447","1":"product","2":"type-product","3":"status-publish","4":"has-post-thumbnail","6":"product_cat-boom-cylinders","7":"product_tag-boom-cylinders","8":"product_tag-hydraulic-cylinders","10":"first","11":"instock","12":"shipping-taxable","13":"product-type-simple"},"amp_enabled":true,"_links":{"self":[{"href":"https:\/\/www.hydraulic-cylinders.net\/lt\/wp-json\/wp\/v2\/product\/19447","targetHints":{"allow":["GET"]}}],"collection":[{"href":"https:\/\/www.hydraulic-cylinders.net\/lt\/wp-json\/wp\/v2\/product"}],"about":[{"href":"https:\/\/www.hydraulic-cylinders.net\/lt\/wp-json\/wp\/v2\/types\/product"}],"replies":[{"embeddable":true,"href":"https:\/\/www.hydraulic-cylinders.net\/lt\/wp-json\/wp\/v2\/comments?post=19447"}],"wp:featuredmedia":[{"embeddable":true,"href":"https:\/\/www.hydraulic-cylinders.net\/lt\/wp-json\/wp\/v2\/media\/17876"}],"wp:attachment":[{"href":"https:\/\/www.hydraulic-cylinders.net\/lt\/wp-json\/wp\/v2\/media?parent=19447"}],"wp:term":[{"taxonomy":"product_brand","embeddable":true,"href":"https:\/\/www.hydraulic-cylinders.net\/lt\/wp-json\/wp\/v2\/product_brand?post=19447"},{"taxonomy":"product_cat","embeddable":true,"href":"https:\/\/www.hydraulic-cylinders.net\/lt\/wp-json\/wp\/v2\/product_cat?post=19447"},{"taxonomy":"product_tag","embeddable":true,"href":"https:\/\/www.hydraulic-cylinders.net\/lt\/wp-json\/wp\/v2\/product_tag?post=19447"}],"curies":[{"name":"wp","href":"https:\/\/api.w.org\/{rel}","templated":true}]}}