{"id":19448,"date":"2025-04-07T06:48:04","date_gmt":"2025-04-07T06:48:04","guid":{"rendered":"https:\/\/www.hydraulic-cylinders.net\/product\/boom-cylinder-for-case-large-excavator-cx360b\/"},"modified":"2025-04-07T06:48:06","modified_gmt":"2025-04-07T06:48:06","slug":"boom-cylinder-for-case-large-excavator-cx360b","status":"publish","type":"product","link":"https:\/\/www.hydraulic-cylinders.net\/lt\/produktas\/boom-cylinder-for-case-large-excavator-cx360b\/","title":{"rendered":"Str\u0117l\u0117s cilindras, skirtas dideliems ekskavatoriams \u201eCase CX360B\u201c"},"content":{"rendered":"<h1>Str\u0117l\u0117s cilindras, skirtas dideliems ekskavatoriams \u201eCase CX360B\u201c<\/h1>\n<h2>Str\u0117l\u0117s cilindro ap\u017evalga<\/h2>\n<p>Str\u0117l\u0117s cilindras yra labai svarbus sunkiosios technikos hidraulin\u0117s sistemos komponentas, ypa\u010d ekskavatoriuose, ekskavatoriuose ir frontaliniuose krautuvuose. Pagrindin\u0117 jo funkcija \u2013 valdyti kau\u0161o jud\u0117jim\u0105, leid\u017eiant jam efektyviai pakelti, nuleisti ir pakreipti. Tai palengvina \u012fvairias med\u017eiag\u0173 tvarkymo u\u017eduotis, tod\u0117l jis yra nepakei\u010diama ma\u0161inos veikimo dalis. Kau\u0161o cilindras veikia hidrauliniu sl\u0117giu, kuris suteikia reikiam\u0105 j\u0117g\u0105, kad b\u016bt\u0173 galima tiksliai ir efektyviai atlikti sunkias u\u017eduotis.<\/p>\n<p>I\u0161 esm\u0117s kau\u0161o cilindras yra hidraulinio cilindro tipas, specialiai sukurtas sunkiosios \u012frangos dinaminiams veiksmams valdyti. \u0160ie cilindrai leid\u017eia operatoriams manipuliuoti kau\u0161o pad\u0117timi, u\u017etikrinant optimal\u0173 na\u0161um\u0105 kasimo, pakrovimo ir i\u0161krovimo operacijose.<\/p>\n<p><img decoding=\"async\" src=\"https:\/\/www.hydraulic-cylinders.net\/wp-content\/uploads\/2025\/04\/songte-company-1.webp\" alt=\"Str\u0117l\u0117s cilindras\"><\/p>\n<h2>Str\u0117l\u0117s cilindro savyb\u0117s<\/h2>\n<ul>\n<li><strong>Didelis stiprumas ir ilgaam\u017ei\u0161kumas:<\/strong> Pagaminti i\u0161 didelio stiprumo plieno arba aliuminio, \u0161ie cilindrai gali atlaikyti auk\u0161t\u0105 sl\u0117g\u012f ir dideles apkrovas, tod\u0117l tinkami naudoti at\u0161iauriomis darbo s\u0105lygomis.<\/li>\n<li><strong>Efektyvus hidraulinis valdymas:<\/strong> Cilindras naudoja hidraulin\u0117s alyvos sl\u0117g\u012f, kad skland\u017eiai i\u0161skleist\u0173 ir atitraukt\u0173, taip u\u017etikrindamas greit\u0105 reagavim\u0105 \u012f operatoriaus komandas.<\/li>\n<li><strong>\u012evair\u016bs tipai:<\/strong> Galima \u012fsigyti vienpusio veikimo (sl\u0117gis naudojamas viena kryptimi) arba dvipusio veikimo (sl\u0117gis naudojamas abiem kryptimis) konfig\u016bracij\u0173, kad b\u016bt\u0173 patenkinti \u012fvair\u016bs eksploataciniai poreikiai.<\/li>\n<li><strong>Viet\u0105 taupantis dizainas:<\/strong> Kai kurie modeliai pasi\u017eymi teleskopine konstrukcija, leid\u017eian\u010dia didesn\u012f i\u0161pl\u0117tim\u0105 nepadidinant i\u0161orini\u0173 matmen\u0173, tod\u0117l idealiai tinka u\u017edaroms erdv\u0117ms.<\/li>\n<li><strong>Atsparumas korozijai:<\/strong> Konstrukcijoje atsi\u017evelgiama \u012f atsparum\u0105 dilimui ir apsaug\u0105 nuo korozijos, taip prailginant cilindro tarnavimo laik\u0105 sud\u0117tingomis s\u0105lygomis.<\/li>\n<\/ul>\n<h2>Gamybos paj\u0117gumai<\/h2>\n<p>Mes gaminame str\u0117l\u0117s cilindrus, kurie puikiai pakei\u010dia \u0161iuos hidraulinius cilindrus, u\u017etikrindami auk\u0161t\u0105 suderinamum\u0105 ir na\u0161umo standartus. M\u016bs\u0173 gamybos paj\u0117gumai leid\u017eia mums efektyviai patenkinti \u012fvairius rinkos poreikius.<\/p>\n<p><img decoding=\"async\" src=\"https:\/\/www.hydraulic-cylinders.net\/wp-content\/uploads\/2025\/04\/songte-cylinder-head-with-all-kinds-excavator-models.webp\" alt=\"Hidraulini\u0173 cilindr\u0173 gamyba\"><\/p>\n<h2>Str\u0117l\u0117s cilindro pritaikymas<\/h2>\n<h3>Statybin\u0117 \u012franga<\/h3>\n<p>Ekskavatoriuose str\u0117l\u0117s cilindrai atlieka gyvybi\u0161kai svarb\u0173 vaidmen\u012f kasant, kraunant ir perkeliant \u017eem\u0119 ar \u0161iuk\u0161les. Jie suteikia reikiam\u0105 j\u0117g\u0105 \u012fsiskverbti \u012f \u017eem\u0119, tod\u0117l kasimo darbai yra efektyv\u016bs ir veiksmingi. Ekskavatoriuose-krautuvuose cilindras padeda tiek kasti, tiek kelti, tod\u0117l statybviet\u0117se padid\u0117ja universalumas.<\/p>\n<h3>\u017dem\u0117s \u016bkio technika<\/h3>\n<p>Priekiniuose krautuvuose str\u0117l\u0117s cilindrai yra labai svarb\u016bs dirvo\u017eemio, \u0161ieno ir kit\u0173 med\u017eiag\u0173 s\u0117jimui, k\u0117limui ir transportavimui. \u0160i funkcija yra neatsiejama \u012fvairi\u0173 \u017eem\u0117s \u016bkio u\u017eduo\u010di\u0173 dalis, u\u017etikrinanti produktyvum\u0105 ir efektyvum\u0105 \u016bkininkavimo operacijose.<\/p>\n<h3>Ekskavatoriai<\/h3>\n<p>Ekskavatoriuose str\u0117l\u0117s cilindras leid\u017eia kau\u0161ui efektyviai \u012fsiskverbti \u012f dirv\u0105, palengvindamas kasimo proces\u0105. \u0160i funkcija yra labai svarbi \u012fvairiems \u017eem\u0117s kasimo ir statybos projektams, tiesiogiai veikian\u010diiems produktyvum\u0105.<\/p>\n<h3>Krautuvai<\/h3>\n<p>Priekiniuose krautuvuose str\u0117l\u0117s cilindras padeda efektyviai kelti ir i\u0161versti med\u017eiagas. Sklandus cilindro veikimas u\u017etikrina, kad sunkius krovinius galima lengvai pakelti ir i\u0161tu\u0161tinti, taip supaprastinant med\u017eiag\u0173 tvarkymo operacijas.<\/p>\n<h2>Dizaino aspektai<\/h2>\n<h3>Keliamoji galia<\/h3>\n<p>Projektuojant str\u0117l\u0117s cilindr\u0105, keliamoji galia yra labai svarbus veiksnys. Cilindras eksploatacijos metu turi atlaikyti dideles j\u0117gas, o jo konstrukcijoje tur\u0117t\u0173 b\u016bti naudojamos tvirtos med\u017eiagos, siekiant u\u017etikrinti saug\u0105 ir patikimum\u0105.<\/p>\n<h3>Sandarumas ir ilgaam\u017ei\u0161kumas<\/h3>\n<p>Efektyvus sandarinimas yra gyvybi\u0161kai svarbus siekiant i\u0161vengti hidraulinio skys\u010dio nuot\u0117ki\u0173, kurie gali pakenkti na\u0161umui ir saugai. Auk\u0161tos kokyb\u0117s sandarikliai, pagaminti i\u0161 patvari\u0173 med\u017eiag\u0173, toki\u0173 kaip poliuretanas ir nitrilo kau\u010diukas, yra b\u016btini norint i\u0161laikyti hidraulin\u012f vientisum\u0105.<\/p>\n<h3>Saugos funkcijos<\/h3>\n<p>Projektuojant str\u0117l\u0117s cilindrus, saugumas yra svarbiausias dalykas. Tokios savyb\u0117s kaip sl\u0117gio ma\u017einimo vo\u017etuvai ir gedim\u0173 prevencijos \u012ftaisai yra labai svarbios siekiant i\u0161vengti katastrofi\u0161k\u0173 gedim\u0173 eksploatacijos metu. Konstrukcija turi atitikti grie\u017etus saugos standartus, kad b\u016bt\u0173 apsaugoti operatoriai ir \u012franga.<\/p>\n<h3>Prie\u017ei\u016bra ir remonto galimyb\u0117s<\/h3>\n<p>Projektuojant taip pat reik\u0117t\u0173 atsi\u017evelgti \u012f technin\u0117s prie\u017ei\u016bros paprastum\u0105. Prieinamumas ap\u017ei\u016brai ir remontui gali \u017eymiai suma\u017einti prastovas ir eksploatavimo i\u0161laidas. Gamintojai tur\u0117t\u0173 pateikti ai\u0161kias technin\u0117s prie\u017ei\u016bros praktikos gaires.<\/p>\n<p><img decoding=\"async\" src=\"https:\/\/www.hydraulic-cylinders.net\/wp-content\/uploads\/2025\/04\/songte-oil-pipes-and-spare-parts.webp\" alt=\"Hidraulin\u0117s dalys\"><\/p>\n<h2>Sandarinimas ir tepimas<\/h2>\n<p>\u012evair\u016bs sandarinimo komponentai, tokie kaip st\u016bmokli\u0173 ir kot\u0173 sandarikliai, pagaminti i\u0161 med\u017eiag\u0173, kurios yra atsparios dilimui. Tinkamas sandarinimas u\u017etikrina, kad hidraulinis skystis likt\u0173 cilindre, i\u0161vengiant nuot\u0117ki\u0173 ir palaikant sl\u0117g\u012f. Be to, cilindro korpusas ir srieginiai galai yra kruop\u0161\u010diai apdorojami, siekiant padidinti atsparum\u0105 dilimui. Norint u\u017etikrinti skland\u0173 veikim\u0105 ir ilgaam\u017ei\u0161kum\u0105, b\u016btina reguliariai tepti hidrauline alyva.<\/p>\n<h2>Prevencin\u0117s prie\u017ei\u016bros priemon\u0117s<\/h2>\n<ul>\n<li><strong>Reguliar\u016bs patikrinimai:<\/strong> Reguliar\u016bs patikrinimai padeda nustatyti galimas problemas, kol jos dar nepaa\u0161tr\u0117jo, taip u\u017etikrinant saugum\u0105 ir patikimum\u0105.<\/li>\n<li><strong>Tinkamas tepimas:<\/strong> Tinkamas tepimas apsaugo nuo nusid\u0117v\u0117jimo ir u\u017etikrina skland\u0173 hidraulini\u0173 komponent\u0173 veikim\u0105.<\/li>\n<li><strong>Sandariklio keitimas:<\/strong> Reguliariai kei\u010diant sandariklius, palaikomas hidraulinis vientisumas ir i\u0161vengiama nuot\u0117ki\u0173.<\/li>\n<\/ul>\n<h2>\u012erengimo gair\u0117s<\/h2>\n<p>Tinkamas montavimas yra labai svarbus optimaliam veikimui. \u012esitikinkite, kad cilindras yra tinkamai sulygiuotas su ma\u0161inos tvirtinimo ta\u0161kais, kad i\u0161vengtum\u0117te per didelio \u012ftempimo. Rekomenduojama naudoti tinkamus laikiklius, kad cilindras b\u016bt\u0173 pritvirtintas vietoje. Laikykit\u0117s gamintojo nurodym\u0173 d\u0117l priver\u017eimo ir sukimo momento specifikacij\u0173, kad i\u0161vengtum\u0117te pa\u017eeidim\u0173. \u012edieg\u0119 patikrinkite, ar n\u0117ra hidraulini\u0173 nuot\u0117ki\u0173, ir \u012fsitikinkite, kad skys\u010dio lygis yra pakankamas darbui.<\/p>\n<h2>\u012eprastos prie\u017ei\u016bros u\u017eduotys<\/h2>\n<h3>Reguliar\u016bs patikrinimai<\/h3>\n<p>Reguliariai tikrinti str\u0117l\u0117s cilindr\u0105 yra b\u016btina norint anksti nustatyti susid\u0117v\u0117jim\u0105. Ie\u0161kokite nuot\u0117kio po\u017eymi\u0173, ne\u012fprast\u0173 gars\u0173 ar bet koki\u0173 veikimo sutrikim\u0173. Patikrinim\u0173 i\u0161vad\u0173 dokumentavimas padeda steb\u0117ti cilindro veikim\u0105 laikui b\u0117gant.<\/p>\n<h3>Tinkamas tepimas<\/h3>\n<p>Tinkamas tepimas yra labai svarbus siekiant u\u017etikrinti skland\u0173 vis\u0173 judan\u010di\u0173 cilindro dali\u0173 veikim\u0105. Naudokite rekomenduojamas hidraulines alyvas ir laikykit\u0117s tepimo grafik\u0173 nurodym\u0173, kad i\u0161vengtum\u0117te trinties ir susid\u0117v\u0117jimo.<\/p>\n<h3>Tarpikli\u0173 keitimas ir kalibravimo patikrinimai<\/h3>\n<p>Reguliariai tikrinkite sandariklius, ar jie nesusid\u0117v\u0117j\u0119, ir prireikus juos pakeiskite. Kalibravimo patikrinimai u\u017etikrina, kad cilindras veikt\u0173 pagal nurodytus parametrus, taip padidindami saug\u0105 ir na\u0161um\u0105. \u0160i\u0173 u\u017eduo\u010di\u0173 neatlikimas gali sukelti rimt\u0173 eksploatacini\u0173 problem\u0173.<\/p>\n<p><img decoding=\"async\" src=\"https:\/\/www.hydraulic-cylinders.net\/wp-content\/uploads\/2025\/04\/songte-chushion-collar.webp\" alt=\"Cilindro montavimas\"><\/p>\n<h2>Saugos aspektai ir aplinkos veiksniai<\/h2>\n<p>Valdant str\u0117l\u0117s cilindrus, itin svarbu laikytis saugos priemoni\u0173. Operatoriai turi \u017einoti apie galimus pavojus, susijusius su hidraulin\u0117mis sistemomis, \u012fskaitant skys\u010di\u0173 nuot\u0117k\u012f ir sl\u0117gio padid\u0117jim\u0105. Reguliar\u016bs mokymai apie saugaus darbo praktik\u0105 gali suma\u017einti rizik\u0105 ir skatinti saugi\u0105 darbo aplink\u0105.<\/p>\n<h2>Gedim\u0173 diagnostika ir da\u017eniausios problemos<\/h2>\n<ul>\n<li><strong>Hidraulini\u0173 skys\u010di\u0173 nuot\u0117kiai:<\/strong> Da\u017enai tai sukelia susid\u0117v\u0117j\u0119 sandarikliai arba pa\u017eeistos \u017earnos, d\u0117l kuri\u0173 suma\u017e\u0117ja efektyvumas.<\/li>\n<li><strong>Ne\u012fprasti garsai:<\/strong> \u0160lifavimo ar sprags\u0117jimo garsai gali rodyti mechanin\u012f gedim\u0105 arba nepakankam\u0105 tepim\u0105.<\/li>\n<li><strong>L\u0117tas veikimas:<\/strong> Tai gali atsirasti d\u0117l \u017eemo hidraulinio skys\u010dio lygio arba sugedusio siurblio, kuris turi \u012ftakos bendram na\u0161umui.<\/li>\n<\/ul>\n<h2>Trik\u010di\u0173 \u0161alinimo patarimai<\/h2>\n<p>Nor\u0117dami veiksmingai diagnozuoti problemas, pirmiausia patikrinkite hidraulinio skys\u010dio lyg\u012f ir patikrinkite, ar n\u0117ra nuot\u0117ki\u0173. Reguliarus techninis aptarnavimas ir savalaikis d\u0117mesys nedidel\u0117ms problemoms gali pad\u0117ti i\u0161vengti dideli\u0173 gedim\u0173. Siekiant suma\u017einti problem\u0173 ateityje, b\u016btina \u012fgyvendinti prevencines priemones, tokias kaip planiniai patikrinimai.<\/p>\n<p><img decoding=\"async\" src=\"https:\/\/www.hydraulic-cylinders.net\/wp-content\/uploads\/2025\/04\/songte-bushings-with-all-kinds-of-excavator-models.webp\" alt=\"Hidraulinio cilindro trik\u010di\u0173 \u0161alinimas\"><\/p>\n<h2>Apie m\u016bs\u0173 \u012fmon\u0119<\/h2>\n<p>Esame pirmaujantis pakaitini\u0173 hidraulini\u0173 cilindr\u0173 gamintojas, si\u016blantis plat\u0173 gamini\u0173 asortiment\u0105, skirt\u0105 tiek vidaus, tiek tarptautinei rinkai. M\u016bs\u0173 \u012fsipareigojimas siekti meistri\u0161kumo skatina mus nuolat tobulinti gamybos procesus, pasitelkiant pa\u017eangias technologijas ir kvalifikuotus darbuotojus. Savo gamybos linijose teikiame pirmenyb\u0119 kokybei ir tikslumui, u\u017etikrindami, kad m\u016bs\u0173 gaminiai atitikt\u0173 auk\u0161\u010diausius standartus.<\/p>\n<p>D\u0117mes\u012f sutelkiame \u012f profesionalum\u0105 ir turime tarptautinius sertifikatus, patvirtinan\u010dius m\u016bs\u0173 \u012fsipareigojim\u0105 kokybei. M\u016bs\u0173 individualiai pritaikytos paslaugos leid\u017eia mums patenkinti konkre\u010dius klient\u0173 poreikius, o moderniausia gamybos \u012franga u\u017etikrina auk\u0161t\u0105 efektyvum\u0105. M\u016bs\u0173 atsidavusi aptarnavimo po pardavimo komanda visada pasiruo\u0161usi pad\u0117ti klientams, atsakydama \u012f visus j\u0173 klausimus ar suteikdama jiems reikaling\u0105 param\u0105.<\/p>\n<p><img decoding=\"async\" src=\"https:\/\/www.hydraulic-cylinders.net\/wp-content\/uploads\/2025\/04\/songte-company-4.webp\" alt=\"\u012emon\u0117s ap\u017evalga\"><br \/>\n<img decoding=\"async\" src=\"https:\/\/www.hydraulic-cylinders.net\/wp-content\/uploads\/2025\/04\/songte-company-3.webp\" alt=\"Gamybos \u012fmon\u0117\"><\/p>\n<p>Autorius: lyl<\/p>","protected":false},"excerpt":{"rendered":"<p>Boom Cylinder For Case Large Excavator CX360B Overview of Boom Cylinder The boom cylinder is a critical component in the hydraulic system of heavy machinery, especially in excavators, backhoes, and front loaders. Its primary function is to control the movement of the bucket, allowing it to lift, lower, and tilt effectively. This facilitates various material [&hellip;]<\/p>","protected":false},"featured_media":17877,"comment_status":"open","ping_status":"closed","template":"","meta":{"_et_pb_use_builder":"","_et_pb_old_content":"","_et_gb_content_width":""},"product_brand":[],"product_cat":[1546],"product_tag":[1547,1496],"class_list":{"0":"post-19448","1":"product","2":"type-product","3":"status-publish","4":"has-post-thumbnail","6":"product_cat-boom-cylinders","7":"product_tag-boom-cylinders","8":"product_tag-hydraulic-cylinders","10":"first","11":"instock","12":"shipping-taxable","13":"product-type-simple"},"amp_enabled":true,"_links":{"self":[{"href":"https:\/\/www.hydraulic-cylinders.net\/lt\/wp-json\/wp\/v2\/product\/19448","targetHints":{"allow":["GET"]}}],"collection":[{"href":"https:\/\/www.hydraulic-cylinders.net\/lt\/wp-json\/wp\/v2\/product"}],"about":[{"href":"https:\/\/www.hydraulic-cylinders.net\/lt\/wp-json\/wp\/v2\/types\/product"}],"replies":[{"embeddable":true,"href":"https:\/\/www.hydraulic-cylinders.net\/lt\/wp-json\/wp\/v2\/comments?post=19448"}],"wp:featuredmedia":[{"embeddable":true,"href":"https:\/\/www.hydraulic-cylinders.net\/lt\/wp-json\/wp\/v2\/media\/17877"}],"wp:attachment":[{"href":"https:\/\/www.hydraulic-cylinders.net\/lt\/wp-json\/wp\/v2\/media?parent=19448"}],"wp:term":[{"taxonomy":"product_brand","embeddable":true,"href":"https:\/\/www.hydraulic-cylinders.net\/lt\/wp-json\/wp\/v2\/product_brand?post=19448"},{"taxonomy":"product_cat","embeddable":true,"href":"https:\/\/www.hydraulic-cylinders.net\/lt\/wp-json\/wp\/v2\/product_cat?post=19448"},{"taxonomy":"product_tag","embeddable":true,"href":"https:\/\/www.hydraulic-cylinders.net\/lt\/wp-json\/wp\/v2\/product_tag?post=19448"}],"curies":[{"name":"wp","href":"https:\/\/api.w.org\/{rel}","templated":true}]}}