{"id":19450,"date":"2025-04-07T06:48:09","date_gmt":"2025-04-07T06:48:09","guid":{"rendered":"https:\/\/www.hydraulic-cylinders.net\/product\/boom-cylinder-for-case-large-excavator-cx360bhr\/"},"modified":"2025-04-07T06:48:12","modified_gmt":"2025-04-07T06:48:12","slug":"boom-cylinder-for-case-large-excavator-cx360bhr","status":"publish","type":"product","link":"https:\/\/www.hydraulic-cylinders.net\/lt\/produktas\/boom-cylinder-for-case-large-excavator-cx360bhr\/","title":{"rendered":"Str\u0117l\u0117s cilindras, skirtas dideliems ekskavatoriams \u201eCase CX360BHR\u201c"},"content":{"rendered":"<h1>Str\u0117l\u0117s cilindras, skirtas dideliems ekskavatoriams \u201eCase CX360BHR\u201c<\/h1>\n<h2>\u012evadas \u012f str\u0117l\u0117s cilindr\u0105<\/h2>\n<p>Str\u0117l\u0117s cilindras yra labai svarbus sunkiosios technikos hidraulin\u0117s sistemos komponentas, specialiai sukurtas valdyti str\u0117l\u0117s jud\u0117jim\u0105 ekskavatoriuose, tokiuose kaip \u201eCase CX360BHR\u201c. \u0160is hidraulinis cilindras leid\u017eia str\u0117lei pakelti, nuleisti ir pakreipti, taip palengvindamas \u012fvairias med\u017eiag\u0173 tvarkymo u\u017eduotis. Jis atlieka gyvybi\u0161kai svarb\u0173 vaidmen\u012f ekskavatori\u0173 eksploatavimo efektyvumui, nes leid\u017eia jiems tiksliai atlikti sud\u0117tingas u\u017eduotis.<\/p>\n<p>I\u0161 esm\u0117s kau\u0161o cilindras yra hidraulinis cilindras, veikiantis sunkiosios technikos, tokios kaip ekskavatoriai, ekskavatoriniai krautuvai ir frontaliniai krautuvai, hidraulin\u0117se sistemose. Pagrindin\u0117 jo funkcija \u2013 valdyti ekskavatoriaus kau\u0161o jud\u0117jim\u0105, u\u017etikrinant, kad operatoriai gal\u0117t\u0173 efektyviai i\u0161kasti, kelti ir transportuoti tokias med\u017eiagas kaip dirvo\u017eemis, \u017evyras ir nuolau\u017eos. Hidrauliniai cilindrai yra sukurti taip, kad atlaikyt\u0173 auk\u0161t\u0105 sl\u0117g\u012f ir dideles apkrovas, tod\u0117l jie yra nepakei\u010diami statybose ir \u017eem\u0117s \u016bkyje.<\/p>\n<p><img decoding=\"async\" src=\"https:\/\/www.hydraulic-cylinders.net\/wp-content\/uploads\/2025\/04\/songte-company-1.webp\" alt=\"Ekskavatoriaus str\u0117l\u0117s cilindras\"><\/p>\n<h2>Str\u0117l\u0117s cilindro savyb\u0117s<\/h2>\n<ul>\n<li><strong>Didelis stiprumas ir ilgaam\u017ei\u0161kumas:<\/strong> Paprastai i\u0161 didelio stiprumo plieno arba aliuminio pagamintas cilindras gali atlaikyti auk\u0161t\u0105 sl\u0117g\u012f ir dideles apkrovas. Jo konstrukcija atsi\u017evelgia \u012f atsparum\u0105 dilimui ir korozijai, o tai labai pailgina jo tarnavimo laik\u0105.<\/li>\n<li><strong>Efektyvus hidraulinis valdymas:<\/strong> Naudodamas hidraulin\u0117s alyvos sl\u0117g\u012f, str\u0117l\u0117s cilindras u\u017etikrina skland\u0173 ir greit\u0105 i\u0161skleidim\u0105 ir \u012ftraukim\u0105. Jis greitai reaguoja \u012f operatoriaus komandas, u\u017etikrindamas didel\u0119 st\u016bmimo ir traukimo j\u0117g\u0105 sunkioms ar sud\u0117tingoms u\u017eduotims atlikti.<\/li>\n<li><strong>\u012evair\u016bs tipai:<\/strong> Str\u0117l\u0117s cilindr\u0105 galima pasirinkti vienpusio veikimo (veikian\u010dio viena kryptimi) arba dvipusio veikimo (veikian\u010dio abiem kryptimis) konfig\u016bracijos, kad b\u016bt\u0173 patenkinti skirtingi eksploatavimo poreikiai. Kai kurie modeliai yra teleskopiniai, tod\u0117l galima labiau i\u0161tiesti nedidinant i\u0161orini\u0173 matmen\u0173, o tai idealiai tinka tais atvejais, kai erdv\u0117 ribota.<\/li>\n<li><strong>Novatori\u0161kas dizainas:<\/strong> \u012ediegti pa\u017eang\u016bs in\u017eineriniai sprendimai, kurie padidina efektyvum\u0105 ir patikimum\u0105 \u012fvairiomis darbo s\u0105lygomis.<\/li>\n<li><strong>Suderinamumas:<\/strong> M\u016bs\u0173 gaminiai gali puikiai pakeisti esamus hidraulinius cilindrus, u\u017etikrindami skland\u0173 integravim\u0105 ir na\u0161um\u0105.<\/li>\n<\/ul>\n<p><img decoding=\"async\" src=\"https:\/\/www.hydraulic-cylinders.net\/wp-content\/uploads\/2025\/04\/songte-cylinder-head-with-all-kinds-excavator-models.webp\" alt=\"Ekskavatori\u0173 modeliai, suderinami su str\u0117l\u0117s cilindru\"><\/p>\n<h2>Str\u0117l\u0117s cilindro pritaikymas<\/h2>\n<h3>Statybin\u0117 \u012franga<\/h3>\n<p>Ekskavatoriuose str\u0117l\u0117s cilindras yra b\u016btinas kasant, kraunant ir perkeliant grunt\u0105 ar \u0161iuk\u0161les. Jo geb\u0117jimas valdyti str\u0117l\u0117s jud\u0117jim\u0105 leid\u017eia operatoriams atlikti u\u017eduotis tiksliai ir efektyviai, tod\u0117l tai yra labai svarbus elementas statybos projektuose. Nesvarbu, ar tai tran\u0161\u0117j\u0173 kasimas komunaliniams tinklams, ar \u017eem\u0117s lyginimas, str\u0117l\u0117s cilindro funkcionalumas u\u017etikrina, kad sunkioji technika gal\u0117t\u0173 dirbti geriausiai.<\/p>\n<h3>\u017dem\u0117s \u016bkio technika<\/h3>\n<p>Priekiniuose krautuvuose str\u0117l\u0117s cilindras palengvina dirvo\u017eemio, \u0161ieno ir \u012fvairi\u0173 kit\u0173 med\u017eiag\u0173 k\u0117lim\u0105, s\u0117mim\u0105 ir transportavim\u0105. Str\u0117l\u0117s cilindro tiekiama hidraulin\u0117 galia leid\u017eia \u016bkininkams lengvai valdyti sunkius krovinius, taip pagerinant na\u0161um\u0105 ir suma\u017einant fizin\u012f kr\u016bv\u012f atliekant tokias u\u017eduotis kaip med\u017eiag\u0173 pakraunant ir i\u0161kraunant.<\/p>\n<h3>Kasimo darbai<\/h3>\n<p>Str\u0117l\u0117s cilindras leid\u017eia kau\u0161ui efektyviai \u012fsiskverbti \u012f \u017eem\u0119, taip padidindamas ekskavatoriaus kasimo galimybes. \u0160i savyb\u0117 yra gyvybi\u0161kai svarbi atliekant \u012fvairius kasimo darbus, tokius kaip pamat\u0173 kasimas, kra\u0161tovaizd\u017eio formavimas ir \u0161iuk\u0161li\u0173 \u0161alinimas. Tikslus str\u0117l\u0117s cilindro valdymas yra b\u016btinas siekiant u\u017etikrinti kasimo darb\u0173 saug\u0105 ir efektyvum\u0105.<\/p>\n<h3>Krautuvo operacijos<\/h3>\n<p>Priekiniuose krautuvuose str\u0117l\u0117s cilindras atlieka svarb\u0173 vaidmen\u012f efektyviai pakeliant ir i\u0161ver\u010diant med\u017eiagas. Tvirta konstrukcija leid\u017eia jam atlaikyti dideles j\u0117gas, susijusias su pakrovimo ir i\u0161krovimo u\u017eduotimis, tod\u0117l jis yra b\u016btinas statybos ir \u017eem\u0117s \u016bkio darbams. Efektyvus str\u0117l\u0117s cilindro veikimas prisideda prie bendro krautuvo \u012frangos na\u0161umo.<\/p>\n<h2>Projektavimo aspektai ir atrankos kriterijai<\/h2>\n<ul>\n<li><strong>Keliamoji galia:<\/strong> Labai svarbu pasirinkti str\u0117l\u0117s cilindr\u0105, kuris atitikt\u0173 j\u016bs\u0173 konkre\u010dios \u012frangos apkrovos reikalavimus. Cilindras turi tur\u0117ti pakankam\u0105 apkrov\u0105, kad b\u016bt\u0173 u\u017etikrintas saugus ir efektyvus veikimas.<\/li>\n<li><strong>Sandarinimo mechanizmai:<\/strong> Gerai suprojektuota sandarinimo sistema yra b\u016btina norint i\u0161vengti hidraulinio skys\u010dio nuot\u0117kio. Auk\u0161tos kokyb\u0117s sandarikliai, pagaminti i\u0161 patvari\u0173 med\u017eiag\u0173, toki\u0173 kaip poliuretanas arba nitrilo kau\u010diukas, gali padidinti cilindro ilgaam\u017ei\u0161kum\u0105 ir na\u0161um\u0105.<\/li>\n<li><strong>Patvarumas:<\/strong> Atsi\u017evelkite \u012f darbo s\u0105lygas, kuriomis bus naudojamas str\u0117l\u0117s cilindras. Ilgalaikiam patikimumui b\u016btina patvari konstrukcija, galinti atlaikyti at\u0161iaurias aplinkos s\u0105lygas ir ekstremalias eksploatavimo s\u0105lygas.<\/li>\n<li><strong>Saugos funkcijos:<\/strong> \u012evertinkite, ar str\u0117l\u0117s cilindre yra saugos funkcijos, pvz., sl\u0117gio ma\u017einimo vo\u017etuvai, skirti i\u0161vengti perkrovos ir u\u017etikrinti operatoriaus saugum\u0105 darbo metu.<\/li>\n<li><strong>Prie\u017ei\u016bros paprastumas:<\/strong> Pasirinkus lengvai pri\u017ei\u016brim\u0105 str\u0117l\u0117s cilindr\u0105, galima gerokai suma\u017einti prastovas ir remonto i\u0161laidas. Ie\u0161kokite modeli\u0173, kurie leid\u017eia lengvai pasiekti komponentus reguliarioms patikroms ir techninei prie\u017ei\u016brai.<\/li>\n<\/ul>\n<p><img decoding=\"async\" src=\"https:\/\/www.hydraulic-cylinders.net\/wp-content\/uploads\/2025\/04\/songte-oil-pipes-and-spare-parts.webp\" alt=\"Hidraulin\u0117s dalys ir priedai\"><\/p>\n<h2>Sandarinimas ir tepimas<\/h2>\n<p>Tinkamas sandarinimas ir tepimas yra esminiai veiksniai, lemiantys efektyv\u0173 str\u0117l\u0117s cilindro veikim\u0105. Hidrauliniam vientisumui palaikyti naudojami \u012fvair\u016bs sandarikliai, \u012fskaitant st\u016bmokli\u0173 ir stryp\u0173 sandariklius. I\u0161 dilimui atspari\u0173 med\u017eiag\u0173, toki\u0173 kaip poliuretanas arba nitrilo kau\u010diukas, pagaminti sandarikliai padeda i\u0161vengti nuot\u0117kio ir apsaugo nuo purvo bei dr\u0117gm\u0117s u\u017eter\u0161imo. Cilindro korpusas ir srieginiai galiniai pavir\u0161iai yra tiksliai apdirbami, siekiant pagerinti atsparum\u0105 dilimui ir sandarumo savybes. Reguliarus techninis aptarnavimas, \u012fskaitant hidraulin\u0117s alyvos papildym\u0105, yra labai svarbus norint u\u017etikrinti skland\u0173 veikim\u0105 ir pailginti cilindro tarnavimo laik\u0105.<\/p>\n<h2>Prevencin\u0117s prie\u017ei\u016bros priemon\u0117s<\/h2>\n<ul>\n<li><strong>Reguliar\u016bs patikrinimai:<\/strong> Reguliariai tikrinkite str\u0117l\u0117s cilindr\u0105, ar n\u0117ra susid\u0117v\u0117jimo, nuot\u0117ki\u0173 ar pa\u017eeidim\u0173 po\u017eymi\u0173. Ankstyvas problem\u0173 nustatymas gali pad\u0117ti i\u0161vengti katastrofi\u0161k\u0173 gedim\u0173 ir pailginti \u012frangos tarnavimo laik\u0105.<\/li>\n<li><strong>Tinkamas tepimas:<\/strong> \u012esitikinkite, kad hidraulinis cilindras yra suteptas tinkamo tipo ir kiekio hidrauline alyva. Tai suma\u017eina judan\u010di\u0173 dali\u0173 trint\u012f ir susid\u0117v\u0117jim\u0105, tod\u0117l jis veikia skland\u017eiau.<\/li>\n<li><strong>Sandariklio keitimas:<\/strong> Reguliariai tikrinkite sandariklius ir prireikus juos keiskite. Susid\u0117v\u0117j\u0119 arba pa\u017eeisti sandarikliai gali sukelti nuot\u0117kius, suma\u017einti cilindro efektyvum\u0105 ir padidinti prie\u017ei\u016bros i\u0161laidas.<\/li>\n<\/ul>\n<h2>\u012erengimo gair\u0117s<\/h2>\n<p>Str\u0117l\u0117s cilindro montavimas reikalauja kruop\u0161taus d\u0117mesio detal\u0117ms, siekiant u\u017etikrinti optimal\u0173 na\u0161um\u0105. Pirmiausia \u012fsitikinkite, kad darbo vieta yra \u0161vari ir be \u0161iuk\u0161li\u0173. Sulygiuokite cilindr\u0105 su ekskavatoriaus tvirtinimo ta\u0161kais, u\u017etikrindami, kad jis b\u016bt\u0173 tinkamai pastatytas. Naudokite tinkamus tvirtinimo laikiklius, kad pritvirtintum\u0117te cilindr\u0105 vietoje, stengdamiesi i\u0161vengti nesuderinamumo. Sumontav\u0119 patikrinkite, ar n\u0117ra hidraulini\u0173 jung\u010di\u0173 nuot\u0117ki\u0173, ir \u012fsitikinkite, kad hidraulinio skys\u010dio lygis yra rekomenduojamas. \u012edieg\u0119 patikrinkite cilindro veikim\u0105, kad \u012fsitikintum\u0117te, jog jis veikia skland\u017eiai ir efektyviai. Reguliariai tikrinkite montavim\u0105, kad palaikytum\u0117te tinkam\u0105 suderinim\u0105 ir funkcionalum\u0105.<\/p>\n<p><img decoding=\"async\" src=\"https:\/\/www.hydraulic-cylinders.net\/wp-content\/uploads\/2025\/04\/songte-chushion-collar.webp\" alt=\"Hidraulinio cilindro pagalv\u0117l\u0117s apykakl\u0117\"><\/p>\n<h2>\u012eprastos prie\u017ei\u016bros u\u017eduotys<\/h2>\n<ul>\n<li><strong>Reguliar\u016bs patikrinimai:<\/strong> Atlikite periodinius patikrinimus, kad anksti nustatytum\u0117te susid\u0117v\u0117jim\u0105 ir galimas problemas. Toks aktyvus po\u017ei\u016bris suma\u017eina prastovas ir padidina patikimum\u0105.<\/li>\n<li><strong>Tinkamas tepimas:<\/strong> Labai svarbu palaikyti tinkam\u0105 tepimo lyg\u012f. Nepakankamas tepimas gali padidinti trint\u012f ir susid\u0117v\u0117jim\u0105, o tai pablogina cilindro veikim\u0105.<\/li>\n<li><strong>Sandariklio keitimas:<\/strong> Laiku kei\u010diant tarpiklius i\u0161vengiama hidraulinio skys\u010dio nuot\u0117ki\u0173, kurie kenkia cilindro efektyvumui. Reguliarus patikrinimas ir keitimas padeda i\u0161laikyti na\u0161um\u0105.<\/li>\n<\/ul>\n<p>Tinkamas montavimas, tepimas ir reguliavimas yra labai svarb\u016bs optimaliam veikimui. Montuodami kruop\u0161\u010diai sulygiuokite cilindr\u0105, kad i\u0161vengtum\u0117te nesuderinamumo problem\u0173. Tinkam\u0173 tvirtinimo laikikli\u0173 naudojimas gali u\u017etikrinti reikiam\u0105 atram\u0105 ir stabilum\u0105. Siekiant u\u017etikrinti nuolatin\u012f veikim\u0105 ir saug\u0105, reikia atid\u017eiai laikytis rekomendacij\u0173 d\u0117l patikrinimo, remonto ir keitimo proced\u016br\u0173.<\/p>\n<h2>Saugos aspektai ir aplinkos veiksniai<\/h2>\n<p>Dirbant su hidrauliniais cilindrais, itin svarbu \u012fdiegti saugos priemones. Operatoriai tur\u0117t\u0173 b\u016bti apmokyti saugiai naudoti ma\u0161inas ir suprasti su hidraulin\u0117mis sistemomis susijusi\u0105 rizik\u0105. Tinkama str\u0117l\u0117s cilindro prie\u017ei\u016bra gali pad\u0117ti i\u0161vengti su hidrauliniais gedimais susijusi\u0173 nelaiming\u0173 atsitikim\u0173, u\u017etikrinant personalo ir \u012frangos saugum\u0105. Be to, reik\u0117t\u0173 taikyti aplinkai nekenksmingas praktikas, siekiant suma\u017einti hidraulinio skys\u010dio i\u0161siliejimo rizik\u0105, kuri gali b\u016bti kenksminga aplinkai.<\/p>\n<h2>Gedim\u0173 diagnostika ir da\u017eniausios problemos<\/h2>\n<ul>\n<li><strong>Hidraulini\u0173 skys\u010di\u0173 nuot\u0117kiai:<\/strong> Nustatykite nuot\u0117ki\u0173 vietas ir \u012fvertinkite, ar juos suk\u0117l\u0117 susid\u0117v\u0117j\u0119 sandarikliai, pa\u017eeistos \u017earnos ar netinkamos jungtys. Neatid\u0117liotinas remontas yra labai svarbus siekiant i\u0161vengti skys\u010di\u0173 praradimo.<\/li>\n<li><strong>Nenuoseklus jud\u0117jimas:<\/strong> Jei str\u0117l\u0117s cilindras juda netolygiai, patikrinkite, ar hidraulin\u0117je sistemoje n\u0117ra oro arba ar nepakanka skys\u010dio lygio. Gali tekti i\u0161leisti i\u0161 sistemos or\u0105, kad b\u016bt\u0173 pa\u0161alintas \u012fstrig\u0119s oras.<\/li>\n<li><strong>Perkaitimas:<\/strong> Per didelis kar\u0161tis gali rodyti hidraulin\u0117s sistemos problem\u0105. Patikrinkite, ar n\u0117ra u\u017esikim\u0161usi\u0173 filtr\u0173 arba \u017eemo skys\u010dio lygio, nes tai gali trukdyti skys\u010dio cirkuliacijai ir au\u0161inimui.<\/li>\n<\/ul>\n<p>Greitas \u0161i\u0173 problem\u0173 sprendimas gali pad\u0117ti i\u0161vengti tolesn\u0117s \u017ealos ir i\u0161laikyti hidraulin\u0117s sistemos efektyvum\u0105. Prevencini\u0173 priemoni\u0173 \u012fgyvendinimas gali pad\u0117ti suma\u017einti \u0161i\u0173 problem\u0173 atsiradim\u0105 ir u\u017etikrinti skland\u0173 veikim\u0105.<\/p>\n<p><img decoding=\"async\" src=\"https:\/\/www.hydraulic-cylinders.net\/wp-content\/uploads\/2025\/04\/songte-bushings-with-all-kinds-of-excavator-models.webp\" alt=\"\u012evairi\u0173 ekskavatori\u0173 modeli\u0173 \u012fvor\u0117s\"><\/p>\n<h2>Apie m\u016bs\u0173 \u012fmon\u0119<\/h2>\n<p>Esame pirmaujantis pakaitini\u0173 hidraulini\u0173 cilindr\u0173 gamintojas, si\u016blantis plat\u0173 gamini\u0173 asortiment\u0105, skirt\u0105 tiek vidaus, tiek tarptautinei rinkai. M\u016bs\u0173 \u012fsipareigojimas siekti meistri\u0161kumo akivaizdus i\u0161 patobulint\u0173 gamybos proces\u0173 ir kokyb\u0117s kontrol\u0117s standart\u0173. M\u016bs\u0173 gamybos valdymo strategija pasitelkia kvalifikuotus techninius darbuotojus, pa\u017eangiausi\u0105 gamybos \u012frang\u0105 ir profesionalias bandym\u0173 sistemas, siekdama padidinti m\u016bs\u0173 gamybos paj\u0117gumus.<\/p>\n<p>D\u0117mes\u012f sutelkdami \u012f auk\u0161t\u0105 efektyvum\u0105, tikslum\u0105 ir kokyb\u0119, tenkiname \u012fvairius savo klient\u0173 poreikius. M\u016bs\u0173 patirtis apima tarptautinius sertifikatus, individualiai pritaikytas paslaugas ir patikim\u0105 garantinio aptarnavimo sistem\u0105, u\u017etikrinan\u010di\u0105, kad m\u016bs\u0173 klientai gaut\u0173 ne tik auk\u0161\u010diausios kokyb\u0117s produktus, bet ir neprilygstam\u0105 aptarnavim\u0105.<\/p>\n<p><img decoding=\"async\" src=\"https:\/\/www.hydraulic-cylinders.net\/wp-content\/uploads\/2025\/04\/songte-company-4.webp\" alt=\"\u012emon\u0117s ap\u017evalga\"><br \/>\n<img decoding=\"async\" src=\"https:\/\/www.hydraulic-cylinders.net\/wp-content\/uploads\/2025\/04\/songte-company-3.webp\" alt=\"Gamybos \u012frenginiai\"><\/p>\n<p>Autorius: lyl<\/p>","protected":false},"excerpt":{"rendered":"<p>Boom Cylinder For Case Large Excavator CX360BHR Introduction to the Boom Cylinder The Boom Cylinder is a critical component in the hydraulic system of heavy machinery, specifically designed for controlling the movement of the boom on excavators like the Case CX360BHR. This hydraulic cylinder allows the boom to lift, lower, and tilt, thereby facilitating various [&hellip;]<\/p>","protected":false},"featured_media":17879,"comment_status":"open","ping_status":"closed","template":"","meta":{"_et_pb_use_builder":"","_et_pb_old_content":"","_et_gb_content_width":""},"product_brand":[],"product_cat":[1546],"product_tag":[1547,1496],"class_list":{"0":"post-19450","1":"product","2":"type-product","3":"status-publish","4":"has-post-thumbnail","6":"product_cat-boom-cylinders","7":"product_tag-boom-cylinders","8":"product_tag-hydraulic-cylinders","10":"first","11":"instock","12":"shipping-taxable","13":"product-type-simple"},"amp_enabled":true,"_links":{"self":[{"href":"https:\/\/www.hydraulic-cylinders.net\/lt\/wp-json\/wp\/v2\/product\/19450","targetHints":{"allow":["GET"]}}],"collection":[{"href":"https:\/\/www.hydraulic-cylinders.net\/lt\/wp-json\/wp\/v2\/product"}],"about":[{"href":"https:\/\/www.hydraulic-cylinders.net\/lt\/wp-json\/wp\/v2\/types\/product"}],"replies":[{"embeddable":true,"href":"https:\/\/www.hydraulic-cylinders.net\/lt\/wp-json\/wp\/v2\/comments?post=19450"}],"wp:featuredmedia":[{"embeddable":true,"href":"https:\/\/www.hydraulic-cylinders.net\/lt\/wp-json\/wp\/v2\/media\/17879"}],"wp:attachment":[{"href":"https:\/\/www.hydraulic-cylinders.net\/lt\/wp-json\/wp\/v2\/media?parent=19450"}],"wp:term":[{"taxonomy":"product_brand","embeddable":true,"href":"https:\/\/www.hydraulic-cylinders.net\/lt\/wp-json\/wp\/v2\/product_brand?post=19450"},{"taxonomy":"product_cat","embeddable":true,"href":"https:\/\/www.hydraulic-cylinders.net\/lt\/wp-json\/wp\/v2\/product_cat?post=19450"},{"taxonomy":"product_tag","embeddable":true,"href":"https:\/\/www.hydraulic-cylinders.net\/lt\/wp-json\/wp\/v2\/product_tag?post=19450"}],"curies":[{"name":"wp","href":"https:\/\/api.w.org\/{rel}","templated":true}]}}