{"id":19454,"date":"2025-04-07T06:48:22","date_gmt":"2025-04-07T06:48:22","guid":{"rendered":"https:\/\/www.hydraulic-cylinders.net\/product\/boom-cylinder-for-case-wheel-excavator-wx218\/"},"modified":"2025-04-07T06:48:34","modified_gmt":"2025-04-07T06:48:34","slug":"boom-cylinder-for-case-wheel-excavator-wx218","status":"publish","type":"product","link":"https:\/\/www.hydraulic-cylinders.net\/lt\/produktas\/boom-cylinder-for-case-wheel-excavator-wx218\/","title":{"rendered":"Str\u0117l\u0117s cilindras, skirtas \u201eCase Wheel Excavator WX218\u201c"},"content":{"rendered":"<h1>Str\u0117l\u0117s cilindras, skirtas \u201eCase Wheel Excavator WX218\u201c<\/h1>\n<h2>\u012evadas \u012f str\u0117l\u0117s cilindr\u0105<\/h2>\n<p>Str\u0117l\u0117s cilindras, dar \u017einomas kaip kau\u0161o cilindras, yra labai svarbus hidraulini\u0173 sistem\u0173, valdan\u010di\u0173 sunkiosios technikos, tokios kaip ekskavatoriai, ekskavatoriniai krautuvai ir frontaliniai krautuvai, kasimo pried\u0173 jud\u0117jim\u0105, komponentas. \u0160is hidraulinis cilindras leid\u017eia kau\u0161ui kelti, nuleisti ir pakreipti, taip palengvindamas efektyv\u0173 med\u017eiag\u0173 tvarkym\u0105 \u012fvairiose srityse. Sukurtas atlaikyti auk\u0161t\u0105 sl\u0117g\u012f ir at\u0161iaurias darbo s\u0105lygas, str\u0117l\u0117s cilindras atlieka esmin\u012f vaidmen\u012f gerinant statybos ir \u017eem\u0117s \u016bkio \u012frangos eksploatacines galimybes.<\/p>\n<p><img decoding=\"async\" src=\"https:\/\/www.hydraulic-cylinders.net\/wp-content\/uploads\/2025\/04\/songte-company-1.webp\" alt=\"Str\u0117l\u0117s cilindras\" \/><\/p>\n<h2>Str\u0117l\u0117s cilindro savyb\u0117s<\/h2>\n<ul>\n<li><strong>Didelis stiprumas ir ilgaam\u017ei\u0161kumas:<\/strong> Paprastai gaminami i\u0161 didelio stiprumo plieno arba aliuminio, galin\u010dio atlaikyti auk\u0161t\u0105 sl\u0117g\u012f ir dideles apkrovas. Sukurti taip, kad b\u016bt\u0173 atspar\u016bs dilimui ir korozijai, tod\u0117l prailginamas gaminio tarnavimo laikas.<\/li>\n<li><strong>Efektyvus hidraulinis valdymas:<\/strong> Naudoja hidraulin\u0117s alyvos sl\u0117g\u012f sklandiems i\u0161pl\u0117timo ir atitraukimo veiksmams, greitai reaguodamas \u012f valdymo komandas ir u\u017etikrindamas galingas st\u016bmimo bei traukimo j\u0117gas, tinkamas sunkioms ir sud\u0117tingoms u\u017eduotims.<\/li>\n<li><strong>\u012evair\u016bs tipai:<\/strong> Galima \u012fsigyti vienpusio veikimo (veikian\u010di\u0173 viena kryptimi) arba dvipusio veikimo (veikian\u010di\u0173 abiem kryptimis) cilindr\u0173, pritaikyt\u0173 \u012fvairiems eksploatavimo poreikiams. Kai kurie modeliai yra teleskopiniai, tod\u0117l juos galima labiau prailginti nedidinant i\u0161orini\u0173 matmen\u0173, tod\u0117l jie idealiai tinka naudoti ribotoje erdv\u0117je.<\/li>\n<li><strong>Individuali gamyba:<\/strong> Specializuojam\u0117s str\u0117l\u0117s cilindr\u0173, kurie puikiai pakei\u010dia esamus hidraulinius cilindrus, gamyboje, u\u017etikrindami suderinamum\u0105 ir na\u0161um\u0105.<\/li>\n<li><strong>Pa\u017eangi in\u017einerija:<\/strong> Sukurta tiksliai, kad atitikt\u0173 grie\u017etus pramon\u0117s standartus, u\u017etikrinant patikimum\u0105 ir efektyvum\u0105.<\/li>\n<\/ul>\n<p><img decoding=\"async\" src=\"https:\/\/www.hydraulic-cylinders.net\/wp-content\/uploads\/2025\/04\/songte-cylinder-head-with-all-kinds-excavator-models.webp\" alt=\"Hidraulinis cilindras\" \/><\/p>\n<h2>Str\u0117l\u0117s cilindro pritaikymas<\/h2>\n<h3>Statybin\u0117 \u012franga<\/h3>\n<p>Ekskavatoriuose str\u0117l\u0117s cilindrai yra b\u016btini atliekant tokias u\u017eduotis kaip kasimas, krovimas ir grunto ar \u0161iuk\u0161li\u0173 perk\u0117limas. Jie palengvina kasimo veiksm\u0105, leisdami kau\u0161ui efektyviai \u012fsiskverbti \u012f \u017eem\u0119. Be to, ekskavatoriuose-krautuvuose str\u0117l\u0117s cilindras padeda tiek kasant, tiek keliant, tod\u0117l jis yra universalus statybini\u0173 ma\u0161in\u0173 komponentas.<\/p>\n<h3>\u017dem\u0117s \u016bkio technika<\/h3>\n<p>Priekiniai krautuvai naudoja str\u0117l\u0117s cilindrus dirvo\u017eemiui, \u0161ienui ir kitoms med\u017eiagoms semti, kelti ir transportuoti, taip supaprastindami \u017eem\u0117s \u016bkio procesus. \u0160ie cilindrai leid\u017eia \u016bkininkams greitai ir efektyviai atlikti u\u017eduotis, taip padidindami \u017eem\u0117s \u016bkio darb\u0173 na\u0161um\u0105.<\/p>\n<h3>Ekskavatoriai<\/h3>\n<p>Ekskavatoriuose str\u0117l\u0117s cilindras leid\u017eia kau\u0161ui \u012fkasti dirv\u0105, suteikdamas reikiam\u0105 j\u0117g\u0105 gruntui ardyti ir med\u017eiagai pa\u0161alinti. \u0160i galimyb\u0117 yra gyvybi\u0161kai svarbi statybos ir kra\u0161tovaizd\u017eio tvarkymo projektuose, kur reikalingas tikslus kasimas.<\/p>\n<h3>Krautuvai<\/h3>\n<p>Priekiniuose krautuvuose str\u0117l\u0117s cilindrai padeda efektyviai kelti ir i\u0161versti med\u017eiagas. Jie prisideda prie bendro krautuv\u0173 na\u0161umo, tod\u0117l jie yra b\u016btini statybviet\u0117se ir med\u017eiag\u0173 tvarkymo aplinkoje.<\/p>\n<h2>Projektavimo aspektai ir atrankos kriterijai<\/h2>\n<h3>Keliamoji galia<\/h3>\n<p>Str\u0117l\u0117s cilindro keliamoji galia yra labai svarbus jo konstrukcijos veiksnys. Ji lemia, kiek svorio cilindras gali saugiai pakelti, o tai yra labai svarbu siekiant i\u0161vengti \u012frangos gedim\u0173 ir u\u017etikrinti saug\u0173 eksploatavim\u0105. Perkrova gali sukelti katastrofi\u0161k\u0173 gedim\u0173, tod\u0117l labai svarbu pasirinkti cilindr\u0105 su tinkama keliam\u0105ja galia konkre\u010diam pritaikymui.<\/p>\n<h3>Sandarinimo mechanizmai<\/h3>\n<p>Efektyvus hidraulini\u0173 cilindr\u0173 sandarinimas yra b\u016btinas, kad b\u016bt\u0173 i\u0161vengta nuot\u0117ki\u0173 ir palaikomas sl\u0117gis. B\u016btini auk\u0161tos kokyb\u0117s sandarikliai, tokie kaip st\u016bmokli\u0173 ir kot\u0173 sandarikliai, pagaminti i\u0161 patvari\u0173 med\u017eiag\u0173, toki\u0173 kaip poliuretanas ir nitrilo kau\u010diukas. \u0160ie sandarikliai turi b\u016bti suprojektuoti taip, kad atlaikyt\u0173 eksploatavimo s\u0105lygas, \u012fskaitant sl\u0117gio ir temperat\u016bros svyravimus, kad b\u016bt\u0173 u\u017etikrintas ilgalaikis veikimas.<\/p>\n<h3>Patvarumas<\/h3>\n<p>Projektuojant str\u0117l\u0117s cilindrus, svarbiausia yra j\u0173 ilgaam\u017ei\u0161kumas. Jie turi b\u016bti pagaminti i\u0161 tvirt\u0173 med\u017eiag\u0173, kurios gali atlaikyti at\u0161iaurias darbo s\u0105lygas. Tokie veiksniai kaip med\u017eiagos stiprumas, atsparumas dilimui ir antikorozin\u0117s savyb\u0117s yra gyvybi\u0161kai svarb\u016bs norint pailginti cilindro eksploatavimo laik\u0105 ir suma\u017einti prie\u017ei\u016bros poreik\u012f.<\/p>\n<h3>Saugos funkcijos<\/h3>\n<p>Saugos funkcij\u0173 \u012ftraukimas \u012f str\u0117l\u0117s cilindr\u0173 konstrukcij\u0105 yra b\u016btinas siekiant apsaugoti tiek \u012frang\u0105, tiek operatorius. Apsauginiai vo\u017etuvai, avarinio i\u0161leidimo mechanizmai ir konstrukciniai sutvirtinimai gali \u017eymiai padidinti hidraulini\u0173 sistem\u0173 saugos profil\u012f, suma\u017einant nelaiming\u0173 atsitikim\u0173 rizik\u0105 eksploatacijos metu.<\/p>\n<h3>Prieinamumas prie prie\u017ei\u016bros<\/h3>\n<p>Konstrukcija tur\u0117t\u0173 u\u017etikrinti lengv\u0105 technin\u0119 prie\u017ei\u016br\u0105 ir patikr\u0105. Tokios savyb\u0117s kaip nuimami komponentai ir ai\u0161k\u016bs prieigos ta\u0161kai tepimui ir sandarikli\u0173 keitimui gali labai supaprastinti technin\u0117s prie\u017ei\u016bros u\u017eduotis, u\u017etikrinant, kad str\u0117l\u0117s cilindras i\u0161likt\u0173 optimalios darbin\u0117s b\u016bkl\u0117s vis\u0105 jo eksploatavimo laik\u0105.<\/p>\n<p><img decoding=\"async\" src=\"https:\/\/www.hydraulic-cylinders.net\/wp-content\/uploads\/2025\/04\/songte-oil-pipes-and-spare-parts.webp\" alt=\"Naftos vamzd\u017eiai ir atsargin\u0117s dalys\" \/><\/p>\n<h2>Sandarinimas ir tepimas<\/h2>\n<p>Efektyvus sandarinimas ir tepimas yra b\u016btini optimaliam str\u0117l\u0117s cilindr\u0173 veikimui. \u012evair\u016bs sandarinimo komponentai, \u012fskaitant st\u016bmokli\u0173 ir stryp\u0173 sandariklius, tur\u0117t\u0173 b\u016bti parenkami atsi\u017evelgiant \u012f j\u0173 med\u017eiag\u0173 savybes, tokias kaip atsparumas dilimui ir ilgaam\u017ei\u0161kumas. Naudojant auk\u0161tos kokyb\u0117s med\u017eiagas, tokias kaip poliuretanas ir nitrilo kau\u010diukas, galima pagerinti sandarikli\u0173 veikim\u0105 at\u0161iauriomis s\u0105lygomis. Be to, cilindro korpusas ir srieginiai galai tur\u0117t\u0173 b\u016bti kruop\u0161\u010diai apdirbti, kad b\u016bt\u0173 padidintas atsparumas dilimui.<\/p>\n<p>Reguliarus tepimas tinkama hidrauline alyva taip pat yra labai svarbus norint palaikyti skland\u0173 veikim\u0105 ir i\u0161vengti nusid\u0117v\u0117jimo. Periodiniai patikrinimai ir savalaikis tepimas gali \u017eymiai pailginti str\u0117l\u0117s cilindro tarnavimo laik\u0105, u\u017etikrinant, kad jis veikt\u0173 efektyviai ilgesn\u012f laik\u0105.<\/p>\n<h2>Reguliarios patikros ir prevencin\u0117s prie\u017ei\u016bros priemon\u0117s<\/h2>\n<ul>\n<li><strong>\u012eprastiniai patikrinimai:<\/strong> Reguliariai atlikite vizualin\u0119 ap\u017ei\u016br\u0105, kad patikrintum\u0117te, ar n\u0117ra susid\u0117v\u0117jimo, nuot\u0117ki\u0173 ar pa\u017eeidim\u0173 po\u017eymi\u0173. Ankstyvas problem\u0173 nustatymas gali pad\u0117ti i\u0161vengti didesni\u0173 problem\u0173 ir brangaus remonto.<\/li>\n<li><strong>Tinkamas tepimas:<\/strong> \u012esitikinkite, kad str\u0117l\u0117s cilindras yra tinkamai suteptas, kad b\u016bt\u0173 i\u0161vengta trinties ir susid\u0117v\u0117jimo. Naudokite rekomenduojam\u0105 hidraulin\u0119 alyv\u0105 ir laikykit\u0117s naudotojo vadove nurodyto tepimo grafiko.<\/li>\n<li><strong>Sandariklio keitimas:<\/strong> Steb\u0117kite tarpikli\u0173 b\u016bkl\u0119 ir prireikus juos keiskite, kad palaikytum\u0117te sl\u0117g\u012f ir i\u0161vengtum\u0117te nuot\u0117ki\u0173. Reguliarus susid\u0117v\u0117jusi\u0173 tarpikli\u0173 keitimas gali smarkiai pagerinti cilindro efektyvum\u0105.<\/li>\n<\/ul>\n<h2>\u012erengimo gair\u0117s<\/h2>\n<p>Tinkamas str\u0117l\u0117s cilindro montavimas yra labai svarbus jo veikimui ir ilgaam\u017ei\u0161kumui. Pirmiausia \u012fsitikinkite, kad darbo vieta yra \u0161vari ir be \u0161iuk\u0161li\u0173. Montuodami cilindr\u0105, teisingai j\u012f sulygiuokite su tvirtinimo ta\u0161kais, kad i\u0161vengtum\u0117te nesuderinamumo, kuris gali sukelti prie\u0161laikin\u012f susid\u0117v\u0117jim\u0105 ar gedim\u0105. Naudokite tinkamus tvirtinimo laikiklius ir tvirtinimo detales, kad cilindras tvirtai pritvirtint\u0173.<\/p>\n<p>Priver\u017edami var\u017etus, laikykit\u0117s gamintojo pateikt\u0173 sukimo momento nurodym\u0173, kad u\u017etikrintum\u0117te tvirt\u0105 pritvirtinim\u0105 ir nepa\u017eeistum\u0117te komponent\u0173. \u012edieg\u0119, prie\u0161 naudodami mechanizm\u0105, dar kart\u0105 patikrinkite lygiavim\u0105. Taip pat labai svarbu prie\u0161 naudojim\u0105 pripildyti hidraulin\u0119 sistem\u0105 nurodytos hidraulin\u0117s alyvos ir i\u0161leisti i\u0161 sistemos or\u0105.<\/p>\n<h2>\u012eprastos prie\u017ei\u016bros u\u017eduotys<\/h2>\n<ul>\n<li><strong>Reguliar\u016bs patikrinimai:<\/strong> B\u016btina da\u017enai tikrinti, ar n\u0117ra nusid\u0117v\u0117jimo. Ie\u0161kokite nuot\u0117ki\u0173, pa\u017eeist\u0173 sandarikli\u0173 ar korozijos po\u017eymi\u0173, kad problemos b\u016bt\u0173 pasteb\u0117tos anksti.<\/li>\n<li><strong>Tinkamas tepimas:<\/strong> \u012esitikinkite, kad hidraulin\u0117s alyvos lygis yra papildytas ir kad tepimas yra tinkamas. Tai apsaugo nuo trinties ir pailgina cilindro tarnavimo laik\u0105.<\/li>\n<li><strong>Sandariklio keitimas:<\/strong> Steb\u0117kite sandarikli\u0173 susid\u0117v\u0117jim\u0105 ir periodi\u0161kai juos keiskite, kad i\u0161vengtum\u0117te nuot\u0117ki\u0173 ir palaikytum\u0117te hidraulin\u012f sl\u0117g\u012f. Tinkamai veikiantys sandarikliai yra labai svarb\u016bs str\u0117l\u0117s cilindro efektyvumui.<\/li>\n<\/ul>\n<h2>Saugos aspektai ir aplinkos veiksniai<\/h2>\n<p>Dirbant su str\u0117l\u0117s cilindrais, saugos priemon\u0117s yra nepaprastai svarbios. Atlikdami technin\u0119 prie\u017ei\u016br\u0105 ar patikras, visada d\u0117v\u0117kite tinkamas asmenines apsaugos priemones (AAP), tokias kaip pir\u0161tin\u0117s ir akiniai. Prie\u0161 prad\u0117dami bet kokius darbus su cilindrais, \u012fsitikinkite, kad hidraulin\u0117je sistemoje n\u0117ra sl\u0117gio, kad i\u0161vengtum\u0117te atsitiktinio \u012fjungimo. Be to, atsi\u017evelkite \u012f hidraulini\u0173 skys\u010di\u0173 poveik\u012f aplinkai; biologi\u0161kai skaid\u017ei\u0173 hidraulini\u0173 alyv\u0173 naudojimas gali pad\u0117ti suma\u017einti galim\u0105 tar\u0161\u0105.<\/p>\n<h2>Trik\u010di\u0173 \u0161alinimas ir da\u017eniausiai pasitaikan\u010dios problemos<\/h2>\n<ul>\n<li><strong>Hidraulinio skys\u010dio nuot\u0117kis:<\/strong> Da\u017ena problema yra nuot\u0117kis, kuris gali atsirasti d\u0117l susid\u0117v\u0117jusi\u0173 sandarikli\u0173 arba pa\u017eeist\u0173 komponent\u0173. Reguliariai tikrinkite sandariklius ir prireikus juos pakeiskite, kad i\u0161vengtum\u0117te nuot\u0117ki\u0173.<\/li>\n<li><strong>L\u0117tas arba nereaguojantis cilindro jud\u0117jimas:<\/strong> Tai gali rodyti \u017eem\u0105 hidraulinio skys\u010dio lyg\u012f arba sistemoje \u012fstrigusi\u0105 or\u0105. \u012esitikinkite, kad skys\u010dio lygis yra pakankamas, ir prireikus i\u0161leiskite sistem\u0105 or\u0105.<\/li>\n<li><strong>Ne\u012fprasti garsai:<\/strong> Girg\u017ed\u0117jimas ar girg\u017ed\u0117jimas gali signalizuoti apie mechanines problemas. Nedelsdami i\u0161tirkite ir pa\u0161alinkite bet kokius ne\u012fprastus garsus, kad i\u0161vengtum\u0117te tolesn\u0117s \u017ealos.<\/li>\n<\/ul>\n<h2>Trik\u010di\u0173 \u0161alinimo patarimai<\/h2>\n<p>Nor\u0117dami efektyviai pa\u0161alinti triktis, prad\u0117kite nuo simptom\u0173 nustatymo ir galim\u0173 prie\u017eas\u010di\u0173 izoliavimo. Reguliarus techninis aptarnavimas yra labai svarbus norint i\u0161vengti problem\u0173, tod\u0117l sudarykite aktyvios technin\u0117s prie\u017ei\u016bros grafik\u0105. Jei problemos i\u0161lieka, apsvarstykite galimyb\u0119 pasikonsultuoti su specialistu d\u0117l i\u0161samios diagnostikos ir remonto. Prevencini\u0173 priemoni\u0173 \u012fgyvendinimas gali \u017eymiai suma\u017einti problem\u0173 tikimyb\u0119 ateityje.<\/p>\n<p><img decoding=\"async\" src=\"https:\/\/www.hydraulic-cylinders.net\/wp-content\/uploads\/2025\/04\/songte-bushings-with-all-kinds-of-excavator-models.webp\" alt=\"\u012evor\u0117s su ekskavatori\u0173 modeliais\" \/><\/p>\n<h2>Apie m\u016bs\u0173 \u012fmon\u0119<\/h2>\n<p>Esame pirmaujantis hidraulini\u0173 cilindr\u0173 gamintojas ir didmeninis platintojas, specializuojantis auk\u0161tos kokyb\u0117s pakaitini\u0173 cilindr\u0173 gamyboje. M\u016bs\u0173 gamini\u0173 asortimentas yra platus, tod\u0117l esame vienas i\u0161 pirmaujan\u010di\u0173 gamintoj\u0173 tiek vidaus, tiek tarptautin\u0117je rinkose. Laikom\u0117s auk\u0161\u010diausi\u0173 kokyb\u0117s standart\u0173, kuriuos lemia \u012fsipareigojimas tiksliai gaminti ir novatori\u0161kos gamybos valdymo strategijos.<\/p>\n<p>M\u016bs\u0173 \u012fmon\u0117je naudojama pa\u017eangi gamybos \u012franga, dirba kvalifikuoti technikai ir taikoma patikimos kokyb\u0117s kontrol\u0117s sistema, siekiant nuolat tobulinti gamybos paj\u0117gumus. Siekdami patenkinti \u012fvairius klient\u0173 poreikius, daugiausia d\u0117mesio skiriame dideliam efektyvumui, tikslumui ir auk\u0161\u010diausiai kokybei.<\/p>\n<p><img decoding=\"async\" src=\"https:\/\/www.hydraulic-cylinders.net\/wp-content\/uploads\/2025\/04\/songte-company-4.webp\" alt=\"\u012emon\u0117s ap\u017evalga\" \/><br \/>\n<img decoding=\"async\" src=\"https:\/\/www.hydraulic-cylinders.net\/wp-content\/uploads\/2025\/04\/songte-company-3.webp\" alt=\"\u012emon\u0117s gamyba\" \/><\/p>\n<p>Taip pat si\u016blome individualiai pritaikytas paslaugas, tarptautinius sertifikatus ir specializuot\u0105 garantin\u012f aptarnavim\u0105, siekdami u\u017etikrinti, kad m\u016bs\u0173 klientai gaut\u0173 geriausius sprendimus, pritaikytus j\u0173 konkretiems poreikiams.<\/p>\n<p>Autorius: lyl<\/p>","protected":false},"excerpt":{"rendered":"<p>Boom Cylinder For Case Wheel Excavator WX218 Introduction to Boom Cylinder The boom cylinder, also known as a bucket cylinder, is a crucial component in hydraulic systems that control the movement of digging attachments on heavy machinery such as excavators, backhoe loaders, and front loaders. This hydraulic cylinder enables the bucket to lift, lower, and [&hellip;]<\/p>","protected":false},"featured_media":17868,"comment_status":"open","ping_status":"closed","template":"","meta":{"_et_pb_use_builder":"","_et_pb_old_content":"","_et_gb_content_width":""},"product_brand":[],"product_cat":[1546],"product_tag":[1547,1496],"class_list":{"0":"post-19454","1":"product","2":"type-product","3":"status-publish","4":"has-post-thumbnail","6":"product_cat-boom-cylinders","7":"product_tag-boom-cylinders","8":"product_tag-hydraulic-cylinders","10":"first","11":"instock","12":"shipping-taxable","13":"product-type-simple"},"amp_enabled":true,"_links":{"self":[{"href":"https:\/\/www.hydraulic-cylinders.net\/lt\/wp-json\/wp\/v2\/product\/19454","targetHints":{"allow":["GET"]}}],"collection":[{"href":"https:\/\/www.hydraulic-cylinders.net\/lt\/wp-json\/wp\/v2\/product"}],"about":[{"href":"https:\/\/www.hydraulic-cylinders.net\/lt\/wp-json\/wp\/v2\/types\/product"}],"replies":[{"embeddable":true,"href":"https:\/\/www.hydraulic-cylinders.net\/lt\/wp-json\/wp\/v2\/comments?post=19454"}],"wp:featuredmedia":[{"embeddable":true,"href":"https:\/\/www.hydraulic-cylinders.net\/lt\/wp-json\/wp\/v2\/media\/17868"}],"wp:attachment":[{"href":"https:\/\/www.hydraulic-cylinders.net\/lt\/wp-json\/wp\/v2\/media?parent=19454"}],"wp:term":[{"taxonomy":"product_brand","embeddable":true,"href":"https:\/\/www.hydraulic-cylinders.net\/lt\/wp-json\/wp\/v2\/product_brand?post=19454"},{"taxonomy":"product_cat","embeddable":true,"href":"https:\/\/www.hydraulic-cylinders.net\/lt\/wp-json\/wp\/v2\/product_cat?post=19454"},{"taxonomy":"product_tag","embeddable":true,"href":"https:\/\/www.hydraulic-cylinders.net\/lt\/wp-json\/wp\/v2\/product_tag?post=19454"}],"curies":[{"name":"wp","href":"https:\/\/api.w.org\/{rel}","templated":true}]}}