{"id":19455,"date":"2025-04-07T06:48:35","date_gmt":"2025-04-07T06:48:35","guid":{"rendered":"https:\/\/www.hydraulic-cylinders.net\/product\/boom-cylinder-for-zhenyu-small-excavator-zy330\/"},"modified":"2025-04-07T06:48:37","modified_gmt":"2025-04-07T06:48:37","slug":"boom-cylinder-for-zhenyu-small-excavator-zy330","status":"publish","type":"product","link":"https:\/\/www.hydraulic-cylinders.net\/lt\/produktas\/boom-cylinder-for-zhenyu-small-excavator-zy330\/","title":{"rendered":"\u201eZhenyu\u201c ma\u017eo ekskavatoriaus ZY330 str\u0117l\u0117s cilindras"},"content":{"rendered":"<h1>\u201eZhenyu\u201c ma\u017eo ekskavatoriaus ZY330 str\u0117l\u0117s cilindras<\/h1>\n<h2>\u012evadas \u012f str\u0117l\u0117s cilindrus<\/h2>\n<p>Str\u0117l\u0117s cilindras yra gyvybi\u0161kai svarbus sunkiosios technikos hidraulin\u0117s sistemos komponentas, specialiai sukurtas ekskavatoriaus kau\u0161\u0173 jud\u0117jimui valdyti. Jis atlieka labai svarb\u0173 vaidmen\u012f atliekant tokias u\u017eduotis kaip kau\u0161o k\u0117limas, nuleidimas ir pakreipimas, taip palengvinant efektyv\u0173 med\u017eiag\u0173 tvarkym\u0105. Paversdami hidraulin\u0119 energij\u0105 mechaniniu judesiu, str\u0117l\u0117s cilindrai suteikia operatoriams galimyb\u0119 tiksliai ir greitai atlikti \u012fvairias funkcijas.<\/p>\n<p><img decoding=\"async\" src=\"https:\/\/www.hydraulic-cylinders.net\/wp-content\/uploads\/2025\/04\/songte-company-1.webp\" alt=\"Str\u0117l\u0117s cilindras\"><\/p>\n<h3>Apibr\u0117\u017eimas ir ap\u017evalga<\/h3>\n<p>Str\u0117l\u0117s cilindras yra hidraulinio cilindro tipas, specialiai sukurtas sunkiajai technikai, pavyzd\u017eiui, ekskavatoriams, ekskavatoriams ir frontaliniams krautuvams. Pagrindin\u0117 jo funkcija \u2013 valdyti kau\u0161o judesius, kad jis gal\u0117t\u0173 atlikti u\u017eduotis, b\u016btinas kasimo ir med\u017eiag\u0173 transportavimo darbams. \u0160ie cilindrai leid\u017eia tiksliai valdyti kau\u0161o judesius, suteikdami reikiam\u0105 j\u0117g\u0105 k\u0117limui ir pakreipimui, o tai labai svarbu statybose ir \u017eem\u0117s \u016bkyje.<\/p>\n<h2>Pagrindin\u0117s str\u0117l\u0117s cilindro savyb\u0117s<\/h2>\n<ul>\n<li><strong>Didelis stiprumas ir ilgaam\u017ei\u0161kumas:<\/strong> Paprastai i\u0161 didelio stiprumo plieno arba aliuminio pagaminti str\u0117l\u0117s cilindrai yra skirti atlaikyti auk\u0161t\u0105 sl\u0117g\u012f ir dideles apkrovas, tod\u0117l tinkami at\u0161iaurioms darbo aplinkoms. Jie sukurti taip, kad b\u016bt\u0173 atspar\u016bs dilimui ir korozijai, tod\u0117l prailgina j\u0173 tarnavimo laik\u0105.<\/li>\n<li><strong>Efektyvus hidraulinis valdymas:<\/strong> Naudojant hidraulin\u0117s alyvos sl\u0117g\u012f, str\u0117l\u0117s cilindrai u\u017etikrina skland\u0173 i\u0161skleidim\u0105 ir \u012ftraukim\u0105, tod\u0117l operatorius greitai reaguoja \u012f komandas. Jie u\u017etikrina galing\u0105 st\u016bmimo ir traukimo j\u0117g\u0105, idealiai tinkan\u010di\u0105 sunki\u0173 med\u017eiag\u0173 tvarkymui ir sud\u0117tingoms u\u017eduotims atlikti.<\/li>\n<li><strong>\u012evair\u016bs tipai:<\/strong> Str\u0117l\u0117s cilindrai, kurie yra vienpusio veikimo (hidraulikos naudojimas viena kryptimi) arba dvipusio veikimo (hidraulikos naudojimas abiem kryptimis), gali b\u016bti pritaikyti \u012fvairiems eksploatavimo poreikiams. Kai kurie modeliai yra teleskopin\u0117s konstrukcijos, leid\u017eian\u010dios padidinti prailginim\u0105 nedidinant i\u0161orini\u0173 matmen\u0173, tod\u0117l puikiai tinka naudoti su ribota erdve.<\/li>\n<li><strong>Suderinamumas:<\/strong> M\u016bs\u0173 gaminiai yra kruop\u0161\u010diai pagaminti taip, kad idealiai pakeist\u0173 esamus hidraulinius cilindrus, u\u017etikrinant skland\u0173 integravim\u0105 ir na\u0161um\u0105.<\/li>\n<\/ul>\n<p><img decoding=\"async\" src=\"https:\/\/www.hydraulic-cylinders.net\/wp-content\/uploads\/2025\/04\/songte-cylinder-head-with-all-kinds-excavator-models.webp\" alt=\"Ekskavatori\u0173 modeliai\"><\/p>\n<h2>Str\u0117l\u0117s cilindro pritaikymas<\/h2>\n<h3>Statybin\u0117 \u012franga<\/h3>\n<p>Statybin\u0117se ma\u0161inose str\u0117l\u0117s cilindrai yra neatsiejama ekskavatori\u0173 dalis, u\u017etikrinanti reikiam\u0105 j\u0117g\u0105 kasti, krauti ir perkelti \u017eem\u0119 ar \u0161iuk\u0161les. Jie palengvina efektyvius kasimo procesus ir prisideda prie bendro na\u0161umo statybviet\u0117se.<\/p>\n<h3>\u017dem\u0117s \u016bkio technika<\/h3>\n<p>Priekiniuose krautuvuose naudojami str\u0117l\u0117s cilindrai yra b\u016btini dirvo\u017eemio, \u0161ieno ir kit\u0173 med\u017eiag\u0173 k\u0117limui, k\u0117limui ir transportavimui. D\u0117l savo geb\u0117jimo efektyviai valdyti sunkius krovinius jie yra nepakei\u010diami \u017eem\u0117s \u016bkio darbuose.<\/p>\n<h3>Ekskavatoriai<\/h3>\n<p>Ekskavatoriuose str\u0117l\u0117s cilindrai leid\u017eia kau\u0161ui \u012fsiskverbti \u012f \u017eem\u0119, tod\u0117l galima efektyviai atlikti kasimo darbus. \u0160i galimyb\u0117 yra labai svarbi \u012fvairiems projektams \u2013 nuo \u200b\u200bkra\u0161tovaizd\u017eio tvarkymo iki didelio masto kasimo.<\/p>\n<h3>Krautuvai<\/h3>\n<p>Priekiniuose krautuvuose str\u0117l\u0117s cilindrai padeda efektyviai kelti ir i\u0161versti krovinius. Jie atlieka gyvybi\u0161kai svarb\u0173 vaidmen\u012f tvarkant med\u017eiagas, pagerindami krautuvo eksploatacines galimybes.<\/p>\n<h2>Projektavimo aspektai ir atrankos kriterijai<\/h2>\n<h3>Keliamoji galia<\/h3>\n<p>Projektuojant str\u0117l\u0117s cilindr\u0105, keliamoji galia yra labai svarbus veiksnys. Cilindras turi atlaikyti maksimal\u0173 kau\u0161o pakeliam\u0105 svor\u012f, tuo pa\u010diu u\u017etikrinant saugum\u0105 ir na\u0161um\u0105. Siekiant u\u017etikrinti patikimum\u0105 esant didel\u0117ms apkrovoms, reikia atsi\u017evelgti \u012f med\u017eiagos stiprum\u0105, cilindro matmenis ir hidraulinio sl\u0117gio \u012fvertinimus.<\/p>\n<h3>Sandarinimas<\/h3>\n<p>Efektyvus sandarinimas hidraulin\u0117se sistemose yra nepaprastai svarbus, siekiant i\u0161vengti skys\u010di\u0173 nuot\u0117kio ir u\u017eter\u0161imo. Sandarinimo med\u017eiag\u0173, toki\u0173 kaip poliuretanas ir nitrilo kau\u010diukas, pasirinkimas yra labai svarbus siekiant u\u017etikrinti ilgaam\u017ei\u0161kum\u0105 ir na\u0161um\u0105. Tikslus cilindro korpuso ir sriegi\u0173 pavir\u0161i\u0173 apdirbimas padidina sandarinimo efektyvum\u0105 ir prisideda prie bendro sistemos patikimumo.<\/p>\n<h3>Patvarumas<\/h3>\n<p>Str\u0117l\u0117s cilindrams ilgaam\u017ei\u0161kumas yra labai svarbus, nes jie veikia sud\u0117tingomis s\u0105lygomis. Tokie veiksniai kaip med\u017eiag\u0173 parinkimas, pavir\u0161iaus apdorojimas ir konstrukcijos ypatyb\u0117s turi b\u016bti optimizuoti, kad b\u016bt\u0173 atspar\u016bs dilimui ir korozijai, u\u017etikrinant ilgesn\u012f tarnavimo laik\u0105 ir ma\u017eesnes prie\u017ei\u016bros i\u0161laidas.<\/p>\n<h3>Saugumas<\/h3>\n<p>Saugumas yra labai svarbus hidraulini\u0173 cilindr\u0173 projektavimo aspektas. Siekiant i\u0161vengti katastrofi\u0161k\u0173 gedim\u0173 ir u\u017etikrinti saug\u0173 \u012frangos bei jos operatori\u0173 darb\u0105, turi b\u016bti \u012fdiegtos tokios funkcijos kaip sl\u0117gio ma\u017einimo vo\u017etuvai, apsauga nuo perkrovos ir tvirta konstrukcija.<\/p>\n<h3>Prie\u017ei\u016bra<\/h3>\n<p>\u012e technin\u0117s prie\u017ei\u016bros aspektus \u012feina lengva prieiga ap\u017ei\u016brai ir remontui, atsargini\u0173 dali\u0173 prieinamumas bei i\u0161ardymo ir surinkimo sud\u0117tingumas. Gerai suprojektuotas cilindras supaprastina technin\u0117s prie\u017ei\u016bros operacijas, suma\u017eina prastovas ir pagerina bendr\u0105 efektyvum\u0105.<\/p>\n<p><img decoding=\"async\" src=\"https:\/\/www.hydraulic-cylinders.net\/wp-content\/uploads\/2025\/04\/songte-oil-pipes-and-spare-parts.webp\" alt=\"Hidraulin\u0117s dalys\"><\/p>\n<h2>Sandarinimas ir tepimas<\/h2>\n<p>Str\u0117l\u0117s cilindr\u0173 sandarinimo sistema yra labai svarbi hidrauliniam vientisumui palaikyti. Siekiant u\u017etikrinti, kad hidraulinis skystis likt\u0173 cilindre, naudojami \u012fvair\u016bs sandarikliai, \u012fskaitant st\u016bmokli\u0173 ir stryp\u0173 sandariklius. Patvari\u0173 med\u017eiag\u0173, toki\u0173 kaip poliuretanas ir nitrilo kau\u010diukas, naudojimas padidina atsparum\u0105 dilimui ir aplinkos veiksniams. Be to, cilindro korpusas ir srieginiai galai yra kruop\u0161\u010diai apdirbami, siekiant pagerinti atsparum\u0105 dilimui, o tai prisideda prie bendro efektyvumo. Reguliarus tepimas hidrauline alyva yra b\u016btinas norint u\u017etikrinti skland\u0173 veikim\u0105 ir i\u0161vengti prie\u0161laikinio susid\u0117v\u0117jimo, tod\u0117l norint i\u0161laikyti optimal\u0173 na\u0161um\u0105, reikia reguliariai tikrinti.<\/p>\n<h2>Reguliar\u016bs patikrinimai ir prevencin\u0117 prie\u017ei\u016bra<\/h2>\n<ul>\n<li><strong>Periodin\u0117s patikros:<\/strong> Reguliar\u016bs vizualiniai ir eksploataciniai patikrinimai gali pad\u0117ti anksti nustatyti nusid\u0117v\u0117jimo po\u017eymius ar pa\u017eeidimus, taip u\u017ekertant keli\u0105 tolesn\u0117ms komplikacijoms.<\/li>\n<li><strong>Tepimas:<\/strong> Tinkamas tepimas yra b\u016btinas skland\u017eiam veikimui ir ilgaam\u017ei\u0161kumui. \u012esitikinkite, kad hidraulin\u0117s alyvos lygis yra stebimas ir prireikus papildomas.<\/li>\n<li><strong>Sandariklio keitimas:<\/strong> Reguliariai tikrinkite sandarikli\u0173 susid\u0117v\u0117jim\u0105 ir nedelsdami juos pakeiskite, kad i\u0161vengtum\u0117te skys\u010di\u0173 nuot\u0117kio ir i\u0161laikytum\u0117te hidraulin\u012f efektyvum\u0105.<\/li>\n<\/ul>\n<h2>\u012erengimo gair\u0117s<\/h2>\n<p>Tinkamas str\u0117l\u0117s cilindr\u0173 montavimas yra labai svarbus norint u\u017etikrinti optimal\u0173 na\u0161um\u0105. Pirmiausia \u012fsitikinkite, kad darbo vieta yra \u0161vari ir be \u0161iuk\u0161li\u0173. Tiksliai sulygiuokite cilindr\u0105 su tvirtinimo ta\u0161kais, naudodami tinkamus tvirtinimo laikiklius, kad j\u012f pritvirtintum\u0117te. Laikykit\u0117s gamintojo nurodym\u0173 d\u0117l sukimo momento nustatym\u0173, kad u\u017etikrintum\u0117te tvirt\u0105 pritvirtinim\u0105. Tinkamas sulygiavimas yra labai svarbus siekiant i\u0161vengti per didelio cilindro \u012ftempimo eksploatacijos metu. \u012edieg\u0119 atlikite i\u0161sam\u0173 patikrinim\u0105 ir i\u0161bandykite hidraulin\u0119 sistem\u0105, kad \u012fsitikintum\u0117te, jog viskas veikia tinkamai. Norint optimizuoti na\u0161um\u0105, gali prireikti atlikti reguliavim\u0105.<\/p>\n<h2>Prie\u017ei\u016bros u\u017eduotys<\/h2>\n<ul>\n<li><strong>Reguliar\u016bs patikrinimai:<\/strong> Reguliariai tikrinkite, ar n\u0117ra nuot\u0117ki\u0173, susid\u0117v\u0117jimo ir bendros b\u016bkl\u0117s. Ankstyvas problem\u0173 nustatymas gali pad\u0117ti i\u0161vengti dideli\u0173 gedim\u0173 ir brangaus remonto.<\/li>\n<li><strong>Tinkamas tepimas:<\/strong> Reguliariai papildykite hidraulin\u0117s alyvos kiek\u012f, kad u\u017etikrintum\u0117te skland\u0173 veikim\u0105 ir i\u0161vengtum\u0117te nusid\u0117v\u0117jimo. Laikykit\u0117s gamintoj\u0173 nurodym\u0173 d\u0117l tepimo interval\u0173.<\/li>\n<li><strong>Sandariklio keitimo ir kalibravimo patikrinimai:<\/strong> Reguliariai tikrinkite sandariklius ir prireikus juos pakeiskite. Hidraulin\u0117s sistemos kalibravimas u\u017etikrina tiksl\u0173 veikim\u0105 ir gali pad\u0117ti i\u0161vengti problem\u0173 ateityje.<\/li>\n<\/ul>\n<h2>Saugos aspektai ir aplinkos veiksniai<\/h2>\n<p>Eksploatuojant str\u0117l\u0117s cilindrus, saugos priemon\u0117s yra nepaprastai svarbios. Operatoriai tur\u0117t\u0173 b\u016bti apmokyti suprasti galim\u0105 su hidraulin\u0117mis sistemomis susijusi\u0105 rizik\u0105. Visada reikia naudoti tinkamas asmenines apsaugos priemones (AAP). Renkantis ir pri\u017ei\u016brint str\u0117l\u0117s cilindrus, taip pat reik\u0117t\u0173 atsi\u017evelgti \u012f aplinkos veiksnius, tokius kaip ekstremali\u0173 temperat\u016br\u0173 ir korozij\u0105 sukelian\u010di\u0173 med\u017eiag\u0173 poveikis. Saugos protokol\u0173 \u012fgyvendinimas ir reguliar\u016bs mokymai gali \u017eymiai suma\u017einti nelaiming\u0173 atsitikim\u0173 skai\u010di\u0173 ir pagerinti saug\u0105 darbo vietoje.<\/p>\n<h2>Da\u017eniausiai pasitaikan\u010di\u0173 problem\u0173 \u0161alinimas<\/h2>\n<ul>\n<li><strong>Skys\u010di\u0173 nuot\u0117kiai:<\/strong> Patikrinkite sandariklius ir jungtis, ar n\u0117ra susid\u0117v\u0117jimo ar pa\u017eeidim\u0173, ir u\u017etikrinkite, kad b\u016bt\u0173 palaikomas pakankamas hidraulinio skys\u010dio lygis.<\/li>\n<li><strong>L\u0117tas veikimas:<\/strong> Tai gali rodyti \u017eem\u0105 hidraulinio skys\u010dio lyg\u012f arba oro kiek\u012f sistemoje. I\u0161leiskite or\u0105 i\u0161 sistemos ir patikrinkite, ar n\u0117ra u\u017esikim\u0161im\u0173.<\/li>\n<li><strong>Nereaguojantis cilindras:<\/strong> \u012esitikinkite, kad hidraulinis sl\u0117gis yra pakankamas ir kad visos jungtys yra tvirtai pritvirtintos. I\u0161tirkite galimus hidraulini\u0173 linij\u0173 u\u017esikim\u0161imus.<\/li>\n<\/ul>\n<h2>Trik\u010di\u0173 \u0161alinimo patarimai<\/h2>\n<p>Siekiant efektyvaus trik\u010di\u0173 \u0161alinimo, tvarkykite i\u0161sam\u0173 technin\u0117s prie\u017ei\u016bros \u017eurnal\u0105, kad gal\u0117tum\u0117te sekti problemas ir remonto darbus. Reguliariai per\u017ei\u016br\u0117kite eksploatacini\u0173 duomen\u0173 duomenis, kad nustatytum\u0117te tendencijas, kurios gali rodyti pagrindines problemas. \u012egyvendinkite prevencines priemones, pvz., \u012fprastin\u0119 technin\u0119 prie\u017ei\u016br\u0105 ir patikrinimus, kad suma\u017eintum\u0117te galimas problemas. Operatori\u0173 mokymas atpa\u017einti ankstyvus gedim\u0173 po\u017eymius gali padidinti bendr\u0105 sistemos patikimum\u0105.<\/p>\n<p><img decoding=\"async\" src=\"https:\/\/www.hydraulic-cylinders.net\/wp-content\/uploads\/2025\/04\/songte-bushings-with-all-kinds-of-excavator-models.webp\" alt=\"Ekskavatoriaus \u012fvor\u0117s\"><\/p>\n<h2>Apie m\u016bs\u0173 \u012fmon\u0119<\/h2>\n<p>Esame pakaitini\u0173 hidraulini\u0173 cilindr\u0173 gamintojas, si\u016blantis plat\u0173 gamini\u0173 asortiment\u0105, kuris \u012ftvirtino m\u016bs\u0173, kaip vieno i\u0161 pirmaujan\u010di\u0173 gamintoj\u0173 ir didmenini\u0173 platintoj\u0173, pozicij\u0105 tiek vidaus, tiek tarptautin\u0117se rinkose. Laikom\u0117s i\u0161skirtini\u0173 kokyb\u0117s standart\u0173, pasitelkdami patobulint\u0105 gamybos cech\u0105 ir pramonin\u0117s gamybos valdymo strategij\u0105. M\u016bs\u0173 \u012fmon\u0117 nuolat tobulina savo gamybos platform\u0105, pasitelkdama techninius specialistus, auk\u0161\u010diausios klas\u0117s skaitmenin\u0119 gamybos \u012frang\u0105 ir specializuotas bandym\u0173 sistemas, u\u017etikrindama efektyvius gamybos procesus ir auk\u0161\u010diausi\u0105 gamini\u0173 kokyb\u0119.<\/p>\n<p><img decoding=\"async\" src=\"https:\/\/www.hydraulic-cylinders.net\/wp-content\/uploads\/2025\/04\/songte-company-4.webp\" alt=\"\u012emon\u0117s ap\u017evalga\"><br \/>\n<img decoding=\"async\" src=\"https:\/\/www.hydraulic-cylinders.net\/wp-content\/uploads\/2025\/04\/songte-company-3.webp\" alt=\"Gamybos procesas\"><\/p>\n<p>M\u016bs\u0173 \u012fsipareigojimas specializacijai, tarptautiniai sertifikatai, pritaikomos paslaugos, pa\u017eangi gamybos \u012franga ir i\u0161skirtinis aptarnavimas po pardavimo u\u017etikrina, kad efektyviai patenkiname \u012fvairius m\u016bs\u0173 klient\u0173 poreikius.<\/p>\n<p>Autorius: lyl<\/p>","protected":false},"excerpt":{"rendered":"<p>Boom Cylinder For Zhenyu Small Excavator ZY330 Introduction to Boom Cylinders The Boom Cylinder is a vital component in the hydraulic system of heavy machinery, specifically designed for controlling the movement of excavator buckets. It plays a crucial role in enabling tasks such as lifting, lowering, and tilting the bucket, facilitating efficient material handling operations. [&hellip;]<\/p>","protected":false},"featured_media":17869,"comment_status":"open","ping_status":"closed","template":"","meta":{"_et_pb_use_builder":"","_et_pb_old_content":"","_et_gb_content_width":""},"product_brand":[],"product_cat":[1546],"product_tag":[1547,1496],"class_list":{"0":"post-19455","1":"product","2":"type-product","3":"status-publish","4":"has-post-thumbnail","6":"product_cat-boom-cylinders","7":"product_tag-boom-cylinders","8":"product_tag-hydraulic-cylinders","10":"first","11":"instock","12":"shipping-taxable","13":"product-type-simple"},"amp_enabled":true,"_links":{"self":[{"href":"https:\/\/www.hydraulic-cylinders.net\/lt\/wp-json\/wp\/v2\/product\/19455","targetHints":{"allow":["GET"]}}],"collection":[{"href":"https:\/\/www.hydraulic-cylinders.net\/lt\/wp-json\/wp\/v2\/product"}],"about":[{"href":"https:\/\/www.hydraulic-cylinders.net\/lt\/wp-json\/wp\/v2\/types\/product"}],"replies":[{"embeddable":true,"href":"https:\/\/www.hydraulic-cylinders.net\/lt\/wp-json\/wp\/v2\/comments?post=19455"}],"wp:featuredmedia":[{"embeddable":true,"href":"https:\/\/www.hydraulic-cylinders.net\/lt\/wp-json\/wp\/v2\/media\/17869"}],"wp:attachment":[{"href":"https:\/\/www.hydraulic-cylinders.net\/lt\/wp-json\/wp\/v2\/media?parent=19455"}],"wp:term":[{"taxonomy":"product_brand","embeddable":true,"href":"https:\/\/www.hydraulic-cylinders.net\/lt\/wp-json\/wp\/v2\/product_brand?post=19455"},{"taxonomy":"product_cat","embeddable":true,"href":"https:\/\/www.hydraulic-cylinders.net\/lt\/wp-json\/wp\/v2\/product_cat?post=19455"},{"taxonomy":"product_tag","embeddable":true,"href":"https:\/\/www.hydraulic-cylinders.net\/lt\/wp-json\/wp\/v2\/product_tag?post=19455"}],"curies":[{"name":"wp","href":"https:\/\/api.w.org\/{rel}","templated":true}]}}