{"id":19456,"date":"2025-04-07T06:48:37","date_gmt":"2025-04-07T06:48:37","guid":{"rendered":"https:\/\/www.hydraulic-cylinders.net\/product\/boom-cylinder-for-zhenyu-small-excavator-zy260\/"},"modified":"2025-04-07T06:48:40","modified_gmt":"2025-04-07T06:48:40","slug":"boom-cylinder-for-zhenyu-small-excavator-zy260","status":"publish","type":"product","link":"https:\/\/www.hydraulic-cylinders.net\/lt\/produktas\/boom-cylinder-for-zhenyu-small-excavator-zy260\/","title":{"rendered":"\u201eZhenyu\u201c ma\u017eo ekskavatoriaus ZY260 str\u0117l\u0117s cilindras"},"content":{"rendered":"<h1>\u201eZhenyu\u201c ma\u017eo ekskavatoriaus ZY260 str\u0117l\u0117s cilindras<\/h1>\n<h2>Str\u0117l\u0117s cilindro ap\u017evalga<\/h2>\n<p>Str\u0117l\u0117s cilindras, dar \u017einomas kaip kau\u0161o cilindras, yra labai svarbus sunkiosios technikos, ypa\u010d ekskavatori\u0173, komponentas. \u0160ie hidrauliniai cilindrai yra specialiai sukurti valdyti kau\u0161o jud\u0117jim\u0105 \u012fvairi\u0173 tip\u0173 sunkiojoje technikoje, pavyzd\u017eiui, ekskavatoriuose, ekskavatoriniuose krautuvams ir frontaliniams krautuvams. Jie leid\u017eia kau\u0161ui kelti, nuleisti ir pakreipti, taip palengvindami efektyv\u0173 med\u017eiag\u0173 tvarkym\u0105. I\u0161 esm\u0117s str\u0117l\u0117s cilindras leid\u017eia tiksliai kasti, kelti ir perkelti med\u017eiagas, tod\u0117l jis yra nepakei\u010diama statybini\u0173 ir \u017eem\u0117s \u016bkio ma\u0161in\u0173 hidraulini\u0173 sistem\u0173 dalis.<\/p>\n<p><img decoding=\"async\" src=\"https:\/\/www.hydraulic-cylinders.net\/wp-content\/uploads\/2025\/04\/songte-company-1.webp\" alt=\"Str\u0117l\u0117s cilindro vaizdas\"><\/p>\n<h2>Str\u0117l\u0117s cilindro savyb\u0117s<\/h2>\n<ul>\n<li>\n<h3>Didelis stiprumas ir ilgaam\u017ei\u0161kumas<\/h3>\n<\/li>\n<p>Paprastai pagaminti i\u0161 didelio stiprumo plieno arba aliuminio, \u0161ie cilindrai gali atlaikyti auk\u0161t\u0105 sl\u0117g\u012f ir dideles apkrovas. Jie sukurti at\u0161iaurioms darbo s\u0105lygoms, pasi\u017eymint atsparumu dilimui ir korozijai, kad pailgint\u0173 j\u0173 tarnavimo laik\u0105.<\/p>\n<li>\n<h3>Efektyvus hidraulinis valdymas<\/h3>\n<\/li>\n<p>Naudodamas hidraulin\u0117s alyvos sl\u0117g\u012f, str\u0117l\u0117s cilindras skland\u017eiai i\u0161tiesia ir atitraukia str\u0117l\u0119. Jis greitai reaguoja \u012f valdymo komandas, u\u017etikrindamas didel\u0119 st\u016bmimo ir traukimo j\u0117g\u0105, tod\u0117l tinka sunkiems daiktams tvarkyti ir sud\u0117tingoms u\u017eduotims atlikti.<\/p>\n<li>\n<h3>\u012evair\u016bs tipai<\/h3>\n<\/li>\n<p>\u0160iuos cilindrus galima pasirinkti pagal konkre\u010dius poreikius, \u012fskaitant vienpusio veikimo (hidraulinis veikimas viena kryptimi) ir dvipusio veikimo (hidraulinis veikimas abiem kryptimis) tipus. Kai kurie modeliai yra teleskopiniai, tod\u0117l juos galima labiau prailginti nedidinant i\u0161orini\u0173 matmen\u0173, tod\u0117l jie idealiai tinka naudoti ribotoje erdv\u0117je.<\/p>\n<li>\n<h3>Individuali gamyba<\/h3>\n<\/li>\n<p>Specializuojam\u0117s str\u0117l\u0117s cilindr\u0173, kurie puikiai pakei\u010dia esamus hidraulinius cilindrus, gamyboje. M\u016bs\u0173 individual\u016bs sprendimai u\u017etikrina suderinamum\u0105 su \u012fvairiais technikos modeliais.<\/p>\n<li>\n<h3>Kokyb\u0117s u\u017etikrinimas<\/h3>\n<\/li>\n<p>M\u016bs\u0173 gaminiai yra grie\u017etai testuojami, kad atitikt\u0173 auk\u0161tus kokyb\u0117s standartus, u\u017etikrinant patikimum\u0105 ir na\u0161um\u0105 sud\u0117tingomis s\u0105lygomis.<\/p>\n<\/ul>\n<p><img decoding=\"async\" src=\"https:\/\/www.hydraulic-cylinders.net\/wp-content\/uploads\/2025\/04\/songte-cylinder-head-with-all-kinds-excavator-models.webp\" alt=\"Ekskavatori\u0173 modeli\u0173 suderinamumas\"><\/p>\n<h2>Str\u0117l\u0117s cilindro pritaikymas<\/h2>\n<h3>Statybin\u0117 \u012franga<\/h3>\n<p>Ekskavatoriuose str\u0117l\u0117s cilindrai yra gyvybi\u0161kai svarb\u016bs kasant, kraunant ir perkeliant \u017eem\u0119 ar \u0161iuk\u0161les. Jie u\u017etikrina tikslum\u0105 kasimo procese, leisdami operatoriams efektyviai valdyti didelius med\u017eiag\u0173 kiekius. Ekskavatoriuose-krautuvuose str\u0117l\u0117s cilindras padeda ne tik kasti, bet ir kelti, taip padidindamas bendr\u0105 na\u0161um\u0105 darbo vietose.<\/p>\n<h3>\u017dem\u0117s \u016bkio technika<\/h3>\n<p>Priekiniai krautuvai naudoja str\u0117l\u0117s cilindrus dirvo\u017eemiui, \u0161ienui ir kitoms med\u017eiagoms semti, kelti ir transportuoti. \u0160ie cilindrai padidina \u017eem\u0117s \u016bkio technikos universalum\u0105 ir funkcionalum\u0105, tod\u0117l \u016bkininkavimo darbai tampa efektyvesni ir veiksmingesni.<\/p>\n<h3>Ekskavatoriai<\/h3>\n<p>Ekskavatoriuose str\u0117l\u0117s cilindrai palengvina kasimo veiksmus, leisdami kau\u0161ui efektyviai \u012fsiskverbti \u012f dirv\u0105. \u0160i galimyb\u0117 yra labai svarbi atliekant tokias u\u017eduotis kaip tran\u0161\u0117j\u0173 kasimas, lyginimas ir aik\u0161tel\u0117s paruo\u0161imas, prisidedant prie bendro statybos projekt\u0173 na\u0161umo.<\/p>\n<h3>Krautuvai<\/h3>\n<p>Priekiniuose krautuvuose str\u0117l\u0117s cilindrai atlieka labai svarb\u0173 vaidmen\u012f efektyviai keliant ir i\u0161ver\u010diant krovinius. \u0160i\u0173 cilindr\u0173 tiekiama hidraulin\u0117 galia leid\u017eia operatoriams greitai ir efektyviai tvarkyti med\u017eiagas, tod\u0117l krautuvai yra nepakei\u010diami med\u017eiag\u0173 tvarkymo darbuose.<\/p>\n<h2>Projektavimo aspektai ir atrankos kriterijai<\/h2>\n<h3>Keliamoji galia<\/h3>\n<p>Renkantis str\u0117l\u0117s cilindr\u0105, labai svarbu atsi\u017evelgti \u012f keliam\u0105j\u0105 gali\u0105. Tinkamo dyd\u017eio cilindras gali atlaikyti numatomas apkrovas nerizikuodamas sugesti. Pervertinus keliam\u0105j\u0105 gali\u0105, galima sugadinti \u012frang\u0105, o nepakankamai \u012fvertinus \u2013 kilti pavojus saugai. Labai svarbu tinkamai \u012fvertinti did\u017eiausias apkrovas ir taikymo reikalavimus.<\/p>\n<h3>Sandarumo vientisumas<\/h3>\n<p>Sandarinimas yra dar vienas labai svarbus str\u0117l\u0117s cilindro konstrukcijos veiksnys. Auk\u0161tos kokyb\u0117s sandarikliai apsaugo nuo hidraulinio skys\u010dio nuot\u0117kio ir palaiko sl\u0117g\u012f, u\u017etikrindami efektyv\u0173 veikim\u0105. Sandarinimo med\u017eiag\u0173, toki\u0173 kaip poliuretanas arba nitrilo kau\u010diukas, pasirinkimas gali smarkiai paveikti cilindro veikim\u0105 ir ilgaam\u017ei\u0161kum\u0105. Veiksmingi sandarinimo mechanizmai yra gyvybi\u0161kai svarb\u016bs norint pailginti hidraulini\u0173 sistem\u0173 tarnavimo laik\u0105 ir patikimum\u0105.<\/p>\n<h3>Patvarumas<\/h3>\n<p>Str\u0117l\u0117s cilindrams ilgaam\u017ei\u0161kumas yra nepaprastai svarbus, ypa\u010d esant at\u0161iaurioms eksploatavimo s\u0105lygoms. Tokie veiksniai kaip med\u017eiag\u0173 pasirinkimas, apsaugin\u0117s dangos ir konstrukcijos ypatyb\u0117s prisideda prie cilindro atsparumo dilimui, korozijai ir nuovargiui. Tvirtos konstrukcijos ir kokybi\u0161k\u0173 gamybos proces\u0173 u\u017etikrinimas pagerina cilindro na\u0161um\u0105 ir ilgaam\u017ei\u0161kum\u0105.<\/p>\n<h3>Saugos funkcijos<\/h3>\n<p>Renkantis str\u0117l\u0117s cilindr\u0105, nereik\u0117t\u0173 pamir\u0161ti saugos funkcij\u0173. Tokie konstrukciniai elementai kaip sl\u0117gio ma\u017einimo vo\u017etuvai ir saugos u\u017eraktai gali pad\u0117ti i\u0161vengti nelaiming\u0173 atsitikim\u0173 ir \u012frangos sugadinimo. Saugos taisykli\u0173 laikymasis yra b\u016btinas siekiant apsaugoti operatorius ir \u012frang\u0105 eksploatacijos metu.<\/p>\n<h3>Prie\u017ei\u016bra ir remonto galimyb\u0117s<\/h3>\n<p>Projektavimo etape labai svarbu atsi\u017evelgti \u012f prie\u017ei\u016bros ir remonto paprastum\u0105. Funkcijos, kurios palengvina ap\u017ei\u016br\u0105, tepim\u0105 ir sandarikli\u0173 keitim\u0105, gali gerokai pailginti cilindro tarnavimo cikl\u0105. Gerai suprojektuotas hidraulinis cilindras tur\u0117t\u0173 u\u017etikrinti paprastas prie\u017ei\u016bros proced\u016bras, suma\u017einti prastovas ir remonto i\u0161laidas.<\/p>\n<p><img decoding=\"async\" src=\"https:\/\/www.hydraulic-cylinders.net\/wp-content\/uploads\/2025\/04\/songte-oil-pipes-and-spare-parts.webp\" alt=\"Hidraulini\u0173 cilindr\u0173 dalys\"><\/p>\n<h2>Str\u0117l\u0117s cilindro sandarinimas ir tepimas<\/h2>\n<p>Tinkamas sandarinimas ir tepimas yra gyvybi\u0161kai svarb\u016bs efektyviam str\u0117l\u0117s cilindr\u0173 veikimui. \u012evair\u016bs sandarinimo komponentai, \u012fskaitant st\u016bmokli\u0173 ir stryp\u0173 sandariklius, yra labai svarb\u016bs palaikant hidraulin\u012f sl\u0117g\u012f ir i\u0161vengiant nuot\u0117ki\u0173. D\u0117v\u0117jimuisi atspari\u0173 med\u017eiag\u0173, toki\u0173 kaip poliuretanas ir nitrilo kau\u010diukas, pasirinkimas pagerina sandarinimo savybes ir ilgaam\u017ei\u0161kum\u0105.<\/p>\n<p>Cilindro korpusas ir srieginiai galai turi b\u016bti kruop\u0161\u010diai apdirbti, kad b\u016bt\u0173 padidintas atsparumas dilimui ir ilgesn\u0117 j\u0173 eksploatavimo trukm\u0117. Reguliarus tepimas hidrauline alyva yra b\u016btinas norint i\u0161laikyti optimal\u0173 na\u0161um\u0105, tod\u0117l reikia periodi\u0161kai tikrinti, ar alyvos lygis ir kokyb\u0117 yra pakankami.<\/p>\n<h2>Prevencin\u0117s prie\u017ei\u016bros priemon\u0117s<\/h2>\n<ul>\n<li>\n<h3>Reguliar\u016bs patikrinimai<\/h3>\n<\/li>\n<p>Reguliar\u016bs patikrinimai yra b\u016btini norint anksti nustatyti galimas problemas. Operatoriai tur\u0117t\u0173 patikrinti, ar n\u0117ra susid\u0117v\u0117jimo po\u017eymi\u0173, nuot\u0117ki\u0173 ir ar tinkamai sulygiuoti ratai. Planiniai patikrinimai gali pad\u0117ti i\u0161vengti brangaus remonto ir prastov\u0173.<\/p>\n<li>\n<h3>Tinkamas tepimas<\/h3>\n<\/li>\n<p>Nuolatinis tepimas yra labai svarbus norint suma\u017einti judan\u010di\u0173 dali\u0173 trint\u012f ir nusid\u0117v\u0117jim\u0105. Operatoriai tur\u0117t\u0173 laikytis gamintojo rekomendacij\u0173 d\u0117l tepimo interval\u0173 ir tip\u0173, kad u\u017etikrint\u0173 skland\u0173 veikim\u0105.<\/p>\n<li>\n<h3>Sandariklio keitimas<\/h3>\n<\/li>\n<p>Tarpikliai turi b\u016bti reguliariai tikrinami ir prireikus kei\u010diami, kad b\u016bt\u0173 i\u0161laikytas hidraulinis vientisumas. Susid\u0117v\u0117j\u0119 arba pa\u017eeisti tarpikliai gali sukelti nuot\u0117kius, kurie turi \u012ftakos veikimui ir saugai.<\/p>\n<\/ul>\n<h2>Str\u0117l\u0117s cilindro montavimo gair\u0117s<\/h2>\n<p>Teisingas montavimas yra labai svarbus str\u0117l\u0117s cilindro veikimui ir ilgaam\u017ei\u0161kumui. Pirmiausia \u012fsitikinkite, kad montavimo vieta yra \u0161vari ir be \u0161iuk\u0161li\u0173. Cilindrui pritvirtinti naudokite tinkamus tvirtinimo laikiklius, u\u017etikrindami, kad jis b\u016bt\u0173 tinkamai sulygiuotas, kad i\u0161vengtum\u0117te hidraulini\u0173 komponent\u0173 \u012ftempimo.<\/p>\n<p>Laikykit\u0117s gamintojo nurodym\u0173 d\u0117l var\u017et\u0173 ir kit\u0173 tvirtinimo komponent\u0173 sukimo moment\u0173 nustatym\u0173. \u012edieg\u0119 patikrinkite, ar hidraulin\u0117je sistemoje n\u0117ra nuot\u0117ki\u0173, ir \u012fsitikinkite, kad cilindras skland\u017eiai veikia visu savo judesio diapazonu. Reguliariai tikrinkite cilindro lygiavim\u0105 ir b\u016bkl\u0119 per vis\u0105 jo eksploatavimo laik\u0105, kad i\u0161vengtum\u0117te prie\u0161laikinio susid\u0117v\u0117jimo.<\/p>\n<h2>\u012eprastos prie\u017ei\u016bros u\u017eduotys<\/h2>\n<ul>\n<li>\n<h3>Reguliar\u016bs patikrinimai<\/h3>\n<\/li>\n<p>Reguliariai tikrinti str\u0117l\u0117s cilindr\u0105 yra labai svarbu norint i\u0161laikyti optimal\u0173 na\u0161um\u0105. Operatoriai tur\u0117t\u0173 patikrinti, ar n\u0117ra matom\u0173 pa\u017eeidim\u0173, nuot\u0117ki\u0173 ar kit\u0173 veikimo sutrikim\u0173. Reguliarus \u0161i\u0173 patikrinim\u0173 grafikas padeda nustatyti galimas problemas, kol jos nepa\u016bm\u0117jo.<\/p>\n<li>\n<h3>Tinkamas tepimas<\/h3>\n<\/li>\n<p>Tinkamas tepimas yra labai svarbus norint u\u017etikrinti efektyv\u0173 cilindro veikim\u0105. Naudokite rekomenduojam\u0105 hidraulin\u0119 alyv\u0105 ir laikykit\u0117s nurodyt\u0173 tepimo interval\u0173, kad suma\u017eintum\u0117te susid\u0117v\u0117jim\u0105. \u012esitikinkite, kad visos judan\u010dios dalys yra tinkamai suteptos, kad pailgintum\u0117te cilindro tarnavimo laik\u0105.<\/p>\n<li>\n<h3>Sandariklio keitimas ir kalibravimas<\/h3>\n<\/li>\n<p>Reguliarus sandarikli\u0173 keitimas yra b\u016btinas siekiant i\u0161vengti hidraulinio skys\u010dio nuot\u0117kio. Operatoriai taip pat tur\u0117t\u0173 atlikti kalibravimo patikrinimus, kad u\u017etikrint\u0173, jog cilindras veikia pagal nurodytus parametrus. Tiksl\u016bs technin\u0117s prie\u017ei\u016bros darb\u0173 \u012fra\u0161ai gali padidinti veiklos efektyvum\u0105 ir saug\u0105.<\/p>\n<\/ul>\n<p><img decoding=\"async\" src=\"https:\/\/www.hydraulic-cylinders.net\/wp-content\/uploads\/2025\/04\/songte-chushion-collar.webp\" alt=\"Pagalv\u0117l\u0117s apykakl\u0117\"><\/p>\n<h2>Saugos aspektai ir aplinkos veiksniai<\/h2>\n<p>Saugos priemon\u0117s yra nepaprastai svarbios eksploatuojant \u012frang\u0105 su str\u0117l\u0117s cilindrais. Operatoriai privalo laikytis saugos gairi\u0173, kad suma\u017eint\u0173 su hidraulin\u0117mis sistemomis susijusi\u0105 rizik\u0105. Tinkamas mokymas ir galim\u0173 pavoj\u0173 \u017einojimas gali \u017eymiai suma\u017einti nelaiming\u0173 atsitikim\u0173 tikimyb\u0119. Be to, naudojant aplinkai nekenksmingus hidraulinius skys\u010dius galima suma\u017einti poveik\u012f aplinkai, skatinti tvarum\u0105 ir atitikt\u012f reglamentams.<\/p>\n<h2>Gedim\u0173 diagnostika ir da\u017eniausios problemos<\/h2>\n<ul>\n<li>\n<h3>Nuot\u0117kis<\/h3>\n<\/li>\n<p>Nuot\u0117kis yra da\u017ena problema, kuri gali kilti d\u0117l susid\u0117v\u0117jusi\u0173 sandarikli\u0173 arba pa\u017eeist\u0173 komponent\u0173. Reguliariai tikrinkite sandariklius ir prireikus juos keiskite, kad i\u0161laikytum\u0117te hidraulin\u012f vientisum\u0105.<\/p>\n<li>\n<h3>Suma\u017eintas na\u0161umas<\/h3>\n<\/li>\n<p>Jei str\u0117l\u0117s cilindro veikimas suma\u017e\u0117ja, tai gali b\u016bti d\u0117l \u017eemo hidraulinio skys\u010dio lygio arba oro sistemoje. Patikrinkite skys\u010dio lyg\u012f ir, jei reikia, i\u0161leiskite i\u0161 sistemos or\u0105.<\/p>\n<li>\n<h3>Nesuderinimas<\/h3>\n<\/li>\n<p>Neteisingas i\u0161lyginimas gali sukelti netolyg\u0173 nusid\u0117v\u0117jim\u0105 ir galim\u0105 gedim\u0105. Montavimo metu u\u017etikrinkite tinkam\u0105 i\u0161lyginim\u0105 ir reguliariai tikrinkite i\u0161lyginim\u0105 eksploatacijos metu.<\/p>\n<\/ul>\n<h2>Trik\u010di\u0173 \u0161alinimo patarimai<\/h2>\n<p>Nor\u0117dami veiksmingai diagnozuoti ir i\u0161spr\u0119sti str\u0117l\u0117s cilindro problemas, operatoriai tur\u0117t\u0173 prad\u0117ti nuo bet koki\u0173 netaisyklingo veikimo po\u017eymi\u0173 steb\u0117jimo. Reguliarios ap\u017ei\u016bros gali pad\u0117ti anksti nustatyti nuot\u0117kius ar na\u0161umo suma\u017e\u0117jim\u0105. \u012egyvendinkite prevencines prie\u017ei\u016bros priemones, kad suma\u017eintum\u0117te rizik\u0105 ir palaikytum\u0117te optimal\u0173 veikim\u0105. Prie\u017ei\u016bros veiksm\u0173 ir problem\u0173 \u017eurnalas gali pad\u0117ti ateityje \u0161alinti triktis.<\/p>\n<p><img decoding=\"async\" src=\"https:\/\/www.hydraulic-cylinders.net\/wp-content\/uploads\/2025\/04\/songte-bushings-with-all-kinds-of-excavator-models.webp\" alt=\"\u012evor\u0117 ekskavatoriaus modeliams\"><\/p>\n<h2>Apie m\u016bs\u0173 \u012fmon\u0119<\/h2>\n<p>Esame pirmaujantis pakaitini\u0173 hidraulini\u0173 cilindr\u0173 gamintojas, si\u016blantis plat\u0173 gamini\u0173 asortiment\u0105. M\u016bs\u0173 \u012fsipareigojimas siekti meistri\u0161kumo pavert\u0117 mus vienais i\u0161 pirmaujan\u010di\u0173 hidraulini\u0173 cilindr\u0173 gamintoj\u0173 ir didmeninink\u0173 tiek vidaus, tiek tarptautin\u0117se rinkose. Laikom\u0117s grie\u017et\u0173 kokyb\u0117s standart\u0173, pasitelkdami modern\u0173 gamybos cech\u0105 ir pa\u017eangiausias gamybos valdymo strategijas.<\/p>\n<p>M\u016bs\u0173 \u012fmon\u0117 nuolat tobulina gamybos paj\u0117gumus, pasitelkdama kvalifikuotus darbuotojus, pa\u017eangi\u0105 skaitmenin\u0119 gamybos \u012frang\u0105 ir profesionalias testavimo sistemas. Siekdami patenkinti \u012fvairius klient\u0173 poreikius, teikiame pirmenyb\u0119 auk\u0161tam efektyvumui, tikslumui ir kokybei.<\/p>\n<h2>I\u0161vada<\/h2>\n<p>M\u016bs\u0173 atsidavimas profesionalumui, tarptautinis sertifikavimas ir individualus aptarnavimas kartu su moderniausia gamybos \u012franga ir puikiu aptarnavimu po pardavimo u\u017etikrina, kad mes patenkiname ir vir\u0161ijame klient\u0173 l\u016bkes\u010dius.<\/p>\n<p><img decoding=\"async\" src=\"https:\/\/www.hydraulic-cylinders.net\/wp-content\/uploads\/2025\/04\/songte-company-4.webp\" alt=\"\u012emon\u0117s paveiksl\u0117lis 1\"><br \/>\n<img decoding=\"async\" src=\"https:\/\/www.hydraulic-cylinders.net\/wp-content\/uploads\/2025\/04\/songte-company-3.webp\" alt=\"\u012emon\u0117s paveiksl\u0117lis 2\"><\/p>\n<p>Autorius: lyl<\/p>","protected":false},"excerpt":{"rendered":"<p>Boom Cylinder For Zhenyu Small Excavator ZY260 Overview of the Boom Cylinder The boom cylinder, also known as the bucket cylinder, is a crucial component in heavy machinery, particularly in excavators. These hydraulic cylinders are specifically designed to control the movement of the bucket in various types of heavy equipment such as excavators, backhoe loaders, [&hellip;]<\/p>","protected":false},"featured_media":17870,"comment_status":"open","ping_status":"closed","template":"","meta":{"_et_pb_use_builder":"","_et_pb_old_content":"","_et_gb_content_width":""},"product_brand":[],"product_cat":[1546],"product_tag":[1547,1496],"class_list":{"0":"post-19456","1":"product","2":"type-product","3":"status-publish","4":"has-post-thumbnail","6":"product_cat-boom-cylinders","7":"product_tag-boom-cylinders","8":"product_tag-hydraulic-cylinders","10":"first","11":"instock","12":"shipping-taxable","13":"product-type-simple"},"amp_enabled":true,"_links":{"self":[{"href":"https:\/\/www.hydraulic-cylinders.net\/lt\/wp-json\/wp\/v2\/product\/19456","targetHints":{"allow":["GET"]}}],"collection":[{"href":"https:\/\/www.hydraulic-cylinders.net\/lt\/wp-json\/wp\/v2\/product"}],"about":[{"href":"https:\/\/www.hydraulic-cylinders.net\/lt\/wp-json\/wp\/v2\/types\/product"}],"replies":[{"embeddable":true,"href":"https:\/\/www.hydraulic-cylinders.net\/lt\/wp-json\/wp\/v2\/comments?post=19456"}],"wp:featuredmedia":[{"embeddable":true,"href":"https:\/\/www.hydraulic-cylinders.net\/lt\/wp-json\/wp\/v2\/media\/17870"}],"wp:attachment":[{"href":"https:\/\/www.hydraulic-cylinders.net\/lt\/wp-json\/wp\/v2\/media?parent=19456"}],"wp:term":[{"taxonomy":"product_brand","embeddable":true,"href":"https:\/\/www.hydraulic-cylinders.net\/lt\/wp-json\/wp\/v2\/product_brand?post=19456"},{"taxonomy":"product_cat","embeddable":true,"href":"https:\/\/www.hydraulic-cylinders.net\/lt\/wp-json\/wp\/v2\/product_cat?post=19456"},{"taxonomy":"product_tag","embeddable":true,"href":"https:\/\/www.hydraulic-cylinders.net\/lt\/wp-json\/wp\/v2\/product_tag?post=19456"}],"curies":[{"name":"wp","href":"https:\/\/api.w.org\/{rel}","templated":true}]}}