{"id":19457,"date":"2025-04-07T06:48:40","date_gmt":"2025-04-07T06:48:40","guid":{"rendered":"https:\/\/www.hydraulic-cylinders.net\/product\/boom-cylinder-for-world-small-excavator-w218\/"},"modified":"2025-04-07T06:48:42","modified_gmt":"2025-04-07T06:48:42","slug":"boom-cylinder-for-world-small-excavator-w218","status":"publish","type":"product","link":"https:\/\/www.hydraulic-cylinders.net\/lt\/produktas\/boom-cylinder-for-world-small-excavator-w218\/","title":{"rendered":"Str\u0117l\u0117s cilindras, skirtas ma\u017eam ekskavatoriui pasaulyje W218"},"content":{"rendered":"<h1>Str\u0117l\u0117s cilindras, skirtas ma\u017eam ekskavatoriui pasaulyje W218<\/h1>\n<h2>Produkto ap\u017evalga<\/h2>\n<p>\u201eWorld Small Excavator W218\u201c str\u0117l\u0117s cilindras yra specializuotas hidraulinis cilindras, skirtas valdyti kau\u0161o jud\u0117jim\u0105 \u012fvairiose sunkiosios technikos srityse, \u012fskaitant ekskavatorius, ekskavatorinius krautuvus ir frontalinius krautuvus. \u0160is hidraulinis cilindras leid\u017eia kau\u0161\u0105 pakelti, nuleisti ir pakreipti, taip palengvindamas efektyv\u0173 med\u017eiag\u0173 tvarkym\u0105. Kau\u0161o cilindras atlieka labai svarb\u0173 vaidmen\u012f statybin\u0117s \u012frangos hidraulin\u0117se sistemose, u\u017etikrindamas tiksl\u0173 darb\u0105 kasant, kraunant ir transportuojant med\u017eiagas.<\/p>\n<p><img decoding=\"async\" src=\"https:\/\/www.hydraulic-cylinders.net\/wp-content\/uploads\/2025\/04\/songte-company-1.webp\" alt=\"Ekskavatoriaus str\u0117l\u0117s cilindras\" \/><\/p>\n<h3>Apibr\u0117\u017eimas ir funkcionalumas<\/h3>\n<p>Kau\u0161o cilindras yra hidraulinio cilindro tipas, kuris naudoja hidraulin\u012f skyst\u012f tiesiniam jud\u0117jimui sukurti. Jis veikia esant sl\u0117giui, tod\u0117l sunkiosios technikos gali atlikti u\u017eduotis su didele j\u0117ga ir tikslumu. \u0160io cilindro konstrukcija atsi\u017evelgia \u012f tokius veiksnius kaip stiprumas, ilgaam\u017ei\u0161kumas ir atsparumas korozijai, tod\u0117l jis tinka at\u0161iaurioms darbo s\u0105lygoms. \u0160ie cilindrai yra b\u016btini statybos ir \u017eem\u0117s \u016bkio ma\u0161in\u0173 srityje, nes leid\u017eia operatoriams skland\u017eiai ir efektyviai atlikti \u012fvairias u\u017eduotis.<\/p>\n<h2>Str\u0117l\u0117s cilindro savyb\u0117s<\/h2>\n<ul>\n<li><strong>Didelis stiprumas ir ilgaam\u017ei\u0161kumas:<\/strong> Paprastai pagaminti i\u0161 didelio stiprumo plieno arba aliuminio, \u0161ie cilindrai gali atlaikyti auk\u0161t\u0105 sl\u0117g\u012f ir dideles apkrovas, tod\u0117l tinkami at\u0161iaurioms darbo s\u0105lygoms.<\/li>\n<li><strong>Efektyvus hidraulinis valdymas:<\/strong> Hidraulin\u0117s alyvos sl\u0117gio naudojimas leid\u017eia skland\u017eiai i\u0161skleisti ir atitraukti, greitai reaguoti \u012f valdymo komandas ir u\u017etikrinti stipri\u0105 st\u016bmimo bei traukimo j\u0117g\u0105.<\/li>\n<li><strong>\u012evair\u016bs tipai:<\/strong> Galima rinktis vienpusio veikimo (veikian\u010dius viena kryptimi) arba dvipusio veikimo (veikian\u010dius abiem kryptimis) konfig\u016bracijas, pritaikytas skirtingiems eksploatavimo poreikiams. Kai kurie modeliai pasi\u017eymi teleskopine konstrukcija, kad b\u016bt\u0173 galima labiau prailginti nepadidinant i\u0161orini\u0173 matmen\u0173.<\/li>\n<li><strong>Atsparumas korozijai:<\/strong> Sukurtas i\u0161 med\u017eiag\u0173, kurios atsparios dilimui ir korozijai, prailgindamos hidraulinio cilindro tarnavimo laik\u0105 ir patikimum\u0105 net ir nepalankiomis s\u0105lygomis.<\/li>\n<li><strong>Pritaikomos parinktys:<\/strong> M\u016bs\u0173 cilindrus galima pritaikyti \u012fvairiems ekskavatori\u0173 modeliams, u\u017etikrinant, kad jie atitikt\u0173 konkre\u010dius eksploatavimo reikalavimus.<\/li>\n<\/ul>\n<p><img decoding=\"async\" src=\"https:\/\/www.hydraulic-cylinders.net\/wp-content\/uploads\/2025\/04\/songte-cylinder-head-with-all-kinds-excavator-models.webp\" alt=\"Ekskavatoriaus cilindro galvut\u0117\" \/><\/p>\n<h2>Str\u0117l\u0117s cilindro pritaikymas<\/h2>\n<h3>Statybin\u0117 \u012franga<\/h3>\n<p>Ekskavatoriuose str\u0117l\u0117s cilindrai yra labai svarb\u016bs kasant, kraunant ir perkeliant \u017eem\u0119 ar \u0161iuk\u0161les. Jie leid\u017eia operatoriui valdyti kau\u0161o gyl\u012f ir kamp\u0105, taip pagerindami efektyvum\u0105 ir tikslum\u0105 atliekant kasimo darbus. J\u0173 patikimas veikimas padeda suma\u017einti eksploatavimo prastovas, tod\u0117l jie yra gyvybi\u0161kai svarbus komponentas statybviet\u0117se.<\/p>\n<h3>\u017dem\u0117s \u016bkio technika<\/h3>\n<p>Priekiniuose krautuvuose str\u0117l\u0117s cilindrai palengvina dirvo\u017eemio, \u0161ieno ir kit\u0173 med\u017eiag\u0173 k\u0117lim\u0105, k\u0117lim\u0105 ir transportavim\u0105. J\u0173 geb\u0117jimas greitai susidoroti su sunkiais kroviniais padidina na\u0161um\u0105 \u016bkiuose, leid\u017eia efektyviai valdyti \u017eem\u0119 ir nuimti derli\u0173. \u0160is universalumas daro juos nepakei\u010diamais \u017eem\u0117s \u016bkio sektoriuje.<\/p>\n<h3>Ekskavatoriai<\/h3>\n<p>Ekskavatoriuose str\u0117l\u0117s cilindras leid\u017eia kau\u0161ui efektyviai \u012fsiskverbti \u012f dirv\u0105, tod\u0117l galima atlikti galingus kasimo veiksmus. Suteikdami reikiam\u0105 j\u0117g\u0105 pralau\u017eti kiet\u0105 reljef\u0105, \u0161ie cilindrai optimizuoja kasimo proces\u0105, tod\u0117l projektai u\u017ebaigiami grei\u010diau ir suma\u017e\u0117ja darbo s\u0105naudos.<\/p>\n<h3>Krautuvai<\/h3>\n<p>Priekiniuose krautuvuose str\u0117l\u0117s cilindrai padeda efektyviai kelti ir i\u0161versti krovinius. J\u0173 konstrukcija u\u017etikrina, kad operatoriai gal\u0117t\u0173 lengvai tvarkyti \u012fvairias med\u017eiagas \u2013 nuo \u200b\u200bbirios \u017eem\u0117s iki sunki\u0173 pale\u010di\u0173. \u0160i galimyb\u0117 pagerina krautuvo funkcionalum\u0105 \u012fvairiose srityse, u\u017etikrindama maksimal\u0173 darbo lankstum\u0105.<\/p>\n<h2>Projektavimo aspektai ir atrankos kriterijai<\/h2>\n<h3>Keliamoji galia<\/h3>\n<p>Renkantis str\u0117l\u0117s cilindr\u0105, labai svarbu suprasti keliam\u0105j\u0105 gali\u0105. Cilindras turi b\u016bti suprojektuotas taip, kad atlaikyt\u0173 maksimali\u0105 apkrov\u0105, numatom\u0105 eksploatacijos metu. Tai rei\u0161kia, kad reikia atsi\u017evelgti \u012f tokius veiksnius kaip perkeliam\u0173 med\u017eiag\u0173 svoris ir konkret\u016bs mechanizm\u0173 reikalavimai. Tinkamai \u012fvertintas cilindras u\u017etikrins saugum\u0105 ir efektyvum\u0105, u\u017ekirsdamas keli\u0105 prie\u0161laikiniam gedimui ar avarijoms.<\/p>\n<h3>Sandarumas ir ilgaam\u017ei\u0161kumas<\/h3>\n<p>Efektyvus sandarinimas yra labai svarbus hidrauliniuose cilindruose, siekiant i\u0161vengti nuot\u0117ki\u0173 ir palaikyti sl\u0117g\u012f. Auk\u0161tos kokyb\u0117s sandarikliai, pagaminti i\u0161 toki\u0173 med\u017eiag\u0173 kaip poliuretanas ir nitrilo kau\u010diukas, yra b\u016btini ilgaam\u017ei\u0161kumui ir na\u0161umui. Konstrukcija taip pat turi b\u016bti tokia, kad sandariklius b\u016bt\u0173 lengva pakeisti, nes reguliari prie\u017ei\u016bra yra labai svarbi ilgalaikiam veikimui.<\/p>\n<h3>Saugos funkcijos<\/h3>\n<p>Sauga visada tur\u0117t\u0173 b\u016bti prioritetas projektuojant hidraulinius cilindrus. \u012etraukus tokias funkcijas kaip sl\u0117gio ma\u017einimo vo\u017etuvai ir apsaugos nuo perkrovos mechanizmai, galima i\u0161vengti katastrofi\u0161k\u0173 gedim\u0173. U\u017etikrinus, kad \u0161ios saugos funkcijos b\u016bt\u0173 integruotos \u012f cilindro konstrukcij\u0105, bus apsaugoti operatoriai ir \u012franga eksploatacijos metu.<\/p>\n<p><img decoding=\"async\" src=\"https:\/\/www.hydraulic-cylinders.net\/wp-content\/uploads\/2025\/04\/songte-oil-pipes-and-spare-parts.webp\" alt=\"Hidraulini\u0173 cilindr\u0173 dalys\" \/><\/p>\n<h2>Sandarinimas ir tepimas<\/h2>\n<p>Efektyvus sandarinimas ir tepimas yra nepaprastai svarb\u016bs str\u0117l\u0117s cilindr\u0173 veikimui. \u012evairi\u0173 sandarinimo komponent\u0173, toki\u0173 kaip st\u016bmokli\u0173 ir stryp\u0173 sandarikliai, naudojimas u\u017etikrina, kad hidraulinis skystis likt\u0173 cilindre, ir i\u0161vengiama nuot\u0117ki\u0173, kurie gal\u0117t\u0173 pakenkti veikimui. Sandarikliai, pagaminti i\u0161 patvari\u0173 med\u017eiag\u0173, toki\u0173 kaip poliuretanas ir nitrilo kau\u010diukas, yra atspar\u016bs dilimui ir aplinkos veiksniams.<\/p>\n<p>Be to, cilindro korpusas ir srieginiai galiniai pavir\u0161iai yra kruop\u0161\u010diai apdorojami, siekiant padidinti atsparum\u0105 dilimui. Norint u\u017etikrinti skland\u0173 veikim\u0105, suma\u017einti trint\u012f ir pailginti cilindro tarnavimo laik\u0105, reikia reguliariai tepti tinkama hidrauline alyva. Operatoriai tur\u0117t\u0173 steb\u0117ti alyvos lyg\u012f ir prireikus j\u0105 papildyti, kad i\u0161vengt\u0173 eksploatacini\u0173 problem\u0173.<\/p>\n<h2>Prevencin\u0117s prie\u017ei\u016bros priemon\u0117s<\/h2>\n<ul>\n<li><strong>Reguliar\u016bs patikrinimai:<\/strong> Reguliariai atliekant hidraulin\u0117s sistemos patikras, galima nustatyti susid\u0117v\u0117jim\u0105 ir galimas problemas, kol jos nepadid\u0117jo. Ie\u0161kokite nuot\u0117ki\u0173, pa\u017eeist\u0173 sandarikli\u0173 ir cilindro korpuso susid\u0117v\u0117jimo po\u017eymi\u0173.<\/li>\n<li><strong>Tinkamas tepimas:<\/strong> Labai svarbu u\u017etikrinti tinkam\u0105 hidraulin\u0117s alyvos lyg\u012f ir tinkamo tipo. Reguliariai tikrinkite, ar alyva neu\u017eter\u0161ta, ir keiskite j\u0105 pagal gamintojo rekomendacijas.<\/li>\n<li><strong>Sandariklio keitimas:<\/strong> Steb\u0117kite tarpiklius, ar n\u0117ra nusid\u0117v\u0117jimo po\u017eymi\u0173. Reguliarus tarpikli\u0173 keitimas gali pad\u0117ti i\u0161vengti nuot\u0117ki\u0173 ir u\u017etikrinti pastov\u0173 veikim\u0105. Svarbu tur\u0117ti po ranka pakaitinius tarpiklius, kad b\u016bt\u0173 galima greitai juos suremontuoti.<\/li>\n<\/ul>\n<h2>\u012erengimo gair\u0117s<\/h2>\n<p>Tinkamas str\u0117l\u0117s cilindro montavimas yra b\u016btinas optimaliam na\u0161umui ir ilgaam\u017ei\u0161kumui u\u017etikrinti. Pirmiausia \u012fsitikinkite, kad darbo vieta yra \u0161vari ir yra visi reikalingi \u012frankiai. Tiksliai sulygiuokite cilindr\u0105 su tvirtinimo laikikliais, kad i\u0161vengtum\u0117te per didelio \u012ftempimo eksploatavimo metu. Rekomenduojama naudoti tinkamus tvirtinimo laikiklius, kad cilindras b\u016bt\u0173 pritvirtintas vietoje.<\/p>\n<p>Montavimo metu \u012fsitikinkite, kad visos hidraulin\u0117s jungtys yra sandarios ir be nuot\u0117ki\u0173. Patikrinkite, ar hidraulin\u0117je sistemoje n\u0117ra kli\u016b\u010di\u0173, kurios gal\u0117t\u0173 trukdyti srautui. \u012erengus, atlikite bandom\u0105j\u012f veikim\u0105, kad \u012fsitikintum\u0117te, jog cilindras skland\u017eiai i\u0161traukiamas ir susitraukia, be joki\u0173 ne\u012fprast\u0173 gars\u0173 ar pasiprie\u0161inimo.<\/p>\n<h2>\u012eprastos prie\u017ei\u016bros u\u017eduotys<\/h2>\n<h3>Reguliar\u016bs patikrinimai<\/h3>\n<p>Reguliarios str\u0117l\u0117s cilindro ap\u017ei\u016bros yra labai svarbios siekiant u\u017etikrinti, kad visi komponentai veikt\u0173 tinkamai. Ie\u0161kokite susid\u0117v\u0117jimo po\u017eymi\u0173, toki\u0173 kaip \u012fbr\u0117\u017eimai ant cilindro ar jud\u0117jimo sutrikimai. Ankstyvas problem\u0173 nustatymas gali sutaupyti su dideliais remonto darbais susijusi\u0173 i\u0161laid\u0173 ir padidinti saugum\u0105 eksploatavimo metu.<\/p>\n<h3>Tinkamas tepimas<\/h3>\n<p>Tinkamas tepimas yra labai svarbus skland\u017eiam hidraulini\u0173 cilindr\u0173 veikimui. \u012esitikinkite, kad hidraulin\u0117 alyva yra \u0161vari ir pripildyta iki rekomenduojamo lygio. Reguliariai tikrinkite, ar n\u0117ra nuot\u0117ki\u0173, nes \u017eemas alyvos lygis gali suma\u017einti na\u0161um\u0105 ir padidinti cilindro komponent\u0173 susid\u0117v\u0117jim\u0105.<\/p>\n<h3>Tarpikli\u0173 keitimas ir kalibravimo patikrinimai<\/h3>\n<p>Svarbu reguliariai keisti sandariklius, kad b\u016bt\u0173 i\u0161vengta nuot\u0117ki\u0173 ir palaikomas hidraulinis sl\u0117gis. Reguliariai tikrinkite kalibravim\u0105, kad \u012fsitikintum\u0117te, jog cilindras veikia pagal nurodytus parametrus. Tinkamas kalibravimas gali pagerinti na\u0161um\u0105 ir pailginti hidraulinio cilindro tarnavimo laik\u0105.<\/p>\n<p><img decoding=\"async\" src=\"https:\/\/www.hydraulic-cylinders.net\/wp-content\/uploads\/2025\/04\/songte-chushion-collar.webp\" alt=\"Pagalv\u0117l\u0117s apykakl\u0117\" \/><\/p>\n<h2>Saugos aspektai ir aplinkos veiksniai<\/h2>\n<p>Dirbant su hidrauliniais cilindrais, itin svarbu \u012fgyvendinti saugos priemones. Operatoriai tur\u0117t\u0173 d\u0117v\u0117ti tinkamas apsaugines priemones ir b\u016bti apmokyti saugi\u0173 eksploatavimo proced\u016br\u0173. Reguliar\u016bs saugos auditai gali pad\u0117ti nustatyti galimus pavojus, susijusius su hidraulin\u0117mis sistemomis. U\u017etikrinus, kad visi komponentai b\u016bt\u0173 tinkamai pri\u017ei\u016brimi ir tinkamai veikt\u0173, dar labiau suma\u017e\u0117s rizika eksploatacijos metu.<\/p>\n<h2>Gedim\u0173 diagnostika ir da\u017eniausios problemos<\/h2>\n<ul>\n<li><strong>Skys\u010di\u0173 nuot\u0117kiai:<\/strong> Patikrinkite, ar n\u0117ra matom\u0173 nuot\u0117ki\u0173 aplink sandariklius ir jungtis. Skys\u010dio nuot\u0117kis gali sukelti sl\u0117gio kritim\u0105 ir suma\u017einti na\u0161um\u0105. Patikrinkite ir pakeiskite susid\u0117v\u0117jusius sandariklius arba priver\u017ekite jungtis, jei reikia.<\/li>\n<li><strong>Nenuoseklus cilindro jud\u0117jimas:<\/strong> Jei cilindras juda l\u0117tai arba tr\u016bk\u010dioja, tai gali rodyti or\u0105 hidraulin\u0117je sistemoje arba \u017eem\u0105 skys\u010dio lyg\u012f. I\u0161leiskite or\u0105 i\u0161 sistemos ir \u012fsitikinkite, kad skys\u010dio lygis yra tinkamas.<\/li>\n<li><strong>Perkaitimas:<\/strong> Per didelis kar\u0161tis gali b\u016bti skys\u010dio u\u017eter\u0161imo arba cilindro perkrovos po\u017eymis. Reguliariai tikrinkite hidraulinio skys\u010dio \u0161var\u0105 ir klampum\u0105.<\/li>\n<\/ul>\n<h2>Trik\u010di\u0173 \u0161alinimo patarimai<\/h2>\n<p>Nor\u0117dami efektyviai diagnozuoti ir i\u0161spr\u0119sti str\u0117l\u0117s cilindro problemas, vadovaukit\u0117s \u0161iais trik\u010di\u0173 \u0161alinimo patarimais. Prad\u0117kite nuo simptom\u0173 nustatymo ir atlikite i\u0161sam\u0173 vis\u0173 komponent\u0173 patikrinim\u0105. Nedelsdami pa\u0161alinkite visus nuot\u0117kius, nes to nepadarius, gali kilti rimtesni\u0173 problem\u0173. Jei cilindras turi susid\u0117v\u0117jimo ar pa\u017eeidimo po\u017eymi\u0173, apsvarstykite galimyb\u0119 j\u012f pakeisti, kad i\u0161laikytum\u0117te veikimo efektyvum\u0105.<\/p>\n<p>Prevencin\u0117s priemon\u0117s, tokios kaip reguliari technin\u0117 prie\u017ei\u016bra, tinkamo tepimo u\u017etikrinimas ir auk\u0161tos kokyb\u0117s hidraulinio skys\u010dio naudojimas, gali pad\u0117ti suma\u017einti galimas problemas. Taikydami proaktyv\u0173 po\u017ei\u016br\u012f, operatoriai gali prailginti str\u0117l\u0117s cilindro tarnavimo laik\u0105 ir pagerinti bendr\u0105 jo na\u0161um\u0105.<\/p>\n<p><img decoding=\"async\" src=\"https:\/\/www.hydraulic-cylinders.net\/wp-content\/uploads\/2025\/04\/songte-bushings-with-all-kinds-of-excavator-models.webp\" alt=\"Ekskavatoriaus \u012fvor\u0117s\" \/><\/p>\n<h2>\u012emon\u0117s ap\u017evalga<\/h2>\n<p>Esame pirmaujantis hidraulini\u0173 cilindr\u0173 gamintojas ir didmeninis platintojas, pripa\u017eintas d\u0117l plataus gamini\u0173 asortimento. M\u016bs\u0173 \u012fsipareigojimas siekti meistri\u0161kumo skatina mus taikyti industrializuotas gamybos valdymo strategijas, pasitelkiant pa\u017eangiausias technologijas ir kvalifikuotus darbuotojus. Nuolat tobuliname savo gamybos paj\u0117gumus, u\u017etikrindami, kad dideliu efektyvumu ir tikslumu patenkintume \u012fvairius klient\u0173 poreikius.<\/p>\n<p>M\u016bs\u0173 produktai gaminami laikantis grie\u017et\u0173 kokyb\u0117s kontrol\u0117s standart\u0173 ir atitinkan\u010di\u0173 tarptautinius sertifikatus. Si\u016blome individualiai pritaikytas paslaugas, kad patenkintume individualius klient\u0173 reikalavimus, u\u017etikrindami, kad kiekvienas produktas b\u016bt\u0173 pritaikytas optimaliam veikimui. Tur\u0117dami tvirt\u0105 garantinio aptarnavimo sistem\u0105, mes palaikome klientus per vis\u0105 j\u0173 produkto gyvavimo cikl\u0105, teikdami prie\u017ei\u016bros ir keitimo paslaugas, kad maksimaliai padidintume naudojim\u0105 ir suma\u017eintume prastovas.<\/p>\n<p><img decoding=\"async\" src=\"https:\/\/www.hydraulic-cylinders.net\/wp-content\/uploads\/2025\/04\/songte-company-4.webp\" alt=\"\u012emon\u0117s patalpos\" \/><br \/>\n<img decoding=\"async\" src=\"https:\/\/www.hydraulic-cylinders.net\/wp-content\/uploads\/2025\/04\/songte-company-3.webp\" alt=\"Gamybos procesas\" \/><\/p>\n<p>Autorius: lyl<\/p>","protected":false},"excerpt":{"rendered":"<p>Boom Cylinder For World Small Excavator W218 Product Overview The Boom Cylinder for the World Small Excavator W218 is a specialized hydraulic cylinder designed to control the movement of the bucket in various heavy machinery applications, including excavators, backhoe loaders, and front loaders. This hydraulic cylinder enables the bucket to lift, lower, and tilt, facilitating [&hellip;]<\/p>","protected":false},"featured_media":17871,"comment_status":"open","ping_status":"closed","template":"","meta":{"_et_pb_use_builder":"","_et_pb_old_content":"","_et_gb_content_width":""},"product_brand":[],"product_cat":[1546],"product_tag":[1547,1496],"class_list":{"0":"post-19457","1":"product","2":"type-product","3":"status-publish","4":"has-post-thumbnail","6":"product_cat-boom-cylinders","7":"product_tag-boom-cylinders","8":"product_tag-hydraulic-cylinders","10":"first","11":"instock","12":"shipping-taxable","13":"product-type-simple"},"amp_enabled":true,"_links":{"self":[{"href":"https:\/\/www.hydraulic-cylinders.net\/lt\/wp-json\/wp\/v2\/product\/19457","targetHints":{"allow":["GET"]}}],"collection":[{"href":"https:\/\/www.hydraulic-cylinders.net\/lt\/wp-json\/wp\/v2\/product"}],"about":[{"href":"https:\/\/www.hydraulic-cylinders.net\/lt\/wp-json\/wp\/v2\/types\/product"}],"replies":[{"embeddable":true,"href":"https:\/\/www.hydraulic-cylinders.net\/lt\/wp-json\/wp\/v2\/comments?post=19457"}],"wp:featuredmedia":[{"embeddable":true,"href":"https:\/\/www.hydraulic-cylinders.net\/lt\/wp-json\/wp\/v2\/media\/17871"}],"wp:attachment":[{"href":"https:\/\/www.hydraulic-cylinders.net\/lt\/wp-json\/wp\/v2\/media?parent=19457"}],"wp:term":[{"taxonomy":"product_brand","embeddable":true,"href":"https:\/\/www.hydraulic-cylinders.net\/lt\/wp-json\/wp\/v2\/product_brand?post=19457"},{"taxonomy":"product_cat","embeddable":true,"href":"https:\/\/www.hydraulic-cylinders.net\/lt\/wp-json\/wp\/v2\/product_cat?post=19457"},{"taxonomy":"product_tag","embeddable":true,"href":"https:\/\/www.hydraulic-cylinders.net\/lt\/wp-json\/wp\/v2\/product_tag?post=19457"}],"curies":[{"name":"wp","href":"https:\/\/api.w.org\/{rel}","templated":true}]}}